{"id":287995,"date":"2022-07-01T13:12:26","date_gmt":"2022-07-01T12:12:26","guid":{"rendered":"https:\/\/ecosupplements.be\/product\/multivitamines-a-base-de-plantes-90-gelules\/"},"modified":"2025-08-27T14:33:25","modified_gmt":"2025-08-27T13:33:25","slug":"multivitamines-a-base-de-plantes-90-gelules","status":"publish","type":"product","link":"https:\/\/ecosupplements.be\/fr\/produit\/multivitamines-a-base-de-plantes-90-gelules\/","title":{"rendered":"Multivitamines \u00e0 base de plantes &#8211; 90 g\u00e9lules"},"content":{"rendered":"<h1>Plant-Based Multivitamin \u200d- 90 vcaps<\/h1>\n<p>Le Plant-Based Multivitamin de Life Extension est un compl\u00e9ment alimentaire complet et \u00e9quilibr\u00e9 qui fournit une gamme compl\u00e8te de vitamines et de min\u00e9raux essentiels pour soutenir une sant\u00e9 optimale.\u2063 Cette formule unique est sp\u00e9cialement con\u00e7ue pour les \u200bpersonnes suivant un r\u00e9gime v\u00e9g\u00e9tarien ou v\u00e9g\u00e9talien, ainsi que \u2063pour celles qui cherchent \u00e0 augmenter leur consommation de nutriments \u200c\u00e0\u200c base de plantes.<\/p>\n<h2>Caract\u00e9ristiques sp\u00e9ciales:<\/h2>\n<ul>\n<li>Formule \u00e0 base de \u200cplantes: ce multivitamine \u200dest enti\u00e8rement compos\u00e9\u200b d&#8217;ingr\u00e9dients\u200d \u00e0\u200b base de plantes, ce qui \u2063en fait\u2064 un choix id\u00e9al pour les personnes suivant un\u200b r\u00e9gime v\u00e9g\u00e9tarien \u200dou v\u00e9g\u00e9talien.<\/li>\n<li>90 capsules v\u00e9g\u00e9tales:\u2064 chaque bouteille contient 90 capsules v\u00e9g\u00e9tales faciles \u00e0 \u200cavaler, ce qui \u00e9quivaut \u00e0 un approvisionnement de 30 jours.<\/li>\n<li>Formule compl\u00e8te: ce \u2064multivitamine fournit une gamme compl\u00e8te de\u200d vitamines et de min\u00e9raux essentiels, \u200dy compris les vitamines A, C, D, E, B-complexes,\u2063 ainsi que du calcium, du fer et du zinc.<\/li>\n<li>Qualit\u00e9 sup\u00e9rieure:\u2064 tous les ingr\u00e9dients sont soigneusement s\u00e9lectionn\u00e9s et test\u00e9s pour leur puret\u00e9 et leur efficacit\u00e9, afin de garantir un produit de qualit\u00e9 sup\u00e9rieure.<\/li>\n<\/ul>\n<h2>Ingr\u00e9dients cl\u00e9s:<\/h2>\n<ul>\n<li>Vitamine A: essentielle pour la sant\u00e9 des yeux, de\u200b la peau et du syst\u00e8me immunitaire.<\/li>\n<li>Vitamine C:\u2063 un antioxydant puissant qui soutient la sant\u00e9 immunitaire et aide \u00e0 la production de collag\u00e8ne pour \u200bune \u200bpeau saine.<\/li>\n<li>Vitamine D: importante pour la sant\u00e9 des os et des dents, ainsi que pour le syst\u00e8me immunitaire.<\/li>\n<li>Vitamine E: un antioxydant qui prot\u00e8ge les cellules contre les dommages caus\u00e9s par\u2063 les radicaux libres.<\/li>\n<li>Vitamines B-complexes: un groupe de vitamines qui\u200d jouent un r\u00f4le important dans la production d&#8217;\u00e9nergie et le \u2063maintien de la sant\u00e9 \u2062nerveuse\u200b et mentale.<\/li>\n<li>Calcium: essentiel \u200cpour la sant\u00e9 des os et des dents.<\/li>\n<li>Fer: important pour\u200b la production de globules\u200c rouges et le transport de l&#8217;oxyg\u00e8ne dans le\u2064 corps.<\/li>\n<li>Zinc: joue un r\u00f4le cl\u00e9 dans\u200b le syst\u00e8me immunitaire\u2064 et la sant\u00e9 de la peau.<\/li>\n<\/ul>\n<h2>Avantages uniques:<\/h2>\n<ul>\n<li>Facile \u00e0 dig\u00e9rer:\u200c les capsules v\u00e9g\u00e9tales sont faciles \u00e0 dig\u00e9rer et conviennent aux personnes ayant des sensibilit\u00e9s digestives.<\/li>\n<li>Sans OGM: \u2063ce produit est \u2064exempt d&#8217;ingr\u00e9dients g\u00e9n\u00e9tiquement modifi\u00e9s.<\/li>\n<li>Sans gluten: convient\u2064 aux personnes suivant un r\u00e9gime sans gluten.<\/li>\n<li>Sans colorants ni ar\u00f4mes artificiels: ce multivitamine est formul\u00e9 sans colorants ni ar\u00f4mes artificiels.<\/li>\n<\/ul>\n<p>Ajoutez\u200d le Plant-Based Multivitamin de Life Extension \u00e0 votre routine quotidienne pour vous assurer que votre corps re\u00e7oit tous les nutriments dont\u200c il a besoin pour fonctionner au mieux de sa forme. \u200cAvec sa formule \u00e0 base de plantes, sa qualit\u00e9 sup\u00e9rieure et sa gamme compl\u00e8te de vitamines et de min\u00e9raux essentiels, ce \u200bmultivitamine est un choix id\u00e9al pour soutenir\u200b une sant\u00e9 optimale.<\/p>\n","protected":false},"excerpt":{"rendered":"<p>Plant-Based Multivitamin \u200d- 90 vcaps Le Plant-Based Multivitamin de Life Extension est un compl\u00e9ment alimentaire complet et \u00e9quilibr\u00e9 qui fournit une gamme compl\u00e8te de vitamines et de min\u00e9raux essentiels pour soutenir une sant\u00e9 optimale.\u2063 Cette formule unique est sp\u00e9cialement con\u00e7ue pour les \u200bpersonnes suivant un r\u00e9gime v\u00e9g\u00e9tarien ou v\u00e9g\u00e9talien, ainsi que \u2063pour celles qui cherchent [&#8230;]\n","protected":false},"featured_media":259527,"comment_status":"open","ping_status":"open","template":"","meta":[],"product_brand":[4723],"product_cat":[5052,5053],"product_tag":[],"class_list":{"0":"post-287995","1":"product","2":"type-product","3":"status-publish","4":"has-post-thumbnail","6":"product_brand-life-extension-2","7":"product_cat-sante-et-bien-etre","8":"product_cat-vitamines-et-mineraux","10":"first","11":"instock","12":"taxable","13":"shipping-taxable","14":"purchasable","15":"product-type-simple"},"yoast_head":"<!-- This site is optimized with the Yoast SEO Premium plugin v27.3 (Yoast SEO v27.3) - https:\/\/yoast.com\/product\/yoast-seo-premium-wordpress\/ -->\n<title>Multivitamines \u00e0 base de plantes - 90 g\u00e9lules - ECO Supplements<\/title>\n<meta name=\"description\" content=\"Wij hebben een ruime keuze aan producten van Multivitamines \u00e0 base de plantes - 90 g\u00e9lules . Winkel bij Eco Supplements altijd gratis verzending boven 100\u20ac\" \/>\n<meta name=\"robots\" content=\"index, follow, max-snippet:-1, max-image-preview:large, max-video-preview:-1\" \/>\n<link rel=\"canonical\" href=\"https:\/\/ecosupplements.be\/fr\/produit\/multivitamines-a-base-de-plantes-90-gelules\/\" \/>\n<meta property=\"og:locale\" content=\"fr_FR\" \/>\n<meta property=\"og:type\" content=\"article\" \/>\n<meta property=\"og:title\" content=\"Multivitamines \u00e0 base de plantes - 90 g\u00e9lules\" \/>\n<meta property=\"og:description\" content=\"Wij hebben een ruime keuze aan producten van Multivitamines \u00e0 base de plantes - 90 g\u00e9lules . Winkel bij Eco Supplements altijd gratis verzending boven 100\u20ac\" \/>\n<meta property=\"og:url\" content=\"https:\/\/ecosupplements.be\/fr\/produit\/multivitamines-a-base-de-plantes-90-gelules\/\" \/>\n<meta property=\"og:site_name\" content=\"ECO Supplements\" \/>\n<meta property=\"article:modified_time\" content=\"2025-08-27T13:33:25+00:00\" \/>\n<meta property=\"og:image\" content=\"https:\/\/ecosupplements.be\/wp-content\/uploads\/2025\/08\/Plant-Based-Multivitamin-90-vcaps-1.jpg\" \/>\n\t<meta property=\"og:image:width\" content=\"314\" \/>\n\t<meta property=\"og:image:height\" content=\"600\" \/>\n\t<meta property=\"og:image:type\" content=\"image\/jpeg\" \/>\n<meta name=\"twitter:card\" content=\"summary_large_image\" \/>\n<meta name=\"twitter:label1\" content=\"Prix\" \/>\n\t<meta name=\"twitter:data1\" content=\"48.18&nbsp;&euro;\" \/>\n\t<meta name=\"twitter:label2\" content=\"Disponibilit\u00e9\" \/>\n\t<meta name=\"twitter:data2\" content=\"En stock\" \/>\n<script type=\"application\/ld+json\" class=\"yoast-schema-graph\">{\"@context\":\"https:\\\/\\\/schema.org\",\"@graph\":[{\"@type\":[\"WebPage\",\"ItemPage\"],\"@id\":\"https:\\\/\\\/ecosupplements.be\\\/fr\\\/produit\\\/multivitamines-a-base-de-plantes-90-gelules\\\/\",\"url\":\"https:\\\/\\\/ecosupplements.be\\\/fr\\\/produit\\\/multivitamines-a-base-de-plantes-90-gelules\\\/\",\"name\":\"Multivitamines \u00e0 base de plantes - 90 g\u00e9lules - ECO Supplements\",\"isPartOf\":{\"@id\":\"https:\\\/\\\/ecosupplements.be\\\/fr\\\/#website\"},\"primaryImageOfPage\":{\"@id\":\"https:\\\/\\\/ecosupplements.be\\\/fr\\\/produit\\\/multivitamines-a-base-de-plantes-90-gelules\\\/#primaryimage\"},\"image\":{\"@id\":\"https:\\\/\\\/ecosupplements.be\\\/fr\\\/produit\\\/multivitamines-a-base-de-plantes-90-gelules\\\/#primaryimage\"},\"thumbnailUrl\":\"https:\\\/\\\/ecosupplements.be\\\/wp-content\\\/uploads\\\/2025\\\/08\\\/Plant-Based-Multivitamin-90-vcaps.jpg\",\"datePublished\":\"2022-07-01T12:12:26+00:00\",\"dateModified\":\"2025-08-27T13:33:25+00:00\",\"description\":\"Wij hebben een ruime keuze aan producten van Multivitamines \u00e0 base de plantes - 90 g\u00e9lules . Winkel bij Eco Supplements altijd gratis verzending boven 100\u20ac\",\"breadcrumb\":{\"@id\":\"https:\\\/\\\/ecosupplements.be\\\/fr\\\/produit\\\/multivitamines-a-base-de-plantes-90-gelules\\\/#breadcrumb\"},\"inLanguage\":\"fr-FR\",\"potentialAction\":[{\"@type\":\"ReadAction\",\"target\":[\"https:\\\/\\\/ecosupplements.be\\\/fr\\\/produit\\\/multivitamines-a-base-de-plantes-90-gelules\\\/\"]}]},{\"@type\":\"ImageObject\",\"inLanguage\":\"fr-FR\",\"@id\":\"https:\\\/\\\/ecosupplements.be\\\/fr\\\/produit\\\/multivitamines-a-base-de-plantes-90-gelules\\\/#primaryimage\",\"url\":\"https:\\\/\\\/ecosupplements.be\\\/wp-content\\\/uploads\\\/2025\\\/08\\\/Plant-Based-Multivitamin-90-vcaps.jpg\",\"contentUrl\":\"https:\\\/\\\/ecosupplements.be\\\/wp-content\\\/uploads\\\/2025\\\/08\\\/Plant-Based-Multivitamin-90-vcaps.jpg\",\"width\":314,\"height\":600},{\"@type\":\"BreadcrumbList\",\"@id\":\"https:\\\/\\\/ecosupplements.be\\\/fr\\\/produit\\\/multivitamines-a-base-de-plantes-90-gelules\\\/#breadcrumb\",\"itemListElement\":[{\"@type\":\"ListItem\",\"position\":1,\"name\":\"Home\",\"item\":\"https:\\\/\\\/ecosupplements.be\\\/fr\\\/\"},{\"@type\":\"ListItem\",\"position\":2,\"name\":\"Boutique\",\"item\":\"https:\\\/\\\/ecosupplements.be\\\/fr\\\/boutique\\\/\"},{\"@type\":\"ListItem\",\"position\":3,\"name\":\"Multivitamines \u00e0 base de plantes &#8211; 90 g\u00e9lules\"}]},{\"@type\":\"WebSite\",\"@id\":\"https:\\\/\\\/ecosupplements.be\\\/fr\\\/#website\",\"url\":\"https:\\\/\\\/ecosupplements.be\\\/fr\\\/\",\"name\":\"ECO Supplements\",\"description\":\"Eco Supplements - Gezonde supplementen\",\"publisher\":{\"@id\":\"https:\\\/\\\/ecosupplements.be\\\/fr\\\/#organization\"},\"potentialAction\":[{\"@type\":\"SearchAction\",\"target\":{\"@type\":\"EntryPoint\",\"urlTemplate\":\"https:\\\/\\\/ecosupplements.be\\\/fr\\\/?s={search_term_string}\"},\"query-input\":{\"@type\":\"PropertyValueSpecification\",\"valueRequired\":true,\"valueName\":\"search_term_string\"}}],\"inLanguage\":\"fr-FR\"},{\"@type\":\"Organization\",\"@id\":\"https:\\\/\\\/ecosupplements.be\\\/fr\\\/#organization\",\"name\":\"Eco Supplements\",\"url\":\"https:\\\/\\\/ecosupplements.be\\\/fr\\\/\",\"logo\":{\"@type\":\"ImageObject\",\"inLanguage\":\"fr-FR\",\"@id\":\"https:\\\/\\\/ecosupplements.be\\\/fr\\\/#\\\/schema\\\/logo\\\/image\\\/\",\"url\":\"https:\\\/\\\/ecosupplements.be\\\/wp-content\\\/uploads\\\/2022\\\/06\\\/ecosupplement-family.png\",\"contentUrl\":\"https:\\\/\\\/ecosupplements.be\\\/wp-content\\\/uploads\\\/2022\\\/06\\\/ecosupplement-family.png\",\"width\":593,\"height\":374,\"caption\":\"Eco Supplements\"},\"image\":{\"@id\":\"https:\\\/\\\/ecosupplements.be\\\/fr\\\/#\\\/schema\\\/logo\\\/image\\\/\"}}]}<\/script>\n<meta property=\"product:brand\" content=\"Life Extension\" \/>\n<meta property=\"product:price:amount\" content=\"48.18\" \/>\n<meta property=\"product:price:currency\" content=\"EUR\" \/>\n<meta property=\"og:availability\" content=\"instock\" \/>\n<meta property=\"product:availability\" content=\"instock\" \/>\n<meta property=\"product:retailer_item_id\" content=\"737870242895\" \/>\n<meta property=\"product:condition\" content=\"new\" \/>\n<!-- \/ Yoast SEO Premium plugin. -->","yoast_head_json":{"title":"Multivitamines \u00e0 base de plantes - 90 g\u00e9lules - ECO Supplements","description":"Wij hebben een ruime keuze aan producten van Multivitamines \u00e0 base de plantes - 90 g\u00e9lules . Winkel bij Eco Supplements altijd gratis verzending boven 100\u20ac","robots":{"index":"index","follow":"follow","max-snippet":"max-snippet:-1","max-image-preview":"max-image-preview:large","max-video-preview":"max-video-preview:-1"},"canonical":"https:\/\/ecosupplements.be\/fr\/produit\/multivitamines-a-base-de-plantes-90-gelules\/","og_locale":"fr_FR","og_type":"article","og_title":"Multivitamines \u00e0 base de plantes - 90 g\u00e9lules","og_description":"Wij hebben een ruime keuze aan producten van Multivitamines \u00e0 base de plantes - 90 g\u00e9lules . Winkel bij Eco Supplements altijd gratis verzending boven 100\u20ac","og_url":"https:\/\/ecosupplements.be\/fr\/produit\/multivitamines-a-base-de-plantes-90-gelules\/","og_site_name":"ECO Supplements","article_modified_time":"2025-08-27T13:33:25+00:00","og_image":[{"width":314,"height":600,"url":"https:\/\/ecosupplements.be\/wp-content\/uploads\/2025\/08\/Plant-Based-Multivitamin-90-vcaps-1.jpg","type":"image\/jpeg"}],"twitter_card":"summary_large_image","twitter_misc":{"Prix":"48.18&nbsp;&euro;","Disponibilit\u00e9":"En stock"},"schema":{"@context":"https:\/\/schema.org","@graph":[{"@type":["WebPage","ItemPage"],"@id":"https:\/\/ecosupplements.be\/fr\/produit\/multivitamines-a-base-de-plantes-90-gelules\/","url":"https:\/\/ecosupplements.be\/fr\/produit\/multivitamines-a-base-de-plantes-90-gelules\/","name":"Multivitamines \u00e0 base de plantes - 90 g\u00e9lules - ECO Supplements","isPartOf":{"@id":"https:\/\/ecosupplements.be\/fr\/#website"},"primaryImageOfPage":{"@id":"https:\/\/ecosupplements.be\/fr\/produit\/multivitamines-a-base-de-plantes-90-gelules\/#primaryimage"},"image":{"@id":"https:\/\/ecosupplements.be\/fr\/produit\/multivitamines-a-base-de-plantes-90-gelules\/#primaryimage"},"thumbnailUrl":"https:\/\/ecosupplements.be\/wp-content\/uploads\/2025\/08\/Plant-Based-Multivitamin-90-vcaps.jpg","datePublished":"2022-07-01T12:12:26+00:00","dateModified":"2025-08-27T13:33:25+00:00","description":"Wij hebben een ruime keuze aan producten van Multivitamines \u00e0 base de plantes - 90 g\u00e9lules . Winkel bij Eco Supplements altijd gratis verzending boven 100\u20ac","breadcrumb":{"@id":"https:\/\/ecosupplements.be\/fr\/produit\/multivitamines-a-base-de-plantes-90-gelules\/#breadcrumb"},"inLanguage":"fr-FR","potentialAction":[{"@type":"ReadAction","target":["https:\/\/ecosupplements.be\/fr\/produit\/multivitamines-a-base-de-plantes-90-gelules\/"]}]},{"@type":"ImageObject","inLanguage":"fr-FR","@id":"https:\/\/ecosupplements.be\/fr\/produit\/multivitamines-a-base-de-plantes-90-gelules\/#primaryimage","url":"https:\/\/ecosupplements.be\/wp-content\/uploads\/2025\/08\/Plant-Based-Multivitamin-90-vcaps.jpg","contentUrl":"https:\/\/ecosupplements.be\/wp-content\/uploads\/2025\/08\/Plant-Based-Multivitamin-90-vcaps.jpg","width":314,"height":600},{"@type":"BreadcrumbList","@id":"https:\/\/ecosupplements.be\/fr\/produit\/multivitamines-a-base-de-plantes-90-gelules\/#breadcrumb","itemListElement":[{"@type":"ListItem","position":1,"name":"Home","item":"https:\/\/ecosupplements.be\/fr\/"},{"@type":"ListItem","position":2,"name":"Boutique","item":"https:\/\/ecosupplements.be\/fr\/boutique\/"},{"@type":"ListItem","position":3,"name":"Multivitamines \u00e0 base de plantes &#8211; 90 g\u00e9lules"}]},{"@type":"WebSite","@id":"https:\/\/ecosupplements.be\/fr\/#website","url":"https:\/\/ecosupplements.be\/fr\/","name":"ECO Supplements","description":"Eco Supplements - Gezonde supplementen","publisher":{"@id":"https:\/\/ecosupplements.be\/fr\/#organization"},"potentialAction":[{"@type":"SearchAction","target":{"@type":"EntryPoint","urlTemplate":"https:\/\/ecosupplements.be\/fr\/?s={search_term_string}"},"query-input":{"@type":"PropertyValueSpecification","valueRequired":true,"valueName":"search_term_string"}}],"inLanguage":"fr-FR"},{"@type":"Organization","@id":"https:\/\/ecosupplements.be\/fr\/#organization","name":"Eco Supplements","url":"https:\/\/ecosupplements.be\/fr\/","logo":{"@type":"ImageObject","inLanguage":"fr-FR","@id":"https:\/\/ecosupplements.be\/fr\/#\/schema\/logo\/image\/","url":"https:\/\/ecosupplements.be\/wp-content\/uploads\/2022\/06\/ecosupplement-family.png","contentUrl":"https:\/\/ecosupplements.be\/wp-content\/uploads\/2022\/06\/ecosupplement-family.png","width":593,"height":374,"caption":"Eco Supplements"},"image":{"@id":"https:\/\/ecosupplements.be\/fr\/#\/schema\/logo\/image\/"}}]},"product_brand":"Life Extension","product_price_amount":"48.18","product_price_currency":"EUR","og_availability":"instock","product_availability":"instock","product_retailer_item_id":"737870242895","product_condition":"new"},"_links":{"self":[{"href":"https:\/\/ecosupplements.be\/fr\/wp-json\/wp\/v2\/product\/287995","targetHints":{"allow":["GET"]}}],"collection":[{"href":"https:\/\/ecosupplements.be\/fr\/wp-json\/wp\/v2\/product"}],"about":[{"href":"https:\/\/ecosupplements.be\/fr\/wp-json\/wp\/v2\/types\/product"}],"replies":[{"embeddable":true,"href":"https:\/\/ecosupplements.be\/fr\/wp-json\/wp\/v2\/comments?post=287995"}],"wp:featuredmedia":[{"embeddable":true,"href":"https:\/\/ecosupplements.be\/fr\/wp-json\/wp\/v2\/media\/259527"}],"wp:attachment":[{"href":"https:\/\/ecosupplements.be\/fr\/wp-json\/wp\/v2\/media?parent=287995"}],"wp:term":[{"taxonomy":"product_brand","embeddable":true,"href":"https:\/\/ecosupplements.be\/fr\/wp-json\/wp\/v2\/product_brand?post=287995"},{"taxonomy":"product_cat","embeddable":true,"href":"https:\/\/ecosupplements.be\/fr\/wp-json\/wp\/v2\/product_cat?post=287995"},{"taxonomy":"product_tag","embeddable":true,"href":"https:\/\/ecosupplements.be\/fr\/wp-json\/wp\/v2\/product_tag?post=287995"}],"curies":[{"name":"wp","href":"https:\/\/api.w.org\/{rel}","templated":true}]}}