{"id":288010,"date":"2022-06-28T10:18:01","date_gmt":"2022-06-28T09:18:01","guid":{"rendered":"https:\/\/ecosupplements.be\/product\/super-omega-3-epa-dha-avec-lignanes-de-sesame-et-extrait-dolive-60-gelules-enteriques-enrobees\/"},"modified":"2025-08-27T14:33:38","modified_gmt":"2025-08-27T13:33:38","slug":"super-omega-3-epa-dha-avec-lignanes-de-sesame-et-extrait-dolive-60-gelules-enteriques-enrobees","status":"publish","type":"product","link":"https:\/\/ecosupplements.be\/fr\/produit\/super-omega-3-epa-dha-avec-lignanes-de-sesame-et-extrait-dolive-60-gelules-enteriques-enrobees\/","title":{"rendered":"Super Om\u00e9ga-3 EPA\/DHA avec Lignanes de S\u00e9same et Extrait d&#8217;Olive &#8211; 60 g\u00e9lules ent\u00e9riques enrob\u00e9es"},"content":{"rendered":"<h1>Super Omega-3 EPA\/DHA with Sesame Lignans &#038; Olive Extract\u2062 &#8211; 60 enteric coated softgels<\/h1>\n<p>Les acides gras om\u00e9ga-3 sont essentiels pour une bonne sant\u00e9, mais \u2064notre corps ne peut pas les produire naturellement. C&#8217;est pourquoi il est important de les obtenir \u00e0 \u200cpartir de sources externes, telles que les suppl\u00e9ments alimentaires. Le Super Omega-3 EPA\/DHA with Sesame Lignans &#038; Olive Extract de Life Extension est un\u200c compl\u00e9ment alimentaire hautement concentr\u00e9 en acides gras om\u00e9ga-3, con\u00e7u \u2062pour soutenir la sant\u00e9 cardiovasculaire, c\u00e9r\u00e9brale et articulaire.<\/p>\n<h2>Caract\u00e9ristiques\u2063 sp\u00e9ciales:<\/h2>\n<ul>\n<li>Contient 1200 mg d&#8217;acides gras om\u00e9ga-3 par portion<\/li>\n<li>Enrichi en lignanes de s\u00e9same et en \u2064extrait \u200cd&#8217;olive pour une meilleure absorption<\/li>\n<li>Formule enteric coated pour une lib\u00e9ration cibl\u00e9e dans l&#8217;intestin<\/li>\n<li>Produit de qualit\u00e9 sup\u00e9rieure fabriqu\u00e9 aux \u00c9tats-Unis<\/li>\n<\/ul>\n<h2>Ingr\u00e9dients cl\u00e9s:<\/h2>\n<p>Ce compl\u00e9ment alimentaire contient une\u2062 combinaison unique d&#8217;acides gras om\u00e9ga-3, de lignanes de s\u00e9same et d&#8217;extrait \u200dd&#8217;olive pour une \u2064efficacit\u00e9 maximale. Les acides gras \u2063om\u00e9ga-3 sont extraits de poissons sauvages tels que le saumon, \u2064le maquereau et le hareng, \u2062et\u2062 sont connus pour leurs bienfaits pour la sant\u00e9 cardiovasculaire\u200c et c\u00e9r\u00e9brale. Les lignanes \u200dde s\u00e9same et l&#8217;extrait d&#8217;olive aident \u00e0 am\u00e9liorer \u200cl&#8217;absorption des acides gras om\u00e9ga-3 dans le\u200b corps, ce qui \u200den fait un compl\u00e9ment \u2062alimentaire puissant et efficace.<\/p>\n<h2>Avantages uniques:<\/h2>\n<ul>\n<li>Soutient la sant\u00e9 cardiovasculaire en r\u00e9duisant le \u200dtaux de cholest\u00e9rol et en am\u00e9liorant \u2063la circulation sanguine<\/li>\n<li>Contribue \u00e0 une fonction c\u00e9r\u00e9brale optimale en favorisant la sant\u00e9 des cellules nerveuses \u2063et en am\u00e9liorant la m\u00e9moire et la concentration<\/li>\n<li>Prot\u00e8ge les articulations en r\u00e9duisant l&#8217;inflammation et en am\u00e9liorant la mobilit\u00e9<\/li>\n<li>Renforce le\u2062 syst\u00e8me immunitaire en r\u00e9duisant l&#8217;inflammation et\u200b en favorisant la sant\u00e9 des\u2064 cellules immunitaires<\/li>\n<\/ul>\n<h2>Mode d&#8217;emploi:<\/h2>\n<p>Prenez deux softgels par jour avec un repas, ou selon les recommandations d&#8217;un professionnel de \u200dla sant\u00e9. Pour une absorption optimale, il \u2062est recommand\u00e9 de prendre ce compl\u00e9ment alimentaire avec un repas contenant des graisses alimentaires.<\/p>\n<p>Ne pas \u200cd\u00e9passer la \u200bdose recommand\u00e9e. Tenir hors de port\u00e9e des enfants. Consultez votre m\u00e9decin\u2062 avant de prendre ce \u2064compl\u00e9ment \u2063alimentaire si vous \u00eates enceinte, allaitez ou si vous prenez des \u2063m\u00e9dicaments.<\/p>\n<p>Offrez \u00e0 votre \u2064corps les bienfaits des acides \u200cgras om\u00e9ga-3\u2062 avec le Super Omega-3 EPA\/DHA with Sesame Lignans &#038; Olive Extract de Life Extension. Commandez d\u00e8s maintenant\u200b et profitez\u2062 d&#8217;une meilleure sant\u00e9 cardiovasculaire, c\u00e9r\u00e9brale et articulaire.<\/p>\n","protected":false},"excerpt":{"rendered":"<p>Super Omega-3 EPA\/DHA with Sesame Lignans &#038; Olive Extract\u2062 &#8211; 60 enteric coated softgels Les acides gras om\u00e9ga-3 sont essentiels pour une bonne sant\u00e9, mais \u2064notre corps ne peut pas les produire naturellement. C&#8217;est pourquoi il est important de les obtenir \u00e0 \u200cpartir de sources externes, telles que les suppl\u00e9ments alimentaires. Le Super Omega-3 EPA\/DHA [&#8230;]\n","protected":false},"featured_media":247880,"comment_status":"open","ping_status":"open","template":"","meta":[],"product_brand":[4723],"product_cat":[5102,5082,5052,5053],"product_tag":[],"class_list":{"0":"post-288010","1":"product","2":"type-product","3":"status-publish","4":"has-post-thumbnail","6":"product_brand-life-extension-2","7":"product_cat-omega-et-huile-de-poisson","8":"product_cat-omegas-efa-cla-huiles","9":"product_cat-sante-et-bien-etre","10":"product_cat-vitamines-et-mineraux","12":"first","13":"instock","14":"taxable","15":"shipping-taxable","16":"purchasable","17":"product-type-simple"},"yoast_head":"<!-- This site is optimized with the Yoast SEO Premium plugin v27.3 (Yoast SEO v27.3) - https:\/\/yoast.com\/product\/yoast-seo-premium-wordpress\/ -->\n<title>Super Om\u00e9ga-3 EPA\/DHA avec Lignanes de S\u00e9same et Extrait d&#039;Olive - 60 g\u00e9lules ent\u00e9riques enrob\u00e9es - ECO Supplements<\/title>\n<meta name=\"description\" content=\"Wij hebben een ruime keuze aan producten van Super Om\u00e9ga-3 EPA\/DHA avec Lignanes de S\u00e9same et Extrait d&#039;Olive - 60 g\u00e9lules ent\u00e9riques enrob\u00e9es . Winkel bij Eco Supplements altijd gratis verzending boven 100\u20ac\" \/>\n<meta name=\"robots\" content=\"index, follow, max-snippet:-1, max-image-preview:large, max-video-preview:-1\" \/>\n<link rel=\"canonical\" href=\"https:\/\/ecosupplements.be\/fr\/produit\/super-omega-3-epa-dha-avec-lignanes-de-sesame-et-extrait-dolive-60-gelules-enteriques-enrobees\/\" \/>\n<meta property=\"og:locale\" content=\"fr_FR\" \/>\n<meta property=\"og:type\" content=\"article\" \/>\n<meta property=\"og:title\" content=\"Super Om\u00e9ga-3 EPA\/DHA avec Lignanes de S\u00e9same et Extrait d&#039;Olive - 60 g\u00e9lules ent\u00e9riques enrob\u00e9es\" \/>\n<meta property=\"og:description\" content=\"Wij hebben een ruime keuze aan producten van Super Om\u00e9ga-3 EPA\/DHA avec Lignanes de S\u00e9same et Extrait d&#039;Olive - 60 g\u00e9lules ent\u00e9riques enrob\u00e9es . Winkel bij Eco Supplements altijd gratis verzending boven 100\u20ac\" \/>\n<meta property=\"og:url\" content=\"https:\/\/ecosupplements.be\/fr\/produit\/super-omega-3-epa-dha-avec-lignanes-de-sesame-et-extrait-dolive-60-gelules-enteriques-enrobees\/\" \/>\n<meta property=\"og:site_name\" content=\"ECO Supplements\" \/>\n<meta property=\"article:modified_time\" content=\"2025-08-27T13:33:38+00:00\" \/>\n<meta property=\"og:image\" content=\"https:\/\/ecosupplements.be\/wp-content\/uploads\/2025\/08\/Super-Omega-3-EPADHA-with-Sesame-Lignans-Olive-Extract-60-enteric-coated-softgels.jpg\" \/>\n\t<meta property=\"og:image:width\" content=\"314\" \/>\n\t<meta property=\"og:image:height\" content=\"600\" \/>\n\t<meta property=\"og:image:type\" content=\"image\/jpeg\" \/>\n<meta name=\"twitter:card\" content=\"summary_large_image\" \/>\n<meta name=\"twitter:label1\" content=\"Prix\" \/>\n\t<meta name=\"twitter:data1\" content=\"26.61&nbsp;&euro;\" \/>\n\t<meta name=\"twitter:label2\" content=\"Disponibilit\u00e9\" \/>\n\t<meta name=\"twitter:data2\" content=\"En stock\" \/>\n<script type=\"application\/ld+json\" class=\"yoast-schema-graph\">{\"@context\":\"https:\\\/\\\/schema.org\",\"@graph\":[{\"@type\":[\"WebPage\",\"ItemPage\"],\"@id\":\"https:\\\/\\\/ecosupplements.be\\\/fr\\\/produit\\\/super-omega-3-epa-dha-avec-lignanes-de-sesame-et-extrait-dolive-60-gelules-enteriques-enrobees\\\/\",\"url\":\"https:\\\/\\\/ecosupplements.be\\\/fr\\\/produit\\\/super-omega-3-epa-dha-avec-lignanes-de-sesame-et-extrait-dolive-60-gelules-enteriques-enrobees\\\/\",\"name\":\"Super Om\u00e9ga-3 EPA\\\/DHA avec Lignanes de S\u00e9same et Extrait d'Olive - 60 g\u00e9lules ent\u00e9riques enrob\u00e9es - ECO Supplements\",\"isPartOf\":{\"@id\":\"https:\\\/\\\/ecosupplements.be\\\/fr\\\/#website\"},\"primaryImageOfPage\":{\"@id\":\"https:\\\/\\\/ecosupplements.be\\\/fr\\\/produit\\\/super-omega-3-epa-dha-avec-lignanes-de-sesame-et-extrait-dolive-60-gelules-enteriques-enrobees\\\/#primaryimage\"},\"image\":{\"@id\":\"https:\\\/\\\/ecosupplements.be\\\/fr\\\/produit\\\/super-omega-3-epa-dha-avec-lignanes-de-sesame-et-extrait-dolive-60-gelules-enteriques-enrobees\\\/#primaryimage\"},\"thumbnailUrl\":\"https:\\\/\\\/ecosupplements.be\\\/wp-content\\\/uploads\\\/2025\\\/08\\\/Life-Extension-Super-Omega-3-EPADHA-with-Sesame-Lignans-Olive-Extract-60-enteric-coated-softgels.jpg\",\"datePublished\":\"2022-06-28T09:18:01+00:00\",\"dateModified\":\"2025-08-27T13:33:38+00:00\",\"description\":\"Wij hebben een ruime keuze aan producten van Super Om\u00e9ga-3 EPA\\\/DHA avec Lignanes de S\u00e9same et Extrait d'Olive - 60 g\u00e9lules ent\u00e9riques enrob\u00e9es . Winkel bij Eco Supplements altijd gratis verzending boven 100\u20ac\",\"breadcrumb\":{\"@id\":\"https:\\\/\\\/ecosupplements.be\\\/fr\\\/produit\\\/super-omega-3-epa-dha-avec-lignanes-de-sesame-et-extrait-dolive-60-gelules-enteriques-enrobees\\\/#breadcrumb\"},\"inLanguage\":\"fr-FR\",\"potentialAction\":[{\"@type\":\"ReadAction\",\"target\":[\"https:\\\/\\\/ecosupplements.be\\\/fr\\\/produit\\\/super-omega-3-epa-dha-avec-lignanes-de-sesame-et-extrait-dolive-60-gelules-enteriques-enrobees\\\/\"]}]},{\"@type\":\"ImageObject\",\"inLanguage\":\"fr-FR\",\"@id\":\"https:\\\/\\\/ecosupplements.be\\\/fr\\\/produit\\\/super-omega-3-epa-dha-avec-lignanes-de-sesame-et-extrait-dolive-60-gelules-enteriques-enrobees\\\/#primaryimage\",\"url\":\"https:\\\/\\\/ecosupplements.be\\\/wp-content\\\/uploads\\\/2025\\\/08\\\/Life-Extension-Super-Omega-3-EPADHA-with-Sesame-Lignans-Olive-Extract-60-enteric-coated-softgels.jpg\",\"contentUrl\":\"https:\\\/\\\/ecosupplements.be\\\/wp-content\\\/uploads\\\/2025\\\/08\\\/Life-Extension-Super-Omega-3-EPADHA-with-Sesame-Lignans-Olive-Extract-60-enteric-coated-softgels.jpg\",\"width\":750,\"height\":750},{\"@type\":\"BreadcrumbList\",\"@id\":\"https:\\\/\\\/ecosupplements.be\\\/fr\\\/produit\\\/super-omega-3-epa-dha-avec-lignanes-de-sesame-et-extrait-dolive-60-gelules-enteriques-enrobees\\\/#breadcrumb\",\"itemListElement\":[{\"@type\":\"ListItem\",\"position\":1,\"name\":\"Home\",\"item\":\"https:\\\/\\\/ecosupplements.be\\\/fr\\\/\"},{\"@type\":\"ListItem\",\"position\":2,\"name\":\"Boutique\",\"item\":\"https:\\\/\\\/ecosupplements.be\\\/fr\\\/boutique\\\/\"},{\"@type\":\"ListItem\",\"position\":3,\"name\":\"Super Om\u00e9ga-3 EPA\\\/DHA avec Lignanes de S\u00e9same et Extrait d&#8217;Olive &#8211; 60 g\u00e9lules ent\u00e9riques enrob\u00e9es\"}]},{\"@type\":\"WebSite\",\"@id\":\"https:\\\/\\\/ecosupplements.be\\\/fr\\\/#website\",\"url\":\"https:\\\/\\\/ecosupplements.be\\\/fr\\\/\",\"name\":\"ECO Supplements\",\"description\":\"Eco Supplements - Gezonde supplementen\",\"publisher\":{\"@id\":\"https:\\\/\\\/ecosupplements.be\\\/fr\\\/#organization\"},\"potentialAction\":[{\"@type\":\"SearchAction\",\"target\":{\"@type\":\"EntryPoint\",\"urlTemplate\":\"https:\\\/\\\/ecosupplements.be\\\/fr\\\/?s={search_term_string}\"},\"query-input\":{\"@type\":\"PropertyValueSpecification\",\"valueRequired\":true,\"valueName\":\"search_term_string\"}}],\"inLanguage\":\"fr-FR\"},{\"@type\":\"Organization\",\"@id\":\"https:\\\/\\\/ecosupplements.be\\\/fr\\\/#organization\",\"name\":\"Eco Supplements\",\"url\":\"https:\\\/\\\/ecosupplements.be\\\/fr\\\/\",\"logo\":{\"@type\":\"ImageObject\",\"inLanguage\":\"fr-FR\",\"@id\":\"https:\\\/\\\/ecosupplements.be\\\/fr\\\/#\\\/schema\\\/logo\\\/image\\\/\",\"url\":\"https:\\\/\\\/ecosupplements.be\\\/wp-content\\\/uploads\\\/2022\\\/06\\\/ecosupplement-family.png\",\"contentUrl\":\"https:\\\/\\\/ecosupplements.be\\\/wp-content\\\/uploads\\\/2022\\\/06\\\/ecosupplement-family.png\",\"width\":593,\"height\":374,\"caption\":\"Eco Supplements\"},\"image\":{\"@id\":\"https:\\\/\\\/ecosupplements.be\\\/fr\\\/#\\\/schema\\\/logo\\\/image\\\/\"}}]}<\/script>\n<meta property=\"product:brand\" content=\"Life Extension\" \/>\n<meta property=\"product:price:amount\" content=\"26.61\" \/>\n<meta property=\"product:price:currency\" content=\"EUR\" \/>\n<meta property=\"og:availability\" content=\"instock\" \/>\n<meta property=\"product:availability\" content=\"instock\" \/>\n<meta property=\"product:retailer_item_id\" content=\"737870198567\" \/>\n<meta property=\"product:condition\" content=\"new\" \/>\n<!-- \/ Yoast SEO Premium plugin. -->","yoast_head_json":{"title":"Super Om\u00e9ga-3 EPA\/DHA avec Lignanes de S\u00e9same et Extrait d'Olive - 60 g\u00e9lules ent\u00e9riques enrob\u00e9es - ECO Supplements","description":"Wij hebben een ruime keuze aan producten van Super Om\u00e9ga-3 EPA\/DHA avec Lignanes de S\u00e9same et Extrait d'Olive - 60 g\u00e9lules ent\u00e9riques enrob\u00e9es . Winkel bij Eco Supplements altijd gratis verzending boven 100\u20ac","robots":{"index":"index","follow":"follow","max-snippet":"max-snippet:-1","max-image-preview":"max-image-preview:large","max-video-preview":"max-video-preview:-1"},"canonical":"https:\/\/ecosupplements.be\/fr\/produit\/super-omega-3-epa-dha-avec-lignanes-de-sesame-et-extrait-dolive-60-gelules-enteriques-enrobees\/","og_locale":"fr_FR","og_type":"article","og_title":"Super Om\u00e9ga-3 EPA\/DHA avec Lignanes de S\u00e9same et Extrait d'Olive - 60 g\u00e9lules ent\u00e9riques enrob\u00e9es","og_description":"Wij hebben een ruime keuze aan producten van Super Om\u00e9ga-3 EPA\/DHA avec Lignanes de S\u00e9same et Extrait d'Olive - 60 g\u00e9lules ent\u00e9riques enrob\u00e9es . Winkel bij Eco Supplements altijd gratis verzending boven 100\u20ac","og_url":"https:\/\/ecosupplements.be\/fr\/produit\/super-omega-3-epa-dha-avec-lignanes-de-sesame-et-extrait-dolive-60-gelules-enteriques-enrobees\/","og_site_name":"ECO Supplements","article_modified_time":"2025-08-27T13:33:38+00:00","og_image":[{"width":314,"height":600,"url":"https:\/\/ecosupplements.be\/wp-content\/uploads\/2025\/08\/Super-Omega-3-EPADHA-with-Sesame-Lignans-Olive-Extract-60-enteric-coated-softgels.jpg","type":"image\/jpeg"}],"twitter_card":"summary_large_image","twitter_misc":{"Prix":"26.61&nbsp;&euro;","Disponibilit\u00e9":"En stock"},"schema":{"@context":"https:\/\/schema.org","@graph":[{"@type":["WebPage","ItemPage"],"@id":"https:\/\/ecosupplements.be\/fr\/produit\/super-omega-3-epa-dha-avec-lignanes-de-sesame-et-extrait-dolive-60-gelules-enteriques-enrobees\/","url":"https:\/\/ecosupplements.be\/fr\/produit\/super-omega-3-epa-dha-avec-lignanes-de-sesame-et-extrait-dolive-60-gelules-enteriques-enrobees\/","name":"Super Om\u00e9ga-3 EPA\/DHA avec Lignanes de S\u00e9same et Extrait d'Olive - 60 g\u00e9lules ent\u00e9riques enrob\u00e9es - ECO Supplements","isPartOf":{"@id":"https:\/\/ecosupplements.be\/fr\/#website"},"primaryImageOfPage":{"@id":"https:\/\/ecosupplements.be\/fr\/produit\/super-omega-3-epa-dha-avec-lignanes-de-sesame-et-extrait-dolive-60-gelules-enteriques-enrobees\/#primaryimage"},"image":{"@id":"https:\/\/ecosupplements.be\/fr\/produit\/super-omega-3-epa-dha-avec-lignanes-de-sesame-et-extrait-dolive-60-gelules-enteriques-enrobees\/#primaryimage"},"thumbnailUrl":"https:\/\/ecosupplements.be\/wp-content\/uploads\/2025\/08\/Life-Extension-Super-Omega-3-EPADHA-with-Sesame-Lignans-Olive-Extract-60-enteric-coated-softgels.jpg","datePublished":"2022-06-28T09:18:01+00:00","dateModified":"2025-08-27T13:33:38+00:00","description":"Wij hebben een ruime keuze aan producten van Super Om\u00e9ga-3 EPA\/DHA avec Lignanes de S\u00e9same et Extrait d'Olive - 60 g\u00e9lules ent\u00e9riques enrob\u00e9es . Winkel bij Eco Supplements altijd gratis verzending boven 100\u20ac","breadcrumb":{"@id":"https:\/\/ecosupplements.be\/fr\/produit\/super-omega-3-epa-dha-avec-lignanes-de-sesame-et-extrait-dolive-60-gelules-enteriques-enrobees\/#breadcrumb"},"inLanguage":"fr-FR","potentialAction":[{"@type":"ReadAction","target":["https:\/\/ecosupplements.be\/fr\/produit\/super-omega-3-epa-dha-avec-lignanes-de-sesame-et-extrait-dolive-60-gelules-enteriques-enrobees\/"]}]},{"@type":"ImageObject","inLanguage":"fr-FR","@id":"https:\/\/ecosupplements.be\/fr\/produit\/super-omega-3-epa-dha-avec-lignanes-de-sesame-et-extrait-dolive-60-gelules-enteriques-enrobees\/#primaryimage","url":"https:\/\/ecosupplements.be\/wp-content\/uploads\/2025\/08\/Life-Extension-Super-Omega-3-EPADHA-with-Sesame-Lignans-Olive-Extract-60-enteric-coated-softgels.jpg","contentUrl":"https:\/\/ecosupplements.be\/wp-content\/uploads\/2025\/08\/Life-Extension-Super-Omega-3-EPADHA-with-Sesame-Lignans-Olive-Extract-60-enteric-coated-softgels.jpg","width":750,"height":750},{"@type":"BreadcrumbList","@id":"https:\/\/ecosupplements.be\/fr\/produit\/super-omega-3-epa-dha-avec-lignanes-de-sesame-et-extrait-dolive-60-gelules-enteriques-enrobees\/#breadcrumb","itemListElement":[{"@type":"ListItem","position":1,"name":"Home","item":"https:\/\/ecosupplements.be\/fr\/"},{"@type":"ListItem","position":2,"name":"Boutique","item":"https:\/\/ecosupplements.be\/fr\/boutique\/"},{"@type":"ListItem","position":3,"name":"Super Om\u00e9ga-3 EPA\/DHA avec Lignanes de S\u00e9same et Extrait d&#8217;Olive &#8211; 60 g\u00e9lules ent\u00e9riques enrob\u00e9es"}]},{"@type":"WebSite","@id":"https:\/\/ecosupplements.be\/fr\/#website","url":"https:\/\/ecosupplements.be\/fr\/","name":"ECO Supplements","description":"Eco Supplements - Gezonde supplementen","publisher":{"@id":"https:\/\/ecosupplements.be\/fr\/#organization"},"potentialAction":[{"@type":"SearchAction","target":{"@type":"EntryPoint","urlTemplate":"https:\/\/ecosupplements.be\/fr\/?s={search_term_string}"},"query-input":{"@type":"PropertyValueSpecification","valueRequired":true,"valueName":"search_term_string"}}],"inLanguage":"fr-FR"},{"@type":"Organization","@id":"https:\/\/ecosupplements.be\/fr\/#organization","name":"Eco Supplements","url":"https:\/\/ecosupplements.be\/fr\/","logo":{"@type":"ImageObject","inLanguage":"fr-FR","@id":"https:\/\/ecosupplements.be\/fr\/#\/schema\/logo\/image\/","url":"https:\/\/ecosupplements.be\/wp-content\/uploads\/2022\/06\/ecosupplement-family.png","contentUrl":"https:\/\/ecosupplements.be\/wp-content\/uploads\/2022\/06\/ecosupplement-family.png","width":593,"height":374,"caption":"Eco Supplements"},"image":{"@id":"https:\/\/ecosupplements.be\/fr\/#\/schema\/logo\/image\/"}}]},"product_brand":"Life Extension","product_price_amount":"26.61","product_price_currency":"EUR","og_availability":"instock","product_availability":"instock","product_retailer_item_id":"737870198567","product_condition":"new"},"_links":{"self":[{"href":"https:\/\/ecosupplements.be\/fr\/wp-json\/wp\/v2\/product\/288010","targetHints":{"allow":["GET"]}}],"collection":[{"href":"https:\/\/ecosupplements.be\/fr\/wp-json\/wp\/v2\/product"}],"about":[{"href":"https:\/\/ecosupplements.be\/fr\/wp-json\/wp\/v2\/types\/product"}],"replies":[{"embeddable":true,"href":"https:\/\/ecosupplements.be\/fr\/wp-json\/wp\/v2\/comments?post=288010"}],"wp:featuredmedia":[{"embeddable":true,"href":"https:\/\/ecosupplements.be\/fr\/wp-json\/wp\/v2\/media\/247880"}],"wp:attachment":[{"href":"https:\/\/ecosupplements.be\/fr\/wp-json\/wp\/v2\/media?parent=288010"}],"wp:term":[{"taxonomy":"product_brand","embeddable":true,"href":"https:\/\/ecosupplements.be\/fr\/wp-json\/wp\/v2\/product_brand?post=288010"},{"taxonomy":"product_cat","embeddable":true,"href":"https:\/\/ecosupplements.be\/fr\/wp-json\/wp\/v2\/product_cat?post=288010"},{"taxonomy":"product_tag","embeddable":true,"href":"https:\/\/ecosupplements.be\/fr\/wp-json\/wp\/v2\/product_tag?post=288010"}],"curies":[{"name":"wp","href":"https:\/\/api.w.org\/{rel}","templated":true}]}}