{"id":288031,"date":"2022-06-28T10:18:08","date_gmt":"2022-06-28T09:18:08","guid":{"rendered":"https:\/\/ecosupplements.be\/product\/super-vitamine-e-268mg-90-capsules-molles\/"},"modified":"2025-08-27T14:33:57","modified_gmt":"2025-08-27T13:33:57","slug":"super-vitamine-e-268mg-90-capsules-molles","status":"publish","type":"product","link":"https:\/\/ecosupplements.be\/fr\/produit\/super-vitamine-e-268mg-90-capsules-molles\/","title":{"rendered":"Super Vitamine E, 268mg &#8211; 90 capsules molles"},"content":{"rendered":"<h1>Super Vitamin E, \u2064268mg &#8211; 90\u200d softgels<\/h1>\n<p>Obtenez une dose puissante de vitamine E avec \u2062Super Vitamin E de Life Extension. Chaque softgel contient 268mg de vitamine E, un antioxydant essentiel pour la sant\u00e9 et le bien-\u00eatre.<\/p>\n<h2>Caract\u00e9ristiques sp\u00e9ciales:<\/h2>\n<ul>\n<li>Contient 268mg de vitamine E par softgel<\/li>\n<li>Antioxydant\u2064 puissant pour prot\u00e9ger les cellules contre les dommages caus\u00e9s par les radicaux libres<\/li>\n<li>Formule\u2062 hautement \u2062absorbable pour une \u2062efficacit\u00e9 maximale<\/li>\n<li>90 softgels par bouteille pour un approvisionnement de 3 mois<\/li>\n<\/ul>\n<h2>Ingr\u00e9dients:<\/h2>\n<p>Chaque softgel contient 268mg de vitamine E \u200d(sous forme de d-alpha tocoph\u00e9rol et\u200b de\u200c m\u00e9lange \u200cde tocoph\u00e9rols).<\/p>\n<h2>Avantages uniques:<\/h2>\n<p>La\u2063 vitamine E est un antioxydant essentiel qui aide \u00e0 prot\u00e9ger les \u2064cellules contre les dommages caus\u00e9s par les radicaux libres. Elle peut \u00e9galement contribuer \u00e0 la sant\u00e9 cardiovasculaire,\u2062 \u00e0 la sant\u00e9\u2062 de la peau\u2062 et \u00e0 la sant\u00e9\u2064 des yeux. La formule hautement absorbable de Super Vitamin E \u200cgarantit que votre corps peut \u200bb\u00e9n\u00e9ficier pleinement de tous ces avantages.<\/p>\n<h2>Principales\u200b caract\u00e9ristiques:<\/h2>\n<ul>\n<li>Prot\u00e8ge les cellules contre les dommages caus\u00e9s \u200bpar les radicaux libres<\/li>\n<li>Contribue \u00e0 \u200cla \u200bsant\u00e9 cardiovasculaire, de la peau et des yeux<\/li>\n<li>Formule \u200bhautement absorbable pour une efficacit\u00e9 maximale<\/li>\n<li>90 softgels \u2063par bouteille pour un approvisionnement de 3 mois<\/li>\n<\/ul>\n<p>Donnez \u00e0 votre \u200ccorps une dose puissante\u2062 de\u2062 vitamine E avec Super Vitamin E de Life \u200cExtension. Prot\u00e9gez\u200d votre sant\u00e9 et votre bien-\u00eatre avec cet \u2064antioxydant\u2063 essentiel.<\/p>\n","protected":false},"excerpt":{"rendered":"<p>Super Vitamin E, \u2064268mg &#8211; 90\u200d softgels Obtenez une dose puissante de vitamine E avec \u2062Super Vitamin E de Life Extension. Chaque softgel contient 268mg de vitamine E, un antioxydant essentiel pour la sant\u00e9 et le bien-\u00eatre. Caract\u00e9ristiques sp\u00e9ciales: Contient 268mg de vitamine E par softgel Antioxydant\u2064 puissant pour prot\u00e9ger les cellules contre les dommages [&#8230;]\n","protected":false},"featured_media":247928,"comment_status":"open","ping_status":"open","template":"","meta":[],"product_brand":[4723],"product_cat":[5053,5059],"product_tag":[],"class_list":{"0":"post-288031","1":"product","2":"type-product","3":"status-publish","4":"has-post-thumbnail","6":"product_brand-life-extension-2","7":"product_cat-vitamines-et-mineraux","8":"product_cat-vitamines-simples","10":"first","11":"instock","12":"taxable","13":"shipping-taxable","14":"purchasable","15":"product-type-simple"},"yoast_head":"<!-- This site is optimized with the Yoast SEO Premium plugin v27.3 (Yoast SEO v27.3) - https:\/\/yoast.com\/product\/yoast-seo-premium-wordpress\/ -->\n<title>Super Vitamine E, 268mg - 90 capsules molles - ECO Supplements<\/title>\n<meta name=\"description\" content=\"Wij hebben een ruime keuze aan producten van Super Vitamine E, 268mg - 90 capsules molles . Winkel bij Eco Supplements altijd gratis verzending boven 100\u20ac\" \/>\n<meta name=\"robots\" content=\"index, follow, max-snippet:-1, max-image-preview:large, max-video-preview:-1\" \/>\n<link rel=\"canonical\" href=\"https:\/\/ecosupplements.be\/fr\/produit\/super-vitamine-e-268mg-90-capsules-molles\/\" \/>\n<meta property=\"og:locale\" content=\"fr_FR\" \/>\n<meta property=\"og:type\" content=\"article\" \/>\n<meta property=\"og:title\" content=\"Super Vitamine E, 268mg - 90 capsules molles\" \/>\n<meta property=\"og:description\" content=\"Wij hebben een ruime keuze aan producten van Super Vitamine E, 268mg - 90 capsules molles . Winkel bij Eco Supplements altijd gratis verzending boven 100\u20ac\" \/>\n<meta property=\"og:url\" content=\"https:\/\/ecosupplements.be\/fr\/produit\/super-vitamine-e-268mg-90-capsules-molles\/\" \/>\n<meta property=\"og:site_name\" content=\"ECO Supplements\" \/>\n<meta property=\"article:modified_time\" content=\"2025-08-27T13:33:57+00:00\" \/>\n<meta property=\"og:image\" content=\"https:\/\/ecosupplements.be\/wp-content\/uploads\/2025\/08\/Super-Vitamin-E-268mg-90-softgels.jpg\" \/>\n\t<meta property=\"og:image:width\" content=\"600\" \/>\n\t<meta property=\"og:image:height\" content=\"600\" \/>\n\t<meta property=\"og:image:type\" content=\"image\/jpeg\" \/>\n<meta name=\"twitter:card\" content=\"summary_large_image\" \/>\n<meta name=\"twitter:label1\" content=\"Prix\" \/>\n\t<meta name=\"twitter:data1\" content=\"36.94&nbsp;&euro;\" \/>\n\t<meta name=\"twitter:label2\" content=\"Disponibilit\u00e9\" \/>\n\t<meta name=\"twitter:data2\" content=\"En stock\" \/>\n<script type=\"application\/ld+json\" class=\"yoast-schema-graph\">{\"@context\":\"https:\\\/\\\/schema.org\",\"@graph\":[{\"@type\":[\"WebPage\",\"ItemPage\"],\"@id\":\"https:\\\/\\\/ecosupplements.be\\\/fr\\\/produit\\\/super-vitamine-e-268mg-90-capsules-molles\\\/\",\"url\":\"https:\\\/\\\/ecosupplements.be\\\/fr\\\/produit\\\/super-vitamine-e-268mg-90-capsules-molles\\\/\",\"name\":\"Super Vitamine E, 268mg - 90 capsules molles - ECO Supplements\",\"isPartOf\":{\"@id\":\"https:\\\/\\\/ecosupplements.be\\\/fr\\\/#website\"},\"primaryImageOfPage\":{\"@id\":\"https:\\\/\\\/ecosupplements.be\\\/fr\\\/produit\\\/super-vitamine-e-268mg-90-capsules-molles\\\/#primaryimage\"},\"image\":{\"@id\":\"https:\\\/\\\/ecosupplements.be\\\/fr\\\/produit\\\/super-vitamine-e-268mg-90-capsules-molles\\\/#primaryimage\"},\"thumbnailUrl\":\"https:\\\/\\\/ecosupplements.be\\\/wp-content\\\/uploads\\\/2025\\\/08\\\/Life-Extension-Super-Vitamin-E-90-softgels.jpg\",\"datePublished\":\"2022-06-28T09:18:08+00:00\",\"dateModified\":\"2025-08-27T13:33:57+00:00\",\"description\":\"Wij hebben een ruime keuze aan producten van Super Vitamine E, 268mg - 90 capsules molles . Winkel bij Eco Supplements altijd gratis verzending boven 100\u20ac\",\"breadcrumb\":{\"@id\":\"https:\\\/\\\/ecosupplements.be\\\/fr\\\/produit\\\/super-vitamine-e-268mg-90-capsules-molles\\\/#breadcrumb\"},\"inLanguage\":\"fr-FR\",\"potentialAction\":[{\"@type\":\"ReadAction\",\"target\":[\"https:\\\/\\\/ecosupplements.be\\\/fr\\\/produit\\\/super-vitamine-e-268mg-90-capsules-molles\\\/\"]}]},{\"@type\":\"ImageObject\",\"inLanguage\":\"fr-FR\",\"@id\":\"https:\\\/\\\/ecosupplements.be\\\/fr\\\/produit\\\/super-vitamine-e-268mg-90-capsules-molles\\\/#primaryimage\",\"url\":\"https:\\\/\\\/ecosupplements.be\\\/wp-content\\\/uploads\\\/2025\\\/08\\\/Life-Extension-Super-Vitamin-E-90-softgels.jpg\",\"contentUrl\":\"https:\\\/\\\/ecosupplements.be\\\/wp-content\\\/uploads\\\/2025\\\/08\\\/Life-Extension-Super-Vitamin-E-90-softgels.jpg\",\"width\":750,\"height\":750},{\"@type\":\"BreadcrumbList\",\"@id\":\"https:\\\/\\\/ecosupplements.be\\\/fr\\\/produit\\\/super-vitamine-e-268mg-90-capsules-molles\\\/#breadcrumb\",\"itemListElement\":[{\"@type\":\"ListItem\",\"position\":1,\"name\":\"Home\",\"item\":\"https:\\\/\\\/ecosupplements.be\\\/fr\\\/\"},{\"@type\":\"ListItem\",\"position\":2,\"name\":\"Boutique\",\"item\":\"https:\\\/\\\/ecosupplements.be\\\/fr\\\/boutique\\\/\"},{\"@type\":\"ListItem\",\"position\":3,\"name\":\"Super Vitamine E, 268mg &#8211; 90 capsules molles\"}]},{\"@type\":\"WebSite\",\"@id\":\"https:\\\/\\\/ecosupplements.be\\\/fr\\\/#website\",\"url\":\"https:\\\/\\\/ecosupplements.be\\\/fr\\\/\",\"name\":\"ECO Supplements\",\"description\":\"Eco Supplements - Gezonde supplementen\",\"publisher\":{\"@id\":\"https:\\\/\\\/ecosupplements.be\\\/fr\\\/#organization\"},\"potentialAction\":[{\"@type\":\"SearchAction\",\"target\":{\"@type\":\"EntryPoint\",\"urlTemplate\":\"https:\\\/\\\/ecosupplements.be\\\/fr\\\/?s={search_term_string}\"},\"query-input\":{\"@type\":\"PropertyValueSpecification\",\"valueRequired\":true,\"valueName\":\"search_term_string\"}}],\"inLanguage\":\"fr-FR\"},{\"@type\":\"Organization\",\"@id\":\"https:\\\/\\\/ecosupplements.be\\\/fr\\\/#organization\",\"name\":\"Eco Supplements\",\"url\":\"https:\\\/\\\/ecosupplements.be\\\/fr\\\/\",\"logo\":{\"@type\":\"ImageObject\",\"inLanguage\":\"fr-FR\",\"@id\":\"https:\\\/\\\/ecosupplements.be\\\/fr\\\/#\\\/schema\\\/logo\\\/image\\\/\",\"url\":\"https:\\\/\\\/ecosupplements.be\\\/wp-content\\\/uploads\\\/2022\\\/06\\\/ecosupplement-family.png\",\"contentUrl\":\"https:\\\/\\\/ecosupplements.be\\\/wp-content\\\/uploads\\\/2022\\\/06\\\/ecosupplement-family.png\",\"width\":593,\"height\":374,\"caption\":\"Eco Supplements\"},\"image\":{\"@id\":\"https:\\\/\\\/ecosupplements.be\\\/fr\\\/#\\\/schema\\\/logo\\\/image\\\/\"}}]}<\/script>\n<meta property=\"product:brand\" content=\"Life Extension\" \/>\n<meta property=\"product:price:amount\" content=\"36.94\" \/>\n<meta property=\"product:price:currency\" content=\"EUR\" \/>\n<meta property=\"og:availability\" content=\"instock\" \/>\n<meta property=\"product:availability\" content=\"instock\" \/>\n<meta property=\"product:retailer_item_id\" content=\"737870186397\" \/>\n<meta property=\"product:condition\" content=\"new\" \/>\n<!-- \/ Yoast SEO Premium plugin. -->","yoast_head_json":{"title":"Super Vitamine E, 268mg - 90 capsules molles - ECO Supplements","description":"Wij hebben een ruime keuze aan producten van Super Vitamine E, 268mg - 90 capsules molles . Winkel bij Eco Supplements altijd gratis verzending boven 100\u20ac","robots":{"index":"index","follow":"follow","max-snippet":"max-snippet:-1","max-image-preview":"max-image-preview:large","max-video-preview":"max-video-preview:-1"},"canonical":"https:\/\/ecosupplements.be\/fr\/produit\/super-vitamine-e-268mg-90-capsules-molles\/","og_locale":"fr_FR","og_type":"article","og_title":"Super Vitamine E, 268mg - 90 capsules molles","og_description":"Wij hebben een ruime keuze aan producten van Super Vitamine E, 268mg - 90 capsules molles . Winkel bij Eco Supplements altijd gratis verzending boven 100\u20ac","og_url":"https:\/\/ecosupplements.be\/fr\/produit\/super-vitamine-e-268mg-90-capsules-molles\/","og_site_name":"ECO Supplements","article_modified_time":"2025-08-27T13:33:57+00:00","og_image":[{"width":600,"height":600,"url":"https:\/\/ecosupplements.be\/wp-content\/uploads\/2025\/08\/Super-Vitamin-E-268mg-90-softgels.jpg","type":"image\/jpeg"}],"twitter_card":"summary_large_image","twitter_misc":{"Prix":"36.94&nbsp;&euro;","Disponibilit\u00e9":"En stock"},"schema":{"@context":"https:\/\/schema.org","@graph":[{"@type":["WebPage","ItemPage"],"@id":"https:\/\/ecosupplements.be\/fr\/produit\/super-vitamine-e-268mg-90-capsules-molles\/","url":"https:\/\/ecosupplements.be\/fr\/produit\/super-vitamine-e-268mg-90-capsules-molles\/","name":"Super Vitamine E, 268mg - 90 capsules molles - ECO Supplements","isPartOf":{"@id":"https:\/\/ecosupplements.be\/fr\/#website"},"primaryImageOfPage":{"@id":"https:\/\/ecosupplements.be\/fr\/produit\/super-vitamine-e-268mg-90-capsules-molles\/#primaryimage"},"image":{"@id":"https:\/\/ecosupplements.be\/fr\/produit\/super-vitamine-e-268mg-90-capsules-molles\/#primaryimage"},"thumbnailUrl":"https:\/\/ecosupplements.be\/wp-content\/uploads\/2025\/08\/Life-Extension-Super-Vitamin-E-90-softgels.jpg","datePublished":"2022-06-28T09:18:08+00:00","dateModified":"2025-08-27T13:33:57+00:00","description":"Wij hebben een ruime keuze aan producten van Super Vitamine E, 268mg - 90 capsules molles . Winkel bij Eco Supplements altijd gratis verzending boven 100\u20ac","breadcrumb":{"@id":"https:\/\/ecosupplements.be\/fr\/produit\/super-vitamine-e-268mg-90-capsules-molles\/#breadcrumb"},"inLanguage":"fr-FR","potentialAction":[{"@type":"ReadAction","target":["https:\/\/ecosupplements.be\/fr\/produit\/super-vitamine-e-268mg-90-capsules-molles\/"]}]},{"@type":"ImageObject","inLanguage":"fr-FR","@id":"https:\/\/ecosupplements.be\/fr\/produit\/super-vitamine-e-268mg-90-capsules-molles\/#primaryimage","url":"https:\/\/ecosupplements.be\/wp-content\/uploads\/2025\/08\/Life-Extension-Super-Vitamin-E-90-softgels.jpg","contentUrl":"https:\/\/ecosupplements.be\/wp-content\/uploads\/2025\/08\/Life-Extension-Super-Vitamin-E-90-softgels.jpg","width":750,"height":750},{"@type":"BreadcrumbList","@id":"https:\/\/ecosupplements.be\/fr\/produit\/super-vitamine-e-268mg-90-capsules-molles\/#breadcrumb","itemListElement":[{"@type":"ListItem","position":1,"name":"Home","item":"https:\/\/ecosupplements.be\/fr\/"},{"@type":"ListItem","position":2,"name":"Boutique","item":"https:\/\/ecosupplements.be\/fr\/boutique\/"},{"@type":"ListItem","position":3,"name":"Super Vitamine E, 268mg &#8211; 90 capsules molles"}]},{"@type":"WebSite","@id":"https:\/\/ecosupplements.be\/fr\/#website","url":"https:\/\/ecosupplements.be\/fr\/","name":"ECO Supplements","description":"Eco Supplements - Gezonde supplementen","publisher":{"@id":"https:\/\/ecosupplements.be\/fr\/#organization"},"potentialAction":[{"@type":"SearchAction","target":{"@type":"EntryPoint","urlTemplate":"https:\/\/ecosupplements.be\/fr\/?s={search_term_string}"},"query-input":{"@type":"PropertyValueSpecification","valueRequired":true,"valueName":"search_term_string"}}],"inLanguage":"fr-FR"},{"@type":"Organization","@id":"https:\/\/ecosupplements.be\/fr\/#organization","name":"Eco Supplements","url":"https:\/\/ecosupplements.be\/fr\/","logo":{"@type":"ImageObject","inLanguage":"fr-FR","@id":"https:\/\/ecosupplements.be\/fr\/#\/schema\/logo\/image\/","url":"https:\/\/ecosupplements.be\/wp-content\/uploads\/2022\/06\/ecosupplement-family.png","contentUrl":"https:\/\/ecosupplements.be\/wp-content\/uploads\/2022\/06\/ecosupplement-family.png","width":593,"height":374,"caption":"Eco Supplements"},"image":{"@id":"https:\/\/ecosupplements.be\/fr\/#\/schema\/logo\/image\/"}}]},"product_brand":"Life Extension","product_price_amount":"36.94","product_price_currency":"EUR","og_availability":"instock","product_availability":"instock","product_retailer_item_id":"737870186397","product_condition":"new"},"_links":{"self":[{"href":"https:\/\/ecosupplements.be\/fr\/wp-json\/wp\/v2\/product\/288031","targetHints":{"allow":["GET"]}}],"collection":[{"href":"https:\/\/ecosupplements.be\/fr\/wp-json\/wp\/v2\/product"}],"about":[{"href":"https:\/\/ecosupplements.be\/fr\/wp-json\/wp\/v2\/types\/product"}],"replies":[{"embeddable":true,"href":"https:\/\/ecosupplements.be\/fr\/wp-json\/wp\/v2\/comments?post=288031"}],"wp:featuredmedia":[{"embeddable":true,"href":"https:\/\/ecosupplements.be\/fr\/wp-json\/wp\/v2\/media\/247928"}],"wp:attachment":[{"href":"https:\/\/ecosupplements.be\/fr\/wp-json\/wp\/v2\/media?parent=288031"}],"wp:term":[{"taxonomy":"product_brand","embeddable":true,"href":"https:\/\/ecosupplements.be\/fr\/wp-json\/wp\/v2\/product_brand?post=288031"},{"taxonomy":"product_cat","embeddable":true,"href":"https:\/\/ecosupplements.be\/fr\/wp-json\/wp\/v2\/product_cat?post=288031"},{"taxonomy":"product_tag","embeddable":true,"href":"https:\/\/ecosupplements.be\/fr\/wp-json\/wp\/v2\/product_tag?post=288031"}],"curies":[{"name":"wp","href":"https:\/\/api.w.org\/{rel}","templated":true}]}}