{"id":288034,"date":"2022-06-28T10:18:08","date_gmt":"2022-06-28T09:18:08","guid":{"rendered":"https:\/\/ecosupplements.be\/product\/coenzyme-q10-super-absorbable-ubiquinone-avec-d-limonene-100mg-60-capsules-molles\/"},"modified":"2025-08-27T14:34:00","modified_gmt":"2025-08-27T13:34:00","slug":"coenzyme-q10-super-absorbable-ubiquinone-avec-d-limonene-100mg-60-capsules-molles","status":"publish","type":"product","link":"https:\/\/ecosupplements.be\/fr\/produit\/coenzyme-q10-super-absorbable-ubiquinone-avec-d-limonene-100mg-60-capsules-molles\/","title":{"rendered":"Coenzyme Q10 Super-Absorbable (Ubiquinone) avec d-Limon\u00e8ne, 100mg &#8211; 60 capsules molles"},"content":{"rendered":"<h1>Super-Absorbable CoQ10\u2063 (Ubiquinone) \u2064with\u200c d-Limonene, 100mg &#8211; 60 softgels<\/h1>\n<p>Le Super-Absorbable\u200b CoQ10 (Ubiquinone) with d-Limonene \u200dde Life Extension est un \u2063compl\u00e9ment alimentaire hautement absorbable\u200b qui fournit 100mg de\u200c CoQ10 \u200cpar g\u00e9lule. La CoQ10, \u00e9galement connue sous le nom de coenzyme Q10, est \u2063un antioxydant naturellement pr\u00e9sent dans\u2063 le corps humain qui joue un r\u00f4le essentiel dans\u200d la \u200dproduction d&#8217;\u00e9nergie cellulaire. Cependant, avec l&#8217;\u00e2ge,\u200c notre corps produit \u200dmoins de CoQ10, ce qui peut entra\u00eener\u2064 une baisse d&#8217;\u00e9nergie et une\u2064 diminution de \u2064la sant\u00e9 cardiovasculaire.<\/p>\n<h2>Ingr\u00e9dients cl\u00e9s<\/h2>\n<ul>\n<li>CoQ10 (Ubiquinone) &#8211; 100mg par g\u00e9lule<\/li>\n<li>d-Limonene &#8211; un\u2063 compos\u00e9\u200c naturellement pr\u00e9sent\u200d dans les agrumes \u200dqui aide \u00e0 am\u00e9liorer \u200dl&#8217;absorption \u2063de la CoQ10<\/li>\n<\/ul>\n<h2>Avantages uniques<\/h2>\n<ul>\n<li>Formule\u2064 hautement absorbable pour une efficacit\u00e9 maximale<\/li>\n<li>Contient 100mg de CoQ10 par g\u00e9lule pour une dose puissante<\/li>\n<li>Enrichi en d-Limonene pour \u200dune meilleure absorption<\/li>\n<li>Contribue \u00e0 la\u200d production\u200c d&#8217;\u00e9nergie cellulaire et \u00e0 la \u2062sant\u00e9 cardiovasculaire<\/li>\n<li>Convient aux v\u00e9g\u00e9tariens et aux v\u00e9g\u00e9taliens<\/li>\n<\/ul>\n<h2>Caract\u00e9ristiques principales<\/h2>\n<ul>\n<li>Contient 60 g\u00e9lules par bouteille<\/li>\n<li>Formule hautement\u200b absorbable\u2064 pour une efficacit\u00e9 maximale<\/li>\n<li>Facile \u00e0\u200d avaler et \u00e0 dig\u00e9rer<\/li>\n<li>Ne contient pas de gluten, de \u200csoja ou de produits\u200c laitiers<\/li>\n<li>Fabriqu\u00e9 aux \u00c9tats-Unis selon\u2062 les normes de qualit\u00e9\u200b les plus strictes<\/li>\n<\/ul>\n<p>Ajoutez le \u2064Super-Absorbable CoQ10 (Ubiquinone) \u2063with d-Limonene de Life Extension \u00e0 votre routine quotidienne pour soutenir votre sant\u00e9 cardiovasculaire et\u2062 augmenter votre niveau\u2064 d&#8217;\u00e9nergie. Commandez d\u00e8s maintenant\u2064 et profitez des bienfaits de la CoQ10 hautement absorbable\u2062 !<\/p>\n","protected":false},"excerpt":{"rendered":"<p>Super-Absorbable CoQ10\u2063 (Ubiquinone) \u2064with\u200c d-Limonene, 100mg &#8211; 60 softgels Le Super-Absorbable\u200b CoQ10 (Ubiquinone) with d-Limonene \u200dde Life Extension est un \u2063compl\u00e9ment alimentaire hautement absorbable\u200b qui fournit 100mg de\u200c CoQ10 \u200cpar g\u00e9lule. La CoQ10, \u00e9galement connue sous le nom de coenzyme Q10, est \u2063un antioxydant naturellement pr\u00e9sent dans\u2063 le corps humain qui joue un r\u00f4le essentiel [&#8230;]\n","protected":false},"featured_media":247933,"comment_status":"open","ping_status":"open","template":"","meta":[],"product_brand":[4723],"product_cat":[5098,5052,5053],"product_tag":[],"class_list":{"0":"post-288034","1":"product","2":"type-product","3":"status-publish","4":"has-post-thumbnail","6":"product_brand-life-extension-2","7":"product_cat-antioxydants","8":"product_cat-sante-et-bien-etre","9":"product_cat-vitamines-et-mineraux","11":"first","12":"instock","13":"taxable","14":"shipping-taxable","15":"purchasable","16":"product-type-simple"},"yoast_head":"<!-- This site is optimized with the Yoast SEO Premium plugin v27.3 (Yoast SEO v27.3) - https:\/\/yoast.com\/product\/yoast-seo-premium-wordpress\/ -->\n<title>Coenzyme Q10 Super-Absorbable (Ubiquinone) avec d-Limon\u00e8ne, 100mg - 60 capsules molles - ECO Supplements<\/title>\n<meta name=\"description\" content=\"Wij hebben een ruime keuze aan producten van Coenzyme Q10 Super-Absorbable (Ubiquinone) avec d-Limon\u00e8ne, 100mg - 60 capsules molles . Winkel bij Eco Supplements altijd gratis verzending boven 100\u20ac\" \/>\n<meta name=\"robots\" content=\"index, follow, max-snippet:-1, max-image-preview:large, max-video-preview:-1\" \/>\n<link rel=\"canonical\" href=\"https:\/\/ecosupplements.be\/fr\/produit\/coenzyme-q10-super-absorbable-ubiquinone-avec-d-limonene-100mg-60-capsules-molles\/\" \/>\n<meta property=\"og:locale\" content=\"fr_FR\" \/>\n<meta property=\"og:type\" content=\"article\" \/>\n<meta property=\"og:title\" content=\"Coenzyme Q10 Super-Absorbable (Ubiquinone) avec d-Limon\u00e8ne, 100mg - 60 capsules molles\" \/>\n<meta property=\"og:description\" content=\"Wij hebben een ruime keuze aan producten van Coenzyme Q10 Super-Absorbable (Ubiquinone) avec d-Limon\u00e8ne, 100mg - 60 capsules molles . Winkel bij Eco Supplements altijd gratis verzending boven 100\u20ac\" \/>\n<meta property=\"og:url\" content=\"https:\/\/ecosupplements.be\/fr\/produit\/coenzyme-q10-super-absorbable-ubiquinone-avec-d-limonene-100mg-60-capsules-molles\/\" \/>\n<meta property=\"og:site_name\" content=\"ECO Supplements\" \/>\n<meta property=\"article:modified_time\" content=\"2025-08-27T13:34:00+00:00\" \/>\n<meta property=\"og:image\" content=\"https:\/\/ecosupplements.be\/wp-content\/uploads\/2025\/08\/Super-Absorbable-CoQ10-Ubiquinone-with-d-Limonene-100mg-60-softgels.jpg\" \/>\n\t<meta property=\"og:image:width\" content=\"332\" \/>\n\t<meta property=\"og:image:height\" content=\"600\" \/>\n\t<meta property=\"og:image:type\" content=\"image\/jpeg\" \/>\n<meta name=\"twitter:card\" content=\"summary_large_image\" \/>\n<meta name=\"twitter:label1\" content=\"Prix\" \/>\n\t<meta name=\"twitter:data1\" content=\"31.58&nbsp;&euro;\" \/>\n\t<meta name=\"twitter:label2\" content=\"Disponibilit\u00e9\" \/>\n\t<meta name=\"twitter:data2\" content=\"En stock\" \/>\n<script type=\"application\/ld+json\" class=\"yoast-schema-graph\">{\"@context\":\"https:\\\/\\\/schema.org\",\"@graph\":[{\"@type\":[\"WebPage\",\"ItemPage\"],\"@id\":\"https:\\\/\\\/ecosupplements.be\\\/fr\\\/produit\\\/coenzyme-q10-super-absorbable-ubiquinone-avec-d-limonene-100mg-60-capsules-molles\\\/\",\"url\":\"https:\\\/\\\/ecosupplements.be\\\/fr\\\/produit\\\/coenzyme-q10-super-absorbable-ubiquinone-avec-d-limonene-100mg-60-capsules-molles\\\/\",\"name\":\"Coenzyme Q10 Super-Absorbable (Ubiquinone) avec d-Limon\u00e8ne, 100mg - 60 capsules molles - ECO Supplements\",\"isPartOf\":{\"@id\":\"https:\\\/\\\/ecosupplements.be\\\/fr\\\/#website\"},\"primaryImageOfPage\":{\"@id\":\"https:\\\/\\\/ecosupplements.be\\\/fr\\\/produit\\\/coenzyme-q10-super-absorbable-ubiquinone-avec-d-limonene-100mg-60-capsules-molles\\\/#primaryimage\"},\"image\":{\"@id\":\"https:\\\/\\\/ecosupplements.be\\\/fr\\\/produit\\\/coenzyme-q10-super-absorbable-ubiquinone-avec-d-limonene-100mg-60-capsules-molles\\\/#primaryimage\"},\"thumbnailUrl\":\"https:\\\/\\\/ecosupplements.be\\\/wp-content\\\/uploads\\\/2025\\\/08\\\/Life-Extension-Super-Absorbable-CoQ10-Ubiquinone-with-d-Limonene-60-softgels.jpg\",\"datePublished\":\"2022-06-28T09:18:08+00:00\",\"dateModified\":\"2025-08-27T13:34:00+00:00\",\"description\":\"Wij hebben een ruime keuze aan producten van Coenzyme Q10 Super-Absorbable (Ubiquinone) avec d-Limon\u00e8ne, 100mg - 60 capsules molles . Winkel bij Eco Supplements altijd gratis verzending boven 100\u20ac\",\"breadcrumb\":{\"@id\":\"https:\\\/\\\/ecosupplements.be\\\/fr\\\/produit\\\/coenzyme-q10-super-absorbable-ubiquinone-avec-d-limonene-100mg-60-capsules-molles\\\/#breadcrumb\"},\"inLanguage\":\"fr-FR\",\"potentialAction\":[{\"@type\":\"ReadAction\",\"target\":[\"https:\\\/\\\/ecosupplements.be\\\/fr\\\/produit\\\/coenzyme-q10-super-absorbable-ubiquinone-avec-d-limonene-100mg-60-capsules-molles\\\/\"]}]},{\"@type\":\"ImageObject\",\"inLanguage\":\"fr-FR\",\"@id\":\"https:\\\/\\\/ecosupplements.be\\\/fr\\\/produit\\\/coenzyme-q10-super-absorbable-ubiquinone-avec-d-limonene-100mg-60-capsules-molles\\\/#primaryimage\",\"url\":\"https:\\\/\\\/ecosupplements.be\\\/wp-content\\\/uploads\\\/2025\\\/08\\\/Life-Extension-Super-Absorbable-CoQ10-Ubiquinone-with-d-Limonene-60-softgels.jpg\",\"contentUrl\":\"https:\\\/\\\/ecosupplements.be\\\/wp-content\\\/uploads\\\/2025\\\/08\\\/Life-Extension-Super-Absorbable-CoQ10-Ubiquinone-with-d-Limonene-60-softgels.jpg\",\"width\":750,\"height\":750},{\"@type\":\"BreadcrumbList\",\"@id\":\"https:\\\/\\\/ecosupplements.be\\\/fr\\\/produit\\\/coenzyme-q10-super-absorbable-ubiquinone-avec-d-limonene-100mg-60-capsules-molles\\\/#breadcrumb\",\"itemListElement\":[{\"@type\":\"ListItem\",\"position\":1,\"name\":\"Home\",\"item\":\"https:\\\/\\\/ecosupplements.be\\\/fr\\\/\"},{\"@type\":\"ListItem\",\"position\":2,\"name\":\"Boutique\",\"item\":\"https:\\\/\\\/ecosupplements.be\\\/fr\\\/boutique\\\/\"},{\"@type\":\"ListItem\",\"position\":3,\"name\":\"Coenzyme Q10 Super-Absorbable (Ubiquinone) avec d-Limon\u00e8ne, 100mg &#8211; 60 capsules molles\"}]},{\"@type\":\"WebSite\",\"@id\":\"https:\\\/\\\/ecosupplements.be\\\/fr\\\/#website\",\"url\":\"https:\\\/\\\/ecosupplements.be\\\/fr\\\/\",\"name\":\"ECO Supplements\",\"description\":\"Eco Supplements - Gezonde supplementen\",\"publisher\":{\"@id\":\"https:\\\/\\\/ecosupplements.be\\\/fr\\\/#organization\"},\"potentialAction\":[{\"@type\":\"SearchAction\",\"target\":{\"@type\":\"EntryPoint\",\"urlTemplate\":\"https:\\\/\\\/ecosupplements.be\\\/fr\\\/?s={search_term_string}\"},\"query-input\":{\"@type\":\"PropertyValueSpecification\",\"valueRequired\":true,\"valueName\":\"search_term_string\"}}],\"inLanguage\":\"fr-FR\"},{\"@type\":\"Organization\",\"@id\":\"https:\\\/\\\/ecosupplements.be\\\/fr\\\/#organization\",\"name\":\"Eco Supplements\",\"url\":\"https:\\\/\\\/ecosupplements.be\\\/fr\\\/\",\"logo\":{\"@type\":\"ImageObject\",\"inLanguage\":\"fr-FR\",\"@id\":\"https:\\\/\\\/ecosupplements.be\\\/fr\\\/#\\\/schema\\\/logo\\\/image\\\/\",\"url\":\"https:\\\/\\\/ecosupplements.be\\\/wp-content\\\/uploads\\\/2022\\\/06\\\/ecosupplement-family.png\",\"contentUrl\":\"https:\\\/\\\/ecosupplements.be\\\/wp-content\\\/uploads\\\/2022\\\/06\\\/ecosupplement-family.png\",\"width\":593,\"height\":374,\"caption\":\"Eco Supplements\"},\"image\":{\"@id\":\"https:\\\/\\\/ecosupplements.be\\\/fr\\\/#\\\/schema\\\/logo\\\/image\\\/\"}}]}<\/script>\n<meta property=\"product:brand\" content=\"Life Extension\" \/>\n<meta property=\"product:price:amount\" content=\"31.58\" \/>\n<meta property=\"product:price:currency\" content=\"EUR\" \/>\n<meta property=\"og:availability\" content=\"instock\" \/>\n<meta property=\"product:availability\" content=\"instock\" \/>\n<meta property=\"product:retailer_item_id\" content=\"737870195160\" \/>\n<meta property=\"product:condition\" content=\"new\" \/>\n<!-- \/ Yoast SEO Premium plugin. -->","yoast_head_json":{"title":"Coenzyme Q10 Super-Absorbable (Ubiquinone) avec d-Limon\u00e8ne, 100mg - 60 capsules molles - ECO Supplements","description":"Wij hebben een ruime keuze aan producten van Coenzyme Q10 Super-Absorbable (Ubiquinone) avec d-Limon\u00e8ne, 100mg - 60 capsules molles . Winkel bij Eco Supplements altijd gratis verzending boven 100\u20ac","robots":{"index":"index","follow":"follow","max-snippet":"max-snippet:-1","max-image-preview":"max-image-preview:large","max-video-preview":"max-video-preview:-1"},"canonical":"https:\/\/ecosupplements.be\/fr\/produit\/coenzyme-q10-super-absorbable-ubiquinone-avec-d-limonene-100mg-60-capsules-molles\/","og_locale":"fr_FR","og_type":"article","og_title":"Coenzyme Q10 Super-Absorbable (Ubiquinone) avec d-Limon\u00e8ne, 100mg - 60 capsules molles","og_description":"Wij hebben een ruime keuze aan producten van Coenzyme Q10 Super-Absorbable (Ubiquinone) avec d-Limon\u00e8ne, 100mg - 60 capsules molles . Winkel bij Eco Supplements altijd gratis verzending boven 100\u20ac","og_url":"https:\/\/ecosupplements.be\/fr\/produit\/coenzyme-q10-super-absorbable-ubiquinone-avec-d-limonene-100mg-60-capsules-molles\/","og_site_name":"ECO Supplements","article_modified_time":"2025-08-27T13:34:00+00:00","og_image":[{"width":332,"height":600,"url":"https:\/\/ecosupplements.be\/wp-content\/uploads\/2025\/08\/Super-Absorbable-CoQ10-Ubiquinone-with-d-Limonene-100mg-60-softgels.jpg","type":"image\/jpeg"}],"twitter_card":"summary_large_image","twitter_misc":{"Prix":"31.58&nbsp;&euro;","Disponibilit\u00e9":"En stock"},"schema":{"@context":"https:\/\/schema.org","@graph":[{"@type":["WebPage","ItemPage"],"@id":"https:\/\/ecosupplements.be\/fr\/produit\/coenzyme-q10-super-absorbable-ubiquinone-avec-d-limonene-100mg-60-capsules-molles\/","url":"https:\/\/ecosupplements.be\/fr\/produit\/coenzyme-q10-super-absorbable-ubiquinone-avec-d-limonene-100mg-60-capsules-molles\/","name":"Coenzyme Q10 Super-Absorbable (Ubiquinone) avec d-Limon\u00e8ne, 100mg - 60 capsules molles - ECO Supplements","isPartOf":{"@id":"https:\/\/ecosupplements.be\/fr\/#website"},"primaryImageOfPage":{"@id":"https:\/\/ecosupplements.be\/fr\/produit\/coenzyme-q10-super-absorbable-ubiquinone-avec-d-limonene-100mg-60-capsules-molles\/#primaryimage"},"image":{"@id":"https:\/\/ecosupplements.be\/fr\/produit\/coenzyme-q10-super-absorbable-ubiquinone-avec-d-limonene-100mg-60-capsules-molles\/#primaryimage"},"thumbnailUrl":"https:\/\/ecosupplements.be\/wp-content\/uploads\/2025\/08\/Life-Extension-Super-Absorbable-CoQ10-Ubiquinone-with-d-Limonene-60-softgels.jpg","datePublished":"2022-06-28T09:18:08+00:00","dateModified":"2025-08-27T13:34:00+00:00","description":"Wij hebben een ruime keuze aan producten van Coenzyme Q10 Super-Absorbable (Ubiquinone) avec d-Limon\u00e8ne, 100mg - 60 capsules molles . Winkel bij Eco Supplements altijd gratis verzending boven 100\u20ac","breadcrumb":{"@id":"https:\/\/ecosupplements.be\/fr\/produit\/coenzyme-q10-super-absorbable-ubiquinone-avec-d-limonene-100mg-60-capsules-molles\/#breadcrumb"},"inLanguage":"fr-FR","potentialAction":[{"@type":"ReadAction","target":["https:\/\/ecosupplements.be\/fr\/produit\/coenzyme-q10-super-absorbable-ubiquinone-avec-d-limonene-100mg-60-capsules-molles\/"]}]},{"@type":"ImageObject","inLanguage":"fr-FR","@id":"https:\/\/ecosupplements.be\/fr\/produit\/coenzyme-q10-super-absorbable-ubiquinone-avec-d-limonene-100mg-60-capsules-molles\/#primaryimage","url":"https:\/\/ecosupplements.be\/wp-content\/uploads\/2025\/08\/Life-Extension-Super-Absorbable-CoQ10-Ubiquinone-with-d-Limonene-60-softgels.jpg","contentUrl":"https:\/\/ecosupplements.be\/wp-content\/uploads\/2025\/08\/Life-Extension-Super-Absorbable-CoQ10-Ubiquinone-with-d-Limonene-60-softgels.jpg","width":750,"height":750},{"@type":"BreadcrumbList","@id":"https:\/\/ecosupplements.be\/fr\/produit\/coenzyme-q10-super-absorbable-ubiquinone-avec-d-limonene-100mg-60-capsules-molles\/#breadcrumb","itemListElement":[{"@type":"ListItem","position":1,"name":"Home","item":"https:\/\/ecosupplements.be\/fr\/"},{"@type":"ListItem","position":2,"name":"Boutique","item":"https:\/\/ecosupplements.be\/fr\/boutique\/"},{"@type":"ListItem","position":3,"name":"Coenzyme Q10 Super-Absorbable (Ubiquinone) avec d-Limon\u00e8ne, 100mg &#8211; 60 capsules molles"}]},{"@type":"WebSite","@id":"https:\/\/ecosupplements.be\/fr\/#website","url":"https:\/\/ecosupplements.be\/fr\/","name":"ECO Supplements","description":"Eco Supplements - Gezonde supplementen","publisher":{"@id":"https:\/\/ecosupplements.be\/fr\/#organization"},"potentialAction":[{"@type":"SearchAction","target":{"@type":"EntryPoint","urlTemplate":"https:\/\/ecosupplements.be\/fr\/?s={search_term_string}"},"query-input":{"@type":"PropertyValueSpecification","valueRequired":true,"valueName":"search_term_string"}}],"inLanguage":"fr-FR"},{"@type":"Organization","@id":"https:\/\/ecosupplements.be\/fr\/#organization","name":"Eco Supplements","url":"https:\/\/ecosupplements.be\/fr\/","logo":{"@type":"ImageObject","inLanguage":"fr-FR","@id":"https:\/\/ecosupplements.be\/fr\/#\/schema\/logo\/image\/","url":"https:\/\/ecosupplements.be\/wp-content\/uploads\/2022\/06\/ecosupplement-family.png","contentUrl":"https:\/\/ecosupplements.be\/wp-content\/uploads\/2022\/06\/ecosupplement-family.png","width":593,"height":374,"caption":"Eco Supplements"},"image":{"@id":"https:\/\/ecosupplements.be\/fr\/#\/schema\/logo\/image\/"}}]},"product_brand":"Life Extension","product_price_amount":"31.58","product_price_currency":"EUR","og_availability":"instock","product_availability":"instock","product_retailer_item_id":"737870195160","product_condition":"new"},"_links":{"self":[{"href":"https:\/\/ecosupplements.be\/fr\/wp-json\/wp\/v2\/product\/288034","targetHints":{"allow":["GET"]}}],"collection":[{"href":"https:\/\/ecosupplements.be\/fr\/wp-json\/wp\/v2\/product"}],"about":[{"href":"https:\/\/ecosupplements.be\/fr\/wp-json\/wp\/v2\/types\/product"}],"replies":[{"embeddable":true,"href":"https:\/\/ecosupplements.be\/fr\/wp-json\/wp\/v2\/comments?post=288034"}],"wp:featuredmedia":[{"embeddable":true,"href":"https:\/\/ecosupplements.be\/fr\/wp-json\/wp\/v2\/media\/247933"}],"wp:attachment":[{"href":"https:\/\/ecosupplements.be\/fr\/wp-json\/wp\/v2\/media?parent=288034"}],"wp:term":[{"taxonomy":"product_brand","embeddable":true,"href":"https:\/\/ecosupplements.be\/fr\/wp-json\/wp\/v2\/product_brand?post=288034"},{"taxonomy":"product_cat","embeddable":true,"href":"https:\/\/ecosupplements.be\/fr\/wp-json\/wp\/v2\/product_cat?post=288034"},{"taxonomy":"product_tag","embeddable":true,"href":"https:\/\/ecosupplements.be\/fr\/wp-json\/wp\/v2\/product_tag?post=288034"}],"curies":[{"name":"wp","href":"https:\/\/api.w.org\/{rel}","templated":true}]}}