{"id":288037,"date":"2022-06-28T10:18:08","date_gmt":"2022-06-28T09:18:08","guid":{"rendered":"https:\/\/ecosupplements.be\/product\/poudre-de-taurine-300g\/"},"modified":"2025-08-27T14:34:06","modified_gmt":"2025-08-27T13:34:06","slug":"poudre-de-taurine-300g","status":"publish","type":"product","link":"https:\/\/ecosupplements.be\/fr\/produit\/poudre-de-taurine-300g\/","title":{"rendered":"Poudre de Taurine &#8211; 300g"},"content":{"rendered":"<h1>Taurine Powder &#8211; 300g<\/h1>\n<p>Le Taurine Powder de Life Extension est un \u2064compl\u00e9ment alimentaire \u2063en poudre de haute qualit\u00e9, contenant 300g \u200cde taurine pure. La taurine est un \u2064acide amin\u00e9 essentiel \u2063pour\u200d le bon fonctionnement de l&#8217;organisme, mais qui n&#8217;est\u2064 pas produit naturellement par le corps. C&#8217;est\u200c pourquoi il est important de l&#8217;apporter par le biais de l&#8217;alimentation\u2062 ou de suppl\u00e9ments.<\/p>\n<h2>Caract\u00e9ristiques sp\u00e9ciales<\/h2>\n<ul>\n<li>300g \u2063de taurine\u2064 pure par pot<\/li>\n<li>Facile \u2063\u00e0 \u200cm\u00e9langer et \u00e0\u2064 consommer<\/li>\n<li>Convient \u200baux v\u00e9g\u00e9tariens \u200cet v\u00e9g\u00e9taliens<\/li>\n<li>Sans gluten, sans OGM et sans conservateurs<\/li>\n<\/ul>\n<h2>Ingr\u00e9dients<\/h2>\n<p>Chaque \u2063pot de\u200b Taurine \u2062Powder contient 300g de taurine pure, sans aucun ajout d&#8217;ingr\u00e9dients \u2064artificiels. La taurine \u200cest\u200b un acide amin\u00e9 pr\u00e9sent naturellement dans\u2062 le corps, mais qui \u200cpeut\u2063 \u00e9galement \u2063\u00eatre trouv\u00e9\u2064 dans certains aliments tels que la viande, le poisson et les produits laitiers.<\/p>\n<h2>Avantages uniques<\/h2>\n<p>La \u200dtaurine est \u200cun acide amin\u00e9 essentiel pour\u2062 le bon fonctionnement de \u2063l&#8217;organisme. Elle joue un\u200c r\u00f4le \u200cimportant dans\u2064 la r\u00e9gulation\u200c de la \u200dpression art\u00e9rielle, la sant\u00e9 du\u200b c\u0153ur et du syst\u00e8me nerveux, ainsi que dans la production\u200b d&#8217;\u00e9nergie. Elle \u2064peut \u00e9galement aider \u00e0 \u200dam\u00e9liorer la performance physique \u2062et mentale,\u200c ainsi qu&#8217;\u00e0 r\u00e9duire le stress et l&#8217;anxi\u00e9t\u00e9.<\/p>\n<h2>Principales caract\u00e9ristiques<\/h2>\n<ul>\n<li>Contribue \u200c\u00e0 la sant\u00e9 du c\u0153ur et du \u200csyst\u00e8me nerveux<\/li>\n<li>Aide \u00e0\u2063 r\u00e9guler la pression art\u00e9rielle<\/li>\n<li>Am\u00e9liore la performance physique et mentale<\/li>\n<li>R\u00e9duit le \u200cstress et l&#8217;anxi\u00e9t\u00e9<\/li>\n<li>Convient \u2064aux\u200d v\u00e9g\u00e9tariens et\u2064 v\u00e9g\u00e9taliens<\/li>\n<li>Sans gluten, sans OGM et sans conservateurs<\/li>\n<\/ul>\n<p>Ajoutez facilement de la taurine \u00e0 votre alimentation quotidienne avec le \u2064Taurine Powder de Life Extension. Sa forme en poudre le\u2062 rend \u200dfacile \u00e0 m\u00e9langer dans vos boissons ou aliments pr\u00e9f\u00e9r\u00e9s, pour une suppl\u00e9mentation pratique\u2064 et efficace. Commandez d\u00e8s maintenant et profitez des nombreux bienfaits de la \u2064taurine \u2064pour votre sant\u00e9 et votre \u2062bien-\u00eatre.<\/p>\n","protected":false},"excerpt":{"rendered":"<p>Taurine Powder &#8211; 300g Le Taurine Powder de Life Extension est un \u2064compl\u00e9ment alimentaire \u2063en poudre de haute qualit\u00e9, contenant 300g \u200cde taurine pure. La taurine est un \u2064acide amin\u00e9 essentiel \u2063pour\u200d le bon fonctionnement de l&#8217;organisme, mais qui n&#8217;est\u2064 pas produit naturellement par le corps. C&#8217;est\u200c pourquoi il est important de l&#8217;apporter par le [&#8230;]\n","protected":false},"featured_media":247943,"comment_status":"open","ping_status":"open","template":"","meta":[],"product_brand":[4723],"product_cat":[5067,5112,5052,5053],"product_tag":[],"class_list":{"0":"post-288037","1":"product","2":"type-product","3":"status-publish","4":"has-post-thumbnail","6":"product_brand-life-extension-2","7":"product_cat-acides-amines-et-bcaa","8":"product_cat-acides-amines-individuels","9":"product_cat-sante-et-bien-etre","10":"product_cat-vitamines-et-mineraux","12":"first","13":"instock","14":"taxable","15":"shipping-taxable","16":"purchasable","17":"product-type-simple"},"yoast_head":"<!-- This site is optimized with the Yoast SEO Premium plugin v27.3 (Yoast SEO v27.3) - https:\/\/yoast.com\/product\/yoast-seo-premium-wordpress\/ -->\n<title>Poudre de Taurine - 300g - ECO Supplements<\/title>\n<meta name=\"description\" content=\"Wij hebben een ruime keuze aan producten van Poudre de Taurine - 300g . Winkel bij Eco Supplements altijd gratis verzending boven 100\u20ac\" \/>\n<meta name=\"robots\" content=\"index, follow, max-snippet:-1, max-image-preview:large, max-video-preview:-1\" \/>\n<link rel=\"canonical\" href=\"https:\/\/ecosupplements.be\/fr\/produit\/poudre-de-taurine-300g\/\" \/>\n<meta property=\"og:locale\" content=\"fr_FR\" \/>\n<meta property=\"og:type\" content=\"article\" \/>\n<meta property=\"og:title\" content=\"Poudre de Taurine - 300g\" \/>\n<meta property=\"og:description\" content=\"Wij hebben een ruime keuze aan producten van Poudre de Taurine - 300g . Winkel bij Eco Supplements altijd gratis verzending boven 100\u20ac\" \/>\n<meta property=\"og:url\" content=\"https:\/\/ecosupplements.be\/fr\/produit\/poudre-de-taurine-300g\/\" \/>\n<meta property=\"og:site_name\" content=\"ECO Supplements\" \/>\n<meta property=\"article:modified_time\" content=\"2025-08-27T13:34:06+00:00\" \/>\n<meta property=\"og:image\" content=\"https:\/\/ecosupplements.be\/wp-content\/uploads\/2025\/08\/Taurine-Powder-300g.jpg\" \/>\n\t<meta property=\"og:image:width\" content=\"315\" \/>\n\t<meta property=\"og:image:height\" content=\"600\" \/>\n\t<meta property=\"og:image:type\" content=\"image\/jpeg\" \/>\n<meta name=\"twitter:card\" content=\"summary_large_image\" \/>\n<meta name=\"twitter:label1\" content=\"Prix\" \/>\n\t<meta name=\"twitter:data1\" content=\"23.74&nbsp;&euro;\" \/>\n\t<meta name=\"twitter:label2\" content=\"Disponibilit\u00e9\" \/>\n\t<meta name=\"twitter:data2\" content=\"En stock\" \/>\n<script type=\"application\/ld+json\" class=\"yoast-schema-graph\">{\"@context\":\"https:\\\/\\\/schema.org\",\"@graph\":[{\"@type\":[\"WebPage\",\"ItemPage\"],\"@id\":\"https:\\\/\\\/ecosupplements.be\\\/fr\\\/produit\\\/poudre-de-taurine-300g\\\/\",\"url\":\"https:\\\/\\\/ecosupplements.be\\\/fr\\\/produit\\\/poudre-de-taurine-300g\\\/\",\"name\":\"Poudre de Taurine - 300g - ECO Supplements\",\"isPartOf\":{\"@id\":\"https:\\\/\\\/ecosupplements.be\\\/fr\\\/#website\"},\"primaryImageOfPage\":{\"@id\":\"https:\\\/\\\/ecosupplements.be\\\/fr\\\/produit\\\/poudre-de-taurine-300g\\\/#primaryimage\"},\"image\":{\"@id\":\"https:\\\/\\\/ecosupplements.be\\\/fr\\\/produit\\\/poudre-de-taurine-300g\\\/#primaryimage\"},\"thumbnailUrl\":\"https:\\\/\\\/ecosupplements.be\\\/wp-content\\\/uploads\\\/2025\\\/08\\\/Life-Extension-L-Taurine-Powder-300-grams.jpg\",\"datePublished\":\"2022-06-28T09:18:08+00:00\",\"dateModified\":\"2025-08-27T13:34:06+00:00\",\"description\":\"Wij hebben een ruime keuze aan producten van Poudre de Taurine - 300g . Winkel bij Eco Supplements altijd gratis verzending boven 100\u20ac\",\"breadcrumb\":{\"@id\":\"https:\\\/\\\/ecosupplements.be\\\/fr\\\/produit\\\/poudre-de-taurine-300g\\\/#breadcrumb\"},\"inLanguage\":\"fr-FR\",\"potentialAction\":[{\"@type\":\"ReadAction\",\"target\":[\"https:\\\/\\\/ecosupplements.be\\\/fr\\\/produit\\\/poudre-de-taurine-300g\\\/\"]}]},{\"@type\":\"ImageObject\",\"inLanguage\":\"fr-FR\",\"@id\":\"https:\\\/\\\/ecosupplements.be\\\/fr\\\/produit\\\/poudre-de-taurine-300g\\\/#primaryimage\",\"url\":\"https:\\\/\\\/ecosupplements.be\\\/wp-content\\\/uploads\\\/2025\\\/08\\\/Life-Extension-L-Taurine-Powder-300-grams.jpg\",\"contentUrl\":\"https:\\\/\\\/ecosupplements.be\\\/wp-content\\\/uploads\\\/2025\\\/08\\\/Life-Extension-L-Taurine-Powder-300-grams.jpg\",\"width\":750,\"height\":750},{\"@type\":\"BreadcrumbList\",\"@id\":\"https:\\\/\\\/ecosupplements.be\\\/fr\\\/produit\\\/poudre-de-taurine-300g\\\/#breadcrumb\",\"itemListElement\":[{\"@type\":\"ListItem\",\"position\":1,\"name\":\"Home\",\"item\":\"https:\\\/\\\/ecosupplements.be\\\/fr\\\/\"},{\"@type\":\"ListItem\",\"position\":2,\"name\":\"Boutique\",\"item\":\"https:\\\/\\\/ecosupplements.be\\\/fr\\\/boutique\\\/\"},{\"@type\":\"ListItem\",\"position\":3,\"name\":\"Poudre de Taurine &#8211; 300g\"}]},{\"@type\":\"WebSite\",\"@id\":\"https:\\\/\\\/ecosupplements.be\\\/fr\\\/#website\",\"url\":\"https:\\\/\\\/ecosupplements.be\\\/fr\\\/\",\"name\":\"ECO Supplements\",\"description\":\"Eco Supplements - Gezonde supplementen\",\"publisher\":{\"@id\":\"https:\\\/\\\/ecosupplements.be\\\/fr\\\/#organization\"},\"potentialAction\":[{\"@type\":\"SearchAction\",\"target\":{\"@type\":\"EntryPoint\",\"urlTemplate\":\"https:\\\/\\\/ecosupplements.be\\\/fr\\\/?s={search_term_string}\"},\"query-input\":{\"@type\":\"PropertyValueSpecification\",\"valueRequired\":true,\"valueName\":\"search_term_string\"}}],\"inLanguage\":\"fr-FR\"},{\"@type\":\"Organization\",\"@id\":\"https:\\\/\\\/ecosupplements.be\\\/fr\\\/#organization\",\"name\":\"Eco Supplements\",\"url\":\"https:\\\/\\\/ecosupplements.be\\\/fr\\\/\",\"logo\":{\"@type\":\"ImageObject\",\"inLanguage\":\"fr-FR\",\"@id\":\"https:\\\/\\\/ecosupplements.be\\\/fr\\\/#\\\/schema\\\/logo\\\/image\\\/\",\"url\":\"https:\\\/\\\/ecosupplements.be\\\/wp-content\\\/uploads\\\/2022\\\/06\\\/ecosupplement-family.png\",\"contentUrl\":\"https:\\\/\\\/ecosupplements.be\\\/wp-content\\\/uploads\\\/2022\\\/06\\\/ecosupplement-family.png\",\"width\":593,\"height\":374,\"caption\":\"Eco Supplements\"},\"image\":{\"@id\":\"https:\\\/\\\/ecosupplements.be\\\/fr\\\/#\\\/schema\\\/logo\\\/image\\\/\"}}]}<\/script>\n<meta property=\"product:brand\" content=\"Life Extension\" \/>\n<meta property=\"product:price:amount\" content=\"23.74\" \/>\n<meta property=\"product:price:currency\" content=\"EUR\" \/>\n<meta property=\"og:availability\" content=\"instock\" \/>\n<meta property=\"product:availability\" content=\"instock\" \/>\n<meta property=\"product:retailer_item_id\" content=\"737870133308\" \/>\n<meta property=\"product:condition\" content=\"new\" \/>\n<!-- \/ Yoast SEO Premium plugin. -->","yoast_head_json":{"title":"Poudre de Taurine - 300g - ECO Supplements","description":"Wij hebben een ruime keuze aan producten van Poudre de Taurine - 300g . Winkel bij Eco Supplements altijd gratis verzending boven 100\u20ac","robots":{"index":"index","follow":"follow","max-snippet":"max-snippet:-1","max-image-preview":"max-image-preview:large","max-video-preview":"max-video-preview:-1"},"canonical":"https:\/\/ecosupplements.be\/fr\/produit\/poudre-de-taurine-300g\/","og_locale":"fr_FR","og_type":"article","og_title":"Poudre de Taurine - 300g","og_description":"Wij hebben een ruime keuze aan producten van Poudre de Taurine - 300g . Winkel bij Eco Supplements altijd gratis verzending boven 100\u20ac","og_url":"https:\/\/ecosupplements.be\/fr\/produit\/poudre-de-taurine-300g\/","og_site_name":"ECO Supplements","article_modified_time":"2025-08-27T13:34:06+00:00","og_image":[{"width":315,"height":600,"url":"https:\/\/ecosupplements.be\/wp-content\/uploads\/2025\/08\/Taurine-Powder-300g.jpg","type":"image\/jpeg"}],"twitter_card":"summary_large_image","twitter_misc":{"Prix":"23.74&nbsp;&euro;","Disponibilit\u00e9":"En stock"},"schema":{"@context":"https:\/\/schema.org","@graph":[{"@type":["WebPage","ItemPage"],"@id":"https:\/\/ecosupplements.be\/fr\/produit\/poudre-de-taurine-300g\/","url":"https:\/\/ecosupplements.be\/fr\/produit\/poudre-de-taurine-300g\/","name":"Poudre de Taurine - 300g - ECO Supplements","isPartOf":{"@id":"https:\/\/ecosupplements.be\/fr\/#website"},"primaryImageOfPage":{"@id":"https:\/\/ecosupplements.be\/fr\/produit\/poudre-de-taurine-300g\/#primaryimage"},"image":{"@id":"https:\/\/ecosupplements.be\/fr\/produit\/poudre-de-taurine-300g\/#primaryimage"},"thumbnailUrl":"https:\/\/ecosupplements.be\/wp-content\/uploads\/2025\/08\/Life-Extension-L-Taurine-Powder-300-grams.jpg","datePublished":"2022-06-28T09:18:08+00:00","dateModified":"2025-08-27T13:34:06+00:00","description":"Wij hebben een ruime keuze aan producten van Poudre de Taurine - 300g . Winkel bij Eco Supplements altijd gratis verzending boven 100\u20ac","breadcrumb":{"@id":"https:\/\/ecosupplements.be\/fr\/produit\/poudre-de-taurine-300g\/#breadcrumb"},"inLanguage":"fr-FR","potentialAction":[{"@type":"ReadAction","target":["https:\/\/ecosupplements.be\/fr\/produit\/poudre-de-taurine-300g\/"]}]},{"@type":"ImageObject","inLanguage":"fr-FR","@id":"https:\/\/ecosupplements.be\/fr\/produit\/poudre-de-taurine-300g\/#primaryimage","url":"https:\/\/ecosupplements.be\/wp-content\/uploads\/2025\/08\/Life-Extension-L-Taurine-Powder-300-grams.jpg","contentUrl":"https:\/\/ecosupplements.be\/wp-content\/uploads\/2025\/08\/Life-Extension-L-Taurine-Powder-300-grams.jpg","width":750,"height":750},{"@type":"BreadcrumbList","@id":"https:\/\/ecosupplements.be\/fr\/produit\/poudre-de-taurine-300g\/#breadcrumb","itemListElement":[{"@type":"ListItem","position":1,"name":"Home","item":"https:\/\/ecosupplements.be\/fr\/"},{"@type":"ListItem","position":2,"name":"Boutique","item":"https:\/\/ecosupplements.be\/fr\/boutique\/"},{"@type":"ListItem","position":3,"name":"Poudre de Taurine &#8211; 300g"}]},{"@type":"WebSite","@id":"https:\/\/ecosupplements.be\/fr\/#website","url":"https:\/\/ecosupplements.be\/fr\/","name":"ECO Supplements","description":"Eco Supplements - Gezonde supplementen","publisher":{"@id":"https:\/\/ecosupplements.be\/fr\/#organization"},"potentialAction":[{"@type":"SearchAction","target":{"@type":"EntryPoint","urlTemplate":"https:\/\/ecosupplements.be\/fr\/?s={search_term_string}"},"query-input":{"@type":"PropertyValueSpecification","valueRequired":true,"valueName":"search_term_string"}}],"inLanguage":"fr-FR"},{"@type":"Organization","@id":"https:\/\/ecosupplements.be\/fr\/#organization","name":"Eco Supplements","url":"https:\/\/ecosupplements.be\/fr\/","logo":{"@type":"ImageObject","inLanguage":"fr-FR","@id":"https:\/\/ecosupplements.be\/fr\/#\/schema\/logo\/image\/","url":"https:\/\/ecosupplements.be\/wp-content\/uploads\/2022\/06\/ecosupplement-family.png","contentUrl":"https:\/\/ecosupplements.be\/wp-content\/uploads\/2022\/06\/ecosupplement-family.png","width":593,"height":374,"caption":"Eco Supplements"},"image":{"@id":"https:\/\/ecosupplements.be\/fr\/#\/schema\/logo\/image\/"}}]},"product_brand":"Life Extension","product_price_amount":"23.74","product_price_currency":"EUR","og_availability":"instock","product_availability":"instock","product_retailer_item_id":"737870133308","product_condition":"new"},"_links":{"self":[{"href":"https:\/\/ecosupplements.be\/fr\/wp-json\/wp\/v2\/product\/288037","targetHints":{"allow":["GET"]}}],"collection":[{"href":"https:\/\/ecosupplements.be\/fr\/wp-json\/wp\/v2\/product"}],"about":[{"href":"https:\/\/ecosupplements.be\/fr\/wp-json\/wp\/v2\/types\/product"}],"replies":[{"embeddable":true,"href":"https:\/\/ecosupplements.be\/fr\/wp-json\/wp\/v2\/comments?post=288037"}],"wp:featuredmedia":[{"embeddable":true,"href":"https:\/\/ecosupplements.be\/fr\/wp-json\/wp\/v2\/media\/247943"}],"wp:attachment":[{"href":"https:\/\/ecosupplements.be\/fr\/wp-json\/wp\/v2\/media?parent=288037"}],"wp:term":[{"taxonomy":"product_brand","embeddable":true,"href":"https:\/\/ecosupplements.be\/fr\/wp-json\/wp\/v2\/product_brand?post=288037"},{"taxonomy":"product_cat","embeddable":true,"href":"https:\/\/ecosupplements.be\/fr\/wp-json\/wp\/v2\/product_cat?post=288037"},{"taxonomy":"product_tag","embeddable":true,"href":"https:\/\/ecosupplements.be\/fr\/wp-json\/wp\/v2\/product_tag?post=288037"}],"curies":[{"name":"wp","href":"https:\/\/api.w.org\/{rel}","templated":true}]}}