{"id":288040,"date":"2022-06-28T10:18:08","date_gmt":"2022-06-28T09:18:08","guid":{"rendered":"https:\/\/ecosupplements.be\/product\/soutien-pour-les-larmes-avec-maquibright-extrait-de-baies-de-maqui-60mg-30-gelules\/"},"modified":"2025-08-27T14:34:09","modified_gmt":"2025-08-27T13:34:09","slug":"soutien-pour-les-larmes-avec-maquibright-extrait-de-baies-de-maqui-60mg-30-gelules","status":"publish","type":"product","link":"https:\/\/ecosupplements.be\/fr\/produit\/soutien-pour-les-larmes-avec-maquibright-extrait-de-baies-de-maqui-60mg-30-gelules\/","title":{"rendered":"Soutien pour les larmes avec MaquiBright (extrait de baies de Maqui), 60mg &#8211; 30 g\u00e9lules"},"content":{"rendered":"<h1>Tear Support with MaquiBright (Maqui \u2062Berry Extract), 60mg &#8211; 30\u2064 vcaps<\/h1>\n<p>Le \u200cTear Support with MaquiBright est un \u200dcompl\u00e9ment alimentaire de la marque Life Extension, sp\u00e9cialement con\u00e7u pour soutenir\u200d la sant\u00e9 des\u200d yeux et des larmes. Il \u200dcontient un extrait de \u200cbaies de Maqui, une\u2064 plante originaire du Chili et de l&#8217;Argentine, reconnue pour ses\u2064 propri\u00e9t\u00e9s antioxydantes et anti-inflammatoires.<\/p>\n<h2>Caract\u00e9ristiques sp\u00e9ciales:<\/h2>\n<ul>\n<li>Contient un extrait de baies de Maqui, \u200briche en antioxydants et en anthocyanes<\/li>\n<li>Formule sp\u00e9cialement con\u00e7ue pour soutenir la\u2063 sant\u00e9 des yeux et des larmes<\/li>\n<li>Contient \u00e9galement de \u200cla vitamine \u2064B12, de la vitamine B6 et\u2064 de l&#8217;acide folique pour un soutien\u200b suppl\u00e9mentaire<\/li>\n<li>Formule v\u00e9g\u00e9tarienne et sans \u200bgluten<\/li>\n<\/ul>\n<h2>Ingr\u00e9dients cl\u00e9s:<\/h2>\n<p>Chaque capsule de Tear Support with MaquiBright contient 60mg d&#8217;extrait de baies de Maqui,\u2062 ainsi que 1,5mg de vitamine \u200bB6, 400mcg d&#8217;acide folique et 300mcg de vitamine B12. Ces\u2063 ingr\u00e9dients\u2063 travaillent ensemble pour soutenir la sant\u00e9 des yeux et des larmes.<\/p>\n<h2>Avantages \u200cuniques:<\/h2>\n<ul>\n<li>L&#8217;extrait de baies de Maqui est riche en antioxydants et en \u200banthocyanes, qui peuvent aider \u00e0 prot\u00e9ger les cellules des dommages caus\u00e9s par les radicaux libres.<\/li>\n<li>Ce compl\u00e9ment alimentaire peut aider \u00e0 \u200dmaintenir une production de larmes saine et \u00e0 soulager \u200cles yeux secs et irrit\u00e9s.<\/li>\n<li>La formule contient \u00e9galement des vitamines B12, B6 et de l&#8217;acide folique, qui \u2062peuvent contribuer \u00e0 la sant\u00e9 \u200bglobale des yeux et du syst\u00e8me nerveux.<\/li>\n<li>La\u2064 formule v\u00e9g\u00e9tarienne et \u200csans gluten convient \u00e0 \u2064la plupart des r\u00e9gimes alimentaires.<\/li>\n<\/ul>\n<h2>Conseils d&#8217;utilisation:<\/h2>\n<p>Il\u2062 est recommand\u00e9 de prendre une capsule par jour avec de la nourriture, ou selon\u2064 les directives d&#8217;un professionnel \u2063de la sant\u00e9. Ce compl\u00e9ment alimentaire peut \u00eatre pris en\u2064 compl\u00e9ment d&#8217;un \u2063r\u00e9gime alimentaire \u00e9quilibr\u00e9 et d&#8217;un mode de vie sain.<\/p>\n<p>Ne pas d\u00e9passer la dose recommand\u00e9e. Tenir\u2064 hors de port\u00e9e des enfants. Consultez un professionnel de\u200b la\u200b sant\u00e9 avant de prendre\u200d ce \u200cproduit si vous \u00eates enceinte, \u200ballaitez, \u200cprenez\u2064 des m\u00e9dicaments ou \u200csi vous avez des probl\u00e8mes \u200dde sant\u00e9.<\/p>\n<p>Prenez soin de vos\u2063 yeux et de vos larmes\u200b avec le Tear Support\u2063 with MaquiBright de Life Extension.\u2063 Commandez d\u00e8s\u200c maintenant et profitez d&#8217;une\u200d vision\u2064 et d&#8217;un confort oculaire optimaux.<\/p>\n","protected":false},"excerpt":{"rendered":"<p>Tear Support with MaquiBright (Maqui \u2062Berry Extract), 60mg &#8211; 30\u2064 vcaps Le \u200cTear Support with MaquiBright est un \u200dcompl\u00e9ment alimentaire de la marque Life Extension, sp\u00e9cialement con\u00e7u pour soutenir\u200d la sant\u00e9 des\u200d yeux et des larmes. Il \u200dcontient un extrait de \u200cbaies de Maqui, une\u2064 plante originaire du Chili et de l&#8217;Argentine, reconnue pour ses\u2064 [&#8230;]\n","protected":false},"featured_media":247953,"comment_status":"open","ping_status":"open","template":"","meta":[],"product_brand":[4723],"product_cat":[5052,5123],"product_tag":[],"class_list":{"0":"post-288040","1":"product","2":"type-product","3":"status-publish","4":"has-post-thumbnail","6":"product_brand-life-extension-2","7":"product_cat-sante-et-bien-etre","8":"product_cat-soutien-du-systeme-immunitaire","10":"first","11":"instock","12":"taxable","13":"shipping-taxable","14":"purchasable","15":"product-type-simple"},"yoast_head":"<!-- This site is optimized with the Yoast SEO Premium plugin v27.3 (Yoast SEO v27.3) - https:\/\/yoast.com\/product\/yoast-seo-premium-wordpress\/ -->\n<title>Soutien pour les larmes avec MaquiBright (extrait de baies de Maqui), 60mg - 30 g\u00e9lules - ECO Supplements<\/title>\n<meta name=\"description\" content=\"Wij hebben een ruime keuze aan producten van Soutien pour les larmes avec MaquiBright (extrait de baies de Maqui), 60mg - 30 g\u00e9lules . Winkel bij Eco Supplements altijd gratis verzending boven 100\u20ac\" \/>\n<meta name=\"robots\" content=\"index, follow, max-snippet:-1, max-image-preview:large, max-video-preview:-1\" \/>\n<link rel=\"canonical\" href=\"https:\/\/ecosupplements.be\/fr\/produit\/soutien-pour-les-larmes-avec-maquibright-extrait-de-baies-de-maqui-60mg-30-gelules\/\" \/>\n<meta property=\"og:locale\" content=\"fr_FR\" \/>\n<meta property=\"og:type\" content=\"article\" \/>\n<meta property=\"og:title\" content=\"Soutien pour les larmes avec MaquiBright (extrait de baies de Maqui), 60mg - 30 g\u00e9lules\" \/>\n<meta property=\"og:description\" content=\"Wij hebben een ruime keuze aan producten van Soutien pour les larmes avec MaquiBright (extrait de baies de Maqui), 60mg - 30 g\u00e9lules . Winkel bij Eco Supplements altijd gratis verzending boven 100\u20ac\" \/>\n<meta property=\"og:url\" content=\"https:\/\/ecosupplements.be\/fr\/produit\/soutien-pour-les-larmes-avec-maquibright-extrait-de-baies-de-maqui-60mg-30-gelules\/\" \/>\n<meta property=\"og:site_name\" content=\"ECO Supplements\" \/>\n<meta property=\"article:modified_time\" content=\"2025-08-27T13:34:09+00:00\" \/>\n<meta property=\"og:image\" content=\"https:\/\/ecosupplements.be\/wp-content\/uploads\/2025\/08\/Tear-Support-with-MaquiBright-Maqui-Berry-Extract-60mg-30-vcaps.jpg\" \/>\n\t<meta property=\"og:image:width\" content=\"600\" \/>\n\t<meta property=\"og:image:height\" content=\"600\" \/>\n\t<meta property=\"og:image:type\" content=\"image\/jpeg\" \/>\n<meta name=\"twitter:card\" content=\"summary_large_image\" \/>\n<meta name=\"twitter:label1\" content=\"Prix\" \/>\n\t<meta name=\"twitter:data1\" content=\"18.80&nbsp;&euro;\" \/>\n\t<meta name=\"twitter:label2\" content=\"Disponibilit\u00e9\" \/>\n\t<meta name=\"twitter:data2\" content=\"En stock\" \/>\n<script type=\"application\/ld+json\" class=\"yoast-schema-graph\">{\"@context\":\"https:\\\/\\\/schema.org\",\"@graph\":[{\"@type\":[\"WebPage\",\"ItemPage\"],\"@id\":\"https:\\\/\\\/ecosupplements.be\\\/fr\\\/produit\\\/soutien-pour-les-larmes-avec-maquibright-extrait-de-baies-de-maqui-60mg-30-gelules\\\/\",\"url\":\"https:\\\/\\\/ecosupplements.be\\\/fr\\\/produit\\\/soutien-pour-les-larmes-avec-maquibright-extrait-de-baies-de-maqui-60mg-30-gelules\\\/\",\"name\":\"Soutien pour les larmes avec MaquiBright (extrait de baies de Maqui), 60mg - 30 g\u00e9lules - ECO Supplements\",\"isPartOf\":{\"@id\":\"https:\\\/\\\/ecosupplements.be\\\/fr\\\/#website\"},\"primaryImageOfPage\":{\"@id\":\"https:\\\/\\\/ecosupplements.be\\\/fr\\\/produit\\\/soutien-pour-les-larmes-avec-maquibright-extrait-de-baies-de-maqui-60mg-30-gelules\\\/#primaryimage\"},\"image\":{\"@id\":\"https:\\\/\\\/ecosupplements.be\\\/fr\\\/produit\\\/soutien-pour-les-larmes-avec-maquibright-extrait-de-baies-de-maqui-60mg-30-gelules\\\/#primaryimage\"},\"thumbnailUrl\":\"https:\\\/\\\/ecosupplements.be\\\/wp-content\\\/uploads\\\/2025\\\/08\\\/Life-Extension-Tear-Support-with-MaquiBright-Maqui-Berry-Extract-60mg-30-vcaps.jpg\",\"datePublished\":\"2022-06-28T09:18:08+00:00\",\"dateModified\":\"2025-08-27T13:34:09+00:00\",\"description\":\"Wij hebben een ruime keuze aan producten van Soutien pour les larmes avec MaquiBright (extrait de baies de Maqui), 60mg - 30 g\u00e9lules . Winkel bij Eco Supplements altijd gratis verzending boven 100\u20ac\",\"breadcrumb\":{\"@id\":\"https:\\\/\\\/ecosupplements.be\\\/fr\\\/produit\\\/soutien-pour-les-larmes-avec-maquibright-extrait-de-baies-de-maqui-60mg-30-gelules\\\/#breadcrumb\"},\"inLanguage\":\"fr-FR\",\"potentialAction\":[{\"@type\":\"ReadAction\",\"target\":[\"https:\\\/\\\/ecosupplements.be\\\/fr\\\/produit\\\/soutien-pour-les-larmes-avec-maquibright-extrait-de-baies-de-maqui-60mg-30-gelules\\\/\"]}]},{\"@type\":\"ImageObject\",\"inLanguage\":\"fr-FR\",\"@id\":\"https:\\\/\\\/ecosupplements.be\\\/fr\\\/produit\\\/soutien-pour-les-larmes-avec-maquibright-extrait-de-baies-de-maqui-60mg-30-gelules\\\/#primaryimage\",\"url\":\"https:\\\/\\\/ecosupplements.be\\\/wp-content\\\/uploads\\\/2025\\\/08\\\/Life-Extension-Tear-Support-with-MaquiBright-Maqui-Berry-Extract-60mg-30-vcaps.jpg\",\"contentUrl\":\"https:\\\/\\\/ecosupplements.be\\\/wp-content\\\/uploads\\\/2025\\\/08\\\/Life-Extension-Tear-Support-with-MaquiBright-Maqui-Berry-Extract-60mg-30-vcaps.jpg\",\"width\":750,\"height\":750},{\"@type\":\"BreadcrumbList\",\"@id\":\"https:\\\/\\\/ecosupplements.be\\\/fr\\\/produit\\\/soutien-pour-les-larmes-avec-maquibright-extrait-de-baies-de-maqui-60mg-30-gelules\\\/#breadcrumb\",\"itemListElement\":[{\"@type\":\"ListItem\",\"position\":1,\"name\":\"Home\",\"item\":\"https:\\\/\\\/ecosupplements.be\\\/fr\\\/\"},{\"@type\":\"ListItem\",\"position\":2,\"name\":\"Boutique\",\"item\":\"https:\\\/\\\/ecosupplements.be\\\/fr\\\/boutique\\\/\"},{\"@type\":\"ListItem\",\"position\":3,\"name\":\"Soutien pour les larmes avec MaquiBright (extrait de baies de Maqui), 60mg &#8211; 30 g\u00e9lules\"}]},{\"@type\":\"WebSite\",\"@id\":\"https:\\\/\\\/ecosupplements.be\\\/fr\\\/#website\",\"url\":\"https:\\\/\\\/ecosupplements.be\\\/fr\\\/\",\"name\":\"ECO Supplements\",\"description\":\"Eco Supplements - Gezonde supplementen\",\"publisher\":{\"@id\":\"https:\\\/\\\/ecosupplements.be\\\/fr\\\/#organization\"},\"potentialAction\":[{\"@type\":\"SearchAction\",\"target\":{\"@type\":\"EntryPoint\",\"urlTemplate\":\"https:\\\/\\\/ecosupplements.be\\\/fr\\\/?s={search_term_string}\"},\"query-input\":{\"@type\":\"PropertyValueSpecification\",\"valueRequired\":true,\"valueName\":\"search_term_string\"}}],\"inLanguage\":\"fr-FR\"},{\"@type\":\"Organization\",\"@id\":\"https:\\\/\\\/ecosupplements.be\\\/fr\\\/#organization\",\"name\":\"Eco Supplements\",\"url\":\"https:\\\/\\\/ecosupplements.be\\\/fr\\\/\",\"logo\":{\"@type\":\"ImageObject\",\"inLanguage\":\"fr-FR\",\"@id\":\"https:\\\/\\\/ecosupplements.be\\\/fr\\\/#\\\/schema\\\/logo\\\/image\\\/\",\"url\":\"https:\\\/\\\/ecosupplements.be\\\/wp-content\\\/uploads\\\/2022\\\/06\\\/ecosupplement-family.png\",\"contentUrl\":\"https:\\\/\\\/ecosupplements.be\\\/wp-content\\\/uploads\\\/2022\\\/06\\\/ecosupplement-family.png\",\"width\":593,\"height\":374,\"caption\":\"Eco Supplements\"},\"image\":{\"@id\":\"https:\\\/\\\/ecosupplements.be\\\/fr\\\/#\\\/schema\\\/logo\\\/image\\\/\"}}]}<\/script>\n<meta property=\"product:brand\" content=\"Life Extension\" \/>\n<meta property=\"product:price:amount\" content=\"18.80\" \/>\n<meta property=\"product:price:currency\" content=\"EUR\" \/>\n<meta property=\"og:availability\" content=\"instock\" \/>\n<meta property=\"product:availability\" content=\"instock\" \/>\n<meta property=\"product:retailer_item_id\" content=\"737870191834\" \/>\n<meta property=\"product:condition\" content=\"new\" \/>\n<!-- \/ Yoast SEO Premium plugin. -->","yoast_head_json":{"title":"Soutien pour les larmes avec MaquiBright (extrait de baies de Maqui), 60mg - 30 g\u00e9lules - ECO Supplements","description":"Wij hebben een ruime keuze aan producten van Soutien pour les larmes avec MaquiBright (extrait de baies de Maqui), 60mg - 30 g\u00e9lules . Winkel bij Eco Supplements altijd gratis verzending boven 100\u20ac","robots":{"index":"index","follow":"follow","max-snippet":"max-snippet:-1","max-image-preview":"max-image-preview:large","max-video-preview":"max-video-preview:-1"},"canonical":"https:\/\/ecosupplements.be\/fr\/produit\/soutien-pour-les-larmes-avec-maquibright-extrait-de-baies-de-maqui-60mg-30-gelules\/","og_locale":"fr_FR","og_type":"article","og_title":"Soutien pour les larmes avec MaquiBright (extrait de baies de Maqui), 60mg - 30 g\u00e9lules","og_description":"Wij hebben een ruime keuze aan producten van Soutien pour les larmes avec MaquiBright (extrait de baies de Maqui), 60mg - 30 g\u00e9lules . Winkel bij Eco Supplements altijd gratis verzending boven 100\u20ac","og_url":"https:\/\/ecosupplements.be\/fr\/produit\/soutien-pour-les-larmes-avec-maquibright-extrait-de-baies-de-maqui-60mg-30-gelules\/","og_site_name":"ECO Supplements","article_modified_time":"2025-08-27T13:34:09+00:00","og_image":[{"width":600,"height":600,"url":"https:\/\/ecosupplements.be\/wp-content\/uploads\/2025\/08\/Tear-Support-with-MaquiBright-Maqui-Berry-Extract-60mg-30-vcaps.jpg","type":"image\/jpeg"}],"twitter_card":"summary_large_image","twitter_misc":{"Prix":"18.80&nbsp;&euro;","Disponibilit\u00e9":"En stock"},"schema":{"@context":"https:\/\/schema.org","@graph":[{"@type":["WebPage","ItemPage"],"@id":"https:\/\/ecosupplements.be\/fr\/produit\/soutien-pour-les-larmes-avec-maquibright-extrait-de-baies-de-maqui-60mg-30-gelules\/","url":"https:\/\/ecosupplements.be\/fr\/produit\/soutien-pour-les-larmes-avec-maquibright-extrait-de-baies-de-maqui-60mg-30-gelules\/","name":"Soutien pour les larmes avec MaquiBright (extrait de baies de Maqui), 60mg - 30 g\u00e9lules - ECO Supplements","isPartOf":{"@id":"https:\/\/ecosupplements.be\/fr\/#website"},"primaryImageOfPage":{"@id":"https:\/\/ecosupplements.be\/fr\/produit\/soutien-pour-les-larmes-avec-maquibright-extrait-de-baies-de-maqui-60mg-30-gelules\/#primaryimage"},"image":{"@id":"https:\/\/ecosupplements.be\/fr\/produit\/soutien-pour-les-larmes-avec-maquibright-extrait-de-baies-de-maqui-60mg-30-gelules\/#primaryimage"},"thumbnailUrl":"https:\/\/ecosupplements.be\/wp-content\/uploads\/2025\/08\/Life-Extension-Tear-Support-with-MaquiBright-Maqui-Berry-Extract-60mg-30-vcaps.jpg","datePublished":"2022-06-28T09:18:08+00:00","dateModified":"2025-08-27T13:34:09+00:00","description":"Wij hebben een ruime keuze aan producten van Soutien pour les larmes avec MaquiBright (extrait de baies de Maqui), 60mg - 30 g\u00e9lules . Winkel bij Eco Supplements altijd gratis verzending boven 100\u20ac","breadcrumb":{"@id":"https:\/\/ecosupplements.be\/fr\/produit\/soutien-pour-les-larmes-avec-maquibright-extrait-de-baies-de-maqui-60mg-30-gelules\/#breadcrumb"},"inLanguage":"fr-FR","potentialAction":[{"@type":"ReadAction","target":["https:\/\/ecosupplements.be\/fr\/produit\/soutien-pour-les-larmes-avec-maquibright-extrait-de-baies-de-maqui-60mg-30-gelules\/"]}]},{"@type":"ImageObject","inLanguage":"fr-FR","@id":"https:\/\/ecosupplements.be\/fr\/produit\/soutien-pour-les-larmes-avec-maquibright-extrait-de-baies-de-maqui-60mg-30-gelules\/#primaryimage","url":"https:\/\/ecosupplements.be\/wp-content\/uploads\/2025\/08\/Life-Extension-Tear-Support-with-MaquiBright-Maqui-Berry-Extract-60mg-30-vcaps.jpg","contentUrl":"https:\/\/ecosupplements.be\/wp-content\/uploads\/2025\/08\/Life-Extension-Tear-Support-with-MaquiBright-Maqui-Berry-Extract-60mg-30-vcaps.jpg","width":750,"height":750},{"@type":"BreadcrumbList","@id":"https:\/\/ecosupplements.be\/fr\/produit\/soutien-pour-les-larmes-avec-maquibright-extrait-de-baies-de-maqui-60mg-30-gelules\/#breadcrumb","itemListElement":[{"@type":"ListItem","position":1,"name":"Home","item":"https:\/\/ecosupplements.be\/fr\/"},{"@type":"ListItem","position":2,"name":"Boutique","item":"https:\/\/ecosupplements.be\/fr\/boutique\/"},{"@type":"ListItem","position":3,"name":"Soutien pour les larmes avec MaquiBright (extrait de baies de Maqui), 60mg &#8211; 30 g\u00e9lules"}]},{"@type":"WebSite","@id":"https:\/\/ecosupplements.be\/fr\/#website","url":"https:\/\/ecosupplements.be\/fr\/","name":"ECO Supplements","description":"Eco Supplements - Gezonde supplementen","publisher":{"@id":"https:\/\/ecosupplements.be\/fr\/#organization"},"potentialAction":[{"@type":"SearchAction","target":{"@type":"EntryPoint","urlTemplate":"https:\/\/ecosupplements.be\/fr\/?s={search_term_string}"},"query-input":{"@type":"PropertyValueSpecification","valueRequired":true,"valueName":"search_term_string"}}],"inLanguage":"fr-FR"},{"@type":"Organization","@id":"https:\/\/ecosupplements.be\/fr\/#organization","name":"Eco Supplements","url":"https:\/\/ecosupplements.be\/fr\/","logo":{"@type":"ImageObject","inLanguage":"fr-FR","@id":"https:\/\/ecosupplements.be\/fr\/#\/schema\/logo\/image\/","url":"https:\/\/ecosupplements.be\/wp-content\/uploads\/2022\/06\/ecosupplement-family.png","contentUrl":"https:\/\/ecosupplements.be\/wp-content\/uploads\/2022\/06\/ecosupplement-family.png","width":593,"height":374,"caption":"Eco Supplements"},"image":{"@id":"https:\/\/ecosupplements.be\/fr\/#\/schema\/logo\/image\/"}}]},"product_brand":"Life Extension","product_price_amount":"18.80","product_price_currency":"EUR","og_availability":"instock","product_availability":"instock","product_retailer_item_id":"737870191834","product_condition":"new"},"_links":{"self":[{"href":"https:\/\/ecosupplements.be\/fr\/wp-json\/wp\/v2\/product\/288040","targetHints":{"allow":["GET"]}}],"collection":[{"href":"https:\/\/ecosupplements.be\/fr\/wp-json\/wp\/v2\/product"}],"about":[{"href":"https:\/\/ecosupplements.be\/fr\/wp-json\/wp\/v2\/types\/product"}],"replies":[{"embeddable":true,"href":"https:\/\/ecosupplements.be\/fr\/wp-json\/wp\/v2\/comments?post=288040"}],"wp:featuredmedia":[{"embeddable":true,"href":"https:\/\/ecosupplements.be\/fr\/wp-json\/wp\/v2\/media\/247953"}],"wp:attachment":[{"href":"https:\/\/ecosupplements.be\/fr\/wp-json\/wp\/v2\/media?parent=288040"}],"wp:term":[{"taxonomy":"product_brand","embeddable":true,"href":"https:\/\/ecosupplements.be\/fr\/wp-json\/wp\/v2\/product_brand?post=288040"},{"taxonomy":"product_cat","embeddable":true,"href":"https:\/\/ecosupplements.be\/fr\/wp-json\/wp\/v2\/product_cat?post=288040"},{"taxonomy":"product_tag","embeddable":true,"href":"https:\/\/ecosupplements.be\/fr\/wp-json\/wp\/v2\/product_tag?post=288040"}],"curies":[{"name":"wp","href":"https:\/\/api.w.org\/{rel}","templated":true}]}}