{"id":288043,"date":"2022-06-28T10:18:08","date_gmt":"2022-06-28T09:18:08","guid":{"rendered":"https:\/\/ecosupplements.be\/product\/tmg-poudre-50g\/"},"modified":"2025-08-27T14:34:12","modified_gmt":"2025-08-27T13:34:12","slug":"tmg-poudre-50g","status":"publish","type":"product","link":"https:\/\/ecosupplements.be\/fr\/produit\/tmg-poudre-50g\/","title":{"rendered":"TMG, Poudre &#8211; 50g"},"content":{"rendered":"<h1>TMG, Powder &#8211; 50g<\/h1>\n<p>Le TMG, \u00e9galement connu sous le \u2062nom de trim\u00e9thylglycine, est un compos\u00e9 naturellement pr\u00e9sent\u200d dans le corps humain. Il est d\u00e9riv\u00e9 de la b\u00e9ta\u00efne, un acide amin\u00e9 que \u200dl&#8217;on trouve dans les aliments tels\u200d que les betteraves et les \u00e9pinards. Cependant, il peut \u00e9galement \u00eatre\u2062 pris sous forme de suppl\u00e9ment pour b\u00e9n\u00e9ficier de ses \u2062nombreux avantages pour la sant\u00e9.<\/p>\n<h2>Caract\u00e9ristiques \u2062sp\u00e9ciales:<\/h2>\n<ul>\n<li>Formule en poudre facile \u00e0 m\u00e9langer et \u00e0 consommer<\/li>\n<li>Contient 50g de TMG\u200c pur par pot<\/li>\n<li>Produit de qualit\u00e9 sup\u00e9rieure de la marque Life Extension<\/li>\n<li>Convient aux v\u00e9g\u00e9tariens et\u200b aux v\u00e9g\u00e9taliens<\/li>\n<\/ul>\n<h2>Ingr\u00e9dients:<\/h2>\n<p>Chaque pot de TMG en poudre contient 50g de trim\u00e9thylglycine pur. Il ne contient aucun\u2062 ingr\u00e9dient artificiel, colorant ou \u2063conservateur.<\/p>\n<h2>Avantages uniques:<\/h2>\n<p>Le TMG est un nutriment essentiel pour de nombreuses fonctions corporelles, notamment la sant\u00e9 cardiovasculaire, la \u200bfonction\u2062 h\u00e9patique et la production d&#8217;\u00e9nergie. Il peut \u00e9galement aider \u2062\u00e0 maintenir des\u2062 niveaux sains d&#8217;homocyst\u00e9ine, un acide amin\u00e9 li\u00e9 \u00e0 des probl\u00e8mes de sant\u00e9 tels que les maladies cardiaques et les accidents vasculaires c\u00e9r\u00e9braux.<\/p>\n<p>En plus de ses bienfaits pour la sant\u00e9, le TMG peut \u00e9galement am\u00e9liorer les performances sportives en augmentant la production d&#8217;\u00e9nergie\u200b et en r\u00e9duisant la fatigue musculaire. Il\u200c peut \u00e9galement aider \u00e0 maintenir une peau saine et \u00e0 am\u00e9liorer la \u2064fonction cognitive.<\/p>\n<h2>Principales caract\u00e9ristiques:<\/h2>\n<ul>\n<li>Contribue \u00e0 la sant\u00e9\u2062 cardiovasculaire et h\u00e9patique<\/li>\n<li>Aide \u00e0 maintenir des niveaux sains d&#8217;homocyst\u00e9ine<\/li>\n<li>Am\u00e9liore les performances sportives et la fonction cognitive<\/li>\n<li>Convient aux v\u00e9g\u00e9tariens et aux v\u00e9g\u00e9taliens<\/li>\n<li>Formule en poudre facile \u00e0 m\u00e9langer \u200cet \u00e0 consommer<\/li>\n<\/ul>\n<p>Ajoutez le TMG en poudre de Life Extension\u2063 \u00e0 votre routine quotidienne pour b\u00e9n\u00e9ficier de ses\u200d nombreux avantages pour la sant\u00e9. Commandez d\u00e8s maintenant et profitez d&#8217;une livraison rapide et gratuite dans\u200d le monde\u2064 entier.<\/p>\n","protected":false},"excerpt":{"rendered":"<p>TMG, Powder &#8211; 50g Le TMG, \u00e9galement connu sous le \u2062nom de trim\u00e9thylglycine, est un compos\u00e9 naturellement pr\u00e9sent\u200d dans le corps humain. Il est d\u00e9riv\u00e9 de la b\u00e9ta\u00efne, un acide amin\u00e9 que \u200dl&#8217;on trouve dans les aliments tels\u200d que les betteraves et les \u00e9pinards. Cependant, il peut \u00e9galement \u00eatre\u2062 pris sous forme de suppl\u00e9ment pour [&#8230;]\n","protected":false},"featured_media":247966,"comment_status":"open","ping_status":"open","template":"","meta":[],"product_brand":[4723],"product_cat":[5089,5052,5094,5053],"product_tag":[],"class_list":{"0":"post-288043","1":"product","2":"type-product","3":"status-publish","4":"has-post-thumbnail","6":"product_brand-life-extension-2","7":"product_cat-complements-alimentaires-pour-femmes","8":"product_cat-sante-et-bien-etre","9":"product_cat-supplements-a-base-de-plantes","10":"product_cat-vitamines-et-mineraux","12":"first","13":"instock","14":"taxable","15":"shipping-taxable","16":"purchasable","17":"product-type-simple"},"yoast_head":"<!-- This site is optimized with the Yoast SEO Premium plugin v27.3 (Yoast SEO v27.3) - https:\/\/yoast.com\/product\/yoast-seo-premium-wordpress\/ -->\n<title>TMG, Poudre - 50g - ECO Supplements<\/title>\n<meta name=\"description\" content=\"Wij hebben een ruime keuze aan producten van TMG, Poudre - 50g . Winkel bij Eco Supplements altijd gratis verzending boven 100\u20ac\" \/>\n<meta name=\"robots\" content=\"index, follow, max-snippet:-1, max-image-preview:large, max-video-preview:-1\" \/>\n<link rel=\"canonical\" href=\"https:\/\/ecosupplements.be\/fr\/produit\/tmg-poudre-50g\/\" \/>\n<meta property=\"og:locale\" content=\"fr_FR\" \/>\n<meta property=\"og:type\" content=\"article\" \/>\n<meta property=\"og:title\" content=\"TMG, Poudre - 50g\" \/>\n<meta property=\"og:description\" content=\"Wij hebben een ruime keuze aan producten van TMG, Poudre - 50g . Winkel bij Eco Supplements altijd gratis verzending boven 100\u20ac\" \/>\n<meta property=\"og:url\" content=\"https:\/\/ecosupplements.be\/fr\/produit\/tmg-poudre-50g\/\" \/>\n<meta property=\"og:site_name\" content=\"ECO Supplements\" \/>\n<meta property=\"article:modified_time\" content=\"2025-08-27T13:34:12+00:00\" \/>\n<meta property=\"og:image\" content=\"https:\/\/ecosupplements.be\/wp-content\/uploads\/2025\/08\/TMG-Powder-50g.jpg\" \/>\n\t<meta property=\"og:image:width\" content=\"274\" \/>\n\t<meta property=\"og:image:height\" content=\"600\" \/>\n\t<meta property=\"og:image:type\" content=\"image\/jpeg\" \/>\n<meta name=\"twitter:card\" content=\"summary_large_image\" \/>\n<meta name=\"twitter:label1\" content=\"Prix\" \/>\n\t<meta name=\"twitter:data1\" content=\"15.96&nbsp;&euro;\" \/>\n\t<meta name=\"twitter:label2\" content=\"Disponibilit\u00e9\" \/>\n\t<meta name=\"twitter:data2\" content=\"En stock\" \/>\n<script type=\"application\/ld+json\" class=\"yoast-schema-graph\">{\"@context\":\"https:\\\/\\\/schema.org\",\"@graph\":[{\"@type\":[\"WebPage\",\"ItemPage\"],\"@id\":\"https:\\\/\\\/ecosupplements.be\\\/fr\\\/produit\\\/tmg-poudre-50g\\\/\",\"url\":\"https:\\\/\\\/ecosupplements.be\\\/fr\\\/produit\\\/tmg-poudre-50g\\\/\",\"name\":\"TMG, Poudre - 50g - ECO Supplements\",\"isPartOf\":{\"@id\":\"https:\\\/\\\/ecosupplements.be\\\/fr\\\/#website\"},\"primaryImageOfPage\":{\"@id\":\"https:\\\/\\\/ecosupplements.be\\\/fr\\\/produit\\\/tmg-poudre-50g\\\/#primaryimage\"},\"image\":{\"@id\":\"https:\\\/\\\/ecosupplements.be\\\/fr\\\/produit\\\/tmg-poudre-50g\\\/#primaryimage\"},\"thumbnailUrl\":\"https:\\\/\\\/ecosupplements.be\\\/wp-content\\\/uploads\\\/2025\\\/08\\\/Life-Extension-TMG-Powder-50-grams.jpg\",\"datePublished\":\"2022-06-28T09:18:08+00:00\",\"dateModified\":\"2025-08-27T13:34:12+00:00\",\"description\":\"Wij hebben een ruime keuze aan producten van TMG, Poudre - 50g . Winkel bij Eco Supplements altijd gratis verzending boven 100\u20ac\",\"breadcrumb\":{\"@id\":\"https:\\\/\\\/ecosupplements.be\\\/fr\\\/produit\\\/tmg-poudre-50g\\\/#breadcrumb\"},\"inLanguage\":\"fr-FR\",\"potentialAction\":[{\"@type\":\"ReadAction\",\"target\":[\"https:\\\/\\\/ecosupplements.be\\\/fr\\\/produit\\\/tmg-poudre-50g\\\/\"]}]},{\"@type\":\"ImageObject\",\"inLanguage\":\"fr-FR\",\"@id\":\"https:\\\/\\\/ecosupplements.be\\\/fr\\\/produit\\\/tmg-poudre-50g\\\/#primaryimage\",\"url\":\"https:\\\/\\\/ecosupplements.be\\\/wp-content\\\/uploads\\\/2025\\\/08\\\/Life-Extension-TMG-Powder-50-grams.jpg\",\"contentUrl\":\"https:\\\/\\\/ecosupplements.be\\\/wp-content\\\/uploads\\\/2025\\\/08\\\/Life-Extension-TMG-Powder-50-grams.jpg\",\"width\":750,\"height\":750},{\"@type\":\"BreadcrumbList\",\"@id\":\"https:\\\/\\\/ecosupplements.be\\\/fr\\\/produit\\\/tmg-poudre-50g\\\/#breadcrumb\",\"itemListElement\":[{\"@type\":\"ListItem\",\"position\":1,\"name\":\"Home\",\"item\":\"https:\\\/\\\/ecosupplements.be\\\/fr\\\/\"},{\"@type\":\"ListItem\",\"position\":2,\"name\":\"Boutique\",\"item\":\"https:\\\/\\\/ecosupplements.be\\\/fr\\\/boutique\\\/\"},{\"@type\":\"ListItem\",\"position\":3,\"name\":\"TMG, Poudre &#8211; 50g\"}]},{\"@type\":\"WebSite\",\"@id\":\"https:\\\/\\\/ecosupplements.be\\\/fr\\\/#website\",\"url\":\"https:\\\/\\\/ecosupplements.be\\\/fr\\\/\",\"name\":\"ECO Supplements\",\"description\":\"Eco Supplements - Gezonde supplementen\",\"publisher\":{\"@id\":\"https:\\\/\\\/ecosupplements.be\\\/fr\\\/#organization\"},\"potentialAction\":[{\"@type\":\"SearchAction\",\"target\":{\"@type\":\"EntryPoint\",\"urlTemplate\":\"https:\\\/\\\/ecosupplements.be\\\/fr\\\/?s={search_term_string}\"},\"query-input\":{\"@type\":\"PropertyValueSpecification\",\"valueRequired\":true,\"valueName\":\"search_term_string\"}}],\"inLanguage\":\"fr-FR\"},{\"@type\":\"Organization\",\"@id\":\"https:\\\/\\\/ecosupplements.be\\\/fr\\\/#organization\",\"name\":\"Eco Supplements\",\"url\":\"https:\\\/\\\/ecosupplements.be\\\/fr\\\/\",\"logo\":{\"@type\":\"ImageObject\",\"inLanguage\":\"fr-FR\",\"@id\":\"https:\\\/\\\/ecosupplements.be\\\/fr\\\/#\\\/schema\\\/logo\\\/image\\\/\",\"url\":\"https:\\\/\\\/ecosupplements.be\\\/wp-content\\\/uploads\\\/2022\\\/06\\\/ecosupplement-family.png\",\"contentUrl\":\"https:\\\/\\\/ecosupplements.be\\\/wp-content\\\/uploads\\\/2022\\\/06\\\/ecosupplement-family.png\",\"width\":593,\"height\":374,\"caption\":\"Eco Supplements\"},\"image\":{\"@id\":\"https:\\\/\\\/ecosupplements.be\\\/fr\\\/#\\\/schema\\\/logo\\\/image\\\/\"}}]}<\/script>\n<meta property=\"product:brand\" content=\"Life Extension\" \/>\n<meta property=\"product:price:amount\" content=\"15.96\" \/>\n<meta property=\"product:price:currency\" content=\"EUR\" \/>\n<meta property=\"og:availability\" content=\"instock\" \/>\n<meta property=\"product:availability\" content=\"instock\" \/>\n<meta property=\"product:retailer_item_id\" content=\"737870349051\" \/>\n<meta property=\"product:condition\" content=\"new\" \/>\n<!-- \/ Yoast SEO Premium plugin. -->","yoast_head_json":{"title":"TMG, Poudre - 50g - ECO Supplements","description":"Wij hebben een ruime keuze aan producten van TMG, Poudre - 50g . Winkel bij Eco Supplements altijd gratis verzending boven 100\u20ac","robots":{"index":"index","follow":"follow","max-snippet":"max-snippet:-1","max-image-preview":"max-image-preview:large","max-video-preview":"max-video-preview:-1"},"canonical":"https:\/\/ecosupplements.be\/fr\/produit\/tmg-poudre-50g\/","og_locale":"fr_FR","og_type":"article","og_title":"TMG, Poudre - 50g","og_description":"Wij hebben een ruime keuze aan producten van TMG, Poudre - 50g . Winkel bij Eco Supplements altijd gratis verzending boven 100\u20ac","og_url":"https:\/\/ecosupplements.be\/fr\/produit\/tmg-poudre-50g\/","og_site_name":"ECO Supplements","article_modified_time":"2025-08-27T13:34:12+00:00","og_image":[{"width":274,"height":600,"url":"https:\/\/ecosupplements.be\/wp-content\/uploads\/2025\/08\/TMG-Powder-50g.jpg","type":"image\/jpeg"}],"twitter_card":"summary_large_image","twitter_misc":{"Prix":"15.96&nbsp;&euro;","Disponibilit\u00e9":"En stock"},"schema":{"@context":"https:\/\/schema.org","@graph":[{"@type":["WebPage","ItemPage"],"@id":"https:\/\/ecosupplements.be\/fr\/produit\/tmg-poudre-50g\/","url":"https:\/\/ecosupplements.be\/fr\/produit\/tmg-poudre-50g\/","name":"TMG, Poudre - 50g - ECO Supplements","isPartOf":{"@id":"https:\/\/ecosupplements.be\/fr\/#website"},"primaryImageOfPage":{"@id":"https:\/\/ecosupplements.be\/fr\/produit\/tmg-poudre-50g\/#primaryimage"},"image":{"@id":"https:\/\/ecosupplements.be\/fr\/produit\/tmg-poudre-50g\/#primaryimage"},"thumbnailUrl":"https:\/\/ecosupplements.be\/wp-content\/uploads\/2025\/08\/Life-Extension-TMG-Powder-50-grams.jpg","datePublished":"2022-06-28T09:18:08+00:00","dateModified":"2025-08-27T13:34:12+00:00","description":"Wij hebben een ruime keuze aan producten van TMG, Poudre - 50g . Winkel bij Eco Supplements altijd gratis verzending boven 100\u20ac","breadcrumb":{"@id":"https:\/\/ecosupplements.be\/fr\/produit\/tmg-poudre-50g\/#breadcrumb"},"inLanguage":"fr-FR","potentialAction":[{"@type":"ReadAction","target":["https:\/\/ecosupplements.be\/fr\/produit\/tmg-poudre-50g\/"]}]},{"@type":"ImageObject","inLanguage":"fr-FR","@id":"https:\/\/ecosupplements.be\/fr\/produit\/tmg-poudre-50g\/#primaryimage","url":"https:\/\/ecosupplements.be\/wp-content\/uploads\/2025\/08\/Life-Extension-TMG-Powder-50-grams.jpg","contentUrl":"https:\/\/ecosupplements.be\/wp-content\/uploads\/2025\/08\/Life-Extension-TMG-Powder-50-grams.jpg","width":750,"height":750},{"@type":"BreadcrumbList","@id":"https:\/\/ecosupplements.be\/fr\/produit\/tmg-poudre-50g\/#breadcrumb","itemListElement":[{"@type":"ListItem","position":1,"name":"Home","item":"https:\/\/ecosupplements.be\/fr\/"},{"@type":"ListItem","position":2,"name":"Boutique","item":"https:\/\/ecosupplements.be\/fr\/boutique\/"},{"@type":"ListItem","position":3,"name":"TMG, Poudre &#8211; 50g"}]},{"@type":"WebSite","@id":"https:\/\/ecosupplements.be\/fr\/#website","url":"https:\/\/ecosupplements.be\/fr\/","name":"ECO Supplements","description":"Eco Supplements - Gezonde supplementen","publisher":{"@id":"https:\/\/ecosupplements.be\/fr\/#organization"},"potentialAction":[{"@type":"SearchAction","target":{"@type":"EntryPoint","urlTemplate":"https:\/\/ecosupplements.be\/fr\/?s={search_term_string}"},"query-input":{"@type":"PropertyValueSpecification","valueRequired":true,"valueName":"search_term_string"}}],"inLanguage":"fr-FR"},{"@type":"Organization","@id":"https:\/\/ecosupplements.be\/fr\/#organization","name":"Eco Supplements","url":"https:\/\/ecosupplements.be\/fr\/","logo":{"@type":"ImageObject","inLanguage":"fr-FR","@id":"https:\/\/ecosupplements.be\/fr\/#\/schema\/logo\/image\/","url":"https:\/\/ecosupplements.be\/wp-content\/uploads\/2022\/06\/ecosupplement-family.png","contentUrl":"https:\/\/ecosupplements.be\/wp-content\/uploads\/2022\/06\/ecosupplement-family.png","width":593,"height":374,"caption":"Eco Supplements"},"image":{"@id":"https:\/\/ecosupplements.be\/fr\/#\/schema\/logo\/image\/"}}]},"product_brand":"Life Extension","product_price_amount":"15.96","product_price_currency":"EUR","og_availability":"instock","product_availability":"instock","product_retailer_item_id":"737870349051","product_condition":"new"},"_links":{"self":[{"href":"https:\/\/ecosupplements.be\/fr\/wp-json\/wp\/v2\/product\/288043","targetHints":{"allow":["GET"]}}],"collection":[{"href":"https:\/\/ecosupplements.be\/fr\/wp-json\/wp\/v2\/product"}],"about":[{"href":"https:\/\/ecosupplements.be\/fr\/wp-json\/wp\/v2\/types\/product"}],"replies":[{"embeddable":true,"href":"https:\/\/ecosupplements.be\/fr\/wp-json\/wp\/v2\/comments?post=288043"}],"wp:featuredmedia":[{"embeddable":true,"href":"https:\/\/ecosupplements.be\/fr\/wp-json\/wp\/v2\/media\/247966"}],"wp:attachment":[{"href":"https:\/\/ecosupplements.be\/fr\/wp-json\/wp\/v2\/media?parent=288043"}],"wp:term":[{"taxonomy":"product_brand","embeddable":true,"href":"https:\/\/ecosupplements.be\/fr\/wp-json\/wp\/v2\/product_brand?post=288043"},{"taxonomy":"product_cat","embeddable":true,"href":"https:\/\/ecosupplements.be\/fr\/wp-json\/wp\/v2\/product_cat?post=288043"},{"taxonomy":"product_tag","embeddable":true,"href":"https:\/\/ecosupplements.be\/fr\/wp-json\/wp\/v2\/product_tag?post=288043"}],"curies":[{"name":"wp","href":"https:\/\/api.w.org\/{rel}","templated":true}]}}