{"id":288049,"date":"2022-06-28T10:02:43","date_gmt":"2022-06-28T09:02:43","guid":{"rendered":"https:\/\/ecosupplements.be\/product\/ulesdeux-par-jour-multivitamines-120-capsules\/"},"modified":"2025-08-27T14:34:18","modified_gmt":"2025-08-27T13:34:18","slug":"ulesdeux-par-jour-multivitamines-120-capsules","status":"publish","type":"product","link":"https:\/\/ecosupplements.be\/fr\/produit\/ulesdeux-par-jour-multivitamines-120-capsules\/","title":{"rendered":"Ules\n\nDeux par jour, Multivitamines &#8211; 120 capsules"},"content":{"rendered":"<h1>Two-Per-Day, Multivitamin &#8211; 120 caps<\/h1>\n<p>Le Two-Per-Day, Multivitamin de Life\u200c Extension est un compl\u00e9ment alimentaire complet et\u200b puissant qui\u2064 fournit une large gamme de vitamines,\u2064 de min\u00e9raux et de nutriments essentiels pour soutenir\u200b la \u200csant\u00e9 globale et le bien-\u00eatre.<\/p>\n<h2>Caract\u00e9ristiques sp\u00e9ciales:<\/h2>\n<ul>\n<li>Formule \u00e0 haute dose avec 120 capsules\u2063 par bouteille pour un approvisionnement de 60 jours<\/li>\n<li>Contient des vitamines, \u2063des min\u00e9raux et des nutriments essentiels pour \u200bsoutenir la sant\u00e9 globale<\/li>\n<li>Formule \u00e0 lib\u00e9ration prolong\u00e9e pour\u200d une absorption optimale des nutriments<\/li>\n<li>Contient des ingr\u00e9dients de qualit\u00e9 sup\u00e9rieure pour \u2062une efficacit\u00e9 maximale<\/li>\n<li>Formule v\u00e9g\u00e9tarienne \u200det sans gluten<\/li>\n<\/ul>\n<h2>Ingr\u00e9dients cl\u00e9s:<\/h2>\n<p>Le Two-Per-Day, Multivitamin contient une combinaison unique \u200dde vitamines, de \u2063min\u00e9raux et de nutriments essentiels pour soutenir la \u200csant\u00e9 globale. Voici quelques-uns \u200bdes ingr\u00e9dients cl\u00e9s de ce compl\u00e9ment alimentaire:<\/p>\n<ul>\n<li>Vitamine\u2063 A: essentielle pour la sant\u00e9 des yeux, de la peau et du syst\u00e8me immunitaire<\/li>\n<li>Vitamine\u200d C: un antioxydant puissant qui soutient la sant\u00e9 immunitaire et la sant\u00e9 des \u200dtissus<\/li>\n<li>Vitamine D3: importante pour\u200c la sant\u00e9 des\u2063 os et des dents<\/li>\n<li>Vitamine\u2064 E: un antioxydant qui\u2063 prot\u00e8ge les cellules contre les\u200c dommages caus\u00e9s\u2064 par\u2062 les radicaux libres<\/li>\n<li>Vitamine K: essentielle pour la sant\u00e9 des os et la coagulation sanguine<\/li>\n<li>Calcium: important pour la sant\u00e9 des os et des dents<\/li>\n<li>Magn\u00e9sium: soutient la sant\u00e9 cardiovasculaire et musculaire<\/li>\n<li>S\u00e9l\u00e9nium: un antioxydant qui soutient la sant\u00e9 immunitaire et la sant\u00e9 de la thyro\u00efde<\/li>\n<li>Zinc:\u200d important pour la sant\u00e9 immunitaire et la sant\u00e9 de\u200b la peau<\/li>\n<li>Extrait de th\u00e9 vert: un antioxydant puissant qui soutient la\u2063 sant\u00e9 cardiovasculaire et\u200b la sant\u00e9 m\u00e9tabolique<\/li>\n<li>Lut\u00e9ine: importante pour la sant\u00e9 des yeux et la sant\u00e9\u2063 de la peau<\/li>\n<\/ul>\n<h2>Avantages uniques:<\/h2>\n<p>Le Two-Per-Day, Multivitamin de \u200cLife Extension offre une formule compl\u00e8te et puissante pour soutenir la sant\u00e9 globale et \u200cle bien-\u00eatre. En plus de fournir \u200bune large gamme de vitamines, de min\u00e9raux et de nutriments essentiels,\u200c ce compl\u00e9ment alimentaire \u2063offre \u00e9galement une formule \u00e0 lib\u00e9ration prolong\u00e9e\u2064 pour une absorption optimale des nutriments. De \u2064plus, il est formul\u00e9 \u200davec des \u200dingr\u00e9dients de qualit\u00e9 sup\u00e9rieure pour une efficacit\u00e9 maximale.<\/p>\n<p>Ce compl\u00e9ment alimentaire est \u00e9galement v\u00e9g\u00e9tarien \u200bet sans \u200cgluten, ce \u200bqui le rend adapt\u00e9 \u00e0 un large \u00e9ventail de r\u00e9gimes alimentaires. Il est fabriqu\u00e9 aux \u00c9tats-Unis selon les \u200dnormes de qualit\u00e9 les plus strictes pour garantir la s\u00e9curit\u00e9 \u200cet la puret\u00e9.<\/p>\n<h2>Utilisation \u2063recommand\u00e9e:<\/h2>\n<p>Il est recommand\u00e9 de prendre\u2062 deux capsules par jour avec un repas, ou selon les directives d&#8217;un professionnel de la \u200csant\u00e9. \u200dComme\u2063 pour \u2063tout compl\u00e9ment alimentaire, veuillez consulter votre m\u00e9decin avant de commencer \u00e0 utiliser le Two-Per-Day, Multivitamin.<\/p>\n<p>Offrez \u00e0\u200d votre corps les nutriments essentiels dont il a besoin pour rester en bonne sant\u00e9 et en forme avec le Two-Per-Day, \u200cMultivitamin\u2062 de Life Extension. Commandez \u200dd\u00e8s maintenant et profitez\u200d d&#8217;une sant\u00e9 optimale!<\/p>\n","protected":false},"excerpt":{"rendered":"<p>Two-Per-Day, Multivitamin &#8211; 120 caps Le Two-Per-Day, Multivitamin de Life\u200c Extension est un compl\u00e9ment alimentaire complet et\u200b puissant qui\u2064 fournit une large gamme de vitamines,\u2064 de min\u00e9raux et de nutriments essentiels pour soutenir\u200b la \u200csant\u00e9 globale et le bien-\u00eatre. Caract\u00e9ristiques sp\u00e9ciales: Formule \u00e0 haute dose avec 120 capsules\u2063 par bouteille pour un approvisionnement de 60 [&#8230;]\n","protected":false},"featured_media":240758,"comment_status":"open","ping_status":"open","template":"","meta":[],"product_brand":[4723],"product_cat":[5062,5053],"product_tag":[],"class_list":{"0":"post-288049","1":"product","2":"type-product","3":"status-publish","4":"has-post-thumbnail","6":"product_brand-life-extension-2","7":"product_cat-multivitamines","8":"product_cat-vitamines-et-mineraux","10":"first","11":"instock","12":"taxable","13":"shipping-taxable","14":"purchasable","15":"product-type-simple"},"yoast_head":"<!-- This site is optimized with the Yoast SEO Premium plugin v27.3 (Yoast SEO v27.3) - https:\/\/yoast.com\/product\/yoast-seo-premium-wordpress\/ -->\n<title>Ules Deux par jour, Multivitamines - 120 capsules - ECO Supplements<\/title>\n<meta name=\"description\" content=\"Wij hebben een ruime keuze aan producten van Ules Deux par jour, Multivitamines - 120 capsules . Winkel bij Eco Supplements altijd gratis verzending boven 100\u20ac\" \/>\n<meta name=\"robots\" content=\"index, follow, max-snippet:-1, max-image-preview:large, max-video-preview:-1\" \/>\n<link rel=\"canonical\" href=\"https:\/\/ecosupplements.be\/fr\/produit\/ulesdeux-par-jour-multivitamines-120-capsules\/\" \/>\n<meta property=\"og:locale\" content=\"fr_FR\" \/>\n<meta property=\"og:type\" content=\"article\" \/>\n<meta property=\"og:title\" content=\"Ules Deux par jour, Multivitamines - 120 capsules\" \/>\n<meta property=\"og:description\" content=\"Wij hebben een ruime keuze aan producten van Ules Deux par jour, Multivitamines - 120 capsules . Winkel bij Eco Supplements altijd gratis verzending boven 100\u20ac\" \/>\n<meta property=\"og:url\" content=\"https:\/\/ecosupplements.be\/fr\/produit\/ulesdeux-par-jour-multivitamines-120-capsules\/\" \/>\n<meta property=\"og:site_name\" content=\"ECO Supplements\" \/>\n<meta property=\"article:modified_time\" content=\"2025-08-27T13:34:18+00:00\" \/>\n<meta property=\"og:image\" content=\"https:\/\/ecosupplements.be\/wp-content\/uploads\/2025\/08\/Two-Per-Day-Capsules-120-caps.jpg\" \/>\n\t<meta property=\"og:image:width\" content=\"257\" \/>\n\t<meta property=\"og:image:height\" content=\"426\" \/>\n\t<meta property=\"og:image:type\" content=\"image\/jpeg\" \/>\n<meta name=\"twitter:card\" content=\"summary_large_image\" \/>\n<meta name=\"twitter:label1\" content=\"Prix\" \/>\n\t<meta name=\"twitter:data1\" content=\"41.91&nbsp;&euro;\" \/>\n\t<meta name=\"twitter:label2\" content=\"Disponibilit\u00e9\" \/>\n\t<meta name=\"twitter:data2\" content=\"En stock\" \/>\n<script type=\"application\/ld+json\" class=\"yoast-schema-graph\">{\"@context\":\"https:\\\/\\\/schema.org\",\"@graph\":[{\"@type\":[\"WebPage\",\"ItemPage\"],\"@id\":\"https:\\\/\\\/ecosupplements.be\\\/fr\\\/produit\\\/ulesdeux-par-jour-multivitamines-120-capsules\\\/\",\"url\":\"https:\\\/\\\/ecosupplements.be\\\/fr\\\/produit\\\/ulesdeux-par-jour-multivitamines-120-capsules\\\/\",\"name\":\"Ules Deux par jour, Multivitamines - 120 capsules - ECO Supplements\",\"isPartOf\":{\"@id\":\"https:\\\/\\\/ecosupplements.be\\\/fr\\\/#website\"},\"primaryImageOfPage\":{\"@id\":\"https:\\\/\\\/ecosupplements.be\\\/fr\\\/produit\\\/ulesdeux-par-jour-multivitamines-120-capsules\\\/#primaryimage\"},\"image\":{\"@id\":\"https:\\\/\\\/ecosupplements.be\\\/fr\\\/produit\\\/ulesdeux-par-jour-multivitamines-120-capsules\\\/#primaryimage\"},\"thumbnailUrl\":\"https:\\\/\\\/ecosupplements.be\\\/wp-content\\\/uploads\\\/2025\\\/08\\\/Life-Extension-Two-Per-Day-Capsules-120-caps.jpg\",\"datePublished\":\"2022-06-28T09:02:43+00:00\",\"dateModified\":\"2025-08-27T13:34:18+00:00\",\"description\":\"Wij hebben een ruime keuze aan producten van Ules Deux par jour, Multivitamines - 120 capsules . Winkel bij Eco Supplements altijd gratis verzending boven 100\u20ac\",\"breadcrumb\":{\"@id\":\"https:\\\/\\\/ecosupplements.be\\\/fr\\\/produit\\\/ulesdeux-par-jour-multivitamines-120-capsules\\\/#breadcrumb\"},\"inLanguage\":\"fr-FR\",\"potentialAction\":[{\"@type\":\"ReadAction\",\"target\":[\"https:\\\/\\\/ecosupplements.be\\\/fr\\\/produit\\\/ulesdeux-par-jour-multivitamines-120-capsules\\\/\"]}]},{\"@type\":\"ImageObject\",\"inLanguage\":\"fr-FR\",\"@id\":\"https:\\\/\\\/ecosupplements.be\\\/fr\\\/produit\\\/ulesdeux-par-jour-multivitamines-120-capsules\\\/#primaryimage\",\"url\":\"https:\\\/\\\/ecosupplements.be\\\/wp-content\\\/uploads\\\/2025\\\/08\\\/Life-Extension-Two-Per-Day-Capsules-120-caps.jpg\",\"contentUrl\":\"https:\\\/\\\/ecosupplements.be\\\/wp-content\\\/uploads\\\/2025\\\/08\\\/Life-Extension-Two-Per-Day-Capsules-120-caps.jpg\",\"width\":750,\"height\":750},{\"@type\":\"BreadcrumbList\",\"@id\":\"https:\\\/\\\/ecosupplements.be\\\/fr\\\/produit\\\/ulesdeux-par-jour-multivitamines-120-capsules\\\/#breadcrumb\",\"itemListElement\":[{\"@type\":\"ListItem\",\"position\":1,\"name\":\"Home\",\"item\":\"https:\\\/\\\/ecosupplements.be\\\/fr\\\/\"},{\"@type\":\"ListItem\",\"position\":2,\"name\":\"Boutique\",\"item\":\"https:\\\/\\\/ecosupplements.be\\\/fr\\\/boutique\\\/\"},{\"@type\":\"ListItem\",\"position\":3,\"name\":\"Ules Deux par jour, Multivitamines &#8211; 120 capsules\"}]},{\"@type\":\"WebSite\",\"@id\":\"https:\\\/\\\/ecosupplements.be\\\/fr\\\/#website\",\"url\":\"https:\\\/\\\/ecosupplements.be\\\/fr\\\/\",\"name\":\"ECO Supplements\",\"description\":\"Eco Supplements - Gezonde supplementen\",\"publisher\":{\"@id\":\"https:\\\/\\\/ecosupplements.be\\\/fr\\\/#organization\"},\"potentialAction\":[{\"@type\":\"SearchAction\",\"target\":{\"@type\":\"EntryPoint\",\"urlTemplate\":\"https:\\\/\\\/ecosupplements.be\\\/fr\\\/?s={search_term_string}\"},\"query-input\":{\"@type\":\"PropertyValueSpecification\",\"valueRequired\":true,\"valueName\":\"search_term_string\"}}],\"inLanguage\":\"fr-FR\"},{\"@type\":\"Organization\",\"@id\":\"https:\\\/\\\/ecosupplements.be\\\/fr\\\/#organization\",\"name\":\"Eco Supplements\",\"url\":\"https:\\\/\\\/ecosupplements.be\\\/fr\\\/\",\"logo\":{\"@type\":\"ImageObject\",\"inLanguage\":\"fr-FR\",\"@id\":\"https:\\\/\\\/ecosupplements.be\\\/fr\\\/#\\\/schema\\\/logo\\\/image\\\/\",\"url\":\"https:\\\/\\\/ecosupplements.be\\\/wp-content\\\/uploads\\\/2022\\\/06\\\/ecosupplement-family.png\",\"contentUrl\":\"https:\\\/\\\/ecosupplements.be\\\/wp-content\\\/uploads\\\/2022\\\/06\\\/ecosupplement-family.png\",\"width\":593,\"height\":374,\"caption\":\"Eco Supplements\"},\"image\":{\"@id\":\"https:\\\/\\\/ecosupplements.be\\\/fr\\\/#\\\/schema\\\/logo\\\/image\\\/\"}}]}<\/script>\n<meta property=\"product:brand\" content=\"Life Extension\" \/>\n<meta property=\"product:price:amount\" content=\"41.91\" \/>\n<meta property=\"product:price:currency\" content=\"EUR\" \/>\n<meta property=\"og:availability\" content=\"instock\" \/>\n<meta property=\"product:availability\" content=\"instock\" \/>\n<meta property=\"product:retailer_item_id\" content=\"737870231417\" \/>\n<meta property=\"product:condition\" content=\"new\" \/>\n<!-- \/ Yoast SEO Premium plugin. -->","yoast_head_json":{"title":"Ules Deux par jour, Multivitamines - 120 capsules - ECO Supplements","description":"Wij hebben een ruime keuze aan producten van Ules Deux par jour, Multivitamines - 120 capsules . Winkel bij Eco Supplements altijd gratis verzending boven 100\u20ac","robots":{"index":"index","follow":"follow","max-snippet":"max-snippet:-1","max-image-preview":"max-image-preview:large","max-video-preview":"max-video-preview:-1"},"canonical":"https:\/\/ecosupplements.be\/fr\/produit\/ulesdeux-par-jour-multivitamines-120-capsules\/","og_locale":"fr_FR","og_type":"article","og_title":"Ules Deux par jour, Multivitamines - 120 capsules","og_description":"Wij hebben een ruime keuze aan producten van Ules Deux par jour, Multivitamines - 120 capsules . Winkel bij Eco Supplements altijd gratis verzending boven 100\u20ac","og_url":"https:\/\/ecosupplements.be\/fr\/produit\/ulesdeux-par-jour-multivitamines-120-capsules\/","og_site_name":"ECO Supplements","article_modified_time":"2025-08-27T13:34:18+00:00","og_image":[{"width":257,"height":426,"url":"https:\/\/ecosupplements.be\/wp-content\/uploads\/2025\/08\/Two-Per-Day-Capsules-120-caps.jpg","type":"image\/jpeg"}],"twitter_card":"summary_large_image","twitter_misc":{"Prix":"41.91&nbsp;&euro;","Disponibilit\u00e9":"En stock"},"schema":{"@context":"https:\/\/schema.org","@graph":[{"@type":["WebPage","ItemPage"],"@id":"https:\/\/ecosupplements.be\/fr\/produit\/ulesdeux-par-jour-multivitamines-120-capsules\/","url":"https:\/\/ecosupplements.be\/fr\/produit\/ulesdeux-par-jour-multivitamines-120-capsules\/","name":"Ules Deux par jour, Multivitamines - 120 capsules - ECO Supplements","isPartOf":{"@id":"https:\/\/ecosupplements.be\/fr\/#website"},"primaryImageOfPage":{"@id":"https:\/\/ecosupplements.be\/fr\/produit\/ulesdeux-par-jour-multivitamines-120-capsules\/#primaryimage"},"image":{"@id":"https:\/\/ecosupplements.be\/fr\/produit\/ulesdeux-par-jour-multivitamines-120-capsules\/#primaryimage"},"thumbnailUrl":"https:\/\/ecosupplements.be\/wp-content\/uploads\/2025\/08\/Life-Extension-Two-Per-Day-Capsules-120-caps.jpg","datePublished":"2022-06-28T09:02:43+00:00","dateModified":"2025-08-27T13:34:18+00:00","description":"Wij hebben een ruime keuze aan producten van Ules Deux par jour, Multivitamines - 120 capsules . Winkel bij Eco Supplements altijd gratis verzending boven 100\u20ac","breadcrumb":{"@id":"https:\/\/ecosupplements.be\/fr\/produit\/ulesdeux-par-jour-multivitamines-120-capsules\/#breadcrumb"},"inLanguage":"fr-FR","potentialAction":[{"@type":"ReadAction","target":["https:\/\/ecosupplements.be\/fr\/produit\/ulesdeux-par-jour-multivitamines-120-capsules\/"]}]},{"@type":"ImageObject","inLanguage":"fr-FR","@id":"https:\/\/ecosupplements.be\/fr\/produit\/ulesdeux-par-jour-multivitamines-120-capsules\/#primaryimage","url":"https:\/\/ecosupplements.be\/wp-content\/uploads\/2025\/08\/Life-Extension-Two-Per-Day-Capsules-120-caps.jpg","contentUrl":"https:\/\/ecosupplements.be\/wp-content\/uploads\/2025\/08\/Life-Extension-Two-Per-Day-Capsules-120-caps.jpg","width":750,"height":750},{"@type":"BreadcrumbList","@id":"https:\/\/ecosupplements.be\/fr\/produit\/ulesdeux-par-jour-multivitamines-120-capsules\/#breadcrumb","itemListElement":[{"@type":"ListItem","position":1,"name":"Home","item":"https:\/\/ecosupplements.be\/fr\/"},{"@type":"ListItem","position":2,"name":"Boutique","item":"https:\/\/ecosupplements.be\/fr\/boutique\/"},{"@type":"ListItem","position":3,"name":"Ules Deux par jour, Multivitamines &#8211; 120 capsules"}]},{"@type":"WebSite","@id":"https:\/\/ecosupplements.be\/fr\/#website","url":"https:\/\/ecosupplements.be\/fr\/","name":"ECO Supplements","description":"Eco Supplements - Gezonde supplementen","publisher":{"@id":"https:\/\/ecosupplements.be\/fr\/#organization"},"potentialAction":[{"@type":"SearchAction","target":{"@type":"EntryPoint","urlTemplate":"https:\/\/ecosupplements.be\/fr\/?s={search_term_string}"},"query-input":{"@type":"PropertyValueSpecification","valueRequired":true,"valueName":"search_term_string"}}],"inLanguage":"fr-FR"},{"@type":"Organization","@id":"https:\/\/ecosupplements.be\/fr\/#organization","name":"Eco Supplements","url":"https:\/\/ecosupplements.be\/fr\/","logo":{"@type":"ImageObject","inLanguage":"fr-FR","@id":"https:\/\/ecosupplements.be\/fr\/#\/schema\/logo\/image\/","url":"https:\/\/ecosupplements.be\/wp-content\/uploads\/2022\/06\/ecosupplement-family.png","contentUrl":"https:\/\/ecosupplements.be\/wp-content\/uploads\/2022\/06\/ecosupplement-family.png","width":593,"height":374,"caption":"Eco Supplements"},"image":{"@id":"https:\/\/ecosupplements.be\/fr\/#\/schema\/logo\/image\/"}}]},"product_brand":"Life Extension","product_price_amount":"41.91","product_price_currency":"EUR","og_availability":"instock","product_availability":"instock","product_retailer_item_id":"737870231417","product_condition":"new"},"_links":{"self":[{"href":"https:\/\/ecosupplements.be\/fr\/wp-json\/wp\/v2\/product\/288049","targetHints":{"allow":["GET"]}}],"collection":[{"href":"https:\/\/ecosupplements.be\/fr\/wp-json\/wp\/v2\/product"}],"about":[{"href":"https:\/\/ecosupplements.be\/fr\/wp-json\/wp\/v2\/types\/product"}],"replies":[{"embeddable":true,"href":"https:\/\/ecosupplements.be\/fr\/wp-json\/wp\/v2\/comments?post=288049"}],"wp:featuredmedia":[{"embeddable":true,"href":"https:\/\/ecosupplements.be\/fr\/wp-json\/wp\/v2\/media\/240758"}],"wp:attachment":[{"href":"https:\/\/ecosupplements.be\/fr\/wp-json\/wp\/v2\/media?parent=288049"}],"wp:term":[{"taxonomy":"product_brand","embeddable":true,"href":"https:\/\/ecosupplements.be\/fr\/wp-json\/wp\/v2\/product_brand?post=288049"},{"taxonomy":"product_cat","embeddable":true,"href":"https:\/\/ecosupplements.be\/fr\/wp-json\/wp\/v2\/product_cat?post=288049"},{"taxonomy":"product_tag","embeddable":true,"href":"https:\/\/ecosupplements.be\/fr\/wp-json\/wp\/v2\/product_tag?post=288049"}],"curies":[{"name":"wp","href":"https:\/\/api.w.org\/{rel}","templated":true}]}}