{"id":288061,"date":"2022-06-28T10:18:16","date_gmt":"2022-06-28T09:18:16","guid":{"rendered":"https:\/\/ecosupplements.be\/product\/vitamine-b6-250mg-100-gelules\/"},"modified":"2025-08-27T14:34:28","modified_gmt":"2025-08-27T13:34:28","slug":"vitamine-b6-250mg-100-gelules","status":"publish","type":"product","link":"https:\/\/ecosupplements.be\/fr\/produit\/vitamine-b6-250mg-100-gelules\/","title":{"rendered":"Vitamine B6, 250mg &#8211; 100 g\u00e9lules"},"content":{"rendered":"<h1>Description du produit:<\/h1>\n<p>La vitamine B6, \u00e9galement connue sous \u2063le nom de pyridoxine, est \u200cun nutriment essentiel pour le bon fonctionnement de notre corps. Elle \u2063joue un\u2064 r\u00f4le important dans de nombreuses fonctions biologiques, notamment la production d&#8217;\u00e9nergie, la synth\u00e8se\u200c des prot\u00e9ines et la r\u00e9gulation du syst\u00e8me nerveux.<\/p>\n<p>Les capsules de\u2062 vitamine B6\u2064 de Life Extension contiennent\u200d 250mg de pyridoxine, ce qui en fait un compl\u00e9ment puissant\u200b pour r\u00e9pondre \u00e0 vos besoins quotidiens en\u2062 vitamine B6. Chaque flacon\u2064 contient \u2064100 capsules v\u00e9g\u00e9tales, ce qui \u00e9quivaut \u00e0 un approvisionnement \u2063de plus de 3 mois.<\/p>\n<h2>Ingr\u00e9dients:<\/h2>\n<ul>\n<li>Vitamine B6 (sous forme de pyridoxine HCl) &#8211; \u200d250mg<\/li>\n<li>Cellulose microcristalline<\/li>\n<li>Cellulose \u2062v\u00e9g\u00e9tale (capsule)<\/li>\n<li>Silice<\/li>\n<li>St\u00e9arate de magn\u00e9sium\u2064 v\u00e9g\u00e9tal<\/li>\n<\/ul>\n<p>Ce produit ne contient pas de \u200bbl\u00e9, de gluten, de soja, de lait, d&#8217;oeufs, de poisson, de crustac\u00e9s ou \u200dde noix.<\/p>\n<h2>Avantages uniques:<\/h2>\n<ul>\n<li>Formule hautement dos\u00e9e\u200d &#8211; Chaque capsule contient 250mg de vitamine \u200bB6, ce qui en fait un compl\u00e9ment puissant pour r\u00e9pondre \u00e0 vos besoins quotidiens.<\/li>\n<li>Facile \u00e0 prendre &#8211; \u2064Les capsules v\u00e9g\u00e9tales\u200d sont faciles \u00e0 avaler et conviennent aux v\u00e9g\u00e9tariens.<\/li>\n<li>Qualit\u00e9 sup\u00e9rieure &#8211; Les\u2063 ingr\u00e9dients sont soigneusement s\u00e9lectionn\u00e9s et test\u00e9s pour garantir la puret\u00e9 et la qualit\u00e9 du produit.<\/li>\n<li>Longue dur\u00e9e\u2062 &#8211; Chaque flacon contient 100 capsules, ce qui \u00e9quivaut \u2062\u00e0 un approvisionnement de plus de\u2063 3 mois.<\/li>\n<\/ul>\n<h2>Utilisation sugg\u00e9r\u00e9e:<\/h2>\n<p>Prenez une (1) capsule par jour avec de la nourriture,\u200d ou selon les recommandations d&#8217;un professionnel de la sant\u00e9.<\/p>\n<p>La vitamine B6 \u200cest un nutriment essentiel pour le \u2063bon fonctionnement de notre corps. Elle peut \u00eatre b\u00e9n\u00e9fique pour les personnes souffrant de carences\u200d en vitamine B6, \u200bainsi que pour les personnes souhaitant \u200bmaintenir un syst\u00e8me nerveux sain et une production d&#8217;\u00e9nergie optimale.<\/p>\n<p>Ne d\u00e9passez \u2063pas la dose recommand\u00e9e. Consultez un \u2064professionnel de la sant\u00e9 avant de prendre ce produit si \u200bvous \u00eates enceinte, allaitez, prenez des m\u00e9dicaments ou si vous avez un\u200c probl\u00e8me de\u2062 sant\u00e9.<\/p>\n<p>Conservez dans un endroit frais et\u200c sec. Tenir hors de \u2062port\u00e9e des enfants.<\/p>\n<p>Donnez \u00e0 votre corps le \u2064soutien dont il a besoin avec les capsules \u200dde vitamine \u2062B6 de Life Extension.\u200d Commandez \u200bd\u00e8s maintenant et profitez d&#8217;un approvisionnement de plus de 3 mois en\u2062 un seul flacon !<\/p>\n","protected":false},"excerpt":{"rendered":"<p>Description du produit: La vitamine B6, \u00e9galement connue sous \u2063le nom de pyridoxine, est \u200cun nutriment essentiel pour le bon fonctionnement de notre corps. Elle \u2063joue un\u2064 r\u00f4le important dans de nombreuses fonctions biologiques, notamment la production d&#8217;\u00e9nergie, la synth\u00e8se\u200c des prot\u00e9ines et la r\u00e9gulation du syst\u00e8me nerveux. Les capsules de\u2062 vitamine B6\u2064 de Life [&#8230;]\n","protected":false},"featured_media":248021,"comment_status":"open","ping_status":"open","template":"","meta":[],"product_brand":[4723],"product_cat":[5052,5053],"product_tag":[],"class_list":{"0":"post-288061","1":"product","2":"type-product","3":"status-publish","4":"has-post-thumbnail","6":"product_brand-life-extension-2","7":"product_cat-sante-et-bien-etre","8":"product_cat-vitamines-et-mineraux","10":"first","11":"instock","12":"taxable","13":"shipping-taxable","14":"purchasable","15":"product-type-simple"},"yoast_head":"<!-- This site is optimized with the Yoast SEO Premium plugin v27.3 (Yoast SEO v27.3) - https:\/\/yoast.com\/product\/yoast-seo-premium-wordpress\/ -->\n<title>Vitamine B6, 250mg - 100 g\u00e9lules - ECO Supplements<\/title>\n<meta name=\"description\" content=\"Wij hebben een ruime keuze aan producten van Vitamine B6, 250mg - 100 g\u00e9lules . Winkel bij Eco Supplements altijd gratis verzending boven 100\u20ac\" \/>\n<meta name=\"robots\" content=\"index, follow, max-snippet:-1, max-image-preview:large, max-video-preview:-1\" \/>\n<link rel=\"canonical\" href=\"https:\/\/ecosupplements.be\/fr\/produit\/vitamine-b6-250mg-100-gelules\/\" \/>\n<meta property=\"og:locale\" content=\"fr_FR\" \/>\n<meta property=\"og:type\" content=\"article\" \/>\n<meta property=\"og:title\" content=\"Vitamine B6, 250mg - 100 g\u00e9lules\" \/>\n<meta property=\"og:description\" content=\"Wij hebben een ruime keuze aan producten van Vitamine B6, 250mg - 100 g\u00e9lules . Winkel bij Eco Supplements altijd gratis verzending boven 100\u20ac\" \/>\n<meta property=\"og:url\" content=\"https:\/\/ecosupplements.be\/fr\/produit\/vitamine-b6-250mg-100-gelules\/\" \/>\n<meta property=\"og:site_name\" content=\"ECO Supplements\" \/>\n<meta property=\"article:modified_time\" content=\"2025-08-27T13:34:28+00:00\" \/>\n<meta property=\"og:image\" content=\"https:\/\/ecosupplements.be\/wp-content\/uploads\/2025\/08\/Vitamin-B6-250mg-100-vcaps.jpg\" \/>\n\t<meta property=\"og:image:width\" content=\"600\" \/>\n\t<meta property=\"og:image:height\" content=\"600\" \/>\n\t<meta property=\"og:image:type\" content=\"image\/jpeg\" \/>\n<meta name=\"twitter:card\" content=\"summary_large_image\" \/>\n<meta name=\"twitter:label1\" content=\"Prix\" \/>\n\t<meta name=\"twitter:data1\" content=\"13.62&nbsp;&euro;\" \/>\n\t<meta name=\"twitter:label2\" content=\"Disponibilit\u00e9\" \/>\n\t<meta name=\"twitter:data2\" content=\"En stock\" \/>\n<script type=\"application\/ld+json\" class=\"yoast-schema-graph\">{\"@context\":\"https:\\\/\\\/schema.org\",\"@graph\":[{\"@type\":[\"WebPage\",\"ItemPage\"],\"@id\":\"https:\\\/\\\/ecosupplements.be\\\/fr\\\/produit\\\/vitamine-b6-250mg-100-gelules\\\/\",\"url\":\"https:\\\/\\\/ecosupplements.be\\\/fr\\\/produit\\\/vitamine-b6-250mg-100-gelules\\\/\",\"name\":\"Vitamine B6, 250mg - 100 g\u00e9lules - ECO Supplements\",\"isPartOf\":{\"@id\":\"https:\\\/\\\/ecosupplements.be\\\/fr\\\/#website\"},\"primaryImageOfPage\":{\"@id\":\"https:\\\/\\\/ecosupplements.be\\\/fr\\\/produit\\\/vitamine-b6-250mg-100-gelules\\\/#primaryimage\"},\"image\":{\"@id\":\"https:\\\/\\\/ecosupplements.be\\\/fr\\\/produit\\\/vitamine-b6-250mg-100-gelules\\\/#primaryimage\"},\"thumbnailUrl\":\"https:\\\/\\\/ecosupplements.be\\\/wp-content\\\/uploads\\\/2025\\\/08\\\/Life-Extension-Vitamin-B6-100-vcaps.jpg\",\"datePublished\":\"2022-06-28T09:18:16+00:00\",\"dateModified\":\"2025-08-27T13:34:28+00:00\",\"description\":\"Wij hebben een ruime keuze aan producten van Vitamine B6, 250mg - 100 g\u00e9lules . Winkel bij Eco Supplements altijd gratis verzending boven 100\u20ac\",\"breadcrumb\":{\"@id\":\"https:\\\/\\\/ecosupplements.be\\\/fr\\\/produit\\\/vitamine-b6-250mg-100-gelules\\\/#breadcrumb\"},\"inLanguage\":\"fr-FR\",\"potentialAction\":[{\"@type\":\"ReadAction\",\"target\":[\"https:\\\/\\\/ecosupplements.be\\\/fr\\\/produit\\\/vitamine-b6-250mg-100-gelules\\\/\"]}]},{\"@type\":\"ImageObject\",\"inLanguage\":\"fr-FR\",\"@id\":\"https:\\\/\\\/ecosupplements.be\\\/fr\\\/produit\\\/vitamine-b6-250mg-100-gelules\\\/#primaryimage\",\"url\":\"https:\\\/\\\/ecosupplements.be\\\/wp-content\\\/uploads\\\/2025\\\/08\\\/Life-Extension-Vitamin-B6-100-vcaps.jpg\",\"contentUrl\":\"https:\\\/\\\/ecosupplements.be\\\/wp-content\\\/uploads\\\/2025\\\/08\\\/Life-Extension-Vitamin-B6-100-vcaps.jpg\",\"width\":750,\"height\":750},{\"@type\":\"BreadcrumbList\",\"@id\":\"https:\\\/\\\/ecosupplements.be\\\/fr\\\/produit\\\/vitamine-b6-250mg-100-gelules\\\/#breadcrumb\",\"itemListElement\":[{\"@type\":\"ListItem\",\"position\":1,\"name\":\"Home\",\"item\":\"https:\\\/\\\/ecosupplements.be\\\/fr\\\/\"},{\"@type\":\"ListItem\",\"position\":2,\"name\":\"Boutique\",\"item\":\"https:\\\/\\\/ecosupplements.be\\\/fr\\\/boutique\\\/\"},{\"@type\":\"ListItem\",\"position\":3,\"name\":\"Vitamine B6, 250mg &#8211; 100 g\u00e9lules\"}]},{\"@type\":\"WebSite\",\"@id\":\"https:\\\/\\\/ecosupplements.be\\\/fr\\\/#website\",\"url\":\"https:\\\/\\\/ecosupplements.be\\\/fr\\\/\",\"name\":\"ECO Supplements\",\"description\":\"Eco Supplements - Gezonde supplementen\",\"publisher\":{\"@id\":\"https:\\\/\\\/ecosupplements.be\\\/fr\\\/#organization\"},\"potentialAction\":[{\"@type\":\"SearchAction\",\"target\":{\"@type\":\"EntryPoint\",\"urlTemplate\":\"https:\\\/\\\/ecosupplements.be\\\/fr\\\/?s={search_term_string}\"},\"query-input\":{\"@type\":\"PropertyValueSpecification\",\"valueRequired\":true,\"valueName\":\"search_term_string\"}}],\"inLanguage\":\"fr-FR\"},{\"@type\":\"Organization\",\"@id\":\"https:\\\/\\\/ecosupplements.be\\\/fr\\\/#organization\",\"name\":\"Eco Supplements\",\"url\":\"https:\\\/\\\/ecosupplements.be\\\/fr\\\/\",\"logo\":{\"@type\":\"ImageObject\",\"inLanguage\":\"fr-FR\",\"@id\":\"https:\\\/\\\/ecosupplements.be\\\/fr\\\/#\\\/schema\\\/logo\\\/image\\\/\",\"url\":\"https:\\\/\\\/ecosupplements.be\\\/wp-content\\\/uploads\\\/2022\\\/06\\\/ecosupplement-family.png\",\"contentUrl\":\"https:\\\/\\\/ecosupplements.be\\\/wp-content\\\/uploads\\\/2022\\\/06\\\/ecosupplement-family.png\",\"width\":593,\"height\":374,\"caption\":\"Eco Supplements\"},\"image\":{\"@id\":\"https:\\\/\\\/ecosupplements.be\\\/fr\\\/#\\\/schema\\\/logo\\\/image\\\/\"}}]}<\/script>\n<meta property=\"product:brand\" content=\"Life Extension\" \/>\n<meta property=\"product:price:amount\" content=\"13.62\" \/>\n<meta property=\"product:price:currency\" content=\"EUR\" \/>\n<meta property=\"og:availability\" content=\"instock\" \/>\n<meta property=\"product:availability\" content=\"instock\" \/>\n<meta property=\"product:retailer_item_id\" content=\"737870153511\" \/>\n<meta property=\"product:condition\" content=\"new\" \/>\n<!-- \/ Yoast SEO Premium plugin. -->","yoast_head_json":{"title":"Vitamine B6, 250mg - 100 g\u00e9lules - ECO Supplements","description":"Wij hebben een ruime keuze aan producten van Vitamine B6, 250mg - 100 g\u00e9lules . Winkel bij Eco Supplements altijd gratis verzending boven 100\u20ac","robots":{"index":"index","follow":"follow","max-snippet":"max-snippet:-1","max-image-preview":"max-image-preview:large","max-video-preview":"max-video-preview:-1"},"canonical":"https:\/\/ecosupplements.be\/fr\/produit\/vitamine-b6-250mg-100-gelules\/","og_locale":"fr_FR","og_type":"article","og_title":"Vitamine B6, 250mg - 100 g\u00e9lules","og_description":"Wij hebben een ruime keuze aan producten van Vitamine B6, 250mg - 100 g\u00e9lules . Winkel bij Eco Supplements altijd gratis verzending boven 100\u20ac","og_url":"https:\/\/ecosupplements.be\/fr\/produit\/vitamine-b6-250mg-100-gelules\/","og_site_name":"ECO Supplements","article_modified_time":"2025-08-27T13:34:28+00:00","og_image":[{"width":600,"height":600,"url":"https:\/\/ecosupplements.be\/wp-content\/uploads\/2025\/08\/Vitamin-B6-250mg-100-vcaps.jpg","type":"image\/jpeg"}],"twitter_card":"summary_large_image","twitter_misc":{"Prix":"13.62&nbsp;&euro;","Disponibilit\u00e9":"En stock"},"schema":{"@context":"https:\/\/schema.org","@graph":[{"@type":["WebPage","ItemPage"],"@id":"https:\/\/ecosupplements.be\/fr\/produit\/vitamine-b6-250mg-100-gelules\/","url":"https:\/\/ecosupplements.be\/fr\/produit\/vitamine-b6-250mg-100-gelules\/","name":"Vitamine B6, 250mg - 100 g\u00e9lules - ECO Supplements","isPartOf":{"@id":"https:\/\/ecosupplements.be\/fr\/#website"},"primaryImageOfPage":{"@id":"https:\/\/ecosupplements.be\/fr\/produit\/vitamine-b6-250mg-100-gelules\/#primaryimage"},"image":{"@id":"https:\/\/ecosupplements.be\/fr\/produit\/vitamine-b6-250mg-100-gelules\/#primaryimage"},"thumbnailUrl":"https:\/\/ecosupplements.be\/wp-content\/uploads\/2025\/08\/Life-Extension-Vitamin-B6-100-vcaps.jpg","datePublished":"2022-06-28T09:18:16+00:00","dateModified":"2025-08-27T13:34:28+00:00","description":"Wij hebben een ruime keuze aan producten van Vitamine B6, 250mg - 100 g\u00e9lules . Winkel bij Eco Supplements altijd gratis verzending boven 100\u20ac","breadcrumb":{"@id":"https:\/\/ecosupplements.be\/fr\/produit\/vitamine-b6-250mg-100-gelules\/#breadcrumb"},"inLanguage":"fr-FR","potentialAction":[{"@type":"ReadAction","target":["https:\/\/ecosupplements.be\/fr\/produit\/vitamine-b6-250mg-100-gelules\/"]}]},{"@type":"ImageObject","inLanguage":"fr-FR","@id":"https:\/\/ecosupplements.be\/fr\/produit\/vitamine-b6-250mg-100-gelules\/#primaryimage","url":"https:\/\/ecosupplements.be\/wp-content\/uploads\/2025\/08\/Life-Extension-Vitamin-B6-100-vcaps.jpg","contentUrl":"https:\/\/ecosupplements.be\/wp-content\/uploads\/2025\/08\/Life-Extension-Vitamin-B6-100-vcaps.jpg","width":750,"height":750},{"@type":"BreadcrumbList","@id":"https:\/\/ecosupplements.be\/fr\/produit\/vitamine-b6-250mg-100-gelules\/#breadcrumb","itemListElement":[{"@type":"ListItem","position":1,"name":"Home","item":"https:\/\/ecosupplements.be\/fr\/"},{"@type":"ListItem","position":2,"name":"Boutique","item":"https:\/\/ecosupplements.be\/fr\/boutique\/"},{"@type":"ListItem","position":3,"name":"Vitamine B6, 250mg &#8211; 100 g\u00e9lules"}]},{"@type":"WebSite","@id":"https:\/\/ecosupplements.be\/fr\/#website","url":"https:\/\/ecosupplements.be\/fr\/","name":"ECO Supplements","description":"Eco Supplements - Gezonde supplementen","publisher":{"@id":"https:\/\/ecosupplements.be\/fr\/#organization"},"potentialAction":[{"@type":"SearchAction","target":{"@type":"EntryPoint","urlTemplate":"https:\/\/ecosupplements.be\/fr\/?s={search_term_string}"},"query-input":{"@type":"PropertyValueSpecification","valueRequired":true,"valueName":"search_term_string"}}],"inLanguage":"fr-FR"},{"@type":"Organization","@id":"https:\/\/ecosupplements.be\/fr\/#organization","name":"Eco Supplements","url":"https:\/\/ecosupplements.be\/fr\/","logo":{"@type":"ImageObject","inLanguage":"fr-FR","@id":"https:\/\/ecosupplements.be\/fr\/#\/schema\/logo\/image\/","url":"https:\/\/ecosupplements.be\/wp-content\/uploads\/2022\/06\/ecosupplement-family.png","contentUrl":"https:\/\/ecosupplements.be\/wp-content\/uploads\/2022\/06\/ecosupplement-family.png","width":593,"height":374,"caption":"Eco Supplements"},"image":{"@id":"https:\/\/ecosupplements.be\/fr\/#\/schema\/logo\/image\/"}}]},"product_brand":"Life Extension","product_price_amount":"13.62","product_price_currency":"EUR","og_availability":"instock","product_availability":"instock","product_retailer_item_id":"737870153511","product_condition":"new"},"_links":{"self":[{"href":"https:\/\/ecosupplements.be\/fr\/wp-json\/wp\/v2\/product\/288061","targetHints":{"allow":["GET"]}}],"collection":[{"href":"https:\/\/ecosupplements.be\/fr\/wp-json\/wp\/v2\/product"}],"about":[{"href":"https:\/\/ecosupplements.be\/fr\/wp-json\/wp\/v2\/types\/product"}],"replies":[{"embeddable":true,"href":"https:\/\/ecosupplements.be\/fr\/wp-json\/wp\/v2\/comments?post=288061"}],"wp:featuredmedia":[{"embeddable":true,"href":"https:\/\/ecosupplements.be\/fr\/wp-json\/wp\/v2\/media\/248021"}],"wp:attachment":[{"href":"https:\/\/ecosupplements.be\/fr\/wp-json\/wp\/v2\/media?parent=288061"}],"wp:term":[{"taxonomy":"product_brand","embeddable":true,"href":"https:\/\/ecosupplements.be\/fr\/wp-json\/wp\/v2\/product_brand?post=288061"},{"taxonomy":"product_cat","embeddable":true,"href":"https:\/\/ecosupplements.be\/fr\/wp-json\/wp\/v2\/product_cat?post=288061"},{"taxonomy":"product_tag","embeddable":true,"href":"https:\/\/ecosupplements.be\/fr\/wp-json\/wp\/v2\/product_tag?post=288061"}],"curies":[{"name":"wp","href":"https:\/\/api.w.org\/{rel}","templated":true}]}}