{"id":288070,"date":"2022-06-28T10:18:16","date_gmt":"2022-06-28T09:18:16","guid":{"rendered":"https:\/\/ecosupplements.be\/product\/vitamines-d-et-k-avec-iode-marin-60-capsules\/"},"modified":"2025-08-27T14:34:36","modified_gmt":"2025-08-27T13:34:36","slug":"vitamines-d-et-k-avec-iode-marin-60-capsules","status":"publish","type":"product","link":"https:\/\/ecosupplements.be\/fr\/produit\/vitamines-d-et-k-avec-iode-marin-60-capsules\/","title":{"rendered":"Vitamines D et K avec Iode Marin &#8211; 60 capsules"},"content":{"rendered":"<h1>Vitamines D\u200d et K avec Sea-Iodine &#8211; 60 \u200ccaps<\/h1>\n<p>Les vitamines D \u2064et K\u200d sont essentielles pour maintenir une \u200cbonne sant\u00e9 et un\u2063 bon fonctionnement de notre corps. \u2062Cependant,\u2064 de nombreuses personnes ne consomment pas suffisamment \u200dde\u200b ces vitamines \u200cdans leur alimentation quotidienne. C&#8217;est pourquoi Life \u200dExtension a cr\u00e9\u00e9\u200d les \u2063Vitamines D et K avec Sea-Iodine \u200b-\u2064 60 caps, un\u200c compl\u00e9ment alimentaire\u2064 complet qui fournit une \u200bdose optimale de ces vitamines ainsi que du Sea-Iodine pour une sant\u00e9 optimale.<\/p>\n<h2>Caract\u00e9ristiques sp\u00e9ciales<\/h2>\n<ul>\n<li>Contient des vitamines D et\u200b K ainsi \u200dque du\u2064 Sea-Iodine pour une formule compl\u00e8te<\/li>\n<li>Chaque capsule contient 5000 UI de vitamine D3 et 1000 mcg de vitamine K2<\/li>\n<li>Le Sea-Iodine fournit 1000 mcg \u2064d&#8217;iode naturellement d\u00e9riv\u00e9\u200d de l&#8217;algue brune<\/li>\n<li>Formule v\u00e9g\u00e9tarienne et sans gluten<\/li>\n<\/ul>\n<h2>Ingr\u00e9dients<\/h2>\n<p>Chaque capsule contient:<\/p>\n<ul>\n<li>Vitamine D3 \u200c(sous\u200c forme de chol\u00e9calcif\u00e9rol) &#8211; 5000 UI<\/li>\n<li>Vitamine K2 (sous forme de\u2062 m\u00e9naquinone-7) &#8211; 1000 mcg<\/li>\n<li>Sea-Iodine (extrait d&#8217;algue brune) -\u2062 1000 \u2064mcg<\/li>\n<\/ul>\n<p>Autres ingr\u00e9dients: cellulose v\u00e9g\u00e9tale (capsule), maltodextrine, amidon de\u2062 riz, amidon de\u200c ma\u00efs.<\/p>\n<h2>Avantages uniques<\/h2>\n<p>Les\u2062 vitamines D et K sont \u200bessentielles pour la sant\u00e9 des os, des dents et du syst\u00e8me immunitaire. La vitamine D aide \u00e0 l&#8217;absorption du calcium et du phosphore, \u200dtandis \u200bque la vitamine K joue \u200dun r\u00f4le\u200d important dans\u200c la\u2062 coagulation \u200dsanguine et la sant\u00e9 cardiovasculaire. Le Sea-Iodine fournit \u00e9galement \u2063un soutien pour la sant\u00e9 thyro\u00efdienne et la\u2063 fonction cognitive.<\/p>\n<p>Ce compl\u00e9ment alimentaire est id\u00e9al pour les personnes qui ne consomment \u200dpas suffisamment de vitamines D et K dans leur alimentation, ainsi que pour celles qui souhaitent un \u2064soutien\u2064 suppl\u00e9mentaire pour leur sant\u00e9 osseuse,\u200c cardiovasculaire et thyro\u00efdienne.<\/p>\n<h2>Conseils\u200c d&#8217;utilisation<\/h2>\n<p>Prenez une (1) capsule par jour avec de la nourriture, ou selon les \u200drecommandations d&#8217;un professionnel de la sant\u00e9.<\/p>\n<p>Ne pas d\u00e9passer la\u200b dose recommand\u00e9e. Tenir hors de port\u00e9e des enfants. Ne pas utiliser si l&#8217;opercule\u2063 de s\u00e9curit\u00e9 est endommag\u00e9 ou manquant. Consultez votre m\u00e9decin\u2062 avant d&#8217;utiliser ce \u2064produit si vous \u00eates enceinte, allaitez, prenez \u200ddes m\u00e9dicaments ou\u200b si\u200b vous avez un probl\u00e8me \u2064de sant\u00e9.<\/p>\n<p>Conservez dans un endroit \u200cfrais et \u200dsec.<\/p>\n<p>Ne contient pas de lait, d&#8217;\u0153ufs, de \u2064poisson, de crustac\u00e9s, de fruits \u00e0 coque, d&#8217;arachides, \u200dde\u2064 bl\u00e9, \u2064de soja ou de \u200cgluten.<\/p>\n<p>Produit fabriqu\u00e9 aux \u00c9tats-Unis.<\/p>\n<p>Les compl\u00e9ments alimentaires ne doivent pas remplacer une alimentation \u00e9quilibr\u00e9e et un mode de\u2064 vie sain.<\/p>\n<p>Si vous cherchez un compl\u00e9ment\u200c alimentaire \u200dcomplet pour soutenir votre sant\u00e9 globale,\u200b les \u200cVitamines D \u200cet K avec Sea-Iodine &#8211; \u200c60 caps de Life Extension sont le choix id\u00e9al. Commandez d\u00e8s maintenant et\u200c profitez d&#8217;une sant\u00e9 optimale !<\/p>\n","protected":false},"excerpt":{"rendered":"<p>Vitamines D\u200d et K avec Sea-Iodine &#8211; 60 \u200ccaps Les vitamines D \u2064et K\u200d sont essentielles pour maintenir une \u200cbonne sant\u00e9 et un\u2063 bon fonctionnement de notre corps. \u2062Cependant,\u2064 de nombreuses personnes ne consomment pas suffisamment \u200dde\u200b ces vitamines \u200cdans leur alimentation quotidienne. C&#8217;est pourquoi Life \u200dExtension a cr\u00e9\u00e9\u200d les \u2063Vitamines D et K avec [&#8230;]\n","protected":false},"featured_media":248052,"comment_status":"open","ping_status":"open","template":"","meta":[],"product_brand":[4723],"product_cat":[5062,5052,5053],"product_tag":[],"class_list":{"0":"post-288070","1":"product","2":"type-product","3":"status-publish","4":"has-post-thumbnail","6":"product_brand-life-extension-2","7":"product_cat-multivitamines","8":"product_cat-sante-et-bien-etre","9":"product_cat-vitamines-et-mineraux","11":"first","12":"instock","13":"taxable","14":"shipping-taxable","15":"purchasable","16":"product-type-simple"},"yoast_head":"<!-- This site is optimized with the Yoast SEO Premium plugin v27.3 (Yoast SEO v27.3) - https:\/\/yoast.com\/product\/yoast-seo-premium-wordpress\/ -->\n<title>Vitamines D et K avec Iode Marin - 60 capsules - ECO Supplements<\/title>\n<meta name=\"description\" content=\"Wij hebben een ruime keuze aan producten van Vitamines D et K avec Iode Marin - 60 capsules . Winkel bij Eco Supplements altijd gratis verzending boven 100\u20ac\" \/>\n<meta name=\"robots\" content=\"index, follow, max-snippet:-1, max-image-preview:large, max-video-preview:-1\" \/>\n<link rel=\"canonical\" href=\"https:\/\/ecosupplements.be\/fr\/produit\/vitamines-d-et-k-avec-iode-marin-60-capsules\/\" \/>\n<meta property=\"og:locale\" content=\"fr_FR\" \/>\n<meta property=\"og:type\" content=\"article\" \/>\n<meta property=\"og:title\" content=\"Vitamines D et K avec Iode Marin - 60 capsules\" \/>\n<meta property=\"og:description\" content=\"Wij hebben een ruime keuze aan producten van Vitamines D et K avec Iode Marin - 60 capsules . Winkel bij Eco Supplements altijd gratis verzending boven 100\u20ac\" \/>\n<meta property=\"og:url\" content=\"https:\/\/ecosupplements.be\/fr\/produit\/vitamines-d-et-k-avec-iode-marin-60-capsules\/\" \/>\n<meta property=\"og:site_name\" content=\"ECO Supplements\" \/>\n<meta property=\"article:modified_time\" content=\"2025-08-27T13:34:36+00:00\" \/>\n<meta property=\"og:image\" content=\"https:\/\/ecosupplements.be\/wp-content\/uploads\/2025\/08\/Vitamins-D-and-K-with-Sea-Iodine-60-caps.jpg\" \/>\n\t<meta property=\"og:image:width\" content=\"298\" \/>\n\t<meta property=\"og:image:height\" content=\"600\" \/>\n\t<meta property=\"og:image:type\" content=\"image\/jpeg\" \/>\n<meta name=\"twitter:card\" content=\"summary_large_image\" \/>\n<meta name=\"twitter:label1\" content=\"Prix\" \/>\n\t<meta name=\"twitter:data1\" content=\"30.10&nbsp;&euro;\" \/>\n\t<meta name=\"twitter:label2\" content=\"Disponibilit\u00e9\" \/>\n\t<meta name=\"twitter:data2\" content=\"En stock\" \/>\n<script type=\"application\/ld+json\" class=\"yoast-schema-graph\">{\"@context\":\"https:\\\/\\\/schema.org\",\"@graph\":[{\"@type\":[\"WebPage\",\"ItemPage\"],\"@id\":\"https:\\\/\\\/ecosupplements.be\\\/fr\\\/produit\\\/vitamines-d-et-k-avec-iode-marin-60-capsules\\\/\",\"url\":\"https:\\\/\\\/ecosupplements.be\\\/fr\\\/produit\\\/vitamines-d-et-k-avec-iode-marin-60-capsules\\\/\",\"name\":\"Vitamines D et K avec Iode Marin - 60 capsules - ECO Supplements\",\"isPartOf\":{\"@id\":\"https:\\\/\\\/ecosupplements.be\\\/fr\\\/#website\"},\"primaryImageOfPage\":{\"@id\":\"https:\\\/\\\/ecosupplements.be\\\/fr\\\/produit\\\/vitamines-d-et-k-avec-iode-marin-60-capsules\\\/#primaryimage\"},\"image\":{\"@id\":\"https:\\\/\\\/ecosupplements.be\\\/fr\\\/produit\\\/vitamines-d-et-k-avec-iode-marin-60-capsules\\\/#primaryimage\"},\"thumbnailUrl\":\"https:\\\/\\\/ecosupplements.be\\\/wp-content\\\/uploads\\\/2025\\\/08\\\/Life-Extension-Vitamins-D-and-K-with-Sea-Iodine-60-caps.jpg\",\"datePublished\":\"2022-06-28T09:18:16+00:00\",\"dateModified\":\"2025-08-27T13:34:36+00:00\",\"description\":\"Wij hebben een ruime keuze aan producten van Vitamines D et K avec Iode Marin - 60 capsules . Winkel bij Eco Supplements altijd gratis verzending boven 100\u20ac\",\"breadcrumb\":{\"@id\":\"https:\\\/\\\/ecosupplements.be\\\/fr\\\/produit\\\/vitamines-d-et-k-avec-iode-marin-60-capsules\\\/#breadcrumb\"},\"inLanguage\":\"fr-FR\",\"potentialAction\":[{\"@type\":\"ReadAction\",\"target\":[\"https:\\\/\\\/ecosupplements.be\\\/fr\\\/produit\\\/vitamines-d-et-k-avec-iode-marin-60-capsules\\\/\"]}]},{\"@type\":\"ImageObject\",\"inLanguage\":\"fr-FR\",\"@id\":\"https:\\\/\\\/ecosupplements.be\\\/fr\\\/produit\\\/vitamines-d-et-k-avec-iode-marin-60-capsules\\\/#primaryimage\",\"url\":\"https:\\\/\\\/ecosupplements.be\\\/wp-content\\\/uploads\\\/2025\\\/08\\\/Life-Extension-Vitamins-D-and-K-with-Sea-Iodine-60-caps.jpg\",\"contentUrl\":\"https:\\\/\\\/ecosupplements.be\\\/wp-content\\\/uploads\\\/2025\\\/08\\\/Life-Extension-Vitamins-D-and-K-with-Sea-Iodine-60-caps.jpg\",\"width\":750,\"height\":750},{\"@type\":\"BreadcrumbList\",\"@id\":\"https:\\\/\\\/ecosupplements.be\\\/fr\\\/produit\\\/vitamines-d-et-k-avec-iode-marin-60-capsules\\\/#breadcrumb\",\"itemListElement\":[{\"@type\":\"ListItem\",\"position\":1,\"name\":\"Home\",\"item\":\"https:\\\/\\\/ecosupplements.be\\\/fr\\\/\"},{\"@type\":\"ListItem\",\"position\":2,\"name\":\"Boutique\",\"item\":\"https:\\\/\\\/ecosupplements.be\\\/fr\\\/boutique\\\/\"},{\"@type\":\"ListItem\",\"position\":3,\"name\":\"Vitamines D et K avec Iode Marin &#8211; 60 capsules\"}]},{\"@type\":\"WebSite\",\"@id\":\"https:\\\/\\\/ecosupplements.be\\\/fr\\\/#website\",\"url\":\"https:\\\/\\\/ecosupplements.be\\\/fr\\\/\",\"name\":\"ECO Supplements\",\"description\":\"Eco Supplements - Gezonde supplementen\",\"publisher\":{\"@id\":\"https:\\\/\\\/ecosupplements.be\\\/fr\\\/#organization\"},\"potentialAction\":[{\"@type\":\"SearchAction\",\"target\":{\"@type\":\"EntryPoint\",\"urlTemplate\":\"https:\\\/\\\/ecosupplements.be\\\/fr\\\/?s={search_term_string}\"},\"query-input\":{\"@type\":\"PropertyValueSpecification\",\"valueRequired\":true,\"valueName\":\"search_term_string\"}}],\"inLanguage\":\"fr-FR\"},{\"@type\":\"Organization\",\"@id\":\"https:\\\/\\\/ecosupplements.be\\\/fr\\\/#organization\",\"name\":\"Eco Supplements\",\"url\":\"https:\\\/\\\/ecosupplements.be\\\/fr\\\/\",\"logo\":{\"@type\":\"ImageObject\",\"inLanguage\":\"fr-FR\",\"@id\":\"https:\\\/\\\/ecosupplements.be\\\/fr\\\/#\\\/schema\\\/logo\\\/image\\\/\",\"url\":\"https:\\\/\\\/ecosupplements.be\\\/wp-content\\\/uploads\\\/2022\\\/06\\\/ecosupplement-family.png\",\"contentUrl\":\"https:\\\/\\\/ecosupplements.be\\\/wp-content\\\/uploads\\\/2022\\\/06\\\/ecosupplement-family.png\",\"width\":593,\"height\":374,\"caption\":\"Eco Supplements\"},\"image\":{\"@id\":\"https:\\\/\\\/ecosupplements.be\\\/fr\\\/#\\\/schema\\\/logo\\\/image\\\/\"}}]}<\/script>\n<meta property=\"product:brand\" content=\"Life Extension\" \/>\n<meta property=\"product:price:amount\" content=\"30.10\" \/>\n<meta property=\"product:price:currency\" content=\"EUR\" \/>\n<meta property=\"og:availability\" content=\"instock\" \/>\n<meta property=\"product:availability\" content=\"instock\" \/>\n<meta property=\"product:retailer_item_id\" content=\"737870204060\" \/>\n<meta property=\"product:condition\" content=\"new\" \/>\n<!-- \/ Yoast SEO Premium plugin. -->","yoast_head_json":{"title":"Vitamines D et K avec Iode Marin - 60 capsules - ECO Supplements","description":"Wij hebben een ruime keuze aan producten van Vitamines D et K avec Iode Marin - 60 capsules . Winkel bij Eco Supplements altijd gratis verzending boven 100\u20ac","robots":{"index":"index","follow":"follow","max-snippet":"max-snippet:-1","max-image-preview":"max-image-preview:large","max-video-preview":"max-video-preview:-1"},"canonical":"https:\/\/ecosupplements.be\/fr\/produit\/vitamines-d-et-k-avec-iode-marin-60-capsules\/","og_locale":"fr_FR","og_type":"article","og_title":"Vitamines D et K avec Iode Marin - 60 capsules","og_description":"Wij hebben een ruime keuze aan producten van Vitamines D et K avec Iode Marin - 60 capsules . Winkel bij Eco Supplements altijd gratis verzending boven 100\u20ac","og_url":"https:\/\/ecosupplements.be\/fr\/produit\/vitamines-d-et-k-avec-iode-marin-60-capsules\/","og_site_name":"ECO Supplements","article_modified_time":"2025-08-27T13:34:36+00:00","og_image":[{"width":298,"height":600,"url":"https:\/\/ecosupplements.be\/wp-content\/uploads\/2025\/08\/Vitamins-D-and-K-with-Sea-Iodine-60-caps.jpg","type":"image\/jpeg"}],"twitter_card":"summary_large_image","twitter_misc":{"Prix":"30.10&nbsp;&euro;","Disponibilit\u00e9":"En stock"},"schema":{"@context":"https:\/\/schema.org","@graph":[{"@type":["WebPage","ItemPage"],"@id":"https:\/\/ecosupplements.be\/fr\/produit\/vitamines-d-et-k-avec-iode-marin-60-capsules\/","url":"https:\/\/ecosupplements.be\/fr\/produit\/vitamines-d-et-k-avec-iode-marin-60-capsules\/","name":"Vitamines D et K avec Iode Marin - 60 capsules - ECO Supplements","isPartOf":{"@id":"https:\/\/ecosupplements.be\/fr\/#website"},"primaryImageOfPage":{"@id":"https:\/\/ecosupplements.be\/fr\/produit\/vitamines-d-et-k-avec-iode-marin-60-capsules\/#primaryimage"},"image":{"@id":"https:\/\/ecosupplements.be\/fr\/produit\/vitamines-d-et-k-avec-iode-marin-60-capsules\/#primaryimage"},"thumbnailUrl":"https:\/\/ecosupplements.be\/wp-content\/uploads\/2025\/08\/Life-Extension-Vitamins-D-and-K-with-Sea-Iodine-60-caps.jpg","datePublished":"2022-06-28T09:18:16+00:00","dateModified":"2025-08-27T13:34:36+00:00","description":"Wij hebben een ruime keuze aan producten van Vitamines D et K avec Iode Marin - 60 capsules . Winkel bij Eco Supplements altijd gratis verzending boven 100\u20ac","breadcrumb":{"@id":"https:\/\/ecosupplements.be\/fr\/produit\/vitamines-d-et-k-avec-iode-marin-60-capsules\/#breadcrumb"},"inLanguage":"fr-FR","potentialAction":[{"@type":"ReadAction","target":["https:\/\/ecosupplements.be\/fr\/produit\/vitamines-d-et-k-avec-iode-marin-60-capsules\/"]}]},{"@type":"ImageObject","inLanguage":"fr-FR","@id":"https:\/\/ecosupplements.be\/fr\/produit\/vitamines-d-et-k-avec-iode-marin-60-capsules\/#primaryimage","url":"https:\/\/ecosupplements.be\/wp-content\/uploads\/2025\/08\/Life-Extension-Vitamins-D-and-K-with-Sea-Iodine-60-caps.jpg","contentUrl":"https:\/\/ecosupplements.be\/wp-content\/uploads\/2025\/08\/Life-Extension-Vitamins-D-and-K-with-Sea-Iodine-60-caps.jpg","width":750,"height":750},{"@type":"BreadcrumbList","@id":"https:\/\/ecosupplements.be\/fr\/produit\/vitamines-d-et-k-avec-iode-marin-60-capsules\/#breadcrumb","itemListElement":[{"@type":"ListItem","position":1,"name":"Home","item":"https:\/\/ecosupplements.be\/fr\/"},{"@type":"ListItem","position":2,"name":"Boutique","item":"https:\/\/ecosupplements.be\/fr\/boutique\/"},{"@type":"ListItem","position":3,"name":"Vitamines D et K avec Iode Marin &#8211; 60 capsules"}]},{"@type":"WebSite","@id":"https:\/\/ecosupplements.be\/fr\/#website","url":"https:\/\/ecosupplements.be\/fr\/","name":"ECO Supplements","description":"Eco Supplements - Gezonde supplementen","publisher":{"@id":"https:\/\/ecosupplements.be\/fr\/#organization"},"potentialAction":[{"@type":"SearchAction","target":{"@type":"EntryPoint","urlTemplate":"https:\/\/ecosupplements.be\/fr\/?s={search_term_string}"},"query-input":{"@type":"PropertyValueSpecification","valueRequired":true,"valueName":"search_term_string"}}],"inLanguage":"fr-FR"},{"@type":"Organization","@id":"https:\/\/ecosupplements.be\/fr\/#organization","name":"Eco Supplements","url":"https:\/\/ecosupplements.be\/fr\/","logo":{"@type":"ImageObject","inLanguage":"fr-FR","@id":"https:\/\/ecosupplements.be\/fr\/#\/schema\/logo\/image\/","url":"https:\/\/ecosupplements.be\/wp-content\/uploads\/2022\/06\/ecosupplement-family.png","contentUrl":"https:\/\/ecosupplements.be\/wp-content\/uploads\/2022\/06\/ecosupplement-family.png","width":593,"height":374,"caption":"Eco Supplements"},"image":{"@id":"https:\/\/ecosupplements.be\/fr\/#\/schema\/logo\/image\/"}}]},"product_brand":"Life Extension","product_price_amount":"30.10","product_price_currency":"EUR","og_availability":"instock","product_availability":"instock","product_retailer_item_id":"737870204060","product_condition":"new"},"_links":{"self":[{"href":"https:\/\/ecosupplements.be\/fr\/wp-json\/wp\/v2\/product\/288070","targetHints":{"allow":["GET"]}}],"collection":[{"href":"https:\/\/ecosupplements.be\/fr\/wp-json\/wp\/v2\/product"}],"about":[{"href":"https:\/\/ecosupplements.be\/fr\/wp-json\/wp\/v2\/types\/product"}],"replies":[{"embeddable":true,"href":"https:\/\/ecosupplements.be\/fr\/wp-json\/wp\/v2\/comments?post=288070"}],"wp:featuredmedia":[{"embeddable":true,"href":"https:\/\/ecosupplements.be\/fr\/wp-json\/wp\/v2\/media\/248052"}],"wp:attachment":[{"href":"https:\/\/ecosupplements.be\/fr\/wp-json\/wp\/v2\/media?parent=288070"}],"wp:term":[{"taxonomy":"product_brand","embeddable":true,"href":"https:\/\/ecosupplements.be\/fr\/wp-json\/wp\/v2\/product_brand?post=288070"},{"taxonomy":"product_cat","embeddable":true,"href":"https:\/\/ecosupplements.be\/fr\/wp-json\/wp\/v2\/product_cat?post=288070"},{"taxonomy":"product_tag","embeddable":true,"href":"https:\/\/ecosupplements.be\/fr\/wp-json\/wp\/v2\/product_tag?post=288070"}],"curies":[{"name":"wp","href":"https:\/\/api.w.org\/{rel}","templated":true}]}}