{"id":288100,"date":"2022-06-28T10:18:33","date_gmt":"2022-06-28T09:18:33","guid":{"rendered":"https:\/\/ecosupplements.be\/product\/biotine-a-dissolution-rapide-10000mcg-fraise-60-comprimes\/"},"modified":"2025-08-27T14:35:07","modified_gmt":"2025-08-27T13:35:07","slug":"biotine-a-dissolution-rapide-10000mcg-fraise-60-comprimes","status":"publish","type":"product","link":"https:\/\/ecosupplements.be\/fr\/produit\/biotine-a-dissolution-rapide-10000mcg-fraise-60-comprimes\/","title":{"rendered":"Biotine \u00e0 dissolution rapide, 10000mcg (fraise) &#8211; 60 comprim\u00e9s"},"content":{"rendered":"<h1>Description du produit:<\/h1>\n<p>Natrol Biotin Fast Dissolve est un compl\u00e9ment alimentaire de haute qualit\u00e9 qui fournit une dose \u2063puissante de \u200b10000mcg de biotine par comprim\u00e9. La biotine, \u00e9galement connue sous le nom\u2062 de vitamine B7, est un nutriment essentiel pour la sant\u00e9\u2062 des \u200ccheveux, de la peau et des ongles. Ce produit est fabriqu\u00e9\u200b aux \u00c9tats-Unis et est soumis \u00e0 des contr\u00f4les de qualit\u00e9 stricts pour garantir sa puret\u00e9 et son efficacit\u00e9.<\/p>\n<h2>Caract\u00e9ristiques \u2064sp\u00e9ciales:<\/h2>\n<ul>\n<li>Chaque comprim\u00e9 \u200ccontient 10000mcg de \u2062biotine, ce qui en \u200cfait l&#8217;un des compl\u00e9ments les\u2063 plus puissants sur le march\u00e9.<\/li>\n<li>La biotine est pr\u00e9sent\u00e9e sous forme de \u200dcomprim\u00e9s \u00e0 dissolution rapide,\u200b ce qui facilite son\u200d absorption\u2062 par l&#8217;organisme.<\/li>\n<li>Saveur d\u00e9licieuse de \u200cfraise qui rend la prise \u200dde ce compl\u00e9ment alimentaire agr\u00e9able\u200b et sans effort.<\/li>\n<li>Sans gluten et sans colorants \u2064artificiels, convient donc\u2064 aux personnes souffrant d&#8217;allergies ou suivant \u200dun r\u00e9gime alimentaire sp\u00e9cifique.<\/li>\n<\/ul>\n<h2>Ingr\u00e9dients:<\/h2>\n<p>Biotin Fast Dissolve de Natrol contient les ingr\u00e9dients suivants:<\/p>\n<ul>\n<li>Biotine: \u00e9galement connue sous le nom\u2064 de vitamine B7, elle est\u200b essentielle pour la sant\u00e9 des cheveux,\u2064 de la \u200cpeau et des \u2064ongles.<\/li>\n<li>Xylitol: un \u00e9dulcorant naturel qui \u200ddonne \u00e0\u200b ce compl\u00e9ment alimentaire son\u200d go\u00fbt\u200c sucr\u00e9.<\/li>\n<li>Cellulose microcristalline: un agent de \u2064remplissage qui aide \u2062\u00e0 maintenir la forme et la stabilit\u00e9 des comprim\u00e9s.<\/li>\n<li>Acide st\u00e9arique: un acide gras naturel qui agit comme un lubrifiant pour faciliter\u200b la dissolution des\u2064 comprim\u00e9s.<\/li>\n<li>Ar\u00f4mes naturels: pour \u2062donner \u00e0\u2062 ce produit sa d\u00e9licieuse\u2063 saveur \u200bde fraise.<\/li>\n<li>Acide citrique: \u200cun acide naturel qui\u2063 aide \u00e0 maintenir l&#8217;\u00e9quilibre\u2062 du pH dans \u2064le corps.<\/li>\n<li>Silice: un\u2063 min\u00e9ral qui aide \u00e0 renforcer \u2063les cheveux et les ongles.<\/li>\n<li>St\u00e9arate de magn\u00e9sium: un lubrifiant naturel qui facilite la production de comprim\u00e9s.<\/li>\n<\/ul>\n<h2>Avantages uniques:<\/h2>\n<ul>\n<li>La biotine est un nutriment essentiel pour la sant\u00e9 des cheveux, de la\u200c peau et des ongles,\u2064 et ce produit fournit \u200dune dose puissante pour des r\u00e9sultats optimaux.<\/li>\n<li>Les comprim\u00e9s\u200b \u00e0\u2062 dissolution rapide sont\u2064 pratiques et faciles \u00e0 prendre, id\u00e9aux pour les personnes \u200bayant du mal \u00e0 avaler des comprim\u00e9s ou\u200d des capsules.<\/li>\n<li>La saveur \u200cde fraise rend la prise de ce compl\u00e9ment alimentaire \u2063agr\u00e9able et sans effort.<\/li>\n<li>Ce\u200d produit \u200cest fabriqu\u00e9 aux \u00c9tats-Unis et soumis \u00e0 des contr\u00f4les de qualit\u00e9 stricts pour garantir sa puret\u00e9 et son \u200cefficacit\u00e9.<\/li>\n<\/ul>\n<h2>Conseils d&#8217;utilisation:<\/h2>\n<p>Prenez \u200bun comprim\u00e9 par jour, de pr\u00e9f\u00e9rence \u2062avec un\u200b repas. Laissez le comprim\u00e9 se dissoudre compl\u00e8tement \u200cdans la bouche avant de l&#8217;avaler. Pour de meilleurs r\u00e9sultats, utilisez r\u00e9guli\u00e8rement.<\/p>\n<h2>Principales caract\u00e9ristiques:<\/h2>\n<ul>\n<li>Marque:\u200b Natrol<\/li>\n<li>Type de produit: Compl\u00e9ment alimentaire<\/li>\n<li>Dose par\u2064 comprim\u00e9:\u200b 10000mcg de biotine<\/li>\n<li>Saveur: Fraise<\/li>\n<li>Nombre de\u2064 comprim\u00e9s: 60<\/li>\n<li>Sans gluten et sans colorants artificiels<\/li>\n<li>Fabriqu\u00e9 aux \u00c9tats-Unis<\/li>\n<\/ul>\n<p>Natrol Biotin Fast Dissolve\u2064 est le compl\u00e9ment alimentaire id\u00e9al pour\u2062 ceux qui\u2063 cherchent \u00e0 am\u00e9liorer la \u200bsant\u00e9 de leurs cheveux, de \u200cleur peau et de\u200c leurs ongles. Avec sa dose puissante de biotine et\u200b sa saveur d\u00e9licieuse de fraise, il est facile \u00e0 prendre et peut \u00eatre \u2063int\u00e9gr\u00e9 facilement \u200d\u00e0\u2063 votre \u200broutine quotidienne. Commandez d\u00e8s maintenant\u200b et profitez des bienfaits \u2063de la biotine\u200b pour\u2062 une apparence saine et radieuse.<\/p>\n","protected":false},"excerpt":{"rendered":"<p>Description du produit: Natrol Biotin Fast Dissolve est un compl\u00e9ment alimentaire de haute qualit\u00e9 qui fournit une dose \u2063puissante de \u200b10000mcg de biotine par comprim\u00e9. La biotine, \u00e9galement connue sous le nom\u2062 de vitamine B7, est un nutriment essentiel pour la sant\u00e9\u2062 des \u200ccheveux, de la peau et des ongles. Ce produit est fabriqu\u00e9\u200b aux [&#8230;]\n","protected":false},"featured_media":248194,"comment_status":"open","ping_status":"open","template":"","meta":[],"product_brand":[4731],"product_cat":[5090,5052],"product_tag":[],"class_list":{"0":"post-288100","1":"product","2":"type-product","3":"status-publish","4":"has-post-thumbnail","6":"product_brand-natrol-2","7":"product_cat-cheveux-et-ongles","8":"product_cat-sante-et-bien-etre","10":"first","11":"instock","12":"taxable","13":"shipping-taxable","14":"purchasable","15":"product-type-simple"},"yoast_head":"<!-- This site is optimized with the Yoast SEO Premium plugin v27.3 (Yoast SEO v27.3) - https:\/\/yoast.com\/product\/yoast-seo-premium-wordpress\/ -->\n<title>Biotine \u00e0 dissolution rapide, 10000mcg (fraise) - 60 comprim\u00e9s - ECO Supplements<\/title>\n<meta name=\"description\" content=\"Wij hebben een ruime keuze aan producten van Biotine \u00e0 dissolution rapide, 10000mcg (fraise) - 60 comprim\u00e9s . Winkel bij Eco Supplements altijd gratis verzending boven 100\u20ac\" \/>\n<meta name=\"robots\" content=\"index, follow, max-snippet:-1, max-image-preview:large, max-video-preview:-1\" \/>\n<link rel=\"canonical\" href=\"https:\/\/ecosupplements.be\/fr\/produit\/biotine-a-dissolution-rapide-10000mcg-fraise-60-comprimes\/\" \/>\n<meta property=\"og:locale\" content=\"fr_FR\" \/>\n<meta property=\"og:type\" content=\"article\" \/>\n<meta property=\"og:title\" content=\"Biotine \u00e0 dissolution rapide, 10000mcg (fraise) - 60 comprim\u00e9s\" \/>\n<meta property=\"og:description\" content=\"Wij hebben een ruime keuze aan producten van Biotine \u00e0 dissolution rapide, 10000mcg (fraise) - 60 comprim\u00e9s . Winkel bij Eco Supplements altijd gratis verzending boven 100\u20ac\" \/>\n<meta property=\"og:url\" content=\"https:\/\/ecosupplements.be\/fr\/produit\/biotine-a-dissolution-rapide-10000mcg-fraise-60-comprimes\/\" \/>\n<meta property=\"og:site_name\" content=\"ECO Supplements\" \/>\n<meta property=\"article:modified_time\" content=\"2025-08-27T13:35:07+00:00\" \/>\n<meta property=\"og:image\" content=\"https:\/\/ecosupplements.be\/wp-content\/uploads\/2025\/08\/Biotin-Fast-Dissolve-10000mcg-Strawberry-60-tabs.jpg\" \/>\n\t<meta property=\"og:image:width\" content=\"536\" \/>\n\t<meta property=\"og:image:height\" content=\"655\" \/>\n\t<meta property=\"og:image:type\" content=\"image\/jpeg\" \/>\n<meta name=\"twitter:card\" content=\"summary_large_image\" \/>\n<meta name=\"twitter:label1\" content=\"Prix\" \/>\n\t<meta name=\"twitter:data1\" content=\"11.02&nbsp;&euro;\" \/>\n\t<meta name=\"twitter:label2\" content=\"Disponibilit\u00e9\" \/>\n\t<meta name=\"twitter:data2\" content=\"En stock\" \/>\n<script type=\"application\/ld+json\" class=\"yoast-schema-graph\">{\"@context\":\"https:\\\/\\\/schema.org\",\"@graph\":[{\"@type\":[\"WebPage\",\"ItemPage\"],\"@id\":\"https:\\\/\\\/ecosupplements.be\\\/fr\\\/produit\\\/biotine-a-dissolution-rapide-10000mcg-fraise-60-comprimes\\\/\",\"url\":\"https:\\\/\\\/ecosupplements.be\\\/fr\\\/produit\\\/biotine-a-dissolution-rapide-10000mcg-fraise-60-comprimes\\\/\",\"name\":\"Biotine \u00e0 dissolution rapide, 10000mcg (fraise) - 60 comprim\u00e9s - ECO Supplements\",\"isPartOf\":{\"@id\":\"https:\\\/\\\/ecosupplements.be\\\/fr\\\/#website\"},\"primaryImageOfPage\":{\"@id\":\"https:\\\/\\\/ecosupplements.be\\\/fr\\\/produit\\\/biotine-a-dissolution-rapide-10000mcg-fraise-60-comprimes\\\/#primaryimage\"},\"image\":{\"@id\":\"https:\\\/\\\/ecosupplements.be\\\/fr\\\/produit\\\/biotine-a-dissolution-rapide-10000mcg-fraise-60-comprimes\\\/#primaryimage\"},\"thumbnailUrl\":\"https:\\\/\\\/ecosupplements.be\\\/wp-content\\\/uploads\\\/2025\\\/08\\\/Natrol-Biotin-Fast-Dissolve-10000mcg-60-tablets.jpeg\",\"datePublished\":\"2022-06-28T09:18:33+00:00\",\"dateModified\":\"2025-08-27T13:35:07+00:00\",\"description\":\"Wij hebben een ruime keuze aan producten van Biotine \u00e0 dissolution rapide, 10000mcg (fraise) - 60 comprim\u00e9s . Winkel bij Eco Supplements altijd gratis verzending boven 100\u20ac\",\"breadcrumb\":{\"@id\":\"https:\\\/\\\/ecosupplements.be\\\/fr\\\/produit\\\/biotine-a-dissolution-rapide-10000mcg-fraise-60-comprimes\\\/#breadcrumb\"},\"inLanguage\":\"fr-FR\",\"potentialAction\":[{\"@type\":\"ReadAction\",\"target\":[\"https:\\\/\\\/ecosupplements.be\\\/fr\\\/produit\\\/biotine-a-dissolution-rapide-10000mcg-fraise-60-comprimes\\\/\"]}]},{\"@type\":\"ImageObject\",\"inLanguage\":\"fr-FR\",\"@id\":\"https:\\\/\\\/ecosupplements.be\\\/fr\\\/produit\\\/biotine-a-dissolution-rapide-10000mcg-fraise-60-comprimes\\\/#primaryimage\",\"url\":\"https:\\\/\\\/ecosupplements.be\\\/wp-content\\\/uploads\\\/2025\\\/08\\\/Natrol-Biotin-Fast-Dissolve-10000mcg-60-tablets.jpeg\",\"contentUrl\":\"https:\\\/\\\/ecosupplements.be\\\/wp-content\\\/uploads\\\/2025\\\/08\\\/Natrol-Biotin-Fast-Dissolve-10000mcg-60-tablets.jpeg\",\"width\":500,\"height\":500},{\"@type\":\"BreadcrumbList\",\"@id\":\"https:\\\/\\\/ecosupplements.be\\\/fr\\\/produit\\\/biotine-a-dissolution-rapide-10000mcg-fraise-60-comprimes\\\/#breadcrumb\",\"itemListElement\":[{\"@type\":\"ListItem\",\"position\":1,\"name\":\"Home\",\"item\":\"https:\\\/\\\/ecosupplements.be\\\/fr\\\/\"},{\"@type\":\"ListItem\",\"position\":2,\"name\":\"Boutique\",\"item\":\"https:\\\/\\\/ecosupplements.be\\\/fr\\\/boutique\\\/\"},{\"@type\":\"ListItem\",\"position\":3,\"name\":\"Biotine \u00e0 dissolution rapide, 10000mcg (fraise) &#8211; 60 comprim\u00e9s\"}]},{\"@type\":\"WebSite\",\"@id\":\"https:\\\/\\\/ecosupplements.be\\\/fr\\\/#website\",\"url\":\"https:\\\/\\\/ecosupplements.be\\\/fr\\\/\",\"name\":\"ECO Supplements\",\"description\":\"Eco Supplements - Gezonde supplementen\",\"publisher\":{\"@id\":\"https:\\\/\\\/ecosupplements.be\\\/fr\\\/#organization\"},\"potentialAction\":[{\"@type\":\"SearchAction\",\"target\":{\"@type\":\"EntryPoint\",\"urlTemplate\":\"https:\\\/\\\/ecosupplements.be\\\/fr\\\/?s={search_term_string}\"},\"query-input\":{\"@type\":\"PropertyValueSpecification\",\"valueRequired\":true,\"valueName\":\"search_term_string\"}}],\"inLanguage\":\"fr-FR\"},{\"@type\":\"Organization\",\"@id\":\"https:\\\/\\\/ecosupplements.be\\\/fr\\\/#organization\",\"name\":\"Eco Supplements\",\"url\":\"https:\\\/\\\/ecosupplements.be\\\/fr\\\/\",\"logo\":{\"@type\":\"ImageObject\",\"inLanguage\":\"fr-FR\",\"@id\":\"https:\\\/\\\/ecosupplements.be\\\/fr\\\/#\\\/schema\\\/logo\\\/image\\\/\",\"url\":\"https:\\\/\\\/ecosupplements.be\\\/wp-content\\\/uploads\\\/2022\\\/06\\\/ecosupplement-family.png\",\"contentUrl\":\"https:\\\/\\\/ecosupplements.be\\\/wp-content\\\/uploads\\\/2022\\\/06\\\/ecosupplement-family.png\",\"width\":593,\"height\":374,\"caption\":\"Eco Supplements\"},\"image\":{\"@id\":\"https:\\\/\\\/ecosupplements.be\\\/fr\\\/#\\\/schema\\\/logo\\\/image\\\/\"}}]}<\/script>\n<meta property=\"product:brand\" content=\"Natrol\" \/>\n<meta property=\"product:price:amount\" content=\"11.02\" \/>\n<meta property=\"product:price:currency\" content=\"EUR\" \/>\n<meta property=\"og:availability\" content=\"instock\" \/>\n<meta property=\"product:availability\" content=\"instock\" \/>\n<meta property=\"product:retailer_item_id\" content=\"047469068851\" \/>\n<meta property=\"product:condition\" content=\"new\" \/>\n<!-- \/ Yoast SEO Premium plugin. -->","yoast_head_json":{"title":"Biotine \u00e0 dissolution rapide, 10000mcg (fraise) - 60 comprim\u00e9s - ECO Supplements","description":"Wij hebben een ruime keuze aan producten van Biotine \u00e0 dissolution rapide, 10000mcg (fraise) - 60 comprim\u00e9s . Winkel bij Eco Supplements altijd gratis verzending boven 100\u20ac","robots":{"index":"index","follow":"follow","max-snippet":"max-snippet:-1","max-image-preview":"max-image-preview:large","max-video-preview":"max-video-preview:-1"},"canonical":"https:\/\/ecosupplements.be\/fr\/produit\/biotine-a-dissolution-rapide-10000mcg-fraise-60-comprimes\/","og_locale":"fr_FR","og_type":"article","og_title":"Biotine \u00e0 dissolution rapide, 10000mcg (fraise) - 60 comprim\u00e9s","og_description":"Wij hebben een ruime keuze aan producten van Biotine \u00e0 dissolution rapide, 10000mcg (fraise) - 60 comprim\u00e9s . Winkel bij Eco Supplements altijd gratis verzending boven 100\u20ac","og_url":"https:\/\/ecosupplements.be\/fr\/produit\/biotine-a-dissolution-rapide-10000mcg-fraise-60-comprimes\/","og_site_name":"ECO Supplements","article_modified_time":"2025-08-27T13:35:07+00:00","og_image":[{"width":536,"height":655,"url":"https:\/\/ecosupplements.be\/wp-content\/uploads\/2025\/08\/Biotin-Fast-Dissolve-10000mcg-Strawberry-60-tabs.jpg","type":"image\/jpeg"}],"twitter_card":"summary_large_image","twitter_misc":{"Prix":"11.02&nbsp;&euro;","Disponibilit\u00e9":"En stock"},"schema":{"@context":"https:\/\/schema.org","@graph":[{"@type":["WebPage","ItemPage"],"@id":"https:\/\/ecosupplements.be\/fr\/produit\/biotine-a-dissolution-rapide-10000mcg-fraise-60-comprimes\/","url":"https:\/\/ecosupplements.be\/fr\/produit\/biotine-a-dissolution-rapide-10000mcg-fraise-60-comprimes\/","name":"Biotine \u00e0 dissolution rapide, 10000mcg (fraise) - 60 comprim\u00e9s - ECO Supplements","isPartOf":{"@id":"https:\/\/ecosupplements.be\/fr\/#website"},"primaryImageOfPage":{"@id":"https:\/\/ecosupplements.be\/fr\/produit\/biotine-a-dissolution-rapide-10000mcg-fraise-60-comprimes\/#primaryimage"},"image":{"@id":"https:\/\/ecosupplements.be\/fr\/produit\/biotine-a-dissolution-rapide-10000mcg-fraise-60-comprimes\/#primaryimage"},"thumbnailUrl":"https:\/\/ecosupplements.be\/wp-content\/uploads\/2025\/08\/Natrol-Biotin-Fast-Dissolve-10000mcg-60-tablets.jpeg","datePublished":"2022-06-28T09:18:33+00:00","dateModified":"2025-08-27T13:35:07+00:00","description":"Wij hebben een ruime keuze aan producten van Biotine \u00e0 dissolution rapide, 10000mcg (fraise) - 60 comprim\u00e9s . Winkel bij Eco Supplements altijd gratis verzending boven 100\u20ac","breadcrumb":{"@id":"https:\/\/ecosupplements.be\/fr\/produit\/biotine-a-dissolution-rapide-10000mcg-fraise-60-comprimes\/#breadcrumb"},"inLanguage":"fr-FR","potentialAction":[{"@type":"ReadAction","target":["https:\/\/ecosupplements.be\/fr\/produit\/biotine-a-dissolution-rapide-10000mcg-fraise-60-comprimes\/"]}]},{"@type":"ImageObject","inLanguage":"fr-FR","@id":"https:\/\/ecosupplements.be\/fr\/produit\/biotine-a-dissolution-rapide-10000mcg-fraise-60-comprimes\/#primaryimage","url":"https:\/\/ecosupplements.be\/wp-content\/uploads\/2025\/08\/Natrol-Biotin-Fast-Dissolve-10000mcg-60-tablets.jpeg","contentUrl":"https:\/\/ecosupplements.be\/wp-content\/uploads\/2025\/08\/Natrol-Biotin-Fast-Dissolve-10000mcg-60-tablets.jpeg","width":500,"height":500},{"@type":"BreadcrumbList","@id":"https:\/\/ecosupplements.be\/fr\/produit\/biotine-a-dissolution-rapide-10000mcg-fraise-60-comprimes\/#breadcrumb","itemListElement":[{"@type":"ListItem","position":1,"name":"Home","item":"https:\/\/ecosupplements.be\/fr\/"},{"@type":"ListItem","position":2,"name":"Boutique","item":"https:\/\/ecosupplements.be\/fr\/boutique\/"},{"@type":"ListItem","position":3,"name":"Biotine \u00e0 dissolution rapide, 10000mcg (fraise) &#8211; 60 comprim\u00e9s"}]},{"@type":"WebSite","@id":"https:\/\/ecosupplements.be\/fr\/#website","url":"https:\/\/ecosupplements.be\/fr\/","name":"ECO Supplements","description":"Eco Supplements - Gezonde supplementen","publisher":{"@id":"https:\/\/ecosupplements.be\/fr\/#organization"},"potentialAction":[{"@type":"SearchAction","target":{"@type":"EntryPoint","urlTemplate":"https:\/\/ecosupplements.be\/fr\/?s={search_term_string}"},"query-input":{"@type":"PropertyValueSpecification","valueRequired":true,"valueName":"search_term_string"}}],"inLanguage":"fr-FR"},{"@type":"Organization","@id":"https:\/\/ecosupplements.be\/fr\/#organization","name":"Eco Supplements","url":"https:\/\/ecosupplements.be\/fr\/","logo":{"@type":"ImageObject","inLanguage":"fr-FR","@id":"https:\/\/ecosupplements.be\/fr\/#\/schema\/logo\/image\/","url":"https:\/\/ecosupplements.be\/wp-content\/uploads\/2022\/06\/ecosupplement-family.png","contentUrl":"https:\/\/ecosupplements.be\/wp-content\/uploads\/2022\/06\/ecosupplement-family.png","width":593,"height":374,"caption":"Eco Supplements"},"image":{"@id":"https:\/\/ecosupplements.be\/fr\/#\/schema\/logo\/image\/"}}]},"product_brand":"Natrol","product_price_amount":"11.02","product_price_currency":"EUR","og_availability":"instock","product_availability":"instock","product_retailer_item_id":"047469068851","product_condition":"new"},"_links":{"self":[{"href":"https:\/\/ecosupplements.be\/fr\/wp-json\/wp\/v2\/product\/288100","targetHints":{"allow":["GET"]}}],"collection":[{"href":"https:\/\/ecosupplements.be\/fr\/wp-json\/wp\/v2\/product"}],"about":[{"href":"https:\/\/ecosupplements.be\/fr\/wp-json\/wp\/v2\/types\/product"}],"replies":[{"embeddable":true,"href":"https:\/\/ecosupplements.be\/fr\/wp-json\/wp\/v2\/comments?post=288100"}],"wp:featuredmedia":[{"embeddable":true,"href":"https:\/\/ecosupplements.be\/fr\/wp-json\/wp\/v2\/media\/248194"}],"wp:attachment":[{"href":"https:\/\/ecosupplements.be\/fr\/wp-json\/wp\/v2\/media?parent=288100"}],"wp:term":[{"taxonomy":"product_brand","embeddable":true,"href":"https:\/\/ecosupplements.be\/fr\/wp-json\/wp\/v2\/product_brand?post=288100"},{"taxonomy":"product_cat","embeddable":true,"href":"https:\/\/ecosupplements.be\/fr\/wp-json\/wp\/v2\/product_cat?post=288100"},{"taxonomy":"product_tag","embeddable":true,"href":"https:\/\/ecosupplements.be\/fr\/wp-json\/wp\/v2\/product_tag?post=288100"}],"curies":[{"name":"wp","href":"https:\/\/api.w.org\/{rel}","templated":true}]}}