{"id":288103,"date":"2022-06-28T10:18:33","date_gmt":"2022-06-28T09:18:33","guid":{"rendered":"https:\/\/ecosupplements.be\/product\/biotine-10000mcg-100-comprimes\/"},"modified":"2025-08-27T14:35:09","modified_gmt":"2025-08-27T13:35:09","slug":"biotine-10000mcg-100-comprimes","status":"publish","type":"product","link":"https:\/\/ecosupplements.be\/fr\/produit\/biotine-10000mcg-100-comprimes\/","title":{"rendered":"Biotine, 10000mcg &#8211; 100 comprim\u00e9s"},"content":{"rendered":"<h1>Biotin, 10000mcg &#8211; 100 tabs<\/h1>\n<p>La biotine, \u00e9galement connue sous le nom \u2063de vitamine \u2064B7, est un nutriment\u2064 essentiel \u2064pour la sant\u00e9 de la peau, des cheveux et des ongles. Elle joue\u2062 un r\u00f4le\u2062 important dans la production de k\u00e9ratine, une prot\u00e9ine qui renforce et prot\u00e8ge ces tissus. \u2063Cependant, notre corps ne peut pas produire de biotine par lui-m\u00eame, il est donc important de la consommer r\u00e9guli\u00e8rement dans notre alimentation \u2062ou sous forme de suppl\u00e9ment.<\/p>\n<p>Les comprim\u00e9s de biotine de Natrol contiennent une dose puissante de \u206310000mcg par comprim\u00e9, \u200bce qui en fait l&#8217;un des suppl\u00e9ments les plus concentr\u00e9s sur le march\u00e9. Chaque flacon\u2064 contient 100 comprim\u00e9s, ce qui \u00e9quivaut \u00e0 une r\u00e9serve de plus de 3 \u200bmois si vous prenez un\u200b comprim\u00e9 par jour.<\/p>\n<h2>Ingr\u00e9dients<\/h2>\n<p>Les comprim\u00e9s de biotine de Natrol sont fabriqu\u00e9s aux \u00c9tats-Unis avec des ingr\u00e9dients de haute qualit\u00e9. Chaque comprim\u00e9 contient 10000mcg\u2062 de biotine pure, ainsi que des ingr\u00e9dients inactifs \u200ctels que le st\u00e9arate de magn\u00e9sium, la cellulose microcristalline et le \u200cdioxyde de silicium.<\/p>\n<h2>Avantages uniques<\/h2>\n<ul>\n<li>Haute dose \u2064de 10000mcg par comprim\u00e9<\/li>\n<li>100\u2063 comprim\u00e9s\u2063 par flacon, pour une r\u00e9serve de plus de 3 mois<\/li>\n<li>Fabriqu\u00e9 aux \u00c9tats-Unis avec des ingr\u00e9dients de\u200d haute qualit\u00e9<\/li>\n<li>Contribue \u00e0 la sant\u00e9 de la peau, des cheveux et des ongles<\/li>\n<li>Peut aider \u00e0 renforcer et \u00e0 prot\u00e9ger \u200bles\u200c tissus<\/li>\n<\/ul>\n<h2>Mode d&#8217;emploi<\/h2>\n<p>Prenez un comprim\u00e9 par jour avec un repas.\u200c Il est recommand\u00e9 de\u2063 consulter un professionnel de la sant\u00e9 avant de commencer tout nouveau suppl\u00e9ment.<\/p>\n<p>Ne d\u00e9passez pas la dose recommand\u00e9e. Ce produit\u200c n&#8217;est pas destin\u00e9 \u00e0 diagnostiquer, \u2062traiter, gu\u00e9rir ou pr\u00e9venir une \u2064maladie quelconque.<\/p>\n<p>Conservez le flacon dans un endroit frais et sec, \u00e0 l&#8217;abri de la lumi\u00e8re directe du soleil.<\/p>\n<p>Si vous \u00eates enceinte, allaitez\u2063 ou prenez des m\u00e9dicaments, veuillez\u200b consulter votre m\u00e9decin avant de prendre\u200c ce produit.<\/p>\n<p>Ne pas utiliser si l&#8217;opercule de s\u00e9curit\u00e9 est endommag\u00e9 ou\u2062 manquant.<\/p>\n<p>Gardez hors de port\u00e9e des enfants.<\/p>\n<p>Pour\u200d de \u200dmeilleurs r\u00e9sultats, \u2062combinez\u200d avec une alimentation \u00e9quilibr\u00e9e et un mode de vie sain.<\/p>\n<p>Donnez \u00e0 votre corps les nutriments dont il a besoin pour une peau, des cheveux et des ongles en bonne sant\u00e9 avec \u200cles comprim\u00e9s de biotine de Natrol.<\/p>\n","protected":false},"excerpt":{"rendered":"<p>Biotin, 10000mcg &#8211; 100 tabs La biotine, \u00e9galement connue sous le nom \u2063de vitamine \u2064B7, est un nutriment\u2064 essentiel \u2064pour la sant\u00e9 de la peau, des cheveux et des ongles. Elle joue\u2062 un r\u00f4le\u2062 important dans la production de k\u00e9ratine, une prot\u00e9ine qui renforce et prot\u00e8ge ces tissus. \u2063Cependant, notre corps ne peut pas produire [&#8230;]\n","protected":false},"featured_media":248208,"comment_status":"open","ping_status":"open","template":"","meta":[],"product_brand":[4731],"product_cat":[5090,5052],"product_tag":[],"class_list":{"0":"post-288103","1":"product","2":"type-product","3":"status-publish","4":"has-post-thumbnail","6":"product_brand-natrol-2","7":"product_cat-cheveux-et-ongles","8":"product_cat-sante-et-bien-etre","10":"first","11":"instock","12":"taxable","13":"shipping-taxable","14":"purchasable","15":"product-type-simple"},"yoast_head":"<!-- This site is optimized with the Yoast SEO Premium plugin v27.3 (Yoast SEO v27.3) - https:\/\/yoast.com\/product\/yoast-seo-premium-wordpress\/ -->\n<title>Biotine, 10000mcg - 100 comprim\u00e9s - ECO Supplements<\/title>\n<meta name=\"description\" content=\"Wij hebben een ruime keuze aan producten van Biotine, 10000mcg - 100 comprim\u00e9s . Winkel bij Eco Supplements altijd gratis verzending boven 100\u20ac\" \/>\n<meta name=\"robots\" content=\"index, follow, max-snippet:-1, max-image-preview:large, max-video-preview:-1\" \/>\n<link rel=\"canonical\" href=\"https:\/\/ecosupplements.be\/fr\/produit\/biotine-10000mcg-100-comprimes\/\" \/>\n<meta property=\"og:locale\" content=\"fr_FR\" \/>\n<meta property=\"og:type\" content=\"article\" \/>\n<meta property=\"og:title\" content=\"Biotine, 10000mcg - 100 comprim\u00e9s\" \/>\n<meta property=\"og:description\" content=\"Wij hebben een ruime keuze aan producten van Biotine, 10000mcg - 100 comprim\u00e9s . Winkel bij Eco Supplements altijd gratis verzending boven 100\u20ac\" \/>\n<meta property=\"og:url\" content=\"https:\/\/ecosupplements.be\/fr\/produit\/biotine-10000mcg-100-comprimes\/\" \/>\n<meta property=\"og:site_name\" content=\"ECO Supplements\" \/>\n<meta property=\"article:modified_time\" content=\"2025-08-27T13:35:09+00:00\" \/>\n<meta property=\"og:image\" content=\"https:\/\/ecosupplements.be\/wp-content\/uploads\/2025\/08\/Biotin-10-000mcg-100-tabs.jpg\" \/>\n\t<meta property=\"og:image:width\" content=\"610\" \/>\n\t<meta property=\"og:image:height\" content=\"1275\" \/>\n\t<meta property=\"og:image:type\" content=\"image\/jpeg\" \/>\n<meta name=\"twitter:card\" content=\"summary_large_image\" \/>\n<meta name=\"twitter:label1\" content=\"Prix\" \/>\n\t<meta name=\"twitter:data1\" content=\"16.06&nbsp;&euro;\" \/>\n\t<meta name=\"twitter:label2\" content=\"Disponibilit\u00e9\" \/>\n\t<meta name=\"twitter:data2\" content=\"En stock\" \/>\n<script type=\"application\/ld+json\" class=\"yoast-schema-graph\">{\"@context\":\"https:\\\/\\\/schema.org\",\"@graph\":[{\"@type\":[\"WebPage\",\"ItemPage\"],\"@id\":\"https:\\\/\\\/ecosupplements.be\\\/fr\\\/produit\\\/biotine-10000mcg-100-comprimes\\\/\",\"url\":\"https:\\\/\\\/ecosupplements.be\\\/fr\\\/produit\\\/biotine-10000mcg-100-comprimes\\\/\",\"name\":\"Biotine, 10000mcg - 100 comprim\u00e9s - ECO Supplements\",\"isPartOf\":{\"@id\":\"https:\\\/\\\/ecosupplements.be\\\/fr\\\/#website\"},\"primaryImageOfPage\":{\"@id\":\"https:\\\/\\\/ecosupplements.be\\\/fr\\\/produit\\\/biotine-10000mcg-100-comprimes\\\/#primaryimage\"},\"image\":{\"@id\":\"https:\\\/\\\/ecosupplements.be\\\/fr\\\/produit\\\/biotine-10000mcg-100-comprimes\\\/#primaryimage\"},\"thumbnailUrl\":\"https:\\\/\\\/ecosupplements.be\\\/wp-content\\\/uploads\\\/2025\\\/08\\\/Natrol-Biotin-10-000mcg-100-tabs.jpg\",\"datePublished\":\"2022-06-28T09:18:33+00:00\",\"dateModified\":\"2025-08-27T13:35:09+00:00\",\"description\":\"Wij hebben een ruime keuze aan producten van Biotine, 10000mcg - 100 comprim\u00e9s . Winkel bij Eco Supplements altijd gratis verzending boven 100\u20ac\",\"breadcrumb\":{\"@id\":\"https:\\\/\\\/ecosupplements.be\\\/fr\\\/produit\\\/biotine-10000mcg-100-comprimes\\\/#breadcrumb\"},\"inLanguage\":\"fr-FR\",\"potentialAction\":[{\"@type\":\"ReadAction\",\"target\":[\"https:\\\/\\\/ecosupplements.be\\\/fr\\\/produit\\\/biotine-10000mcg-100-comprimes\\\/\"]}]},{\"@type\":\"ImageObject\",\"inLanguage\":\"fr-FR\",\"@id\":\"https:\\\/\\\/ecosupplements.be\\\/fr\\\/produit\\\/biotine-10000mcg-100-comprimes\\\/#primaryimage\",\"url\":\"https:\\\/\\\/ecosupplements.be\\\/wp-content\\\/uploads\\\/2025\\\/08\\\/Natrol-Biotin-10-000mcg-100-tabs.jpg\",\"contentUrl\":\"https:\\\/\\\/ecosupplements.be\\\/wp-content\\\/uploads\\\/2025\\\/08\\\/Natrol-Biotin-10-000mcg-100-tabs.jpg\",\"width\":750,\"height\":750},{\"@type\":\"BreadcrumbList\",\"@id\":\"https:\\\/\\\/ecosupplements.be\\\/fr\\\/produit\\\/biotine-10000mcg-100-comprimes\\\/#breadcrumb\",\"itemListElement\":[{\"@type\":\"ListItem\",\"position\":1,\"name\":\"Home\",\"item\":\"https:\\\/\\\/ecosupplements.be\\\/fr\\\/\"},{\"@type\":\"ListItem\",\"position\":2,\"name\":\"Boutique\",\"item\":\"https:\\\/\\\/ecosupplements.be\\\/fr\\\/boutique\\\/\"},{\"@type\":\"ListItem\",\"position\":3,\"name\":\"Biotine, 10000mcg &#8211; 100 comprim\u00e9s\"}]},{\"@type\":\"WebSite\",\"@id\":\"https:\\\/\\\/ecosupplements.be\\\/fr\\\/#website\",\"url\":\"https:\\\/\\\/ecosupplements.be\\\/fr\\\/\",\"name\":\"ECO Supplements\",\"description\":\"Eco Supplements - Gezonde supplementen\",\"publisher\":{\"@id\":\"https:\\\/\\\/ecosupplements.be\\\/fr\\\/#organization\"},\"potentialAction\":[{\"@type\":\"SearchAction\",\"target\":{\"@type\":\"EntryPoint\",\"urlTemplate\":\"https:\\\/\\\/ecosupplements.be\\\/fr\\\/?s={search_term_string}\"},\"query-input\":{\"@type\":\"PropertyValueSpecification\",\"valueRequired\":true,\"valueName\":\"search_term_string\"}}],\"inLanguage\":\"fr-FR\"},{\"@type\":\"Organization\",\"@id\":\"https:\\\/\\\/ecosupplements.be\\\/fr\\\/#organization\",\"name\":\"Eco Supplements\",\"url\":\"https:\\\/\\\/ecosupplements.be\\\/fr\\\/\",\"logo\":{\"@type\":\"ImageObject\",\"inLanguage\":\"fr-FR\",\"@id\":\"https:\\\/\\\/ecosupplements.be\\\/fr\\\/#\\\/schema\\\/logo\\\/image\\\/\",\"url\":\"https:\\\/\\\/ecosupplements.be\\\/wp-content\\\/uploads\\\/2022\\\/06\\\/ecosupplement-family.png\",\"contentUrl\":\"https:\\\/\\\/ecosupplements.be\\\/wp-content\\\/uploads\\\/2022\\\/06\\\/ecosupplement-family.png\",\"width\":593,\"height\":374,\"caption\":\"Eco Supplements\"},\"image\":{\"@id\":\"https:\\\/\\\/ecosupplements.be\\\/fr\\\/#\\\/schema\\\/logo\\\/image\\\/\"}}]}<\/script>\n<meta property=\"product:brand\" content=\"Natrol\" \/>\n<meta property=\"product:price:amount\" content=\"16.06\" \/>\n<meta property=\"product:price:currency\" content=\"EUR\" \/>\n<meta property=\"og:availability\" content=\"instock\" \/>\n<meta property=\"product:availability\" content=\"instock\" \/>\n<meta property=\"product:retailer_item_id\" content=\"047469053963\" \/>\n<meta property=\"product:condition\" content=\"new\" \/>\n<!-- \/ Yoast SEO Premium plugin. -->","yoast_head_json":{"title":"Biotine, 10000mcg - 100 comprim\u00e9s - ECO Supplements","description":"Wij hebben een ruime keuze aan producten van Biotine, 10000mcg - 100 comprim\u00e9s . Winkel bij Eco Supplements altijd gratis verzending boven 100\u20ac","robots":{"index":"index","follow":"follow","max-snippet":"max-snippet:-1","max-image-preview":"max-image-preview:large","max-video-preview":"max-video-preview:-1"},"canonical":"https:\/\/ecosupplements.be\/fr\/produit\/biotine-10000mcg-100-comprimes\/","og_locale":"fr_FR","og_type":"article","og_title":"Biotine, 10000mcg - 100 comprim\u00e9s","og_description":"Wij hebben een ruime keuze aan producten van Biotine, 10000mcg - 100 comprim\u00e9s . Winkel bij Eco Supplements altijd gratis verzending boven 100\u20ac","og_url":"https:\/\/ecosupplements.be\/fr\/produit\/biotine-10000mcg-100-comprimes\/","og_site_name":"ECO Supplements","article_modified_time":"2025-08-27T13:35:09+00:00","og_image":[{"width":610,"height":1275,"url":"https:\/\/ecosupplements.be\/wp-content\/uploads\/2025\/08\/Biotin-10-000mcg-100-tabs.jpg","type":"image\/jpeg"}],"twitter_card":"summary_large_image","twitter_misc":{"Prix":"16.06&nbsp;&euro;","Disponibilit\u00e9":"En stock"},"schema":{"@context":"https:\/\/schema.org","@graph":[{"@type":["WebPage","ItemPage"],"@id":"https:\/\/ecosupplements.be\/fr\/produit\/biotine-10000mcg-100-comprimes\/","url":"https:\/\/ecosupplements.be\/fr\/produit\/biotine-10000mcg-100-comprimes\/","name":"Biotine, 10000mcg - 100 comprim\u00e9s - ECO Supplements","isPartOf":{"@id":"https:\/\/ecosupplements.be\/fr\/#website"},"primaryImageOfPage":{"@id":"https:\/\/ecosupplements.be\/fr\/produit\/biotine-10000mcg-100-comprimes\/#primaryimage"},"image":{"@id":"https:\/\/ecosupplements.be\/fr\/produit\/biotine-10000mcg-100-comprimes\/#primaryimage"},"thumbnailUrl":"https:\/\/ecosupplements.be\/wp-content\/uploads\/2025\/08\/Natrol-Biotin-10-000mcg-100-tabs.jpg","datePublished":"2022-06-28T09:18:33+00:00","dateModified":"2025-08-27T13:35:09+00:00","description":"Wij hebben een ruime keuze aan producten van Biotine, 10000mcg - 100 comprim\u00e9s . Winkel bij Eco Supplements altijd gratis verzending boven 100\u20ac","breadcrumb":{"@id":"https:\/\/ecosupplements.be\/fr\/produit\/biotine-10000mcg-100-comprimes\/#breadcrumb"},"inLanguage":"fr-FR","potentialAction":[{"@type":"ReadAction","target":["https:\/\/ecosupplements.be\/fr\/produit\/biotine-10000mcg-100-comprimes\/"]}]},{"@type":"ImageObject","inLanguage":"fr-FR","@id":"https:\/\/ecosupplements.be\/fr\/produit\/biotine-10000mcg-100-comprimes\/#primaryimage","url":"https:\/\/ecosupplements.be\/wp-content\/uploads\/2025\/08\/Natrol-Biotin-10-000mcg-100-tabs.jpg","contentUrl":"https:\/\/ecosupplements.be\/wp-content\/uploads\/2025\/08\/Natrol-Biotin-10-000mcg-100-tabs.jpg","width":750,"height":750},{"@type":"BreadcrumbList","@id":"https:\/\/ecosupplements.be\/fr\/produit\/biotine-10000mcg-100-comprimes\/#breadcrumb","itemListElement":[{"@type":"ListItem","position":1,"name":"Home","item":"https:\/\/ecosupplements.be\/fr\/"},{"@type":"ListItem","position":2,"name":"Boutique","item":"https:\/\/ecosupplements.be\/fr\/boutique\/"},{"@type":"ListItem","position":3,"name":"Biotine, 10000mcg &#8211; 100 comprim\u00e9s"}]},{"@type":"WebSite","@id":"https:\/\/ecosupplements.be\/fr\/#website","url":"https:\/\/ecosupplements.be\/fr\/","name":"ECO Supplements","description":"Eco Supplements - Gezonde supplementen","publisher":{"@id":"https:\/\/ecosupplements.be\/fr\/#organization"},"potentialAction":[{"@type":"SearchAction","target":{"@type":"EntryPoint","urlTemplate":"https:\/\/ecosupplements.be\/fr\/?s={search_term_string}"},"query-input":{"@type":"PropertyValueSpecification","valueRequired":true,"valueName":"search_term_string"}}],"inLanguage":"fr-FR"},{"@type":"Organization","@id":"https:\/\/ecosupplements.be\/fr\/#organization","name":"Eco Supplements","url":"https:\/\/ecosupplements.be\/fr\/","logo":{"@type":"ImageObject","inLanguage":"fr-FR","@id":"https:\/\/ecosupplements.be\/fr\/#\/schema\/logo\/image\/","url":"https:\/\/ecosupplements.be\/wp-content\/uploads\/2022\/06\/ecosupplement-family.png","contentUrl":"https:\/\/ecosupplements.be\/wp-content\/uploads\/2022\/06\/ecosupplement-family.png","width":593,"height":374,"caption":"Eco Supplements"},"image":{"@id":"https:\/\/ecosupplements.be\/fr\/#\/schema\/logo\/image\/"}}]},"product_brand":"Natrol","product_price_amount":"16.06","product_price_currency":"EUR","og_availability":"instock","product_availability":"instock","product_retailer_item_id":"047469053963","product_condition":"new"},"_links":{"self":[{"href":"https:\/\/ecosupplements.be\/fr\/wp-json\/wp\/v2\/product\/288103","targetHints":{"allow":["GET"]}}],"collection":[{"href":"https:\/\/ecosupplements.be\/fr\/wp-json\/wp\/v2\/product"}],"about":[{"href":"https:\/\/ecosupplements.be\/fr\/wp-json\/wp\/v2\/types\/product"}],"replies":[{"embeddable":true,"href":"https:\/\/ecosupplements.be\/fr\/wp-json\/wp\/v2\/comments?post=288103"}],"wp:featuredmedia":[{"embeddable":true,"href":"https:\/\/ecosupplements.be\/fr\/wp-json\/wp\/v2\/media\/248208"}],"wp:attachment":[{"href":"https:\/\/ecosupplements.be\/fr\/wp-json\/wp\/v2\/media?parent=288103"}],"wp:term":[{"taxonomy":"product_brand","embeddable":true,"href":"https:\/\/ecosupplements.be\/fr\/wp-json\/wp\/v2\/product_brand?post=288103"},{"taxonomy":"product_cat","embeddable":true,"href":"https:\/\/ecosupplements.be\/fr\/wp-json\/wp\/v2\/product_cat?post=288103"},{"taxonomy":"product_tag","embeddable":true,"href":"https:\/\/ecosupplements.be\/fr\/wp-json\/wp\/v2\/product_tag?post=288103"}],"curies":[{"name":"wp","href":"https:\/\/api.w.org\/{rel}","templated":true}]}}