{"id":288142,"date":"2022-07-10T15:35:47","date_gmt":"2022-07-10T14:35:47","guid":{"rendered":"https:\/\/ecosupplements.be\/product\/melatonine-liquide-baies-60-ml\/"},"modified":"2025-08-27T14:35:46","modified_gmt":"2025-08-27T13:35:46","slug":"melatonine-liquide-baies-60-ml","status":"publish","type":"product","link":"https:\/\/ecosupplements.be\/fr\/produit\/melatonine-liquide-baies-60-ml\/","title":{"rendered":"Melatonine Liquide, Baies &#8211; 60 ml"},"content":{"rendered":"<h1>Liquid \u200dMelatonin, Berry &#8211; 60 ml<\/h1>\n<p>Le Liquid Melatonin de Natrol est un compl\u00e9ment alimentaire naturel \u2064qui aide\u200c \u00e0 r\u00e9guler le cycle du sommeil et \u00e0 am\u00e9liorer la qualit\u00e9 du sommeil. Cette\u2064 formule liquide \u00e0 la d\u00e9licieuse saveur de baies est facile \u00e0 prendre et est\u200c id\u00e9ale pour les personnes ayant des difficult\u00e9s \u00e0 avaler des comprim\u00e9s.<\/p>\n<h2>Caract\u00e9ristiques sp\u00e9ciales:<\/h2>\n<ul>\n<li>Formule liquide pour une absorption\u200b rapide et efficace<\/li>\n<li>Saveur de baies \u2063d\u00e9licieuse et naturelle<\/li>\n<li>Contient 3 mg de m\u00e9latonine par\u200d dose<\/li>\n<li>Sans sucre ajout\u00e9<\/li>\n<li>Sans gluten et sans colorants artificiels<\/li>\n<\/ul>\n<h2>Ingr\u00e9dients:<\/h2>\n<p>Eau \u200dpurifi\u00e9e, glyc\u00e9rine v\u00e9g\u00e9tale, ar\u00f4mes naturels, acide citrique, benzoate de sodium, sorbate de potassium, extrait de st\u00e9via, extrait de fruit de \u200cbaies, m\u00e9latonine.<\/p>\n<h2>Avantages\u2063 uniques:<\/h2>\n<ul>\n<li>Aide \u00e0 \u2064r\u00e9guler le cycle du sommeil<\/li>\n<li>Am\u00e9liore la qualit\u00e9\u200c du sommeil<\/li>\n<li>Formule liquide facile \u00e0 prendre<\/li>\n<li>Saveur\u200c de baies d\u00e9licieuse et naturelle<\/li>\n<li>Contient \u200cde la m\u00e9latonine, une hormone naturelle du sommeil<\/li>\n<\/ul>\n<h2>Conseils\u2062 d&#8217;utilisation:<\/h2>\n<p>Prendre\u200d 1 \u200cdose (2 ml) 20 minutes avant le\u200c coucher. Peut \u00eatre pris seul ou m\u00e9lang\u00e9 \u00e0 de l&#8217;eau ou du jus\u2062 de \u2063fruit.\u200c Bien agiter avant utilisation.<\/p>\n<p>Attention: Ce produit n&#8217;est pas destin\u00e9 aux enfants de moins de\u2064 12 ans, aux femmes\u200c enceintes ou allaitantes, aux personnes souffrant de troubles auto-immuns, de d\u00e9pression, de diab\u00e8te, d&#8217;\u00e9pilepsie ou prenant des m\u00e9dicaments s\u00e9datifs. Consultez votre m\u00e9decin avant utilisation si vous avez \u200cdes probl\u00e8mes de sant\u00e9 ou si vous prenez d&#8217;autres m\u00e9dicaments.<\/p>\n<p>Conservez dans un endroit frais et sec. Tenir \u2062hors de port\u00e9e des enfants.<\/p>\n<p>Ne pas d\u00e9passer\u200d la dose recommand\u00e9e. Les compl\u00e9ments alimentaires ne doivent pas remplacer une alimentation \u00e9quilibr\u00e9e \u200det un mode de vie sain.<\/p>\n<p>Fabriqu\u00e9 aux \u00c9tats-Unis.<\/p>\n<p>Donnez \u00e0 votre corps le sommeil \u200cdont\u200c il a besoin avec le Liquid Melatonin\u200b de Natrol. \u200dCommandez d\u00e8s maintenant et profitez d&#8217;un \u2063sommeil r\u00e9parateur et d&#8217;un r\u00e9veil rafra\u00eechi chaque matin.<\/p>\n","protected":false},"excerpt":{"rendered":"<p>Liquid \u200dMelatonin, Berry &#8211; 60 ml Le Liquid Melatonin de Natrol est un compl\u00e9ment alimentaire naturel \u2064qui aide\u200c \u00e0 r\u00e9guler le cycle du sommeil et \u00e0 am\u00e9liorer la qualit\u00e9 du sommeil. Cette\u2064 formule liquide \u00e0 la d\u00e9licieuse saveur de baies est facile \u00e0 prendre et est\u200c id\u00e9ale pour les personnes ayant des difficult\u00e9s \u00e0 avaler [&#8230;]\n","protected":false},"featured_media":259604,"comment_status":"open","ping_status":"open","template":"","meta":[],"product_brand":[4731],"product_cat":[5159,5160,5052],"product_tag":[],"class_list":{"0":"post-288142","1":"product","2":"type-product","3":"status-publish","4":"has-post-thumbnail","6":"product_brand-natrol-2","7":"product_cat-aide-au-sommeil","8":"product_cat-melatonine-aide-au-sommeil","9":"product_cat-sante-et-bien-etre","11":"first","12":"instock","13":"taxable","14":"shipping-taxable","15":"purchasable","16":"product-type-simple"},"yoast_head":"<!-- This site is optimized with the Yoast SEO Premium plugin v27.3 (Yoast SEO v27.3) - https:\/\/yoast.com\/product\/yoast-seo-premium-wordpress\/ -->\n<title>Melatonine Liquide, Baies - 60 ml - ECO Supplements<\/title>\n<meta name=\"description\" content=\"Wij hebben een ruime keuze aan producten van Melatonine Liquide, Baies - 60 ml . Winkel bij Eco Supplements altijd gratis verzending boven 100\u20ac\" \/>\n<meta name=\"robots\" content=\"index, follow, max-snippet:-1, max-image-preview:large, max-video-preview:-1\" \/>\n<link rel=\"canonical\" href=\"https:\/\/ecosupplements.be\/fr\/produit\/melatonine-liquide-baies-60-ml\/\" \/>\n<meta property=\"og:locale\" content=\"fr_FR\" \/>\n<meta property=\"og:type\" content=\"article\" \/>\n<meta property=\"og:title\" content=\"Melatonine Liquide, Baies - 60 ml\" \/>\n<meta property=\"og:description\" content=\"Wij hebben een ruime keuze aan producten van Melatonine Liquide, Baies - 60 ml . Winkel bij Eco Supplements altijd gratis verzending boven 100\u20ac\" \/>\n<meta property=\"og:url\" content=\"https:\/\/ecosupplements.be\/fr\/produit\/melatonine-liquide-baies-60-ml\/\" \/>\n<meta property=\"og:site_name\" content=\"ECO Supplements\" \/>\n<meta property=\"article:modified_time\" content=\"2025-08-27T13:35:46+00:00\" \/>\n<meta property=\"og:image\" content=\"https:\/\/ecosupplements.be\/wp-content\/uploads\/2025\/08\/Liquid-Melatonin-Berry-60-ml-1.jpg\" \/>\n\t<meta property=\"og:image:width\" content=\"640\" \/>\n\t<meta property=\"og:image:height\" content=\"640\" \/>\n\t<meta property=\"og:image:type\" content=\"image\/jpeg\" \/>\n<meta name=\"twitter:card\" content=\"summary_large_image\" \/>\n<meta name=\"twitter:label1\" content=\"Prix\" \/>\n\t<meta name=\"twitter:data1\" content=\"9.73&nbsp;&euro;\" \/>\n\t<meta name=\"twitter:label2\" content=\"Disponibilit\u00e9\" \/>\n\t<meta name=\"twitter:data2\" content=\"En stock\" \/>\n<script type=\"application\/ld+json\" class=\"yoast-schema-graph\">{\"@context\":\"https:\\\/\\\/schema.org\",\"@graph\":[{\"@type\":[\"WebPage\",\"ItemPage\"],\"@id\":\"https:\\\/\\\/ecosupplements.be\\\/fr\\\/produit\\\/melatonine-liquide-baies-60-ml\\\/\",\"url\":\"https:\\\/\\\/ecosupplements.be\\\/fr\\\/produit\\\/melatonine-liquide-baies-60-ml\\\/\",\"name\":\"Melatonine Liquide, Baies - 60 ml - ECO Supplements\",\"isPartOf\":{\"@id\":\"https:\\\/\\\/ecosupplements.be\\\/fr\\\/#website\"},\"primaryImageOfPage\":{\"@id\":\"https:\\\/\\\/ecosupplements.be\\\/fr\\\/produit\\\/melatonine-liquide-baies-60-ml\\\/#primaryimage\"},\"image\":{\"@id\":\"https:\\\/\\\/ecosupplements.be\\\/fr\\\/produit\\\/melatonine-liquide-baies-60-ml\\\/#primaryimage\"},\"thumbnailUrl\":\"https:\\\/\\\/ecosupplements.be\\\/wp-content\\\/uploads\\\/2025\\\/08\\\/Liquid-Melatonin-Berry-60-ml.jpg\",\"datePublished\":\"2022-07-10T14:35:47+00:00\",\"dateModified\":\"2025-08-27T13:35:46+00:00\",\"description\":\"Wij hebben een ruime keuze aan producten van Melatonine Liquide, Baies - 60 ml . Winkel bij Eco Supplements altijd gratis verzending boven 100\u20ac\",\"breadcrumb\":{\"@id\":\"https:\\\/\\\/ecosupplements.be\\\/fr\\\/produit\\\/melatonine-liquide-baies-60-ml\\\/#breadcrumb\"},\"inLanguage\":\"fr-FR\",\"potentialAction\":[{\"@type\":\"ReadAction\",\"target\":[\"https:\\\/\\\/ecosupplements.be\\\/fr\\\/produit\\\/melatonine-liquide-baies-60-ml\\\/\"]}]},{\"@type\":\"ImageObject\",\"inLanguage\":\"fr-FR\",\"@id\":\"https:\\\/\\\/ecosupplements.be\\\/fr\\\/produit\\\/melatonine-liquide-baies-60-ml\\\/#primaryimage\",\"url\":\"https:\\\/\\\/ecosupplements.be\\\/wp-content\\\/uploads\\\/2025\\\/08\\\/Liquid-Melatonin-Berry-60-ml.jpg\",\"contentUrl\":\"https:\\\/\\\/ecosupplements.be\\\/wp-content\\\/uploads\\\/2025\\\/08\\\/Liquid-Melatonin-Berry-60-ml.jpg\",\"width\":640,\"height\":640},{\"@type\":\"BreadcrumbList\",\"@id\":\"https:\\\/\\\/ecosupplements.be\\\/fr\\\/produit\\\/melatonine-liquide-baies-60-ml\\\/#breadcrumb\",\"itemListElement\":[{\"@type\":\"ListItem\",\"position\":1,\"name\":\"Home\",\"item\":\"https:\\\/\\\/ecosupplements.be\\\/fr\\\/\"},{\"@type\":\"ListItem\",\"position\":2,\"name\":\"Boutique\",\"item\":\"https:\\\/\\\/ecosupplements.be\\\/fr\\\/boutique\\\/\"},{\"@type\":\"ListItem\",\"position\":3,\"name\":\"Melatonine Liquide, Baies &#8211; 60 ml\"}]},{\"@type\":\"WebSite\",\"@id\":\"https:\\\/\\\/ecosupplements.be\\\/fr\\\/#website\",\"url\":\"https:\\\/\\\/ecosupplements.be\\\/fr\\\/\",\"name\":\"ECO Supplements\",\"description\":\"Eco Supplements - Gezonde supplementen\",\"publisher\":{\"@id\":\"https:\\\/\\\/ecosupplements.be\\\/fr\\\/#organization\"},\"potentialAction\":[{\"@type\":\"SearchAction\",\"target\":{\"@type\":\"EntryPoint\",\"urlTemplate\":\"https:\\\/\\\/ecosupplements.be\\\/fr\\\/?s={search_term_string}\"},\"query-input\":{\"@type\":\"PropertyValueSpecification\",\"valueRequired\":true,\"valueName\":\"search_term_string\"}}],\"inLanguage\":\"fr-FR\"},{\"@type\":\"Organization\",\"@id\":\"https:\\\/\\\/ecosupplements.be\\\/fr\\\/#organization\",\"name\":\"Eco Supplements\",\"url\":\"https:\\\/\\\/ecosupplements.be\\\/fr\\\/\",\"logo\":{\"@type\":\"ImageObject\",\"inLanguage\":\"fr-FR\",\"@id\":\"https:\\\/\\\/ecosupplements.be\\\/fr\\\/#\\\/schema\\\/logo\\\/image\\\/\",\"url\":\"https:\\\/\\\/ecosupplements.be\\\/wp-content\\\/uploads\\\/2022\\\/06\\\/ecosupplement-family.png\",\"contentUrl\":\"https:\\\/\\\/ecosupplements.be\\\/wp-content\\\/uploads\\\/2022\\\/06\\\/ecosupplement-family.png\",\"width\":593,\"height\":374,\"caption\":\"Eco Supplements\"},\"image\":{\"@id\":\"https:\\\/\\\/ecosupplements.be\\\/fr\\\/#\\\/schema\\\/logo\\\/image\\\/\"}}]}<\/script>\n<meta property=\"product:brand\" content=\"Natrol\" \/>\n<meta property=\"product:price:amount\" content=\"9.73\" \/>\n<meta property=\"product:price:currency\" content=\"EUR\" \/>\n<meta property=\"og:availability\" content=\"instock\" \/>\n<meta property=\"product:availability\" content=\"instock\" \/>\n<meta property=\"product:retailer_item_id\" content=\"047469074029\" \/>\n<meta property=\"product:condition\" content=\"new\" \/>\n<!-- \/ Yoast SEO Premium plugin. -->","yoast_head_json":{"title":"Melatonine Liquide, Baies - 60 ml - ECO Supplements","description":"Wij hebben een ruime keuze aan producten van Melatonine Liquide, Baies - 60 ml . Winkel bij Eco Supplements altijd gratis verzending boven 100\u20ac","robots":{"index":"index","follow":"follow","max-snippet":"max-snippet:-1","max-image-preview":"max-image-preview:large","max-video-preview":"max-video-preview:-1"},"canonical":"https:\/\/ecosupplements.be\/fr\/produit\/melatonine-liquide-baies-60-ml\/","og_locale":"fr_FR","og_type":"article","og_title":"Melatonine Liquide, Baies - 60 ml","og_description":"Wij hebben een ruime keuze aan producten van Melatonine Liquide, Baies - 60 ml . Winkel bij Eco Supplements altijd gratis verzending boven 100\u20ac","og_url":"https:\/\/ecosupplements.be\/fr\/produit\/melatonine-liquide-baies-60-ml\/","og_site_name":"ECO Supplements","article_modified_time":"2025-08-27T13:35:46+00:00","og_image":[{"width":640,"height":640,"url":"https:\/\/ecosupplements.be\/wp-content\/uploads\/2025\/08\/Liquid-Melatonin-Berry-60-ml-1.jpg","type":"image\/jpeg"}],"twitter_card":"summary_large_image","twitter_misc":{"Prix":"9.73&nbsp;&euro;","Disponibilit\u00e9":"En stock"},"schema":{"@context":"https:\/\/schema.org","@graph":[{"@type":["WebPage","ItemPage"],"@id":"https:\/\/ecosupplements.be\/fr\/produit\/melatonine-liquide-baies-60-ml\/","url":"https:\/\/ecosupplements.be\/fr\/produit\/melatonine-liquide-baies-60-ml\/","name":"Melatonine Liquide, Baies - 60 ml - ECO Supplements","isPartOf":{"@id":"https:\/\/ecosupplements.be\/fr\/#website"},"primaryImageOfPage":{"@id":"https:\/\/ecosupplements.be\/fr\/produit\/melatonine-liquide-baies-60-ml\/#primaryimage"},"image":{"@id":"https:\/\/ecosupplements.be\/fr\/produit\/melatonine-liquide-baies-60-ml\/#primaryimage"},"thumbnailUrl":"https:\/\/ecosupplements.be\/wp-content\/uploads\/2025\/08\/Liquid-Melatonin-Berry-60-ml.jpg","datePublished":"2022-07-10T14:35:47+00:00","dateModified":"2025-08-27T13:35:46+00:00","description":"Wij hebben een ruime keuze aan producten van Melatonine Liquide, Baies - 60 ml . Winkel bij Eco Supplements altijd gratis verzending boven 100\u20ac","breadcrumb":{"@id":"https:\/\/ecosupplements.be\/fr\/produit\/melatonine-liquide-baies-60-ml\/#breadcrumb"},"inLanguage":"fr-FR","potentialAction":[{"@type":"ReadAction","target":["https:\/\/ecosupplements.be\/fr\/produit\/melatonine-liquide-baies-60-ml\/"]}]},{"@type":"ImageObject","inLanguage":"fr-FR","@id":"https:\/\/ecosupplements.be\/fr\/produit\/melatonine-liquide-baies-60-ml\/#primaryimage","url":"https:\/\/ecosupplements.be\/wp-content\/uploads\/2025\/08\/Liquid-Melatonin-Berry-60-ml.jpg","contentUrl":"https:\/\/ecosupplements.be\/wp-content\/uploads\/2025\/08\/Liquid-Melatonin-Berry-60-ml.jpg","width":640,"height":640},{"@type":"BreadcrumbList","@id":"https:\/\/ecosupplements.be\/fr\/produit\/melatonine-liquide-baies-60-ml\/#breadcrumb","itemListElement":[{"@type":"ListItem","position":1,"name":"Home","item":"https:\/\/ecosupplements.be\/fr\/"},{"@type":"ListItem","position":2,"name":"Boutique","item":"https:\/\/ecosupplements.be\/fr\/boutique\/"},{"@type":"ListItem","position":3,"name":"Melatonine Liquide, Baies &#8211; 60 ml"}]},{"@type":"WebSite","@id":"https:\/\/ecosupplements.be\/fr\/#website","url":"https:\/\/ecosupplements.be\/fr\/","name":"ECO Supplements","description":"Eco Supplements - Gezonde supplementen","publisher":{"@id":"https:\/\/ecosupplements.be\/fr\/#organization"},"potentialAction":[{"@type":"SearchAction","target":{"@type":"EntryPoint","urlTemplate":"https:\/\/ecosupplements.be\/fr\/?s={search_term_string}"},"query-input":{"@type":"PropertyValueSpecification","valueRequired":true,"valueName":"search_term_string"}}],"inLanguage":"fr-FR"},{"@type":"Organization","@id":"https:\/\/ecosupplements.be\/fr\/#organization","name":"Eco Supplements","url":"https:\/\/ecosupplements.be\/fr\/","logo":{"@type":"ImageObject","inLanguage":"fr-FR","@id":"https:\/\/ecosupplements.be\/fr\/#\/schema\/logo\/image\/","url":"https:\/\/ecosupplements.be\/wp-content\/uploads\/2022\/06\/ecosupplement-family.png","contentUrl":"https:\/\/ecosupplements.be\/wp-content\/uploads\/2022\/06\/ecosupplement-family.png","width":593,"height":374,"caption":"Eco Supplements"},"image":{"@id":"https:\/\/ecosupplements.be\/fr\/#\/schema\/logo\/image\/"}}]},"product_brand":"Natrol","product_price_amount":"9.73","product_price_currency":"EUR","og_availability":"instock","product_availability":"instock","product_retailer_item_id":"047469074029","product_condition":"new"},"_links":{"self":[{"href":"https:\/\/ecosupplements.be\/fr\/wp-json\/wp\/v2\/product\/288142","targetHints":{"allow":["GET"]}}],"collection":[{"href":"https:\/\/ecosupplements.be\/fr\/wp-json\/wp\/v2\/product"}],"about":[{"href":"https:\/\/ecosupplements.be\/fr\/wp-json\/wp\/v2\/types\/product"}],"replies":[{"embeddable":true,"href":"https:\/\/ecosupplements.be\/fr\/wp-json\/wp\/v2\/comments?post=288142"}],"wp:featuredmedia":[{"embeddable":true,"href":"https:\/\/ecosupplements.be\/fr\/wp-json\/wp\/v2\/media\/259604"}],"wp:attachment":[{"href":"https:\/\/ecosupplements.be\/fr\/wp-json\/wp\/v2\/media?parent=288142"}],"wp:term":[{"taxonomy":"product_brand","embeddable":true,"href":"https:\/\/ecosupplements.be\/fr\/wp-json\/wp\/v2\/product_brand?post=288142"},{"taxonomy":"product_cat","embeddable":true,"href":"https:\/\/ecosupplements.be\/fr\/wp-json\/wp\/v2\/product_cat?post=288142"},{"taxonomy":"product_tag","embeddable":true,"href":"https:\/\/ecosupplements.be\/fr\/wp-json\/wp\/v2\/product_tag?post=288142"}],"curies":[{"name":"wp","href":"https:\/\/api.w.org\/{rel}","templated":true}]}}