{"id":288154,"date":"2022-06-28T10:18:48","date_gmt":"2022-06-28T09:18:48","guid":{"rendered":"https:\/\/ecosupplements.be\/product\/melatonine-a-liberation-prolongee-3mg-100-comprimes\/"},"modified":"2025-08-27T14:35:58","modified_gmt":"2025-08-27T13:35:58","slug":"melatonine-a-liberation-prolongee-3mg-100-comprimes","status":"publish","type":"product","link":"https:\/\/ecosupplements.be\/fr\/produit\/melatonine-a-liberation-prolongee-3mg-100-comprimes\/","title":{"rendered":"Melatonine \u00e0 lib\u00e9ration prolong\u00e9e, 3mg &#8211; 100 comprim\u00e9s"},"content":{"rendered":"<h1>Melatonin Time Release, 3mg &#8211; 100 tabs<\/h1>\n<p>La m\u00e9latonine est une hormone naturelle\u200d produite par le \u2062corps qui\u200c r\u00e9gule le cycle veille-sommeil. Cependant, de\u2062 nombreux facteurs tels que le stress, les \u200bchangements de fuseau horaire et le vieillissement peuvent perturber la production de m\u00e9latonine, entra\u00eenant des probl\u00e8mes de\u2064 sommeil et de fatigue diurne.<\/p>\n<p>Les comprim\u00e9s de \u2062m\u00e9latonine \u00e0 lib\u00e9ration prolong\u00e9e de Natrol\u200d sont con\u00e7us pour aider \u00e0 r\u00e9guler le cycle veille-sommeil en fournissant une\u200b dose de \u200d3 mg de m\u00e9latonine \u00e0 lib\u00e9ration prolong\u00e9e.\u200d Cela \u2063signifie que la m\u00e9latonine est\u2062 lib\u00e9r\u00e9e lentement dans le corps \u2062tout au long de \u200bla nuit, aidant \u200d\u00e0 maintenir un sommeil r\u00e9gulier et r\u00e9parateur.<\/p>\n<h2>Ingr\u00e9dients cl\u00e9s<\/h2>\n<ul>\n<li>3 mg de m\u00e9latonine<\/li>\n<li>Cellulose microcristalline<\/li>\n<li>St\u00e9arate de magn\u00e9sium<\/li>\n<li>Silice<\/li>\n<li>Acide st\u00e9arique<\/li>\n<li>Hypromellose<\/li>\n<li>Dioxyde de titane<\/li>\n<li>Triac\u00e9tine<\/li>\n<li>Colorant alimentaire bleu n\u00b02<\/li>\n<\/ul>\n<p>Ce produit\u200c ne contient pas\u2063 de\u2063 levure,\u200b de bl\u00e9, de lait, d&#8217;\u0153ufs, de soja, \u2064de gluten, de colorants ou de conservateurs artificiels.<\/p>\n<h2>Avantages uniques<\/h2>\n<ul>\n<li>Formule \u00e0 lib\u00e9ration prolong\u00e9e pour un sommeil r\u00e9gulier et r\u00e9parateur<\/li>\n<li>3 mg de m\u00e9latonine par comprim\u00e9<\/li>\n<li>Ne contient pas d&#8217;ingr\u00e9dients artificiels<\/li>\n<li>Convient aux \u2063v\u00e9g\u00e9tariens<\/li>\n<li>Fabriqu\u00e9 aux \u00c9tats-Unis<\/li>\n<\/ul>\n<p>La m\u00e9latonine\u2064 \u00e0\u2062 lib\u00e9ration prolong\u00e9e de Natrol est\u2064 un\u2062 choix s\u00fbr et naturel pour ceux qui ont du mal \u2064\u00e0 s&#8217;endormir ou \u00e0 rester \u2063endormis. Avec une formule \u00e0 lib\u00e9ration prolong\u00e9e et des ingr\u00e9dients de qualit\u00e9, ce produit peut vous aider \u00e0 retrouver un sommeil r\u00e9gulier et r\u00e9parateur pour vous sentir repos\u00e9 et rafra\u00eechi chaque matin.<\/p>\n<p>Essayez la m\u00e9latonine\u2064 \u00e0 lib\u00e9ration prolong\u00e9e de Natrol d\u00e8s aujourd&#8217;hui et profitez d&#8217;un sommeil de \u200cqualit\u00e9\u2064 pour une vie plus saine et\u2064 plus \u00e9quilibr\u00e9e.<\/p>\n","protected":false},"excerpt":{"rendered":"<p>Melatonin Time Release, 3mg &#8211; 100 tabs La m\u00e9latonine est une hormone naturelle\u200d produite par le \u2062corps qui\u200c r\u00e9gule le cycle veille-sommeil. Cependant, de\u2062 nombreux facteurs tels que le stress, les \u200bchangements de fuseau horaire et le vieillissement peuvent perturber la production de m\u00e9latonine, entra\u00eenant des probl\u00e8mes de\u2064 sommeil et de fatigue diurne. Les comprim\u00e9s [&#8230;]\n","protected":false},"featured_media":248350,"comment_status":"open","ping_status":"open","template":"","meta":[],"product_brand":[4731],"product_cat":[5159,5160,5052],"product_tag":[],"class_list":{"0":"post-288154","1":"product","2":"type-product","3":"status-publish","4":"has-post-thumbnail","6":"product_brand-natrol-2","7":"product_cat-aide-au-sommeil","8":"product_cat-melatonine-aide-au-sommeil","9":"product_cat-sante-et-bien-etre","11":"first","12":"instock","13":"featured","14":"taxable","15":"shipping-taxable","16":"purchasable","17":"product-type-simple"},"yoast_head":"<!-- This site is optimized with the Yoast SEO Premium plugin v27.5 (Yoast SEO v27.5) - https:\/\/yoast.com\/product\/yoast-seo-premium-wordpress\/ -->\n<title>Melatonine \u00e0 lib\u00e9ration prolong\u00e9e, 3mg - 100 comprim\u00e9s - ECO Supplements<\/title>\n<meta name=\"description\" content=\"Wij hebben een ruime keuze aan producten van Melatonine \u00e0 lib\u00e9ration prolong\u00e9e, 3mg - 100 comprim\u00e9s . Winkel bij Eco Supplements altijd gratis verzending boven 100\u20ac\" \/>\n<meta name=\"robots\" content=\"index, follow, max-snippet:-1, max-image-preview:large, max-video-preview:-1\" \/>\n<link rel=\"canonical\" href=\"https:\/\/ecosupplements.be\/fr\/produit\/melatonine-a-liberation-prolongee-3mg-100-comprimes\/\" \/>\n<meta property=\"og:locale\" content=\"fr_FR\" \/>\n<meta property=\"og:type\" content=\"article\" \/>\n<meta property=\"og:title\" content=\"Melatonine \u00e0 lib\u00e9ration prolong\u00e9e, 3mg - 100 comprim\u00e9s\" \/>\n<meta property=\"og:description\" content=\"Wij hebben een ruime keuze aan producten van Melatonine \u00e0 lib\u00e9ration prolong\u00e9e, 3mg - 100 comprim\u00e9s . Winkel bij Eco Supplements altijd gratis verzending boven 100\u20ac\" \/>\n<meta property=\"og:url\" content=\"https:\/\/ecosupplements.be\/fr\/produit\/melatonine-a-liberation-prolongee-3mg-100-comprimes\/\" \/>\n<meta property=\"og:site_name\" content=\"ECO Supplements\" \/>\n<meta property=\"article:modified_time\" content=\"2025-08-27T13:35:58+00:00\" \/>\n<meta property=\"og:image\" content=\"https:\/\/ecosupplements.be\/wp-content\/uploads\/2025\/08\/Melatonin-Time-Release-3mg-100-tabs.jpg\" \/>\n\t<meta property=\"og:image:width\" content=\"370\" \/>\n\t<meta property=\"og:image:height\" content=\"785\" \/>\n\t<meta property=\"og:image:type\" content=\"image\/jpeg\" \/>\n<meta name=\"twitter:card\" content=\"summary_large_image\" \/>\n<meta name=\"twitter:label1\" content=\"Prix\" \/>\n\t<meta name=\"twitter:data1\" content=\"10.68&nbsp;&euro;\" \/>\n\t<meta name=\"twitter:label2\" content=\"Disponibilit\u00e9\" \/>\n\t<meta name=\"twitter:data2\" content=\"En stock\" \/>\n<script type=\"application\/ld+json\" class=\"yoast-schema-graph\">{\"@context\":\"https:\\\/\\\/schema.org\",\"@graph\":[{\"@type\":[\"WebPage\",\"ItemPage\"],\"@id\":\"https:\\\/\\\/ecosupplements.be\\\/fr\\\/produit\\\/melatonine-a-liberation-prolongee-3mg-100-comprimes\\\/\",\"url\":\"https:\\\/\\\/ecosupplements.be\\\/fr\\\/produit\\\/melatonine-a-liberation-prolongee-3mg-100-comprimes\\\/\",\"name\":\"Melatonine \u00e0 lib\u00e9ration prolong\u00e9e, 3mg - 100 comprim\u00e9s - ECO Supplements\",\"isPartOf\":{\"@id\":\"https:\\\/\\\/ecosupplements.be\\\/fr\\\/#website\"},\"primaryImageOfPage\":{\"@id\":\"https:\\\/\\\/ecosupplements.be\\\/fr\\\/produit\\\/melatonine-a-liberation-prolongee-3mg-100-comprimes\\\/#primaryimage\"},\"image\":{\"@id\":\"https:\\\/\\\/ecosupplements.be\\\/fr\\\/produit\\\/melatonine-a-liberation-prolongee-3mg-100-comprimes\\\/#primaryimage\"},\"thumbnailUrl\":\"https:\\\/\\\/ecosupplements.be\\\/wp-content\\\/uploads\\\/2025\\\/08\\\/Natrol-Melatonin-Time-Release-3mg-100-tabs-1.jpg\",\"datePublished\":\"2022-06-28T09:18:48+00:00\",\"dateModified\":\"2025-08-27T13:35:58+00:00\",\"description\":\"Wij hebben een ruime keuze aan producten van Melatonine \u00e0 lib\u00e9ration prolong\u00e9e, 3mg - 100 comprim\u00e9s . Winkel bij Eco Supplements altijd gratis verzending boven 100\u20ac\",\"breadcrumb\":{\"@id\":\"https:\\\/\\\/ecosupplements.be\\\/fr\\\/produit\\\/melatonine-a-liberation-prolongee-3mg-100-comprimes\\\/#breadcrumb\"},\"inLanguage\":\"fr-FR\",\"potentialAction\":[{\"@type\":\"ReadAction\",\"target\":[\"https:\\\/\\\/ecosupplements.be\\\/fr\\\/produit\\\/melatonine-a-liberation-prolongee-3mg-100-comprimes\\\/\"]}]},{\"@type\":\"ImageObject\",\"inLanguage\":\"fr-FR\",\"@id\":\"https:\\\/\\\/ecosupplements.be\\\/fr\\\/produit\\\/melatonine-a-liberation-prolongee-3mg-100-comprimes\\\/#primaryimage\",\"url\":\"https:\\\/\\\/ecosupplements.be\\\/wp-content\\\/uploads\\\/2025\\\/08\\\/Natrol-Melatonin-Time-Release-3mg-100-tabs-1.jpg\",\"contentUrl\":\"https:\\\/\\\/ecosupplements.be\\\/wp-content\\\/uploads\\\/2025\\\/08\\\/Natrol-Melatonin-Time-Release-3mg-100-tabs-1.jpg\",\"width\":750,\"height\":750},{\"@type\":\"BreadcrumbList\",\"@id\":\"https:\\\/\\\/ecosupplements.be\\\/fr\\\/produit\\\/melatonine-a-liberation-prolongee-3mg-100-comprimes\\\/#breadcrumb\",\"itemListElement\":[{\"@type\":\"ListItem\",\"position\":1,\"name\":\"Home\",\"item\":\"https:\\\/\\\/ecosupplements.be\\\/fr\\\/\"},{\"@type\":\"ListItem\",\"position\":2,\"name\":\"Boutique\",\"item\":\"https:\\\/\\\/ecosupplements.be\\\/fr\\\/boutique\\\/\"},{\"@type\":\"ListItem\",\"position\":3,\"name\":\"Melatonine \u00e0 lib\u00e9ration prolong\u00e9e, 3mg &#8211; 100 comprim\u00e9s\"}]},{\"@type\":\"WebSite\",\"@id\":\"https:\\\/\\\/ecosupplements.be\\\/fr\\\/#website\",\"url\":\"https:\\\/\\\/ecosupplements.be\\\/fr\\\/\",\"name\":\"ECO Supplements\",\"description\":\"Eco Supplements - Gezonde supplementen\",\"publisher\":{\"@id\":\"https:\\\/\\\/ecosupplements.be\\\/fr\\\/#organization\"},\"potentialAction\":[{\"@type\":\"SearchAction\",\"target\":{\"@type\":\"EntryPoint\",\"urlTemplate\":\"https:\\\/\\\/ecosupplements.be\\\/fr\\\/?s={search_term_string}\"},\"query-input\":{\"@type\":\"PropertyValueSpecification\",\"valueRequired\":true,\"valueName\":\"search_term_string\"}}],\"inLanguage\":\"fr-FR\"},{\"@type\":\"Organization\",\"@id\":\"https:\\\/\\\/ecosupplements.be\\\/fr\\\/#organization\",\"name\":\"Eco Supplements\",\"url\":\"https:\\\/\\\/ecosupplements.be\\\/fr\\\/\",\"logo\":{\"@type\":\"ImageObject\",\"inLanguage\":\"fr-FR\",\"@id\":\"https:\\\/\\\/ecosupplements.be\\\/fr\\\/#\\\/schema\\\/logo\\\/image\\\/\",\"url\":\"https:\\\/\\\/ecosupplements.be\\\/wp-content\\\/uploads\\\/2022\\\/06\\\/ecosupplement-family.png\",\"contentUrl\":\"https:\\\/\\\/ecosupplements.be\\\/wp-content\\\/uploads\\\/2022\\\/06\\\/ecosupplement-family.png\",\"width\":593,\"height\":374,\"caption\":\"Eco Supplements\"},\"image\":{\"@id\":\"https:\\\/\\\/ecosupplements.be\\\/fr\\\/#\\\/schema\\\/logo\\\/image\\\/\"}}]}<\/script>\n<meta property=\"product:brand\" content=\"Natrol\" \/>\n<meta property=\"product:price:amount\" content=\"10.68\" \/>\n<meta property=\"product:price:currency\" content=\"EUR\" \/>\n<meta property=\"og:availability\" content=\"instock\" \/>\n<meta property=\"product:availability\" content=\"instock\" \/>\n<meta property=\"product:retailer_item_id\" content=\"047469004583\" \/>\n<meta property=\"product:condition\" content=\"new\" \/>\n<!-- \/ Yoast SEO Premium plugin. -->","yoast_head_json":{"title":"Melatonine \u00e0 lib\u00e9ration prolong\u00e9e, 3mg - 100 comprim\u00e9s - ECO Supplements","description":"Wij hebben een ruime keuze aan producten van Melatonine \u00e0 lib\u00e9ration prolong\u00e9e, 3mg - 100 comprim\u00e9s . Winkel bij Eco Supplements altijd gratis verzending boven 100\u20ac","robots":{"index":"index","follow":"follow","max-snippet":"max-snippet:-1","max-image-preview":"max-image-preview:large","max-video-preview":"max-video-preview:-1"},"canonical":"https:\/\/ecosupplements.be\/fr\/produit\/melatonine-a-liberation-prolongee-3mg-100-comprimes\/","og_locale":"fr_FR","og_type":"article","og_title":"Melatonine \u00e0 lib\u00e9ration prolong\u00e9e, 3mg - 100 comprim\u00e9s","og_description":"Wij hebben een ruime keuze aan producten van Melatonine \u00e0 lib\u00e9ration prolong\u00e9e, 3mg - 100 comprim\u00e9s . Winkel bij Eco Supplements altijd gratis verzending boven 100\u20ac","og_url":"https:\/\/ecosupplements.be\/fr\/produit\/melatonine-a-liberation-prolongee-3mg-100-comprimes\/","og_site_name":"ECO Supplements","article_modified_time":"2025-08-27T13:35:58+00:00","og_image":[{"width":370,"height":785,"url":"https:\/\/ecosupplements.be\/wp-content\/uploads\/2025\/08\/Melatonin-Time-Release-3mg-100-tabs.jpg","type":"image\/jpeg"}],"twitter_card":"summary_large_image","twitter_misc":{"Prix":"10.68&nbsp;&euro;","Disponibilit\u00e9":"En stock"},"schema":{"@context":"https:\/\/schema.org","@graph":[{"@type":["WebPage","ItemPage"],"@id":"https:\/\/ecosupplements.be\/fr\/produit\/melatonine-a-liberation-prolongee-3mg-100-comprimes\/","url":"https:\/\/ecosupplements.be\/fr\/produit\/melatonine-a-liberation-prolongee-3mg-100-comprimes\/","name":"Melatonine \u00e0 lib\u00e9ration prolong\u00e9e, 3mg - 100 comprim\u00e9s - ECO Supplements","isPartOf":{"@id":"https:\/\/ecosupplements.be\/fr\/#website"},"primaryImageOfPage":{"@id":"https:\/\/ecosupplements.be\/fr\/produit\/melatonine-a-liberation-prolongee-3mg-100-comprimes\/#primaryimage"},"image":{"@id":"https:\/\/ecosupplements.be\/fr\/produit\/melatonine-a-liberation-prolongee-3mg-100-comprimes\/#primaryimage"},"thumbnailUrl":"https:\/\/ecosupplements.be\/wp-content\/uploads\/2025\/08\/Natrol-Melatonin-Time-Release-3mg-100-tabs-1.jpg","datePublished":"2022-06-28T09:18:48+00:00","dateModified":"2025-08-27T13:35:58+00:00","description":"Wij hebben een ruime keuze aan producten van Melatonine \u00e0 lib\u00e9ration prolong\u00e9e, 3mg - 100 comprim\u00e9s . Winkel bij Eco Supplements altijd gratis verzending boven 100\u20ac","breadcrumb":{"@id":"https:\/\/ecosupplements.be\/fr\/produit\/melatonine-a-liberation-prolongee-3mg-100-comprimes\/#breadcrumb"},"inLanguage":"fr-FR","potentialAction":[{"@type":"ReadAction","target":["https:\/\/ecosupplements.be\/fr\/produit\/melatonine-a-liberation-prolongee-3mg-100-comprimes\/"]}]},{"@type":"ImageObject","inLanguage":"fr-FR","@id":"https:\/\/ecosupplements.be\/fr\/produit\/melatonine-a-liberation-prolongee-3mg-100-comprimes\/#primaryimage","url":"https:\/\/ecosupplements.be\/wp-content\/uploads\/2025\/08\/Natrol-Melatonin-Time-Release-3mg-100-tabs-1.jpg","contentUrl":"https:\/\/ecosupplements.be\/wp-content\/uploads\/2025\/08\/Natrol-Melatonin-Time-Release-3mg-100-tabs-1.jpg","width":750,"height":750},{"@type":"BreadcrumbList","@id":"https:\/\/ecosupplements.be\/fr\/produit\/melatonine-a-liberation-prolongee-3mg-100-comprimes\/#breadcrumb","itemListElement":[{"@type":"ListItem","position":1,"name":"Home","item":"https:\/\/ecosupplements.be\/fr\/"},{"@type":"ListItem","position":2,"name":"Boutique","item":"https:\/\/ecosupplements.be\/fr\/boutique\/"},{"@type":"ListItem","position":3,"name":"Melatonine \u00e0 lib\u00e9ration prolong\u00e9e, 3mg &#8211; 100 comprim\u00e9s"}]},{"@type":"WebSite","@id":"https:\/\/ecosupplements.be\/fr\/#website","url":"https:\/\/ecosupplements.be\/fr\/","name":"ECO Supplements","description":"Eco Supplements - Gezonde supplementen","publisher":{"@id":"https:\/\/ecosupplements.be\/fr\/#organization"},"potentialAction":[{"@type":"SearchAction","target":{"@type":"EntryPoint","urlTemplate":"https:\/\/ecosupplements.be\/fr\/?s={search_term_string}"},"query-input":{"@type":"PropertyValueSpecification","valueRequired":true,"valueName":"search_term_string"}}],"inLanguage":"fr-FR"},{"@type":"Organization","@id":"https:\/\/ecosupplements.be\/fr\/#organization","name":"Eco Supplements","url":"https:\/\/ecosupplements.be\/fr\/","logo":{"@type":"ImageObject","inLanguage":"fr-FR","@id":"https:\/\/ecosupplements.be\/fr\/#\/schema\/logo\/image\/","url":"https:\/\/ecosupplements.be\/wp-content\/uploads\/2022\/06\/ecosupplement-family.png","contentUrl":"https:\/\/ecosupplements.be\/wp-content\/uploads\/2022\/06\/ecosupplement-family.png","width":593,"height":374,"caption":"Eco Supplements"},"image":{"@id":"https:\/\/ecosupplements.be\/fr\/#\/schema\/logo\/image\/"}}]},"product_brand":"Natrol","product_price_amount":"10.68","product_price_currency":"EUR","og_availability":"instock","product_availability":"instock","product_retailer_item_id":"047469004583","product_condition":"new"},"_links":{"self":[{"href":"https:\/\/ecosupplements.be\/fr\/wp-json\/wp\/v2\/product\/288154","targetHints":{"allow":["GET"]}}],"collection":[{"href":"https:\/\/ecosupplements.be\/fr\/wp-json\/wp\/v2\/product"}],"about":[{"href":"https:\/\/ecosupplements.be\/fr\/wp-json\/wp\/v2\/types\/product"}],"replies":[{"embeddable":true,"href":"https:\/\/ecosupplements.be\/fr\/wp-json\/wp\/v2\/comments?post=288154"}],"wp:featuredmedia":[{"embeddable":true,"href":"https:\/\/ecosupplements.be\/fr\/wp-json\/wp\/v2\/media\/248350"}],"wp:attachment":[{"href":"https:\/\/ecosupplements.be\/fr\/wp-json\/wp\/v2\/media?parent=288154"}],"wp:term":[{"taxonomy":"product_brand","embeddable":true,"href":"https:\/\/ecosupplements.be\/fr\/wp-json\/wp\/v2\/product_brand?post=288154"},{"taxonomy":"product_cat","embeddable":true,"href":"https:\/\/ecosupplements.be\/fr\/wp-json\/wp\/v2\/product_cat?post=288154"},{"taxonomy":"product_tag","embeddable":true,"href":"https:\/\/ecosupplements.be\/fr\/wp-json\/wp\/v2\/product_tag?post=288154"}],"curies":[{"name":"wp","href":"https:\/\/api.w.org\/{rel}","templated":true}]}}