{"id":288190,"date":"2023-02-01T22:15:27","date_gmt":"2023-02-01T21:15:27","guid":{"rendered":"https:\/\/ecosupplements.be\/product\/gummies-calm-orange-120-gummies\/"},"modified":"2025-08-27T14:36:34","modified_gmt":"2025-08-27T13:36:34","slug":"gummies-calm-orange-120-gummies","status":"publish","type":"product","link":"https:\/\/ecosupplements.be\/fr\/produit\/gummies-calm-orange-120-gummies\/","title":{"rendered":"Gummies Calm, Orange &#8211; 120 gummies"},"content":{"rendered":"<h1>Calm Gummies, Orange\u2062 &#8211; 120 gummies<\/h1>\n<p>Les Calm Gummies de Natural Vitality sont une fa\u00e7on pratique \u2064et d\u00e9licieuse de profiter \u2062des bienfaits du\u2063 c\u00e9l\u00e8bre suppl\u00e9ment Calm. Ces gommes \u00e0 \u200bm\u00e2cher \u00e0 l&#8217;orange sont sp\u00e9cialement formul\u00e9es pour aider \u00e0 r\u00e9duire le\u2064 stress et favoriser la relaxation, tout en apportant une dose de magn\u00e9sium essentiel \u00e0 votre corps.<\/p>\n<h2>Caract\u00e9ristiques\u200c sp\u00e9ciales<\/h2>\n<ul>\n<li>120 gommes \u00e0\u2064 m\u00e2cher \u00e0 l&#8217;orange<\/li>\n<li>Formule sp\u00e9ciale pour r\u00e9duire le stress et favoriser la\u200b relaxation<\/li>\n<li>Contient du \u2064magn\u00e9sium essentiel<\/li>\n<li>Facile \u00e0\u2062 prendre \u2064et \u00e0 emporter avec vous<\/li>\n<li>Saveur d&#8217;orange\u200d d\u00e9licieuse et rafra\u00eechissante<\/li>\n<\/ul>\n<h2>Ingr\u00e9dients<\/h2>\n<p>Les Calm Gummies sont fabriqu\u00e9es avec des ingr\u00e9dients naturels \u2064de haute qualit\u00e9, soigneusement s\u00e9lectionn\u00e9s \u200dpour leurs bienfaits sur la sant\u00e9 et leur go\u00fbt d\u00e9licieux. Chaque gomme \u00e0 m\u00e2cher contient du \u2063magn\u00e9sium, de la vitamine C et des extraits de fruits \u200cet de\u200d l\u00e9gumes biologiques, tels que la cerise ac\u00e9rola, la baie \u2062de goji et la prune de Kakadu.<\/p>\n<h2>Avantages\u200b uniques<\/h2>\n<p>Les Calm Gummies sont un \u200cmoyen pratique et agr\u00e9able de prendre\u200d soin de \u200bvotre sant\u00e9 mentale et\u200d physique. En plus de r\u00e9duire le stress et de favoriser la relaxation, ces gommes \u00e0 m\u00e2cher peuvent \u00e9galement\u200b aider \u00e0 am\u00e9liorer \u200cla qualit\u00e9 du sommeil, \u2062\u00e0 renforcer le syst\u00e8me \u2062immunitaire et \u00e0 maintenir une \u200dbonne sant\u00e9 cardiovasculaire.<\/p>\n<h2>Principales \u200bcaract\u00e9ristiques<\/h2>\n<ul>\n<li>Facile \u00e0 prendre et \u00e0 emporter avec vous<\/li>\n<li>Saveur d&#8217;orange d\u00e9licieuse et \u2062rafra\u00eechissante<\/li>\n<li>Formule sp\u00e9ciale pour r\u00e9duire le stress et favoriser la relaxation<\/li>\n<li>Contient\u200c du\u2063 magn\u00e9sium essentiel<\/li>\n<li>Fabriqu\u00e9 avec des ingr\u00e9dients naturels\u200c de haute qualit\u00e9<\/li>\n<li>Peut aider\u200d \u00e0\u2064 am\u00e9liorer la qualit\u00e9 du sommeil\u2062 et \u00e0 renforcer le syst\u00e8me immunitaire<\/li>\n<\/ul>\n<p>Prenez \u2062soin de votre bien-\u00eatre mental et physique avec\u200c les \u2063Calm Gummies de Natural Vitality. Commandez d\u00e8s\u2064 maintenant et profitez d&#8217;une \u200brelaxation \u2063et d&#8217;un soulagement du stress naturels et d\u00e9licieux.<\/p>\n","protected":false},"excerpt":{"rendered":"<p>Calm Gummies, Orange\u2062 &#8211; 120 gummies Les Calm Gummies de Natural Vitality sont une fa\u00e7on pratique \u2064et d\u00e9licieuse de profiter \u2062des bienfaits du\u2063 c\u00e9l\u00e8bre suppl\u00e9ment Calm. Ces gommes \u00e0 \u200bm\u00e2cher \u00e0 l&#8217;orange sont sp\u00e9cialement formul\u00e9es pour aider \u00e0 r\u00e9duire le\u2064 stress et favoriser la relaxation, tout en apportant une dose de magn\u00e9sium essentiel \u00e0 votre [&#8230;]\n","protected":false},"featured_media":262235,"comment_status":"open","ping_status":"open","template":"","meta":[],"product_brand":[4732],"product_cat":[5054,5055,5052],"product_tag":[],"class_list":{"0":"post-288190","1":"product","2":"type-product","3":"status-publish","4":"has-post-thumbnail","6":"product_brand-natural-vitality-2","7":"product_cat-nourriture-saine","8":"product_cat-produits-vegetaliens","9":"product_cat-sante-et-bien-etre","11":"first","12":"outofstock","13":"sale","14":"taxable","15":"shipping-taxable","16":"purchasable","17":"product-type-simple"},"yoast_head":"<!-- This site is optimized with the Yoast SEO Premium plugin v27.3 (Yoast SEO v27.3) - https:\/\/yoast.com\/product\/yoast-seo-premium-wordpress\/ -->\n<title>Gummies Calm, Orange - 120 gummies - ECO Supplements<\/title>\n<meta name=\"description\" content=\"Wij hebben een ruime keuze aan producten van Gummies Calm, Orange - 120 gummies . Winkel bij Eco Supplements altijd gratis verzending boven 100\u20ac\" \/>\n<meta name=\"robots\" content=\"index, follow, max-snippet:-1, max-image-preview:large, max-video-preview:-1\" \/>\n<link rel=\"canonical\" href=\"https:\/\/ecosupplements.be\/fr\/produit\/gummies-calm-orange-120-gummies\/\" \/>\n<meta property=\"og:locale\" content=\"fr_FR\" \/>\n<meta property=\"og:type\" content=\"article\" \/>\n<meta property=\"og:title\" content=\"Gummies Calm, Orange - 120 gummies\" \/>\n<meta property=\"og:description\" content=\"Wij hebben een ruime keuze aan producten van Gummies Calm, Orange - 120 gummies . Winkel bij Eco Supplements altijd gratis verzending boven 100\u20ac\" \/>\n<meta property=\"og:url\" content=\"https:\/\/ecosupplements.be\/fr\/produit\/gummies-calm-orange-120-gummies\/\" \/>\n<meta property=\"og:site_name\" content=\"ECO Supplements\" \/>\n<meta property=\"article:modified_time\" content=\"2025-08-27T13:36:34+00:00\" \/>\n<meta property=\"og:image\" content=\"https:\/\/ecosupplements.be\/wp-content\/uploads\/2025\/08\/Calm-Gummies-Orange-120-gummies-1.jpg\" \/>\n\t<meta property=\"og:image:width\" content=\"606\" \/>\n\t<meta property=\"og:image:height\" content=\"606\" \/>\n\t<meta property=\"og:image:type\" content=\"image\/jpeg\" \/>\n<meta name=\"twitter:card\" content=\"summary_large_image\" \/>\n<meta name=\"twitter:label1\" content=\"Prix\" \/>\n\t<meta name=\"twitter:data1\" content=\"29.28&nbsp;&euro;\" \/>\n\t<meta name=\"twitter:label2\" content=\"Disponibilit\u00e9\" \/>\n\t<meta name=\"twitter:data2\" content=\"Rupture de stock\" \/>\n<script type=\"application\/ld+json\" class=\"yoast-schema-graph\">{\"@context\":\"https:\\\/\\\/schema.org\",\"@graph\":[{\"@type\":[\"WebPage\",\"ItemPage\"],\"@id\":\"https:\\\/\\\/ecosupplements.be\\\/fr\\\/produit\\\/gummies-calm-orange-120-gummies\\\/\",\"url\":\"https:\\\/\\\/ecosupplements.be\\\/fr\\\/produit\\\/gummies-calm-orange-120-gummies\\\/\",\"name\":\"Gummies Calm, Orange - 120 gummies - ECO Supplements\",\"isPartOf\":{\"@id\":\"https:\\\/\\\/ecosupplements.be\\\/fr\\\/#website\"},\"primaryImageOfPage\":{\"@id\":\"https:\\\/\\\/ecosupplements.be\\\/fr\\\/produit\\\/gummies-calm-orange-120-gummies\\\/#primaryimage\"},\"image\":{\"@id\":\"https:\\\/\\\/ecosupplements.be\\\/fr\\\/produit\\\/gummies-calm-orange-120-gummies\\\/#primaryimage\"},\"thumbnailUrl\":\"https:\\\/\\\/ecosupplements.be\\\/wp-content\\\/uploads\\\/2025\\\/08\\\/Calm-Gummies-Orange-120-gummies.jpg\",\"datePublished\":\"2023-02-01T21:15:27+00:00\",\"dateModified\":\"2025-08-27T13:36:34+00:00\",\"description\":\"Wij hebben een ruime keuze aan producten van Gummies Calm, Orange - 120 gummies . Winkel bij Eco Supplements altijd gratis verzending boven 100\u20ac\",\"breadcrumb\":{\"@id\":\"https:\\\/\\\/ecosupplements.be\\\/fr\\\/produit\\\/gummies-calm-orange-120-gummies\\\/#breadcrumb\"},\"inLanguage\":\"fr-FR\",\"potentialAction\":[{\"@type\":\"ReadAction\",\"target\":[\"https:\\\/\\\/ecosupplements.be\\\/fr\\\/produit\\\/gummies-calm-orange-120-gummies\\\/\"]}]},{\"@type\":\"ImageObject\",\"inLanguage\":\"fr-FR\",\"@id\":\"https:\\\/\\\/ecosupplements.be\\\/fr\\\/produit\\\/gummies-calm-orange-120-gummies\\\/#primaryimage\",\"url\":\"https:\\\/\\\/ecosupplements.be\\\/wp-content\\\/uploads\\\/2025\\\/08\\\/Calm-Gummies-Orange-120-gummies.jpg\",\"contentUrl\":\"https:\\\/\\\/ecosupplements.be\\\/wp-content\\\/uploads\\\/2025\\\/08\\\/Calm-Gummies-Orange-120-gummies.jpg\",\"width\":606,\"height\":606},{\"@type\":\"BreadcrumbList\",\"@id\":\"https:\\\/\\\/ecosupplements.be\\\/fr\\\/produit\\\/gummies-calm-orange-120-gummies\\\/#breadcrumb\",\"itemListElement\":[{\"@type\":\"ListItem\",\"position\":1,\"name\":\"Home\",\"item\":\"https:\\\/\\\/ecosupplements.be\\\/fr\\\/\"},{\"@type\":\"ListItem\",\"position\":2,\"name\":\"Boutique\",\"item\":\"https:\\\/\\\/ecosupplements.be\\\/fr\\\/boutique\\\/\"},{\"@type\":\"ListItem\",\"position\":3,\"name\":\"Gummies Calm, Orange &#8211; 120 gummies\"}]},{\"@type\":\"WebSite\",\"@id\":\"https:\\\/\\\/ecosupplements.be\\\/fr\\\/#website\",\"url\":\"https:\\\/\\\/ecosupplements.be\\\/fr\\\/\",\"name\":\"ECO Supplements\",\"description\":\"Eco Supplements - Gezonde supplementen\",\"publisher\":{\"@id\":\"https:\\\/\\\/ecosupplements.be\\\/fr\\\/#organization\"},\"potentialAction\":[{\"@type\":\"SearchAction\",\"target\":{\"@type\":\"EntryPoint\",\"urlTemplate\":\"https:\\\/\\\/ecosupplements.be\\\/fr\\\/?s={search_term_string}\"},\"query-input\":{\"@type\":\"PropertyValueSpecification\",\"valueRequired\":true,\"valueName\":\"search_term_string\"}}],\"inLanguage\":\"fr-FR\"},{\"@type\":\"Organization\",\"@id\":\"https:\\\/\\\/ecosupplements.be\\\/fr\\\/#organization\",\"name\":\"Eco Supplements\",\"url\":\"https:\\\/\\\/ecosupplements.be\\\/fr\\\/\",\"logo\":{\"@type\":\"ImageObject\",\"inLanguage\":\"fr-FR\",\"@id\":\"https:\\\/\\\/ecosupplements.be\\\/fr\\\/#\\\/schema\\\/logo\\\/image\\\/\",\"url\":\"https:\\\/\\\/ecosupplements.be\\\/wp-content\\\/uploads\\\/2022\\\/06\\\/ecosupplement-family.png\",\"contentUrl\":\"https:\\\/\\\/ecosupplements.be\\\/wp-content\\\/uploads\\\/2022\\\/06\\\/ecosupplement-family.png\",\"width\":593,\"height\":374,\"caption\":\"Eco Supplements\"},\"image\":{\"@id\":\"https:\\\/\\\/ecosupplements.be\\\/fr\\\/#\\\/schema\\\/logo\\\/image\\\/\"}}]}<\/script>\n<meta property=\"product:brand\" content=\"Natural Vitality\" \/>\n<meta property=\"product:price:amount\" content=\"29.28\" \/>\n<meta property=\"product:price:currency\" content=\"EUR\" \/>\n<meta property=\"og:availability\" content=\"out of stock\" \/>\n<meta property=\"product:availability\" content=\"out of stock\" \/>\n<meta property=\"product:retailer_item_id\" content=\"183405043084\" \/>\n<meta property=\"product:condition\" content=\"new\" \/>\n<!-- \/ Yoast SEO Premium plugin. -->","yoast_head_json":{"title":"Gummies Calm, Orange - 120 gummies - ECO Supplements","description":"Wij hebben een ruime keuze aan producten van Gummies Calm, Orange - 120 gummies . Winkel bij Eco Supplements altijd gratis verzending boven 100\u20ac","robots":{"index":"index","follow":"follow","max-snippet":"max-snippet:-1","max-image-preview":"max-image-preview:large","max-video-preview":"max-video-preview:-1"},"canonical":"https:\/\/ecosupplements.be\/fr\/produit\/gummies-calm-orange-120-gummies\/","og_locale":"fr_FR","og_type":"article","og_title":"Gummies Calm, Orange - 120 gummies","og_description":"Wij hebben een ruime keuze aan producten van Gummies Calm, Orange - 120 gummies . Winkel bij Eco Supplements altijd gratis verzending boven 100\u20ac","og_url":"https:\/\/ecosupplements.be\/fr\/produit\/gummies-calm-orange-120-gummies\/","og_site_name":"ECO Supplements","article_modified_time":"2025-08-27T13:36:34+00:00","og_image":[{"width":606,"height":606,"url":"https:\/\/ecosupplements.be\/wp-content\/uploads\/2025\/08\/Calm-Gummies-Orange-120-gummies-1.jpg","type":"image\/jpeg"}],"twitter_card":"summary_large_image","twitter_misc":{"Prix":"29.28&nbsp;&euro;","Disponibilit\u00e9":"Rupture de stock"},"schema":{"@context":"https:\/\/schema.org","@graph":[{"@type":["WebPage","ItemPage"],"@id":"https:\/\/ecosupplements.be\/fr\/produit\/gummies-calm-orange-120-gummies\/","url":"https:\/\/ecosupplements.be\/fr\/produit\/gummies-calm-orange-120-gummies\/","name":"Gummies Calm, Orange - 120 gummies - ECO Supplements","isPartOf":{"@id":"https:\/\/ecosupplements.be\/fr\/#website"},"primaryImageOfPage":{"@id":"https:\/\/ecosupplements.be\/fr\/produit\/gummies-calm-orange-120-gummies\/#primaryimage"},"image":{"@id":"https:\/\/ecosupplements.be\/fr\/produit\/gummies-calm-orange-120-gummies\/#primaryimage"},"thumbnailUrl":"https:\/\/ecosupplements.be\/wp-content\/uploads\/2025\/08\/Calm-Gummies-Orange-120-gummies.jpg","datePublished":"2023-02-01T21:15:27+00:00","dateModified":"2025-08-27T13:36:34+00:00","description":"Wij hebben een ruime keuze aan producten van Gummies Calm, Orange - 120 gummies . Winkel bij Eco Supplements altijd gratis verzending boven 100\u20ac","breadcrumb":{"@id":"https:\/\/ecosupplements.be\/fr\/produit\/gummies-calm-orange-120-gummies\/#breadcrumb"},"inLanguage":"fr-FR","potentialAction":[{"@type":"ReadAction","target":["https:\/\/ecosupplements.be\/fr\/produit\/gummies-calm-orange-120-gummies\/"]}]},{"@type":"ImageObject","inLanguage":"fr-FR","@id":"https:\/\/ecosupplements.be\/fr\/produit\/gummies-calm-orange-120-gummies\/#primaryimage","url":"https:\/\/ecosupplements.be\/wp-content\/uploads\/2025\/08\/Calm-Gummies-Orange-120-gummies.jpg","contentUrl":"https:\/\/ecosupplements.be\/wp-content\/uploads\/2025\/08\/Calm-Gummies-Orange-120-gummies.jpg","width":606,"height":606},{"@type":"BreadcrumbList","@id":"https:\/\/ecosupplements.be\/fr\/produit\/gummies-calm-orange-120-gummies\/#breadcrumb","itemListElement":[{"@type":"ListItem","position":1,"name":"Home","item":"https:\/\/ecosupplements.be\/fr\/"},{"@type":"ListItem","position":2,"name":"Boutique","item":"https:\/\/ecosupplements.be\/fr\/boutique\/"},{"@type":"ListItem","position":3,"name":"Gummies Calm, Orange &#8211; 120 gummies"}]},{"@type":"WebSite","@id":"https:\/\/ecosupplements.be\/fr\/#website","url":"https:\/\/ecosupplements.be\/fr\/","name":"ECO Supplements","description":"Eco Supplements - Gezonde supplementen","publisher":{"@id":"https:\/\/ecosupplements.be\/fr\/#organization"},"potentialAction":[{"@type":"SearchAction","target":{"@type":"EntryPoint","urlTemplate":"https:\/\/ecosupplements.be\/fr\/?s={search_term_string}"},"query-input":{"@type":"PropertyValueSpecification","valueRequired":true,"valueName":"search_term_string"}}],"inLanguage":"fr-FR"},{"@type":"Organization","@id":"https:\/\/ecosupplements.be\/fr\/#organization","name":"Eco Supplements","url":"https:\/\/ecosupplements.be\/fr\/","logo":{"@type":"ImageObject","inLanguage":"fr-FR","@id":"https:\/\/ecosupplements.be\/fr\/#\/schema\/logo\/image\/","url":"https:\/\/ecosupplements.be\/wp-content\/uploads\/2022\/06\/ecosupplement-family.png","contentUrl":"https:\/\/ecosupplements.be\/wp-content\/uploads\/2022\/06\/ecosupplement-family.png","width":593,"height":374,"caption":"Eco Supplements"},"image":{"@id":"https:\/\/ecosupplements.be\/fr\/#\/schema\/logo\/image\/"}}]},"product_brand":"Natural Vitality","product_price_amount":"29.28","product_price_currency":"EUR","og_availability":"out of stock","product_availability":"out of stock","product_retailer_item_id":"183405043084","product_condition":"new"},"_links":{"self":[{"href":"https:\/\/ecosupplements.be\/fr\/wp-json\/wp\/v2\/product\/288190","targetHints":{"allow":["GET"]}}],"collection":[{"href":"https:\/\/ecosupplements.be\/fr\/wp-json\/wp\/v2\/product"}],"about":[{"href":"https:\/\/ecosupplements.be\/fr\/wp-json\/wp\/v2\/types\/product"}],"replies":[{"embeddable":true,"href":"https:\/\/ecosupplements.be\/fr\/wp-json\/wp\/v2\/comments?post=288190"}],"wp:featuredmedia":[{"embeddable":true,"href":"https:\/\/ecosupplements.be\/fr\/wp-json\/wp\/v2\/media\/262235"}],"wp:attachment":[{"href":"https:\/\/ecosupplements.be\/fr\/wp-json\/wp\/v2\/media?parent=288190"}],"wp:term":[{"taxonomy":"product_brand","embeddable":true,"href":"https:\/\/ecosupplements.be\/fr\/wp-json\/wp\/v2\/product_brand?post=288190"},{"taxonomy":"product_cat","embeddable":true,"href":"https:\/\/ecosupplements.be\/fr\/wp-json\/wp\/v2\/product_cat?post=288190"},{"taxonomy":"product_tag","embeddable":true,"href":"https:\/\/ecosupplements.be\/fr\/wp-json\/wp\/v2\/product_tag?post=288190"}],"curies":[{"name":"wp","href":"https:\/\/api.w.org\/{rel}","templated":true}]}}