{"id":288211,"date":"2024-03-08T05:30:53","date_gmt":"2024-03-08T04:30:53","guid":{"rendered":"https:\/\/ecosupplements.be\/product\/poudre-de-magnesium-apaisante-non-aromatisee-113g\/"},"modified":"2025-08-27T14:36:52","modified_gmt":"2025-08-27T13:36:52","slug":"poudre-de-magnesium-apaisante-non-aromatisee-113g","status":"publish","type":"product","link":"https:\/\/ecosupplements.be\/fr\/produit\/poudre-de-magnesium-apaisante-non-aromatisee-113g\/","title":{"rendered":"Poudre de magn\u00e9sium apaisante, non aromatis\u00e9e &#8211; 113g"},"content":{"rendered":"<h1>Calm Magnesium Powder, Unflavoured &#8211; 113g<\/h1>\n<p>Le Calm Magnesium Powder de Natural Vitality est un compl\u00e9ment alimentaire en poudre qui fournit une dose quotidienne de\u200d magn\u00e9sium pour soutenir la \u2062sant\u00e9 globale et le\u2063 bien-\u00eatre. Cette formule est sans saveur, ce qui la rend\u200c facile \u00e0 m\u00e9langer dans\u200c n&#8217;importe quelle boisson ou aliment de votre choix.<\/p>\n<h2>Caract\u00e9ristiques sp\u00e9ciales:<\/h2>\n<ul>\n<li>Formule \u2064en poudre facile\u2064 \u00e0 m\u00e9langer<\/li>\n<li>Sans saveur pour une\u2064 utilisation \u2063polyvalente<\/li>\n<li>Contient du magn\u00e9sium\u2064 pour soutenir la sant\u00e9 globale<\/li>\n<li>Convient\u200c aux v\u00e9g\u00e9tariens et v\u00e9g\u00e9taliens<\/li>\n<li>Sans colorants,\u2063 ar\u00f4mes ou \u2063\u00e9dulcorants artificiels<\/li>\n<\/ul>\n<h2>Ingr\u00e9dients:<\/h2>\n<p>Chaque dose de 2 cuill\u00e8res \u00e0 caf\u00e9 (4,5g) contient 325mg de magn\u00e9sium sous forme de citrate de magn\u00e9sium. Les\u200b autres \u2064ingr\u00e9dients\u2064 comprennent l&#8217;acide citrique, le carbonate de potassium et le carbonate de sodium.<\/p>\n<h2>Avantages uniques:<\/h2>\n<p>Le magn\u00e9sium est un min\u00e9ral essentiel \u200bpour de nombreuses \u2062fonctions corporelles, notamment la \u200csant\u00e9 \u200bdes os, des muscles et du syst\u00e8me nerveux. Le Calm\u2062 Magnesium Powder de Natural Vitality fournit une dose quotidienne de magn\u00e9sium pour soutenir ces fonctions et favoriser un bien-\u00eatre g\u00e9n\u00e9ral.<\/p>\n<h2>Principales caract\u00e9ristiques:<\/h2>\n<ul>\n<li>Contient du \u200dmagn\u00e9sium\u200c pour soutenir la\u200c sant\u00e9 globale<\/li>\n<li>Formule en poudre facile \u00e0 m\u00e9langer<\/li>\n<li>Sans saveur pour\u2063 une utilisation polyvalente<\/li>\n<li>Convient aux v\u00e9g\u00e9tariens et v\u00e9g\u00e9taliens<\/li>\n<li>Sans colorants, ar\u00f4mes ou \u200c\u00e9dulcorants artificiels<\/li>\n<li>Contient\u2062 113g de \u2064poudre \u200dpar bouteille<\/li>\n<\/ul>\n<p>Le Calm \u2064Magnesium\u2064 Powder \u2064de\u200c Natural Vitality\u200c est un moyen pratique et \u200cefficace d&#8217;obtenir votre dose quotidienne de magn\u00e9sium \u200dpour soutenir votre sant\u00e9 globale. Essayez-le d\u00e8s\u2064 aujourd&#8217;hui et ressentez les bienfaits pour vous-m\u00eame!<\/p>\n","protected":false},"excerpt":{"rendered":"<p>Calm Magnesium Powder, Unflavoured &#8211; 113g Le Calm Magnesium Powder de Natural Vitality est un compl\u00e9ment alimentaire en poudre qui fournit une dose quotidienne de\u200d magn\u00e9sium pour soutenir la \u2062sant\u00e9 globale et le\u2063 bien-\u00eatre. Cette formule est sans saveur, ce qui la rend\u200c facile \u00e0 m\u00e9langer dans\u200c n&#8217;importe quelle boisson ou aliment de votre choix. [&#8230;]\n","protected":false},"featured_media":264197,"comment_status":"open","ping_status":"open","template":"","meta":[],"product_brand":[4732],"product_cat":[5054,5055,5052],"product_tag":[],"class_list":{"0":"post-288211","1":"product","2":"type-product","3":"status-publish","4":"has-post-thumbnail","6":"product_brand-natural-vitality-2","7":"product_cat-nourriture-saine","8":"product_cat-produits-vegetaliens","9":"product_cat-sante-et-bien-etre","11":"first","12":"instock","13":"taxable","14":"shipping-taxable","15":"purchasable","16":"product-type-simple"},"yoast_head":"<!-- This site is optimized with the Yoast SEO Premium plugin v27.3 (Yoast SEO v27.3) - https:\/\/yoast.com\/product\/yoast-seo-premium-wordpress\/ -->\n<title>Poudre de magn\u00e9sium apaisante, non aromatis\u00e9e - 113g - ECO Supplements<\/title>\n<meta name=\"description\" content=\"Wij hebben een ruime keuze aan producten van Poudre de magn\u00e9sium apaisante, non aromatis\u00e9e - 113g . Winkel bij Eco Supplements altijd gratis verzending boven 100\u20ac\" \/>\n<meta name=\"robots\" content=\"index, follow, max-snippet:-1, max-image-preview:large, max-video-preview:-1\" \/>\n<link rel=\"canonical\" href=\"https:\/\/ecosupplements.be\/fr\/produit\/poudre-de-magnesium-apaisante-non-aromatisee-113g\/\" \/>\n<meta property=\"og:locale\" content=\"fr_FR\" \/>\n<meta property=\"og:type\" content=\"article\" \/>\n<meta property=\"og:title\" content=\"Poudre de magn\u00e9sium apaisante, non aromatis\u00e9e - 113g\" \/>\n<meta property=\"og:description\" content=\"Wij hebben een ruime keuze aan producten van Poudre de magn\u00e9sium apaisante, non aromatis\u00e9e - 113g . Winkel bij Eco Supplements altijd gratis verzending boven 100\u20ac\" \/>\n<meta property=\"og:url\" content=\"https:\/\/ecosupplements.be\/fr\/produit\/poudre-de-magnesium-apaisante-non-aromatisee-113g\/\" \/>\n<meta property=\"og:site_name\" content=\"ECO Supplements\" \/>\n<meta property=\"article:modified_time\" content=\"2025-08-27T13:36:52+00:00\" \/>\n<meta property=\"og:image\" content=\"https:\/\/ecosupplements.be\/wp-content\/uploads\/2025\/08\/Calm-Magnesium-Powder-Unflavoured-113g-1.jpg\" \/>\n\t<meta property=\"og:image:width\" content=\"433\" \/>\n\t<meta property=\"og:image:height\" content=\"577\" \/>\n\t<meta property=\"og:image:type\" content=\"image\/jpeg\" \/>\n<meta name=\"twitter:card\" content=\"summary_large_image\" \/>\n<meta name=\"twitter:label1\" content=\"Prix\" \/>\n\t<meta name=\"twitter:data1\" content=\"18.92&nbsp;&euro;\" \/>\n\t<meta name=\"twitter:label2\" content=\"Disponibilit\u00e9\" \/>\n\t<meta name=\"twitter:data2\" content=\"En stock\" \/>\n<script type=\"application\/ld+json\" class=\"yoast-schema-graph\">{\"@context\":\"https:\\\/\\\/schema.org\",\"@graph\":[{\"@type\":[\"WebPage\",\"ItemPage\"],\"@id\":\"https:\\\/\\\/ecosupplements.be\\\/fr\\\/produit\\\/poudre-de-magnesium-apaisante-non-aromatisee-113g\\\/\",\"url\":\"https:\\\/\\\/ecosupplements.be\\\/fr\\\/produit\\\/poudre-de-magnesium-apaisante-non-aromatisee-113g\\\/\",\"name\":\"Poudre de magn\u00e9sium apaisante, non aromatis\u00e9e - 113g - ECO Supplements\",\"isPartOf\":{\"@id\":\"https:\\\/\\\/ecosupplements.be\\\/fr\\\/#website\"},\"primaryImageOfPage\":{\"@id\":\"https:\\\/\\\/ecosupplements.be\\\/fr\\\/produit\\\/poudre-de-magnesium-apaisante-non-aromatisee-113g\\\/#primaryimage\"},\"image\":{\"@id\":\"https:\\\/\\\/ecosupplements.be\\\/fr\\\/produit\\\/poudre-de-magnesium-apaisante-non-aromatisee-113g\\\/#primaryimage\"},\"thumbnailUrl\":\"https:\\\/\\\/ecosupplements.be\\\/wp-content\\\/uploads\\\/2025\\\/08\\\/Calm-Magnesium-Powder-Unflavoured-113g.jpg\",\"datePublished\":\"2024-03-08T04:30:53+00:00\",\"dateModified\":\"2025-08-27T13:36:52+00:00\",\"description\":\"Wij hebben een ruime keuze aan producten van Poudre de magn\u00e9sium apaisante, non aromatis\u00e9e - 113g . Winkel bij Eco Supplements altijd gratis verzending boven 100\u20ac\",\"breadcrumb\":{\"@id\":\"https:\\\/\\\/ecosupplements.be\\\/fr\\\/produit\\\/poudre-de-magnesium-apaisante-non-aromatisee-113g\\\/#breadcrumb\"},\"inLanguage\":\"fr-FR\",\"potentialAction\":[{\"@type\":\"ReadAction\",\"target\":[\"https:\\\/\\\/ecosupplements.be\\\/fr\\\/produit\\\/poudre-de-magnesium-apaisante-non-aromatisee-113g\\\/\"]}]},{\"@type\":\"ImageObject\",\"inLanguage\":\"fr-FR\",\"@id\":\"https:\\\/\\\/ecosupplements.be\\\/fr\\\/produit\\\/poudre-de-magnesium-apaisante-non-aromatisee-113g\\\/#primaryimage\",\"url\":\"https:\\\/\\\/ecosupplements.be\\\/wp-content\\\/uploads\\\/2025\\\/08\\\/Calm-Magnesium-Powder-Unflavoured-113g.jpg\",\"contentUrl\":\"https:\\\/\\\/ecosupplements.be\\\/wp-content\\\/uploads\\\/2025\\\/08\\\/Calm-Magnesium-Powder-Unflavoured-113g.jpg\",\"width\":433,\"height\":577},{\"@type\":\"BreadcrumbList\",\"@id\":\"https:\\\/\\\/ecosupplements.be\\\/fr\\\/produit\\\/poudre-de-magnesium-apaisante-non-aromatisee-113g\\\/#breadcrumb\",\"itemListElement\":[{\"@type\":\"ListItem\",\"position\":1,\"name\":\"Home\",\"item\":\"https:\\\/\\\/ecosupplements.be\\\/fr\\\/\"},{\"@type\":\"ListItem\",\"position\":2,\"name\":\"Boutique\",\"item\":\"https:\\\/\\\/ecosupplements.be\\\/fr\\\/boutique\\\/\"},{\"@type\":\"ListItem\",\"position\":3,\"name\":\"Poudre de magn\u00e9sium apaisante, non aromatis\u00e9e &#8211; 113g\"}]},{\"@type\":\"WebSite\",\"@id\":\"https:\\\/\\\/ecosupplements.be\\\/fr\\\/#website\",\"url\":\"https:\\\/\\\/ecosupplements.be\\\/fr\\\/\",\"name\":\"ECO Supplements\",\"description\":\"Eco Supplements - Gezonde supplementen\",\"publisher\":{\"@id\":\"https:\\\/\\\/ecosupplements.be\\\/fr\\\/#organization\"},\"potentialAction\":[{\"@type\":\"SearchAction\",\"target\":{\"@type\":\"EntryPoint\",\"urlTemplate\":\"https:\\\/\\\/ecosupplements.be\\\/fr\\\/?s={search_term_string}\"},\"query-input\":{\"@type\":\"PropertyValueSpecification\",\"valueRequired\":true,\"valueName\":\"search_term_string\"}}],\"inLanguage\":\"fr-FR\"},{\"@type\":\"Organization\",\"@id\":\"https:\\\/\\\/ecosupplements.be\\\/fr\\\/#organization\",\"name\":\"Eco Supplements\",\"url\":\"https:\\\/\\\/ecosupplements.be\\\/fr\\\/\",\"logo\":{\"@type\":\"ImageObject\",\"inLanguage\":\"fr-FR\",\"@id\":\"https:\\\/\\\/ecosupplements.be\\\/fr\\\/#\\\/schema\\\/logo\\\/image\\\/\",\"url\":\"https:\\\/\\\/ecosupplements.be\\\/wp-content\\\/uploads\\\/2022\\\/06\\\/ecosupplement-family.png\",\"contentUrl\":\"https:\\\/\\\/ecosupplements.be\\\/wp-content\\\/uploads\\\/2022\\\/06\\\/ecosupplement-family.png\",\"width\":593,\"height\":374,\"caption\":\"Eco Supplements\"},\"image\":{\"@id\":\"https:\\\/\\\/ecosupplements.be\\\/fr\\\/#\\\/schema\\\/logo\\\/image\\\/\"}}]}<\/script>\n<meta property=\"product:brand\" content=\"Natural Vitality\" \/>\n<meta property=\"product:price:amount\" content=\"18.92\" \/>\n<meta property=\"product:price:currency\" content=\"EUR\" \/>\n<meta property=\"og:availability\" content=\"instock\" \/>\n<meta property=\"product:availability\" content=\"instock\" \/>\n<meta property=\"product:retailer_item_id\" content=\"183405000001\" \/>\n<meta property=\"product:condition\" content=\"new\" \/>\n<!-- \/ Yoast SEO Premium plugin. -->","yoast_head_json":{"title":"Poudre de magn\u00e9sium apaisante, non aromatis\u00e9e - 113g - ECO Supplements","description":"Wij hebben een ruime keuze aan producten van Poudre de magn\u00e9sium apaisante, non aromatis\u00e9e - 113g . Winkel bij Eco Supplements altijd gratis verzending boven 100\u20ac","robots":{"index":"index","follow":"follow","max-snippet":"max-snippet:-1","max-image-preview":"max-image-preview:large","max-video-preview":"max-video-preview:-1"},"canonical":"https:\/\/ecosupplements.be\/fr\/produit\/poudre-de-magnesium-apaisante-non-aromatisee-113g\/","og_locale":"fr_FR","og_type":"article","og_title":"Poudre de magn\u00e9sium apaisante, non aromatis\u00e9e - 113g","og_description":"Wij hebben een ruime keuze aan producten van Poudre de magn\u00e9sium apaisante, non aromatis\u00e9e - 113g . Winkel bij Eco Supplements altijd gratis verzending boven 100\u20ac","og_url":"https:\/\/ecosupplements.be\/fr\/produit\/poudre-de-magnesium-apaisante-non-aromatisee-113g\/","og_site_name":"ECO Supplements","article_modified_time":"2025-08-27T13:36:52+00:00","og_image":[{"width":433,"height":577,"url":"https:\/\/ecosupplements.be\/wp-content\/uploads\/2025\/08\/Calm-Magnesium-Powder-Unflavoured-113g-1.jpg","type":"image\/jpeg"}],"twitter_card":"summary_large_image","twitter_misc":{"Prix":"18.92&nbsp;&euro;","Disponibilit\u00e9":"En stock"},"schema":{"@context":"https:\/\/schema.org","@graph":[{"@type":["WebPage","ItemPage"],"@id":"https:\/\/ecosupplements.be\/fr\/produit\/poudre-de-magnesium-apaisante-non-aromatisee-113g\/","url":"https:\/\/ecosupplements.be\/fr\/produit\/poudre-de-magnesium-apaisante-non-aromatisee-113g\/","name":"Poudre de magn\u00e9sium apaisante, non aromatis\u00e9e - 113g - ECO Supplements","isPartOf":{"@id":"https:\/\/ecosupplements.be\/fr\/#website"},"primaryImageOfPage":{"@id":"https:\/\/ecosupplements.be\/fr\/produit\/poudre-de-magnesium-apaisante-non-aromatisee-113g\/#primaryimage"},"image":{"@id":"https:\/\/ecosupplements.be\/fr\/produit\/poudre-de-magnesium-apaisante-non-aromatisee-113g\/#primaryimage"},"thumbnailUrl":"https:\/\/ecosupplements.be\/wp-content\/uploads\/2025\/08\/Calm-Magnesium-Powder-Unflavoured-113g.jpg","datePublished":"2024-03-08T04:30:53+00:00","dateModified":"2025-08-27T13:36:52+00:00","description":"Wij hebben een ruime keuze aan producten van Poudre de magn\u00e9sium apaisante, non aromatis\u00e9e - 113g . Winkel bij Eco Supplements altijd gratis verzending boven 100\u20ac","breadcrumb":{"@id":"https:\/\/ecosupplements.be\/fr\/produit\/poudre-de-magnesium-apaisante-non-aromatisee-113g\/#breadcrumb"},"inLanguage":"fr-FR","potentialAction":[{"@type":"ReadAction","target":["https:\/\/ecosupplements.be\/fr\/produit\/poudre-de-magnesium-apaisante-non-aromatisee-113g\/"]}]},{"@type":"ImageObject","inLanguage":"fr-FR","@id":"https:\/\/ecosupplements.be\/fr\/produit\/poudre-de-magnesium-apaisante-non-aromatisee-113g\/#primaryimage","url":"https:\/\/ecosupplements.be\/wp-content\/uploads\/2025\/08\/Calm-Magnesium-Powder-Unflavoured-113g.jpg","contentUrl":"https:\/\/ecosupplements.be\/wp-content\/uploads\/2025\/08\/Calm-Magnesium-Powder-Unflavoured-113g.jpg","width":433,"height":577},{"@type":"BreadcrumbList","@id":"https:\/\/ecosupplements.be\/fr\/produit\/poudre-de-magnesium-apaisante-non-aromatisee-113g\/#breadcrumb","itemListElement":[{"@type":"ListItem","position":1,"name":"Home","item":"https:\/\/ecosupplements.be\/fr\/"},{"@type":"ListItem","position":2,"name":"Boutique","item":"https:\/\/ecosupplements.be\/fr\/boutique\/"},{"@type":"ListItem","position":3,"name":"Poudre de magn\u00e9sium apaisante, non aromatis\u00e9e &#8211; 113g"}]},{"@type":"WebSite","@id":"https:\/\/ecosupplements.be\/fr\/#website","url":"https:\/\/ecosupplements.be\/fr\/","name":"ECO Supplements","description":"Eco Supplements - Gezonde supplementen","publisher":{"@id":"https:\/\/ecosupplements.be\/fr\/#organization"},"potentialAction":[{"@type":"SearchAction","target":{"@type":"EntryPoint","urlTemplate":"https:\/\/ecosupplements.be\/fr\/?s={search_term_string}"},"query-input":{"@type":"PropertyValueSpecification","valueRequired":true,"valueName":"search_term_string"}}],"inLanguage":"fr-FR"},{"@type":"Organization","@id":"https:\/\/ecosupplements.be\/fr\/#organization","name":"Eco Supplements","url":"https:\/\/ecosupplements.be\/fr\/","logo":{"@type":"ImageObject","inLanguage":"fr-FR","@id":"https:\/\/ecosupplements.be\/fr\/#\/schema\/logo\/image\/","url":"https:\/\/ecosupplements.be\/wp-content\/uploads\/2022\/06\/ecosupplement-family.png","contentUrl":"https:\/\/ecosupplements.be\/wp-content\/uploads\/2022\/06\/ecosupplement-family.png","width":593,"height":374,"caption":"Eco Supplements"},"image":{"@id":"https:\/\/ecosupplements.be\/fr\/#\/schema\/logo\/image\/"}}]},"product_brand":"Natural Vitality","product_price_amount":"18.92","product_price_currency":"EUR","og_availability":"instock","product_availability":"instock","product_retailer_item_id":"183405000001","product_condition":"new"},"_links":{"self":[{"href":"https:\/\/ecosupplements.be\/fr\/wp-json\/wp\/v2\/product\/288211","targetHints":{"allow":["GET"]}}],"collection":[{"href":"https:\/\/ecosupplements.be\/fr\/wp-json\/wp\/v2\/product"}],"about":[{"href":"https:\/\/ecosupplements.be\/fr\/wp-json\/wp\/v2\/types\/product"}],"replies":[{"embeddable":true,"href":"https:\/\/ecosupplements.be\/fr\/wp-json\/wp\/v2\/comments?post=288211"}],"wp:featuredmedia":[{"embeddable":true,"href":"https:\/\/ecosupplements.be\/fr\/wp-json\/wp\/v2\/media\/264197"}],"wp:attachment":[{"href":"https:\/\/ecosupplements.be\/fr\/wp-json\/wp\/v2\/media?parent=288211"}],"wp:term":[{"taxonomy":"product_brand","embeddable":true,"href":"https:\/\/ecosupplements.be\/fr\/wp-json\/wp\/v2\/product_brand?post=288211"},{"taxonomy":"product_cat","embeddable":true,"href":"https:\/\/ecosupplements.be\/fr\/wp-json\/wp\/v2\/product_cat?post=288211"},{"taxonomy":"product_tag","embeddable":true,"href":"https:\/\/ecosupplements.be\/fr\/wp-json\/wp\/v2\/product_tag?post=288211"}],"curies":[{"name":"wp","href":"https:\/\/api.w.org\/{rel}","templated":true}]}}