{"id":288229,"date":"2022-06-28T10:19:12","date_gmt":"2022-06-28T09:19:12","guid":{"rendered":"https:\/\/ecosupplements.be\/product\/calme-naturel-framboise-citron-226g\/"},"modified":"2025-08-27T14:37:10","modified_gmt":"2025-08-27T13:37:10","slug":"calme-naturel-framboise-citron-226g","status":"publish","type":"product","link":"https:\/\/ecosupplements.be\/fr\/produit\/calme-naturel-framboise-citron-226g\/","title":{"rendered":"Calme Naturel, Framboise Citron &#8211; 226g"},"content":{"rendered":"<h1>Natural Calm, Raspberry Lemon &#8211; 226g<\/h1>\n<p>D\u00e9couvrez le pouvoir apaisant de\u2064 Natural Calm, une \u200bformule unique de magn\u00e9sium \u2064en poudre qui vous \u2064aide \u00e0 vous d\u00e9tendre et \u00e0 vous relaxer naturellement. Avec son d\u00e9licieux \u200dgo\u00fbt de framboise \u2064citronn\u00e9e, cette formule est un moyen pratique et efficace\u2062 de r\u00e9duire le stress et l&#8217;anxi\u00e9t\u00e9, tout en favorisant un sommeil r\u00e9parateur.<\/p>\n<h2>Caract\u00e9ristiques sp\u00e9ciales :<\/h2>\n<ul>\n<li>Formule de magn\u00e9sium en poudre<\/li>\n<li>Go\u00fbt d\u00e9licieux de framboise\u200c citronn\u00e9e<\/li>\n<li>Aide \u00e0 r\u00e9duire le stress et l&#8217;anxi\u00e9t\u00e9<\/li>\n<li>Favorise un sommeil r\u00e9parateur<\/li>\n<li>Facile\u200d \u00e0 utiliser et \u00e0\u200b dig\u00e9rer<\/li>\n<\/ul>\n<h2>Ingr\u00e9dients :<\/h2>\n<p>Chaque dose de Natural Calm contient\u2063 325 mg de magn\u00e9sium, un min\u00e9ral essentiel pour\u2062 de nombreuses fonctions corporelles telles que la \u200br\u00e9gulation du stress, la sant\u00e9 cardiaque et la sant\u00e9 osseuse. La formule est \u00e9galement enrichie en vitamine C et en acide citrique pour une meilleure absorption et une action plus rapide.<\/p>\n<h2>Avantages uniques :<\/h2>\n<p>Le magn\u00e9sium est souvent appel\u00e9 &#8220;min\u00e9ral miracle&#8221; en raison de ses nombreux bienfaits pour \u200cla sant\u00e9. Natural Calm vous permet de profiter de ces avantages de mani\u00e8re \u2063pratique \u200bet \u200cd\u00e9licieuse. \u2064En \u200cplus de r\u00e9duire le stress et l&#8217;anxi\u00e9t\u00e9, il peut \u00e9galement \u2062aider \u00e0 soulager les crampes musculaires, \u00e0 am\u00e9liorer la \u200ddigestion et \u00e0 renforcer\u200b le syst\u00e8me immunitaire.<\/p>\n<h2>Principales caract\u00e9ristiques :<\/h2>\n<ul>\n<li>Formule de magn\u00e9sium en \u2064poudre<\/li>\n<li>Go\u00fbt d\u00e9licieux \u2063de framboise citronn\u00e9e<\/li>\n<li>Aide \u00e0 r\u00e9duire le stress et l&#8217;anxi\u00e9t\u00e9<\/li>\n<li>Favorise un sommeil r\u00e9parateur<\/li>\n<li>Enrichi en vitamine C et en \u2063acide \u200ccitrique pour une meilleure absorption<\/li>\n<li>Peut aider \u00e0\u200d soulager les crampes musculaires et \u00e0 am\u00e9liorer la digestion<\/li>\n<li>Renforce le syst\u00e8me immunitaire<\/li>\n<\/ul>\n<p>Profitez d&#8217;un esprit et d&#8217;un corps d\u00e9tendus avec Natural Calm, la solution naturelle pour un bien-\u00eatre optimal.<\/p>\n","protected":false},"excerpt":{"rendered":"<p>Natural Calm, Raspberry Lemon &#8211; 226g D\u00e9couvrez le pouvoir apaisant de\u2064 Natural Calm, une \u200bformule unique de magn\u00e9sium \u2064en poudre qui vous \u2064aide \u00e0 vous d\u00e9tendre et \u00e0 vous relaxer naturellement. Avec son d\u00e9licieux \u200dgo\u00fbt de framboise \u2064citronn\u00e9e, cette formule est un moyen pratique et efficace\u2062 de r\u00e9duire le stress et l&#8217;anxi\u00e9t\u00e9, tout en favorisant [&#8230;]\n","protected":false},"featured_media":248607,"comment_status":"open","ping_status":"open","template":"","meta":[],"product_brand":[4732],"product_cat":[5052,5053],"product_tag":[],"class_list":{"0":"post-288229","1":"product","2":"type-product","3":"status-publish","4":"has-post-thumbnail","6":"product_brand-natural-vitality-2","7":"product_cat-sante-et-bien-etre","8":"product_cat-vitamines-et-mineraux","10":"first","11":"instock","12":"taxable","13":"shipping-taxable","14":"purchasable","15":"product-type-simple"},"yoast_head":"<!-- This site is optimized with the Yoast SEO Premium plugin v27.3 (Yoast SEO v27.3) - https:\/\/yoast.com\/product\/yoast-seo-premium-wordpress\/ -->\n<title>Calme Naturel, Framboise Citron - 226g - ECO Supplements<\/title>\n<meta name=\"description\" content=\"Wij hebben een ruime keuze aan producten van Calme Naturel, Framboise Citron - 226g . Winkel bij Eco Supplements altijd gratis verzending boven 100\u20ac\" \/>\n<meta name=\"robots\" content=\"index, follow, max-snippet:-1, max-image-preview:large, max-video-preview:-1\" \/>\n<link rel=\"canonical\" href=\"https:\/\/ecosupplements.be\/fr\/produit\/calme-naturel-framboise-citron-226g\/\" \/>\n<meta property=\"og:locale\" content=\"fr_FR\" \/>\n<meta property=\"og:type\" content=\"article\" \/>\n<meta property=\"og:title\" content=\"Calme Naturel, Framboise Citron - 226g\" \/>\n<meta property=\"og:description\" content=\"Wij hebben een ruime keuze aan producten van Calme Naturel, Framboise Citron - 226g . Winkel bij Eco Supplements altijd gratis verzending boven 100\u20ac\" \/>\n<meta property=\"og:url\" content=\"https:\/\/ecosupplements.be\/fr\/produit\/calme-naturel-framboise-citron-226g\/\" \/>\n<meta property=\"og:site_name\" content=\"ECO Supplements\" \/>\n<meta property=\"article:modified_time\" content=\"2025-08-27T13:37:10+00:00\" \/>\n<meta property=\"og:image\" content=\"https:\/\/ecosupplements.be\/wp-content\/uploads\/2025\/08\/Natural-Calm-Raspberry-Lemon-226g.jpg\" \/>\n\t<meta property=\"og:image:width\" content=\"538\" \/>\n\t<meta property=\"og:image:height\" content=\"663\" \/>\n\t<meta property=\"og:image:type\" content=\"image\/jpeg\" \/>\n<meta name=\"twitter:card\" content=\"summary_large_image\" \/>\n<meta name=\"twitter:label1\" content=\"Prix\" \/>\n\t<meta name=\"twitter:data1\" content=\"29.56&nbsp;&euro;\" \/>\n\t<meta name=\"twitter:label2\" content=\"Disponibilit\u00e9\" \/>\n\t<meta name=\"twitter:data2\" content=\"En stock\" \/>\n<script type=\"application\/ld+json\" class=\"yoast-schema-graph\">{\"@context\":\"https:\\\/\\\/schema.org\",\"@graph\":[{\"@type\":[\"WebPage\",\"ItemPage\"],\"@id\":\"https:\\\/\\\/ecosupplements.be\\\/fr\\\/produit\\\/calme-naturel-framboise-citron-226g\\\/\",\"url\":\"https:\\\/\\\/ecosupplements.be\\\/fr\\\/produit\\\/calme-naturel-framboise-citron-226g\\\/\",\"name\":\"Calme Naturel, Framboise Citron - 226g - ECO Supplements\",\"isPartOf\":{\"@id\":\"https:\\\/\\\/ecosupplements.be\\\/fr\\\/#website\"},\"primaryImageOfPage\":{\"@id\":\"https:\\\/\\\/ecosupplements.be\\\/fr\\\/produit\\\/calme-naturel-framboise-citron-226g\\\/#primaryimage\"},\"image\":{\"@id\":\"https:\\\/\\\/ecosupplements.be\\\/fr\\\/produit\\\/calme-naturel-framboise-citron-226g\\\/#primaryimage\"},\"thumbnailUrl\":\"https:\\\/\\\/ecosupplements.be\\\/wp-content\\\/uploads\\\/2025\\\/08\\\/Natural-Calm-Raspberry-Lemon-EAN-183405043503-226g.jpg\",\"datePublished\":\"2022-06-28T09:19:12+00:00\",\"dateModified\":\"2025-08-27T13:37:10+00:00\",\"description\":\"Wij hebben een ruime keuze aan producten van Calme Naturel, Framboise Citron - 226g . Winkel bij Eco Supplements altijd gratis verzending boven 100\u20ac\",\"breadcrumb\":{\"@id\":\"https:\\\/\\\/ecosupplements.be\\\/fr\\\/produit\\\/calme-naturel-framboise-citron-226g\\\/#breadcrumb\"},\"inLanguage\":\"fr-FR\",\"potentialAction\":[{\"@type\":\"ReadAction\",\"target\":[\"https:\\\/\\\/ecosupplements.be\\\/fr\\\/produit\\\/calme-naturel-framboise-citron-226g\\\/\"]}]},{\"@type\":\"ImageObject\",\"inLanguage\":\"fr-FR\",\"@id\":\"https:\\\/\\\/ecosupplements.be\\\/fr\\\/produit\\\/calme-naturel-framboise-citron-226g\\\/#primaryimage\",\"url\":\"https:\\\/\\\/ecosupplements.be\\\/wp-content\\\/uploads\\\/2025\\\/08\\\/Natural-Calm-Raspberry-Lemon-EAN-183405043503-226g.jpg\",\"contentUrl\":\"https:\\\/\\\/ecosupplements.be\\\/wp-content\\\/uploads\\\/2025\\\/08\\\/Natural-Calm-Raspberry-Lemon-EAN-183405043503-226g.jpg\",\"width\":600,\"height\":600},{\"@type\":\"BreadcrumbList\",\"@id\":\"https:\\\/\\\/ecosupplements.be\\\/fr\\\/produit\\\/calme-naturel-framboise-citron-226g\\\/#breadcrumb\",\"itemListElement\":[{\"@type\":\"ListItem\",\"position\":1,\"name\":\"Home\",\"item\":\"https:\\\/\\\/ecosupplements.be\\\/fr\\\/\"},{\"@type\":\"ListItem\",\"position\":2,\"name\":\"Boutique\",\"item\":\"https:\\\/\\\/ecosupplements.be\\\/fr\\\/boutique\\\/\"},{\"@type\":\"ListItem\",\"position\":3,\"name\":\"Calme Naturel, Framboise Citron &#8211; 226g\"}]},{\"@type\":\"WebSite\",\"@id\":\"https:\\\/\\\/ecosupplements.be\\\/fr\\\/#website\",\"url\":\"https:\\\/\\\/ecosupplements.be\\\/fr\\\/\",\"name\":\"ECO Supplements\",\"description\":\"Eco Supplements - Gezonde supplementen\",\"publisher\":{\"@id\":\"https:\\\/\\\/ecosupplements.be\\\/fr\\\/#organization\"},\"potentialAction\":[{\"@type\":\"SearchAction\",\"target\":{\"@type\":\"EntryPoint\",\"urlTemplate\":\"https:\\\/\\\/ecosupplements.be\\\/fr\\\/?s={search_term_string}\"},\"query-input\":{\"@type\":\"PropertyValueSpecification\",\"valueRequired\":true,\"valueName\":\"search_term_string\"}}],\"inLanguage\":\"fr-FR\"},{\"@type\":\"Organization\",\"@id\":\"https:\\\/\\\/ecosupplements.be\\\/fr\\\/#organization\",\"name\":\"Eco Supplements\",\"url\":\"https:\\\/\\\/ecosupplements.be\\\/fr\\\/\",\"logo\":{\"@type\":\"ImageObject\",\"inLanguage\":\"fr-FR\",\"@id\":\"https:\\\/\\\/ecosupplements.be\\\/fr\\\/#\\\/schema\\\/logo\\\/image\\\/\",\"url\":\"https:\\\/\\\/ecosupplements.be\\\/wp-content\\\/uploads\\\/2022\\\/06\\\/ecosupplement-family.png\",\"contentUrl\":\"https:\\\/\\\/ecosupplements.be\\\/wp-content\\\/uploads\\\/2022\\\/06\\\/ecosupplement-family.png\",\"width\":593,\"height\":374,\"caption\":\"Eco Supplements\"},\"image\":{\"@id\":\"https:\\\/\\\/ecosupplements.be\\\/fr\\\/#\\\/schema\\\/logo\\\/image\\\/\"}}]}<\/script>\n<meta property=\"product:brand\" content=\"Natural Vitality\" \/>\n<meta property=\"product:price:amount\" content=\"29.56\" \/>\n<meta property=\"product:price:currency\" content=\"EUR\" \/>\n<meta property=\"og:availability\" content=\"instock\" \/>\n<meta property=\"product:availability\" content=\"instock\" \/>\n<meta property=\"product:retailer_item_id\" content=\"183405043503\" \/>\n<meta property=\"product:condition\" content=\"new\" \/>\n<!-- \/ Yoast SEO Premium plugin. -->","yoast_head_json":{"title":"Calme Naturel, Framboise Citron - 226g - ECO Supplements","description":"Wij hebben een ruime keuze aan producten van Calme Naturel, Framboise Citron - 226g . Winkel bij Eco Supplements altijd gratis verzending boven 100\u20ac","robots":{"index":"index","follow":"follow","max-snippet":"max-snippet:-1","max-image-preview":"max-image-preview:large","max-video-preview":"max-video-preview:-1"},"canonical":"https:\/\/ecosupplements.be\/fr\/produit\/calme-naturel-framboise-citron-226g\/","og_locale":"fr_FR","og_type":"article","og_title":"Calme Naturel, Framboise Citron - 226g","og_description":"Wij hebben een ruime keuze aan producten van Calme Naturel, Framboise Citron - 226g . Winkel bij Eco Supplements altijd gratis verzending boven 100\u20ac","og_url":"https:\/\/ecosupplements.be\/fr\/produit\/calme-naturel-framboise-citron-226g\/","og_site_name":"ECO Supplements","article_modified_time":"2025-08-27T13:37:10+00:00","og_image":[{"width":538,"height":663,"url":"https:\/\/ecosupplements.be\/wp-content\/uploads\/2025\/08\/Natural-Calm-Raspberry-Lemon-226g.jpg","type":"image\/jpeg"}],"twitter_card":"summary_large_image","twitter_misc":{"Prix":"29.56&nbsp;&euro;","Disponibilit\u00e9":"En stock"},"schema":{"@context":"https:\/\/schema.org","@graph":[{"@type":["WebPage","ItemPage"],"@id":"https:\/\/ecosupplements.be\/fr\/produit\/calme-naturel-framboise-citron-226g\/","url":"https:\/\/ecosupplements.be\/fr\/produit\/calme-naturel-framboise-citron-226g\/","name":"Calme Naturel, Framboise Citron - 226g - ECO Supplements","isPartOf":{"@id":"https:\/\/ecosupplements.be\/fr\/#website"},"primaryImageOfPage":{"@id":"https:\/\/ecosupplements.be\/fr\/produit\/calme-naturel-framboise-citron-226g\/#primaryimage"},"image":{"@id":"https:\/\/ecosupplements.be\/fr\/produit\/calme-naturel-framboise-citron-226g\/#primaryimage"},"thumbnailUrl":"https:\/\/ecosupplements.be\/wp-content\/uploads\/2025\/08\/Natural-Calm-Raspberry-Lemon-EAN-183405043503-226g.jpg","datePublished":"2022-06-28T09:19:12+00:00","dateModified":"2025-08-27T13:37:10+00:00","description":"Wij hebben een ruime keuze aan producten van Calme Naturel, Framboise Citron - 226g . Winkel bij Eco Supplements altijd gratis verzending boven 100\u20ac","breadcrumb":{"@id":"https:\/\/ecosupplements.be\/fr\/produit\/calme-naturel-framboise-citron-226g\/#breadcrumb"},"inLanguage":"fr-FR","potentialAction":[{"@type":"ReadAction","target":["https:\/\/ecosupplements.be\/fr\/produit\/calme-naturel-framboise-citron-226g\/"]}]},{"@type":"ImageObject","inLanguage":"fr-FR","@id":"https:\/\/ecosupplements.be\/fr\/produit\/calme-naturel-framboise-citron-226g\/#primaryimage","url":"https:\/\/ecosupplements.be\/wp-content\/uploads\/2025\/08\/Natural-Calm-Raspberry-Lemon-EAN-183405043503-226g.jpg","contentUrl":"https:\/\/ecosupplements.be\/wp-content\/uploads\/2025\/08\/Natural-Calm-Raspberry-Lemon-EAN-183405043503-226g.jpg","width":600,"height":600},{"@type":"BreadcrumbList","@id":"https:\/\/ecosupplements.be\/fr\/produit\/calme-naturel-framboise-citron-226g\/#breadcrumb","itemListElement":[{"@type":"ListItem","position":1,"name":"Home","item":"https:\/\/ecosupplements.be\/fr\/"},{"@type":"ListItem","position":2,"name":"Boutique","item":"https:\/\/ecosupplements.be\/fr\/boutique\/"},{"@type":"ListItem","position":3,"name":"Calme Naturel, Framboise Citron &#8211; 226g"}]},{"@type":"WebSite","@id":"https:\/\/ecosupplements.be\/fr\/#website","url":"https:\/\/ecosupplements.be\/fr\/","name":"ECO Supplements","description":"Eco Supplements - Gezonde supplementen","publisher":{"@id":"https:\/\/ecosupplements.be\/fr\/#organization"},"potentialAction":[{"@type":"SearchAction","target":{"@type":"EntryPoint","urlTemplate":"https:\/\/ecosupplements.be\/fr\/?s={search_term_string}"},"query-input":{"@type":"PropertyValueSpecification","valueRequired":true,"valueName":"search_term_string"}}],"inLanguage":"fr-FR"},{"@type":"Organization","@id":"https:\/\/ecosupplements.be\/fr\/#organization","name":"Eco Supplements","url":"https:\/\/ecosupplements.be\/fr\/","logo":{"@type":"ImageObject","inLanguage":"fr-FR","@id":"https:\/\/ecosupplements.be\/fr\/#\/schema\/logo\/image\/","url":"https:\/\/ecosupplements.be\/wp-content\/uploads\/2022\/06\/ecosupplement-family.png","contentUrl":"https:\/\/ecosupplements.be\/wp-content\/uploads\/2022\/06\/ecosupplement-family.png","width":593,"height":374,"caption":"Eco Supplements"},"image":{"@id":"https:\/\/ecosupplements.be\/fr\/#\/schema\/logo\/image\/"}}]},"product_brand":"Natural Vitality","product_price_amount":"29.56","product_price_currency":"EUR","og_availability":"instock","product_availability":"instock","product_retailer_item_id":"183405043503","product_condition":"new"},"_links":{"self":[{"href":"https:\/\/ecosupplements.be\/fr\/wp-json\/wp\/v2\/product\/288229","targetHints":{"allow":["GET"]}}],"collection":[{"href":"https:\/\/ecosupplements.be\/fr\/wp-json\/wp\/v2\/product"}],"about":[{"href":"https:\/\/ecosupplements.be\/fr\/wp-json\/wp\/v2\/types\/product"}],"replies":[{"embeddable":true,"href":"https:\/\/ecosupplements.be\/fr\/wp-json\/wp\/v2\/comments?post=288229"}],"wp:featuredmedia":[{"embeddable":true,"href":"https:\/\/ecosupplements.be\/fr\/wp-json\/wp\/v2\/media\/248607"}],"wp:attachment":[{"href":"https:\/\/ecosupplements.be\/fr\/wp-json\/wp\/v2\/media?parent=288229"}],"wp:term":[{"taxonomy":"product_brand","embeddable":true,"href":"https:\/\/ecosupplements.be\/fr\/wp-json\/wp\/v2\/product_brand?post=288229"},{"taxonomy":"product_cat","embeddable":true,"href":"https:\/\/ecosupplements.be\/fr\/wp-json\/wp\/v2\/product_cat?post=288229"},{"taxonomy":"product_tag","embeddable":true,"href":"https:\/\/ecosupplements.be\/fr\/wp-json\/wp\/v2\/product_tag?post=288229"}],"curies":[{"name":"wp","href":"https:\/\/api.w.org\/{rel}","templated":true}]}}