{"id":288241,"date":"2024-03-06T22:18:10","date_gmt":"2024-03-06T21:18:10","guid":{"rendered":"https:\/\/ecosupplements.be\/product\/super-collagene-vitamine-c-et-biotine-270-comprimes\/"},"modified":"2025-08-27T14:37:21","modified_gmt":"2025-08-27T13:37:21","slug":"super-collagene-vitamine-c-et-biotine-270-comprimes","status":"publish","type":"product","link":"https:\/\/ecosupplements.be\/fr\/produit\/super-collagene-vitamine-c-et-biotine-270-comprimes\/","title":{"rendered":"Super Collag\u00e8ne + Vitamine C et Biotine &#8211; 270 comprim\u00e9s"},"content":{"rendered":"<h1>Super Collagen + Vitamin C &#038; \u2063Biotin &#8211; 270 tablets<\/h1>\n<p>Offrez \u00e0 votre peau, vos\u2064 cheveux et vos ongles\u2062 une dose de beaut\u00e9 avec les\u200b comprim\u00e9s Super Collagen\u200b + Vitamin C &#038; Biotin de NeoCell. \u2063Cette formule puissante combine du\u200c collag\u00e8ne, de la vitamine C et de la biotine \u200dpour vous aider \u200b\u00e0 obtenir une peau \u00e9clatante, des\u200b cheveux forts et \u2064des ongles sains.<\/p>\n<h2>Caract\u00e9ristiques sp\u00e9ciales:<\/h2>\n<ul>\n<li>Contient \u2064du collag\u00e8ne \u2063de\u200d type 1 et\u2063 3 pour une\u200b absorption optimale<\/li>\n<li>Enrichi en vitamine C pour soutenir la production \u200dde collag\u00e8ne dans le corps<\/li>\n<li>Comprend de la biotine \u2062pour renforcer les cheveux et les \u2064ongles<\/li>\n<li>Formule sans gluten et sans OGM<\/li>\n<li>Convient aux v\u00e9g\u00e9tariens<\/li>\n<\/ul>\n<h2>Ingr\u00e9dients cl\u00e9s:<\/h2>\n<p>Chaque comprim\u00e9 contient 6 000 \u200cmg \u200bde collag\u00e8ne\u200d de type \u200d1 et 3, 60 mg de vitamine C et 3 mg de biotine. Le collag\u00e8ne est une prot\u00e9ine essentielle \u200dpour\u2062 la sant\u00e9 de la peau, des cheveux et des ongles, tandis que la vitamine C et\u2062 la biotine aident \u00e0\u200b renforcer et \u00e0 prot\u00e9ger ces tissus.<\/p>\n<h2>Avantages uniques:<\/h2>\n<ul>\n<li>Am\u00e9liore \u2062l&#8217;\u00e9lasticit\u00e9 et la fermet\u00e9\u200b de la peau<\/li>\n<li>Renforce les \u200bcheveux et les\u200c ongles<\/li>\n<li>Contribue\u2062 \u00e0\u200d r\u00e9duire l&#8217;apparence \u2064des rides et ridules<\/li>\n<li>Facilite\u2062 la croissance des cheveux\u2064 et des\u200b ongles<\/li>\n<li>Renforce les os\u2064 et les \u2062articulations<\/li>\n<\/ul>\n<h2>Mode d&#8217;emploi:<\/h2>\n<p>Prenez trois comprim\u00e9s par jour,\u200b de pr\u00e9f\u00e9rence \u00e0\u2064 jeun, pour de meilleurs r\u00e9sultats.\u200d Pour une absorption maximale, prenez-les\u200d avec de l&#8217;eau ou du jus de fruits riche en vitamine\u2064 C.<\/p>\n<p>Offrez \u00e0\u200c votre corps les nutriments\u2063 dont il a besoin pour une peau, des\u2064 cheveux et des ongles en bonne \u200bsant\u00e9 \u200bavec les comprim\u00e9s Super \u200bCollagen + Vitamin C &#038; \u2064Biotin de\u2064 NeoCell. Commandez d\u00e8s maintenant et d\u00e9couvrez une beaut\u00e9 naturelle\u2064 de\u2062 l&#8217;int\u00e9rieur.<\/p>\n","protected":false},"excerpt":{"rendered":"<p>Super Collagen + Vitamin C &#038; \u2063Biotin &#8211; 270 tablets Offrez \u00e0 votre peau, vos\u2064 cheveux et vos ongles\u2062 une dose de beaut\u00e9 avec les\u200b comprim\u00e9s Super Collagen\u200b + Vitamin C &#038; Biotin de NeoCell. \u2063Cette formule puissante combine du\u200c collag\u00e8ne, de la vitamine C et de la biotine \u200dpour vous aider \u200b\u00e0 obtenir une [&#8230;]\n","protected":false},"featured_media":262889,"comment_status":"open","ping_status":"open","template":"","meta":[],"product_brand":[4857],"product_cat":[5121,5052,5185,5053],"product_tag":[],"class_list":{"0":"post-288241","1":"product","2":"type-product","3":"status-publish","4":"has-post-thumbnail","6":"product_brand-neocell-2","7":"product_cat-collagene","8":"product_cat-sante-et-bien-etre","9":"product_cat-une-peau-saine","10":"product_cat-vitamines-et-mineraux","12":"first","13":"instock","14":"taxable","15":"shipping-taxable","16":"purchasable","17":"product-type-simple"},"yoast_head":"<!-- This site is optimized with the Yoast SEO Premium plugin v27.3 (Yoast SEO v27.3) - https:\/\/yoast.com\/product\/yoast-seo-premium-wordpress\/ -->\n<title>Super Collag\u00e8ne + Vitamine C et Biotine - 270 comprim\u00e9s - ECO Supplements<\/title>\n<meta name=\"description\" content=\"Wij hebben een ruime keuze aan producten van Super Collag\u00e8ne + Vitamine C et Biotine - 270 comprim\u00e9s . Winkel bij Eco Supplements altijd gratis verzending boven 100\u20ac\" \/>\n<meta name=\"robots\" content=\"index, follow, max-snippet:-1, max-image-preview:large, max-video-preview:-1\" \/>\n<link rel=\"canonical\" href=\"https:\/\/ecosupplements.be\/fr\/produit\/super-collagene-vitamine-c-et-biotine-270-comprimes\/\" \/>\n<meta property=\"og:locale\" content=\"fr_FR\" \/>\n<meta property=\"og:type\" content=\"article\" \/>\n<meta property=\"og:title\" content=\"Super Collag\u00e8ne + Vitamine C et Biotine - 270 comprim\u00e9s\" \/>\n<meta property=\"og:description\" content=\"Wij hebben een ruime keuze aan producten van Super Collag\u00e8ne + Vitamine C et Biotine - 270 comprim\u00e9s . Winkel bij Eco Supplements altijd gratis verzending boven 100\u20ac\" \/>\n<meta property=\"og:url\" content=\"https:\/\/ecosupplements.be\/fr\/produit\/super-collagene-vitamine-c-et-biotine-270-comprimes\/\" \/>\n<meta property=\"og:site_name\" content=\"ECO Supplements\" \/>\n<meta property=\"article:modified_time\" content=\"2025-08-27T13:37:21+00:00\" \/>\n<meta property=\"og:image\" content=\"https:\/\/ecosupplements.be\/wp-content\/uploads\/2025\/08\/Super-Collagen-Vitamin-C-Biotin-270-tabs-1.jpg\" \/>\n\t<meta property=\"og:image:width\" content=\"600\" \/>\n\t<meta property=\"og:image:height\" content=\"600\" \/>\n\t<meta property=\"og:image:type\" content=\"image\/jpeg\" \/>\n<meta name=\"twitter:card\" content=\"summary_large_image\" \/>\n<meta name=\"twitter:label1\" content=\"Prix\" \/>\n\t<meta name=\"twitter:data1\" content=\"26.94&nbsp;&euro;\" \/>\n\t<meta name=\"twitter:label2\" content=\"Disponibilit\u00e9\" \/>\n\t<meta name=\"twitter:data2\" content=\"En stock\" \/>\n<script type=\"application\/ld+json\" class=\"yoast-schema-graph\">{\"@context\":\"https:\\\/\\\/schema.org\",\"@graph\":[{\"@type\":[\"WebPage\",\"ItemPage\"],\"@id\":\"https:\\\/\\\/ecosupplements.be\\\/fr\\\/produit\\\/super-collagene-vitamine-c-et-biotine-270-comprimes\\\/\",\"url\":\"https:\\\/\\\/ecosupplements.be\\\/fr\\\/produit\\\/super-collagene-vitamine-c-et-biotine-270-comprimes\\\/\",\"name\":\"Super Collag\u00e8ne + Vitamine C et Biotine - 270 comprim\u00e9s - ECO Supplements\",\"isPartOf\":{\"@id\":\"https:\\\/\\\/ecosupplements.be\\\/fr\\\/#website\"},\"primaryImageOfPage\":{\"@id\":\"https:\\\/\\\/ecosupplements.be\\\/fr\\\/produit\\\/super-collagene-vitamine-c-et-biotine-270-comprimes\\\/#primaryimage\"},\"image\":{\"@id\":\"https:\\\/\\\/ecosupplements.be\\\/fr\\\/produit\\\/super-collagene-vitamine-c-et-biotine-270-comprimes\\\/#primaryimage\"},\"thumbnailUrl\":\"https:\\\/\\\/ecosupplements.be\\\/wp-content\\\/uploads\\\/2025\\\/08\\\/Super-Collagen-Vitamin-C-Biotin-270-tabs.jpg\",\"datePublished\":\"2024-03-06T21:18:10+00:00\",\"dateModified\":\"2025-08-27T13:37:21+00:00\",\"description\":\"Wij hebben een ruime keuze aan producten van Super Collag\u00e8ne + Vitamine C et Biotine - 270 comprim\u00e9s . Winkel bij Eco Supplements altijd gratis verzending boven 100\u20ac\",\"breadcrumb\":{\"@id\":\"https:\\\/\\\/ecosupplements.be\\\/fr\\\/produit\\\/super-collagene-vitamine-c-et-biotine-270-comprimes\\\/#breadcrumb\"},\"inLanguage\":\"fr-FR\",\"potentialAction\":[{\"@type\":\"ReadAction\",\"target\":[\"https:\\\/\\\/ecosupplements.be\\\/fr\\\/produit\\\/super-collagene-vitamine-c-et-biotine-270-comprimes\\\/\"]}]},{\"@type\":\"ImageObject\",\"inLanguage\":\"fr-FR\",\"@id\":\"https:\\\/\\\/ecosupplements.be\\\/fr\\\/produit\\\/super-collagene-vitamine-c-et-biotine-270-comprimes\\\/#primaryimage\",\"url\":\"https:\\\/\\\/ecosupplements.be\\\/wp-content\\\/uploads\\\/2025\\\/08\\\/Super-Collagen-Vitamin-C-Biotin-270-tabs.jpg\",\"contentUrl\":\"https:\\\/\\\/ecosupplements.be\\\/wp-content\\\/uploads\\\/2025\\\/08\\\/Super-Collagen-Vitamin-C-Biotin-270-tabs.jpg\",\"width\":600,\"height\":600},{\"@type\":\"BreadcrumbList\",\"@id\":\"https:\\\/\\\/ecosupplements.be\\\/fr\\\/produit\\\/super-collagene-vitamine-c-et-biotine-270-comprimes\\\/#breadcrumb\",\"itemListElement\":[{\"@type\":\"ListItem\",\"position\":1,\"name\":\"Home\",\"item\":\"https:\\\/\\\/ecosupplements.be\\\/fr\\\/\"},{\"@type\":\"ListItem\",\"position\":2,\"name\":\"Boutique\",\"item\":\"https:\\\/\\\/ecosupplements.be\\\/fr\\\/boutique\\\/\"},{\"@type\":\"ListItem\",\"position\":3,\"name\":\"Super Collag\u00e8ne + Vitamine C et Biotine &#8211; 270 comprim\u00e9s\"}]},{\"@type\":\"WebSite\",\"@id\":\"https:\\\/\\\/ecosupplements.be\\\/fr\\\/#website\",\"url\":\"https:\\\/\\\/ecosupplements.be\\\/fr\\\/\",\"name\":\"ECO Supplements\",\"description\":\"Eco Supplements - Gezonde supplementen\",\"publisher\":{\"@id\":\"https:\\\/\\\/ecosupplements.be\\\/fr\\\/#organization\"},\"potentialAction\":[{\"@type\":\"SearchAction\",\"target\":{\"@type\":\"EntryPoint\",\"urlTemplate\":\"https:\\\/\\\/ecosupplements.be\\\/fr\\\/?s={search_term_string}\"},\"query-input\":{\"@type\":\"PropertyValueSpecification\",\"valueRequired\":true,\"valueName\":\"search_term_string\"}}],\"inLanguage\":\"fr-FR\"},{\"@type\":\"Organization\",\"@id\":\"https:\\\/\\\/ecosupplements.be\\\/fr\\\/#organization\",\"name\":\"Eco Supplements\",\"url\":\"https:\\\/\\\/ecosupplements.be\\\/fr\\\/\",\"logo\":{\"@type\":\"ImageObject\",\"inLanguage\":\"fr-FR\",\"@id\":\"https:\\\/\\\/ecosupplements.be\\\/fr\\\/#\\\/schema\\\/logo\\\/image\\\/\",\"url\":\"https:\\\/\\\/ecosupplements.be\\\/wp-content\\\/uploads\\\/2022\\\/06\\\/ecosupplement-family.png\",\"contentUrl\":\"https:\\\/\\\/ecosupplements.be\\\/wp-content\\\/uploads\\\/2022\\\/06\\\/ecosupplement-family.png\",\"width\":593,\"height\":374,\"caption\":\"Eco Supplements\"},\"image\":{\"@id\":\"https:\\\/\\\/ecosupplements.be\\\/fr\\\/#\\\/schema\\\/logo\\\/image\\\/\"}}]}<\/script>\n<meta property=\"product:brand\" content=\"NeoCell\" \/>\n<meta property=\"product:price:amount\" content=\"26.94\" \/>\n<meta property=\"product:price:currency\" content=\"EUR\" \/>\n<meta property=\"og:availability\" content=\"instock\" \/>\n<meta property=\"product:availability\" content=\"instock\" \/>\n<meta property=\"product:retailer_item_id\" content=\"016185132627\" \/>\n<meta property=\"product:condition\" content=\"new\" \/>\n<!-- \/ Yoast SEO Premium plugin. -->","yoast_head_json":{"title":"Super Collag\u00e8ne + Vitamine C et Biotine - 270 comprim\u00e9s - ECO Supplements","description":"Wij hebben een ruime keuze aan producten van Super Collag\u00e8ne + Vitamine C et Biotine - 270 comprim\u00e9s . Winkel bij Eco Supplements altijd gratis verzending boven 100\u20ac","robots":{"index":"index","follow":"follow","max-snippet":"max-snippet:-1","max-image-preview":"max-image-preview:large","max-video-preview":"max-video-preview:-1"},"canonical":"https:\/\/ecosupplements.be\/fr\/produit\/super-collagene-vitamine-c-et-biotine-270-comprimes\/","og_locale":"fr_FR","og_type":"article","og_title":"Super Collag\u00e8ne + Vitamine C et Biotine - 270 comprim\u00e9s","og_description":"Wij hebben een ruime keuze aan producten van Super Collag\u00e8ne + Vitamine C et Biotine - 270 comprim\u00e9s . Winkel bij Eco Supplements altijd gratis verzending boven 100\u20ac","og_url":"https:\/\/ecosupplements.be\/fr\/produit\/super-collagene-vitamine-c-et-biotine-270-comprimes\/","og_site_name":"ECO Supplements","article_modified_time":"2025-08-27T13:37:21+00:00","og_image":[{"width":600,"height":600,"url":"https:\/\/ecosupplements.be\/wp-content\/uploads\/2025\/08\/Super-Collagen-Vitamin-C-Biotin-270-tabs-1.jpg","type":"image\/jpeg"}],"twitter_card":"summary_large_image","twitter_misc":{"Prix":"26.94&nbsp;&euro;","Disponibilit\u00e9":"En stock"},"schema":{"@context":"https:\/\/schema.org","@graph":[{"@type":["WebPage","ItemPage"],"@id":"https:\/\/ecosupplements.be\/fr\/produit\/super-collagene-vitamine-c-et-biotine-270-comprimes\/","url":"https:\/\/ecosupplements.be\/fr\/produit\/super-collagene-vitamine-c-et-biotine-270-comprimes\/","name":"Super Collag\u00e8ne + Vitamine C et Biotine - 270 comprim\u00e9s - ECO Supplements","isPartOf":{"@id":"https:\/\/ecosupplements.be\/fr\/#website"},"primaryImageOfPage":{"@id":"https:\/\/ecosupplements.be\/fr\/produit\/super-collagene-vitamine-c-et-biotine-270-comprimes\/#primaryimage"},"image":{"@id":"https:\/\/ecosupplements.be\/fr\/produit\/super-collagene-vitamine-c-et-biotine-270-comprimes\/#primaryimage"},"thumbnailUrl":"https:\/\/ecosupplements.be\/wp-content\/uploads\/2025\/08\/Super-Collagen-Vitamin-C-Biotin-270-tabs.jpg","datePublished":"2024-03-06T21:18:10+00:00","dateModified":"2025-08-27T13:37:21+00:00","description":"Wij hebben een ruime keuze aan producten van Super Collag\u00e8ne + Vitamine C et Biotine - 270 comprim\u00e9s . Winkel bij Eco Supplements altijd gratis verzending boven 100\u20ac","breadcrumb":{"@id":"https:\/\/ecosupplements.be\/fr\/produit\/super-collagene-vitamine-c-et-biotine-270-comprimes\/#breadcrumb"},"inLanguage":"fr-FR","potentialAction":[{"@type":"ReadAction","target":["https:\/\/ecosupplements.be\/fr\/produit\/super-collagene-vitamine-c-et-biotine-270-comprimes\/"]}]},{"@type":"ImageObject","inLanguage":"fr-FR","@id":"https:\/\/ecosupplements.be\/fr\/produit\/super-collagene-vitamine-c-et-biotine-270-comprimes\/#primaryimage","url":"https:\/\/ecosupplements.be\/wp-content\/uploads\/2025\/08\/Super-Collagen-Vitamin-C-Biotin-270-tabs.jpg","contentUrl":"https:\/\/ecosupplements.be\/wp-content\/uploads\/2025\/08\/Super-Collagen-Vitamin-C-Biotin-270-tabs.jpg","width":600,"height":600},{"@type":"BreadcrumbList","@id":"https:\/\/ecosupplements.be\/fr\/produit\/super-collagene-vitamine-c-et-biotine-270-comprimes\/#breadcrumb","itemListElement":[{"@type":"ListItem","position":1,"name":"Home","item":"https:\/\/ecosupplements.be\/fr\/"},{"@type":"ListItem","position":2,"name":"Boutique","item":"https:\/\/ecosupplements.be\/fr\/boutique\/"},{"@type":"ListItem","position":3,"name":"Super Collag\u00e8ne + Vitamine C et Biotine &#8211; 270 comprim\u00e9s"}]},{"@type":"WebSite","@id":"https:\/\/ecosupplements.be\/fr\/#website","url":"https:\/\/ecosupplements.be\/fr\/","name":"ECO Supplements","description":"Eco Supplements - Gezonde supplementen","publisher":{"@id":"https:\/\/ecosupplements.be\/fr\/#organization"},"potentialAction":[{"@type":"SearchAction","target":{"@type":"EntryPoint","urlTemplate":"https:\/\/ecosupplements.be\/fr\/?s={search_term_string}"},"query-input":{"@type":"PropertyValueSpecification","valueRequired":true,"valueName":"search_term_string"}}],"inLanguage":"fr-FR"},{"@type":"Organization","@id":"https:\/\/ecosupplements.be\/fr\/#organization","name":"Eco Supplements","url":"https:\/\/ecosupplements.be\/fr\/","logo":{"@type":"ImageObject","inLanguage":"fr-FR","@id":"https:\/\/ecosupplements.be\/fr\/#\/schema\/logo\/image\/","url":"https:\/\/ecosupplements.be\/wp-content\/uploads\/2022\/06\/ecosupplement-family.png","contentUrl":"https:\/\/ecosupplements.be\/wp-content\/uploads\/2022\/06\/ecosupplement-family.png","width":593,"height":374,"caption":"Eco Supplements"},"image":{"@id":"https:\/\/ecosupplements.be\/fr\/#\/schema\/logo\/image\/"}}]},"product_brand":"NeoCell","product_price_amount":"26.94","product_price_currency":"EUR","og_availability":"instock","product_availability":"instock","product_retailer_item_id":"016185132627","product_condition":"new"},"_links":{"self":[{"href":"https:\/\/ecosupplements.be\/fr\/wp-json\/wp\/v2\/product\/288241","targetHints":{"allow":["GET"]}}],"collection":[{"href":"https:\/\/ecosupplements.be\/fr\/wp-json\/wp\/v2\/product"}],"about":[{"href":"https:\/\/ecosupplements.be\/fr\/wp-json\/wp\/v2\/types\/product"}],"replies":[{"embeddable":true,"href":"https:\/\/ecosupplements.be\/fr\/wp-json\/wp\/v2\/comments?post=288241"}],"wp:featuredmedia":[{"embeddable":true,"href":"https:\/\/ecosupplements.be\/fr\/wp-json\/wp\/v2\/media\/262889"}],"wp:attachment":[{"href":"https:\/\/ecosupplements.be\/fr\/wp-json\/wp\/v2\/media?parent=288241"}],"wp:term":[{"taxonomy":"product_brand","embeddable":true,"href":"https:\/\/ecosupplements.be\/fr\/wp-json\/wp\/v2\/product_brand?post=288241"},{"taxonomy":"product_cat","embeddable":true,"href":"https:\/\/ecosupplements.be\/fr\/wp-json\/wp\/v2\/product_cat?post=288241"},{"taxonomy":"product_tag","embeddable":true,"href":"https:\/\/ecosupplements.be\/fr\/wp-json\/wp\/v2\/product_tag?post=288241"}],"curies":[{"name":"wp","href":"https:\/\/api.w.org\/{rel}","templated":true}]}}