{"id":288253,"date":"2024-03-08T06:10:44","date_gmt":"2024-03-08T05:10:44","guid":{"rendered":"https:\/\/ecosupplements.be\/product\/omega-algue-715mg-omega-3-60-capsules-molles\/"},"modified":"2025-08-27T14:37:32","modified_gmt":"2025-08-27T13:37:32","slug":"omega-algue-715mg-omega-3-60-capsules-molles","status":"publish","type":"product","link":"https:\/\/ecosupplements.be\/fr\/produit\/omega-algue-715mg-omega-3-60-capsules-molles\/","title":{"rendered":"Om\u00e9ga Algue, 715mg Om\u00e9ga 3 &#8211; 60 capsules molles"},"content":{"rendered":"<h1>Algae Omega, 715mg Omega\u200b 3 &#8211; \u200c60\u2064 softgels<\/h1>\n<p>D\u00e9couvrez les bienfaits des om\u00e9ga-3 avec Algae \u2062Omega de\u200c Nordic Naturals. Ces softgels sont une alternative v\u00e9g\u00e9tarienne aux suppl\u00e9ments d&#8217;huile de poisson traditionnels, car ils sont fabriqu\u00e9s \u00e0 partir d&#8217;algues marines riches en acides gras om\u00e9ga-3.<\/p>\n<h2>Caract\u00e9ristiques sp\u00e9ciales:<\/h2>\n<ul>\n<li>Contient 715mg d&#8217;om\u00e9ga-3 par portion de 2 softgels<\/li>\n<li>Fabriqu\u00e9 \u00e0 partir d&#8217;algues marines\u2062 riches en acides gras om\u00e9ga-3<\/li>\n<li>Alternative v\u00e9g\u00e9tarienne \u2063aux suppl\u00e9ments d&#8217;huile de poisson<\/li>\n<li>Sans OGM, sans gluten et sans produits laitiers<\/li>\n<li>Test\u00e9 par \u2064des tiers pour garantir la puret\u00e9 et la fra\u00eecheur<\/li>\n<\/ul>\n<h2>Ingr\u00e9dients:<\/h2>\n<p>Algae Omega de Nordic \u200bNaturals est\u2064 compos\u00e9 d&#8217;huile d&#8217;algue Schizochytrium, d&#8217;huile d&#8217;olive, de tocoph\u00e9rols mixtes (antioxydants) et \u200dde g\u00e9latine de poisson. Chaque \u200dportion de 2 softgels fournit 715mg \u2063d&#8217;om\u00e9ga-3, dont 195mg d&#8217;acide eicosapenta\u00e9no\u00efque (EPA) et 390mg \u200cd&#8217;acide docosahexa\u00e9no\u00efque (DHA).<\/p>\n<h2>Avantages uniques:<\/h2>\n<p>Les om\u00e9ga-3 sont des acides gras essentiels qui jouent un \u200dr\u00f4le important dans \u2064de \u200cnombreux processus biologiques, notamment la \u200bsant\u00e9 cardiovasculaire, le fonctionnement c\u00e9r\u00e9bral et la sant\u00e9 des yeux.\u2063 Algae Omega de Nordic\u2064 Naturals\u2063 est une excellente source d&#8217;om\u00e9ga-3 pour les \u200dv\u00e9g\u00e9tariens et les personnes soucieuses de leur consommation de poisson. \u200cDe plus, ces softgels sont sans OGM, sans gluten\u200d et sans produits laitiers, ce qui en fait un choix s\u00fbr\u2062 pour les personnes ayant des restrictions alimentaires.<\/p>\n<h2>Conseils d&#8217;utilisation:<\/h2>\n<p>Prenez 2 softgels par jour, de pr\u00e9f\u00e9rence avec de la nourriture. Les softgels peuvent\u2064 \u00eatre \u2062aval\u00e9s \u200centiers \u200cou perc\u00e9s et\u200b m\u00e9lang\u00e9s \u00e0 des aliments ou des boissons.<\/p>\n<p>Offrez \u00e0 votre corps les bienfaits des om\u00e9ga-3 avec Algae Omega \u200bde Nordic Naturals. \u200dCommandez d\u00e8s \u200bmaintenant et\u2064 profitez d&#8217;une\u200c alternative v\u00e9g\u00e9tarienne de qualit\u00e9 aux suppl\u00e9ments d&#8217;huile de poisson traditionnels.<\/p>\n","protected":false},"excerpt":{"rendered":"<p>Algae Omega, 715mg Omega\u200b 3 &#8211; \u200c60\u2064 softgels D\u00e9couvrez les bienfaits des om\u00e9ga-3 avec Algae \u2062Omega de\u200c Nordic Naturals. Ces softgels sont une alternative v\u00e9g\u00e9tarienne aux suppl\u00e9ments d&#8217;huile de poisson traditionnels, car ils sont fabriqu\u00e9s \u00e0 partir d&#8217;algues marines riches en acides gras om\u00e9ga-3. Caract\u00e9ristiques sp\u00e9ciales: Contient 715mg d&#8217;om\u00e9ga-3 par portion de 2 softgels Fabriqu\u00e9 [&#8230;]\n","protected":false},"featured_media":264221,"comment_status":"open","ping_status":"open","template":"","meta":[],"product_brand":[4860],"product_cat":[5082,5053],"product_tag":[],"class_list":{"0":"post-288253","1":"product","2":"type-product","3":"status-publish","4":"has-post-thumbnail","6":"product_brand-nordic-naturals-2","7":"product_cat-omegas-efa-cla-huiles","8":"product_cat-vitamines-et-mineraux","10":"first","11":"instock","12":"taxable","13":"shipping-taxable","14":"purchasable","15":"product-type-simple"},"yoast_head":"<!-- This site is optimized with the Yoast SEO Premium plugin v27.3 (Yoast SEO v27.3) - https:\/\/yoast.com\/product\/yoast-seo-premium-wordpress\/ -->\n<title>Om\u00e9ga Algue, 715mg Om\u00e9ga 3 - 60 capsules molles - ECO Supplements<\/title>\n<meta name=\"description\" content=\"Wij hebben een ruime keuze aan producten van Om\u00e9ga Algue, 715mg Om\u00e9ga 3 - 60 capsules molles . Winkel bij Eco Supplements altijd gratis verzending boven 100\u20ac\" \/>\n<meta name=\"robots\" content=\"index, follow, max-snippet:-1, max-image-preview:large, max-video-preview:-1\" \/>\n<link rel=\"canonical\" href=\"https:\/\/ecosupplements.be\/fr\/produit\/omega-algue-715mg-omega-3-60-capsules-molles\/\" \/>\n<meta property=\"og:locale\" content=\"fr_FR\" \/>\n<meta property=\"og:type\" content=\"article\" \/>\n<meta property=\"og:title\" content=\"Om\u00e9ga Algue, 715mg Om\u00e9ga 3 - 60 capsules molles\" \/>\n<meta property=\"og:description\" content=\"Wij hebben een ruime keuze aan producten van Om\u00e9ga Algue, 715mg Om\u00e9ga 3 - 60 capsules molles . Winkel bij Eco Supplements altijd gratis verzending boven 100\u20ac\" \/>\n<meta property=\"og:url\" content=\"https:\/\/ecosupplements.be\/fr\/produit\/omega-algue-715mg-omega-3-60-capsules-molles\/\" \/>\n<meta property=\"og:site_name\" content=\"ECO Supplements\" \/>\n<meta property=\"article:modified_time\" content=\"2025-08-27T13:37:32+00:00\" \/>\n<meta property=\"og:image\" content=\"https:\/\/ecosupplements.be\/wp-content\/uploads\/2025\/08\/Algae-Omega-715mg-Omega-3-60-softgels-1.jpg\" \/>\n\t<meta property=\"og:image:width\" content=\"400\" \/>\n\t<meta property=\"og:image:height\" content=\"400\" \/>\n\t<meta property=\"og:image:type\" content=\"image\/jpeg\" \/>\n<meta name=\"twitter:card\" content=\"summary_large_image\" \/>\n<meta name=\"twitter:label1\" content=\"Prix\" \/>\n\t<meta name=\"twitter:data1\" content=\"32.04&nbsp;&euro;\" \/>\n\t<meta name=\"twitter:label2\" content=\"Disponibilit\u00e9\" \/>\n\t<meta name=\"twitter:data2\" content=\"En stock\" \/>\n<script type=\"application\/ld+json\" class=\"yoast-schema-graph\">{\"@context\":\"https:\\\/\\\/schema.org\",\"@graph\":[{\"@type\":[\"WebPage\",\"ItemPage\"],\"@id\":\"https:\\\/\\\/ecosupplements.be\\\/fr\\\/produit\\\/omega-algue-715mg-omega-3-60-capsules-molles\\\/\",\"url\":\"https:\\\/\\\/ecosupplements.be\\\/fr\\\/produit\\\/omega-algue-715mg-omega-3-60-capsules-molles\\\/\",\"name\":\"Om\u00e9ga Algue, 715mg Om\u00e9ga 3 - 60 capsules molles - ECO Supplements\",\"isPartOf\":{\"@id\":\"https:\\\/\\\/ecosupplements.be\\\/fr\\\/#website\"},\"primaryImageOfPage\":{\"@id\":\"https:\\\/\\\/ecosupplements.be\\\/fr\\\/produit\\\/omega-algue-715mg-omega-3-60-capsules-molles\\\/#primaryimage\"},\"image\":{\"@id\":\"https:\\\/\\\/ecosupplements.be\\\/fr\\\/produit\\\/omega-algue-715mg-omega-3-60-capsules-molles\\\/#primaryimage\"},\"thumbnailUrl\":\"https:\\\/\\\/ecosupplements.be\\\/wp-content\\\/uploads\\\/2025\\\/08\\\/Algae-Omega-715mg-Omega-3-60-softgels.jpg\",\"datePublished\":\"2024-03-08T05:10:44+00:00\",\"dateModified\":\"2025-08-27T13:37:32+00:00\",\"description\":\"Wij hebben een ruime keuze aan producten van Om\u00e9ga Algue, 715mg Om\u00e9ga 3 - 60 capsules molles . Winkel bij Eco Supplements altijd gratis verzending boven 100\u20ac\",\"breadcrumb\":{\"@id\":\"https:\\\/\\\/ecosupplements.be\\\/fr\\\/produit\\\/omega-algue-715mg-omega-3-60-capsules-molles\\\/#breadcrumb\"},\"inLanguage\":\"fr-FR\",\"potentialAction\":[{\"@type\":\"ReadAction\",\"target\":[\"https:\\\/\\\/ecosupplements.be\\\/fr\\\/produit\\\/omega-algue-715mg-omega-3-60-capsules-molles\\\/\"]}]},{\"@type\":\"ImageObject\",\"inLanguage\":\"fr-FR\",\"@id\":\"https:\\\/\\\/ecosupplements.be\\\/fr\\\/produit\\\/omega-algue-715mg-omega-3-60-capsules-molles\\\/#primaryimage\",\"url\":\"https:\\\/\\\/ecosupplements.be\\\/wp-content\\\/uploads\\\/2025\\\/08\\\/Algae-Omega-715mg-Omega-3-60-softgels.jpg\",\"contentUrl\":\"https:\\\/\\\/ecosupplements.be\\\/wp-content\\\/uploads\\\/2025\\\/08\\\/Algae-Omega-715mg-Omega-3-60-softgels.jpg\",\"width\":540,\"height\":667},{\"@type\":\"BreadcrumbList\",\"@id\":\"https:\\\/\\\/ecosupplements.be\\\/fr\\\/produit\\\/omega-algue-715mg-omega-3-60-capsules-molles\\\/#breadcrumb\",\"itemListElement\":[{\"@type\":\"ListItem\",\"position\":1,\"name\":\"Home\",\"item\":\"https:\\\/\\\/ecosupplements.be\\\/fr\\\/\"},{\"@type\":\"ListItem\",\"position\":2,\"name\":\"Boutique\",\"item\":\"https:\\\/\\\/ecosupplements.be\\\/fr\\\/boutique\\\/\"},{\"@type\":\"ListItem\",\"position\":3,\"name\":\"Om\u00e9ga Algue, 715mg Om\u00e9ga 3 &#8211; 60 capsules molles\"}]},{\"@type\":\"WebSite\",\"@id\":\"https:\\\/\\\/ecosupplements.be\\\/fr\\\/#website\",\"url\":\"https:\\\/\\\/ecosupplements.be\\\/fr\\\/\",\"name\":\"ECO Supplements\",\"description\":\"Eco Supplements - Gezonde supplementen\",\"publisher\":{\"@id\":\"https:\\\/\\\/ecosupplements.be\\\/fr\\\/#organization\"},\"potentialAction\":[{\"@type\":\"SearchAction\",\"target\":{\"@type\":\"EntryPoint\",\"urlTemplate\":\"https:\\\/\\\/ecosupplements.be\\\/fr\\\/?s={search_term_string}\"},\"query-input\":{\"@type\":\"PropertyValueSpecification\",\"valueRequired\":true,\"valueName\":\"search_term_string\"}}],\"inLanguage\":\"fr-FR\"},{\"@type\":\"Organization\",\"@id\":\"https:\\\/\\\/ecosupplements.be\\\/fr\\\/#organization\",\"name\":\"Eco Supplements\",\"url\":\"https:\\\/\\\/ecosupplements.be\\\/fr\\\/\",\"logo\":{\"@type\":\"ImageObject\",\"inLanguage\":\"fr-FR\",\"@id\":\"https:\\\/\\\/ecosupplements.be\\\/fr\\\/#\\\/schema\\\/logo\\\/image\\\/\",\"url\":\"https:\\\/\\\/ecosupplements.be\\\/wp-content\\\/uploads\\\/2022\\\/06\\\/ecosupplement-family.png\",\"contentUrl\":\"https:\\\/\\\/ecosupplements.be\\\/wp-content\\\/uploads\\\/2022\\\/06\\\/ecosupplement-family.png\",\"width\":593,\"height\":374,\"caption\":\"Eco Supplements\"},\"image\":{\"@id\":\"https:\\\/\\\/ecosupplements.be\\\/fr\\\/#\\\/schema\\\/logo\\\/image\\\/\"}}]}<\/script>\n<meta property=\"product:brand\" content=\"Nordic Naturals\" \/>\n<meta property=\"product:price:amount\" content=\"32.04\" \/>\n<meta property=\"product:price:currency\" content=\"EUR\" \/>\n<meta property=\"og:availability\" content=\"instock\" \/>\n<meta property=\"product:availability\" content=\"instock\" \/>\n<meta property=\"product:retailer_item_id\" content=\"768990016066\" \/>\n<meta property=\"product:condition\" content=\"new\" \/>\n<!-- \/ Yoast SEO Premium plugin. -->","yoast_head_json":{"title":"Om\u00e9ga Algue, 715mg Om\u00e9ga 3 - 60 capsules molles - ECO Supplements","description":"Wij hebben een ruime keuze aan producten van Om\u00e9ga Algue, 715mg Om\u00e9ga 3 - 60 capsules molles . Winkel bij Eco Supplements altijd gratis verzending boven 100\u20ac","robots":{"index":"index","follow":"follow","max-snippet":"max-snippet:-1","max-image-preview":"max-image-preview:large","max-video-preview":"max-video-preview:-1"},"canonical":"https:\/\/ecosupplements.be\/fr\/produit\/omega-algue-715mg-omega-3-60-capsules-molles\/","og_locale":"fr_FR","og_type":"article","og_title":"Om\u00e9ga Algue, 715mg Om\u00e9ga 3 - 60 capsules molles","og_description":"Wij hebben een ruime keuze aan producten van Om\u00e9ga Algue, 715mg Om\u00e9ga 3 - 60 capsules molles . Winkel bij Eco Supplements altijd gratis verzending boven 100\u20ac","og_url":"https:\/\/ecosupplements.be\/fr\/produit\/omega-algue-715mg-omega-3-60-capsules-molles\/","og_site_name":"ECO Supplements","article_modified_time":"2025-08-27T13:37:32+00:00","og_image":[{"width":400,"height":400,"url":"https:\/\/ecosupplements.be\/wp-content\/uploads\/2025\/08\/Algae-Omega-715mg-Omega-3-60-softgels-1.jpg","type":"image\/jpeg"}],"twitter_card":"summary_large_image","twitter_misc":{"Prix":"32.04&nbsp;&euro;","Disponibilit\u00e9":"En stock"},"schema":{"@context":"https:\/\/schema.org","@graph":[{"@type":["WebPage","ItemPage"],"@id":"https:\/\/ecosupplements.be\/fr\/produit\/omega-algue-715mg-omega-3-60-capsules-molles\/","url":"https:\/\/ecosupplements.be\/fr\/produit\/omega-algue-715mg-omega-3-60-capsules-molles\/","name":"Om\u00e9ga Algue, 715mg Om\u00e9ga 3 - 60 capsules molles - ECO Supplements","isPartOf":{"@id":"https:\/\/ecosupplements.be\/fr\/#website"},"primaryImageOfPage":{"@id":"https:\/\/ecosupplements.be\/fr\/produit\/omega-algue-715mg-omega-3-60-capsules-molles\/#primaryimage"},"image":{"@id":"https:\/\/ecosupplements.be\/fr\/produit\/omega-algue-715mg-omega-3-60-capsules-molles\/#primaryimage"},"thumbnailUrl":"https:\/\/ecosupplements.be\/wp-content\/uploads\/2025\/08\/Algae-Omega-715mg-Omega-3-60-softgels.jpg","datePublished":"2024-03-08T05:10:44+00:00","dateModified":"2025-08-27T13:37:32+00:00","description":"Wij hebben een ruime keuze aan producten van Om\u00e9ga Algue, 715mg Om\u00e9ga 3 - 60 capsules molles . Winkel bij Eco Supplements altijd gratis verzending boven 100\u20ac","breadcrumb":{"@id":"https:\/\/ecosupplements.be\/fr\/produit\/omega-algue-715mg-omega-3-60-capsules-molles\/#breadcrumb"},"inLanguage":"fr-FR","potentialAction":[{"@type":"ReadAction","target":["https:\/\/ecosupplements.be\/fr\/produit\/omega-algue-715mg-omega-3-60-capsules-molles\/"]}]},{"@type":"ImageObject","inLanguage":"fr-FR","@id":"https:\/\/ecosupplements.be\/fr\/produit\/omega-algue-715mg-omega-3-60-capsules-molles\/#primaryimage","url":"https:\/\/ecosupplements.be\/wp-content\/uploads\/2025\/08\/Algae-Omega-715mg-Omega-3-60-softgels.jpg","contentUrl":"https:\/\/ecosupplements.be\/wp-content\/uploads\/2025\/08\/Algae-Omega-715mg-Omega-3-60-softgels.jpg","width":540,"height":667},{"@type":"BreadcrumbList","@id":"https:\/\/ecosupplements.be\/fr\/produit\/omega-algue-715mg-omega-3-60-capsules-molles\/#breadcrumb","itemListElement":[{"@type":"ListItem","position":1,"name":"Home","item":"https:\/\/ecosupplements.be\/fr\/"},{"@type":"ListItem","position":2,"name":"Boutique","item":"https:\/\/ecosupplements.be\/fr\/boutique\/"},{"@type":"ListItem","position":3,"name":"Om\u00e9ga Algue, 715mg Om\u00e9ga 3 &#8211; 60 capsules molles"}]},{"@type":"WebSite","@id":"https:\/\/ecosupplements.be\/fr\/#website","url":"https:\/\/ecosupplements.be\/fr\/","name":"ECO Supplements","description":"Eco Supplements - Gezonde supplementen","publisher":{"@id":"https:\/\/ecosupplements.be\/fr\/#organization"},"potentialAction":[{"@type":"SearchAction","target":{"@type":"EntryPoint","urlTemplate":"https:\/\/ecosupplements.be\/fr\/?s={search_term_string}"},"query-input":{"@type":"PropertyValueSpecification","valueRequired":true,"valueName":"search_term_string"}}],"inLanguage":"fr-FR"},{"@type":"Organization","@id":"https:\/\/ecosupplements.be\/fr\/#organization","name":"Eco Supplements","url":"https:\/\/ecosupplements.be\/fr\/","logo":{"@type":"ImageObject","inLanguage":"fr-FR","@id":"https:\/\/ecosupplements.be\/fr\/#\/schema\/logo\/image\/","url":"https:\/\/ecosupplements.be\/wp-content\/uploads\/2022\/06\/ecosupplement-family.png","contentUrl":"https:\/\/ecosupplements.be\/wp-content\/uploads\/2022\/06\/ecosupplement-family.png","width":593,"height":374,"caption":"Eco Supplements"},"image":{"@id":"https:\/\/ecosupplements.be\/fr\/#\/schema\/logo\/image\/"}}]},"product_brand":"Nordic Naturals","product_price_amount":"32.04","product_price_currency":"EUR","og_availability":"instock","product_availability":"instock","product_retailer_item_id":"768990016066","product_condition":"new"},"_links":{"self":[{"href":"https:\/\/ecosupplements.be\/fr\/wp-json\/wp\/v2\/product\/288253","targetHints":{"allow":["GET"]}}],"collection":[{"href":"https:\/\/ecosupplements.be\/fr\/wp-json\/wp\/v2\/product"}],"about":[{"href":"https:\/\/ecosupplements.be\/fr\/wp-json\/wp\/v2\/types\/product"}],"replies":[{"embeddable":true,"href":"https:\/\/ecosupplements.be\/fr\/wp-json\/wp\/v2\/comments?post=288253"}],"wp:featuredmedia":[{"embeddable":true,"href":"https:\/\/ecosupplements.be\/fr\/wp-json\/wp\/v2\/media\/264221"}],"wp:attachment":[{"href":"https:\/\/ecosupplements.be\/fr\/wp-json\/wp\/v2\/media?parent=288253"}],"wp:term":[{"taxonomy":"product_brand","embeddable":true,"href":"https:\/\/ecosupplements.be\/fr\/wp-json\/wp\/v2\/product_brand?post=288253"},{"taxonomy":"product_cat","embeddable":true,"href":"https:\/\/ecosupplements.be\/fr\/wp-json\/wp\/v2\/product_cat?post=288253"},{"taxonomy":"product_tag","embeddable":true,"href":"https:\/\/ecosupplements.be\/fr\/wp-json\/wp\/v2\/product_tag?post=288253"}],"curies":[{"name":"wp","href":"https:\/\/api.w.org\/{rel}","templated":true}]}}