{"id":288262,"date":"2024-03-08T06:30:35","date_gmt":"2024-03-08T05:30:35","guid":{"rendered":"https:\/\/ecosupplements.be\/product\/huile-de-foie-de-morue-arctique-1060mg-orange-473-ml\/"},"modified":"2025-08-27T14:37:39","modified_gmt":"2025-08-27T13:37:39","slug":"huile-de-foie-de-morue-arctique-1060mg-orange-473-ml","status":"publish","type":"product","link":"https:\/\/ecosupplements.be\/fr\/produit\/huile-de-foie-de-morue-arctique-1060mg-orange-473-ml\/","title":{"rendered":"Huile de foie de morue arctique, 1060mg Orange &#8211; 473 ml"},"content":{"rendered":"<h1>Arctic Cod Liver Oil, 1060mg Orange -\u200b 473 ml<\/h1>\n<p>D\u00e9couvrez les bienfaits de l&#8217;huile de foie\u200b de morue de\u2063 l&#8217;Arctique avec \u2063cette formule \u2064hautement concentr\u00e9e de Nordic Naturals. Chaque cuill\u00e8re \u00e0 soupe de 1060mg d&#8217;huile de foie de morue de l&#8217;Arctique contient \u2062des acides gras om\u00e9ga-3\u2062 essentiels, \u2063des vitamines A et D\u200b ainsi que des antioxydants naturels pour soutenir \u200cvotre\u200d sant\u00e9 globale.<\/p>\n<h2>Caract\u00e9ristiques sp\u00e9ciales<\/h2>\n<ul>\n<li>Formule hautement concentr\u00e9e avec 1060mg d&#8217;huile de foie de morue de\u2062 l&#8217;Arctique par cuill\u00e8re \u00e0 \u2064soupe<\/li>\n<li>Contient des acides gras om\u00e9ga-3 essentiels, \u2064des \u200bvitamines \u2062A et D ainsi que\u2062 des \u2062antioxydants naturels<\/li>\n<li>Saveur\u2064 d&#8217;orange agr\u00e9able et\u2063 rafra\u00eechissante<\/li>\n<li>Sans gluten, sans produits \u200dlaitiers, sans colorants\u2062 ni ar\u00f4mes artificiels<\/li>\n<li>Test\u00e9\u200b par des tiers pour garantir la puret\u00e9 et la fra\u00eecheur<\/li>\n<\/ul>\n<h2>Ingr\u00e9dients<\/h2>\n<p>Huile de foie de morue de \u200dl&#8217;Arctique, ar\u00f4me naturel d&#8217;orange, antioxydants naturels (extrait de romarin, tocoph\u00e9rols \u200dmixtes, acide ascorbique), \u200bvitamine D3 (chol\u00e9calcif\u00e9rol), vitamine A (palmitate de r\u00e9tinyle).<\/p>\n<h2>Avantages uniques<\/h2>\n<p>L&#8217;huile de foie de morue de\u200b l&#8217;Arctique est une source naturelle d&#8217;acides gras om\u00e9ga-3\u2063 essentiels, qui sont importants\u200b pour la \u2064sant\u00e9 cardiovasculaire, le cerveau et la fonction immunitaire. Elle contient \u00e9galement \u2063des vitamines \u2063A et D, qui soutiennent la \u200dsant\u00e9 des os, des yeux et\u2063 de \u2063la peau. Les antioxydants naturels pr\u00e9sents \u2062dans cette formule aident \u00e0 prot\u00e9ger les acides\u2063 gras om\u00e9ga-3 de l&#8217;oxydation, garantissant ainsi une huile de foie de morue de l&#8217;Arctique fra\u00eeche et pure.<\/p>\n<h2>Principales caract\u00e9ristiques<\/h2>\n<ul>\n<li>Haute concentration\u200d d&#8217;huile\u200c de foie de \u2062morue de \u2063l&#8217;Arctique<\/li>\n<li>Contient \u2062des acides gras om\u00e9ga-3, des vitamines A et D et des antioxydants naturels<\/li>\n<li>Saveur d&#8217;orange \u2062agr\u00e9able et rafra\u00eechissante<\/li>\n<li>Test\u00e9\u2062 par des tiers pour garantir la puret\u00e9\u2062 et la fra\u00eecheur<\/li>\n<li>Facile \u00e0 prendre avec \u200cune cuill\u00e8re\u200d \u00e0 soupe par jour<\/li>\n<\/ul>\n<p>Prenez soin de votre sant\u00e9 avec l&#8217;huile de foie de morue\u2064 de l&#8217;Arctique de \u200cNordic Naturals. Commandez d\u00e8s maintenant et profitez\u200b des bienfaits de \u2064cette formule\u2064 hautement concentr\u00e9e pour votre bien-\u00eatre g\u00e9n\u00e9ral.<\/p>\n","protected":false},"excerpt":{"rendered":"<p>Arctic Cod Liver Oil, 1060mg Orange -\u200b 473 ml D\u00e9couvrez les bienfaits de l&#8217;huile de foie\u200b de morue de\u2063 l&#8217;Arctique avec \u2063cette formule \u2064hautement concentr\u00e9e de Nordic Naturals. Chaque cuill\u00e8re \u00e0 soupe de 1060mg d&#8217;huile de foie de morue de l&#8217;Arctique contient \u2062des acides gras om\u00e9ga-3\u2062 essentiels, \u2063des vitamines A et D\u200b ainsi que des [&#8230;]\n","protected":false},"featured_media":264230,"comment_status":"open","ping_status":"open","template":"","meta":[],"product_brand":[4860],"product_cat":[5053],"product_tag":[],"class_list":{"0":"post-288262","1":"product","2":"type-product","3":"status-publish","4":"has-post-thumbnail","6":"product_brand-nordic-naturals-2","7":"product_cat-vitamines-et-mineraux","9":"first","10":"instock","11":"taxable","12":"shipping-taxable","13":"purchasable","14":"product-type-simple"},"yoast_head":"<!-- This site is optimized with the Yoast SEO Premium plugin v27.5 (Yoast SEO v27.5) - https:\/\/yoast.com\/product\/yoast-seo-premium-wordpress\/ -->\n<title>Huile de foie de morue arctique, 1060mg Orange - 473 ml - ECO Supplements<\/title>\n<meta name=\"description\" content=\"Wij hebben een ruime keuze aan producten van Huile de foie de morue arctique, 1060mg Orange - 473 ml . Winkel bij Eco Supplements altijd gratis verzending boven 100\u20ac\" \/>\n<meta name=\"robots\" content=\"index, follow, max-snippet:-1, max-image-preview:large, max-video-preview:-1\" \/>\n<link rel=\"canonical\" href=\"https:\/\/ecosupplements.be\/fr\/produit\/huile-de-foie-de-morue-arctique-1060mg-orange-473-ml\/\" \/>\n<meta property=\"og:locale\" content=\"fr_FR\" \/>\n<meta property=\"og:type\" content=\"article\" \/>\n<meta property=\"og:title\" content=\"Huile de foie de morue arctique, 1060mg Orange - 473 ml\" \/>\n<meta property=\"og:description\" content=\"Wij hebben een ruime keuze aan producten van Huile de foie de morue arctique, 1060mg Orange - 473 ml . Winkel bij Eco Supplements altijd gratis verzending boven 100\u20ac\" \/>\n<meta property=\"og:url\" content=\"https:\/\/ecosupplements.be\/fr\/produit\/huile-de-foie-de-morue-arctique-1060mg-orange-473-ml\/\" \/>\n<meta property=\"og:site_name\" content=\"ECO Supplements\" \/>\n<meta property=\"article:modified_time\" content=\"2025-08-27T13:37:39+00:00\" \/>\n<meta property=\"og:image\" content=\"https:\/\/ecosupplements.be\/wp-content\/uploads\/2025\/08\/Arctic-Cod-Liver-Oil-1060mg-Orange-473-ml-1.jpg\" \/>\n\t<meta property=\"og:image:width\" content=\"349\" \/>\n\t<meta property=\"og:image:height\" content=\"800\" \/>\n\t<meta property=\"og:image:type\" content=\"image\/jpeg\" \/>\n<meta name=\"twitter:card\" content=\"summary_large_image\" \/>\n<meta name=\"twitter:label1\" content=\"Prix\" \/>\n\t<meta name=\"twitter:data1\" content=\"62.41&nbsp;&euro;\" \/>\n\t<meta name=\"twitter:label2\" content=\"Disponibilit\u00e9\" \/>\n\t<meta name=\"twitter:data2\" content=\"En stock\" \/>\n<script type=\"application\/ld+json\" class=\"yoast-schema-graph\">{\"@context\":\"https:\\\/\\\/schema.org\",\"@graph\":[{\"@type\":[\"WebPage\",\"ItemPage\"],\"@id\":\"https:\\\/\\\/ecosupplements.be\\\/fr\\\/produit\\\/huile-de-foie-de-morue-arctique-1060mg-orange-473-ml\\\/\",\"url\":\"https:\\\/\\\/ecosupplements.be\\\/fr\\\/produit\\\/huile-de-foie-de-morue-arctique-1060mg-orange-473-ml\\\/\",\"name\":\"Huile de foie de morue arctique, 1060mg Orange - 473 ml - ECO Supplements\",\"isPartOf\":{\"@id\":\"https:\\\/\\\/ecosupplements.be\\\/fr\\\/#website\"},\"primaryImageOfPage\":{\"@id\":\"https:\\\/\\\/ecosupplements.be\\\/fr\\\/produit\\\/huile-de-foie-de-morue-arctique-1060mg-orange-473-ml\\\/#primaryimage\"},\"image\":{\"@id\":\"https:\\\/\\\/ecosupplements.be\\\/fr\\\/produit\\\/huile-de-foie-de-morue-arctique-1060mg-orange-473-ml\\\/#primaryimage\"},\"thumbnailUrl\":\"https:\\\/\\\/ecosupplements.be\\\/wp-content\\\/uploads\\\/2025\\\/08\\\/Arctic-Cod-Liver-Oil-1060mg-Orange-473-ml.jpg\",\"datePublished\":\"2024-03-08T05:30:35+00:00\",\"dateModified\":\"2025-08-27T13:37:39+00:00\",\"description\":\"Wij hebben een ruime keuze aan producten van Huile de foie de morue arctique, 1060mg Orange - 473 ml . Winkel bij Eco Supplements altijd gratis verzending boven 100\u20ac\",\"breadcrumb\":{\"@id\":\"https:\\\/\\\/ecosupplements.be\\\/fr\\\/produit\\\/huile-de-foie-de-morue-arctique-1060mg-orange-473-ml\\\/#breadcrumb\"},\"inLanguage\":\"fr-FR\",\"potentialAction\":[{\"@type\":\"ReadAction\",\"target\":[\"https:\\\/\\\/ecosupplements.be\\\/fr\\\/produit\\\/huile-de-foie-de-morue-arctique-1060mg-orange-473-ml\\\/\"]}]},{\"@type\":\"ImageObject\",\"inLanguage\":\"fr-FR\",\"@id\":\"https:\\\/\\\/ecosupplements.be\\\/fr\\\/produit\\\/huile-de-foie-de-morue-arctique-1060mg-orange-473-ml\\\/#primaryimage\",\"url\":\"https:\\\/\\\/ecosupplements.be\\\/wp-content\\\/uploads\\\/2025\\\/08\\\/Arctic-Cod-Liver-Oil-1060mg-Orange-473-ml.jpg\",\"contentUrl\":\"https:\\\/\\\/ecosupplements.be\\\/wp-content\\\/uploads\\\/2025\\\/08\\\/Arctic-Cod-Liver-Oil-1060mg-Orange-473-ml.jpg\",\"width\":349,\"height\":800},{\"@type\":\"BreadcrumbList\",\"@id\":\"https:\\\/\\\/ecosupplements.be\\\/fr\\\/produit\\\/huile-de-foie-de-morue-arctique-1060mg-orange-473-ml\\\/#breadcrumb\",\"itemListElement\":[{\"@type\":\"ListItem\",\"position\":1,\"name\":\"Home\",\"item\":\"https:\\\/\\\/ecosupplements.be\\\/fr\\\/\"},{\"@type\":\"ListItem\",\"position\":2,\"name\":\"Boutique\",\"item\":\"https:\\\/\\\/ecosupplements.be\\\/fr\\\/boutique\\\/\"},{\"@type\":\"ListItem\",\"position\":3,\"name\":\"Huile de foie de morue arctique, 1060mg Orange &#8211; 473 ml\"}]},{\"@type\":\"WebSite\",\"@id\":\"https:\\\/\\\/ecosupplements.be\\\/fr\\\/#website\",\"url\":\"https:\\\/\\\/ecosupplements.be\\\/fr\\\/\",\"name\":\"ECO Supplements\",\"description\":\"Eco Supplements - Gezonde supplementen\",\"publisher\":{\"@id\":\"https:\\\/\\\/ecosupplements.be\\\/fr\\\/#organization\"},\"potentialAction\":[{\"@type\":\"SearchAction\",\"target\":{\"@type\":\"EntryPoint\",\"urlTemplate\":\"https:\\\/\\\/ecosupplements.be\\\/fr\\\/?s={search_term_string}\"},\"query-input\":{\"@type\":\"PropertyValueSpecification\",\"valueRequired\":true,\"valueName\":\"search_term_string\"}}],\"inLanguage\":\"fr-FR\"},{\"@type\":\"Organization\",\"@id\":\"https:\\\/\\\/ecosupplements.be\\\/fr\\\/#organization\",\"name\":\"Eco Supplements\",\"url\":\"https:\\\/\\\/ecosupplements.be\\\/fr\\\/\",\"logo\":{\"@type\":\"ImageObject\",\"inLanguage\":\"fr-FR\",\"@id\":\"https:\\\/\\\/ecosupplements.be\\\/fr\\\/#\\\/schema\\\/logo\\\/image\\\/\",\"url\":\"https:\\\/\\\/ecosupplements.be\\\/wp-content\\\/uploads\\\/2022\\\/06\\\/ecosupplement-family.png\",\"contentUrl\":\"https:\\\/\\\/ecosupplements.be\\\/wp-content\\\/uploads\\\/2022\\\/06\\\/ecosupplement-family.png\",\"width\":593,\"height\":374,\"caption\":\"Eco Supplements\"},\"image\":{\"@id\":\"https:\\\/\\\/ecosupplements.be\\\/fr\\\/#\\\/schema\\\/logo\\\/image\\\/\"}}]}<\/script>\n<meta property=\"product:brand\" content=\"Nordic Naturals\" \/>\n<meta property=\"product:price:amount\" content=\"62.41\" \/>\n<meta property=\"product:price:currency\" content=\"EUR\" \/>\n<meta property=\"og:availability\" content=\"instock\" \/>\n<meta property=\"product:availability\" content=\"instock\" \/>\n<meta property=\"product:retailer_item_id\" content=\"768990547874\" \/>\n<meta property=\"product:condition\" content=\"new\" \/>\n<!-- \/ Yoast SEO Premium plugin. -->","yoast_head_json":{"title":"Huile de foie de morue arctique, 1060mg Orange - 473 ml - ECO Supplements","description":"Wij hebben een ruime keuze aan producten van Huile de foie de morue arctique, 1060mg Orange - 473 ml . Winkel bij Eco Supplements altijd gratis verzending boven 100\u20ac","robots":{"index":"index","follow":"follow","max-snippet":"max-snippet:-1","max-image-preview":"max-image-preview:large","max-video-preview":"max-video-preview:-1"},"canonical":"https:\/\/ecosupplements.be\/fr\/produit\/huile-de-foie-de-morue-arctique-1060mg-orange-473-ml\/","og_locale":"fr_FR","og_type":"article","og_title":"Huile de foie de morue arctique, 1060mg Orange - 473 ml","og_description":"Wij hebben een ruime keuze aan producten van Huile de foie de morue arctique, 1060mg Orange - 473 ml . Winkel bij Eco Supplements altijd gratis verzending boven 100\u20ac","og_url":"https:\/\/ecosupplements.be\/fr\/produit\/huile-de-foie-de-morue-arctique-1060mg-orange-473-ml\/","og_site_name":"ECO Supplements","article_modified_time":"2025-08-27T13:37:39+00:00","og_image":[{"width":349,"height":800,"url":"https:\/\/ecosupplements.be\/wp-content\/uploads\/2025\/08\/Arctic-Cod-Liver-Oil-1060mg-Orange-473-ml-1.jpg","type":"image\/jpeg"}],"twitter_card":"summary_large_image","twitter_misc":{"Prix":"62.41&nbsp;&euro;","Disponibilit\u00e9":"En stock"},"schema":{"@context":"https:\/\/schema.org","@graph":[{"@type":["WebPage","ItemPage"],"@id":"https:\/\/ecosupplements.be\/fr\/produit\/huile-de-foie-de-morue-arctique-1060mg-orange-473-ml\/","url":"https:\/\/ecosupplements.be\/fr\/produit\/huile-de-foie-de-morue-arctique-1060mg-orange-473-ml\/","name":"Huile de foie de morue arctique, 1060mg Orange - 473 ml - ECO Supplements","isPartOf":{"@id":"https:\/\/ecosupplements.be\/fr\/#website"},"primaryImageOfPage":{"@id":"https:\/\/ecosupplements.be\/fr\/produit\/huile-de-foie-de-morue-arctique-1060mg-orange-473-ml\/#primaryimage"},"image":{"@id":"https:\/\/ecosupplements.be\/fr\/produit\/huile-de-foie-de-morue-arctique-1060mg-orange-473-ml\/#primaryimage"},"thumbnailUrl":"https:\/\/ecosupplements.be\/wp-content\/uploads\/2025\/08\/Arctic-Cod-Liver-Oil-1060mg-Orange-473-ml.jpg","datePublished":"2024-03-08T05:30:35+00:00","dateModified":"2025-08-27T13:37:39+00:00","description":"Wij hebben een ruime keuze aan producten van Huile de foie de morue arctique, 1060mg Orange - 473 ml . Winkel bij Eco Supplements altijd gratis verzending boven 100\u20ac","breadcrumb":{"@id":"https:\/\/ecosupplements.be\/fr\/produit\/huile-de-foie-de-morue-arctique-1060mg-orange-473-ml\/#breadcrumb"},"inLanguage":"fr-FR","potentialAction":[{"@type":"ReadAction","target":["https:\/\/ecosupplements.be\/fr\/produit\/huile-de-foie-de-morue-arctique-1060mg-orange-473-ml\/"]}]},{"@type":"ImageObject","inLanguage":"fr-FR","@id":"https:\/\/ecosupplements.be\/fr\/produit\/huile-de-foie-de-morue-arctique-1060mg-orange-473-ml\/#primaryimage","url":"https:\/\/ecosupplements.be\/wp-content\/uploads\/2025\/08\/Arctic-Cod-Liver-Oil-1060mg-Orange-473-ml.jpg","contentUrl":"https:\/\/ecosupplements.be\/wp-content\/uploads\/2025\/08\/Arctic-Cod-Liver-Oil-1060mg-Orange-473-ml.jpg","width":349,"height":800},{"@type":"BreadcrumbList","@id":"https:\/\/ecosupplements.be\/fr\/produit\/huile-de-foie-de-morue-arctique-1060mg-orange-473-ml\/#breadcrumb","itemListElement":[{"@type":"ListItem","position":1,"name":"Home","item":"https:\/\/ecosupplements.be\/fr\/"},{"@type":"ListItem","position":2,"name":"Boutique","item":"https:\/\/ecosupplements.be\/fr\/boutique\/"},{"@type":"ListItem","position":3,"name":"Huile de foie de morue arctique, 1060mg Orange &#8211; 473 ml"}]},{"@type":"WebSite","@id":"https:\/\/ecosupplements.be\/fr\/#website","url":"https:\/\/ecosupplements.be\/fr\/","name":"ECO Supplements","description":"Eco Supplements - Gezonde supplementen","publisher":{"@id":"https:\/\/ecosupplements.be\/fr\/#organization"},"potentialAction":[{"@type":"SearchAction","target":{"@type":"EntryPoint","urlTemplate":"https:\/\/ecosupplements.be\/fr\/?s={search_term_string}"},"query-input":{"@type":"PropertyValueSpecification","valueRequired":true,"valueName":"search_term_string"}}],"inLanguage":"fr-FR"},{"@type":"Organization","@id":"https:\/\/ecosupplements.be\/fr\/#organization","name":"Eco Supplements","url":"https:\/\/ecosupplements.be\/fr\/","logo":{"@type":"ImageObject","inLanguage":"fr-FR","@id":"https:\/\/ecosupplements.be\/fr\/#\/schema\/logo\/image\/","url":"https:\/\/ecosupplements.be\/wp-content\/uploads\/2022\/06\/ecosupplement-family.png","contentUrl":"https:\/\/ecosupplements.be\/wp-content\/uploads\/2022\/06\/ecosupplement-family.png","width":593,"height":374,"caption":"Eco Supplements"},"image":{"@id":"https:\/\/ecosupplements.be\/fr\/#\/schema\/logo\/image\/"}}]},"product_brand":"Nordic Naturals","product_price_amount":"62.41","product_price_currency":"EUR","og_availability":"instock","product_availability":"instock","product_retailer_item_id":"768990547874","product_condition":"new"},"_links":{"self":[{"href":"https:\/\/ecosupplements.be\/fr\/wp-json\/wp\/v2\/product\/288262","targetHints":{"allow":["GET"]}}],"collection":[{"href":"https:\/\/ecosupplements.be\/fr\/wp-json\/wp\/v2\/product"}],"about":[{"href":"https:\/\/ecosupplements.be\/fr\/wp-json\/wp\/v2\/types\/product"}],"replies":[{"embeddable":true,"href":"https:\/\/ecosupplements.be\/fr\/wp-json\/wp\/v2\/comments?post=288262"}],"wp:featuredmedia":[{"embeddable":true,"href":"https:\/\/ecosupplements.be\/fr\/wp-json\/wp\/v2\/media\/264230"}],"wp:attachment":[{"href":"https:\/\/ecosupplements.be\/fr\/wp-json\/wp\/v2\/media?parent=288262"}],"wp:term":[{"taxonomy":"product_brand","embeddable":true,"href":"https:\/\/ecosupplements.be\/fr\/wp-json\/wp\/v2\/product_brand?post=288262"},{"taxonomy":"product_cat","embeddable":true,"href":"https:\/\/ecosupplements.be\/fr\/wp-json\/wp\/v2\/product_cat?post=288262"},{"taxonomy":"product_tag","embeddable":true,"href":"https:\/\/ecosupplements.be\/fr\/wp-json\/wp\/v2\/product_tag?post=288262"}],"curies":[{"name":"wp","href":"https:\/\/api.w.org\/{rel}","templated":true}]}}