{"id":288286,"date":"2024-03-08T07:11:11","date_gmt":"2024-03-08T06:11:11","guid":{"rendered":"https:\/\/ecosupplements.be\/product\/vitamine-d3-pour-bebe-400-ui-225-ml\/"},"modified":"2025-08-27T14:38:03","modified_gmt":"2025-08-27T13:38:03","slug":"vitamine-d3-pour-bebe-400-ui-225-ml","status":"publish","type":"product","link":"https:\/\/ecosupplements.be\/fr\/produit\/vitamine-d3-pour-bebe-400-ui-225-ml\/","title":{"rendered":"Vitamine D3 pour b\u00e9b\u00e9, 400 UI &#8211; 22,5 ml"},"content":{"rendered":"<h1>Baby&#8217;s Vitamin D3, 400 IU &#8211; 22.5 ml<\/h1>\n<p>Offrez \u00e0 votre b\u00e9b\u00e9 une dose de vitamine D3 essentielle pour sa croissance \u200det son d\u00e9veloppement avec le Baby&#8217;s Vitamin D3\u200c de Nordic Naturals.\u2063 Cette \u200bformule \u200csp\u00e9cialement con\u00e7ue pour les b\u00e9b\u00e9s contient 400 IU de vitamine D3 par\u2063 dose, pour \u200dr\u00e9pondre aux besoins nutritionnels de votre\u200b enfant en \u200bpleine croissance.<\/p>\n<h2>Caract\u00e9ristiques \u2063sp\u00e9ciales :<\/h2>\n<ul>\n<li>Formule sp\u00e9cialement\u200d con\u00e7ue pour les\u200c b\u00e9b\u00e9s<\/li>\n<li>Contient 400 IU de vitamine D3 par dose<\/li>\n<li>Facile \u00e0 administrer gr\u00e2ce \u2063\u00e0 son compte-gouttes<\/li>\n<li>Sans \u2064ar\u00f4mes artificiels, colorants ou conservateurs<\/li>\n<li>Test\u00e9 par des tiers pour\u200d garantir la\u2062 puret\u00e9 et \u200bla \u2064qualit\u00e9<\/li>\n<\/ul>\n<h2>Ingr\u00e9dients\u2064 :<\/h2>\n<p>Chaque dose de 0,5 ml contient 400 IU de vitamine D3 (chol\u00e9calcif\u00e9rol) et de l&#8217;huile \u2062de triglyc\u00e9rides \u00e0 cha\u00eene moyenne (MCT) provenant de l&#8217;huile de noix de \u2063coco. Ce produit est \u2063sans gluten, sans produits laitiers\u200c et \u200csans OGM.<\/p>\n<h2>Avantages uniques \u200d:<\/h2>\n<p>La vitamine D3 est\u200c essentielle pour la croissance et le d\u00e9veloppement\u200b des b\u00e9b\u00e9s. Elle aide \u00e0 \u200drenforcer les os et les dents, \u00e0 soutenir le syst\u00e8me immunitaire et \u00e0 favoriser \u2062une \u2064croissance saine. Le Baby&#8217;s Vitamin D3 de\u2064 Nordic \u2063Naturals est sp\u00e9cialement formul\u00e9 pour \u2064r\u00e9pondre aux besoins nutritionnels des b\u00e9b\u00e9s et est facile \u00e0 administrer gr\u00e2ce \u00e0 son compte-gouttes pratique.<\/p>\n<h2>Principales caract\u00e9ristiques :<\/h2>\n<ul>\n<li>Formule sp\u00e9cialement con\u00e7ue pour les b\u00e9b\u00e9s<\/li>\n<li>400 \u200dIU de vitamine D3\u200d par dose<\/li>\n<li>Facile \u00e0 administrer avec\u2064 un \u2063compte-gouttes<\/li>\n<li>Sans ar\u00f4mes artificiels, colorants ou conservateurs<\/li>\n<li>Test\u00e9 par des\u2062 tiers pour garantir la puret\u00e9 \u2062et la qualit\u00e9<\/li>\n<li>Sans gluten,\u2063 produits laitiers et\u200c OGM<\/li>\n<\/ul>\n<p>Offrez \u00e0 votre b\u00e9b\u00e9 une dose de vitamine D3 de\u2062 qualit\u00e9 sup\u00e9rieure avec le Baby&#8217;s Vitamin D3 de Nordic Naturals. Avec sa formule sp\u00e9cialement con\u00e7ue pour les b\u00e9b\u00e9s et ses \u200dingr\u00e9dients de haute qualit\u00e9, vous pouvez \u00eatre s\u00fbr de donner \u2063\u00e0 votre enfant\u2062 le meilleur\u2064 pour sa sant\u00e9 et son bien-\u00eatre.<\/p>\n","protected":false},"excerpt":{"rendered":"<p>Baby&#8217;s Vitamin D3, 400 IU &#8211; 22.5 ml Offrez \u00e0 votre b\u00e9b\u00e9 une dose de vitamine D3 essentielle pour sa croissance \u200det son d\u00e9veloppement avec le Baby&#8217;s Vitamin D3\u200c de Nordic Naturals.\u2063 Cette \u200bformule \u200csp\u00e9cialement con\u00e7ue pour les b\u00e9b\u00e9s contient 400 IU de vitamine D3 par\u2063 dose, pour \u200dr\u00e9pondre aux besoins nutritionnels de votre\u200b enfant [&#8230;]\n","protected":false},"featured_media":264257,"comment_status":"open","ping_status":"open","template":"","meta":[],"product_brand":[4860],"product_cat":[5053,5059],"product_tag":[],"class_list":{"0":"post-288286","1":"product","2":"type-product","3":"status-publish","4":"has-post-thumbnail","6":"product_brand-nordic-naturals-2","7":"product_cat-vitamines-et-mineraux","8":"product_cat-vitamines-simples","10":"first","11":"instock","12":"taxable","13":"shipping-taxable","14":"purchasable","15":"product-type-simple"},"yoast_head":"<!-- This site is optimized with the Yoast SEO Premium plugin v27.5 (Yoast SEO v27.5) - https:\/\/yoast.com\/product\/yoast-seo-premium-wordpress\/ -->\n<title>Vitamine D3 pour b\u00e9b\u00e9, 400 UI - 22,5 ml - ECO Supplements<\/title>\n<meta name=\"description\" content=\"Wij hebben een ruime keuze aan producten van Vitamine D3 pour b\u00e9b\u00e9, 400 UI - 22,5 ml . Winkel bij Eco Supplements altijd gratis verzending boven 100\u20ac\" \/>\n<meta name=\"robots\" content=\"index, follow, max-snippet:-1, max-image-preview:large, max-video-preview:-1\" \/>\n<link rel=\"canonical\" href=\"https:\/\/ecosupplements.be\/fr\/produit\/vitamine-d3-pour-bebe-400-ui-225-ml\/\" \/>\n<meta property=\"og:locale\" content=\"fr_FR\" \/>\n<meta property=\"og:type\" content=\"article\" \/>\n<meta property=\"og:title\" content=\"Vitamine D3 pour b\u00e9b\u00e9, 400 UI - 22,5 ml\" \/>\n<meta property=\"og:description\" content=\"Wij hebben een ruime keuze aan producten van Vitamine D3 pour b\u00e9b\u00e9, 400 UI - 22,5 ml . Winkel bij Eco Supplements altijd gratis verzending boven 100\u20ac\" \/>\n<meta property=\"og:url\" content=\"https:\/\/ecosupplements.be\/fr\/produit\/vitamine-d3-pour-bebe-400-ui-225-ml\/\" \/>\n<meta property=\"og:site_name\" content=\"ECO Supplements\" \/>\n<meta property=\"article:modified_time\" content=\"2025-08-27T13:38:03+00:00\" \/>\n<meta property=\"og:image\" content=\"https:\/\/ecosupplements.be\/wp-content\/uploads\/2025\/08\/Babys-Vitamin-D3-400-IU-22.5-ml-1.jpg\" \/>\n\t<meta property=\"og:image:width\" content=\"696\" \/>\n\t<meta property=\"og:image:height\" content=\"898\" \/>\n\t<meta property=\"og:image:type\" content=\"image\/jpeg\" \/>\n<meta name=\"twitter:card\" content=\"summary_large_image\" \/>\n<meta name=\"twitter:label1\" content=\"Prix\" \/>\n\t<meta name=\"twitter:data1\" content=\"13.45&nbsp;&euro;\" \/>\n\t<meta name=\"twitter:label2\" content=\"Disponibilit\u00e9\" \/>\n\t<meta name=\"twitter:data2\" content=\"En stock\" \/>\n<script type=\"application\/ld+json\" class=\"yoast-schema-graph\">{\"@context\":\"https:\\\/\\\/schema.org\",\"@graph\":[{\"@type\":[\"WebPage\",\"ItemPage\"],\"@id\":\"https:\\\/\\\/ecosupplements.be\\\/fr\\\/produit\\\/vitamine-d3-pour-bebe-400-ui-225-ml\\\/\",\"url\":\"https:\\\/\\\/ecosupplements.be\\\/fr\\\/produit\\\/vitamine-d3-pour-bebe-400-ui-225-ml\\\/\",\"name\":\"Vitamine D3 pour b\u00e9b\u00e9, 400 UI - 22,5 ml - ECO Supplements\",\"isPartOf\":{\"@id\":\"https:\\\/\\\/ecosupplements.be\\\/fr\\\/#website\"},\"primaryImageOfPage\":{\"@id\":\"https:\\\/\\\/ecosupplements.be\\\/fr\\\/produit\\\/vitamine-d3-pour-bebe-400-ui-225-ml\\\/#primaryimage\"},\"image\":{\"@id\":\"https:\\\/\\\/ecosupplements.be\\\/fr\\\/produit\\\/vitamine-d3-pour-bebe-400-ui-225-ml\\\/#primaryimage\"},\"thumbnailUrl\":\"https:\\\/\\\/ecosupplements.be\\\/wp-content\\\/uploads\\\/2025\\\/08\\\/Babys-Vitamin-D3-400-IU-22.5-ml.jpg\",\"datePublished\":\"2024-03-08T06:11:11+00:00\",\"dateModified\":\"2025-08-27T13:38:03+00:00\",\"description\":\"Wij hebben een ruime keuze aan producten van Vitamine D3 pour b\u00e9b\u00e9, 400 UI - 22,5 ml . Winkel bij Eco Supplements altijd gratis verzending boven 100\u20ac\",\"breadcrumb\":{\"@id\":\"https:\\\/\\\/ecosupplements.be\\\/fr\\\/produit\\\/vitamine-d3-pour-bebe-400-ui-225-ml\\\/#breadcrumb\"},\"inLanguage\":\"fr-FR\",\"potentialAction\":[{\"@type\":\"ReadAction\",\"target\":[\"https:\\\/\\\/ecosupplements.be\\\/fr\\\/produit\\\/vitamine-d3-pour-bebe-400-ui-225-ml\\\/\"]}]},{\"@type\":\"ImageObject\",\"inLanguage\":\"fr-FR\",\"@id\":\"https:\\\/\\\/ecosupplements.be\\\/fr\\\/produit\\\/vitamine-d3-pour-bebe-400-ui-225-ml\\\/#primaryimage\",\"url\":\"https:\\\/\\\/ecosupplements.be\\\/wp-content\\\/uploads\\\/2025\\\/08\\\/Babys-Vitamin-D3-400-IU-22.5-ml.jpg\",\"contentUrl\":\"https:\\\/\\\/ecosupplements.be\\\/wp-content\\\/uploads\\\/2025\\\/08\\\/Babys-Vitamin-D3-400-IU-22.5-ml.jpg\",\"width\":696,\"height\":898},{\"@type\":\"BreadcrumbList\",\"@id\":\"https:\\\/\\\/ecosupplements.be\\\/fr\\\/produit\\\/vitamine-d3-pour-bebe-400-ui-225-ml\\\/#breadcrumb\",\"itemListElement\":[{\"@type\":\"ListItem\",\"position\":1,\"name\":\"Home\",\"item\":\"https:\\\/\\\/ecosupplements.be\\\/fr\\\/\"},{\"@type\":\"ListItem\",\"position\":2,\"name\":\"Boutique\",\"item\":\"https:\\\/\\\/ecosupplements.be\\\/fr\\\/boutique\\\/\"},{\"@type\":\"ListItem\",\"position\":3,\"name\":\"Vitamine D3 pour b\u00e9b\u00e9, 400 UI &#8211; 22,5 ml\"}]},{\"@type\":\"WebSite\",\"@id\":\"https:\\\/\\\/ecosupplements.be\\\/fr\\\/#website\",\"url\":\"https:\\\/\\\/ecosupplements.be\\\/fr\\\/\",\"name\":\"ECO Supplements\",\"description\":\"Eco Supplements - Gezonde supplementen\",\"publisher\":{\"@id\":\"https:\\\/\\\/ecosupplements.be\\\/fr\\\/#organization\"},\"potentialAction\":[{\"@type\":\"SearchAction\",\"target\":{\"@type\":\"EntryPoint\",\"urlTemplate\":\"https:\\\/\\\/ecosupplements.be\\\/fr\\\/?s={search_term_string}\"},\"query-input\":{\"@type\":\"PropertyValueSpecification\",\"valueRequired\":true,\"valueName\":\"search_term_string\"}}],\"inLanguage\":\"fr-FR\"},{\"@type\":\"Organization\",\"@id\":\"https:\\\/\\\/ecosupplements.be\\\/fr\\\/#organization\",\"name\":\"Eco Supplements\",\"url\":\"https:\\\/\\\/ecosupplements.be\\\/fr\\\/\",\"logo\":{\"@type\":\"ImageObject\",\"inLanguage\":\"fr-FR\",\"@id\":\"https:\\\/\\\/ecosupplements.be\\\/fr\\\/#\\\/schema\\\/logo\\\/image\\\/\",\"url\":\"https:\\\/\\\/ecosupplements.be\\\/wp-content\\\/uploads\\\/2022\\\/06\\\/ecosupplement-family.png\",\"contentUrl\":\"https:\\\/\\\/ecosupplements.be\\\/wp-content\\\/uploads\\\/2022\\\/06\\\/ecosupplement-family.png\",\"width\":593,\"height\":374,\"caption\":\"Eco Supplements\"},\"image\":{\"@id\":\"https:\\\/\\\/ecosupplements.be\\\/fr\\\/#\\\/schema\\\/logo\\\/image\\\/\"}}]}<\/script>\n<meta property=\"product:brand\" content=\"Nordic Naturals\" \/>\n<meta property=\"product:price:amount\" content=\"13.45\" \/>\n<meta property=\"product:price:currency\" content=\"EUR\" \/>\n<meta property=\"og:availability\" content=\"instock\" \/>\n<meta property=\"product:availability\" content=\"instock\" \/>\n<meta property=\"product:retailer_item_id\" content=\"768990027338\" \/>\n<meta property=\"product:condition\" content=\"new\" \/>\n<!-- \/ Yoast SEO Premium plugin. -->","yoast_head_json":{"title":"Vitamine D3 pour b\u00e9b\u00e9, 400 UI - 22,5 ml - ECO Supplements","description":"Wij hebben een ruime keuze aan producten van Vitamine D3 pour b\u00e9b\u00e9, 400 UI - 22,5 ml . Winkel bij Eco Supplements altijd gratis verzending boven 100\u20ac","robots":{"index":"index","follow":"follow","max-snippet":"max-snippet:-1","max-image-preview":"max-image-preview:large","max-video-preview":"max-video-preview:-1"},"canonical":"https:\/\/ecosupplements.be\/fr\/produit\/vitamine-d3-pour-bebe-400-ui-225-ml\/","og_locale":"fr_FR","og_type":"article","og_title":"Vitamine D3 pour b\u00e9b\u00e9, 400 UI - 22,5 ml","og_description":"Wij hebben een ruime keuze aan producten van Vitamine D3 pour b\u00e9b\u00e9, 400 UI - 22,5 ml . Winkel bij Eco Supplements altijd gratis verzending boven 100\u20ac","og_url":"https:\/\/ecosupplements.be\/fr\/produit\/vitamine-d3-pour-bebe-400-ui-225-ml\/","og_site_name":"ECO Supplements","article_modified_time":"2025-08-27T13:38:03+00:00","og_image":[{"width":696,"height":898,"url":"https:\/\/ecosupplements.be\/wp-content\/uploads\/2025\/08\/Babys-Vitamin-D3-400-IU-22.5-ml-1.jpg","type":"image\/jpeg"}],"twitter_card":"summary_large_image","twitter_misc":{"Prix":"13.45&nbsp;&euro;","Disponibilit\u00e9":"En stock"},"schema":{"@context":"https:\/\/schema.org","@graph":[{"@type":["WebPage","ItemPage"],"@id":"https:\/\/ecosupplements.be\/fr\/produit\/vitamine-d3-pour-bebe-400-ui-225-ml\/","url":"https:\/\/ecosupplements.be\/fr\/produit\/vitamine-d3-pour-bebe-400-ui-225-ml\/","name":"Vitamine D3 pour b\u00e9b\u00e9, 400 UI - 22,5 ml - ECO Supplements","isPartOf":{"@id":"https:\/\/ecosupplements.be\/fr\/#website"},"primaryImageOfPage":{"@id":"https:\/\/ecosupplements.be\/fr\/produit\/vitamine-d3-pour-bebe-400-ui-225-ml\/#primaryimage"},"image":{"@id":"https:\/\/ecosupplements.be\/fr\/produit\/vitamine-d3-pour-bebe-400-ui-225-ml\/#primaryimage"},"thumbnailUrl":"https:\/\/ecosupplements.be\/wp-content\/uploads\/2025\/08\/Babys-Vitamin-D3-400-IU-22.5-ml.jpg","datePublished":"2024-03-08T06:11:11+00:00","dateModified":"2025-08-27T13:38:03+00:00","description":"Wij hebben een ruime keuze aan producten van Vitamine D3 pour b\u00e9b\u00e9, 400 UI - 22,5 ml . Winkel bij Eco Supplements altijd gratis verzending boven 100\u20ac","breadcrumb":{"@id":"https:\/\/ecosupplements.be\/fr\/produit\/vitamine-d3-pour-bebe-400-ui-225-ml\/#breadcrumb"},"inLanguage":"fr-FR","potentialAction":[{"@type":"ReadAction","target":["https:\/\/ecosupplements.be\/fr\/produit\/vitamine-d3-pour-bebe-400-ui-225-ml\/"]}]},{"@type":"ImageObject","inLanguage":"fr-FR","@id":"https:\/\/ecosupplements.be\/fr\/produit\/vitamine-d3-pour-bebe-400-ui-225-ml\/#primaryimage","url":"https:\/\/ecosupplements.be\/wp-content\/uploads\/2025\/08\/Babys-Vitamin-D3-400-IU-22.5-ml.jpg","contentUrl":"https:\/\/ecosupplements.be\/wp-content\/uploads\/2025\/08\/Babys-Vitamin-D3-400-IU-22.5-ml.jpg","width":696,"height":898},{"@type":"BreadcrumbList","@id":"https:\/\/ecosupplements.be\/fr\/produit\/vitamine-d3-pour-bebe-400-ui-225-ml\/#breadcrumb","itemListElement":[{"@type":"ListItem","position":1,"name":"Home","item":"https:\/\/ecosupplements.be\/fr\/"},{"@type":"ListItem","position":2,"name":"Boutique","item":"https:\/\/ecosupplements.be\/fr\/boutique\/"},{"@type":"ListItem","position":3,"name":"Vitamine D3 pour b\u00e9b\u00e9, 400 UI &#8211; 22,5 ml"}]},{"@type":"WebSite","@id":"https:\/\/ecosupplements.be\/fr\/#website","url":"https:\/\/ecosupplements.be\/fr\/","name":"ECO Supplements","description":"Eco Supplements - Gezonde supplementen","publisher":{"@id":"https:\/\/ecosupplements.be\/fr\/#organization"},"potentialAction":[{"@type":"SearchAction","target":{"@type":"EntryPoint","urlTemplate":"https:\/\/ecosupplements.be\/fr\/?s={search_term_string}"},"query-input":{"@type":"PropertyValueSpecification","valueRequired":true,"valueName":"search_term_string"}}],"inLanguage":"fr-FR"},{"@type":"Organization","@id":"https:\/\/ecosupplements.be\/fr\/#organization","name":"Eco Supplements","url":"https:\/\/ecosupplements.be\/fr\/","logo":{"@type":"ImageObject","inLanguage":"fr-FR","@id":"https:\/\/ecosupplements.be\/fr\/#\/schema\/logo\/image\/","url":"https:\/\/ecosupplements.be\/wp-content\/uploads\/2022\/06\/ecosupplement-family.png","contentUrl":"https:\/\/ecosupplements.be\/wp-content\/uploads\/2022\/06\/ecosupplement-family.png","width":593,"height":374,"caption":"Eco Supplements"},"image":{"@id":"https:\/\/ecosupplements.be\/fr\/#\/schema\/logo\/image\/"}}]},"product_brand":"Nordic Naturals","product_price_amount":"13.45","product_price_currency":"EUR","og_availability":"instock","product_availability":"instock","product_retailer_item_id":"768990027338","product_condition":"new"},"_links":{"self":[{"href":"https:\/\/ecosupplements.be\/fr\/wp-json\/wp\/v2\/product\/288286","targetHints":{"allow":["GET"]}}],"collection":[{"href":"https:\/\/ecosupplements.be\/fr\/wp-json\/wp\/v2\/product"}],"about":[{"href":"https:\/\/ecosupplements.be\/fr\/wp-json\/wp\/v2\/types\/product"}],"replies":[{"embeddable":true,"href":"https:\/\/ecosupplements.be\/fr\/wp-json\/wp\/v2\/comments?post=288286"}],"wp:featuredmedia":[{"embeddable":true,"href":"https:\/\/ecosupplements.be\/fr\/wp-json\/wp\/v2\/media\/264257"}],"wp:attachment":[{"href":"https:\/\/ecosupplements.be\/fr\/wp-json\/wp\/v2\/media?parent=288286"}],"wp:term":[{"taxonomy":"product_brand","embeddable":true,"href":"https:\/\/ecosupplements.be\/fr\/wp-json\/wp\/v2\/product_brand?post=288286"},{"taxonomy":"product_cat","embeddable":true,"href":"https:\/\/ecosupplements.be\/fr\/wp-json\/wp\/v2\/product_cat?post=288286"},{"taxonomy":"product_tag","embeddable":true,"href":"https:\/\/ecosupplements.be\/fr\/wp-json\/wp\/v2\/product_tag?post=288286"}],"curies":[{"name":"wp","href":"https:\/\/api.w.org\/{rel}","templated":true}]}}