{"id":288304,"date":"2024-03-08T08:00:25","date_gmt":"2024-03-08T07:00:25","guid":{"rendered":"https:\/\/ecosupplements.be\/product\/dha-pour-enfants-250mg-domega-3-a-la-fraise-180-mini-gelules-souples\/"},"modified":"2025-08-27T14:38:21","modified_gmt":"2025-08-27T13:38:21","slug":"dha-pour-enfants-250mg-domega-3-a-la-fraise-180-mini-gelules-souples","status":"publish","type":"product","link":"https:\/\/ecosupplements.be\/fr\/produit\/dha-pour-enfants-250mg-domega-3-a-la-fraise-180-mini-gelules-souples\/","title":{"rendered":"DHA pour enfants, 250mg d&#8217;Om\u00e9ga-3 \u00e0 la fraise &#8211; 180 mini g\u00e9lules souples"},"content":{"rendered":"<h1>Children&#8217;s DHA,\u2063 250mg Omega-3 Strawberry &#8211; 180 mini softgels<\/h1>\n<p>Les enfants\u2063 ont besoin\u2064 d&#8217;une alimentation \u00e9quilibr\u00e9e pour\u2063 grandir\u2064 et\u200d se d\u00e9velopper en bonne sant\u00e9. Cependant, il peut \u00eatre difficile de leur faire manger suffisamment de poissons gras, qui sont une source\u200d importante d&#8217;acides gras om\u00e9ga-3 essentiels pour leur croissance et leur d\u00e9veloppement.\u2064 C&#8217;est \u2064pourquoi Nordic Naturals a \u200bcr\u00e9\u00e9 Children&#8217;s DHA, une formule \u2063sp\u00e9cialement con\u00e7ue pour les enfants.<\/p>\n<p>Ces mini \u200bsoftgels sont faciles \u00e0 avaler \u200bet ont un d\u00e9licieux go\u00fbt de fraise, ce qui les rend parfaits \u2063pour \u200bles enfants. Chaque softgel contient \u2064250mg d&#8217;acides gras om\u00e9ga-3, dont 135mg\u2062 d&#8217;EPA (acide eicosapenta\u00e9no\u00efque) et 90mg de DHA \u200d(acide docosahexa\u00e9no\u00efque). Ces acides gras sont essentiels pour le d\u00e9veloppement du cerveau, des yeux et du syst\u00e8me nerveux chez les enfants.<\/p>\n<p>Les ingr\u00e9dients de \u2063Children&#8217;s DHA sont soigneusement\u200c s\u00e9lectionn\u00e9s pour garantir la puret\u00e9 et la qualit\u00e9\u200b du produit. Les huiles de poisson utilis\u00e9es sont issues de petits poissons\u2062 sauvages, tels \u200dque les\u2062 sardines et les anchois, p\u00each\u00e9s de mani\u00e8re durable dans les eaux froides et pures de l&#8217;oc\u00e9an Arctique. \u2063Les softgels \u2064sont \u00e9galement \u200csans gluten, sans produits laitiers et sans colorants \u2064ou ar\u00f4mes artificiels.<\/p>\n<p>En plus de fournir des acides\u2063 gras om\u00e9ga-3 essentiels, Children&#8217;s DHA offre \u00e9galement d&#8217;autres\u2064 avantages pour la sant\u00e9 des enfants. Les acides gras om\u00e9ga-3 peuvent aider \u00e0 soutenir la fonction cognitive, la m\u00e9moire et la \u200cconcentration chez les enfants. Ils peuvent \u00e9galement contribuer \u00e0 maintenir un syst\u00e8me immunitaire sain\u200c et \u00e0 r\u00e9duire l&#8217;inflammation dans le \u2064corps.<\/p>\n<p>Les mini softgels sont faciles \u00e0 prendre et peuvent \u00eatre m\u00e2ch\u00e9s ou aval\u00e9s entiers. Ils sont \u00e9galement adapt\u00e9s aux enfants de\u200d tous \u00e2ges, y compris les \u2064tout-petits. Avec 180 \u200dsoftgels par bouteille, vous avez suffisamment de r\u00e9serve pour un approvisionnement de 3 mois pour un enfant.<\/p>\n<p>Donnez \u00e0 votre enfant le meilleur d\u00e9part possible \u2063dans la vie avec\u2063 Children&#8217;s DHA de Nordic Naturals. Avec sa formule sp\u00e9cialement con\u00e7ue pour les enfants, son go\u00fbt\u2064 d\u00e9licieux et ses bienfaits\u2064 pour la sant\u00e9, c&#8217;est le compl\u00e9ment \u2064parfait pour soutenir\u200d leur croissance et \u200cleur d\u00e9veloppement.<\/p>\n","protected":false},"excerpt":{"rendered":"<p>Children&#8217;s DHA,\u2063 250mg Omega-3 Strawberry &#8211; 180 mini softgels Les enfants\u2063 ont besoin\u2064 d&#8217;une alimentation \u00e9quilibr\u00e9e pour\u2063 grandir\u2064 et\u200d se d\u00e9velopper en bonne sant\u00e9. Cependant, il peut \u00eatre difficile de leur faire manger suffisamment de poissons gras, qui sont une source\u200d importante d&#8217;acides gras om\u00e9ga-3 essentiels pour leur croissance et leur d\u00e9veloppement.\u2064 C&#8217;est \u2064pourquoi Nordic [&#8230;]\n","protected":false},"featured_media":264275,"comment_status":"open","ping_status":"open","template":"","meta":[],"product_brand":[4860],"product_cat":[5082,5053],"product_tag":[],"class_list":{"0":"post-288304","1":"product","2":"type-product","3":"status-publish","4":"has-post-thumbnail","6":"product_brand-nordic-naturals-2","7":"product_cat-omegas-efa-cla-huiles","8":"product_cat-vitamines-et-mineraux","10":"first","11":"instock","12":"taxable","13":"shipping-taxable","14":"purchasable","15":"product-type-simple"},"yoast_head":"<!-- This site is optimized with the Yoast SEO Premium plugin v27.3 (Yoast SEO v27.3) - https:\/\/yoast.com\/product\/yoast-seo-premium-wordpress\/ -->\n<title>DHA pour enfants, 250mg d&#039;Om\u00e9ga-3 \u00e0 la fraise - 180 mini g\u00e9lules souples - ECO Supplements<\/title>\n<meta name=\"description\" content=\"Wij hebben een ruime keuze aan producten van DHA pour enfants, 250mg d&#039;Om\u00e9ga-3 \u00e0 la fraise - 180 mini g\u00e9lules souples . Winkel bij Eco Supplements altijd gratis verzending boven 100\u20ac\" \/>\n<meta name=\"robots\" content=\"index, follow, max-snippet:-1, max-image-preview:large, max-video-preview:-1\" \/>\n<link rel=\"canonical\" href=\"https:\/\/ecosupplements.be\/fr\/produit\/dha-pour-enfants-250mg-domega-3-a-la-fraise-180-mini-gelules-souples\/\" \/>\n<meta property=\"og:locale\" content=\"fr_FR\" \/>\n<meta property=\"og:type\" content=\"article\" \/>\n<meta property=\"og:title\" content=\"DHA pour enfants, 250mg d&#039;Om\u00e9ga-3 \u00e0 la fraise - 180 mini g\u00e9lules souples\" \/>\n<meta property=\"og:description\" content=\"Wij hebben een ruime keuze aan producten van DHA pour enfants, 250mg d&#039;Om\u00e9ga-3 \u00e0 la fraise - 180 mini g\u00e9lules souples . Winkel bij Eco Supplements altijd gratis verzending boven 100\u20ac\" \/>\n<meta property=\"og:url\" content=\"https:\/\/ecosupplements.be\/fr\/produit\/dha-pour-enfants-250mg-domega-3-a-la-fraise-180-mini-gelules-souples\/\" \/>\n<meta property=\"og:site_name\" content=\"ECO Supplements\" \/>\n<meta property=\"article:modified_time\" content=\"2025-08-27T13:38:21+00:00\" \/>\n<meta property=\"og:image\" content=\"https:\/\/ecosupplements.be\/wp-content\/uploads\/2025\/08\/Childrens-DHA-250mg-Omega-3-Strawberry-180-mini-softgels-1.jpg\" \/>\n\t<meta property=\"og:image:width\" content=\"872\" \/>\n\t<meta property=\"og:image:height\" content=\"746\" \/>\n\t<meta property=\"og:image:type\" content=\"image\/jpeg\" \/>\n<meta name=\"twitter:card\" content=\"summary_large_image\" \/>\n<meta name=\"twitter:label1\" content=\"Prix\" \/>\n\t<meta name=\"twitter:data1\" content=\"28.32&nbsp;&euro;\" \/>\n\t<meta name=\"twitter:label2\" content=\"Disponibilit\u00e9\" \/>\n\t<meta name=\"twitter:data2\" content=\"En stock\" \/>\n<script type=\"application\/ld+json\" class=\"yoast-schema-graph\">{\"@context\":\"https:\\\/\\\/schema.org\",\"@graph\":[{\"@type\":[\"WebPage\",\"ItemPage\"],\"@id\":\"https:\\\/\\\/ecosupplements.be\\\/fr\\\/produit\\\/dha-pour-enfants-250mg-domega-3-a-la-fraise-180-mini-gelules-souples\\\/\",\"url\":\"https:\\\/\\\/ecosupplements.be\\\/fr\\\/produit\\\/dha-pour-enfants-250mg-domega-3-a-la-fraise-180-mini-gelules-souples\\\/\",\"name\":\"DHA pour enfants, 250mg d'Om\u00e9ga-3 \u00e0 la fraise - 180 mini g\u00e9lules souples - ECO Supplements\",\"isPartOf\":{\"@id\":\"https:\\\/\\\/ecosupplements.be\\\/fr\\\/#website\"},\"primaryImageOfPage\":{\"@id\":\"https:\\\/\\\/ecosupplements.be\\\/fr\\\/produit\\\/dha-pour-enfants-250mg-domega-3-a-la-fraise-180-mini-gelules-souples\\\/#primaryimage\"},\"image\":{\"@id\":\"https:\\\/\\\/ecosupplements.be\\\/fr\\\/produit\\\/dha-pour-enfants-250mg-domega-3-a-la-fraise-180-mini-gelules-souples\\\/#primaryimage\"},\"thumbnailUrl\":\"https:\\\/\\\/ecosupplements.be\\\/wp-content\\\/uploads\\\/2025\\\/08\\\/Childrens-DHA-250mg-Omega-3-Strawberry-180-mini-softgels.jpg\",\"datePublished\":\"2024-03-08T07:00:25+00:00\",\"dateModified\":\"2025-08-27T13:38:21+00:00\",\"description\":\"Wij hebben een ruime keuze aan producten van DHA pour enfants, 250mg d'Om\u00e9ga-3 \u00e0 la fraise - 180 mini g\u00e9lules souples . Winkel bij Eco Supplements altijd gratis verzending boven 100\u20ac\",\"breadcrumb\":{\"@id\":\"https:\\\/\\\/ecosupplements.be\\\/fr\\\/produit\\\/dha-pour-enfants-250mg-domega-3-a-la-fraise-180-mini-gelules-souples\\\/#breadcrumb\"},\"inLanguage\":\"fr-FR\",\"potentialAction\":[{\"@type\":\"ReadAction\",\"target\":[\"https:\\\/\\\/ecosupplements.be\\\/fr\\\/produit\\\/dha-pour-enfants-250mg-domega-3-a-la-fraise-180-mini-gelules-souples\\\/\"]}]},{\"@type\":\"ImageObject\",\"inLanguage\":\"fr-FR\",\"@id\":\"https:\\\/\\\/ecosupplements.be\\\/fr\\\/produit\\\/dha-pour-enfants-250mg-domega-3-a-la-fraise-180-mini-gelules-souples\\\/#primaryimage\",\"url\":\"https:\\\/\\\/ecosupplements.be\\\/wp-content\\\/uploads\\\/2025\\\/08\\\/Childrens-DHA-250mg-Omega-3-Strawberry-180-mini-softgels.jpg\",\"contentUrl\":\"https:\\\/\\\/ecosupplements.be\\\/wp-content\\\/uploads\\\/2025\\\/08\\\/Childrens-DHA-250mg-Omega-3-Strawberry-180-mini-softgels.jpg\",\"width\":872,\"height\":746},{\"@type\":\"BreadcrumbList\",\"@id\":\"https:\\\/\\\/ecosupplements.be\\\/fr\\\/produit\\\/dha-pour-enfants-250mg-domega-3-a-la-fraise-180-mini-gelules-souples\\\/#breadcrumb\",\"itemListElement\":[{\"@type\":\"ListItem\",\"position\":1,\"name\":\"Home\",\"item\":\"https:\\\/\\\/ecosupplements.be\\\/fr\\\/\"},{\"@type\":\"ListItem\",\"position\":2,\"name\":\"Boutique\",\"item\":\"https:\\\/\\\/ecosupplements.be\\\/fr\\\/boutique\\\/\"},{\"@type\":\"ListItem\",\"position\":3,\"name\":\"DHA pour enfants, 250mg d&#8217;Om\u00e9ga-3 \u00e0 la fraise &#8211; 180 mini g\u00e9lules souples\"}]},{\"@type\":\"WebSite\",\"@id\":\"https:\\\/\\\/ecosupplements.be\\\/fr\\\/#website\",\"url\":\"https:\\\/\\\/ecosupplements.be\\\/fr\\\/\",\"name\":\"ECO Supplements\",\"description\":\"Eco Supplements - Gezonde supplementen\",\"publisher\":{\"@id\":\"https:\\\/\\\/ecosupplements.be\\\/fr\\\/#organization\"},\"potentialAction\":[{\"@type\":\"SearchAction\",\"target\":{\"@type\":\"EntryPoint\",\"urlTemplate\":\"https:\\\/\\\/ecosupplements.be\\\/fr\\\/?s={search_term_string}\"},\"query-input\":{\"@type\":\"PropertyValueSpecification\",\"valueRequired\":true,\"valueName\":\"search_term_string\"}}],\"inLanguage\":\"fr-FR\"},{\"@type\":\"Organization\",\"@id\":\"https:\\\/\\\/ecosupplements.be\\\/fr\\\/#organization\",\"name\":\"Eco Supplements\",\"url\":\"https:\\\/\\\/ecosupplements.be\\\/fr\\\/\",\"logo\":{\"@type\":\"ImageObject\",\"inLanguage\":\"fr-FR\",\"@id\":\"https:\\\/\\\/ecosupplements.be\\\/fr\\\/#\\\/schema\\\/logo\\\/image\\\/\",\"url\":\"https:\\\/\\\/ecosupplements.be\\\/wp-content\\\/uploads\\\/2022\\\/06\\\/ecosupplement-family.png\",\"contentUrl\":\"https:\\\/\\\/ecosupplements.be\\\/wp-content\\\/uploads\\\/2022\\\/06\\\/ecosupplement-family.png\",\"width\":593,\"height\":374,\"caption\":\"Eco Supplements\"},\"image\":{\"@id\":\"https:\\\/\\\/ecosupplements.be\\\/fr\\\/#\\\/schema\\\/logo\\\/image\\\/\"}}]}<\/script>\n<meta property=\"product:brand\" content=\"Nordic Naturals\" \/>\n<meta property=\"product:price:amount\" content=\"28.32\" \/>\n<meta property=\"product:price:currency\" content=\"EUR\" \/>\n<meta property=\"og:availability\" content=\"instock\" \/>\n<meta property=\"product:availability\" content=\"instock\" \/>\n<meta property=\"product:retailer_item_id\" content=\"768990017209\" \/>\n<meta property=\"product:condition\" content=\"new\" \/>\n<!-- \/ Yoast SEO Premium plugin. -->","yoast_head_json":{"title":"DHA pour enfants, 250mg d'Om\u00e9ga-3 \u00e0 la fraise - 180 mini g\u00e9lules souples - ECO Supplements","description":"Wij hebben een ruime keuze aan producten van DHA pour enfants, 250mg d'Om\u00e9ga-3 \u00e0 la fraise - 180 mini g\u00e9lules souples . Winkel bij Eco Supplements altijd gratis verzending boven 100\u20ac","robots":{"index":"index","follow":"follow","max-snippet":"max-snippet:-1","max-image-preview":"max-image-preview:large","max-video-preview":"max-video-preview:-1"},"canonical":"https:\/\/ecosupplements.be\/fr\/produit\/dha-pour-enfants-250mg-domega-3-a-la-fraise-180-mini-gelules-souples\/","og_locale":"fr_FR","og_type":"article","og_title":"DHA pour enfants, 250mg d'Om\u00e9ga-3 \u00e0 la fraise - 180 mini g\u00e9lules souples","og_description":"Wij hebben een ruime keuze aan producten van DHA pour enfants, 250mg d'Om\u00e9ga-3 \u00e0 la fraise - 180 mini g\u00e9lules souples . Winkel bij Eco Supplements altijd gratis verzending boven 100\u20ac","og_url":"https:\/\/ecosupplements.be\/fr\/produit\/dha-pour-enfants-250mg-domega-3-a-la-fraise-180-mini-gelules-souples\/","og_site_name":"ECO Supplements","article_modified_time":"2025-08-27T13:38:21+00:00","og_image":[{"width":872,"height":746,"url":"https:\/\/ecosupplements.be\/wp-content\/uploads\/2025\/08\/Childrens-DHA-250mg-Omega-3-Strawberry-180-mini-softgels-1.jpg","type":"image\/jpeg"}],"twitter_card":"summary_large_image","twitter_misc":{"Prix":"28.32&nbsp;&euro;","Disponibilit\u00e9":"En stock"},"schema":{"@context":"https:\/\/schema.org","@graph":[{"@type":["WebPage","ItemPage"],"@id":"https:\/\/ecosupplements.be\/fr\/produit\/dha-pour-enfants-250mg-domega-3-a-la-fraise-180-mini-gelules-souples\/","url":"https:\/\/ecosupplements.be\/fr\/produit\/dha-pour-enfants-250mg-domega-3-a-la-fraise-180-mini-gelules-souples\/","name":"DHA pour enfants, 250mg d'Om\u00e9ga-3 \u00e0 la fraise - 180 mini g\u00e9lules souples - ECO Supplements","isPartOf":{"@id":"https:\/\/ecosupplements.be\/fr\/#website"},"primaryImageOfPage":{"@id":"https:\/\/ecosupplements.be\/fr\/produit\/dha-pour-enfants-250mg-domega-3-a-la-fraise-180-mini-gelules-souples\/#primaryimage"},"image":{"@id":"https:\/\/ecosupplements.be\/fr\/produit\/dha-pour-enfants-250mg-domega-3-a-la-fraise-180-mini-gelules-souples\/#primaryimage"},"thumbnailUrl":"https:\/\/ecosupplements.be\/wp-content\/uploads\/2025\/08\/Childrens-DHA-250mg-Omega-3-Strawberry-180-mini-softgels.jpg","datePublished":"2024-03-08T07:00:25+00:00","dateModified":"2025-08-27T13:38:21+00:00","description":"Wij hebben een ruime keuze aan producten van DHA pour enfants, 250mg d'Om\u00e9ga-3 \u00e0 la fraise - 180 mini g\u00e9lules souples . Winkel bij Eco Supplements altijd gratis verzending boven 100\u20ac","breadcrumb":{"@id":"https:\/\/ecosupplements.be\/fr\/produit\/dha-pour-enfants-250mg-domega-3-a-la-fraise-180-mini-gelules-souples\/#breadcrumb"},"inLanguage":"fr-FR","potentialAction":[{"@type":"ReadAction","target":["https:\/\/ecosupplements.be\/fr\/produit\/dha-pour-enfants-250mg-domega-3-a-la-fraise-180-mini-gelules-souples\/"]}]},{"@type":"ImageObject","inLanguage":"fr-FR","@id":"https:\/\/ecosupplements.be\/fr\/produit\/dha-pour-enfants-250mg-domega-3-a-la-fraise-180-mini-gelules-souples\/#primaryimage","url":"https:\/\/ecosupplements.be\/wp-content\/uploads\/2025\/08\/Childrens-DHA-250mg-Omega-3-Strawberry-180-mini-softgels.jpg","contentUrl":"https:\/\/ecosupplements.be\/wp-content\/uploads\/2025\/08\/Childrens-DHA-250mg-Omega-3-Strawberry-180-mini-softgels.jpg","width":872,"height":746},{"@type":"BreadcrumbList","@id":"https:\/\/ecosupplements.be\/fr\/produit\/dha-pour-enfants-250mg-domega-3-a-la-fraise-180-mini-gelules-souples\/#breadcrumb","itemListElement":[{"@type":"ListItem","position":1,"name":"Home","item":"https:\/\/ecosupplements.be\/fr\/"},{"@type":"ListItem","position":2,"name":"Boutique","item":"https:\/\/ecosupplements.be\/fr\/boutique\/"},{"@type":"ListItem","position":3,"name":"DHA pour enfants, 250mg d&#8217;Om\u00e9ga-3 \u00e0 la fraise &#8211; 180 mini g\u00e9lules souples"}]},{"@type":"WebSite","@id":"https:\/\/ecosupplements.be\/fr\/#website","url":"https:\/\/ecosupplements.be\/fr\/","name":"ECO Supplements","description":"Eco Supplements - Gezonde supplementen","publisher":{"@id":"https:\/\/ecosupplements.be\/fr\/#organization"},"potentialAction":[{"@type":"SearchAction","target":{"@type":"EntryPoint","urlTemplate":"https:\/\/ecosupplements.be\/fr\/?s={search_term_string}"},"query-input":{"@type":"PropertyValueSpecification","valueRequired":true,"valueName":"search_term_string"}}],"inLanguage":"fr-FR"},{"@type":"Organization","@id":"https:\/\/ecosupplements.be\/fr\/#organization","name":"Eco Supplements","url":"https:\/\/ecosupplements.be\/fr\/","logo":{"@type":"ImageObject","inLanguage":"fr-FR","@id":"https:\/\/ecosupplements.be\/fr\/#\/schema\/logo\/image\/","url":"https:\/\/ecosupplements.be\/wp-content\/uploads\/2022\/06\/ecosupplement-family.png","contentUrl":"https:\/\/ecosupplements.be\/wp-content\/uploads\/2022\/06\/ecosupplement-family.png","width":593,"height":374,"caption":"Eco Supplements"},"image":{"@id":"https:\/\/ecosupplements.be\/fr\/#\/schema\/logo\/image\/"}}]},"product_brand":"Nordic Naturals","product_price_amount":"28.32","product_price_currency":"EUR","og_availability":"instock","product_availability":"instock","product_retailer_item_id":"768990017209","product_condition":"new"},"_links":{"self":[{"href":"https:\/\/ecosupplements.be\/fr\/wp-json\/wp\/v2\/product\/288304","targetHints":{"allow":["GET"]}}],"collection":[{"href":"https:\/\/ecosupplements.be\/fr\/wp-json\/wp\/v2\/product"}],"about":[{"href":"https:\/\/ecosupplements.be\/fr\/wp-json\/wp\/v2\/types\/product"}],"replies":[{"embeddable":true,"href":"https:\/\/ecosupplements.be\/fr\/wp-json\/wp\/v2\/comments?post=288304"}],"wp:featuredmedia":[{"embeddable":true,"href":"https:\/\/ecosupplements.be\/fr\/wp-json\/wp\/v2\/media\/264275"}],"wp:attachment":[{"href":"https:\/\/ecosupplements.be\/fr\/wp-json\/wp\/v2\/media?parent=288304"}],"wp:term":[{"taxonomy":"product_brand","embeddable":true,"href":"https:\/\/ecosupplements.be\/fr\/wp-json\/wp\/v2\/product_brand?post=288304"},{"taxonomy":"product_cat","embeddable":true,"href":"https:\/\/ecosupplements.be\/fr\/wp-json\/wp\/v2\/product_cat?post=288304"},{"taxonomy":"product_tag","embeddable":true,"href":"https:\/\/ecosupplements.be\/fr\/wp-json\/wp\/v2\/product_tag?post=288304"}],"curies":[{"name":"wp","href":"https:\/\/api.w.org\/{rel}","templated":true}]}}