{"id":288364,"date":"2024-03-08T09:50:47","date_gmt":"2024-03-08T08:50:47","guid":{"rendered":"https:\/\/ecosupplements.be\/product\/omega-complet-d3-565mg-citron-60-capsules-molles\/"},"modified":"2025-08-27T14:39:19","modified_gmt":"2025-08-27T13:39:19","slug":"omega-complet-d3-565mg-citron-60-capsules-molles","status":"publish","type":"product","link":"https:\/\/ecosupplements.be\/fr\/produit\/omega-complet-d3-565mg-citron-60-capsules-molles\/","title":{"rendered":"Om\u00e9ga complet-D3, 565mg Citron &#8211; 60 capsules molles"},"content":{"rendered":"<p>Le Complete Omega-D3 de Nordic Naturals est un compl\u00e9ment alimentaire hautement concentr\u00e9 en om\u00e9ga-3 et en vitamine D3. Chaque\u200b softgel contient 565mg d&#8217;acides\u2064 gras essentiels EPA\u2062 et DHA, ainsi que 1000 \u2064UI de vitamine D3, offrant ainsi un soutien complet pour \u200dla sant\u00e9 cardiovasculaire, c\u00e9r\u00e9brale et osseuse.<\/p>\n<p>Les ingr\u00e9dients de ce produit sont soigneusement s\u00e9lectionn\u00e9s pour leur puret\u00e9 et\u2064 leur efficacit\u00e9. Les acides\u2063 gras om\u00e9ga-3 sont extraits \u00e0 partir d&#8217;huile de poisson sauvage de qualit\u00e9 sup\u00e9rieure, tandis que la \u2064vitamine D3 \u2062est issue\u200d de lanoline, une source naturelle et durable.<\/p>\n<p>Le Complete Omega-D3\u200c est \u00e9galement enrichi en vitamine E, un antioxydant puissant qui aide \u00e0\u200b prot\u00e9ger les acides gras essentiels de l&#8217;oxydation. De plus, ce produit est sans gluten, sans produits laitiers et \u2063sans OGM, \u200bce qui en \u200cfait un\u200d choix s\u00fbr pour les personnes\u200b ayant des restrictions alimentaires.<\/p>\n<p>Les avantages de ce \u2063compl\u00e9ment alimentaire sont nombreux. Les acides gras om\u00e9ga-3 EPA et DHA sont essentiels pour\u2064 maintenir une fonction cardiaque saine,\u2063 ainsi qu&#8217;une bonne sant\u00e9 cognitive et \u00e9motionnelle. \u2062La vitamine \u2063D3, quant \u2062\u00e0 elle, joue un r\u00f4le crucial dans la\u200b sant\u00e9\u200b osseuse\u2064 et immunitaire.<\/p>\n<p>Le Complete Omega-D3 est\u200c facile \u00e0 prendre\u200d gr\u00e2ce \u00e0 ses \u200bsoftgels \u00e0\u200d la saveur de citron. Il est recommand\u00e9\u200d de prendre deux softgels par \u2064jour, de pr\u00e9f\u00e9rence avec un repas. Ce produit est id\u00e9al pour les adultes soucieux de leur sant\u00e9 et de leur bien-\u00eatre g\u00e9n\u00e9ral.<\/p>\n<p>En r\u00e9sum\u00e9, le Complete Omega-D3 de Nordic Naturals est un\u200b compl\u00e9ment alimentaire complet et de haute qualit\u00e9, offrant une\u200d combinaison unique d&#8217;om\u00e9ga-3 et \u2062de vitamine D3 pour soutenir\u2062 une sant\u00e9 optimale. N&#8217;h\u00e9sitez pas \u00e0 l&#8217;ajouter \u00e0 \u200bvotre routine quotidienne pour b\u00e9n\u00e9ficier \u200dde ses nombreux bienfaits pour la\u2064 sant\u00e9.<\/p>\n","protected":false},"excerpt":{"rendered":"<p>Le Complete Omega-D3 de Nordic Naturals est un compl\u00e9ment alimentaire hautement concentr\u00e9 en om\u00e9ga-3 et en vitamine D3. Chaque\u200b softgel contient 565mg d&#8217;acides\u2064 gras essentiels EPA\u2062 et DHA, ainsi que 1000 \u2064UI de vitamine D3, offrant ainsi un soutien complet pour \u200dla sant\u00e9 cardiovasculaire, c\u00e9r\u00e9brale et osseuse. Les ingr\u00e9dients de ce produit sont soigneusement s\u00e9lectionn\u00e9s [&#8230;]\n","protected":false},"featured_media":264335,"comment_status":"open","ping_status":"open","template":"","meta":[],"product_brand":[4860],"product_cat":[5082,5053],"product_tag":[],"class_list":{"0":"post-288364","1":"product","2":"type-product","3":"status-publish","4":"has-post-thumbnail","6":"product_brand-nordic-naturals-2","7":"product_cat-omegas-efa-cla-huiles","8":"product_cat-vitamines-et-mineraux","10":"first","11":"instock","12":"taxable","13":"shipping-taxable","14":"purchasable","15":"product-type-simple"},"yoast_head":"<!-- This site is optimized with the Yoast SEO Premium plugin v27.3 (Yoast SEO v27.3) - https:\/\/yoast.com\/product\/yoast-seo-premium-wordpress\/ -->\n<title>Om\u00e9ga complet-D3, 565mg Citron - 60 capsules molles - ECO Supplements<\/title>\n<meta name=\"description\" content=\"Wij hebben een ruime keuze aan producten van Om\u00e9ga complet-D3, 565mg Citron - 60 capsules molles . Winkel bij Eco Supplements altijd gratis verzending boven 100\u20ac\" \/>\n<meta name=\"robots\" content=\"index, follow, max-snippet:-1, max-image-preview:large, max-video-preview:-1\" \/>\n<link rel=\"canonical\" href=\"https:\/\/ecosupplements.be\/fr\/produit\/omega-complet-d3-565mg-citron-60-capsules-molles\/\" \/>\n<meta property=\"og:locale\" content=\"fr_FR\" \/>\n<meta property=\"og:type\" content=\"article\" \/>\n<meta property=\"og:title\" content=\"Om\u00e9ga complet-D3, 565mg Citron - 60 capsules molles\" \/>\n<meta property=\"og:description\" content=\"Wij hebben een ruime keuze aan producten van Om\u00e9ga complet-D3, 565mg Citron - 60 capsules molles . Winkel bij Eco Supplements altijd gratis verzending boven 100\u20ac\" \/>\n<meta property=\"og:url\" content=\"https:\/\/ecosupplements.be\/fr\/produit\/omega-complet-d3-565mg-citron-60-capsules-molles\/\" \/>\n<meta property=\"og:site_name\" content=\"ECO Supplements\" \/>\n<meta property=\"article:modified_time\" content=\"2025-08-27T13:39:19+00:00\" \/>\n<meta property=\"og:image\" content=\"https:\/\/ecosupplements.be\/wp-content\/uploads\/2025\/08\/Complete-Omega-D3-565mg-Lemon-60-softgels-1.jpg\" \/>\n\t<meta property=\"og:image:width\" content=\"728\" \/>\n\t<meta property=\"og:image:height\" content=\"608\" \/>\n\t<meta property=\"og:image:type\" content=\"image\/jpeg\" \/>\n<meta name=\"twitter:card\" content=\"summary_large_image\" \/>\n<meta name=\"twitter:label1\" content=\"Prix\" \/>\n\t<meta name=\"twitter:data1\" content=\"21.34&nbsp;&euro;\" \/>\n\t<meta name=\"twitter:label2\" content=\"Disponibilit\u00e9\" \/>\n\t<meta name=\"twitter:data2\" content=\"En stock\" \/>\n<script type=\"application\/ld+json\" class=\"yoast-schema-graph\">{\"@context\":\"https:\\\/\\\/schema.org\",\"@graph\":[{\"@type\":[\"WebPage\",\"ItemPage\"],\"@id\":\"https:\\\/\\\/ecosupplements.be\\\/fr\\\/produit\\\/omega-complet-d3-565mg-citron-60-capsules-molles\\\/\",\"url\":\"https:\\\/\\\/ecosupplements.be\\\/fr\\\/produit\\\/omega-complet-d3-565mg-citron-60-capsules-molles\\\/\",\"name\":\"Om\u00e9ga complet-D3, 565mg Citron - 60 capsules molles - ECO Supplements\",\"isPartOf\":{\"@id\":\"https:\\\/\\\/ecosupplements.be\\\/fr\\\/#website\"},\"primaryImageOfPage\":{\"@id\":\"https:\\\/\\\/ecosupplements.be\\\/fr\\\/produit\\\/omega-complet-d3-565mg-citron-60-capsules-molles\\\/#primaryimage\"},\"image\":{\"@id\":\"https:\\\/\\\/ecosupplements.be\\\/fr\\\/produit\\\/omega-complet-d3-565mg-citron-60-capsules-molles\\\/#primaryimage\"},\"thumbnailUrl\":\"https:\\\/\\\/ecosupplements.be\\\/wp-content\\\/uploads\\\/2025\\\/08\\\/Complete-Omega-D3-565mg-Lemon-60-softgels.jpg\",\"datePublished\":\"2024-03-08T08:50:47+00:00\",\"dateModified\":\"2025-08-27T13:39:19+00:00\",\"description\":\"Wij hebben een ruime keuze aan producten van Om\u00e9ga complet-D3, 565mg Citron - 60 capsules molles . Winkel bij Eco Supplements altijd gratis verzending boven 100\u20ac\",\"breadcrumb\":{\"@id\":\"https:\\\/\\\/ecosupplements.be\\\/fr\\\/produit\\\/omega-complet-d3-565mg-citron-60-capsules-molles\\\/#breadcrumb\"},\"inLanguage\":\"fr-FR\",\"potentialAction\":[{\"@type\":\"ReadAction\",\"target\":[\"https:\\\/\\\/ecosupplements.be\\\/fr\\\/produit\\\/omega-complet-d3-565mg-citron-60-capsules-molles\\\/\"]}]},{\"@type\":\"ImageObject\",\"inLanguage\":\"fr-FR\",\"@id\":\"https:\\\/\\\/ecosupplements.be\\\/fr\\\/produit\\\/omega-complet-d3-565mg-citron-60-capsules-molles\\\/#primaryimage\",\"url\":\"https:\\\/\\\/ecosupplements.be\\\/wp-content\\\/uploads\\\/2025\\\/08\\\/Complete-Omega-D3-565mg-Lemon-60-softgels.jpg\",\"contentUrl\":\"https:\\\/\\\/ecosupplements.be\\\/wp-content\\\/uploads\\\/2025\\\/08\\\/Complete-Omega-D3-565mg-Lemon-60-softgels.jpg\",\"width\":728,\"height\":608},{\"@type\":\"BreadcrumbList\",\"@id\":\"https:\\\/\\\/ecosupplements.be\\\/fr\\\/produit\\\/omega-complet-d3-565mg-citron-60-capsules-molles\\\/#breadcrumb\",\"itemListElement\":[{\"@type\":\"ListItem\",\"position\":1,\"name\":\"Home\",\"item\":\"https:\\\/\\\/ecosupplements.be\\\/fr\\\/\"},{\"@type\":\"ListItem\",\"position\":2,\"name\":\"Boutique\",\"item\":\"https:\\\/\\\/ecosupplements.be\\\/fr\\\/boutique\\\/\"},{\"@type\":\"ListItem\",\"position\":3,\"name\":\"Om\u00e9ga complet-D3, 565mg Citron &#8211; 60 capsules molles\"}]},{\"@type\":\"WebSite\",\"@id\":\"https:\\\/\\\/ecosupplements.be\\\/fr\\\/#website\",\"url\":\"https:\\\/\\\/ecosupplements.be\\\/fr\\\/\",\"name\":\"ECO Supplements\",\"description\":\"Eco Supplements - Gezonde supplementen\",\"publisher\":{\"@id\":\"https:\\\/\\\/ecosupplements.be\\\/fr\\\/#organization\"},\"potentialAction\":[{\"@type\":\"SearchAction\",\"target\":{\"@type\":\"EntryPoint\",\"urlTemplate\":\"https:\\\/\\\/ecosupplements.be\\\/fr\\\/?s={search_term_string}\"},\"query-input\":{\"@type\":\"PropertyValueSpecification\",\"valueRequired\":true,\"valueName\":\"search_term_string\"}}],\"inLanguage\":\"fr-FR\"},{\"@type\":\"Organization\",\"@id\":\"https:\\\/\\\/ecosupplements.be\\\/fr\\\/#organization\",\"name\":\"Eco Supplements\",\"url\":\"https:\\\/\\\/ecosupplements.be\\\/fr\\\/\",\"logo\":{\"@type\":\"ImageObject\",\"inLanguage\":\"fr-FR\",\"@id\":\"https:\\\/\\\/ecosupplements.be\\\/fr\\\/#\\\/schema\\\/logo\\\/image\\\/\",\"url\":\"https:\\\/\\\/ecosupplements.be\\\/wp-content\\\/uploads\\\/2022\\\/06\\\/ecosupplement-family.png\",\"contentUrl\":\"https:\\\/\\\/ecosupplements.be\\\/wp-content\\\/uploads\\\/2022\\\/06\\\/ecosupplement-family.png\",\"width\":593,\"height\":374,\"caption\":\"Eco Supplements\"},\"image\":{\"@id\":\"https:\\\/\\\/ecosupplements.be\\\/fr\\\/#\\\/schema\\\/logo\\\/image\\\/\"}}]}<\/script>\n<meta property=\"product:brand\" content=\"Nordic Naturals\" \/>\n<meta property=\"product:price:amount\" content=\"21.34\" \/>\n<meta property=\"product:price:currency\" content=\"EUR\" \/>\n<meta property=\"og:availability\" content=\"instock\" \/>\n<meta property=\"product:availability\" content=\"instock\" \/>\n<meta property=\"product:retailer_item_id\" content=\"768990017780\" \/>\n<meta property=\"product:condition\" content=\"new\" \/>\n<!-- \/ Yoast SEO Premium plugin. -->","yoast_head_json":{"title":"Om\u00e9ga complet-D3, 565mg Citron - 60 capsules molles - ECO Supplements","description":"Wij hebben een ruime keuze aan producten van Om\u00e9ga complet-D3, 565mg Citron - 60 capsules molles . Winkel bij Eco Supplements altijd gratis verzending boven 100\u20ac","robots":{"index":"index","follow":"follow","max-snippet":"max-snippet:-1","max-image-preview":"max-image-preview:large","max-video-preview":"max-video-preview:-1"},"canonical":"https:\/\/ecosupplements.be\/fr\/produit\/omega-complet-d3-565mg-citron-60-capsules-molles\/","og_locale":"fr_FR","og_type":"article","og_title":"Om\u00e9ga complet-D3, 565mg Citron - 60 capsules molles","og_description":"Wij hebben een ruime keuze aan producten van Om\u00e9ga complet-D3, 565mg Citron - 60 capsules molles . Winkel bij Eco Supplements altijd gratis verzending boven 100\u20ac","og_url":"https:\/\/ecosupplements.be\/fr\/produit\/omega-complet-d3-565mg-citron-60-capsules-molles\/","og_site_name":"ECO Supplements","article_modified_time":"2025-08-27T13:39:19+00:00","og_image":[{"width":728,"height":608,"url":"https:\/\/ecosupplements.be\/wp-content\/uploads\/2025\/08\/Complete-Omega-D3-565mg-Lemon-60-softgels-1.jpg","type":"image\/jpeg"}],"twitter_card":"summary_large_image","twitter_misc":{"Prix":"21.34&nbsp;&euro;","Disponibilit\u00e9":"En stock"},"schema":{"@context":"https:\/\/schema.org","@graph":[{"@type":["WebPage","ItemPage"],"@id":"https:\/\/ecosupplements.be\/fr\/produit\/omega-complet-d3-565mg-citron-60-capsules-molles\/","url":"https:\/\/ecosupplements.be\/fr\/produit\/omega-complet-d3-565mg-citron-60-capsules-molles\/","name":"Om\u00e9ga complet-D3, 565mg Citron - 60 capsules molles - ECO Supplements","isPartOf":{"@id":"https:\/\/ecosupplements.be\/fr\/#website"},"primaryImageOfPage":{"@id":"https:\/\/ecosupplements.be\/fr\/produit\/omega-complet-d3-565mg-citron-60-capsules-molles\/#primaryimage"},"image":{"@id":"https:\/\/ecosupplements.be\/fr\/produit\/omega-complet-d3-565mg-citron-60-capsules-molles\/#primaryimage"},"thumbnailUrl":"https:\/\/ecosupplements.be\/wp-content\/uploads\/2025\/08\/Complete-Omega-D3-565mg-Lemon-60-softgels.jpg","datePublished":"2024-03-08T08:50:47+00:00","dateModified":"2025-08-27T13:39:19+00:00","description":"Wij hebben een ruime keuze aan producten van Om\u00e9ga complet-D3, 565mg Citron - 60 capsules molles . Winkel bij Eco Supplements altijd gratis verzending boven 100\u20ac","breadcrumb":{"@id":"https:\/\/ecosupplements.be\/fr\/produit\/omega-complet-d3-565mg-citron-60-capsules-molles\/#breadcrumb"},"inLanguage":"fr-FR","potentialAction":[{"@type":"ReadAction","target":["https:\/\/ecosupplements.be\/fr\/produit\/omega-complet-d3-565mg-citron-60-capsules-molles\/"]}]},{"@type":"ImageObject","inLanguage":"fr-FR","@id":"https:\/\/ecosupplements.be\/fr\/produit\/omega-complet-d3-565mg-citron-60-capsules-molles\/#primaryimage","url":"https:\/\/ecosupplements.be\/wp-content\/uploads\/2025\/08\/Complete-Omega-D3-565mg-Lemon-60-softgels.jpg","contentUrl":"https:\/\/ecosupplements.be\/wp-content\/uploads\/2025\/08\/Complete-Omega-D3-565mg-Lemon-60-softgels.jpg","width":728,"height":608},{"@type":"BreadcrumbList","@id":"https:\/\/ecosupplements.be\/fr\/produit\/omega-complet-d3-565mg-citron-60-capsules-molles\/#breadcrumb","itemListElement":[{"@type":"ListItem","position":1,"name":"Home","item":"https:\/\/ecosupplements.be\/fr\/"},{"@type":"ListItem","position":2,"name":"Boutique","item":"https:\/\/ecosupplements.be\/fr\/boutique\/"},{"@type":"ListItem","position":3,"name":"Om\u00e9ga complet-D3, 565mg Citron &#8211; 60 capsules molles"}]},{"@type":"WebSite","@id":"https:\/\/ecosupplements.be\/fr\/#website","url":"https:\/\/ecosupplements.be\/fr\/","name":"ECO Supplements","description":"Eco Supplements - Gezonde supplementen","publisher":{"@id":"https:\/\/ecosupplements.be\/fr\/#organization"},"potentialAction":[{"@type":"SearchAction","target":{"@type":"EntryPoint","urlTemplate":"https:\/\/ecosupplements.be\/fr\/?s={search_term_string}"},"query-input":{"@type":"PropertyValueSpecification","valueRequired":true,"valueName":"search_term_string"}}],"inLanguage":"fr-FR"},{"@type":"Organization","@id":"https:\/\/ecosupplements.be\/fr\/#organization","name":"Eco Supplements","url":"https:\/\/ecosupplements.be\/fr\/","logo":{"@type":"ImageObject","inLanguage":"fr-FR","@id":"https:\/\/ecosupplements.be\/fr\/#\/schema\/logo\/image\/","url":"https:\/\/ecosupplements.be\/wp-content\/uploads\/2022\/06\/ecosupplement-family.png","contentUrl":"https:\/\/ecosupplements.be\/wp-content\/uploads\/2022\/06\/ecosupplement-family.png","width":593,"height":374,"caption":"Eco Supplements"},"image":{"@id":"https:\/\/ecosupplements.be\/fr\/#\/schema\/logo\/image\/"}}]},"product_brand":"Nordic Naturals","product_price_amount":"21.34","product_price_currency":"EUR","og_availability":"instock","product_availability":"instock","product_retailer_item_id":"768990017780","product_condition":"new"},"_links":{"self":[{"href":"https:\/\/ecosupplements.be\/fr\/wp-json\/wp\/v2\/product\/288364","targetHints":{"allow":["GET"]}}],"collection":[{"href":"https:\/\/ecosupplements.be\/fr\/wp-json\/wp\/v2\/product"}],"about":[{"href":"https:\/\/ecosupplements.be\/fr\/wp-json\/wp\/v2\/types\/product"}],"replies":[{"embeddable":true,"href":"https:\/\/ecosupplements.be\/fr\/wp-json\/wp\/v2\/comments?post=288364"}],"wp:featuredmedia":[{"embeddable":true,"href":"https:\/\/ecosupplements.be\/fr\/wp-json\/wp\/v2\/media\/264335"}],"wp:attachment":[{"href":"https:\/\/ecosupplements.be\/fr\/wp-json\/wp\/v2\/media?parent=288364"}],"wp:term":[{"taxonomy":"product_brand","embeddable":true,"href":"https:\/\/ecosupplements.be\/fr\/wp-json\/wp\/v2\/product_brand?post=288364"},{"taxonomy":"product_cat","embeddable":true,"href":"https:\/\/ecosupplements.be\/fr\/wp-json\/wp\/v2\/product_cat?post=288364"},{"taxonomy":"product_tag","embeddable":true,"href":"https:\/\/ecosupplements.be\/fr\/wp-json\/wp\/v2\/product_tag?post=288364"}],"curies":[{"name":"wp","href":"https:\/\/api.w.org\/{rel}","templated":true}]}}