{"id":288391,"date":"2024-03-08T10:50:11","date_gmt":"2024-03-08T09:50:11","guid":{"rendered":"https:\/\/ecosupplements.be\/product\/epa-1210mg-citron-60-gelules-molles\/"},"modified":"2025-08-27T14:39:48","modified_gmt":"2025-08-27T13:39:48","slug":"epa-1210mg-citron-60-gelules-molles","status":"publish","type":"product","link":"https:\/\/ecosupplements.be\/fr\/produit\/epa-1210mg-citron-60-gelules-molles\/","title":{"rendered":"EPA, 1210mg Citron &#8211; 60 g\u00e9lules molles"},"content":{"rendered":"<h1>EPA, 1210mg Lemon &#8211; 60 softgels<\/h1>\n<p>Les softgels \u2064d&#8217;EPA de Nordic \u200bNaturals\u200d sont une source \u200dhautement concentr\u00e9e d&#8217;acides gras om\u00e9ga-3\u200c essentiels \u200dpour la sant\u00e9 et\u200c le bien-\u00eatre. Chaque softgel \u2063contient 1210mg d&#8217;EPA (acide eicosapenta\u00e9no\u00efque), un acide gras \u2064essentiel qui joue un r\u00f4le important\u2062 dans la sant\u00e9 cardiovasculaire, le fonctionnement du cerveau et la r\u00e9duction \u200dde l&#8217;inflammation.<\/p>\n<h2>Caract\u00e9ristiques sp\u00e9ciales:<\/h2>\n<ul>\n<li>1210mg d&#8217;EPA par softgel<\/li>\n<li>Formule \u2062hautement concentr\u00e9e<\/li>\n<li>Saveur \u2063citron rafra\u00eechissante<\/li>\n<li>Facile \u2062\u00e0 avaler<\/li>\n<li>60 softgels par bouteille<\/li>\n<\/ul>\n<h2>Ingr\u00e9dients:<\/h2>\n<p>Huile de poisson purifi\u00e9e (anchois et sardines), g\u00e9latine, glyc\u00e9rine, \u200ceau, ar\u00f4me naturel de \u200bcitron, extrait de romarin,\u200d tocoph\u00e9rols \u2062mixtes.<\/p>\n<h2>Avantages uniques:<\/h2>\n<p>Les\u2063 acides gras om\u00e9ga-3 sont essentiels pour la sant\u00e9 \u200det \u200ble bien-\u00eatre, mais notre corps ne \u2062peut pas les produire naturellement. C&#8217;est pourquoi il est important de les obtenir \u00e0\u200b partir de\u200c sources alimentaires ou\u200c de suppl\u00e9ments. Les softgels \u2063d&#8217;EPA de\u2063 Nordic Naturals offrent une source hautement concentr\u00e9e d&#8217;EPA,\u200d qui est particuli\u00e8rement\u200d b\u00e9n\u00e9fique pour la sant\u00e9 cardiovasculaire et le fonctionnement du\u200d cerveau. De plus, la saveur\u200b citron rafra\u00eechissante \u2062rend ces softgels faciles\u2063 \u00e0 avaler\u200b et \u200dagr\u00e9ables \u00e0 prendre\u200d au quotidien.<\/p>\n<h2>Principales caract\u00e9ristiques:<\/h2>\n<ul>\n<li>1210mg\u2063 d&#8217;EPA \u200cpar softgel<\/li>\n<li>Formule hautement concentr\u00e9e<\/li>\n<li>Saveur citron\u200c rafra\u00eechissante<\/li>\n<li>Facile \u00e0 \u2062avaler<\/li>\n<li>Contribue \u00e0 la \u2062sant\u00e9 cardiovasculaire et au fonctionnement du cerveau<\/li>\n<li>R\u00e9duit l&#8217;inflammation<\/li>\n<li>60 softgels par bouteille<\/li>\n<\/ul>\n<p>Prenez soin de\u2063 votre \u2062sant\u00e9\u200d et de votre \u200cbien-\u00eatre\u2064 avec les \u2062softgels d&#8217;EPA de\u200c Nordic Naturals. Avec leur formule hautement concentr\u00e9e et leur saveur citron rafra\u00eechissante, ils\u200c sont un excellent choix pour\u2064 soutenir votre sant\u00e9 cardiovasculaire et votre fonctionnement \u200cc\u00e9r\u00e9bral.<\/p>\n","protected":false},"excerpt":{"rendered":"<p>EPA, 1210mg Lemon &#8211; 60 softgels Les softgels \u2064d&#8217;EPA de Nordic \u200bNaturals\u200d sont une source \u200dhautement concentr\u00e9e d&#8217;acides gras om\u00e9ga-3\u200c essentiels \u200dpour la sant\u00e9 et\u200c le bien-\u00eatre. Chaque softgel \u2063contient 1210mg d&#8217;EPA (acide eicosapenta\u00e9no\u00efque), un acide gras \u2064essentiel qui joue un r\u00f4le important\u2062 dans la sant\u00e9 cardiovasculaire, le fonctionnement du cerveau et la r\u00e9duction \u200dde [&#8230;]\n","protected":false},"featured_media":264368,"comment_status":"open","ping_status":"open","template":"","meta":[],"product_brand":[4860],"product_cat":[5082,5053],"product_tag":[],"class_list":{"0":"post-288391","1":"product","2":"type-product","3":"status-publish","4":"has-post-thumbnail","6":"product_brand-nordic-naturals-2","7":"product_cat-omegas-efa-cla-huiles","8":"product_cat-vitamines-et-mineraux","10":"first","11":"instock","12":"taxable","13":"shipping-taxable","14":"purchasable","15":"product-type-simple"},"yoast_head":"<!-- This site is optimized with the Yoast SEO Premium plugin v27.5 (Yoast SEO v27.5) - https:\/\/yoast.com\/product\/yoast-seo-premium-wordpress\/ -->\n<title>EPA, 1210mg Citron - 60 g\u00e9lules molles - ECO Supplements<\/title>\n<meta name=\"description\" content=\"Wij hebben een ruime keuze aan producten van EPA, 1210mg Citron - 60 g\u00e9lules molles . Winkel bij Eco Supplements altijd gratis verzending boven 100\u20ac\" \/>\n<meta name=\"robots\" content=\"index, follow, max-snippet:-1, max-image-preview:large, max-video-preview:-1\" \/>\n<link rel=\"canonical\" href=\"https:\/\/ecosupplements.be\/fr\/produit\/epa-1210mg-citron-60-gelules-molles\/\" \/>\n<meta property=\"og:locale\" content=\"fr_FR\" \/>\n<meta property=\"og:type\" content=\"article\" \/>\n<meta property=\"og:title\" content=\"EPA, 1210mg Citron - 60 g\u00e9lules molles\" \/>\n<meta property=\"og:description\" content=\"Wij hebben een ruime keuze aan producten van EPA, 1210mg Citron - 60 g\u00e9lules molles . Winkel bij Eco Supplements altijd gratis verzending boven 100\u20ac\" \/>\n<meta property=\"og:url\" content=\"https:\/\/ecosupplements.be\/fr\/produit\/epa-1210mg-citron-60-gelules-molles\/\" \/>\n<meta property=\"og:site_name\" content=\"ECO Supplements\" \/>\n<meta property=\"article:modified_time\" content=\"2025-08-27T13:39:48+00:00\" \/>\n<meta property=\"og:image\" content=\"https:\/\/ecosupplements.be\/wp-content\/uploads\/2025\/08\/EPA-1210mg-Lemon-60-softgels-1.jpg\" \/>\n\t<meta property=\"og:image:width\" content=\"493\" \/>\n\t<meta property=\"og:image:height\" content=\"619\" \/>\n\t<meta property=\"og:image:type\" content=\"image\/jpeg\" \/>\n<meta name=\"twitter:card\" content=\"summary_large_image\" \/>\n<meta name=\"twitter:label1\" content=\"Prix\" \/>\n\t<meta name=\"twitter:data1\" content=\"32.15&nbsp;&euro;\" \/>\n\t<meta name=\"twitter:label2\" content=\"Disponibilit\u00e9\" \/>\n\t<meta name=\"twitter:data2\" content=\"En stock\" \/>\n<script type=\"application\/ld+json\" class=\"yoast-schema-graph\">{\"@context\":\"https:\\\/\\\/schema.org\",\"@graph\":[{\"@type\":[\"WebPage\",\"ItemPage\"],\"@id\":\"https:\\\/\\\/ecosupplements.be\\\/fr\\\/produit\\\/epa-1210mg-citron-60-gelules-molles\\\/\",\"url\":\"https:\\\/\\\/ecosupplements.be\\\/fr\\\/produit\\\/epa-1210mg-citron-60-gelules-molles\\\/\",\"name\":\"EPA, 1210mg Citron - 60 g\u00e9lules molles - ECO Supplements\",\"isPartOf\":{\"@id\":\"https:\\\/\\\/ecosupplements.be\\\/fr\\\/#website\"},\"primaryImageOfPage\":{\"@id\":\"https:\\\/\\\/ecosupplements.be\\\/fr\\\/produit\\\/epa-1210mg-citron-60-gelules-molles\\\/#primaryimage\"},\"image\":{\"@id\":\"https:\\\/\\\/ecosupplements.be\\\/fr\\\/produit\\\/epa-1210mg-citron-60-gelules-molles\\\/#primaryimage\"},\"thumbnailUrl\":\"https:\\\/\\\/ecosupplements.be\\\/wp-content\\\/uploads\\\/2025\\\/08\\\/EPA-1210mg-Lemon-60-softgels.jpg\",\"datePublished\":\"2024-03-08T09:50:11+00:00\",\"dateModified\":\"2025-08-27T13:39:48+00:00\",\"description\":\"Wij hebben een ruime keuze aan producten van EPA, 1210mg Citron - 60 g\u00e9lules molles . Winkel bij Eco Supplements altijd gratis verzending boven 100\u20ac\",\"breadcrumb\":{\"@id\":\"https:\\\/\\\/ecosupplements.be\\\/fr\\\/produit\\\/epa-1210mg-citron-60-gelules-molles\\\/#breadcrumb\"},\"inLanguage\":\"fr-FR\",\"potentialAction\":[{\"@type\":\"ReadAction\",\"target\":[\"https:\\\/\\\/ecosupplements.be\\\/fr\\\/produit\\\/epa-1210mg-citron-60-gelules-molles\\\/\"]}]},{\"@type\":\"ImageObject\",\"inLanguage\":\"fr-FR\",\"@id\":\"https:\\\/\\\/ecosupplements.be\\\/fr\\\/produit\\\/epa-1210mg-citron-60-gelules-molles\\\/#primaryimage\",\"url\":\"https:\\\/\\\/ecosupplements.be\\\/wp-content\\\/uploads\\\/2025\\\/08\\\/EPA-1210mg-Lemon-60-softgels.jpg\",\"contentUrl\":\"https:\\\/\\\/ecosupplements.be\\\/wp-content\\\/uploads\\\/2025\\\/08\\\/EPA-1210mg-Lemon-60-softgels.jpg\",\"width\":493,\"height\":619},{\"@type\":\"BreadcrumbList\",\"@id\":\"https:\\\/\\\/ecosupplements.be\\\/fr\\\/produit\\\/epa-1210mg-citron-60-gelules-molles\\\/#breadcrumb\",\"itemListElement\":[{\"@type\":\"ListItem\",\"position\":1,\"name\":\"Home\",\"item\":\"https:\\\/\\\/ecosupplements.be\\\/fr\\\/\"},{\"@type\":\"ListItem\",\"position\":2,\"name\":\"Boutique\",\"item\":\"https:\\\/\\\/ecosupplements.be\\\/fr\\\/boutique\\\/\"},{\"@type\":\"ListItem\",\"position\":3,\"name\":\"EPA, 1210mg Citron &#8211; 60 g\u00e9lules molles\"}]},{\"@type\":\"WebSite\",\"@id\":\"https:\\\/\\\/ecosupplements.be\\\/fr\\\/#website\",\"url\":\"https:\\\/\\\/ecosupplements.be\\\/fr\\\/\",\"name\":\"ECO Supplements\",\"description\":\"Eco Supplements - Gezonde supplementen\",\"publisher\":{\"@id\":\"https:\\\/\\\/ecosupplements.be\\\/fr\\\/#organization\"},\"potentialAction\":[{\"@type\":\"SearchAction\",\"target\":{\"@type\":\"EntryPoint\",\"urlTemplate\":\"https:\\\/\\\/ecosupplements.be\\\/fr\\\/?s={search_term_string}\"},\"query-input\":{\"@type\":\"PropertyValueSpecification\",\"valueRequired\":true,\"valueName\":\"search_term_string\"}}],\"inLanguage\":\"fr-FR\"},{\"@type\":\"Organization\",\"@id\":\"https:\\\/\\\/ecosupplements.be\\\/fr\\\/#organization\",\"name\":\"Eco Supplements\",\"url\":\"https:\\\/\\\/ecosupplements.be\\\/fr\\\/\",\"logo\":{\"@type\":\"ImageObject\",\"inLanguage\":\"fr-FR\",\"@id\":\"https:\\\/\\\/ecosupplements.be\\\/fr\\\/#\\\/schema\\\/logo\\\/image\\\/\",\"url\":\"https:\\\/\\\/ecosupplements.be\\\/wp-content\\\/uploads\\\/2022\\\/06\\\/ecosupplement-family.png\",\"contentUrl\":\"https:\\\/\\\/ecosupplements.be\\\/wp-content\\\/uploads\\\/2022\\\/06\\\/ecosupplement-family.png\",\"width\":593,\"height\":374,\"caption\":\"Eco Supplements\"},\"image\":{\"@id\":\"https:\\\/\\\/ecosupplements.be\\\/fr\\\/#\\\/schema\\\/logo\\\/image\\\/\"}}]}<\/script>\n<meta property=\"product:brand\" content=\"Nordic Naturals\" \/>\n<meta property=\"product:price:amount\" content=\"32.15\" \/>\n<meta property=\"product:price:currency\" content=\"EUR\" \/>\n<meta property=\"og:availability\" content=\"instock\" \/>\n<meta property=\"product:availability\" content=\"instock\" \/>\n<meta property=\"product:retailer_item_id\" content=\"768990017506\" \/>\n<meta property=\"product:condition\" content=\"new\" \/>\n<!-- \/ Yoast SEO Premium plugin. -->","yoast_head_json":{"title":"EPA, 1210mg Citron - 60 g\u00e9lules molles - ECO Supplements","description":"Wij hebben een ruime keuze aan producten van EPA, 1210mg Citron - 60 g\u00e9lules molles . Winkel bij Eco Supplements altijd gratis verzending boven 100\u20ac","robots":{"index":"index","follow":"follow","max-snippet":"max-snippet:-1","max-image-preview":"max-image-preview:large","max-video-preview":"max-video-preview:-1"},"canonical":"https:\/\/ecosupplements.be\/fr\/produit\/epa-1210mg-citron-60-gelules-molles\/","og_locale":"fr_FR","og_type":"article","og_title":"EPA, 1210mg Citron - 60 g\u00e9lules molles","og_description":"Wij hebben een ruime keuze aan producten van EPA, 1210mg Citron - 60 g\u00e9lules molles . Winkel bij Eco Supplements altijd gratis verzending boven 100\u20ac","og_url":"https:\/\/ecosupplements.be\/fr\/produit\/epa-1210mg-citron-60-gelules-molles\/","og_site_name":"ECO Supplements","article_modified_time":"2025-08-27T13:39:48+00:00","og_image":[{"width":493,"height":619,"url":"https:\/\/ecosupplements.be\/wp-content\/uploads\/2025\/08\/EPA-1210mg-Lemon-60-softgels-1.jpg","type":"image\/jpeg"}],"twitter_card":"summary_large_image","twitter_misc":{"Prix":"32.15&nbsp;&euro;","Disponibilit\u00e9":"En stock"},"schema":{"@context":"https:\/\/schema.org","@graph":[{"@type":["WebPage","ItemPage"],"@id":"https:\/\/ecosupplements.be\/fr\/produit\/epa-1210mg-citron-60-gelules-molles\/","url":"https:\/\/ecosupplements.be\/fr\/produit\/epa-1210mg-citron-60-gelules-molles\/","name":"EPA, 1210mg Citron - 60 g\u00e9lules molles - ECO Supplements","isPartOf":{"@id":"https:\/\/ecosupplements.be\/fr\/#website"},"primaryImageOfPage":{"@id":"https:\/\/ecosupplements.be\/fr\/produit\/epa-1210mg-citron-60-gelules-molles\/#primaryimage"},"image":{"@id":"https:\/\/ecosupplements.be\/fr\/produit\/epa-1210mg-citron-60-gelules-molles\/#primaryimage"},"thumbnailUrl":"https:\/\/ecosupplements.be\/wp-content\/uploads\/2025\/08\/EPA-1210mg-Lemon-60-softgels.jpg","datePublished":"2024-03-08T09:50:11+00:00","dateModified":"2025-08-27T13:39:48+00:00","description":"Wij hebben een ruime keuze aan producten van EPA, 1210mg Citron - 60 g\u00e9lules molles . Winkel bij Eco Supplements altijd gratis verzending boven 100\u20ac","breadcrumb":{"@id":"https:\/\/ecosupplements.be\/fr\/produit\/epa-1210mg-citron-60-gelules-molles\/#breadcrumb"},"inLanguage":"fr-FR","potentialAction":[{"@type":"ReadAction","target":["https:\/\/ecosupplements.be\/fr\/produit\/epa-1210mg-citron-60-gelules-molles\/"]}]},{"@type":"ImageObject","inLanguage":"fr-FR","@id":"https:\/\/ecosupplements.be\/fr\/produit\/epa-1210mg-citron-60-gelules-molles\/#primaryimage","url":"https:\/\/ecosupplements.be\/wp-content\/uploads\/2025\/08\/EPA-1210mg-Lemon-60-softgels.jpg","contentUrl":"https:\/\/ecosupplements.be\/wp-content\/uploads\/2025\/08\/EPA-1210mg-Lemon-60-softgels.jpg","width":493,"height":619},{"@type":"BreadcrumbList","@id":"https:\/\/ecosupplements.be\/fr\/produit\/epa-1210mg-citron-60-gelules-molles\/#breadcrumb","itemListElement":[{"@type":"ListItem","position":1,"name":"Home","item":"https:\/\/ecosupplements.be\/fr\/"},{"@type":"ListItem","position":2,"name":"Boutique","item":"https:\/\/ecosupplements.be\/fr\/boutique\/"},{"@type":"ListItem","position":3,"name":"EPA, 1210mg Citron &#8211; 60 g\u00e9lules molles"}]},{"@type":"WebSite","@id":"https:\/\/ecosupplements.be\/fr\/#website","url":"https:\/\/ecosupplements.be\/fr\/","name":"ECO Supplements","description":"Eco Supplements - Gezonde supplementen","publisher":{"@id":"https:\/\/ecosupplements.be\/fr\/#organization"},"potentialAction":[{"@type":"SearchAction","target":{"@type":"EntryPoint","urlTemplate":"https:\/\/ecosupplements.be\/fr\/?s={search_term_string}"},"query-input":{"@type":"PropertyValueSpecification","valueRequired":true,"valueName":"search_term_string"}}],"inLanguage":"fr-FR"},{"@type":"Organization","@id":"https:\/\/ecosupplements.be\/fr\/#organization","name":"Eco Supplements","url":"https:\/\/ecosupplements.be\/fr\/","logo":{"@type":"ImageObject","inLanguage":"fr-FR","@id":"https:\/\/ecosupplements.be\/fr\/#\/schema\/logo\/image\/","url":"https:\/\/ecosupplements.be\/wp-content\/uploads\/2022\/06\/ecosupplement-family.png","contentUrl":"https:\/\/ecosupplements.be\/wp-content\/uploads\/2022\/06\/ecosupplement-family.png","width":593,"height":374,"caption":"Eco Supplements"},"image":{"@id":"https:\/\/ecosupplements.be\/fr\/#\/schema\/logo\/image\/"}}]},"product_brand":"Nordic Naturals","product_price_amount":"32.15","product_price_currency":"EUR","og_availability":"instock","product_availability":"instock","product_retailer_item_id":"768990017506","product_condition":"new"},"_links":{"self":[{"href":"https:\/\/ecosupplements.be\/fr\/wp-json\/wp\/v2\/product\/288391","targetHints":{"allow":["GET"]}}],"collection":[{"href":"https:\/\/ecosupplements.be\/fr\/wp-json\/wp\/v2\/product"}],"about":[{"href":"https:\/\/ecosupplements.be\/fr\/wp-json\/wp\/v2\/types\/product"}],"replies":[{"embeddable":true,"href":"https:\/\/ecosupplements.be\/fr\/wp-json\/wp\/v2\/comments?post=288391"}],"wp:featuredmedia":[{"embeddable":true,"href":"https:\/\/ecosupplements.be\/fr\/wp-json\/wp\/v2\/media\/264368"}],"wp:attachment":[{"href":"https:\/\/ecosupplements.be\/fr\/wp-json\/wp\/v2\/media?parent=288391"}],"wp:term":[{"taxonomy":"product_brand","embeddable":true,"href":"https:\/\/ecosupplements.be\/fr\/wp-json\/wp\/v2\/product_brand?post=288391"},{"taxonomy":"product_cat","embeddable":true,"href":"https:\/\/ecosupplements.be\/fr\/wp-json\/wp\/v2\/product_cat?post=288391"},{"taxonomy":"product_tag","embeddable":true,"href":"https:\/\/ecosupplements.be\/fr\/wp-json\/wp\/v2\/product_tag?post=288391"}],"curies":[{"name":"wp","href":"https:\/\/api.w.org\/{rel}","templated":true}]}}