{"id":288415,"date":"2024-03-08T11:30:59","date_gmt":"2024-03-08T10:30:59","guid":{"rendered":"https:\/\/ecosupplements.be\/product\/baies-nordiques-multivitaminees-saveur-originale-120-baies-gelifiees\/"},"modified":"2025-08-27T14:40:16","modified_gmt":"2025-08-27T13:40:16","slug":"baies-nordiques-multivitaminees-saveur-originale-120-baies-gelifiees","status":"publish","type":"product","link":"https:\/\/ecosupplements.be\/fr\/produit\/baies-nordiques-multivitaminees-saveur-originale-120-baies-gelifiees\/","title":{"rendered":"Baies nordiques multivitamin\u00e9es, saveur originale &#8211; 120 baies g\u00e9lifi\u00e9es"},"content":{"rendered":"<h1>Nordic \u200bBerries Multivitamin, Original Flavor &#8211; \u2063120 gummy berries<\/h1>\n<p>Les Nordic Berries Multivitamin de Nordic Naturals\u200c sont \u200bdes gommes multivitamin\u00e9es\u2062 d\u00e9licieuses et nutritives\u2063 qui offrent \u2064un soutien complet pour la sant\u00e9 \u2064et le bien-\u00eatre. Chaque bouch\u00e9e contient \u200cune combinaison \u00e9quilibr\u00e9e de vitamines, min\u00e9raux et antioxydants essentiels pour maintenir un syst\u00e8me\u2062 immunitaire\u200b fort et \u2063une sant\u00e9 globale optimale.<\/p>\n<h2>Caract\u00e9ristiques sp\u00e9ciales :<\/h2>\n<ul>\n<li>120 gommes\u2062 multivitamin\u00e9es au go\u00fbt original<\/li>\n<li>Formule compl\u00e8te\u200c avec des vitamines, min\u00e9raux et antioxydants essentiels<\/li>\n<li>Facile \u00e0 m\u00e2cher\u2064 et \u00e0 dig\u00e9rer<\/li>\n<li>Sans gluten, \u2062produits laitiers, colorants ou ar\u00f4mes artificiels<\/li>\n<li>Convient aux\u200c adultes et\u2064 aux \u200denfants de 2 ans et plus<\/li>\n<\/ul>\n<h2>Ingr\u00e9dients cl\u00e9s :<\/h2>\n<p>Les Nordic \u200bBerries\u2063 Multivitamin contiennent une vari\u00e9t\u00e9 d&#8217;ingr\u00e9dients cl\u00e9s pour soutenir la sant\u00e9 et le bien-\u00eatre :<\/p>\n<ul>\n<li>Vitamine C\u2062 : \u2062un antioxydant puissant qui renforce le \u2062syst\u00e8me immunitaire et \u2063favorise la sant\u00e9 \u2063des os et des\u2063 dents<\/li>\n<li>Vitamine D3 : essentielle pour la sant\u00e9 des \u2063os et des dents, ainsi que pour le syst\u00e8me \u200bimmunitaire<\/li>\n<li>Vitamine \u2062A : importante pour la sant\u00e9 des yeux et de la peau<\/li>\n<li>Vitamine E \u2064: un antioxydant qui prot\u00e8ge \u200cles cellules contre les dommages \u2064caus\u00e9s par\u200b les radicaux\u200b libres<\/li>\n<li>Vitamine B12 : aide \u00e0 maintenir \u200dun syst\u00e8me nerveux sain et \u00e0 produire\u200c des globules rouges<\/li>\n<li>Zinc : soutient la fonction immunitaire et\u2062 la sant\u00e9 de la peau<\/li>\n<li>Iode : important pour la sant\u00e9 de la\u2064 thyro\u00efde et le m\u00e9tabolisme<\/li>\n<\/ul>\n<h2>Avantages uniques :<\/h2>\n<p>Les Nordic \u2062Berries Multivitamin sont un moyen\u200b pratique\u2064 et d\u00e9licieux d&#8217;obtenir tous \u200bles nutriments essentiels dont votre corps a besoin\u200b pour rester en bonne \u2062sant\u00e9. Leur formule compl\u00e8te \u200det \u00e9quilibr\u00e9e est \u200dsp\u00e9cialement con\u00e7ue pour soutenir le syst\u00e8me immunitaire, la \u200csant\u00e9 des os et des dents, \u2063ainsi que la \u2062sant\u00e9 globale. De plus, \u2064ces gommes\u200c multivitamin\u00e9es sont \u2063sans \u200bgluten, produits laitiers, colorants ou ar\u00f4mes artificiels, ce\u2063 qui les rend adapt\u00e9es \u00e0\u200d tous\u2064 les r\u00e9gimes\u2062 alimentaires.<\/p>\n<h2>Conseils d&#8217;utilisation :<\/h2>\n<p>Prenez deux gommes par jour pour les adultes\u200c et \u200bune \u2062gomme par jour pour les enfants de 2 ans \u2062et plus. M\u00e2chez bien avant d&#8217;avaler. \u2063Ne pas d\u00e9passer la dose recommand\u00e9e.<\/p>\n<p>Offrez \u00e0 votre corps \u2062le soutien dont il a besoin \u2062avec les\u200d Nordic Berries Multivitamin de Nordic Naturals. Ces gommes multivitamin\u00e9es d\u00e9licieuses et nutritives \u2063sont un\u2063 moyen pratique et savoureux de \u200cmaintenir \u2063une sant\u00e9\u2062 optimale.<\/p>\n","protected":false},"excerpt":{"rendered":"<p>Nordic \u200bBerries Multivitamin, Original Flavor &#8211; \u2063120 gummy berries Les Nordic Berries Multivitamin de Nordic Naturals\u200c sont \u200bdes gommes multivitamin\u00e9es\u2062 d\u00e9licieuses et nutritives\u2063 qui offrent \u2064un soutien complet pour la sant\u00e9 \u2064et le bien-\u00eatre. Chaque bouch\u00e9e contient \u200cune combinaison \u00e9quilibr\u00e9e de vitamines, min\u00e9raux et antioxydants essentiels pour maintenir un syst\u00e8me\u2062 immunitaire\u200b fort et \u2063une sant\u00e9 [&#8230;]\n","protected":false},"featured_media":264392,"comment_status":"open","ping_status":"open","template":"","meta":[],"product_brand":[4860],"product_cat":[5053,5059],"product_tag":[],"class_list":{"0":"post-288415","1":"product","2":"type-product","3":"status-publish","4":"has-post-thumbnail","6":"product_brand-nordic-naturals-2","7":"product_cat-vitamines-et-mineraux","8":"product_cat-vitamines-simples","10":"first","11":"instock","12":"taxable","13":"shipping-taxable","14":"purchasable","15":"product-type-simple"},"yoast_head":"<!-- This site is optimized with the Yoast SEO Premium plugin v27.3 (Yoast SEO v27.3) - https:\/\/yoast.com\/product\/yoast-seo-premium-wordpress\/ -->\n<title>Baies nordiques multivitamin\u00e9es, saveur originale - 120 baies g\u00e9lifi\u00e9es - ECO Supplements<\/title>\n<meta name=\"description\" content=\"Wij hebben een ruime keuze aan producten van Baies nordiques multivitamin\u00e9es, saveur originale - 120 baies g\u00e9lifi\u00e9es . Winkel bij Eco Supplements altijd gratis verzending boven 100\u20ac\" \/>\n<meta name=\"robots\" content=\"index, follow, max-snippet:-1, max-image-preview:large, max-video-preview:-1\" \/>\n<link rel=\"canonical\" href=\"https:\/\/ecosupplements.be\/fr\/produit\/baies-nordiques-multivitaminees-saveur-originale-120-baies-gelifiees\/\" \/>\n<meta property=\"og:locale\" content=\"fr_FR\" \/>\n<meta property=\"og:type\" content=\"article\" \/>\n<meta property=\"og:title\" content=\"Baies nordiques multivitamin\u00e9es, saveur originale - 120 baies g\u00e9lifi\u00e9es\" \/>\n<meta property=\"og:description\" content=\"Wij hebben een ruime keuze aan producten van Baies nordiques multivitamin\u00e9es, saveur originale - 120 baies g\u00e9lifi\u00e9es . Winkel bij Eco Supplements altijd gratis verzending boven 100\u20ac\" \/>\n<meta property=\"og:url\" content=\"https:\/\/ecosupplements.be\/fr\/produit\/baies-nordiques-multivitaminees-saveur-originale-120-baies-gelifiees\/\" \/>\n<meta property=\"og:site_name\" content=\"ECO Supplements\" \/>\n<meta property=\"article:modified_time\" content=\"2025-08-27T13:40:16+00:00\" \/>\n<meta property=\"og:image\" content=\"https:\/\/ecosupplements.be\/wp-content\/uploads\/2025\/08\/Nordic-Berries-Multivitamin-Original-Flavor-120-gummy-berries-1.jpg\" \/>\n\t<meta property=\"og:image:width\" content=\"840\" \/>\n\t<meta property=\"og:image:height\" content=\"840\" \/>\n\t<meta property=\"og:image:type\" content=\"image\/jpeg\" \/>\n<meta name=\"twitter:card\" content=\"summary_large_image\" \/>\n<meta name=\"twitter:label1\" content=\"Prix\" \/>\n\t<meta name=\"twitter:data1\" content=\"28.61&nbsp;&euro;\" \/>\n\t<meta name=\"twitter:label2\" content=\"Disponibilit\u00e9\" \/>\n\t<meta name=\"twitter:data2\" content=\"En stock\" \/>\n<script type=\"application\/ld+json\" class=\"yoast-schema-graph\">{\"@context\":\"https:\\\/\\\/schema.org\",\"@graph\":[{\"@type\":[\"WebPage\",\"ItemPage\"],\"@id\":\"https:\\\/\\\/ecosupplements.be\\\/fr\\\/produit\\\/baies-nordiques-multivitaminees-saveur-originale-120-baies-gelifiees\\\/\",\"url\":\"https:\\\/\\\/ecosupplements.be\\\/fr\\\/produit\\\/baies-nordiques-multivitaminees-saveur-originale-120-baies-gelifiees\\\/\",\"name\":\"Baies nordiques multivitamin\u00e9es, saveur originale - 120 baies g\u00e9lifi\u00e9es - ECO Supplements\",\"isPartOf\":{\"@id\":\"https:\\\/\\\/ecosupplements.be\\\/fr\\\/#website\"},\"primaryImageOfPage\":{\"@id\":\"https:\\\/\\\/ecosupplements.be\\\/fr\\\/produit\\\/baies-nordiques-multivitaminees-saveur-originale-120-baies-gelifiees\\\/#primaryimage\"},\"image\":{\"@id\":\"https:\\\/\\\/ecosupplements.be\\\/fr\\\/produit\\\/baies-nordiques-multivitaminees-saveur-originale-120-baies-gelifiees\\\/#primaryimage\"},\"thumbnailUrl\":\"https:\\\/\\\/ecosupplements.be\\\/wp-content\\\/uploads\\\/2025\\\/08\\\/Nordic-Berries-Multivitamin-Original-Flavor-120-gummy-berries.jpg\",\"datePublished\":\"2024-03-08T10:30:59+00:00\",\"dateModified\":\"2025-08-27T13:40:16+00:00\",\"description\":\"Wij hebben een ruime keuze aan producten van Baies nordiques multivitamin\u00e9es, saveur originale - 120 baies g\u00e9lifi\u00e9es . Winkel bij Eco Supplements altijd gratis verzending boven 100\u20ac\",\"breadcrumb\":{\"@id\":\"https:\\\/\\\/ecosupplements.be\\\/fr\\\/produit\\\/baies-nordiques-multivitaminees-saveur-originale-120-baies-gelifiees\\\/#breadcrumb\"},\"inLanguage\":\"fr-FR\",\"potentialAction\":[{\"@type\":\"ReadAction\",\"target\":[\"https:\\\/\\\/ecosupplements.be\\\/fr\\\/produit\\\/baies-nordiques-multivitaminees-saveur-originale-120-baies-gelifiees\\\/\"]}]},{\"@type\":\"ImageObject\",\"inLanguage\":\"fr-FR\",\"@id\":\"https:\\\/\\\/ecosupplements.be\\\/fr\\\/produit\\\/baies-nordiques-multivitaminees-saveur-originale-120-baies-gelifiees\\\/#primaryimage\",\"url\":\"https:\\\/\\\/ecosupplements.be\\\/wp-content\\\/uploads\\\/2025\\\/08\\\/Nordic-Berries-Multivitamin-Original-Flavor-120-gummy-berries.jpg\",\"contentUrl\":\"https:\\\/\\\/ecosupplements.be\\\/wp-content\\\/uploads\\\/2025\\\/08\\\/Nordic-Berries-Multivitamin-Original-Flavor-120-gummy-berries.jpg\",\"width\":840,\"height\":840},{\"@type\":\"BreadcrumbList\",\"@id\":\"https:\\\/\\\/ecosupplements.be\\\/fr\\\/produit\\\/baies-nordiques-multivitaminees-saveur-originale-120-baies-gelifiees\\\/#breadcrumb\",\"itemListElement\":[{\"@type\":\"ListItem\",\"position\":1,\"name\":\"Home\",\"item\":\"https:\\\/\\\/ecosupplements.be\\\/fr\\\/\"},{\"@type\":\"ListItem\",\"position\":2,\"name\":\"Boutique\",\"item\":\"https:\\\/\\\/ecosupplements.be\\\/fr\\\/boutique\\\/\"},{\"@type\":\"ListItem\",\"position\":3,\"name\":\"Baies nordiques multivitamin\u00e9es, saveur originale &#8211; 120 baies g\u00e9lifi\u00e9es\"}]},{\"@type\":\"WebSite\",\"@id\":\"https:\\\/\\\/ecosupplements.be\\\/fr\\\/#website\",\"url\":\"https:\\\/\\\/ecosupplements.be\\\/fr\\\/\",\"name\":\"ECO Supplements\",\"description\":\"Eco Supplements - Gezonde supplementen\",\"publisher\":{\"@id\":\"https:\\\/\\\/ecosupplements.be\\\/fr\\\/#organization\"},\"potentialAction\":[{\"@type\":\"SearchAction\",\"target\":{\"@type\":\"EntryPoint\",\"urlTemplate\":\"https:\\\/\\\/ecosupplements.be\\\/fr\\\/?s={search_term_string}\"},\"query-input\":{\"@type\":\"PropertyValueSpecification\",\"valueRequired\":true,\"valueName\":\"search_term_string\"}}],\"inLanguage\":\"fr-FR\"},{\"@type\":\"Organization\",\"@id\":\"https:\\\/\\\/ecosupplements.be\\\/fr\\\/#organization\",\"name\":\"Eco Supplements\",\"url\":\"https:\\\/\\\/ecosupplements.be\\\/fr\\\/\",\"logo\":{\"@type\":\"ImageObject\",\"inLanguage\":\"fr-FR\",\"@id\":\"https:\\\/\\\/ecosupplements.be\\\/fr\\\/#\\\/schema\\\/logo\\\/image\\\/\",\"url\":\"https:\\\/\\\/ecosupplements.be\\\/wp-content\\\/uploads\\\/2022\\\/06\\\/ecosupplement-family.png\",\"contentUrl\":\"https:\\\/\\\/ecosupplements.be\\\/wp-content\\\/uploads\\\/2022\\\/06\\\/ecosupplement-family.png\",\"width\":593,\"height\":374,\"caption\":\"Eco Supplements\"},\"image\":{\"@id\":\"https:\\\/\\\/ecosupplements.be\\\/fr\\\/#\\\/schema\\\/logo\\\/image\\\/\"}}]}<\/script>\n<meta property=\"product:brand\" content=\"Nordic Naturals\" \/>\n<meta property=\"product:price:amount\" content=\"28.61\" \/>\n<meta property=\"product:price:currency\" content=\"EUR\" \/>\n<meta property=\"og:availability\" content=\"instock\" \/>\n<meta property=\"product:availability\" content=\"instock\" \/>\n<meta property=\"product:retailer_item_id\" content=\"768990301209\" \/>\n<meta property=\"product:condition\" content=\"new\" \/>\n<!-- \/ Yoast SEO Premium plugin. -->","yoast_head_json":{"title":"Baies nordiques multivitamin\u00e9es, saveur originale - 120 baies g\u00e9lifi\u00e9es - ECO Supplements","description":"Wij hebben een ruime keuze aan producten van Baies nordiques multivitamin\u00e9es, saveur originale - 120 baies g\u00e9lifi\u00e9es . Winkel bij Eco Supplements altijd gratis verzending boven 100\u20ac","robots":{"index":"index","follow":"follow","max-snippet":"max-snippet:-1","max-image-preview":"max-image-preview:large","max-video-preview":"max-video-preview:-1"},"canonical":"https:\/\/ecosupplements.be\/fr\/produit\/baies-nordiques-multivitaminees-saveur-originale-120-baies-gelifiees\/","og_locale":"fr_FR","og_type":"article","og_title":"Baies nordiques multivitamin\u00e9es, saveur originale - 120 baies g\u00e9lifi\u00e9es","og_description":"Wij hebben een ruime keuze aan producten van Baies nordiques multivitamin\u00e9es, saveur originale - 120 baies g\u00e9lifi\u00e9es . Winkel bij Eco Supplements altijd gratis verzending boven 100\u20ac","og_url":"https:\/\/ecosupplements.be\/fr\/produit\/baies-nordiques-multivitaminees-saveur-originale-120-baies-gelifiees\/","og_site_name":"ECO Supplements","article_modified_time":"2025-08-27T13:40:16+00:00","og_image":[{"width":840,"height":840,"url":"https:\/\/ecosupplements.be\/wp-content\/uploads\/2025\/08\/Nordic-Berries-Multivitamin-Original-Flavor-120-gummy-berries-1.jpg","type":"image\/jpeg"}],"twitter_card":"summary_large_image","twitter_misc":{"Prix":"28.61&nbsp;&euro;","Disponibilit\u00e9":"En stock"},"schema":{"@context":"https:\/\/schema.org","@graph":[{"@type":["WebPage","ItemPage"],"@id":"https:\/\/ecosupplements.be\/fr\/produit\/baies-nordiques-multivitaminees-saveur-originale-120-baies-gelifiees\/","url":"https:\/\/ecosupplements.be\/fr\/produit\/baies-nordiques-multivitaminees-saveur-originale-120-baies-gelifiees\/","name":"Baies nordiques multivitamin\u00e9es, saveur originale - 120 baies g\u00e9lifi\u00e9es - ECO Supplements","isPartOf":{"@id":"https:\/\/ecosupplements.be\/fr\/#website"},"primaryImageOfPage":{"@id":"https:\/\/ecosupplements.be\/fr\/produit\/baies-nordiques-multivitaminees-saveur-originale-120-baies-gelifiees\/#primaryimage"},"image":{"@id":"https:\/\/ecosupplements.be\/fr\/produit\/baies-nordiques-multivitaminees-saveur-originale-120-baies-gelifiees\/#primaryimage"},"thumbnailUrl":"https:\/\/ecosupplements.be\/wp-content\/uploads\/2025\/08\/Nordic-Berries-Multivitamin-Original-Flavor-120-gummy-berries.jpg","datePublished":"2024-03-08T10:30:59+00:00","dateModified":"2025-08-27T13:40:16+00:00","description":"Wij hebben een ruime keuze aan producten van Baies nordiques multivitamin\u00e9es, saveur originale - 120 baies g\u00e9lifi\u00e9es . Winkel bij Eco Supplements altijd gratis verzending boven 100\u20ac","breadcrumb":{"@id":"https:\/\/ecosupplements.be\/fr\/produit\/baies-nordiques-multivitaminees-saveur-originale-120-baies-gelifiees\/#breadcrumb"},"inLanguage":"fr-FR","potentialAction":[{"@type":"ReadAction","target":["https:\/\/ecosupplements.be\/fr\/produit\/baies-nordiques-multivitaminees-saveur-originale-120-baies-gelifiees\/"]}]},{"@type":"ImageObject","inLanguage":"fr-FR","@id":"https:\/\/ecosupplements.be\/fr\/produit\/baies-nordiques-multivitaminees-saveur-originale-120-baies-gelifiees\/#primaryimage","url":"https:\/\/ecosupplements.be\/wp-content\/uploads\/2025\/08\/Nordic-Berries-Multivitamin-Original-Flavor-120-gummy-berries.jpg","contentUrl":"https:\/\/ecosupplements.be\/wp-content\/uploads\/2025\/08\/Nordic-Berries-Multivitamin-Original-Flavor-120-gummy-berries.jpg","width":840,"height":840},{"@type":"BreadcrumbList","@id":"https:\/\/ecosupplements.be\/fr\/produit\/baies-nordiques-multivitaminees-saveur-originale-120-baies-gelifiees\/#breadcrumb","itemListElement":[{"@type":"ListItem","position":1,"name":"Home","item":"https:\/\/ecosupplements.be\/fr\/"},{"@type":"ListItem","position":2,"name":"Boutique","item":"https:\/\/ecosupplements.be\/fr\/boutique\/"},{"@type":"ListItem","position":3,"name":"Baies nordiques multivitamin\u00e9es, saveur originale &#8211; 120 baies g\u00e9lifi\u00e9es"}]},{"@type":"WebSite","@id":"https:\/\/ecosupplements.be\/fr\/#website","url":"https:\/\/ecosupplements.be\/fr\/","name":"ECO Supplements","description":"Eco Supplements - Gezonde supplementen","publisher":{"@id":"https:\/\/ecosupplements.be\/fr\/#organization"},"potentialAction":[{"@type":"SearchAction","target":{"@type":"EntryPoint","urlTemplate":"https:\/\/ecosupplements.be\/fr\/?s={search_term_string}"},"query-input":{"@type":"PropertyValueSpecification","valueRequired":true,"valueName":"search_term_string"}}],"inLanguage":"fr-FR"},{"@type":"Organization","@id":"https:\/\/ecosupplements.be\/fr\/#organization","name":"Eco Supplements","url":"https:\/\/ecosupplements.be\/fr\/","logo":{"@type":"ImageObject","inLanguage":"fr-FR","@id":"https:\/\/ecosupplements.be\/fr\/#\/schema\/logo\/image\/","url":"https:\/\/ecosupplements.be\/wp-content\/uploads\/2022\/06\/ecosupplement-family.png","contentUrl":"https:\/\/ecosupplements.be\/wp-content\/uploads\/2022\/06\/ecosupplement-family.png","width":593,"height":374,"caption":"Eco Supplements"},"image":{"@id":"https:\/\/ecosupplements.be\/fr\/#\/schema\/logo\/image\/"}}]},"product_brand":"Nordic Naturals","product_price_amount":"28.61","product_price_currency":"EUR","og_availability":"instock","product_availability":"instock","product_retailer_item_id":"768990301209","product_condition":"new"},"_links":{"self":[{"href":"https:\/\/ecosupplements.be\/fr\/wp-json\/wp\/v2\/product\/288415","targetHints":{"allow":["GET"]}}],"collection":[{"href":"https:\/\/ecosupplements.be\/fr\/wp-json\/wp\/v2\/product"}],"about":[{"href":"https:\/\/ecosupplements.be\/fr\/wp-json\/wp\/v2\/types\/product"}],"replies":[{"embeddable":true,"href":"https:\/\/ecosupplements.be\/fr\/wp-json\/wp\/v2\/comments?post=288415"}],"wp:featuredmedia":[{"embeddable":true,"href":"https:\/\/ecosupplements.be\/fr\/wp-json\/wp\/v2\/media\/264392"}],"wp:attachment":[{"href":"https:\/\/ecosupplements.be\/fr\/wp-json\/wp\/v2\/media?parent=288415"}],"wp:term":[{"taxonomy":"product_brand","embeddable":true,"href":"https:\/\/ecosupplements.be\/fr\/wp-json\/wp\/v2\/product_brand?post=288415"},{"taxonomy":"product_cat","embeddable":true,"href":"https:\/\/ecosupplements.be\/fr\/wp-json\/wp\/v2\/product_cat?post=288415"},{"taxonomy":"product_tag","embeddable":true,"href":"https:\/\/ecosupplements.be\/fr\/wp-json\/wp\/v2\/product_tag?post=288415"}],"curies":[{"name":"wp","href":"https:\/\/api.w.org\/{rel}","templated":true}]}}