{"id":288433,"date":"2024-03-08T12:11:09","date_gmt":"2024-03-08T11:11:09","guid":{"rendered":"https:\/\/ecosupplements.be\/product\/nordic-omega-3-poissons-300mg-delicieuse-saveur-tutti-frutti-36-poissons\/"},"modified":"2025-08-27T14:40:34","modified_gmt":"2025-08-27T13:40:34","slug":"nordic-omega-3-poissons-300mg-delicieuse-saveur-tutti-frutti-36-poissons","status":"publish","type":"product","link":"https:\/\/ecosupplements.be\/fr\/produit\/nordic-omega-3-poissons-300mg-delicieuse-saveur-tutti-frutti-36-poissons\/","title":{"rendered":"Nordic Om\u00e9ga-3 Poissons, 300mg D\u00e9licieuse Saveur Tutti Frutti &#8211; 36 poissons"},"content":{"rendered":"<h1>Nordic Omega-3 Fishies, \u2064300mg Yummy Tutti Frutti Taste &#8211; \u200d36 fishies<\/h1>\n<p>Les Nordic Omega-3 Fishies sont des compl\u00e9ments alimentaires \u00e0 base d&#8217;huile\u2062 de\u200b poisson riche en om\u00e9ga-3, sp\u00e9cialement con\u00e7us pour les enfants. Avec leur d\u00e9licieux go\u00fbt tutti frutti, ces petits poissons g\u00e9lifi\u00e9s sont une fa\u00e7on amusante et savoureuse pour les enfants de b\u00e9n\u00e9ficier des bienfaits des om\u00e9ga-3.<\/p>\n<p>Chaque bo\u00eete contient \u206236 fishies, chacun apportant\u2064 300mg d&#8217;om\u00e9ga-3, dont 150mg d&#8217;EPA et 100mg\u200b de DHA. Ces acides\u200d gras essentiels sont \u2064essentiels pour le bon d\u00e9veloppement du cerveau, des yeux et du syst\u00e8me nerveux des\u200d enfants.<\/p>\n<p>Les Nordic\u200d Omega-3 \u2062Fishies sont fabriqu\u00e9s \u00e0 partir d&#8217;huile de poisson \u2062de qualit\u00e9 sup\u00e9rieure, provenant de poissons sauvages p\u00each\u00e9s dans les eaux froides\u2062 et pures de l&#8217;oc\u00e9an Arctique. Cette\u200b huile\u2064 est ensuite\u2063 purifi\u00e9e et distill\u00e9e \u200cpour \u00e9liminer les impuret\u00e9s et les\u200d m\u00e9taux lourds, garantissant ainsi un produit s\u00fbr et de haute qualit\u00e9.<\/p>\n<p>En\u2064 plus de leur\u2063 apport en om\u00e9ga-3, ces fishies contiennent \u00e9galement de\u2064 la vitamine D3, qui contribue \u00e0 la sant\u00e9 des os et des dents, ainsi que de la vitamine A, qui \u2064soutient la sant\u00e9 des yeux et du syst\u00e8me immunitaire.<\/p>\n<p>Les\u200b Nordic Omega-3 Fishies sont sans gluten, sans colorants artificiels et sans conservateurs. Ils sont \u2062\u00e9galement test\u00e9s par des \u200dtiers pour garantir leur puret\u00e9\u200d et leur \u2063efficacit\u00e9.<\/p>\n<p>Offrez \u00e0 vos enfants\u2064 une \u2063dose quotidienne de\u200b bienfaits pour \u200cleur sant\u00e9 avec les Nordic Omega-3 Fishies. Leur go\u00fbt d\u00e9licieux et leur forme amusante en\u200d font un compl\u00e9ment alimentaire que les \u200cenfants adoreront prendre chaque jour. N&#8217;attendez plus, adoptez les Nordic Omega-3 \u2064Fishies pour une sant\u00e9 optimale de \u200bvos enfants\u200b !<\/p>\n","protected":false},"excerpt":{"rendered":"<p>Nordic Omega-3 Fishies, \u2064300mg Yummy Tutti Frutti Taste &#8211; \u200d36 fishies Les Nordic Omega-3 Fishies sont des compl\u00e9ments alimentaires \u00e0 base d&#8217;huile\u2062 de\u200b poisson riche en om\u00e9ga-3, sp\u00e9cialement con\u00e7us pour les enfants. Avec leur d\u00e9licieux go\u00fbt tutti frutti, ces petits poissons g\u00e9lifi\u00e9s sont une fa\u00e7on amusante et savoureuse pour les enfants de b\u00e9n\u00e9ficier des bienfaits [&#8230;]\n","protected":false},"featured_media":264413,"comment_status":"open","ping_status":"open","template":"","meta":[],"product_brand":[4860],"product_cat":[5082,5053],"product_tag":[],"class_list":{"0":"post-288433","1":"product","2":"type-product","3":"status-publish","4":"has-post-thumbnail","6":"product_brand-nordic-naturals-2","7":"product_cat-omegas-efa-cla-huiles","8":"product_cat-vitamines-et-mineraux","10":"first","11":"instock","12":"taxable","13":"shipping-taxable","14":"purchasable","15":"product-type-simple"},"yoast_head":"<!-- This site is optimized with the Yoast SEO Premium plugin v27.3 (Yoast SEO v27.3) - https:\/\/yoast.com\/product\/yoast-seo-premium-wordpress\/ -->\n<title>Nordic Om\u00e9ga-3 Poissons, 300mg D\u00e9licieuse Saveur Tutti Frutti - 36 poissons - ECO Supplements<\/title>\n<meta name=\"description\" content=\"Wij hebben een ruime keuze aan producten van Nordic Om\u00e9ga-3 Poissons, 300mg D\u00e9licieuse Saveur Tutti Frutti - 36 poissons . Winkel bij Eco Supplements altijd gratis verzending boven 100\u20ac\" \/>\n<meta name=\"robots\" content=\"index, follow, max-snippet:-1, max-image-preview:large, max-video-preview:-1\" \/>\n<link rel=\"canonical\" href=\"https:\/\/ecosupplements.be\/fr\/produit\/nordic-omega-3-poissons-300mg-delicieuse-saveur-tutti-frutti-36-poissons\/\" \/>\n<meta property=\"og:locale\" content=\"fr_FR\" \/>\n<meta property=\"og:type\" content=\"article\" \/>\n<meta property=\"og:title\" content=\"Nordic Om\u00e9ga-3 Poissons, 300mg D\u00e9licieuse Saveur Tutti Frutti - 36 poissons\" \/>\n<meta property=\"og:description\" content=\"Wij hebben een ruime keuze aan producten van Nordic Om\u00e9ga-3 Poissons, 300mg D\u00e9licieuse Saveur Tutti Frutti - 36 poissons . Winkel bij Eco Supplements altijd gratis verzending boven 100\u20ac\" \/>\n<meta property=\"og:url\" content=\"https:\/\/ecosupplements.be\/fr\/produit\/nordic-omega-3-poissons-300mg-delicieuse-saveur-tutti-frutti-36-poissons\/\" \/>\n<meta property=\"og:site_name\" content=\"ECO Supplements\" \/>\n<meta property=\"article:modified_time\" content=\"2025-08-27T13:40:34+00:00\" \/>\n<meta property=\"og:image\" content=\"https:\/\/ecosupplements.be\/wp-content\/uploads\/2025\/08\/Nordic-Omega-3-Fishies-300mg-Yummy-Tutti-Frutti-Taste-36-fishies-1.jpg\" \/>\n\t<meta property=\"og:image:width\" content=\"679\" \/>\n\t<meta property=\"og:image:height\" content=\"900\" \/>\n\t<meta property=\"og:image:type\" content=\"image\/jpeg\" \/>\n<meta name=\"twitter:card\" content=\"summary_large_image\" \/>\n<meta name=\"twitter:label1\" content=\"Prix\" \/>\n\t<meta name=\"twitter:data1\" content=\"25.59&nbsp;&euro;\" \/>\n\t<meta name=\"twitter:label2\" content=\"Disponibilit\u00e9\" \/>\n\t<meta name=\"twitter:data2\" content=\"En stock\" \/>\n<script type=\"application\/ld+json\" class=\"yoast-schema-graph\">{\"@context\":\"https:\\\/\\\/schema.org\",\"@graph\":[{\"@type\":[\"WebPage\",\"ItemPage\"],\"@id\":\"https:\\\/\\\/ecosupplements.be\\\/fr\\\/produit\\\/nordic-omega-3-poissons-300mg-delicieuse-saveur-tutti-frutti-36-poissons\\\/\",\"url\":\"https:\\\/\\\/ecosupplements.be\\\/fr\\\/produit\\\/nordic-omega-3-poissons-300mg-delicieuse-saveur-tutti-frutti-36-poissons\\\/\",\"name\":\"Nordic Om\u00e9ga-3 Poissons, 300mg D\u00e9licieuse Saveur Tutti Frutti - 36 poissons - ECO Supplements\",\"isPartOf\":{\"@id\":\"https:\\\/\\\/ecosupplements.be\\\/fr\\\/#website\"},\"primaryImageOfPage\":{\"@id\":\"https:\\\/\\\/ecosupplements.be\\\/fr\\\/produit\\\/nordic-omega-3-poissons-300mg-delicieuse-saveur-tutti-frutti-36-poissons\\\/#primaryimage\"},\"image\":{\"@id\":\"https:\\\/\\\/ecosupplements.be\\\/fr\\\/produit\\\/nordic-omega-3-poissons-300mg-delicieuse-saveur-tutti-frutti-36-poissons\\\/#primaryimage\"},\"thumbnailUrl\":\"https:\\\/\\\/ecosupplements.be\\\/wp-content\\\/uploads\\\/2025\\\/08\\\/Nordic-Omega-3-Fishies-300mg-Yummy-Tutti-Frutti-Taste-36-fishies.jpg\",\"datePublished\":\"2024-03-08T11:11:09+00:00\",\"dateModified\":\"2025-08-27T13:40:34+00:00\",\"description\":\"Wij hebben een ruime keuze aan producten van Nordic Om\u00e9ga-3 Poissons, 300mg D\u00e9licieuse Saveur Tutti Frutti - 36 poissons . Winkel bij Eco Supplements altijd gratis verzending boven 100\u20ac\",\"breadcrumb\":{\"@id\":\"https:\\\/\\\/ecosupplements.be\\\/fr\\\/produit\\\/nordic-omega-3-poissons-300mg-delicieuse-saveur-tutti-frutti-36-poissons\\\/#breadcrumb\"},\"inLanguage\":\"fr-FR\",\"potentialAction\":[{\"@type\":\"ReadAction\",\"target\":[\"https:\\\/\\\/ecosupplements.be\\\/fr\\\/produit\\\/nordic-omega-3-poissons-300mg-delicieuse-saveur-tutti-frutti-36-poissons\\\/\"]}]},{\"@type\":\"ImageObject\",\"inLanguage\":\"fr-FR\",\"@id\":\"https:\\\/\\\/ecosupplements.be\\\/fr\\\/produit\\\/nordic-omega-3-poissons-300mg-delicieuse-saveur-tutti-frutti-36-poissons\\\/#primaryimage\",\"url\":\"https:\\\/\\\/ecosupplements.be\\\/wp-content\\\/uploads\\\/2025\\\/08\\\/Nordic-Omega-3-Fishies-300mg-Yummy-Tutti-Frutti-Taste-36-fishies.jpg\",\"contentUrl\":\"https:\\\/\\\/ecosupplements.be\\\/wp-content\\\/uploads\\\/2025\\\/08\\\/Nordic-Omega-3-Fishies-300mg-Yummy-Tutti-Frutti-Taste-36-fishies.jpg\",\"width\":679,\"height\":900},{\"@type\":\"BreadcrumbList\",\"@id\":\"https:\\\/\\\/ecosupplements.be\\\/fr\\\/produit\\\/nordic-omega-3-poissons-300mg-delicieuse-saveur-tutti-frutti-36-poissons\\\/#breadcrumb\",\"itemListElement\":[{\"@type\":\"ListItem\",\"position\":1,\"name\":\"Home\",\"item\":\"https:\\\/\\\/ecosupplements.be\\\/fr\\\/\"},{\"@type\":\"ListItem\",\"position\":2,\"name\":\"Boutique\",\"item\":\"https:\\\/\\\/ecosupplements.be\\\/fr\\\/boutique\\\/\"},{\"@type\":\"ListItem\",\"position\":3,\"name\":\"Nordic Om\u00e9ga-3 Poissons, 300mg D\u00e9licieuse Saveur Tutti Frutti &#8211; 36 poissons\"}]},{\"@type\":\"WebSite\",\"@id\":\"https:\\\/\\\/ecosupplements.be\\\/fr\\\/#website\",\"url\":\"https:\\\/\\\/ecosupplements.be\\\/fr\\\/\",\"name\":\"ECO Supplements\",\"description\":\"Eco Supplements - Gezonde supplementen\",\"publisher\":{\"@id\":\"https:\\\/\\\/ecosupplements.be\\\/fr\\\/#organization\"},\"potentialAction\":[{\"@type\":\"SearchAction\",\"target\":{\"@type\":\"EntryPoint\",\"urlTemplate\":\"https:\\\/\\\/ecosupplements.be\\\/fr\\\/?s={search_term_string}\"},\"query-input\":{\"@type\":\"PropertyValueSpecification\",\"valueRequired\":true,\"valueName\":\"search_term_string\"}}],\"inLanguage\":\"fr-FR\"},{\"@type\":\"Organization\",\"@id\":\"https:\\\/\\\/ecosupplements.be\\\/fr\\\/#organization\",\"name\":\"Eco Supplements\",\"url\":\"https:\\\/\\\/ecosupplements.be\\\/fr\\\/\",\"logo\":{\"@type\":\"ImageObject\",\"inLanguage\":\"fr-FR\",\"@id\":\"https:\\\/\\\/ecosupplements.be\\\/fr\\\/#\\\/schema\\\/logo\\\/image\\\/\",\"url\":\"https:\\\/\\\/ecosupplements.be\\\/wp-content\\\/uploads\\\/2022\\\/06\\\/ecosupplement-family.png\",\"contentUrl\":\"https:\\\/\\\/ecosupplements.be\\\/wp-content\\\/uploads\\\/2022\\\/06\\\/ecosupplement-family.png\",\"width\":593,\"height\":374,\"caption\":\"Eco Supplements\"},\"image\":{\"@id\":\"https:\\\/\\\/ecosupplements.be\\\/fr\\\/#\\\/schema\\\/logo\\\/image\\\/\"}}]}<\/script>\n<meta property=\"product:brand\" content=\"Nordic Naturals\" \/>\n<meta property=\"product:price:amount\" content=\"25.59\" \/>\n<meta property=\"product:price:currency\" content=\"EUR\" \/>\n<meta property=\"og:availability\" content=\"instock\" \/>\n<meta property=\"product:availability\" content=\"instock\" \/>\n<meta property=\"product:retailer_item_id\" content=\"768990311307\" \/>\n<meta property=\"product:condition\" content=\"new\" \/>\n<!-- \/ Yoast SEO Premium plugin. -->","yoast_head_json":{"title":"Nordic Om\u00e9ga-3 Poissons, 300mg D\u00e9licieuse Saveur Tutti Frutti - 36 poissons - ECO Supplements","description":"Wij hebben een ruime keuze aan producten van Nordic Om\u00e9ga-3 Poissons, 300mg D\u00e9licieuse Saveur Tutti Frutti - 36 poissons . Winkel bij Eco Supplements altijd gratis verzending boven 100\u20ac","robots":{"index":"index","follow":"follow","max-snippet":"max-snippet:-1","max-image-preview":"max-image-preview:large","max-video-preview":"max-video-preview:-1"},"canonical":"https:\/\/ecosupplements.be\/fr\/produit\/nordic-omega-3-poissons-300mg-delicieuse-saveur-tutti-frutti-36-poissons\/","og_locale":"fr_FR","og_type":"article","og_title":"Nordic Om\u00e9ga-3 Poissons, 300mg D\u00e9licieuse Saveur Tutti Frutti - 36 poissons","og_description":"Wij hebben een ruime keuze aan producten van Nordic Om\u00e9ga-3 Poissons, 300mg D\u00e9licieuse Saveur Tutti Frutti - 36 poissons . Winkel bij Eco Supplements altijd gratis verzending boven 100\u20ac","og_url":"https:\/\/ecosupplements.be\/fr\/produit\/nordic-omega-3-poissons-300mg-delicieuse-saveur-tutti-frutti-36-poissons\/","og_site_name":"ECO Supplements","article_modified_time":"2025-08-27T13:40:34+00:00","og_image":[{"width":679,"height":900,"url":"https:\/\/ecosupplements.be\/wp-content\/uploads\/2025\/08\/Nordic-Omega-3-Fishies-300mg-Yummy-Tutti-Frutti-Taste-36-fishies-1.jpg","type":"image\/jpeg"}],"twitter_card":"summary_large_image","twitter_misc":{"Prix":"25.59&nbsp;&euro;","Disponibilit\u00e9":"En stock"},"schema":{"@context":"https:\/\/schema.org","@graph":[{"@type":["WebPage","ItemPage"],"@id":"https:\/\/ecosupplements.be\/fr\/produit\/nordic-omega-3-poissons-300mg-delicieuse-saveur-tutti-frutti-36-poissons\/","url":"https:\/\/ecosupplements.be\/fr\/produit\/nordic-omega-3-poissons-300mg-delicieuse-saveur-tutti-frutti-36-poissons\/","name":"Nordic Om\u00e9ga-3 Poissons, 300mg D\u00e9licieuse Saveur Tutti Frutti - 36 poissons - ECO Supplements","isPartOf":{"@id":"https:\/\/ecosupplements.be\/fr\/#website"},"primaryImageOfPage":{"@id":"https:\/\/ecosupplements.be\/fr\/produit\/nordic-omega-3-poissons-300mg-delicieuse-saveur-tutti-frutti-36-poissons\/#primaryimage"},"image":{"@id":"https:\/\/ecosupplements.be\/fr\/produit\/nordic-omega-3-poissons-300mg-delicieuse-saveur-tutti-frutti-36-poissons\/#primaryimage"},"thumbnailUrl":"https:\/\/ecosupplements.be\/wp-content\/uploads\/2025\/08\/Nordic-Omega-3-Fishies-300mg-Yummy-Tutti-Frutti-Taste-36-fishies.jpg","datePublished":"2024-03-08T11:11:09+00:00","dateModified":"2025-08-27T13:40:34+00:00","description":"Wij hebben een ruime keuze aan producten van Nordic Om\u00e9ga-3 Poissons, 300mg D\u00e9licieuse Saveur Tutti Frutti - 36 poissons . Winkel bij Eco Supplements altijd gratis verzending boven 100\u20ac","breadcrumb":{"@id":"https:\/\/ecosupplements.be\/fr\/produit\/nordic-omega-3-poissons-300mg-delicieuse-saveur-tutti-frutti-36-poissons\/#breadcrumb"},"inLanguage":"fr-FR","potentialAction":[{"@type":"ReadAction","target":["https:\/\/ecosupplements.be\/fr\/produit\/nordic-omega-3-poissons-300mg-delicieuse-saveur-tutti-frutti-36-poissons\/"]}]},{"@type":"ImageObject","inLanguage":"fr-FR","@id":"https:\/\/ecosupplements.be\/fr\/produit\/nordic-omega-3-poissons-300mg-delicieuse-saveur-tutti-frutti-36-poissons\/#primaryimage","url":"https:\/\/ecosupplements.be\/wp-content\/uploads\/2025\/08\/Nordic-Omega-3-Fishies-300mg-Yummy-Tutti-Frutti-Taste-36-fishies.jpg","contentUrl":"https:\/\/ecosupplements.be\/wp-content\/uploads\/2025\/08\/Nordic-Omega-3-Fishies-300mg-Yummy-Tutti-Frutti-Taste-36-fishies.jpg","width":679,"height":900},{"@type":"BreadcrumbList","@id":"https:\/\/ecosupplements.be\/fr\/produit\/nordic-omega-3-poissons-300mg-delicieuse-saveur-tutti-frutti-36-poissons\/#breadcrumb","itemListElement":[{"@type":"ListItem","position":1,"name":"Home","item":"https:\/\/ecosupplements.be\/fr\/"},{"@type":"ListItem","position":2,"name":"Boutique","item":"https:\/\/ecosupplements.be\/fr\/boutique\/"},{"@type":"ListItem","position":3,"name":"Nordic Om\u00e9ga-3 Poissons, 300mg D\u00e9licieuse Saveur Tutti Frutti &#8211; 36 poissons"}]},{"@type":"WebSite","@id":"https:\/\/ecosupplements.be\/fr\/#website","url":"https:\/\/ecosupplements.be\/fr\/","name":"ECO Supplements","description":"Eco Supplements - Gezonde supplementen","publisher":{"@id":"https:\/\/ecosupplements.be\/fr\/#organization"},"potentialAction":[{"@type":"SearchAction","target":{"@type":"EntryPoint","urlTemplate":"https:\/\/ecosupplements.be\/fr\/?s={search_term_string}"},"query-input":{"@type":"PropertyValueSpecification","valueRequired":true,"valueName":"search_term_string"}}],"inLanguage":"fr-FR"},{"@type":"Organization","@id":"https:\/\/ecosupplements.be\/fr\/#organization","name":"Eco Supplements","url":"https:\/\/ecosupplements.be\/fr\/","logo":{"@type":"ImageObject","inLanguage":"fr-FR","@id":"https:\/\/ecosupplements.be\/fr\/#\/schema\/logo\/image\/","url":"https:\/\/ecosupplements.be\/wp-content\/uploads\/2022\/06\/ecosupplement-family.png","contentUrl":"https:\/\/ecosupplements.be\/wp-content\/uploads\/2022\/06\/ecosupplement-family.png","width":593,"height":374,"caption":"Eco Supplements"},"image":{"@id":"https:\/\/ecosupplements.be\/fr\/#\/schema\/logo\/image\/"}}]},"product_brand":"Nordic Naturals","product_price_amount":"25.59","product_price_currency":"EUR","og_availability":"instock","product_availability":"instock","product_retailer_item_id":"768990311307","product_condition":"new"},"_links":{"self":[{"href":"https:\/\/ecosupplements.be\/fr\/wp-json\/wp\/v2\/product\/288433","targetHints":{"allow":["GET"]}}],"collection":[{"href":"https:\/\/ecosupplements.be\/fr\/wp-json\/wp\/v2\/product"}],"about":[{"href":"https:\/\/ecosupplements.be\/fr\/wp-json\/wp\/v2\/types\/product"}],"replies":[{"embeddable":true,"href":"https:\/\/ecosupplements.be\/fr\/wp-json\/wp\/v2\/comments?post=288433"}],"wp:featuredmedia":[{"embeddable":true,"href":"https:\/\/ecosupplements.be\/fr\/wp-json\/wp\/v2\/media\/264413"}],"wp:attachment":[{"href":"https:\/\/ecosupplements.be\/fr\/wp-json\/wp\/v2\/media?parent=288433"}],"wp:term":[{"taxonomy":"product_brand","embeddable":true,"href":"https:\/\/ecosupplements.be\/fr\/wp-json\/wp\/v2\/product_brand?post=288433"},{"taxonomy":"product_cat","embeddable":true,"href":"https:\/\/ecosupplements.be\/fr\/wp-json\/wp\/v2\/product_cat?post=288433"},{"taxonomy":"product_tag","embeddable":true,"href":"https:\/\/ecosupplements.be\/fr\/wp-json\/wp\/v2\/product_tag?post=288433"}],"curies":[{"name":"wp","href":"https:\/\/api.w.org\/{rel}","templated":true}]}}