{"id":288463,"date":"2024-03-08T13:10:11","date_gmt":"2024-03-08T12:10:11","guid":{"rendered":"https:\/\/ecosupplements.be\/product\/femme-omega-500mg-120-capsules-molles\/"},"modified":"2025-08-27T14:41:06","modified_gmt":"2025-08-27T13:41:06","slug":"femme-omega-500mg-120-capsules-molles","status":"publish","type":"product","link":"https:\/\/ecosupplements.be\/fr\/produit\/femme-omega-500mg-120-capsules-molles\/","title":{"rendered":"Femme Om\u00e9ga, 500mg &#8211; 120 capsules molles"},"content":{"rendered":"<h1>Omega Woman, 500mg &#8211; 120 softgels<\/h1>\n<p>D\u00e9couvrez\u200b le pouvoir \u200ddes acides gras om\u00e9ga-3\u2063 avec Omega\u200d Woman de Nordic Naturals. Ces softgels \u200dsont sp\u00e9cialement\u2062 con\u00e7us\u2063 pour r\u00e9pondre \u200daux besoins nutritionnels des femmes, en leur \u200bfournissant une source naturelle et pure d&#8217;acides gras essentiels.<\/p>\n<h2>Caract\u00e9ristiques sp\u00e9ciales:<\/h2>\n<ul>\n<li>Contient 500mg d&#8217;acides gras om\u00e9ga-3 par \u200csoftgel<\/li>\n<li>Formule sp\u00e9cialement con\u00e7ue \u200dpour les femmes<\/li>\n<li>Fabriqu\u00e9 \u00e0\u200d partir d&#8217;huile de poisson sauvage de\u2062 qualit\u00e9\u200c sup\u00e9rieure<\/li>\n<li>Sans \u2064OGM, sans gluten et sans colorants artificiels<\/li>\n<\/ul>\n<h2>Ingr\u00e9dients cl\u00e9s:<\/h2>\n<p>Omega Woman contient une combinaison\u200c d&#8217;acides gras om\u00e9ga-3 essentiels, notamment de l&#8217;EPA (acide eicosapenta\u00e9no\u00efque) et \u2064du DHA (acide docosahexa\u00e9no\u00efque). Ces acides gras \u2064sont essentiels pour la\u2062 sant\u00e9 et \u2064le \u2063bien-\u00eatre \u200bdes femmes, car ils aident \u00e0 maintenir un\u200d \u00e9quilibre hormonal sain, \u00e0 soutenir\u200d la \u200dsant\u00e9 cardiovasculaire et \u00e0 am\u00e9liorer\u2064 l&#8217;humeur et la cognition.<\/p>\n<h2>Avantages uniques:<\/h2>\n<ul>\n<li>Contribue \u00e0 un\u2062 \u00e9quilibre hormonal sain<\/li>\n<li>Soutient la \u2062sant\u00e9\u200d cardiovasculaire<\/li>\n<li>Am\u00e9liore \u200cl&#8217;humeur et la \u2062cognition<\/li>\n<li>Facile \u00e0 avaler et sans arri\u00e8re-go\u00fbt de poisson<\/li>\n<\/ul>\n<h2>Mode d&#8217;emploi:<\/h2>\n<p>Prenez 2 softgels par jour, de pr\u00e9f\u00e9rence avec un repas. Pour\u200b de meilleurs r\u00e9sultats, \u200dutilisez r\u00e9guli\u00e8rement.<\/p>\n<p>Ne pas d\u00e9passer la dose recommand\u00e9e. Consultez votre professionnel de sant\u00e9\u2063 avant de prendre ce produit si vous \u00eates enceinte, allaitez, prenez des m\u00e9dicaments ou si vous\u2063 avez un \u2064probl\u00e8me de sant\u00e9.<\/p>\n<p>Conservez dans un endroit frais et sec, \u00e0 l&#8217;abri \u2064de la lumi\u00e8re directe du soleil. Tenir hors de port\u00e9e \u200ddes enfants.<\/p>\n<p>Rejoignez des milliers de\u2063 femmes qui ont d\u00e9j\u00e0 d\u00e9couvert les bienfaits d&#8217;Omega Woman de Nordic Naturals. Commandez d\u00e8s maintenant et profitez d&#8217;une \u200csant\u00e9 optimale et d&#8217;un\u200c bien-\u00eatre \u2063g\u00e9n\u00e9ral.<\/p>\n","protected":false},"excerpt":{"rendered":"<p>Omega Woman, 500mg &#8211; 120 softgels D\u00e9couvrez\u200b le pouvoir \u200ddes acides gras om\u00e9ga-3\u2063 avec Omega\u200d Woman de Nordic Naturals. Ces softgels \u200dsont sp\u00e9cialement\u2062 con\u00e7us\u2063 pour r\u00e9pondre \u200daux besoins nutritionnels des femmes, en leur \u200bfournissant une source naturelle et pure d&#8217;acides gras essentiels. Caract\u00e9ristiques sp\u00e9ciales: Contient 500mg d&#8217;acides gras om\u00e9ga-3 par \u200csoftgel Formule sp\u00e9cialement con\u00e7ue \u200dpour [&#8230;]\n","protected":false},"featured_media":264443,"comment_status":"open","ping_status":"open","template":"","meta":[],"product_brand":[4860],"product_cat":[5082,5053],"product_tag":[],"class_list":{"0":"post-288463","1":"product","2":"type-product","3":"status-publish","4":"has-post-thumbnail","6":"product_brand-nordic-naturals-2","7":"product_cat-omegas-efa-cla-huiles","8":"product_cat-vitamines-et-mineraux","10":"first","11":"instock","12":"taxable","13":"shipping-taxable","14":"purchasable","15":"product-type-simple"},"yoast_head":"<!-- This site is optimized with the Yoast SEO Premium plugin v27.3 (Yoast SEO v27.3) - https:\/\/yoast.com\/product\/yoast-seo-premium-wordpress\/ -->\n<title>Femme Om\u00e9ga, 500mg - 120 capsules molles - ECO Supplements<\/title>\n<meta name=\"description\" content=\"Wij hebben een ruime keuze aan producten van Femme Om\u00e9ga, 500mg - 120 capsules molles . Winkel bij Eco Supplements altijd gratis verzending boven 100\u20ac\" \/>\n<meta name=\"robots\" content=\"index, follow, max-snippet:-1, max-image-preview:large, max-video-preview:-1\" \/>\n<link rel=\"canonical\" href=\"https:\/\/ecosupplements.be\/fr\/produit\/femme-omega-500mg-120-capsules-molles\/\" \/>\n<meta property=\"og:locale\" content=\"fr_FR\" \/>\n<meta property=\"og:type\" content=\"article\" \/>\n<meta property=\"og:title\" content=\"Femme Om\u00e9ga, 500mg - 120 capsules molles\" \/>\n<meta property=\"og:description\" content=\"Wij hebben een ruime keuze aan producten van Femme Om\u00e9ga, 500mg - 120 capsules molles . Winkel bij Eco Supplements altijd gratis verzending boven 100\u20ac\" \/>\n<meta property=\"og:url\" content=\"https:\/\/ecosupplements.be\/fr\/produit\/femme-omega-500mg-120-capsules-molles\/\" \/>\n<meta property=\"og:site_name\" content=\"ECO Supplements\" \/>\n<meta property=\"article:modified_time\" content=\"2025-08-27T13:41:06+00:00\" \/>\n<meta property=\"og:image\" content=\"https:\/\/ecosupplements.be\/wp-content\/uploads\/2025\/08\/Omega-Woman-500mg-120-softgels-1.jpg\" \/>\n\t<meta property=\"og:image:width\" content=\"831\" \/>\n\t<meta property=\"og:image:height\" content=\"770\" \/>\n\t<meta property=\"og:image:type\" content=\"image\/jpeg\" \/>\n<meta name=\"twitter:card\" content=\"summary_large_image\" \/>\n<meta name=\"twitter:label1\" content=\"Prix\" \/>\n\t<meta name=\"twitter:data1\" content=\"38.48&nbsp;&euro;\" \/>\n\t<meta name=\"twitter:label2\" content=\"Disponibilit\u00e9\" \/>\n\t<meta name=\"twitter:data2\" content=\"En stock\" \/>\n<script type=\"application\/ld+json\" class=\"yoast-schema-graph\">{\"@context\":\"https:\\\/\\\/schema.org\",\"@graph\":[{\"@type\":[\"WebPage\",\"ItemPage\"],\"@id\":\"https:\\\/\\\/ecosupplements.be\\\/fr\\\/produit\\\/femme-omega-500mg-120-capsules-molles\\\/\",\"url\":\"https:\\\/\\\/ecosupplements.be\\\/fr\\\/produit\\\/femme-omega-500mg-120-capsules-molles\\\/\",\"name\":\"Femme Om\u00e9ga, 500mg - 120 capsules molles - ECO Supplements\",\"isPartOf\":{\"@id\":\"https:\\\/\\\/ecosupplements.be\\\/fr\\\/#website\"},\"primaryImageOfPage\":{\"@id\":\"https:\\\/\\\/ecosupplements.be\\\/fr\\\/produit\\\/femme-omega-500mg-120-capsules-molles\\\/#primaryimage\"},\"image\":{\"@id\":\"https:\\\/\\\/ecosupplements.be\\\/fr\\\/produit\\\/femme-omega-500mg-120-capsules-molles\\\/#primaryimage\"},\"thumbnailUrl\":\"https:\\\/\\\/ecosupplements.be\\\/wp-content\\\/uploads\\\/2025\\\/08\\\/Omega-Woman-500mg-120-softgels.jpg\",\"datePublished\":\"2024-03-08T12:10:11+00:00\",\"dateModified\":\"2025-08-27T13:41:06+00:00\",\"description\":\"Wij hebben een ruime keuze aan producten van Femme Om\u00e9ga, 500mg - 120 capsules molles . Winkel bij Eco Supplements altijd gratis verzending boven 100\u20ac\",\"breadcrumb\":{\"@id\":\"https:\\\/\\\/ecosupplements.be\\\/fr\\\/produit\\\/femme-omega-500mg-120-capsules-molles\\\/#breadcrumb\"},\"inLanguage\":\"fr-FR\",\"potentialAction\":[{\"@type\":\"ReadAction\",\"target\":[\"https:\\\/\\\/ecosupplements.be\\\/fr\\\/produit\\\/femme-omega-500mg-120-capsules-molles\\\/\"]}]},{\"@type\":\"ImageObject\",\"inLanguage\":\"fr-FR\",\"@id\":\"https:\\\/\\\/ecosupplements.be\\\/fr\\\/produit\\\/femme-omega-500mg-120-capsules-molles\\\/#primaryimage\",\"url\":\"https:\\\/\\\/ecosupplements.be\\\/wp-content\\\/uploads\\\/2025\\\/08\\\/Omega-Woman-500mg-120-softgels.jpg\",\"contentUrl\":\"https:\\\/\\\/ecosupplements.be\\\/wp-content\\\/uploads\\\/2025\\\/08\\\/Omega-Woman-500mg-120-softgels.jpg\",\"width\":831,\"height\":770},{\"@type\":\"BreadcrumbList\",\"@id\":\"https:\\\/\\\/ecosupplements.be\\\/fr\\\/produit\\\/femme-omega-500mg-120-capsules-molles\\\/#breadcrumb\",\"itemListElement\":[{\"@type\":\"ListItem\",\"position\":1,\"name\":\"Home\",\"item\":\"https:\\\/\\\/ecosupplements.be\\\/fr\\\/\"},{\"@type\":\"ListItem\",\"position\":2,\"name\":\"Boutique\",\"item\":\"https:\\\/\\\/ecosupplements.be\\\/fr\\\/boutique\\\/\"},{\"@type\":\"ListItem\",\"position\":3,\"name\":\"Femme Om\u00e9ga, 500mg &#8211; 120 capsules molles\"}]},{\"@type\":\"WebSite\",\"@id\":\"https:\\\/\\\/ecosupplements.be\\\/fr\\\/#website\",\"url\":\"https:\\\/\\\/ecosupplements.be\\\/fr\\\/\",\"name\":\"ECO Supplements\",\"description\":\"Eco Supplements - Gezonde supplementen\",\"publisher\":{\"@id\":\"https:\\\/\\\/ecosupplements.be\\\/fr\\\/#organization\"},\"potentialAction\":[{\"@type\":\"SearchAction\",\"target\":{\"@type\":\"EntryPoint\",\"urlTemplate\":\"https:\\\/\\\/ecosupplements.be\\\/fr\\\/?s={search_term_string}\"},\"query-input\":{\"@type\":\"PropertyValueSpecification\",\"valueRequired\":true,\"valueName\":\"search_term_string\"}}],\"inLanguage\":\"fr-FR\"},{\"@type\":\"Organization\",\"@id\":\"https:\\\/\\\/ecosupplements.be\\\/fr\\\/#organization\",\"name\":\"Eco Supplements\",\"url\":\"https:\\\/\\\/ecosupplements.be\\\/fr\\\/\",\"logo\":{\"@type\":\"ImageObject\",\"inLanguage\":\"fr-FR\",\"@id\":\"https:\\\/\\\/ecosupplements.be\\\/fr\\\/#\\\/schema\\\/logo\\\/image\\\/\",\"url\":\"https:\\\/\\\/ecosupplements.be\\\/wp-content\\\/uploads\\\/2022\\\/06\\\/ecosupplement-family.png\",\"contentUrl\":\"https:\\\/\\\/ecosupplements.be\\\/wp-content\\\/uploads\\\/2022\\\/06\\\/ecosupplement-family.png\",\"width\":593,\"height\":374,\"caption\":\"Eco Supplements\"},\"image\":{\"@id\":\"https:\\\/\\\/ecosupplements.be\\\/fr\\\/#\\\/schema\\\/logo\\\/image\\\/\"}}]}<\/script>\n<meta property=\"product:brand\" content=\"Nordic Naturals\" \/>\n<meta property=\"product:price:amount\" content=\"38.48\" \/>\n<meta property=\"product:price:currency\" content=\"EUR\" \/>\n<meta property=\"og:availability\" content=\"instock\" \/>\n<meta property=\"product:availability\" content=\"instock\" \/>\n<meta property=\"product:retailer_item_id\" content=\"768990017803\" \/>\n<meta property=\"product:condition\" content=\"new\" \/>\n<!-- \/ Yoast SEO Premium plugin. -->","yoast_head_json":{"title":"Femme Om\u00e9ga, 500mg - 120 capsules molles - ECO Supplements","description":"Wij hebben een ruime keuze aan producten van Femme Om\u00e9ga, 500mg - 120 capsules molles . Winkel bij Eco Supplements altijd gratis verzending boven 100\u20ac","robots":{"index":"index","follow":"follow","max-snippet":"max-snippet:-1","max-image-preview":"max-image-preview:large","max-video-preview":"max-video-preview:-1"},"canonical":"https:\/\/ecosupplements.be\/fr\/produit\/femme-omega-500mg-120-capsules-molles\/","og_locale":"fr_FR","og_type":"article","og_title":"Femme Om\u00e9ga, 500mg - 120 capsules molles","og_description":"Wij hebben een ruime keuze aan producten van Femme Om\u00e9ga, 500mg - 120 capsules molles . Winkel bij Eco Supplements altijd gratis verzending boven 100\u20ac","og_url":"https:\/\/ecosupplements.be\/fr\/produit\/femme-omega-500mg-120-capsules-molles\/","og_site_name":"ECO Supplements","article_modified_time":"2025-08-27T13:41:06+00:00","og_image":[{"width":831,"height":770,"url":"https:\/\/ecosupplements.be\/wp-content\/uploads\/2025\/08\/Omega-Woman-500mg-120-softgels-1.jpg","type":"image\/jpeg"}],"twitter_card":"summary_large_image","twitter_misc":{"Prix":"38.48&nbsp;&euro;","Disponibilit\u00e9":"En stock"},"schema":{"@context":"https:\/\/schema.org","@graph":[{"@type":["WebPage","ItemPage"],"@id":"https:\/\/ecosupplements.be\/fr\/produit\/femme-omega-500mg-120-capsules-molles\/","url":"https:\/\/ecosupplements.be\/fr\/produit\/femme-omega-500mg-120-capsules-molles\/","name":"Femme Om\u00e9ga, 500mg - 120 capsules molles - ECO Supplements","isPartOf":{"@id":"https:\/\/ecosupplements.be\/fr\/#website"},"primaryImageOfPage":{"@id":"https:\/\/ecosupplements.be\/fr\/produit\/femme-omega-500mg-120-capsules-molles\/#primaryimage"},"image":{"@id":"https:\/\/ecosupplements.be\/fr\/produit\/femme-omega-500mg-120-capsules-molles\/#primaryimage"},"thumbnailUrl":"https:\/\/ecosupplements.be\/wp-content\/uploads\/2025\/08\/Omega-Woman-500mg-120-softgels.jpg","datePublished":"2024-03-08T12:10:11+00:00","dateModified":"2025-08-27T13:41:06+00:00","description":"Wij hebben een ruime keuze aan producten van Femme Om\u00e9ga, 500mg - 120 capsules molles . Winkel bij Eco Supplements altijd gratis verzending boven 100\u20ac","breadcrumb":{"@id":"https:\/\/ecosupplements.be\/fr\/produit\/femme-omega-500mg-120-capsules-molles\/#breadcrumb"},"inLanguage":"fr-FR","potentialAction":[{"@type":"ReadAction","target":["https:\/\/ecosupplements.be\/fr\/produit\/femme-omega-500mg-120-capsules-molles\/"]}]},{"@type":"ImageObject","inLanguage":"fr-FR","@id":"https:\/\/ecosupplements.be\/fr\/produit\/femme-omega-500mg-120-capsules-molles\/#primaryimage","url":"https:\/\/ecosupplements.be\/wp-content\/uploads\/2025\/08\/Omega-Woman-500mg-120-softgels.jpg","contentUrl":"https:\/\/ecosupplements.be\/wp-content\/uploads\/2025\/08\/Omega-Woman-500mg-120-softgels.jpg","width":831,"height":770},{"@type":"BreadcrumbList","@id":"https:\/\/ecosupplements.be\/fr\/produit\/femme-omega-500mg-120-capsules-molles\/#breadcrumb","itemListElement":[{"@type":"ListItem","position":1,"name":"Home","item":"https:\/\/ecosupplements.be\/fr\/"},{"@type":"ListItem","position":2,"name":"Boutique","item":"https:\/\/ecosupplements.be\/fr\/boutique\/"},{"@type":"ListItem","position":3,"name":"Femme Om\u00e9ga, 500mg &#8211; 120 capsules molles"}]},{"@type":"WebSite","@id":"https:\/\/ecosupplements.be\/fr\/#website","url":"https:\/\/ecosupplements.be\/fr\/","name":"ECO Supplements","description":"Eco Supplements - Gezonde supplementen","publisher":{"@id":"https:\/\/ecosupplements.be\/fr\/#organization"},"potentialAction":[{"@type":"SearchAction","target":{"@type":"EntryPoint","urlTemplate":"https:\/\/ecosupplements.be\/fr\/?s={search_term_string}"},"query-input":{"@type":"PropertyValueSpecification","valueRequired":true,"valueName":"search_term_string"}}],"inLanguage":"fr-FR"},{"@type":"Organization","@id":"https:\/\/ecosupplements.be\/fr\/#organization","name":"Eco Supplements","url":"https:\/\/ecosupplements.be\/fr\/","logo":{"@type":"ImageObject","inLanguage":"fr-FR","@id":"https:\/\/ecosupplements.be\/fr\/#\/schema\/logo\/image\/","url":"https:\/\/ecosupplements.be\/wp-content\/uploads\/2022\/06\/ecosupplement-family.png","contentUrl":"https:\/\/ecosupplements.be\/wp-content\/uploads\/2022\/06\/ecosupplement-family.png","width":593,"height":374,"caption":"Eco Supplements"},"image":{"@id":"https:\/\/ecosupplements.be\/fr\/#\/schema\/logo\/image\/"}}]},"product_brand":"Nordic Naturals","product_price_amount":"38.48","product_price_currency":"EUR","og_availability":"instock","product_availability":"instock","product_retailer_item_id":"768990017803","product_condition":"new"},"_links":{"self":[{"href":"https:\/\/ecosupplements.be\/fr\/wp-json\/wp\/v2\/product\/288463","targetHints":{"allow":["GET"]}}],"collection":[{"href":"https:\/\/ecosupplements.be\/fr\/wp-json\/wp\/v2\/product"}],"about":[{"href":"https:\/\/ecosupplements.be\/fr\/wp-json\/wp\/v2\/types\/product"}],"replies":[{"embeddable":true,"href":"https:\/\/ecosupplements.be\/fr\/wp-json\/wp\/v2\/comments?post=288463"}],"wp:featuredmedia":[{"embeddable":true,"href":"https:\/\/ecosupplements.be\/fr\/wp-json\/wp\/v2\/media\/264443"}],"wp:attachment":[{"href":"https:\/\/ecosupplements.be\/fr\/wp-json\/wp\/v2\/media?parent=288463"}],"wp:term":[{"taxonomy":"product_brand","embeddable":true,"href":"https:\/\/ecosupplements.be\/fr\/wp-json\/wp\/v2\/product_brand?post=288463"},{"taxonomy":"product_cat","embeddable":true,"href":"https:\/\/ecosupplements.be\/fr\/wp-json\/wp\/v2\/product_cat?post=288463"},{"taxonomy":"product_tag","embeddable":true,"href":"https:\/\/ecosupplements.be\/fr\/wp-json\/wp\/v2\/product_tag?post=288463"}],"curies":[{"name":"wp","href":"https:\/\/api.w.org\/{rel}","templated":true}]}}