{"id":288514,"date":"2024-03-08T14:40:14","date_gmt":"2024-03-08T13:40:14","guid":{"rendered":"https:\/\/ecosupplements.be\/product\/omega-3d-690mg-citron-120-capsules-molles\/"},"modified":"2025-08-27T14:41:54","modified_gmt":"2025-08-27T13:41:54","slug":"omega-3d-690mg-citron-120-capsules-molles","status":"publish","type":"product","link":"https:\/\/ecosupplements.be\/fr\/produit\/omega-3d-690mg-citron-120-capsules-molles\/","title":{"rendered":"Om\u00e9ga-3D, 690mg Citron &#8211; 120 capsules molles"},"content":{"rendered":"<h1>Omega-3D, 690mg Lemon &#8211; 120 softgels<\/h1>\n<p>Les Omega-3D de Nordic Naturals sont des softgels \u00e0 base d&#8217;huile de poisson riche\u200b en \u2063acides gras om\u00e9ga-3 \u2064essentiels. \u2064Chaque softgel contient 690mg d&#8217;huile de poisson de qualit\u00e9 sup\u00e9rieure, provenant de\u200b petits poissons\u200d sauvages tels que les sardines et les anchois.<\/p>\n<h2>Caract\u00e9ristiques sp\u00e9ciales:<\/h2>\n<ul>\n<li>Contient 690mg \u2062d&#8217;huile de poisson par\u200b softgel<\/li>\n<li>Riche en acides gras om\u00e9ga-3 essentiels<\/li>\n<li>Provenant de petits poissons sauvages<\/li>\n<li>Saveur citron pour une \u2062prise agr\u00e9able<\/li>\n<li>120 softgels par bouteille<\/li>\n<\/ul>\n<h2>Ingr\u00e9dients:<\/h2>\n<p>Huile de\u2063 poisson, g\u00e9latine, glyc\u00e9rine, eau, ar\u00f4me naturel de citron, extrait de romarin, tocoph\u00e9rols mixtes.<\/p>\n<h2>Avantages\u2063 uniques:<\/h2>\n<p>Les acides gras om\u00e9ga-3\u2062 sont essentiels pour notre sant\u00e9, mais \u2063notre\u200c corps ne peut pas les produire lui-m\u00eame. C&#8217;est pourquoi il est important\u200c de \u2063les obtenir \u00e0 travers notre alimentation\u2062 ou des suppl\u00e9ments. Les \u200cOmega-3D \u200dde Nordic Naturals sont une excellente source d&#8217;acides \u2064gras om\u00e9ga-3, qui peuvent aider \u200c\u00e0 maintenir une fonction cardiaque\u200d et c\u00e9r\u00e9brale saine, ainsi qu&#8217;\u00e0 soutenir la sant\u00e9 des articulations et de la peau.<\/p>\n<h2>Conseils d&#8217;utilisation:<\/h2>\n<p>Prendre \u200c2 softgels\u200c par jour, \u2063de pr\u00e9f\u00e9rence \u200bavec un repas.<\/p>\n<p>Les\u2064 produits Nordic Naturals sont fabriqu\u00e9s aux \u00c9tats-Unis et sont soumis \u00e0 des\u200c contr\u00f4les de qualit\u00e9 rigoureux pour \u200cgarantir \u200dleur puret\u00e9 et leur efficacit\u00e9. Les \u200cOmega-3D sont sans\u2062 OGM, sans gluten et sans\u200c colorants \u200cou ar\u00f4mes artificiels.<\/p>\n<p>Offrez \u00e0 votre corps les bienfaits des acides \u2062gras om\u00e9ga-3 avec les Omega-3D de Nordic Naturals. Commandez d\u00e8s\u2063 maintenant et profitez d&#8217;une sant\u00e9 optimale \u2064!<\/p>\n","protected":false},"excerpt":{"rendered":"<p>Omega-3D, 690mg Lemon &#8211; 120 softgels Les Omega-3D de Nordic Naturals sont des softgels \u00e0 base d&#8217;huile de poisson riche\u200b en \u2063acides gras om\u00e9ga-3 \u2064essentiels. \u2064Chaque softgel contient 690mg d&#8217;huile de poisson de qualit\u00e9 sup\u00e9rieure, provenant de\u200b petits poissons\u200d sauvages tels que les sardines et les anchois. Caract\u00e9ristiques sp\u00e9ciales: Contient 690mg \u2062d&#8217;huile de poisson par\u200b [&#8230;]\n","protected":false},"featured_media":264494,"comment_status":"open","ping_status":"open","template":"","meta":[],"product_brand":[4860],"product_cat":[5082,5053],"product_tag":[],"class_list":{"0":"post-288514","1":"product","2":"type-product","3":"status-publish","4":"has-post-thumbnail","6":"product_brand-nordic-naturals-2","7":"product_cat-omegas-efa-cla-huiles","8":"product_cat-vitamines-et-mineraux","10":"first","11":"instock","12":"taxable","13":"shipping-taxable","14":"purchasable","15":"product-type-simple"},"yoast_head":"<!-- This site is optimized with the Yoast SEO Premium plugin v27.3 (Yoast SEO v27.3) - https:\/\/yoast.com\/product\/yoast-seo-premium-wordpress\/ -->\n<title>Om\u00e9ga-3D, 690mg Citron - 120 capsules molles - ECO Supplements<\/title>\n<meta name=\"description\" content=\"Wij hebben een ruime keuze aan producten van Om\u00e9ga-3D, 690mg Citron - 120 capsules molles . Winkel bij Eco Supplements altijd gratis verzending boven 100\u20ac\" \/>\n<meta name=\"robots\" content=\"index, follow, max-snippet:-1, max-image-preview:large, max-video-preview:-1\" \/>\n<link rel=\"canonical\" href=\"https:\/\/ecosupplements.be\/fr\/produit\/omega-3d-690mg-citron-120-capsules-molles\/\" \/>\n<meta property=\"og:locale\" content=\"fr_FR\" \/>\n<meta property=\"og:type\" content=\"article\" \/>\n<meta property=\"og:title\" content=\"Om\u00e9ga-3D, 690mg Citron - 120 capsules molles\" \/>\n<meta property=\"og:description\" content=\"Wij hebben een ruime keuze aan producten van Om\u00e9ga-3D, 690mg Citron - 120 capsules molles . Winkel bij Eco Supplements altijd gratis verzending boven 100\u20ac\" \/>\n<meta property=\"og:url\" content=\"https:\/\/ecosupplements.be\/fr\/produit\/omega-3d-690mg-citron-120-capsules-molles\/\" \/>\n<meta property=\"og:site_name\" content=\"ECO Supplements\" \/>\n<meta property=\"article:modified_time\" content=\"2025-08-27T13:41:54+00:00\" \/>\n<meta property=\"og:image\" content=\"https:\/\/ecosupplements.be\/wp-content\/uploads\/2025\/08\/Omega-3D-690mg-Lemon-120-softgels-1.jpg\" \/>\n\t<meta property=\"og:image:width\" content=\"463\" \/>\n\t<meta property=\"og:image:height\" content=\"900\" \/>\n\t<meta property=\"og:image:type\" content=\"image\/jpeg\" \/>\n<meta name=\"twitter:card\" content=\"summary_large_image\" \/>\n<meta name=\"twitter:label1\" content=\"Prix\" \/>\n\t<meta name=\"twitter:data1\" content=\"39.04&nbsp;&euro;\" \/>\n\t<meta name=\"twitter:label2\" content=\"Disponibilit\u00e9\" \/>\n\t<meta name=\"twitter:data2\" content=\"En stock\" \/>\n<script type=\"application\/ld+json\" class=\"yoast-schema-graph\">{\"@context\":\"https:\\\/\\\/schema.org\",\"@graph\":[{\"@type\":[\"WebPage\",\"ItemPage\"],\"@id\":\"https:\\\/\\\/ecosupplements.be\\\/fr\\\/produit\\\/omega-3d-690mg-citron-120-capsules-molles\\\/\",\"url\":\"https:\\\/\\\/ecosupplements.be\\\/fr\\\/produit\\\/omega-3d-690mg-citron-120-capsules-molles\\\/\",\"name\":\"Om\u00e9ga-3D, 690mg Citron - 120 capsules molles - ECO Supplements\",\"isPartOf\":{\"@id\":\"https:\\\/\\\/ecosupplements.be\\\/fr\\\/#website\"},\"primaryImageOfPage\":{\"@id\":\"https:\\\/\\\/ecosupplements.be\\\/fr\\\/produit\\\/omega-3d-690mg-citron-120-capsules-molles\\\/#primaryimage\"},\"image\":{\"@id\":\"https:\\\/\\\/ecosupplements.be\\\/fr\\\/produit\\\/omega-3d-690mg-citron-120-capsules-molles\\\/#primaryimage\"},\"thumbnailUrl\":\"https:\\\/\\\/ecosupplements.be\\\/wp-content\\\/uploads\\\/2025\\\/08\\\/Omega-3D-690mg-Lemon-120-softgels.jpg\",\"datePublished\":\"2024-03-08T13:40:14+00:00\",\"dateModified\":\"2025-08-27T13:41:54+00:00\",\"description\":\"Wij hebben een ruime keuze aan producten van Om\u00e9ga-3D, 690mg Citron - 120 capsules molles . Winkel bij Eco Supplements altijd gratis verzending boven 100\u20ac\",\"breadcrumb\":{\"@id\":\"https:\\\/\\\/ecosupplements.be\\\/fr\\\/produit\\\/omega-3d-690mg-citron-120-capsules-molles\\\/#breadcrumb\"},\"inLanguage\":\"fr-FR\",\"potentialAction\":[{\"@type\":\"ReadAction\",\"target\":[\"https:\\\/\\\/ecosupplements.be\\\/fr\\\/produit\\\/omega-3d-690mg-citron-120-capsules-molles\\\/\"]}]},{\"@type\":\"ImageObject\",\"inLanguage\":\"fr-FR\",\"@id\":\"https:\\\/\\\/ecosupplements.be\\\/fr\\\/produit\\\/omega-3d-690mg-citron-120-capsules-molles\\\/#primaryimage\",\"url\":\"https:\\\/\\\/ecosupplements.be\\\/wp-content\\\/uploads\\\/2025\\\/08\\\/Omega-3D-690mg-Lemon-120-softgels.jpg\",\"contentUrl\":\"https:\\\/\\\/ecosupplements.be\\\/wp-content\\\/uploads\\\/2025\\\/08\\\/Omega-3D-690mg-Lemon-120-softgels.jpg\",\"width\":463,\"height\":900},{\"@type\":\"BreadcrumbList\",\"@id\":\"https:\\\/\\\/ecosupplements.be\\\/fr\\\/produit\\\/omega-3d-690mg-citron-120-capsules-molles\\\/#breadcrumb\",\"itemListElement\":[{\"@type\":\"ListItem\",\"position\":1,\"name\":\"Home\",\"item\":\"https:\\\/\\\/ecosupplements.be\\\/fr\\\/\"},{\"@type\":\"ListItem\",\"position\":2,\"name\":\"Boutique\",\"item\":\"https:\\\/\\\/ecosupplements.be\\\/fr\\\/boutique\\\/\"},{\"@type\":\"ListItem\",\"position\":3,\"name\":\"Om\u00e9ga-3D, 690mg Citron &#8211; 120 capsules molles\"}]},{\"@type\":\"WebSite\",\"@id\":\"https:\\\/\\\/ecosupplements.be\\\/fr\\\/#website\",\"url\":\"https:\\\/\\\/ecosupplements.be\\\/fr\\\/\",\"name\":\"ECO Supplements\",\"description\":\"Eco Supplements - Gezonde supplementen\",\"publisher\":{\"@id\":\"https:\\\/\\\/ecosupplements.be\\\/fr\\\/#organization\"},\"potentialAction\":[{\"@type\":\"SearchAction\",\"target\":{\"@type\":\"EntryPoint\",\"urlTemplate\":\"https:\\\/\\\/ecosupplements.be\\\/fr\\\/?s={search_term_string}\"},\"query-input\":{\"@type\":\"PropertyValueSpecification\",\"valueRequired\":true,\"valueName\":\"search_term_string\"}}],\"inLanguage\":\"fr-FR\"},{\"@type\":\"Organization\",\"@id\":\"https:\\\/\\\/ecosupplements.be\\\/fr\\\/#organization\",\"name\":\"Eco Supplements\",\"url\":\"https:\\\/\\\/ecosupplements.be\\\/fr\\\/\",\"logo\":{\"@type\":\"ImageObject\",\"inLanguage\":\"fr-FR\",\"@id\":\"https:\\\/\\\/ecosupplements.be\\\/fr\\\/#\\\/schema\\\/logo\\\/image\\\/\",\"url\":\"https:\\\/\\\/ecosupplements.be\\\/wp-content\\\/uploads\\\/2022\\\/06\\\/ecosupplement-family.png\",\"contentUrl\":\"https:\\\/\\\/ecosupplements.be\\\/wp-content\\\/uploads\\\/2022\\\/06\\\/ecosupplement-family.png\",\"width\":593,\"height\":374,\"caption\":\"Eco Supplements\"},\"image\":{\"@id\":\"https:\\\/\\\/ecosupplements.be\\\/fr\\\/#\\\/schema\\\/logo\\\/image\\\/\"}}]}<\/script>\n<meta property=\"product:brand\" content=\"Nordic Naturals\" \/>\n<meta property=\"product:price:amount\" content=\"39.04\" \/>\n<meta property=\"product:price:currency\" content=\"EUR\" \/>\n<meta property=\"og:availability\" content=\"instock\" \/>\n<meta property=\"product:availability\" content=\"instock\" \/>\n<meta property=\"product:retailer_item_id\" content=\"768990027611\" \/>\n<meta property=\"product:condition\" content=\"new\" \/>\n<!-- \/ Yoast SEO Premium plugin. -->","yoast_head_json":{"title":"Om\u00e9ga-3D, 690mg Citron - 120 capsules molles - ECO Supplements","description":"Wij hebben een ruime keuze aan producten van Om\u00e9ga-3D, 690mg Citron - 120 capsules molles . Winkel bij Eco Supplements altijd gratis verzending boven 100\u20ac","robots":{"index":"index","follow":"follow","max-snippet":"max-snippet:-1","max-image-preview":"max-image-preview:large","max-video-preview":"max-video-preview:-1"},"canonical":"https:\/\/ecosupplements.be\/fr\/produit\/omega-3d-690mg-citron-120-capsules-molles\/","og_locale":"fr_FR","og_type":"article","og_title":"Om\u00e9ga-3D, 690mg Citron - 120 capsules molles","og_description":"Wij hebben een ruime keuze aan producten van Om\u00e9ga-3D, 690mg Citron - 120 capsules molles . Winkel bij Eco Supplements altijd gratis verzending boven 100\u20ac","og_url":"https:\/\/ecosupplements.be\/fr\/produit\/omega-3d-690mg-citron-120-capsules-molles\/","og_site_name":"ECO Supplements","article_modified_time":"2025-08-27T13:41:54+00:00","og_image":[{"width":463,"height":900,"url":"https:\/\/ecosupplements.be\/wp-content\/uploads\/2025\/08\/Omega-3D-690mg-Lemon-120-softgels-1.jpg","type":"image\/jpeg"}],"twitter_card":"summary_large_image","twitter_misc":{"Prix":"39.04&nbsp;&euro;","Disponibilit\u00e9":"En stock"},"schema":{"@context":"https:\/\/schema.org","@graph":[{"@type":["WebPage","ItemPage"],"@id":"https:\/\/ecosupplements.be\/fr\/produit\/omega-3d-690mg-citron-120-capsules-molles\/","url":"https:\/\/ecosupplements.be\/fr\/produit\/omega-3d-690mg-citron-120-capsules-molles\/","name":"Om\u00e9ga-3D, 690mg Citron - 120 capsules molles - ECO Supplements","isPartOf":{"@id":"https:\/\/ecosupplements.be\/fr\/#website"},"primaryImageOfPage":{"@id":"https:\/\/ecosupplements.be\/fr\/produit\/omega-3d-690mg-citron-120-capsules-molles\/#primaryimage"},"image":{"@id":"https:\/\/ecosupplements.be\/fr\/produit\/omega-3d-690mg-citron-120-capsules-molles\/#primaryimage"},"thumbnailUrl":"https:\/\/ecosupplements.be\/wp-content\/uploads\/2025\/08\/Omega-3D-690mg-Lemon-120-softgels.jpg","datePublished":"2024-03-08T13:40:14+00:00","dateModified":"2025-08-27T13:41:54+00:00","description":"Wij hebben een ruime keuze aan producten van Om\u00e9ga-3D, 690mg Citron - 120 capsules molles . Winkel bij Eco Supplements altijd gratis verzending boven 100\u20ac","breadcrumb":{"@id":"https:\/\/ecosupplements.be\/fr\/produit\/omega-3d-690mg-citron-120-capsules-molles\/#breadcrumb"},"inLanguage":"fr-FR","potentialAction":[{"@type":"ReadAction","target":["https:\/\/ecosupplements.be\/fr\/produit\/omega-3d-690mg-citron-120-capsules-molles\/"]}]},{"@type":"ImageObject","inLanguage":"fr-FR","@id":"https:\/\/ecosupplements.be\/fr\/produit\/omega-3d-690mg-citron-120-capsules-molles\/#primaryimage","url":"https:\/\/ecosupplements.be\/wp-content\/uploads\/2025\/08\/Omega-3D-690mg-Lemon-120-softgels.jpg","contentUrl":"https:\/\/ecosupplements.be\/wp-content\/uploads\/2025\/08\/Omega-3D-690mg-Lemon-120-softgels.jpg","width":463,"height":900},{"@type":"BreadcrumbList","@id":"https:\/\/ecosupplements.be\/fr\/produit\/omega-3d-690mg-citron-120-capsules-molles\/#breadcrumb","itemListElement":[{"@type":"ListItem","position":1,"name":"Home","item":"https:\/\/ecosupplements.be\/fr\/"},{"@type":"ListItem","position":2,"name":"Boutique","item":"https:\/\/ecosupplements.be\/fr\/boutique\/"},{"@type":"ListItem","position":3,"name":"Om\u00e9ga-3D, 690mg Citron &#8211; 120 capsules molles"}]},{"@type":"WebSite","@id":"https:\/\/ecosupplements.be\/fr\/#website","url":"https:\/\/ecosupplements.be\/fr\/","name":"ECO Supplements","description":"Eco Supplements - Gezonde supplementen","publisher":{"@id":"https:\/\/ecosupplements.be\/fr\/#organization"},"potentialAction":[{"@type":"SearchAction","target":{"@type":"EntryPoint","urlTemplate":"https:\/\/ecosupplements.be\/fr\/?s={search_term_string}"},"query-input":{"@type":"PropertyValueSpecification","valueRequired":true,"valueName":"search_term_string"}}],"inLanguage":"fr-FR"},{"@type":"Organization","@id":"https:\/\/ecosupplements.be\/fr\/#organization","name":"Eco Supplements","url":"https:\/\/ecosupplements.be\/fr\/","logo":{"@type":"ImageObject","inLanguage":"fr-FR","@id":"https:\/\/ecosupplements.be\/fr\/#\/schema\/logo\/image\/","url":"https:\/\/ecosupplements.be\/wp-content\/uploads\/2022\/06\/ecosupplement-family.png","contentUrl":"https:\/\/ecosupplements.be\/wp-content\/uploads\/2022\/06\/ecosupplement-family.png","width":593,"height":374,"caption":"Eco Supplements"},"image":{"@id":"https:\/\/ecosupplements.be\/fr\/#\/schema\/logo\/image\/"}}]},"product_brand":"Nordic Naturals","product_price_amount":"39.04","product_price_currency":"EUR","og_availability":"instock","product_availability":"instock","product_retailer_item_id":"768990027611","product_condition":"new"},"_links":{"self":[{"href":"https:\/\/ecosupplements.be\/fr\/wp-json\/wp\/v2\/product\/288514","targetHints":{"allow":["GET"]}}],"collection":[{"href":"https:\/\/ecosupplements.be\/fr\/wp-json\/wp\/v2\/product"}],"about":[{"href":"https:\/\/ecosupplements.be\/fr\/wp-json\/wp\/v2\/types\/product"}],"replies":[{"embeddable":true,"href":"https:\/\/ecosupplements.be\/fr\/wp-json\/wp\/v2\/comments?post=288514"}],"wp:featuredmedia":[{"embeddable":true,"href":"https:\/\/ecosupplements.be\/fr\/wp-json\/wp\/v2\/media\/264494"}],"wp:attachment":[{"href":"https:\/\/ecosupplements.be\/fr\/wp-json\/wp\/v2\/media?parent=288514"}],"wp:term":[{"taxonomy":"product_brand","embeddable":true,"href":"https:\/\/ecosupplements.be\/fr\/wp-json\/wp\/v2\/product_brand?post=288514"},{"taxonomy":"product_cat","embeddable":true,"href":"https:\/\/ecosupplements.be\/fr\/wp-json\/wp\/v2\/product_cat?post=288514"},{"taxonomy":"product_tag","embeddable":true,"href":"https:\/\/ecosupplements.be\/fr\/wp-json\/wp\/v2\/product_tag?post=288514"}],"curies":[{"name":"wp","href":"https:\/\/api.w.org\/{rel}","templated":true}]}}