{"id":288553,"date":"2024-03-08T16:10:53","date_gmt":"2024-03-08T15:10:53","guid":{"rendered":"https:\/\/ecosupplements.be\/product\/omega-ultime-2x-mini-1120mg-fraise-60-mini-gelules-molles\/"},"modified":"2025-08-27T14:42:34","modified_gmt":"2025-08-27T13:42:34","slug":"omega-ultime-2x-mini-1120mg-fraise-60-mini-gelules-molles","status":"publish","type":"product","link":"https:\/\/ecosupplements.be\/fr\/produit\/omega-ultime-2x-mini-1120mg-fraise-60-mini-gelules-molles\/","title":{"rendered":"Om\u00e9ga Ultime 2X Mini, 1120mg Fraise &#8211; 60 mini g\u00e9lules molles"},"content":{"rendered":"<h1>Ultimate Omega 2X Mini, 1120mg Strawberry &#8211; 60 mini \u2064softgels<\/h1>\n<p>D\u00e9couvrez \u200ble meilleur de l&#8217;om\u00e9ga-3 avec les mini softgels Ultimate Omega 2X de Nordic Naturals. Avec une dose puissante de 1120mg d&#8217;om\u00e9ga-3 par portion, \u2063ces mini softgels\u200b sont parfaits pour ceux \u200cqui\u200b cherchent \u00e0 augmenter leur apport en acides gras \u200dessentiels\u2064 sans avoir \u00e0 prendre de grosses capsules.<\/p>\n<h2>Caract\u00e9ristiques sp\u00e9ciales :<\/h2>\n<ul>\n<li>1120mg d&#8217;om\u00e9ga-3 par portion<\/li>\n<li>Mini softgels faciles \u00e0 avaler<\/li>\n<li>Saveur \u200dd\u00e9licieuse de fraise<\/li>\n<li>Sans gluten, sans produits \u200dlaitiers et sans OGM<\/li>\n<\/ul>\n<h2>Ingr\u00e9dients cl\u00e9s :<\/h2>\n<p>Ces mini softgels sont formul\u00e9s avec \u2063une \u2062combinaison d&#8217;huile de poisson hautement concentr\u00e9e \u200bprovenant de petits poissons sauvages,\u200d tels que les sardines et les anchois, ainsi \u200dque de la vitamine\u200b D3 pour une absorption optimale. \u2063L&#8217;huile de poisson est purifi\u00e9e pour \u00e9liminer les impuret\u00e9s et les m\u00e9taux lourds, garantissant ainsi un produit de qualit\u00e9 sup\u00e9rieure.<\/p>\n<h2>Avantages uniques :<\/h2>\n<ul>\n<li>Renforce\u2063 la sant\u00e9 cardiovasculaire<\/li>\n<li>Am\u00e9liore la fonction c\u00e9r\u00e9brale et la m\u00e9moire<\/li>\n<li>Soutient la sant\u00e9 des articulations et des os<\/li>\n<li>Renforce le syst\u00e8me immunitaire<\/li>\n<li>Contribue \u00e0 une peau saine et \u00e9clatante<\/li>\n<\/ul>\n<h2>Principales\u2062 caract\u00e9ristiques :<\/h2>\n<ul>\n<li>Mini softgels faciles \u200c\u00e0 avaler<\/li>\n<li>Haute concentration d&#8217;om\u00e9ga-3<\/li>\n<li>Saveur d\u00e9licieuse de fraise<\/li>\n<li>Formule sans gluten, sans produits laitiers et \u2063sans OGM<\/li>\n<li>Produit de qualit\u00e9 sup\u00e9rieure, purifi\u00e9 pour \u00e9liminer les impuret\u00e9s et les m\u00e9taux lourds<\/li>\n<\/ul>\n<p>Ajoutez les mini softgels Ultimate Omega 2X de Nordic Naturals \u00e0 votre routine quotidienne pour b\u00e9n\u00e9ficier \u2064de tous les bienfaits des acides gras essentiels. Avec leur petite \u2062taille et leur d\u00e9licieuse\u200c saveur de fraise, ils\u2063 sont\u200d faciles \u200c\u00e0 prendre \u200bet vous apportent une dose puissante d&#8217;om\u00e9ga-3 pour\u200b une \u2063sant\u00e9 optimale.<\/p>\n","protected":false},"excerpt":{"rendered":"<p>Ultimate Omega 2X Mini, 1120mg Strawberry &#8211; 60 mini \u2064softgels D\u00e9couvrez \u200ble meilleur de l&#8217;om\u00e9ga-3 avec les mini softgels Ultimate Omega 2X de Nordic Naturals. Avec une dose puissante de 1120mg d&#8217;om\u00e9ga-3 par portion, \u2063ces mini softgels\u200b sont parfaits pour ceux \u200cqui\u200b cherchent \u00e0 augmenter leur apport en acides gras \u200dessentiels\u2064 sans avoir \u00e0 prendre [&#8230;]\n","protected":false},"featured_media":264542,"comment_status":"open","ping_status":"open","template":"","meta":[],"product_brand":[4860],"product_cat":[5082,5053],"product_tag":[],"class_list":{"0":"post-288553","1":"product","2":"type-product","3":"status-publish","4":"has-post-thumbnail","6":"product_brand-nordic-naturals-2","7":"product_cat-omegas-efa-cla-huiles","8":"product_cat-vitamines-et-mineraux","10":"first","11":"instock","12":"taxable","13":"shipping-taxable","14":"purchasable","15":"product-type-simple"},"yoast_head":"<!-- This site is optimized with the Yoast SEO Premium plugin v27.3 (Yoast SEO v27.3) - https:\/\/yoast.com\/product\/yoast-seo-premium-wordpress\/ -->\n<title>Om\u00e9ga Ultime 2X Mini, 1120mg Fraise - 60 mini g\u00e9lules molles - ECO Supplements<\/title>\n<meta name=\"description\" content=\"Wij hebben een ruime keuze aan producten van Om\u00e9ga Ultime 2X Mini, 1120mg Fraise - 60 mini g\u00e9lules molles . Winkel bij Eco Supplements altijd gratis verzending boven 100\u20ac\" \/>\n<meta name=\"robots\" content=\"index, follow, max-snippet:-1, max-image-preview:large, max-video-preview:-1\" \/>\n<link rel=\"canonical\" href=\"https:\/\/ecosupplements.be\/fr\/produit\/omega-ultime-2x-mini-1120mg-fraise-60-mini-gelules-molles\/\" \/>\n<meta property=\"og:locale\" content=\"fr_FR\" \/>\n<meta property=\"og:type\" content=\"article\" \/>\n<meta property=\"og:title\" content=\"Om\u00e9ga Ultime 2X Mini, 1120mg Fraise - 60 mini g\u00e9lules molles\" \/>\n<meta property=\"og:description\" content=\"Wij hebben een ruime keuze aan producten van Om\u00e9ga Ultime 2X Mini, 1120mg Fraise - 60 mini g\u00e9lules molles . Winkel bij Eco Supplements altijd gratis verzending boven 100\u20ac\" \/>\n<meta property=\"og:url\" content=\"https:\/\/ecosupplements.be\/fr\/produit\/omega-ultime-2x-mini-1120mg-fraise-60-mini-gelules-molles\/\" \/>\n<meta property=\"og:site_name\" content=\"ECO Supplements\" \/>\n<meta property=\"article:modified_time\" content=\"2025-08-27T13:42:34+00:00\" \/>\n<meta property=\"og:image\" content=\"https:\/\/ecosupplements.be\/wp-content\/uploads\/2025\/08\/Ultimate-Omega-2X-Mini-1120mg-Strawberry-60-mini-softgels-1.jpg\" \/>\n\t<meta property=\"og:image:width\" content=\"480\" \/>\n\t<meta property=\"og:image:height\" content=\"890\" \/>\n\t<meta property=\"og:image:type\" content=\"image\/jpeg\" \/>\n<meta name=\"twitter:card\" content=\"summary_large_image\" \/>\n<meta name=\"twitter:label1\" content=\"Prix\" \/>\n\t<meta name=\"twitter:data1\" content=\"43.14&nbsp;&euro;\" \/>\n\t<meta name=\"twitter:label2\" content=\"Disponibilit\u00e9\" \/>\n\t<meta name=\"twitter:data2\" content=\"En stock\" \/>\n<script type=\"application\/ld+json\" class=\"yoast-schema-graph\">{\"@context\":\"https:\\\/\\\/schema.org\",\"@graph\":[{\"@type\":[\"WebPage\",\"ItemPage\"],\"@id\":\"https:\\\/\\\/ecosupplements.be\\\/fr\\\/produit\\\/omega-ultime-2x-mini-1120mg-fraise-60-mini-gelules-molles\\\/\",\"url\":\"https:\\\/\\\/ecosupplements.be\\\/fr\\\/produit\\\/omega-ultime-2x-mini-1120mg-fraise-60-mini-gelules-molles\\\/\",\"name\":\"Om\u00e9ga Ultime 2X Mini, 1120mg Fraise - 60 mini g\u00e9lules molles - ECO Supplements\",\"isPartOf\":{\"@id\":\"https:\\\/\\\/ecosupplements.be\\\/fr\\\/#website\"},\"primaryImageOfPage\":{\"@id\":\"https:\\\/\\\/ecosupplements.be\\\/fr\\\/produit\\\/omega-ultime-2x-mini-1120mg-fraise-60-mini-gelules-molles\\\/#primaryimage\"},\"image\":{\"@id\":\"https:\\\/\\\/ecosupplements.be\\\/fr\\\/produit\\\/omega-ultime-2x-mini-1120mg-fraise-60-mini-gelules-molles\\\/#primaryimage\"},\"thumbnailUrl\":\"https:\\\/\\\/ecosupplements.be\\\/wp-content\\\/uploads\\\/2025\\\/08\\\/Ultimate-Omega-2X-Mini-1120mg-Strawberry-60-mini-softgels.jpg\",\"datePublished\":\"2024-03-08T15:10:53+00:00\",\"dateModified\":\"2025-08-27T13:42:34+00:00\",\"description\":\"Wij hebben een ruime keuze aan producten van Om\u00e9ga Ultime 2X Mini, 1120mg Fraise - 60 mini g\u00e9lules molles . Winkel bij Eco Supplements altijd gratis verzending boven 100\u20ac\",\"breadcrumb\":{\"@id\":\"https:\\\/\\\/ecosupplements.be\\\/fr\\\/produit\\\/omega-ultime-2x-mini-1120mg-fraise-60-mini-gelules-molles\\\/#breadcrumb\"},\"inLanguage\":\"fr-FR\",\"potentialAction\":[{\"@type\":\"ReadAction\",\"target\":[\"https:\\\/\\\/ecosupplements.be\\\/fr\\\/produit\\\/omega-ultime-2x-mini-1120mg-fraise-60-mini-gelules-molles\\\/\"]}]},{\"@type\":\"ImageObject\",\"inLanguage\":\"fr-FR\",\"@id\":\"https:\\\/\\\/ecosupplements.be\\\/fr\\\/produit\\\/omega-ultime-2x-mini-1120mg-fraise-60-mini-gelules-molles\\\/#primaryimage\",\"url\":\"https:\\\/\\\/ecosupplements.be\\\/wp-content\\\/uploads\\\/2025\\\/08\\\/Ultimate-Omega-2X-Mini-1120mg-Strawberry-60-mini-softgels.jpg\",\"contentUrl\":\"https:\\\/\\\/ecosupplements.be\\\/wp-content\\\/uploads\\\/2025\\\/08\\\/Ultimate-Omega-2X-Mini-1120mg-Strawberry-60-mini-softgels.jpg\",\"width\":480,\"height\":890},{\"@type\":\"BreadcrumbList\",\"@id\":\"https:\\\/\\\/ecosupplements.be\\\/fr\\\/produit\\\/omega-ultime-2x-mini-1120mg-fraise-60-mini-gelules-molles\\\/#breadcrumb\",\"itemListElement\":[{\"@type\":\"ListItem\",\"position\":1,\"name\":\"Home\",\"item\":\"https:\\\/\\\/ecosupplements.be\\\/fr\\\/\"},{\"@type\":\"ListItem\",\"position\":2,\"name\":\"Boutique\",\"item\":\"https:\\\/\\\/ecosupplements.be\\\/fr\\\/boutique\\\/\"},{\"@type\":\"ListItem\",\"position\":3,\"name\":\"Om\u00e9ga Ultime 2X Mini, 1120mg Fraise &#8211; 60 mini g\u00e9lules molles\"}]},{\"@type\":\"WebSite\",\"@id\":\"https:\\\/\\\/ecosupplements.be\\\/fr\\\/#website\",\"url\":\"https:\\\/\\\/ecosupplements.be\\\/fr\\\/\",\"name\":\"ECO Supplements\",\"description\":\"Eco Supplements - Gezonde supplementen\",\"publisher\":{\"@id\":\"https:\\\/\\\/ecosupplements.be\\\/fr\\\/#organization\"},\"potentialAction\":[{\"@type\":\"SearchAction\",\"target\":{\"@type\":\"EntryPoint\",\"urlTemplate\":\"https:\\\/\\\/ecosupplements.be\\\/fr\\\/?s={search_term_string}\"},\"query-input\":{\"@type\":\"PropertyValueSpecification\",\"valueRequired\":true,\"valueName\":\"search_term_string\"}}],\"inLanguage\":\"fr-FR\"},{\"@type\":\"Organization\",\"@id\":\"https:\\\/\\\/ecosupplements.be\\\/fr\\\/#organization\",\"name\":\"Eco Supplements\",\"url\":\"https:\\\/\\\/ecosupplements.be\\\/fr\\\/\",\"logo\":{\"@type\":\"ImageObject\",\"inLanguage\":\"fr-FR\",\"@id\":\"https:\\\/\\\/ecosupplements.be\\\/fr\\\/#\\\/schema\\\/logo\\\/image\\\/\",\"url\":\"https:\\\/\\\/ecosupplements.be\\\/wp-content\\\/uploads\\\/2022\\\/06\\\/ecosupplement-family.png\",\"contentUrl\":\"https:\\\/\\\/ecosupplements.be\\\/wp-content\\\/uploads\\\/2022\\\/06\\\/ecosupplement-family.png\",\"width\":593,\"height\":374,\"caption\":\"Eco Supplements\"},\"image\":{\"@id\":\"https:\\\/\\\/ecosupplements.be\\\/fr\\\/#\\\/schema\\\/logo\\\/image\\\/\"}}]}<\/script>\n<meta property=\"product:brand\" content=\"Nordic Naturals\" \/>\n<meta property=\"product:price:amount\" content=\"43.14\" \/>\n<meta property=\"product:price:currency\" content=\"EUR\" \/>\n<meta property=\"og:availability\" content=\"instock\" \/>\n<meta property=\"product:availability\" content=\"instock\" \/>\n<meta property=\"product:retailer_item_id\" content=\"768990061004\" \/>\n<meta property=\"product:condition\" content=\"new\" \/>\n<!-- \/ Yoast SEO Premium plugin. -->","yoast_head_json":{"title":"Om\u00e9ga Ultime 2X Mini, 1120mg Fraise - 60 mini g\u00e9lules molles - ECO Supplements","description":"Wij hebben een ruime keuze aan producten van Om\u00e9ga Ultime 2X Mini, 1120mg Fraise - 60 mini g\u00e9lules molles . Winkel bij Eco Supplements altijd gratis verzending boven 100\u20ac","robots":{"index":"index","follow":"follow","max-snippet":"max-snippet:-1","max-image-preview":"max-image-preview:large","max-video-preview":"max-video-preview:-1"},"canonical":"https:\/\/ecosupplements.be\/fr\/produit\/omega-ultime-2x-mini-1120mg-fraise-60-mini-gelules-molles\/","og_locale":"fr_FR","og_type":"article","og_title":"Om\u00e9ga Ultime 2X Mini, 1120mg Fraise - 60 mini g\u00e9lules molles","og_description":"Wij hebben een ruime keuze aan producten van Om\u00e9ga Ultime 2X Mini, 1120mg Fraise - 60 mini g\u00e9lules molles . Winkel bij Eco Supplements altijd gratis verzending boven 100\u20ac","og_url":"https:\/\/ecosupplements.be\/fr\/produit\/omega-ultime-2x-mini-1120mg-fraise-60-mini-gelules-molles\/","og_site_name":"ECO Supplements","article_modified_time":"2025-08-27T13:42:34+00:00","og_image":[{"width":480,"height":890,"url":"https:\/\/ecosupplements.be\/wp-content\/uploads\/2025\/08\/Ultimate-Omega-2X-Mini-1120mg-Strawberry-60-mini-softgels-1.jpg","type":"image\/jpeg"}],"twitter_card":"summary_large_image","twitter_misc":{"Prix":"43.14&nbsp;&euro;","Disponibilit\u00e9":"En stock"},"schema":{"@context":"https:\/\/schema.org","@graph":[{"@type":["WebPage","ItemPage"],"@id":"https:\/\/ecosupplements.be\/fr\/produit\/omega-ultime-2x-mini-1120mg-fraise-60-mini-gelules-molles\/","url":"https:\/\/ecosupplements.be\/fr\/produit\/omega-ultime-2x-mini-1120mg-fraise-60-mini-gelules-molles\/","name":"Om\u00e9ga Ultime 2X Mini, 1120mg Fraise - 60 mini g\u00e9lules molles - ECO Supplements","isPartOf":{"@id":"https:\/\/ecosupplements.be\/fr\/#website"},"primaryImageOfPage":{"@id":"https:\/\/ecosupplements.be\/fr\/produit\/omega-ultime-2x-mini-1120mg-fraise-60-mini-gelules-molles\/#primaryimage"},"image":{"@id":"https:\/\/ecosupplements.be\/fr\/produit\/omega-ultime-2x-mini-1120mg-fraise-60-mini-gelules-molles\/#primaryimage"},"thumbnailUrl":"https:\/\/ecosupplements.be\/wp-content\/uploads\/2025\/08\/Ultimate-Omega-2X-Mini-1120mg-Strawberry-60-mini-softgels.jpg","datePublished":"2024-03-08T15:10:53+00:00","dateModified":"2025-08-27T13:42:34+00:00","description":"Wij hebben een ruime keuze aan producten van Om\u00e9ga Ultime 2X Mini, 1120mg Fraise - 60 mini g\u00e9lules molles . Winkel bij Eco Supplements altijd gratis verzending boven 100\u20ac","breadcrumb":{"@id":"https:\/\/ecosupplements.be\/fr\/produit\/omega-ultime-2x-mini-1120mg-fraise-60-mini-gelules-molles\/#breadcrumb"},"inLanguage":"fr-FR","potentialAction":[{"@type":"ReadAction","target":["https:\/\/ecosupplements.be\/fr\/produit\/omega-ultime-2x-mini-1120mg-fraise-60-mini-gelules-molles\/"]}]},{"@type":"ImageObject","inLanguage":"fr-FR","@id":"https:\/\/ecosupplements.be\/fr\/produit\/omega-ultime-2x-mini-1120mg-fraise-60-mini-gelules-molles\/#primaryimage","url":"https:\/\/ecosupplements.be\/wp-content\/uploads\/2025\/08\/Ultimate-Omega-2X-Mini-1120mg-Strawberry-60-mini-softgels.jpg","contentUrl":"https:\/\/ecosupplements.be\/wp-content\/uploads\/2025\/08\/Ultimate-Omega-2X-Mini-1120mg-Strawberry-60-mini-softgels.jpg","width":480,"height":890},{"@type":"BreadcrumbList","@id":"https:\/\/ecosupplements.be\/fr\/produit\/omega-ultime-2x-mini-1120mg-fraise-60-mini-gelules-molles\/#breadcrumb","itemListElement":[{"@type":"ListItem","position":1,"name":"Home","item":"https:\/\/ecosupplements.be\/fr\/"},{"@type":"ListItem","position":2,"name":"Boutique","item":"https:\/\/ecosupplements.be\/fr\/boutique\/"},{"@type":"ListItem","position":3,"name":"Om\u00e9ga Ultime 2X Mini, 1120mg Fraise &#8211; 60 mini g\u00e9lules molles"}]},{"@type":"WebSite","@id":"https:\/\/ecosupplements.be\/fr\/#website","url":"https:\/\/ecosupplements.be\/fr\/","name":"ECO Supplements","description":"Eco Supplements - Gezonde supplementen","publisher":{"@id":"https:\/\/ecosupplements.be\/fr\/#organization"},"potentialAction":[{"@type":"SearchAction","target":{"@type":"EntryPoint","urlTemplate":"https:\/\/ecosupplements.be\/fr\/?s={search_term_string}"},"query-input":{"@type":"PropertyValueSpecification","valueRequired":true,"valueName":"search_term_string"}}],"inLanguage":"fr-FR"},{"@type":"Organization","@id":"https:\/\/ecosupplements.be\/fr\/#organization","name":"Eco Supplements","url":"https:\/\/ecosupplements.be\/fr\/","logo":{"@type":"ImageObject","inLanguage":"fr-FR","@id":"https:\/\/ecosupplements.be\/fr\/#\/schema\/logo\/image\/","url":"https:\/\/ecosupplements.be\/wp-content\/uploads\/2022\/06\/ecosupplement-family.png","contentUrl":"https:\/\/ecosupplements.be\/wp-content\/uploads\/2022\/06\/ecosupplement-family.png","width":593,"height":374,"caption":"Eco Supplements"},"image":{"@id":"https:\/\/ecosupplements.be\/fr\/#\/schema\/logo\/image\/"}}]},"product_brand":"Nordic Naturals","product_price_amount":"43.14","product_price_currency":"EUR","og_availability":"instock","product_availability":"instock","product_retailer_item_id":"768990061004","product_condition":"new"},"_links":{"self":[{"href":"https:\/\/ecosupplements.be\/fr\/wp-json\/wp\/v2\/product\/288553","targetHints":{"allow":["GET"]}}],"collection":[{"href":"https:\/\/ecosupplements.be\/fr\/wp-json\/wp\/v2\/product"}],"about":[{"href":"https:\/\/ecosupplements.be\/fr\/wp-json\/wp\/v2\/types\/product"}],"replies":[{"embeddable":true,"href":"https:\/\/ecosupplements.be\/fr\/wp-json\/wp\/v2\/comments?post=288553"}],"wp:featuredmedia":[{"embeddable":true,"href":"https:\/\/ecosupplements.be\/fr\/wp-json\/wp\/v2\/media\/264542"}],"wp:attachment":[{"href":"https:\/\/ecosupplements.be\/fr\/wp-json\/wp\/v2\/media?parent=288553"}],"wp:term":[{"taxonomy":"product_brand","embeddable":true,"href":"https:\/\/ecosupplements.be\/fr\/wp-json\/wp\/v2\/product_brand?post=288553"},{"taxonomy":"product_cat","embeddable":true,"href":"https:\/\/ecosupplements.be\/fr\/wp-json\/wp\/v2\/product_cat?post=288553"},{"taxonomy":"product_tag","embeddable":true,"href":"https:\/\/ecosupplements.be\/fr\/wp-json\/wp\/v2\/product_tag?post=288553"}],"curies":[{"name":"wp","href":"https:\/\/api.w.org\/{rel}","templated":true}]}}