{"id":288577,"date":"2024-06-11T20:47:21","date_gmt":"2024-06-11T19:47:21","guid":{"rendered":"https:\/\/ecosupplements.be\/product\/omega-ultime-2x-2150mg-citron-180-capsules-molles\/"},"modified":"2025-08-27T14:42:58","modified_gmt":"2025-08-27T13:42:58","slug":"omega-ultime-2x-2150mg-citron-180-capsules-molles","status":"publish","type":"product","link":"https:\/\/ecosupplements.be\/fr\/produit\/omega-ultime-2x-2150mg-citron-180-capsules-molles\/","title":{"rendered":"Om\u00e9ga Ultime 2X, 2150mg Citron &#8211; 180 capsules molles"},"content":{"rendered":"<h1>D\u00e9couvrez le meilleur de l&#8217;om\u00e9ga-3 avec\u2063 Ultimate Omega 2X de\u200b Nordic Naturals<\/h1>\n<p>Offrez \u00e0 votre corps une dose puissante d&#8217;om\u00e9ga-3 avec Ultimate Omega 2X de Nordic\u2062 Naturals. Cette formule hautement \u200cconcentr\u00e9e contient 2150mg d&#8217;om\u00e9ga-3 par portion, soit deux fois plus que la plupart des autres suppl\u00e9ments d&#8217;om\u00e9ga-3 sur le march\u00e9. Avec\u200d 180\u2063 softgels par bouteille, vous b\u00e9n\u00e9ficiez d&#8217;un approvisionnement pour 3 mois.<\/p>\n<h2>Caract\u00e9ristiques sp\u00e9ciales<\/h2>\n<ul>\n<li>Formule hautement concentr\u00e9e avec 2150mg d&#8217;om\u00e9ga-3 par portion<\/li>\n<li>180 softgels par bouteille pour un approvisionnement de 3 mois<\/li>\n<li>Saveur citronn\u00e9e\u200b agr\u00e9able et rafra\u00eechissante<\/li>\n<li>Facile \u00e0 avaler \u2064et \u00e0 dig\u00e9rer<\/li>\n<li>Test\u00e9 par des tiers pour garantir la\u2064 puret\u00e9 et la fra\u00eecheur<\/li>\n<\/ul>\n<h2>Ingr\u00e9dients de qualit\u00e9 sup\u00e9rieure<\/h2>\n<p>Ultimate Omega\u2062 2X est fabriqu\u00e9 \u00e0 partir d&#8217;huile de poisson de qualit\u00e9 sup\u00e9rieure provenant de petits \u200dpoissons sauvages tels\u2063 que\u2063 les sardines et les\u2064 anchois. Ces poissons\u200c sont riches en om\u00e9ga-3 et sont p\u00each\u00e9s de\u2063 mani\u00e8re durable pour pr\u00e9server \u2064l&#8217;\u00e9quilibre \u00e9cologique des oc\u00e9ans. L&#8217;huile de poisson est ensuite distill\u00e9e mol\u00e9culairement pour \u00e9liminer les impuret\u00e9s et les toxines telles que les m\u00e9taux lourds et les PCB.<\/p>\n<h2>Avantages uniques<\/h2>\n<p>Les om\u00e9ga-3 sont essentiels pour la sant\u00e9 et le bien-\u00eatre de notre \u200dcorps. Ils \u200caident \u00e0 maintenir\u2064 un\u200b c\u0153ur en bonne sant\u00e9, \u00e0 soutenir la fonction c\u00e9r\u00e9brale et \u00e0 r\u00e9duire l&#8217;inflammation. Avec Ultimate \u2064Omega 2X, vous b\u00e9n\u00e9ficiez d&#8217;une dose puissante \u2062d&#8217;om\u00e9ga-3 pour soutenir \u200cvotre sant\u00e9 globale.<\/p>\n<h2>Mode d&#8217;emploi<\/h2>\n<p>Pour adultes, prendre 2 softgels par\u2062 jour, de pr\u00e9f\u00e9rence avec un repas.<\/p>\n<p>Ne pas d\u00e9passer la\u200d dose recommand\u00e9e. Consultez votre professionnel de sant\u00e9 avant de prendre ce produit si vous \u00eates enceinte, allaitez, prenez des \u2064m\u00e9dicaments ou si vous avez un probl\u00e8me de \u2062sant\u00e9.<\/p>\n<p>Stockez dans un endroit frais et sec, \u00e0 l&#8217;abri de la lumi\u00e8re directe du soleil. Tenir \u200bhors de port\u00e9e des enfants.<\/p>\n<p>Offrez \u00e0 votre corps le meilleur de l&#8217;om\u00e9ga-3 avec Ultimate Omega 2X de Nordic Naturals. \u200cCommandez d\u00e8s maintenant et\u200c profitez d&#8217;une sant\u00e9 optimale !<\/p>\n","protected":false},"excerpt":{"rendered":"<p>D\u00e9couvrez le meilleur de l&#8217;om\u00e9ga-3 avec\u2063 Ultimate Omega 2X de\u200b Nordic Naturals Offrez \u00e0 votre corps une dose puissante d&#8217;om\u00e9ga-3 avec Ultimate Omega 2X de Nordic\u2062 Naturals. Cette formule hautement \u200cconcentr\u00e9e contient 2150mg d&#8217;om\u00e9ga-3 par portion, soit deux fois plus que la plupart des autres suppl\u00e9ments d&#8217;om\u00e9ga-3 sur le march\u00e9. Avec\u200d 180\u2063 softgels par bouteille, [&#8230;]\n","protected":false},"featured_media":264557,"comment_status":"open","ping_status":"open","template":"","meta":[],"product_brand":[4860],"product_cat":[5082,5053],"product_tag":[],"class_list":{"0":"post-288577","1":"product","2":"type-product","3":"status-publish","4":"has-post-thumbnail","6":"product_brand-nordic-naturals-2","7":"product_cat-omegas-efa-cla-huiles","8":"product_cat-vitamines-et-mineraux","10":"first","11":"instock","12":"taxable","13":"shipping-taxable","14":"purchasable","15":"product-type-simple"},"yoast_head":"<!-- This site is optimized with the Yoast SEO Premium plugin v27.3 (Yoast SEO v27.3) - https:\/\/yoast.com\/product\/yoast-seo-premium-wordpress\/ -->\n<title>Om\u00e9ga Ultime 2X, 2150mg Citron - 180 capsules molles - ECO Supplements<\/title>\n<meta name=\"description\" content=\"Wij hebben een ruime keuze aan producten van Om\u00e9ga Ultime 2X, 2150mg Citron - 180 capsules molles . Winkel bij Eco Supplements altijd gratis verzending boven 100\u20ac\" \/>\n<meta name=\"robots\" content=\"index, follow, max-snippet:-1, max-image-preview:large, max-video-preview:-1\" \/>\n<link rel=\"canonical\" href=\"https:\/\/ecosupplements.be\/fr\/produit\/omega-ultime-2x-2150mg-citron-180-capsules-molles\/\" \/>\n<meta property=\"og:locale\" content=\"fr_FR\" \/>\n<meta property=\"og:type\" content=\"article\" \/>\n<meta property=\"og:title\" content=\"Om\u00e9ga Ultime 2X, 2150mg Citron - 180 capsules molles\" \/>\n<meta property=\"og:description\" content=\"Wij hebben een ruime keuze aan producten van Om\u00e9ga Ultime 2X, 2150mg Citron - 180 capsules molles . Winkel bij Eco Supplements altijd gratis verzending boven 100\u20ac\" \/>\n<meta property=\"og:url\" content=\"https:\/\/ecosupplements.be\/fr\/produit\/omega-ultime-2x-2150mg-citron-180-capsules-molles\/\" \/>\n<meta property=\"og:site_name\" content=\"ECO Supplements\" \/>\n<meta property=\"article:modified_time\" content=\"2025-08-27T13:42:58+00:00\" \/>\n<meta property=\"og:image\" content=\"https:\/\/ecosupplements.be\/wp-content\/uploads\/2025\/08\/Ultimate-Omega-2X-2150mg-Lemon-180-softgels-1.jpg\" \/>\n\t<meta property=\"og:image:width\" content=\"600\" \/>\n\t<meta property=\"og:image:height\" content=\"510\" \/>\n\t<meta property=\"og:image:type\" content=\"image\/jpeg\" \/>\n<meta name=\"twitter:card\" content=\"summary_large_image\" \/>\n<meta name=\"twitter:label1\" content=\"Prix\" \/>\n\t<meta name=\"twitter:data1\" content=\"146.63&nbsp;&euro;\" \/>\n\t<meta name=\"twitter:label2\" content=\"Disponibilit\u00e9\" \/>\n\t<meta name=\"twitter:data2\" content=\"En stock\" \/>\n<script type=\"application\/ld+json\" class=\"yoast-schema-graph\">{\"@context\":\"https:\\\/\\\/schema.org\",\"@graph\":[{\"@type\":[\"WebPage\",\"ItemPage\"],\"@id\":\"https:\\\/\\\/ecosupplements.be\\\/fr\\\/produit\\\/omega-ultime-2x-2150mg-citron-180-capsules-molles\\\/\",\"url\":\"https:\\\/\\\/ecosupplements.be\\\/fr\\\/produit\\\/omega-ultime-2x-2150mg-citron-180-capsules-molles\\\/\",\"name\":\"Om\u00e9ga Ultime 2X, 2150mg Citron - 180 capsules molles - ECO Supplements\",\"isPartOf\":{\"@id\":\"https:\\\/\\\/ecosupplements.be\\\/fr\\\/#website\"},\"primaryImageOfPage\":{\"@id\":\"https:\\\/\\\/ecosupplements.be\\\/fr\\\/produit\\\/omega-ultime-2x-2150mg-citron-180-capsules-molles\\\/#primaryimage\"},\"image\":{\"@id\":\"https:\\\/\\\/ecosupplements.be\\\/fr\\\/produit\\\/omega-ultime-2x-2150mg-citron-180-capsules-molles\\\/#primaryimage\"},\"thumbnailUrl\":\"https:\\\/\\\/ecosupplements.be\\\/wp-content\\\/uploads\\\/2025\\\/08\\\/Ultimate-Omega-2X-2150mg-Lemon-180-softgels.jpg\",\"datePublished\":\"2024-06-11T19:47:21+00:00\",\"dateModified\":\"2025-08-27T13:42:58+00:00\",\"description\":\"Wij hebben een ruime keuze aan producten van Om\u00e9ga Ultime 2X, 2150mg Citron - 180 capsules molles . Winkel bij Eco Supplements altijd gratis verzending boven 100\u20ac\",\"breadcrumb\":{\"@id\":\"https:\\\/\\\/ecosupplements.be\\\/fr\\\/produit\\\/omega-ultime-2x-2150mg-citron-180-capsules-molles\\\/#breadcrumb\"},\"inLanguage\":\"fr-FR\",\"potentialAction\":[{\"@type\":\"ReadAction\",\"target\":[\"https:\\\/\\\/ecosupplements.be\\\/fr\\\/produit\\\/omega-ultime-2x-2150mg-citron-180-capsules-molles\\\/\"]}]},{\"@type\":\"ImageObject\",\"inLanguage\":\"fr-FR\",\"@id\":\"https:\\\/\\\/ecosupplements.be\\\/fr\\\/produit\\\/omega-ultime-2x-2150mg-citron-180-capsules-molles\\\/#primaryimage\",\"url\":\"https:\\\/\\\/ecosupplements.be\\\/wp-content\\\/uploads\\\/2025\\\/08\\\/Ultimate-Omega-2X-2150mg-Lemon-180-softgels.jpg\",\"contentUrl\":\"https:\\\/\\\/ecosupplements.be\\\/wp-content\\\/uploads\\\/2025\\\/08\\\/Ultimate-Omega-2X-2150mg-Lemon-180-softgels.jpg\",\"width\":600,\"height\":510},{\"@type\":\"BreadcrumbList\",\"@id\":\"https:\\\/\\\/ecosupplements.be\\\/fr\\\/produit\\\/omega-ultime-2x-2150mg-citron-180-capsules-molles\\\/#breadcrumb\",\"itemListElement\":[{\"@type\":\"ListItem\",\"position\":1,\"name\":\"Home\",\"item\":\"https:\\\/\\\/ecosupplements.be\\\/fr\\\/\"},{\"@type\":\"ListItem\",\"position\":2,\"name\":\"Boutique\",\"item\":\"https:\\\/\\\/ecosupplements.be\\\/fr\\\/boutique\\\/\"},{\"@type\":\"ListItem\",\"position\":3,\"name\":\"Om\u00e9ga Ultime 2X, 2150mg Citron &#8211; 180 capsules molles\"}]},{\"@type\":\"WebSite\",\"@id\":\"https:\\\/\\\/ecosupplements.be\\\/fr\\\/#website\",\"url\":\"https:\\\/\\\/ecosupplements.be\\\/fr\\\/\",\"name\":\"ECO Supplements\",\"description\":\"Eco Supplements - Gezonde supplementen\",\"publisher\":{\"@id\":\"https:\\\/\\\/ecosupplements.be\\\/fr\\\/#organization\"},\"potentialAction\":[{\"@type\":\"SearchAction\",\"target\":{\"@type\":\"EntryPoint\",\"urlTemplate\":\"https:\\\/\\\/ecosupplements.be\\\/fr\\\/?s={search_term_string}\"},\"query-input\":{\"@type\":\"PropertyValueSpecification\",\"valueRequired\":true,\"valueName\":\"search_term_string\"}}],\"inLanguage\":\"fr-FR\"},{\"@type\":\"Organization\",\"@id\":\"https:\\\/\\\/ecosupplements.be\\\/fr\\\/#organization\",\"name\":\"Eco Supplements\",\"url\":\"https:\\\/\\\/ecosupplements.be\\\/fr\\\/\",\"logo\":{\"@type\":\"ImageObject\",\"inLanguage\":\"fr-FR\",\"@id\":\"https:\\\/\\\/ecosupplements.be\\\/fr\\\/#\\\/schema\\\/logo\\\/image\\\/\",\"url\":\"https:\\\/\\\/ecosupplements.be\\\/wp-content\\\/uploads\\\/2022\\\/06\\\/ecosupplement-family.png\",\"contentUrl\":\"https:\\\/\\\/ecosupplements.be\\\/wp-content\\\/uploads\\\/2022\\\/06\\\/ecosupplement-family.png\",\"width\":593,\"height\":374,\"caption\":\"Eco Supplements\"},\"image\":{\"@id\":\"https:\\\/\\\/ecosupplements.be\\\/fr\\\/#\\\/schema\\\/logo\\\/image\\\/\"}}]}<\/script>\n<meta property=\"product:brand\" content=\"Nordic Naturals\" \/>\n<meta property=\"product:price:amount\" content=\"146.63\" \/>\n<meta property=\"product:price:currency\" content=\"EUR\" \/>\n<meta property=\"og:availability\" content=\"instock\" \/>\n<meta property=\"product:availability\" content=\"instock\" \/>\n<meta property=\"product:retailer_item_id\" content=\"768990021541\" \/>\n<meta property=\"product:condition\" content=\"new\" \/>\n<!-- \/ Yoast SEO Premium plugin. -->","yoast_head_json":{"title":"Om\u00e9ga Ultime 2X, 2150mg Citron - 180 capsules molles - ECO Supplements","description":"Wij hebben een ruime keuze aan producten van Om\u00e9ga Ultime 2X, 2150mg Citron - 180 capsules molles . Winkel bij Eco Supplements altijd gratis verzending boven 100\u20ac","robots":{"index":"index","follow":"follow","max-snippet":"max-snippet:-1","max-image-preview":"max-image-preview:large","max-video-preview":"max-video-preview:-1"},"canonical":"https:\/\/ecosupplements.be\/fr\/produit\/omega-ultime-2x-2150mg-citron-180-capsules-molles\/","og_locale":"fr_FR","og_type":"article","og_title":"Om\u00e9ga Ultime 2X, 2150mg Citron - 180 capsules molles","og_description":"Wij hebben een ruime keuze aan producten van Om\u00e9ga Ultime 2X, 2150mg Citron - 180 capsules molles . Winkel bij Eco Supplements altijd gratis verzending boven 100\u20ac","og_url":"https:\/\/ecosupplements.be\/fr\/produit\/omega-ultime-2x-2150mg-citron-180-capsules-molles\/","og_site_name":"ECO Supplements","article_modified_time":"2025-08-27T13:42:58+00:00","og_image":[{"width":600,"height":510,"url":"https:\/\/ecosupplements.be\/wp-content\/uploads\/2025\/08\/Ultimate-Omega-2X-2150mg-Lemon-180-softgels-1.jpg","type":"image\/jpeg"}],"twitter_card":"summary_large_image","twitter_misc":{"Prix":"146.63&nbsp;&euro;","Disponibilit\u00e9":"En stock"},"schema":{"@context":"https:\/\/schema.org","@graph":[{"@type":["WebPage","ItemPage"],"@id":"https:\/\/ecosupplements.be\/fr\/produit\/omega-ultime-2x-2150mg-citron-180-capsules-molles\/","url":"https:\/\/ecosupplements.be\/fr\/produit\/omega-ultime-2x-2150mg-citron-180-capsules-molles\/","name":"Om\u00e9ga Ultime 2X, 2150mg Citron - 180 capsules molles - ECO Supplements","isPartOf":{"@id":"https:\/\/ecosupplements.be\/fr\/#website"},"primaryImageOfPage":{"@id":"https:\/\/ecosupplements.be\/fr\/produit\/omega-ultime-2x-2150mg-citron-180-capsules-molles\/#primaryimage"},"image":{"@id":"https:\/\/ecosupplements.be\/fr\/produit\/omega-ultime-2x-2150mg-citron-180-capsules-molles\/#primaryimage"},"thumbnailUrl":"https:\/\/ecosupplements.be\/wp-content\/uploads\/2025\/08\/Ultimate-Omega-2X-2150mg-Lemon-180-softgels.jpg","datePublished":"2024-06-11T19:47:21+00:00","dateModified":"2025-08-27T13:42:58+00:00","description":"Wij hebben een ruime keuze aan producten van Om\u00e9ga Ultime 2X, 2150mg Citron - 180 capsules molles . Winkel bij Eco Supplements altijd gratis verzending boven 100\u20ac","breadcrumb":{"@id":"https:\/\/ecosupplements.be\/fr\/produit\/omega-ultime-2x-2150mg-citron-180-capsules-molles\/#breadcrumb"},"inLanguage":"fr-FR","potentialAction":[{"@type":"ReadAction","target":["https:\/\/ecosupplements.be\/fr\/produit\/omega-ultime-2x-2150mg-citron-180-capsules-molles\/"]}]},{"@type":"ImageObject","inLanguage":"fr-FR","@id":"https:\/\/ecosupplements.be\/fr\/produit\/omega-ultime-2x-2150mg-citron-180-capsules-molles\/#primaryimage","url":"https:\/\/ecosupplements.be\/wp-content\/uploads\/2025\/08\/Ultimate-Omega-2X-2150mg-Lemon-180-softgels.jpg","contentUrl":"https:\/\/ecosupplements.be\/wp-content\/uploads\/2025\/08\/Ultimate-Omega-2X-2150mg-Lemon-180-softgels.jpg","width":600,"height":510},{"@type":"BreadcrumbList","@id":"https:\/\/ecosupplements.be\/fr\/produit\/omega-ultime-2x-2150mg-citron-180-capsules-molles\/#breadcrumb","itemListElement":[{"@type":"ListItem","position":1,"name":"Home","item":"https:\/\/ecosupplements.be\/fr\/"},{"@type":"ListItem","position":2,"name":"Boutique","item":"https:\/\/ecosupplements.be\/fr\/boutique\/"},{"@type":"ListItem","position":3,"name":"Om\u00e9ga Ultime 2X, 2150mg Citron &#8211; 180 capsules molles"}]},{"@type":"WebSite","@id":"https:\/\/ecosupplements.be\/fr\/#website","url":"https:\/\/ecosupplements.be\/fr\/","name":"ECO Supplements","description":"Eco Supplements - Gezonde supplementen","publisher":{"@id":"https:\/\/ecosupplements.be\/fr\/#organization"},"potentialAction":[{"@type":"SearchAction","target":{"@type":"EntryPoint","urlTemplate":"https:\/\/ecosupplements.be\/fr\/?s={search_term_string}"},"query-input":{"@type":"PropertyValueSpecification","valueRequired":true,"valueName":"search_term_string"}}],"inLanguage":"fr-FR"},{"@type":"Organization","@id":"https:\/\/ecosupplements.be\/fr\/#organization","name":"Eco Supplements","url":"https:\/\/ecosupplements.be\/fr\/","logo":{"@type":"ImageObject","inLanguage":"fr-FR","@id":"https:\/\/ecosupplements.be\/fr\/#\/schema\/logo\/image\/","url":"https:\/\/ecosupplements.be\/wp-content\/uploads\/2022\/06\/ecosupplement-family.png","contentUrl":"https:\/\/ecosupplements.be\/wp-content\/uploads\/2022\/06\/ecosupplement-family.png","width":593,"height":374,"caption":"Eco Supplements"},"image":{"@id":"https:\/\/ecosupplements.be\/fr\/#\/schema\/logo\/image\/"}}]},"product_brand":"Nordic Naturals","product_price_amount":"146.63","product_price_currency":"EUR","og_availability":"instock","product_availability":"instock","product_retailer_item_id":"768990021541","product_condition":"new"},"_links":{"self":[{"href":"https:\/\/ecosupplements.be\/fr\/wp-json\/wp\/v2\/product\/288577","targetHints":{"allow":["GET"]}}],"collection":[{"href":"https:\/\/ecosupplements.be\/fr\/wp-json\/wp\/v2\/product"}],"about":[{"href":"https:\/\/ecosupplements.be\/fr\/wp-json\/wp\/v2\/types\/product"}],"replies":[{"embeddable":true,"href":"https:\/\/ecosupplements.be\/fr\/wp-json\/wp\/v2\/comments?post=288577"}],"wp:featuredmedia":[{"embeddable":true,"href":"https:\/\/ecosupplements.be\/fr\/wp-json\/wp\/v2\/media\/264557"}],"wp:attachment":[{"href":"https:\/\/ecosupplements.be\/fr\/wp-json\/wp\/v2\/media?parent=288577"}],"wp:term":[{"taxonomy":"product_brand","embeddable":true,"href":"https:\/\/ecosupplements.be\/fr\/wp-json\/wp\/v2\/product_brand?post=288577"},{"taxonomy":"product_cat","embeddable":true,"href":"https:\/\/ecosupplements.be\/fr\/wp-json\/wp\/v2\/product_cat?post=288577"},{"taxonomy":"product_tag","embeddable":true,"href":"https:\/\/ecosupplements.be\/fr\/wp-json\/wp\/v2\/product_tag?post=288577"}],"curies":[{"name":"wp","href":"https:\/\/api.w.org\/{rel}","templated":true}]}}