{"id":288586,"date":"2024-03-08T17:20:52","date_gmt":"2024-03-08T16:20:52","guid":{"rendered":"https:\/\/ecosupplements.be\/product\/omega-ultime-en-gelatine-de-poisson-1280mg-citron-60-capsules-molles\/"},"modified":"2025-08-27T14:43:06","modified_gmt":"2025-08-27T13:43:06","slug":"omega-ultime-en-gelatine-de-poisson-1280mg-citron-60-capsules-molles","status":"publish","type":"product","link":"https:\/\/ecosupplements.be\/fr\/produit\/omega-ultime-en-gelatine-de-poisson-1280mg-citron-60-capsules-molles\/","title":{"rendered":"Om\u00e9ga Ultime en g\u00e9latine de poisson, 1280mg Citron &#8211; 60 capsules molles"},"content":{"rendered":"<p>D\u00e9couvrez le meilleur de la nature avec Ultimate Omega in Fish Gelatin,\u200b 1280mg Lemon &#8211; 60 softgels de Nordic Naturals. Ce compl\u00e9ment alimentaire hautement concentr\u00e9 est formul\u00e9 avec \u200cdes ingr\u00e9dients de\u200c qualit\u00e9 sup\u00e9rieure pour\u2063 vous offrir une source pure et naturelle d&#8217;om\u00e9ga-3.<\/p>\n<p>Chaque softgel contient 1280mg d&#8217;huile de poisson issue\u200d de petits poissons sauvages, tels\u2062 que les sardines et les anchois, p\u00each\u00e9s dans les \u2062eaux froides et pures de l&#8217;oc\u00e9an Arctique. \u200dCette huile est ensuite\u2062 encapsul\u00e9e dans \u2062une g\u00e9latine de poisson, ce qui en fait une option\u200d id\u00e9ale\u2063 pour les personnes suivant un \u200dr\u00e9gime alimentaire \u00e0 base de poisson \u2062ou\u2063 pour celles qui\u200c pr\u00e9f\u00e8rent \u00e9viter les capsules \u2062\u00e0 base de g\u00e9latine \u2063bovine.<\/p>\n<p>Les om\u00e9ga-3 \u200dsont des acides gras essentiels qui ne peuvent pas \u00eatre produits par notre corps \u200det \u2064doivent donc \u00eatre obtenus par \u2064le biais de notre alimentation\u2062 ou de suppl\u00e9ments. Ultimate Omega \u200cin \u200cFish Gelatin est une excellente source \u200cd&#8217;om\u00e9ga-3, avec 650mg d&#8217;EPA (acide eicosapenta\u00e9no\u00efque) et 450mg de DHA (acide docosahexa\u00e9no\u00efque) par \u2064softgel. Ces acides gras sont connus pour leurs nombreux bienfaits pour la sant\u00e9, notamment\u200c pour \u200ble c\u0153ur, le cerveau et les articulations.<\/p>\n<p>En \u200bplus de\u200c ses bienfaits pour la sant\u00e9, ce compl\u00e9ment alimentaire est \u00e9galement dot\u00e9 d&#8217;un d\u00e9licieux go\u00fbt de \u200bcitron, ce qui en fait une option agr\u00e9able\u2062 \u00e0 \u200dprendre au quotidien. De plus, il est exempt de \u200bcolorants, \u200cd&#8217;ar\u00f4mes artificiels et de conservateurs, pour une formule pure et naturelle.<\/p>\n<p>Ajoutez Ultimate Omega in Fish Gelatin, 1280mg Lemon &#8211; 60 softgels \u00e0 votre routine quotidienne pour\u200d b\u00e9n\u00e9ficier d&#8217;une source de qualit\u00e9 sup\u00e9rieure d&#8217;om\u00e9ga-3 et pour\u2063 soutenir votre sant\u00e9 globale. Commandez \u2063d\u00e8s maintenant et d\u00e9couvrez les bienfaits de la nature pour votre bien-\u00eatre.<\/p>\n","protected":false},"excerpt":{"rendered":"<p>D\u00e9couvrez le meilleur de la nature avec Ultimate Omega in Fish Gelatin,\u200b 1280mg Lemon &#8211; 60 softgels de Nordic Naturals. Ce compl\u00e9ment alimentaire hautement concentr\u00e9 est formul\u00e9 avec \u200cdes ingr\u00e9dients de\u200c qualit\u00e9 sup\u00e9rieure pour\u2063 vous offrir une source pure et naturelle d&#8217;om\u00e9ga-3. Chaque softgel contient 1280mg d&#8217;huile de poisson issue\u200d de petits poissons sauvages, tels\u2062 [&#8230;]\n","protected":false},"featured_media":264581,"comment_status":"open","ping_status":"open","template":"","meta":[],"product_brand":[4860],"product_cat":[5053],"product_tag":[],"class_list":{"0":"post-288586","1":"product","2":"type-product","3":"status-publish","4":"has-post-thumbnail","6":"product_brand-nordic-naturals-2","7":"product_cat-vitamines-et-mineraux","9":"first","10":"instock","11":"taxable","12":"shipping-taxable","13":"purchasable","14":"product-type-simple"},"yoast_head":"<!-- This site is optimized with the Yoast SEO Premium plugin v27.3 (Yoast SEO v27.3) - https:\/\/yoast.com\/product\/yoast-seo-premium-wordpress\/ -->\n<title>Om\u00e9ga Ultime en g\u00e9latine de poisson, 1280mg Citron - 60 capsules molles - ECO Supplements<\/title>\n<meta name=\"description\" content=\"Wij hebben een ruime keuze aan producten van Om\u00e9ga Ultime en g\u00e9latine de poisson, 1280mg Citron - 60 capsules molles . Winkel bij Eco Supplements altijd gratis verzending boven 100\u20ac\" \/>\n<meta name=\"robots\" content=\"index, follow, max-snippet:-1, max-image-preview:large, max-video-preview:-1\" \/>\n<link rel=\"canonical\" href=\"https:\/\/ecosupplements.be\/fr\/produit\/omega-ultime-en-gelatine-de-poisson-1280mg-citron-60-capsules-molles\/\" \/>\n<meta property=\"og:locale\" content=\"fr_FR\" \/>\n<meta property=\"og:type\" content=\"article\" \/>\n<meta property=\"og:title\" content=\"Om\u00e9ga Ultime en g\u00e9latine de poisson, 1280mg Citron - 60 capsules molles\" \/>\n<meta property=\"og:description\" content=\"Wij hebben een ruime keuze aan producten van Om\u00e9ga Ultime en g\u00e9latine de poisson, 1280mg Citron - 60 capsules molles . Winkel bij Eco Supplements altijd gratis verzending boven 100\u20ac\" \/>\n<meta property=\"og:url\" content=\"https:\/\/ecosupplements.be\/fr\/produit\/omega-ultime-en-gelatine-de-poisson-1280mg-citron-60-capsules-molles\/\" \/>\n<meta property=\"og:site_name\" content=\"ECO Supplements\" \/>\n<meta property=\"article:modified_time\" content=\"2025-08-27T13:43:06+00:00\" \/>\n<meta property=\"og:image\" content=\"https:\/\/ecosupplements.be\/wp-content\/uploads\/2025\/08\/Ultimate-Omega-in-Fish-Gelatin-1280mg-Lemon-60-softgels.jpg\" \/>\n\t<meta property=\"og:image:width\" content=\"700\" \/>\n\t<meta property=\"og:image:height\" content=\"700\" \/>\n\t<meta property=\"og:image:type\" content=\"image\/jpeg\" \/>\n<meta name=\"twitter:card\" content=\"summary_large_image\" \/>\n<meta name=\"twitter:label1\" content=\"Prix\" \/>\n\t<meta name=\"twitter:data1\" content=\"36.24&nbsp;&euro;\" \/>\n\t<meta name=\"twitter:label2\" content=\"Disponibilit\u00e9\" \/>\n\t<meta name=\"twitter:data2\" content=\"En stock\" \/>\n<script type=\"application\/ld+json\" class=\"yoast-schema-graph\">{\"@context\":\"https:\\\/\\\/schema.org\",\"@graph\":[{\"@type\":[\"WebPage\",\"ItemPage\"],\"@id\":\"https:\\\/\\\/ecosupplements.be\\\/fr\\\/produit\\\/omega-ultime-en-gelatine-de-poisson-1280mg-citron-60-capsules-molles\\\/\",\"url\":\"https:\\\/\\\/ecosupplements.be\\\/fr\\\/produit\\\/omega-ultime-en-gelatine-de-poisson-1280mg-citron-60-capsules-molles\\\/\",\"name\":\"Om\u00e9ga Ultime en g\u00e9latine de poisson, 1280mg Citron - 60 capsules molles - ECO Supplements\",\"isPartOf\":{\"@id\":\"https:\\\/\\\/ecosupplements.be\\\/fr\\\/#website\"},\"primaryImageOfPage\":{\"@id\":\"https:\\\/\\\/ecosupplements.be\\\/fr\\\/produit\\\/omega-ultime-en-gelatine-de-poisson-1280mg-citron-60-capsules-molles\\\/#primaryimage\"},\"image\":{\"@id\":\"https:\\\/\\\/ecosupplements.be\\\/fr\\\/produit\\\/omega-ultime-en-gelatine-de-poisson-1280mg-citron-60-capsules-molles\\\/#primaryimage\"},\"thumbnailUrl\":\"https:\\\/\\\/ecosupplements.be\\\/wp-content\\\/uploads\\\/2025\\\/08\\\/Ultimate-Omega-1280mg-Lemon-60-fish-gelatin-softgels.jpg\",\"datePublished\":\"2024-03-08T16:20:52+00:00\",\"dateModified\":\"2025-08-27T13:43:06+00:00\",\"description\":\"Wij hebben een ruime keuze aan producten van Om\u00e9ga Ultime en g\u00e9latine de poisson, 1280mg Citron - 60 capsules molles . Winkel bij Eco Supplements altijd gratis verzending boven 100\u20ac\",\"breadcrumb\":{\"@id\":\"https:\\\/\\\/ecosupplements.be\\\/fr\\\/produit\\\/omega-ultime-en-gelatine-de-poisson-1280mg-citron-60-capsules-molles\\\/#breadcrumb\"},\"inLanguage\":\"fr-FR\",\"potentialAction\":[{\"@type\":\"ReadAction\",\"target\":[\"https:\\\/\\\/ecosupplements.be\\\/fr\\\/produit\\\/omega-ultime-en-gelatine-de-poisson-1280mg-citron-60-capsules-molles\\\/\"]}]},{\"@type\":\"ImageObject\",\"inLanguage\":\"fr-FR\",\"@id\":\"https:\\\/\\\/ecosupplements.be\\\/fr\\\/produit\\\/omega-ultime-en-gelatine-de-poisson-1280mg-citron-60-capsules-molles\\\/#primaryimage\",\"url\":\"https:\\\/\\\/ecosupplements.be\\\/wp-content\\\/uploads\\\/2025\\\/08\\\/Ultimate-Omega-1280mg-Lemon-60-fish-gelatin-softgels.jpg\",\"contentUrl\":\"https:\\\/\\\/ecosupplements.be\\\/wp-content\\\/uploads\\\/2025\\\/08\\\/Ultimate-Omega-1280mg-Lemon-60-fish-gelatin-softgels.jpg\",\"width\":808,\"height\":680},{\"@type\":\"BreadcrumbList\",\"@id\":\"https:\\\/\\\/ecosupplements.be\\\/fr\\\/produit\\\/omega-ultime-en-gelatine-de-poisson-1280mg-citron-60-capsules-molles\\\/#breadcrumb\",\"itemListElement\":[{\"@type\":\"ListItem\",\"position\":1,\"name\":\"Home\",\"item\":\"https:\\\/\\\/ecosupplements.be\\\/fr\\\/\"},{\"@type\":\"ListItem\",\"position\":2,\"name\":\"Boutique\",\"item\":\"https:\\\/\\\/ecosupplements.be\\\/fr\\\/boutique\\\/\"},{\"@type\":\"ListItem\",\"position\":3,\"name\":\"Om\u00e9ga Ultime en g\u00e9latine de poisson, 1280mg Citron &#8211; 60 capsules molles\"}]},{\"@type\":\"WebSite\",\"@id\":\"https:\\\/\\\/ecosupplements.be\\\/fr\\\/#website\",\"url\":\"https:\\\/\\\/ecosupplements.be\\\/fr\\\/\",\"name\":\"ECO Supplements\",\"description\":\"Eco Supplements - Gezonde supplementen\",\"publisher\":{\"@id\":\"https:\\\/\\\/ecosupplements.be\\\/fr\\\/#organization\"},\"potentialAction\":[{\"@type\":\"SearchAction\",\"target\":{\"@type\":\"EntryPoint\",\"urlTemplate\":\"https:\\\/\\\/ecosupplements.be\\\/fr\\\/?s={search_term_string}\"},\"query-input\":{\"@type\":\"PropertyValueSpecification\",\"valueRequired\":true,\"valueName\":\"search_term_string\"}}],\"inLanguage\":\"fr-FR\"},{\"@type\":\"Organization\",\"@id\":\"https:\\\/\\\/ecosupplements.be\\\/fr\\\/#organization\",\"name\":\"Eco Supplements\",\"url\":\"https:\\\/\\\/ecosupplements.be\\\/fr\\\/\",\"logo\":{\"@type\":\"ImageObject\",\"inLanguage\":\"fr-FR\",\"@id\":\"https:\\\/\\\/ecosupplements.be\\\/fr\\\/#\\\/schema\\\/logo\\\/image\\\/\",\"url\":\"https:\\\/\\\/ecosupplements.be\\\/wp-content\\\/uploads\\\/2022\\\/06\\\/ecosupplement-family.png\",\"contentUrl\":\"https:\\\/\\\/ecosupplements.be\\\/wp-content\\\/uploads\\\/2022\\\/06\\\/ecosupplement-family.png\",\"width\":593,\"height\":374,\"caption\":\"Eco Supplements\"},\"image\":{\"@id\":\"https:\\\/\\\/ecosupplements.be\\\/fr\\\/#\\\/schema\\\/logo\\\/image\\\/\"}}]}<\/script>\n<meta property=\"product:brand\" content=\"Nordic Naturals\" \/>\n<meta property=\"product:price:amount\" content=\"36.24\" \/>\n<meta property=\"product:price:currency\" content=\"EUR\" \/>\n<meta property=\"og:availability\" content=\"instock\" \/>\n<meta property=\"product:availability\" content=\"instock\" \/>\n<meta property=\"product:retailer_item_id\" content=\"768990017971\" \/>\n<meta property=\"product:condition\" content=\"new\" \/>\n<!-- \/ Yoast SEO Premium plugin. -->","yoast_head_json":{"title":"Om\u00e9ga Ultime en g\u00e9latine de poisson, 1280mg Citron - 60 capsules molles - ECO Supplements","description":"Wij hebben een ruime keuze aan producten van Om\u00e9ga Ultime en g\u00e9latine de poisson, 1280mg Citron - 60 capsules molles . Winkel bij Eco Supplements altijd gratis verzending boven 100\u20ac","robots":{"index":"index","follow":"follow","max-snippet":"max-snippet:-1","max-image-preview":"max-image-preview:large","max-video-preview":"max-video-preview:-1"},"canonical":"https:\/\/ecosupplements.be\/fr\/produit\/omega-ultime-en-gelatine-de-poisson-1280mg-citron-60-capsules-molles\/","og_locale":"fr_FR","og_type":"article","og_title":"Om\u00e9ga Ultime en g\u00e9latine de poisson, 1280mg Citron - 60 capsules molles","og_description":"Wij hebben een ruime keuze aan producten van Om\u00e9ga Ultime en g\u00e9latine de poisson, 1280mg Citron - 60 capsules molles . Winkel bij Eco Supplements altijd gratis verzending boven 100\u20ac","og_url":"https:\/\/ecosupplements.be\/fr\/produit\/omega-ultime-en-gelatine-de-poisson-1280mg-citron-60-capsules-molles\/","og_site_name":"ECO Supplements","article_modified_time":"2025-08-27T13:43:06+00:00","og_image":[{"width":700,"height":700,"url":"https:\/\/ecosupplements.be\/wp-content\/uploads\/2025\/08\/Ultimate-Omega-in-Fish-Gelatin-1280mg-Lemon-60-softgels.jpg","type":"image\/jpeg"}],"twitter_card":"summary_large_image","twitter_misc":{"Prix":"36.24&nbsp;&euro;","Disponibilit\u00e9":"En stock"},"schema":{"@context":"https:\/\/schema.org","@graph":[{"@type":["WebPage","ItemPage"],"@id":"https:\/\/ecosupplements.be\/fr\/produit\/omega-ultime-en-gelatine-de-poisson-1280mg-citron-60-capsules-molles\/","url":"https:\/\/ecosupplements.be\/fr\/produit\/omega-ultime-en-gelatine-de-poisson-1280mg-citron-60-capsules-molles\/","name":"Om\u00e9ga Ultime en g\u00e9latine de poisson, 1280mg Citron - 60 capsules molles - ECO Supplements","isPartOf":{"@id":"https:\/\/ecosupplements.be\/fr\/#website"},"primaryImageOfPage":{"@id":"https:\/\/ecosupplements.be\/fr\/produit\/omega-ultime-en-gelatine-de-poisson-1280mg-citron-60-capsules-molles\/#primaryimage"},"image":{"@id":"https:\/\/ecosupplements.be\/fr\/produit\/omega-ultime-en-gelatine-de-poisson-1280mg-citron-60-capsules-molles\/#primaryimage"},"thumbnailUrl":"https:\/\/ecosupplements.be\/wp-content\/uploads\/2025\/08\/Ultimate-Omega-1280mg-Lemon-60-fish-gelatin-softgels.jpg","datePublished":"2024-03-08T16:20:52+00:00","dateModified":"2025-08-27T13:43:06+00:00","description":"Wij hebben een ruime keuze aan producten van Om\u00e9ga Ultime en g\u00e9latine de poisson, 1280mg Citron - 60 capsules molles . Winkel bij Eco Supplements altijd gratis verzending boven 100\u20ac","breadcrumb":{"@id":"https:\/\/ecosupplements.be\/fr\/produit\/omega-ultime-en-gelatine-de-poisson-1280mg-citron-60-capsules-molles\/#breadcrumb"},"inLanguage":"fr-FR","potentialAction":[{"@type":"ReadAction","target":["https:\/\/ecosupplements.be\/fr\/produit\/omega-ultime-en-gelatine-de-poisson-1280mg-citron-60-capsules-molles\/"]}]},{"@type":"ImageObject","inLanguage":"fr-FR","@id":"https:\/\/ecosupplements.be\/fr\/produit\/omega-ultime-en-gelatine-de-poisson-1280mg-citron-60-capsules-molles\/#primaryimage","url":"https:\/\/ecosupplements.be\/wp-content\/uploads\/2025\/08\/Ultimate-Omega-1280mg-Lemon-60-fish-gelatin-softgels.jpg","contentUrl":"https:\/\/ecosupplements.be\/wp-content\/uploads\/2025\/08\/Ultimate-Omega-1280mg-Lemon-60-fish-gelatin-softgels.jpg","width":808,"height":680},{"@type":"BreadcrumbList","@id":"https:\/\/ecosupplements.be\/fr\/produit\/omega-ultime-en-gelatine-de-poisson-1280mg-citron-60-capsules-molles\/#breadcrumb","itemListElement":[{"@type":"ListItem","position":1,"name":"Home","item":"https:\/\/ecosupplements.be\/fr\/"},{"@type":"ListItem","position":2,"name":"Boutique","item":"https:\/\/ecosupplements.be\/fr\/boutique\/"},{"@type":"ListItem","position":3,"name":"Om\u00e9ga Ultime en g\u00e9latine de poisson, 1280mg Citron &#8211; 60 capsules molles"}]},{"@type":"WebSite","@id":"https:\/\/ecosupplements.be\/fr\/#website","url":"https:\/\/ecosupplements.be\/fr\/","name":"ECO Supplements","description":"Eco Supplements - Gezonde supplementen","publisher":{"@id":"https:\/\/ecosupplements.be\/fr\/#organization"},"potentialAction":[{"@type":"SearchAction","target":{"@type":"EntryPoint","urlTemplate":"https:\/\/ecosupplements.be\/fr\/?s={search_term_string}"},"query-input":{"@type":"PropertyValueSpecification","valueRequired":true,"valueName":"search_term_string"}}],"inLanguage":"fr-FR"},{"@type":"Organization","@id":"https:\/\/ecosupplements.be\/fr\/#organization","name":"Eco Supplements","url":"https:\/\/ecosupplements.be\/fr\/","logo":{"@type":"ImageObject","inLanguage":"fr-FR","@id":"https:\/\/ecosupplements.be\/fr\/#\/schema\/logo\/image\/","url":"https:\/\/ecosupplements.be\/wp-content\/uploads\/2022\/06\/ecosupplement-family.png","contentUrl":"https:\/\/ecosupplements.be\/wp-content\/uploads\/2022\/06\/ecosupplement-family.png","width":593,"height":374,"caption":"Eco Supplements"},"image":{"@id":"https:\/\/ecosupplements.be\/fr\/#\/schema\/logo\/image\/"}}]},"product_brand":"Nordic Naturals","product_price_amount":"36.24","product_price_currency":"EUR","og_availability":"instock","product_availability":"instock","product_retailer_item_id":"768990017971","product_condition":"new"},"_links":{"self":[{"href":"https:\/\/ecosupplements.be\/fr\/wp-json\/wp\/v2\/product\/288586","targetHints":{"allow":["GET"]}}],"collection":[{"href":"https:\/\/ecosupplements.be\/fr\/wp-json\/wp\/v2\/product"}],"about":[{"href":"https:\/\/ecosupplements.be\/fr\/wp-json\/wp\/v2\/types\/product"}],"replies":[{"embeddable":true,"href":"https:\/\/ecosupplements.be\/fr\/wp-json\/wp\/v2\/comments?post=288586"}],"wp:featuredmedia":[{"embeddable":true,"href":"https:\/\/ecosupplements.be\/fr\/wp-json\/wp\/v2\/media\/264581"}],"wp:attachment":[{"href":"https:\/\/ecosupplements.be\/fr\/wp-json\/wp\/v2\/media?parent=288586"}],"wp:term":[{"taxonomy":"product_brand","embeddable":true,"href":"https:\/\/ecosupplements.be\/fr\/wp-json\/wp\/v2\/product_brand?post=288586"},{"taxonomy":"product_cat","embeddable":true,"href":"https:\/\/ecosupplements.be\/fr\/wp-json\/wp\/v2\/product_cat?post=288586"},{"taxonomy":"product_tag","embeddable":true,"href":"https:\/\/ecosupplements.be\/fr\/wp-json\/wp\/v2\/product_tag?post=288586"}],"curies":[{"name":"wp","href":"https:\/\/api.w.org\/{rel}","templated":true}]}}