{"id":288598,"date":"2024-06-11T20:15:44","date_gmt":"2024-06-11T19:15:44","guid":{"rendered":"https:\/\/ecosupplements.be\/product\/omega-ultime-xtra-3400mg-citron-237-ml\/"},"modified":"2025-08-27T14:43:18","modified_gmt":"2025-08-27T13:43:18","slug":"omega-ultime-xtra-3400mg-citron-237-ml","status":"publish","type":"product","link":"https:\/\/ecosupplements.be\/fr\/produit\/omega-ultime-xtra-3400mg-citron-237-ml\/","title":{"rendered":"Om\u00e9ga Ultime Xtra, 3400mg Citron &#8211; 237 ml"},"content":{"rendered":"<h1>Ultimate Omega Xtra, 3400mg Lemon &#8211; 237 ml<\/h1>\n<p>D\u00e9couvrez le meilleur \u200dde la nature avec Ultimate Omega Xtra de\u200d Nordic Naturals. Cette formule hautement concentr\u00e9e\u200c contient 3400mg d&#8217;om\u00e9ga-3 par dose, ce qui en fait l&#8217;un des suppl\u00e9ments les plus puissants sur le march\u00e9. Avec son d\u00e9licieux go\u00fbt de citron, il est facile \u00e0 prendre et \u00e0 int\u00e9grer \u00e0 votre routine quotidienne.<\/p>\n<h2>Caract\u00e9ristiques sp\u00e9ciales :<\/h2>\n<ul>\n<li>3400mg d&#8217;om\u00e9ga-3 par dose<\/li>\n<li>Formule hautement concentr\u00e9e<\/li>\n<li>Go\u00fbt de citron d\u00e9licieux<\/li>\n<li>Facile \u00e0 prendre et \u00e0 int\u00e9grer \u00e0 votre routine quotidienne<\/li>\n<\/ul>\n<h2>Ingr\u00e9dients \u2063:<\/h2>\n<p>Ce suppl\u00e9ment est compos\u00e9 d&#8217;une combinaison d&#8217;huile de poisson sauvage et d&#8217;huile d&#8217;olive\u200d biologique extra vierge. Les huiles de poisson sont riches en acides gras om\u00e9ga-3 essentiels, tels que l&#8217;EPA et le DHA, qui sont b\u00e9n\u00e9fiques pour la sant\u00e9 cardiovasculaire, le cerveau et les articulations. L&#8217;huile d&#8217;olive biologique extra vierge est \u200briche\u2064 en antioxydants et en\u200d acides gras monoinsatur\u00e9s, qui aident \u00e0\u2062 maintenir un taux de cholest\u00e9rol sain et \u00e0 prot\u00e9ger contre les maladies cardiovasculaires.<\/p>\n<h2>Avantages uniques \u2063:<\/h2>\n<p>En\u200c plus de fournir une dose \u200b\u00e9lev\u00e9e d&#8217;om\u00e9ga-3, Ultimate Omega \u200bXtra contient \u00e9galement des antioxydants naturels pour une protection suppl\u00e9mentaire contre les \u2063radicaux libres. De plus, \u200ccette formule est exempte de colorants, d&#8217;ar\u00f4mes et d&#8217;\u00e9dulcorants artificiels, ainsi \u2063que de gluten, de produits laitiers et de conservateurs, ce qui en fait un choix \u2064s\u00fbr pour les personnes ayant des sensibilit\u00e9s alimentaires.<\/p>\n<h2>Principales caract\u00e9ristiques :<\/h2>\n<ul>\n<li>3400mg d&#8217;om\u00e9ga-3 par dose<\/li>\n<li>Formule hautement concentr\u00e9e<\/li>\n<li>Go\u00fbt \u200bde \u2064citron d\u00e9licieux<\/li>\n<li>Contient des antioxydants naturels<\/li>\n<li>Sans colorants, ar\u00f4mes ou \u00e9dulcorants artificiels<\/li>\n<li>Sans gluten, produits laitiers ou conservateurs<\/li>\n<\/ul>\n<p>Ajoutez Ultimate Omega Xtra de \u2063Nordic Naturals \u00e0 votre routine quotidienne pour b\u00e9n\u00e9ficier d&#8217;une dose puissante d&#8217;om\u00e9ga-3 et d&#8217;autres nutriments essentiels pour une sant\u00e9 optimale. Avec sa formule hautement concentr\u00e9e, son go\u00fbt d\u00e9licieux et ses ingr\u00e9dients de qualit\u00e9 sup\u00e9rieure, c&#8217;est le choix id\u00e9al pour ceux qui cherchent \u00e0 am\u00e9liorer leur bien-\u00eatre g\u00e9n\u00e9ral.<\/p>\n","protected":false},"excerpt":{"rendered":"<p>Ultimate Omega Xtra, 3400mg Lemon &#8211; 237 ml D\u00e9couvrez le meilleur \u200dde la nature avec Ultimate Omega Xtra de\u200d Nordic Naturals. Cette formule hautement concentr\u00e9e\u200c contient 3400mg d&#8217;om\u00e9ga-3 par dose, ce qui en fait l&#8217;un des suppl\u00e9ments les plus puissants sur le march\u00e9. Avec son d\u00e9licieux go\u00fbt de citron, il est facile \u00e0 prendre et [&#8230;]\n","protected":false},"featured_media":264575,"comment_status":"open","ping_status":"open","template":"","meta":[],"product_brand":[4860],"product_cat":[5082,5053],"product_tag":[],"class_list":{"0":"post-288598","1":"product","2":"type-product","3":"status-publish","4":"has-post-thumbnail","6":"product_brand-nordic-naturals-2","7":"product_cat-omegas-efa-cla-huiles","8":"product_cat-vitamines-et-mineraux","10":"first","11":"instock","12":"taxable","13":"shipping-taxable","14":"purchasable","15":"product-type-simple"},"yoast_head":"<!-- This site is optimized with the Yoast SEO Premium plugin v27.3 (Yoast SEO v27.3) - https:\/\/yoast.com\/product\/yoast-seo-premium-wordpress\/ -->\n<title>Om\u00e9ga Ultime Xtra, 3400mg Citron - 237 ml - ECO Supplements<\/title>\n<meta name=\"description\" content=\"Wij hebben een ruime keuze aan producten van Om\u00e9ga Ultime Xtra, 3400mg Citron - 237 ml . Winkel bij Eco Supplements altijd gratis verzending boven 100\u20ac\" \/>\n<meta name=\"robots\" content=\"index, follow, max-snippet:-1, max-image-preview:large, max-video-preview:-1\" \/>\n<link rel=\"canonical\" href=\"https:\/\/ecosupplements.be\/fr\/produit\/omega-ultime-xtra-3400mg-citron-237-ml\/\" \/>\n<meta property=\"og:locale\" content=\"fr_FR\" \/>\n<meta property=\"og:type\" content=\"article\" \/>\n<meta property=\"og:title\" content=\"Om\u00e9ga Ultime Xtra, 3400mg Citron - 237 ml\" \/>\n<meta property=\"og:description\" content=\"Wij hebben een ruime keuze aan producten van Om\u00e9ga Ultime Xtra, 3400mg Citron - 237 ml . Winkel bij Eco Supplements altijd gratis verzending boven 100\u20ac\" \/>\n<meta property=\"og:url\" content=\"https:\/\/ecosupplements.be\/fr\/produit\/omega-ultime-xtra-3400mg-citron-237-ml\/\" \/>\n<meta property=\"og:site_name\" content=\"ECO Supplements\" \/>\n<meta property=\"article:modified_time\" content=\"2025-08-27T13:43:18+00:00\" \/>\n<meta property=\"og:image\" content=\"https:\/\/ecosupplements.be\/wp-content\/uploads\/2025\/08\/Ultimate-Omega-Xtra-3400mg-Lemon-237-ml-1.jpg\" \/>\n\t<meta property=\"og:image:width\" content=\"375\" \/>\n\t<meta property=\"og:image:height\" content=\"900\" \/>\n\t<meta property=\"og:image:type\" content=\"image\/jpeg\" \/>\n<meta name=\"twitter:card\" content=\"summary_large_image\" \/>\n<meta name=\"twitter:label1\" content=\"Prix\" \/>\n\t<meta name=\"twitter:data1\" content=\"89.32&nbsp;&euro;\" \/>\n\t<meta name=\"twitter:label2\" content=\"Disponibilit\u00e9\" \/>\n\t<meta name=\"twitter:data2\" content=\"En stock\" \/>\n<script type=\"application\/ld+json\" class=\"yoast-schema-graph\">{\"@context\":\"https:\\\/\\\/schema.org\",\"@graph\":[{\"@type\":[\"WebPage\",\"ItemPage\"],\"@id\":\"https:\\\/\\\/ecosupplements.be\\\/fr\\\/produit\\\/omega-ultime-xtra-3400mg-citron-237-ml\\\/\",\"url\":\"https:\\\/\\\/ecosupplements.be\\\/fr\\\/produit\\\/omega-ultime-xtra-3400mg-citron-237-ml\\\/\",\"name\":\"Om\u00e9ga Ultime Xtra, 3400mg Citron - 237 ml - ECO Supplements\",\"isPartOf\":{\"@id\":\"https:\\\/\\\/ecosupplements.be\\\/fr\\\/#website\"},\"primaryImageOfPage\":{\"@id\":\"https:\\\/\\\/ecosupplements.be\\\/fr\\\/produit\\\/omega-ultime-xtra-3400mg-citron-237-ml\\\/#primaryimage\"},\"image\":{\"@id\":\"https:\\\/\\\/ecosupplements.be\\\/fr\\\/produit\\\/omega-ultime-xtra-3400mg-citron-237-ml\\\/#primaryimage\"},\"thumbnailUrl\":\"https:\\\/\\\/ecosupplements.be\\\/wp-content\\\/uploads\\\/2025\\\/08\\\/Ultimate-Omega-Xtra-3400mg-Lemon-237-ml.jpg\",\"datePublished\":\"2024-06-11T19:15:44+00:00\",\"dateModified\":\"2025-08-27T13:43:18+00:00\",\"description\":\"Wij hebben een ruime keuze aan producten van Om\u00e9ga Ultime Xtra, 3400mg Citron - 237 ml . Winkel bij Eco Supplements altijd gratis verzending boven 100\u20ac\",\"breadcrumb\":{\"@id\":\"https:\\\/\\\/ecosupplements.be\\\/fr\\\/produit\\\/omega-ultime-xtra-3400mg-citron-237-ml\\\/#breadcrumb\"},\"inLanguage\":\"fr-FR\",\"potentialAction\":[{\"@type\":\"ReadAction\",\"target\":[\"https:\\\/\\\/ecosupplements.be\\\/fr\\\/produit\\\/omega-ultime-xtra-3400mg-citron-237-ml\\\/\"]}]},{\"@type\":\"ImageObject\",\"inLanguage\":\"fr-FR\",\"@id\":\"https:\\\/\\\/ecosupplements.be\\\/fr\\\/produit\\\/omega-ultime-xtra-3400mg-citron-237-ml\\\/#primaryimage\",\"url\":\"https:\\\/\\\/ecosupplements.be\\\/wp-content\\\/uploads\\\/2025\\\/08\\\/Ultimate-Omega-Xtra-3400mg-Lemon-237-ml.jpg\",\"contentUrl\":\"https:\\\/\\\/ecosupplements.be\\\/wp-content\\\/uploads\\\/2025\\\/08\\\/Ultimate-Omega-Xtra-3400mg-Lemon-237-ml.jpg\",\"width\":375,\"height\":900},{\"@type\":\"BreadcrumbList\",\"@id\":\"https:\\\/\\\/ecosupplements.be\\\/fr\\\/produit\\\/omega-ultime-xtra-3400mg-citron-237-ml\\\/#breadcrumb\",\"itemListElement\":[{\"@type\":\"ListItem\",\"position\":1,\"name\":\"Home\",\"item\":\"https:\\\/\\\/ecosupplements.be\\\/fr\\\/\"},{\"@type\":\"ListItem\",\"position\":2,\"name\":\"Boutique\",\"item\":\"https:\\\/\\\/ecosupplements.be\\\/fr\\\/boutique\\\/\"},{\"@type\":\"ListItem\",\"position\":3,\"name\":\"Om\u00e9ga Ultime Xtra, 3400mg Citron &#8211; 237 ml\"}]},{\"@type\":\"WebSite\",\"@id\":\"https:\\\/\\\/ecosupplements.be\\\/fr\\\/#website\",\"url\":\"https:\\\/\\\/ecosupplements.be\\\/fr\\\/\",\"name\":\"ECO Supplements\",\"description\":\"Eco Supplements - Gezonde supplementen\",\"publisher\":{\"@id\":\"https:\\\/\\\/ecosupplements.be\\\/fr\\\/#organization\"},\"potentialAction\":[{\"@type\":\"SearchAction\",\"target\":{\"@type\":\"EntryPoint\",\"urlTemplate\":\"https:\\\/\\\/ecosupplements.be\\\/fr\\\/?s={search_term_string}\"},\"query-input\":{\"@type\":\"PropertyValueSpecification\",\"valueRequired\":true,\"valueName\":\"search_term_string\"}}],\"inLanguage\":\"fr-FR\"},{\"@type\":\"Organization\",\"@id\":\"https:\\\/\\\/ecosupplements.be\\\/fr\\\/#organization\",\"name\":\"Eco Supplements\",\"url\":\"https:\\\/\\\/ecosupplements.be\\\/fr\\\/\",\"logo\":{\"@type\":\"ImageObject\",\"inLanguage\":\"fr-FR\",\"@id\":\"https:\\\/\\\/ecosupplements.be\\\/fr\\\/#\\\/schema\\\/logo\\\/image\\\/\",\"url\":\"https:\\\/\\\/ecosupplements.be\\\/wp-content\\\/uploads\\\/2022\\\/06\\\/ecosupplement-family.png\",\"contentUrl\":\"https:\\\/\\\/ecosupplements.be\\\/wp-content\\\/uploads\\\/2022\\\/06\\\/ecosupplement-family.png\",\"width\":593,\"height\":374,\"caption\":\"Eco Supplements\"},\"image\":{\"@id\":\"https:\\\/\\\/ecosupplements.be\\\/fr\\\/#\\\/schema\\\/logo\\\/image\\\/\"}}]}<\/script>\n<meta property=\"product:brand\" content=\"Nordic Naturals\" \/>\n<meta property=\"product:price:amount\" content=\"89.32\" \/>\n<meta property=\"product:price:currency\" content=\"EUR\" \/>\n<meta property=\"og:availability\" content=\"instock\" \/>\n<meta property=\"product:availability\" content=\"instock\" \/>\n<meta property=\"product:retailer_item_id\" content=\"768990018060\" \/>\n<meta property=\"product:condition\" content=\"new\" \/>\n<!-- \/ Yoast SEO Premium plugin. -->","yoast_head_json":{"title":"Om\u00e9ga Ultime Xtra, 3400mg Citron - 237 ml - ECO Supplements","description":"Wij hebben een ruime keuze aan producten van Om\u00e9ga Ultime Xtra, 3400mg Citron - 237 ml . Winkel bij Eco Supplements altijd gratis verzending boven 100\u20ac","robots":{"index":"index","follow":"follow","max-snippet":"max-snippet:-1","max-image-preview":"max-image-preview:large","max-video-preview":"max-video-preview:-1"},"canonical":"https:\/\/ecosupplements.be\/fr\/produit\/omega-ultime-xtra-3400mg-citron-237-ml\/","og_locale":"fr_FR","og_type":"article","og_title":"Om\u00e9ga Ultime Xtra, 3400mg Citron - 237 ml","og_description":"Wij hebben een ruime keuze aan producten van Om\u00e9ga Ultime Xtra, 3400mg Citron - 237 ml . Winkel bij Eco Supplements altijd gratis verzending boven 100\u20ac","og_url":"https:\/\/ecosupplements.be\/fr\/produit\/omega-ultime-xtra-3400mg-citron-237-ml\/","og_site_name":"ECO Supplements","article_modified_time":"2025-08-27T13:43:18+00:00","og_image":[{"width":375,"height":900,"url":"https:\/\/ecosupplements.be\/wp-content\/uploads\/2025\/08\/Ultimate-Omega-Xtra-3400mg-Lemon-237-ml-1.jpg","type":"image\/jpeg"}],"twitter_card":"summary_large_image","twitter_misc":{"Prix":"89.32&nbsp;&euro;","Disponibilit\u00e9":"En stock"},"schema":{"@context":"https:\/\/schema.org","@graph":[{"@type":["WebPage","ItemPage"],"@id":"https:\/\/ecosupplements.be\/fr\/produit\/omega-ultime-xtra-3400mg-citron-237-ml\/","url":"https:\/\/ecosupplements.be\/fr\/produit\/omega-ultime-xtra-3400mg-citron-237-ml\/","name":"Om\u00e9ga Ultime Xtra, 3400mg Citron - 237 ml - ECO Supplements","isPartOf":{"@id":"https:\/\/ecosupplements.be\/fr\/#website"},"primaryImageOfPage":{"@id":"https:\/\/ecosupplements.be\/fr\/produit\/omega-ultime-xtra-3400mg-citron-237-ml\/#primaryimage"},"image":{"@id":"https:\/\/ecosupplements.be\/fr\/produit\/omega-ultime-xtra-3400mg-citron-237-ml\/#primaryimage"},"thumbnailUrl":"https:\/\/ecosupplements.be\/wp-content\/uploads\/2025\/08\/Ultimate-Omega-Xtra-3400mg-Lemon-237-ml.jpg","datePublished":"2024-06-11T19:15:44+00:00","dateModified":"2025-08-27T13:43:18+00:00","description":"Wij hebben een ruime keuze aan producten van Om\u00e9ga Ultime Xtra, 3400mg Citron - 237 ml . Winkel bij Eco Supplements altijd gratis verzending boven 100\u20ac","breadcrumb":{"@id":"https:\/\/ecosupplements.be\/fr\/produit\/omega-ultime-xtra-3400mg-citron-237-ml\/#breadcrumb"},"inLanguage":"fr-FR","potentialAction":[{"@type":"ReadAction","target":["https:\/\/ecosupplements.be\/fr\/produit\/omega-ultime-xtra-3400mg-citron-237-ml\/"]}]},{"@type":"ImageObject","inLanguage":"fr-FR","@id":"https:\/\/ecosupplements.be\/fr\/produit\/omega-ultime-xtra-3400mg-citron-237-ml\/#primaryimage","url":"https:\/\/ecosupplements.be\/wp-content\/uploads\/2025\/08\/Ultimate-Omega-Xtra-3400mg-Lemon-237-ml.jpg","contentUrl":"https:\/\/ecosupplements.be\/wp-content\/uploads\/2025\/08\/Ultimate-Omega-Xtra-3400mg-Lemon-237-ml.jpg","width":375,"height":900},{"@type":"BreadcrumbList","@id":"https:\/\/ecosupplements.be\/fr\/produit\/omega-ultime-xtra-3400mg-citron-237-ml\/#breadcrumb","itemListElement":[{"@type":"ListItem","position":1,"name":"Home","item":"https:\/\/ecosupplements.be\/fr\/"},{"@type":"ListItem","position":2,"name":"Boutique","item":"https:\/\/ecosupplements.be\/fr\/boutique\/"},{"@type":"ListItem","position":3,"name":"Om\u00e9ga Ultime Xtra, 3400mg Citron &#8211; 237 ml"}]},{"@type":"WebSite","@id":"https:\/\/ecosupplements.be\/fr\/#website","url":"https:\/\/ecosupplements.be\/fr\/","name":"ECO Supplements","description":"Eco Supplements - Gezonde supplementen","publisher":{"@id":"https:\/\/ecosupplements.be\/fr\/#organization"},"potentialAction":[{"@type":"SearchAction","target":{"@type":"EntryPoint","urlTemplate":"https:\/\/ecosupplements.be\/fr\/?s={search_term_string}"},"query-input":{"@type":"PropertyValueSpecification","valueRequired":true,"valueName":"search_term_string"}}],"inLanguage":"fr-FR"},{"@type":"Organization","@id":"https:\/\/ecosupplements.be\/fr\/#organization","name":"Eco Supplements","url":"https:\/\/ecosupplements.be\/fr\/","logo":{"@type":"ImageObject","inLanguage":"fr-FR","@id":"https:\/\/ecosupplements.be\/fr\/#\/schema\/logo\/image\/","url":"https:\/\/ecosupplements.be\/wp-content\/uploads\/2022\/06\/ecosupplement-family.png","contentUrl":"https:\/\/ecosupplements.be\/wp-content\/uploads\/2022\/06\/ecosupplement-family.png","width":593,"height":374,"caption":"Eco Supplements"},"image":{"@id":"https:\/\/ecosupplements.be\/fr\/#\/schema\/logo\/image\/"}}]},"product_brand":"Nordic Naturals","product_price_amount":"89.32","product_price_currency":"EUR","og_availability":"instock","product_availability":"instock","product_retailer_item_id":"768990018060","product_condition":"new"},"_links":{"self":[{"href":"https:\/\/ecosupplements.be\/fr\/wp-json\/wp\/v2\/product\/288598","targetHints":{"allow":["GET"]}}],"collection":[{"href":"https:\/\/ecosupplements.be\/fr\/wp-json\/wp\/v2\/product"}],"about":[{"href":"https:\/\/ecosupplements.be\/fr\/wp-json\/wp\/v2\/types\/product"}],"replies":[{"embeddable":true,"href":"https:\/\/ecosupplements.be\/fr\/wp-json\/wp\/v2\/comments?post=288598"}],"wp:featuredmedia":[{"embeddable":true,"href":"https:\/\/ecosupplements.be\/fr\/wp-json\/wp\/v2\/media\/264575"}],"wp:attachment":[{"href":"https:\/\/ecosupplements.be\/fr\/wp-json\/wp\/v2\/media?parent=288598"}],"wp:term":[{"taxonomy":"product_brand","embeddable":true,"href":"https:\/\/ecosupplements.be\/fr\/wp-json\/wp\/v2\/product_brand?post=288598"},{"taxonomy":"product_cat","embeddable":true,"href":"https:\/\/ecosupplements.be\/fr\/wp-json\/wp\/v2\/product_cat?post=288598"},{"taxonomy":"product_tag","embeddable":true,"href":"https:\/\/ecosupplements.be\/fr\/wp-json\/wp\/v2\/product_tag?post=288598"}],"curies":[{"name":"wp","href":"https:\/\/api.w.org\/{rel}","templated":true}]}}