{"id":288634,"date":"2024-03-08T18:10:15","date_gmt":"2024-03-08T17:10:15","guid":{"rendered":"https:\/\/ecosupplements.be\/product\/gummies-de-vitamine-c-250mg-tangerine-120-gummies\/"},"modified":"2025-08-27T14:43:54","modified_gmt":"2025-08-27T13:43:54","slug":"gummies-de-vitamine-c-250mg-tangerine-120-gummies","status":"publish","type":"product","link":"https:\/\/ecosupplements.be\/fr\/produit\/gummies-de-vitamine-c-250mg-tangerine-120-gummies\/","title":{"rendered":"Gummies de vitamine C, 250mg Tangerine &#8211; 120 gummies"},"content":{"rendered":"<p>Les gummies \u00e0 la \u2063vitamine C de Nordic Naturals sont une fa\u00e7on d\u00e9licieuse et pratique de consommer \u2064votre dose quotidienne \u200bde vitamine C. Chaque bouch\u00e9e de ces gummies \u00e0 la tangerine contient \u200d250mg de vitamine C, \u200cce qui en fait \u200bun compl\u00e9ment id\u00e9al pour renforcer votre syst\u00e8me immunitaire et \u200cmaintenir une bonne sant\u00e9 globale.<\/p>\n<p>Ces gummies\u200d sont fabriqu\u00e9s avec des ingr\u00e9dients de haute \u2064qualit\u00e9 et sans colorants artificiels, ar\u00f4mes ou conservateurs. Ils sont \u00e9galement sans gluten et sans produits laitiers, ce\u200b qui les rend adapt\u00e9s \u00e0 tous les r\u00e9gimes alimentaires. De plus, ils\u200b sont adapt\u00e9s \u2063aux v\u00e9g\u00e9tariens et v\u00e9g\u00e9taliens.<\/p>\n<p>La vitamine C est un antioxydant puissant qui aide \u00e0 prot\u00e9ger les cellules contre les dommages caus\u00e9s par les radicaux libres. Elle joue \u00e9galement un r\u00f4le \u200bimportant dans\u200b la \u2063production de collag\u00e8ne, qui est essentiel \u200bpour la sant\u00e9 de la peau, des os \u200bet des articulations. En outre, la vitamine C est\u2064 essentielle pour\u200b maintenir un syst\u00e8me immunitaire\u200d fort \u2064et \u2064pour favoriser la sant\u00e9 cardiovasculaire.<\/p>\n<p>Les gummies\u200b \u00e0 la vitamine C de Nordic Naturals ont \u2062un d\u00e9licieux\u2062 go\u00fbt de tangerine et sont faciles \u00e0 m\u00e2cher, ce qui les\u200c rend parfaits\u2063 pour les \u2062enfants et\u2062 les adultes. Ils sont \u00e9galement sans sucre ajout\u00e9, \u200dce qui en fait une\u200c option saine pour satisfaire vos envies de sucreries.<\/p>\n<p>Chaque flacon contient 120 gummies,\u2064 ce qui \u00e9quivaut \u00e0 un approvisionnement de 60 jours si vous prenez la dose recommand\u00e9e de 2 gummies par jour. Les gummies sont\u2063 emball\u00e9s dans un flacon \u200ben verre ambr\u00e9 pour prot\u00e9ger leur fra\u00eecheur et leur efficacit\u00e9.<\/p>\n<p>Ajoutez les \u2064gummies \u00e0 la vitamine C de Nordic Naturals \u00e0 votre routine quotidienne pour renforcer votre syst\u00e8me immunitaire, prot\u00e9ger votre sant\u00e9 et profiter d&#8217;un\u2062 d\u00e9licieux en-cas sain. Commandez d\u00e8s maintenant et d\u00e9couvrez les bienfaits \u2064de la vitamine C sous forme\u2062 de gummies !<\/p>\n","protected":false},"excerpt":{"rendered":"<p>Les gummies \u00e0 la \u2063vitamine C de Nordic Naturals sont une fa\u00e7on d\u00e9licieuse et pratique de consommer \u2064votre dose quotidienne \u200bde vitamine C. Chaque bouch\u00e9e de ces gummies \u00e0 la tangerine contient \u200d250mg de vitamine C, \u200cce qui en fait \u200bun compl\u00e9ment id\u00e9al pour renforcer votre syst\u00e8me immunitaire et \u200cmaintenir une bonne sant\u00e9 globale. Ces [&#8230;]\n","protected":false},"featured_media":264608,"comment_status":"open","ping_status":"open","template":"","meta":[],"product_brand":[4860],"product_cat":[5053,5059],"product_tag":[],"class_list":{"0":"post-288634","1":"product","2":"type-product","3":"status-publish","4":"has-post-thumbnail","6":"product_brand-nordic-naturals-2","7":"product_cat-vitamines-et-mineraux","8":"product_cat-vitamines-simples","10":"first","11":"instock","12":"taxable","13":"shipping-taxable","14":"purchasable","15":"product-type-simple"},"yoast_head":"<!-- This site is optimized with the Yoast SEO Premium plugin v27.5 (Yoast SEO v27.5) - https:\/\/yoast.com\/product\/yoast-seo-premium-wordpress\/ -->\n<title>Gummies de vitamine C, 250mg Tangerine - 120 gummies - ECO Supplements<\/title>\n<meta name=\"description\" content=\"Wij hebben een ruime keuze aan producten van Gummies de vitamine C, 250mg Tangerine - 120 gummies . Winkel bij Eco Supplements altijd gratis verzending boven 100\u20ac\" \/>\n<meta name=\"robots\" content=\"index, follow, max-snippet:-1, max-image-preview:large, max-video-preview:-1\" \/>\n<link rel=\"canonical\" href=\"https:\/\/ecosupplements.be\/fr\/produit\/gummies-de-vitamine-c-250mg-tangerine-120-gummies\/\" \/>\n<meta property=\"og:locale\" content=\"fr_FR\" \/>\n<meta property=\"og:type\" content=\"article\" \/>\n<meta property=\"og:title\" content=\"Gummies de vitamine C, 250mg Tangerine - 120 gummies\" \/>\n<meta property=\"og:description\" content=\"Wij hebben een ruime keuze aan producten van Gummies de vitamine C, 250mg Tangerine - 120 gummies . Winkel bij Eco Supplements altijd gratis verzending boven 100\u20ac\" \/>\n<meta property=\"og:url\" content=\"https:\/\/ecosupplements.be\/fr\/produit\/gummies-de-vitamine-c-250mg-tangerine-120-gummies\/\" \/>\n<meta property=\"og:site_name\" content=\"ECO Supplements\" \/>\n<meta property=\"article:modified_time\" content=\"2025-08-27T13:43:54+00:00\" \/>\n<meta property=\"og:image\" content=\"https:\/\/ecosupplements.be\/wp-content\/uploads\/2025\/08\/Vitamin-C-Gummies-250mg-Tangerine-120-gummies-1.jpg\" \/>\n\t<meta property=\"og:image:width\" content=\"456\" \/>\n\t<meta property=\"og:image:height\" content=\"885\" \/>\n\t<meta property=\"og:image:type\" content=\"image\/jpeg\" \/>\n<meta name=\"twitter:card\" content=\"summary_large_image\" \/>\n<meta name=\"twitter:label1\" content=\"Prix\" \/>\n\t<meta name=\"twitter:data1\" content=\"23.82&nbsp;&euro;\" \/>\n\t<meta name=\"twitter:label2\" content=\"Disponibilit\u00e9\" \/>\n\t<meta name=\"twitter:data2\" content=\"En stock\" \/>\n<script type=\"application\/ld+json\" class=\"yoast-schema-graph\">{\"@context\":\"https:\\\/\\\/schema.org\",\"@graph\":[{\"@type\":[\"WebPage\",\"ItemPage\"],\"@id\":\"https:\\\/\\\/ecosupplements.be\\\/fr\\\/produit\\\/gummies-de-vitamine-c-250mg-tangerine-120-gummies\\\/\",\"url\":\"https:\\\/\\\/ecosupplements.be\\\/fr\\\/produit\\\/gummies-de-vitamine-c-250mg-tangerine-120-gummies\\\/\",\"name\":\"Gummies de vitamine C, 250mg Tangerine - 120 gummies - ECO Supplements\",\"isPartOf\":{\"@id\":\"https:\\\/\\\/ecosupplements.be\\\/fr\\\/#website\"},\"primaryImageOfPage\":{\"@id\":\"https:\\\/\\\/ecosupplements.be\\\/fr\\\/produit\\\/gummies-de-vitamine-c-250mg-tangerine-120-gummies\\\/#primaryimage\"},\"image\":{\"@id\":\"https:\\\/\\\/ecosupplements.be\\\/fr\\\/produit\\\/gummies-de-vitamine-c-250mg-tangerine-120-gummies\\\/#primaryimage\"},\"thumbnailUrl\":\"https:\\\/\\\/ecosupplements.be\\\/wp-content\\\/uploads\\\/2025\\\/08\\\/Vitamin-C-Gummies-250mg-Tangerine-120-gummies.jpg\",\"datePublished\":\"2024-03-08T17:10:15+00:00\",\"dateModified\":\"2025-08-27T13:43:54+00:00\",\"description\":\"Wij hebben een ruime keuze aan producten van Gummies de vitamine C, 250mg Tangerine - 120 gummies . Winkel bij Eco Supplements altijd gratis verzending boven 100\u20ac\",\"breadcrumb\":{\"@id\":\"https:\\\/\\\/ecosupplements.be\\\/fr\\\/produit\\\/gummies-de-vitamine-c-250mg-tangerine-120-gummies\\\/#breadcrumb\"},\"inLanguage\":\"fr-FR\",\"potentialAction\":[{\"@type\":\"ReadAction\",\"target\":[\"https:\\\/\\\/ecosupplements.be\\\/fr\\\/produit\\\/gummies-de-vitamine-c-250mg-tangerine-120-gummies\\\/\"]}]},{\"@type\":\"ImageObject\",\"inLanguage\":\"fr-FR\",\"@id\":\"https:\\\/\\\/ecosupplements.be\\\/fr\\\/produit\\\/gummies-de-vitamine-c-250mg-tangerine-120-gummies\\\/#primaryimage\",\"url\":\"https:\\\/\\\/ecosupplements.be\\\/wp-content\\\/uploads\\\/2025\\\/08\\\/Vitamin-C-Gummies-250mg-Tangerine-120-gummies.jpg\",\"contentUrl\":\"https:\\\/\\\/ecosupplements.be\\\/wp-content\\\/uploads\\\/2025\\\/08\\\/Vitamin-C-Gummies-250mg-Tangerine-120-gummies.jpg\",\"width\":456,\"height\":885},{\"@type\":\"BreadcrumbList\",\"@id\":\"https:\\\/\\\/ecosupplements.be\\\/fr\\\/produit\\\/gummies-de-vitamine-c-250mg-tangerine-120-gummies\\\/#breadcrumb\",\"itemListElement\":[{\"@type\":\"ListItem\",\"position\":1,\"name\":\"Home\",\"item\":\"https:\\\/\\\/ecosupplements.be\\\/fr\\\/\"},{\"@type\":\"ListItem\",\"position\":2,\"name\":\"Boutique\",\"item\":\"https:\\\/\\\/ecosupplements.be\\\/fr\\\/boutique\\\/\"},{\"@type\":\"ListItem\",\"position\":3,\"name\":\"Gummies de vitamine C, 250mg Tangerine &#8211; 120 gummies\"}]},{\"@type\":\"WebSite\",\"@id\":\"https:\\\/\\\/ecosupplements.be\\\/fr\\\/#website\",\"url\":\"https:\\\/\\\/ecosupplements.be\\\/fr\\\/\",\"name\":\"ECO Supplements\",\"description\":\"Eco Supplements - Gezonde supplementen\",\"publisher\":{\"@id\":\"https:\\\/\\\/ecosupplements.be\\\/fr\\\/#organization\"},\"potentialAction\":[{\"@type\":\"SearchAction\",\"target\":{\"@type\":\"EntryPoint\",\"urlTemplate\":\"https:\\\/\\\/ecosupplements.be\\\/fr\\\/?s={search_term_string}\"},\"query-input\":{\"@type\":\"PropertyValueSpecification\",\"valueRequired\":true,\"valueName\":\"search_term_string\"}}],\"inLanguage\":\"fr-FR\"},{\"@type\":\"Organization\",\"@id\":\"https:\\\/\\\/ecosupplements.be\\\/fr\\\/#organization\",\"name\":\"Eco Supplements\",\"url\":\"https:\\\/\\\/ecosupplements.be\\\/fr\\\/\",\"logo\":{\"@type\":\"ImageObject\",\"inLanguage\":\"fr-FR\",\"@id\":\"https:\\\/\\\/ecosupplements.be\\\/fr\\\/#\\\/schema\\\/logo\\\/image\\\/\",\"url\":\"https:\\\/\\\/ecosupplements.be\\\/wp-content\\\/uploads\\\/2022\\\/06\\\/ecosupplement-family.png\",\"contentUrl\":\"https:\\\/\\\/ecosupplements.be\\\/wp-content\\\/uploads\\\/2022\\\/06\\\/ecosupplement-family.png\",\"width\":593,\"height\":374,\"caption\":\"Eco Supplements\"},\"image\":{\"@id\":\"https:\\\/\\\/ecosupplements.be\\\/fr\\\/#\\\/schema\\\/logo\\\/image\\\/\"}}]}<\/script>\n<meta property=\"product:brand\" content=\"Nordic Naturals\" \/>\n<meta property=\"product:price:amount\" content=\"23.82\" \/>\n<meta property=\"product:price:currency\" content=\"EUR\" \/>\n<meta property=\"og:availability\" content=\"instock\" \/>\n<meta property=\"product:availability\" content=\"instock\" \/>\n<meta property=\"product:retailer_item_id\" content=\"768990301612\" \/>\n<meta property=\"product:condition\" content=\"new\" \/>\n<!-- \/ Yoast SEO Premium plugin. -->","yoast_head_json":{"title":"Gummies de vitamine C, 250mg Tangerine - 120 gummies - ECO Supplements","description":"Wij hebben een ruime keuze aan producten van Gummies de vitamine C, 250mg Tangerine - 120 gummies . Winkel bij Eco Supplements altijd gratis verzending boven 100\u20ac","robots":{"index":"index","follow":"follow","max-snippet":"max-snippet:-1","max-image-preview":"max-image-preview:large","max-video-preview":"max-video-preview:-1"},"canonical":"https:\/\/ecosupplements.be\/fr\/produit\/gummies-de-vitamine-c-250mg-tangerine-120-gummies\/","og_locale":"fr_FR","og_type":"article","og_title":"Gummies de vitamine C, 250mg Tangerine - 120 gummies","og_description":"Wij hebben een ruime keuze aan producten van Gummies de vitamine C, 250mg Tangerine - 120 gummies . Winkel bij Eco Supplements altijd gratis verzending boven 100\u20ac","og_url":"https:\/\/ecosupplements.be\/fr\/produit\/gummies-de-vitamine-c-250mg-tangerine-120-gummies\/","og_site_name":"ECO Supplements","article_modified_time":"2025-08-27T13:43:54+00:00","og_image":[{"width":456,"height":885,"url":"https:\/\/ecosupplements.be\/wp-content\/uploads\/2025\/08\/Vitamin-C-Gummies-250mg-Tangerine-120-gummies-1.jpg","type":"image\/jpeg"}],"twitter_card":"summary_large_image","twitter_misc":{"Prix":"23.82&nbsp;&euro;","Disponibilit\u00e9":"En stock"},"schema":{"@context":"https:\/\/schema.org","@graph":[{"@type":["WebPage","ItemPage"],"@id":"https:\/\/ecosupplements.be\/fr\/produit\/gummies-de-vitamine-c-250mg-tangerine-120-gummies\/","url":"https:\/\/ecosupplements.be\/fr\/produit\/gummies-de-vitamine-c-250mg-tangerine-120-gummies\/","name":"Gummies de vitamine C, 250mg Tangerine - 120 gummies - ECO Supplements","isPartOf":{"@id":"https:\/\/ecosupplements.be\/fr\/#website"},"primaryImageOfPage":{"@id":"https:\/\/ecosupplements.be\/fr\/produit\/gummies-de-vitamine-c-250mg-tangerine-120-gummies\/#primaryimage"},"image":{"@id":"https:\/\/ecosupplements.be\/fr\/produit\/gummies-de-vitamine-c-250mg-tangerine-120-gummies\/#primaryimage"},"thumbnailUrl":"https:\/\/ecosupplements.be\/wp-content\/uploads\/2025\/08\/Vitamin-C-Gummies-250mg-Tangerine-120-gummies.jpg","datePublished":"2024-03-08T17:10:15+00:00","dateModified":"2025-08-27T13:43:54+00:00","description":"Wij hebben een ruime keuze aan producten van Gummies de vitamine C, 250mg Tangerine - 120 gummies . Winkel bij Eco Supplements altijd gratis verzending boven 100\u20ac","breadcrumb":{"@id":"https:\/\/ecosupplements.be\/fr\/produit\/gummies-de-vitamine-c-250mg-tangerine-120-gummies\/#breadcrumb"},"inLanguage":"fr-FR","potentialAction":[{"@type":"ReadAction","target":["https:\/\/ecosupplements.be\/fr\/produit\/gummies-de-vitamine-c-250mg-tangerine-120-gummies\/"]}]},{"@type":"ImageObject","inLanguage":"fr-FR","@id":"https:\/\/ecosupplements.be\/fr\/produit\/gummies-de-vitamine-c-250mg-tangerine-120-gummies\/#primaryimage","url":"https:\/\/ecosupplements.be\/wp-content\/uploads\/2025\/08\/Vitamin-C-Gummies-250mg-Tangerine-120-gummies.jpg","contentUrl":"https:\/\/ecosupplements.be\/wp-content\/uploads\/2025\/08\/Vitamin-C-Gummies-250mg-Tangerine-120-gummies.jpg","width":456,"height":885},{"@type":"BreadcrumbList","@id":"https:\/\/ecosupplements.be\/fr\/produit\/gummies-de-vitamine-c-250mg-tangerine-120-gummies\/#breadcrumb","itemListElement":[{"@type":"ListItem","position":1,"name":"Home","item":"https:\/\/ecosupplements.be\/fr\/"},{"@type":"ListItem","position":2,"name":"Boutique","item":"https:\/\/ecosupplements.be\/fr\/boutique\/"},{"@type":"ListItem","position":3,"name":"Gummies de vitamine C, 250mg Tangerine &#8211; 120 gummies"}]},{"@type":"WebSite","@id":"https:\/\/ecosupplements.be\/fr\/#website","url":"https:\/\/ecosupplements.be\/fr\/","name":"ECO Supplements","description":"Eco Supplements - Gezonde supplementen","publisher":{"@id":"https:\/\/ecosupplements.be\/fr\/#organization"},"potentialAction":[{"@type":"SearchAction","target":{"@type":"EntryPoint","urlTemplate":"https:\/\/ecosupplements.be\/fr\/?s={search_term_string}"},"query-input":{"@type":"PropertyValueSpecification","valueRequired":true,"valueName":"search_term_string"}}],"inLanguage":"fr-FR"},{"@type":"Organization","@id":"https:\/\/ecosupplements.be\/fr\/#organization","name":"Eco Supplements","url":"https:\/\/ecosupplements.be\/fr\/","logo":{"@type":"ImageObject","inLanguage":"fr-FR","@id":"https:\/\/ecosupplements.be\/fr\/#\/schema\/logo\/image\/","url":"https:\/\/ecosupplements.be\/wp-content\/uploads\/2022\/06\/ecosupplement-family.png","contentUrl":"https:\/\/ecosupplements.be\/wp-content\/uploads\/2022\/06\/ecosupplement-family.png","width":593,"height":374,"caption":"Eco Supplements"},"image":{"@id":"https:\/\/ecosupplements.be\/fr\/#\/schema\/logo\/image\/"}}]},"product_brand":"Nordic Naturals","product_price_amount":"23.82","product_price_currency":"EUR","og_availability":"instock","product_availability":"instock","product_retailer_item_id":"768990301612","product_condition":"new"},"_links":{"self":[{"href":"https:\/\/ecosupplements.be\/fr\/wp-json\/wp\/v2\/product\/288634","targetHints":{"allow":["GET"]}}],"collection":[{"href":"https:\/\/ecosupplements.be\/fr\/wp-json\/wp\/v2\/product"}],"about":[{"href":"https:\/\/ecosupplements.be\/fr\/wp-json\/wp\/v2\/types\/product"}],"replies":[{"embeddable":true,"href":"https:\/\/ecosupplements.be\/fr\/wp-json\/wp\/v2\/comments?post=288634"}],"wp:featuredmedia":[{"embeddable":true,"href":"https:\/\/ecosupplements.be\/fr\/wp-json\/wp\/v2\/media\/264608"}],"wp:attachment":[{"href":"https:\/\/ecosupplements.be\/fr\/wp-json\/wp\/v2\/media?parent=288634"}],"wp:term":[{"taxonomy":"product_brand","embeddable":true,"href":"https:\/\/ecosupplements.be\/fr\/wp-json\/wp\/v2\/product_brand?post=288634"},{"taxonomy":"product_cat","embeddable":true,"href":"https:\/\/ecosupplements.be\/fr\/wp-json\/wp\/v2\/product_cat?post=288634"},{"taxonomy":"product_tag","embeddable":true,"href":"https:\/\/ecosupplements.be\/fr\/wp-json\/wp\/v2\/product_tag?post=288634"}],"curies":[{"name":"wp","href":"https:\/\/api.w.org\/{rel}","templated":true}]}}