{"id":288652,"date":"2022-06-28T10:20:47","date_gmt":"2022-06-28T09:20:47","guid":{"rendered":"https:\/\/ecosupplements.be\/product\/8-milliards-dacidophilus-et-bifidus-120-gelules\/"},"modified":"2025-08-27T14:44:15","modified_gmt":"2025-08-27T13:44:15","slug":"8-milliards-dacidophilus-et-bifidus-120-gelules","status":"publish","type":"product","link":"https:\/\/ecosupplements.be\/fr\/produit\/8-milliards-dacidophilus-et-bifidus-120-gelules\/","title":{"rendered":"8 Milliards d&#8217;Acidophilus et Bifidus &#8211; 120 g\u00e9lules"},"content":{"rendered":"<h1>8 Billion Acidophilus &#038; Bifidus &#8211; 120 vcaps<\/h1>\n<p>Le 8 Billion \u200dAcidophilus &#038; Bifidus \u200cde NOW Foods est un compl\u00e9ment alimentaire \u00e0 base de probiotiques\u2064 qui favorise une flore \u2063intestinale saine et \u00e9quilibr\u00e9e. Chaque\u200c capsule v\u00e9g\u00e9tale \u2062contient\u2064 un m\u00e9lange de 8 milliards \u2062de bact\u00e9ries b\u00e9n\u00e9fiques, dont \u2063les souches Acidophilus et Bifidus, pour soutenir la sant\u00e9 digestive \u2063et immunitaire.<\/p>\n<h2>Caract\u00e9ristiques sp\u00e9ciales:<\/h2>\n<ul>\n<li>Contient un \u2063m\u00e9lange de 8 milliards de bact\u00e9ries b\u00e9n\u00e9fiques<\/li>\n<li>Comprend les souches Acidophilus et Bifidus<\/li>\n<li>Formule v\u00e9g\u00e9tarienne<\/li>\n<li>Sans gluten, bl\u00e9, soja,\u2062 lait, \u0153ufs, poisson, fruits de mer\u2063 ou ingr\u00e9dients artificiels<\/li>\n<\/ul>\n<h2>Ingr\u00e9dients cl\u00e9s:<\/h2>\n<p>Chaque capsule v\u00e9g\u00e9tale contient un m\u00e9lange de 8 milliards de bact\u00e9ries b\u00e9n\u00e9fiques, dont les souches Acidophilus\u2062 et Bifidus. Ces probiotiques aident \u00e0 maintenir un \u00e9quilibre sain de la flore intestinale en favorisant la croissance des bonnes bact\u00e9ries et en inhibant la croissance des mauvaises\u2064 bact\u00e9ries.<\/p>\n<h2>Avantages\u2063 uniques:<\/h2>\n<p>Le 8 Billion\u2063 Acidophilus &#038; Bifidus de\u2064 NOW Foods est un compl\u00e9ment alimentaire\u2064 id\u00e9al pour\u2064 ceux qui cherchent \u00e0 soutenir leur sant\u00e9 digestive et immunitaire. Les probiotiques aident \u200b\u00e0 maintenir un \u00e9quilibre sain de la flore intestinale, \u200bce\u200b qui peut\u200c am\u00e9liorer\u200d la\u200c digestion, renforcer le syst\u00e8me immunitaire et favoriser une meilleure absorption des nutriments.<\/p>\n<h2>Principales\u200c caract\u00e9ristiques:<\/h2>\n<ul>\n<li>120 capsules v\u00e9g\u00e9tales par\u200b bouteille<\/li>\n<li>8 milliards de bact\u00e9ries b\u00e9n\u00e9fiques par capsule<\/li>\n<li>Formule v\u00e9g\u00e9tarienne<\/li>\n<li>Soutient la sant\u00e9 digestive et immunitaire<\/li>\n<li>Facile \u200c\u00e0 prendre<\/li>\n<\/ul>\n<p>Donnez \u00e0 votre corps le soutien dont il a besoin avec le 8\u200d Billion Acidophilus &#038; Bifidus de NOW \u2062Foods. Commandez d\u00e8s\u200d maintenant et profitez \u2063d&#8217;une flore intestinale saine et \u00e9quilibr\u00e9e !<\/p>\n","protected":false},"excerpt":{"rendered":"<p>8 Billion Acidophilus &#038; Bifidus &#8211; 120 vcaps Le 8 Billion \u200dAcidophilus &#038; Bifidus \u200cde NOW Foods est un compl\u00e9ment alimentaire \u00e0 base de probiotiques\u2064 qui favorise une flore \u2063intestinale saine et \u00e9quilibr\u00e9e. Chaque\u200c capsule v\u00e9g\u00e9tale \u2062contient\u2064 un m\u00e9lange de 8 milliards \u2062de bact\u00e9ries b\u00e9n\u00e9fiques, dont \u2063les souches Acidophilus et Bifidus, pour soutenir la sant\u00e9 [&#8230;]\n","protected":false},"featured_media":248828,"comment_status":"open","ping_status":"open","template":"","meta":[],"product_brand":[4733],"product_cat":[5054,5055,5052,5053],"product_tag":[],"class_list":{"0":"post-288652","1":"product","2":"type-product","3":"status-publish","4":"has-post-thumbnail","6":"product_brand-now-foods-2","7":"product_cat-nourriture-saine","8":"product_cat-produits-vegetaliens","9":"product_cat-sante-et-bien-etre","10":"product_cat-vitamines-et-mineraux","12":"first","13":"instock","14":"taxable","15":"shipping-taxable","16":"purchasable","17":"product-type-simple"},"yoast_head":"<!-- This site is optimized with the Yoast SEO Premium plugin v27.3 (Yoast SEO v27.3) - https:\/\/yoast.com\/product\/yoast-seo-premium-wordpress\/ -->\n<title>8 Milliards d&#039;Acidophilus et Bifidus - 120 g\u00e9lules - ECO Supplements<\/title>\n<meta name=\"description\" content=\"Wij hebben een ruime keuze aan producten van 8 Milliards d&#039;Acidophilus et Bifidus - 120 g\u00e9lules . Winkel bij Eco Supplements altijd gratis verzending boven 100\u20ac\" \/>\n<meta name=\"robots\" content=\"index, follow, max-snippet:-1, max-image-preview:large, max-video-preview:-1\" \/>\n<link rel=\"canonical\" href=\"https:\/\/ecosupplements.be\/fr\/produit\/8-milliards-dacidophilus-et-bifidus-120-gelules\/\" \/>\n<meta property=\"og:locale\" content=\"fr_FR\" \/>\n<meta property=\"og:type\" content=\"article\" \/>\n<meta property=\"og:title\" content=\"8 Milliards d&#039;Acidophilus et Bifidus - 120 g\u00e9lules\" \/>\n<meta property=\"og:description\" content=\"Wij hebben een ruime keuze aan producten van 8 Milliards d&#039;Acidophilus et Bifidus - 120 g\u00e9lules . Winkel bij Eco Supplements altijd gratis verzending boven 100\u20ac\" \/>\n<meta property=\"og:url\" content=\"https:\/\/ecosupplements.be\/fr\/produit\/8-milliards-dacidophilus-et-bifidus-120-gelules\/\" \/>\n<meta property=\"og:site_name\" content=\"ECO Supplements\" \/>\n<meta property=\"article:modified_time\" content=\"2025-08-27T13:44:15+00:00\" \/>\n<meta property=\"og:image\" content=\"https:\/\/ecosupplements.be\/wp-content\/uploads\/2025\/08\/8-Billion-Acidophilus-Bifidus-120-vcaps.jpg\" \/>\n\t<meta property=\"og:image:width\" content=\"475\" \/>\n\t<meta property=\"og:image:height\" content=\"880\" \/>\n\t<meta property=\"og:image:type\" content=\"image\/jpeg\" \/>\n<meta name=\"twitter:card\" content=\"summary_large_image\" \/>\n<meta name=\"twitter:label1\" content=\"Prix\" \/>\n\t<meta name=\"twitter:data1\" content=\"26.54&nbsp;&euro;\" \/>\n\t<meta name=\"twitter:label2\" content=\"Disponibilit\u00e9\" \/>\n\t<meta name=\"twitter:data2\" content=\"En stock\" \/>\n<script type=\"application\/ld+json\" class=\"yoast-schema-graph\">{\"@context\":\"https:\\\/\\\/schema.org\",\"@graph\":[{\"@type\":[\"WebPage\",\"ItemPage\"],\"@id\":\"https:\\\/\\\/ecosupplements.be\\\/fr\\\/produit\\\/8-milliards-dacidophilus-et-bifidus-120-gelules\\\/\",\"url\":\"https:\\\/\\\/ecosupplements.be\\\/fr\\\/produit\\\/8-milliards-dacidophilus-et-bifidus-120-gelules\\\/\",\"name\":\"8 Milliards d'Acidophilus et Bifidus - 120 g\u00e9lules - ECO Supplements\",\"isPartOf\":{\"@id\":\"https:\\\/\\\/ecosupplements.be\\\/fr\\\/#website\"},\"primaryImageOfPage\":{\"@id\":\"https:\\\/\\\/ecosupplements.be\\\/fr\\\/produit\\\/8-milliards-dacidophilus-et-bifidus-120-gelules\\\/#primaryimage\"},\"image\":{\"@id\":\"https:\\\/\\\/ecosupplements.be\\\/fr\\\/produit\\\/8-milliards-dacidophilus-et-bifidus-120-gelules\\\/#primaryimage\"},\"thumbnailUrl\":\"https:\\\/\\\/ecosupplements.be\\\/wp-content\\\/uploads\\\/2025\\\/08\\\/NOW-Foods-8-Billion-Acidophilus-Bifidus-120-vcaps.jpg\",\"datePublished\":\"2022-06-28T09:20:47+00:00\",\"dateModified\":\"2025-08-27T13:44:15+00:00\",\"description\":\"Wij hebben een ruime keuze aan producten van 8 Milliards d'Acidophilus et Bifidus - 120 g\u00e9lules . Winkel bij Eco Supplements altijd gratis verzending boven 100\u20ac\",\"breadcrumb\":{\"@id\":\"https:\\\/\\\/ecosupplements.be\\\/fr\\\/produit\\\/8-milliards-dacidophilus-et-bifidus-120-gelules\\\/#breadcrumb\"},\"inLanguage\":\"fr-FR\",\"potentialAction\":[{\"@type\":\"ReadAction\",\"target\":[\"https:\\\/\\\/ecosupplements.be\\\/fr\\\/produit\\\/8-milliards-dacidophilus-et-bifidus-120-gelules\\\/\"]}]},{\"@type\":\"ImageObject\",\"inLanguage\":\"fr-FR\",\"@id\":\"https:\\\/\\\/ecosupplements.be\\\/fr\\\/produit\\\/8-milliards-dacidophilus-et-bifidus-120-gelules\\\/#primaryimage\",\"url\":\"https:\\\/\\\/ecosupplements.be\\\/wp-content\\\/uploads\\\/2025\\\/08\\\/NOW-Foods-8-Billion-Acidophilus-Bifidus-120-vcaps.jpg\",\"contentUrl\":\"https:\\\/\\\/ecosupplements.be\\\/wp-content\\\/uploads\\\/2025\\\/08\\\/NOW-Foods-8-Billion-Acidophilus-Bifidus-120-vcaps.jpg\",\"width\":750,\"height\":750},{\"@type\":\"BreadcrumbList\",\"@id\":\"https:\\\/\\\/ecosupplements.be\\\/fr\\\/produit\\\/8-milliards-dacidophilus-et-bifidus-120-gelules\\\/#breadcrumb\",\"itemListElement\":[{\"@type\":\"ListItem\",\"position\":1,\"name\":\"Home\",\"item\":\"https:\\\/\\\/ecosupplements.be\\\/fr\\\/\"},{\"@type\":\"ListItem\",\"position\":2,\"name\":\"Boutique\",\"item\":\"https:\\\/\\\/ecosupplements.be\\\/fr\\\/boutique\\\/\"},{\"@type\":\"ListItem\",\"position\":3,\"name\":\"8 Milliards d&#8217;Acidophilus et Bifidus &#8211; 120 g\u00e9lules\"}]},{\"@type\":\"WebSite\",\"@id\":\"https:\\\/\\\/ecosupplements.be\\\/fr\\\/#website\",\"url\":\"https:\\\/\\\/ecosupplements.be\\\/fr\\\/\",\"name\":\"ECO Supplements\",\"description\":\"Eco Supplements - Gezonde supplementen\",\"publisher\":{\"@id\":\"https:\\\/\\\/ecosupplements.be\\\/fr\\\/#organization\"},\"potentialAction\":[{\"@type\":\"SearchAction\",\"target\":{\"@type\":\"EntryPoint\",\"urlTemplate\":\"https:\\\/\\\/ecosupplements.be\\\/fr\\\/?s={search_term_string}\"},\"query-input\":{\"@type\":\"PropertyValueSpecification\",\"valueRequired\":true,\"valueName\":\"search_term_string\"}}],\"inLanguage\":\"fr-FR\"},{\"@type\":\"Organization\",\"@id\":\"https:\\\/\\\/ecosupplements.be\\\/fr\\\/#organization\",\"name\":\"Eco Supplements\",\"url\":\"https:\\\/\\\/ecosupplements.be\\\/fr\\\/\",\"logo\":{\"@type\":\"ImageObject\",\"inLanguage\":\"fr-FR\",\"@id\":\"https:\\\/\\\/ecosupplements.be\\\/fr\\\/#\\\/schema\\\/logo\\\/image\\\/\",\"url\":\"https:\\\/\\\/ecosupplements.be\\\/wp-content\\\/uploads\\\/2022\\\/06\\\/ecosupplement-family.png\",\"contentUrl\":\"https:\\\/\\\/ecosupplements.be\\\/wp-content\\\/uploads\\\/2022\\\/06\\\/ecosupplement-family.png\",\"width\":593,\"height\":374,\"caption\":\"Eco Supplements\"},\"image\":{\"@id\":\"https:\\\/\\\/ecosupplements.be\\\/fr\\\/#\\\/schema\\\/logo\\\/image\\\/\"}}]}<\/script>\n<meta property=\"product:brand\" content=\"NOW Foods\" \/>\n<meta property=\"product:price:amount\" content=\"26.54\" \/>\n<meta property=\"product:price:currency\" content=\"EUR\" \/>\n<meta property=\"og:availability\" content=\"instock\" \/>\n<meta property=\"product:availability\" content=\"instock\" \/>\n<meta property=\"product:retailer_item_id\" content=\"733739029324\" \/>\n<meta property=\"product:condition\" content=\"new\" \/>\n<!-- \/ Yoast SEO Premium plugin. -->","yoast_head_json":{"title":"8 Milliards d'Acidophilus et Bifidus - 120 g\u00e9lules - ECO Supplements","description":"Wij hebben een ruime keuze aan producten van 8 Milliards d'Acidophilus et Bifidus - 120 g\u00e9lules . Winkel bij Eco Supplements altijd gratis verzending boven 100\u20ac","robots":{"index":"index","follow":"follow","max-snippet":"max-snippet:-1","max-image-preview":"max-image-preview:large","max-video-preview":"max-video-preview:-1"},"canonical":"https:\/\/ecosupplements.be\/fr\/produit\/8-milliards-dacidophilus-et-bifidus-120-gelules\/","og_locale":"fr_FR","og_type":"article","og_title":"8 Milliards d'Acidophilus et Bifidus - 120 g\u00e9lules","og_description":"Wij hebben een ruime keuze aan producten van 8 Milliards d'Acidophilus et Bifidus - 120 g\u00e9lules . Winkel bij Eco Supplements altijd gratis verzending boven 100\u20ac","og_url":"https:\/\/ecosupplements.be\/fr\/produit\/8-milliards-dacidophilus-et-bifidus-120-gelules\/","og_site_name":"ECO Supplements","article_modified_time":"2025-08-27T13:44:15+00:00","og_image":[{"width":475,"height":880,"url":"https:\/\/ecosupplements.be\/wp-content\/uploads\/2025\/08\/8-Billion-Acidophilus-Bifidus-120-vcaps.jpg","type":"image\/jpeg"}],"twitter_card":"summary_large_image","twitter_misc":{"Prix":"26.54&nbsp;&euro;","Disponibilit\u00e9":"En stock"},"schema":{"@context":"https:\/\/schema.org","@graph":[{"@type":["WebPage","ItemPage"],"@id":"https:\/\/ecosupplements.be\/fr\/produit\/8-milliards-dacidophilus-et-bifidus-120-gelules\/","url":"https:\/\/ecosupplements.be\/fr\/produit\/8-milliards-dacidophilus-et-bifidus-120-gelules\/","name":"8 Milliards d'Acidophilus et Bifidus - 120 g\u00e9lules - ECO Supplements","isPartOf":{"@id":"https:\/\/ecosupplements.be\/fr\/#website"},"primaryImageOfPage":{"@id":"https:\/\/ecosupplements.be\/fr\/produit\/8-milliards-dacidophilus-et-bifidus-120-gelules\/#primaryimage"},"image":{"@id":"https:\/\/ecosupplements.be\/fr\/produit\/8-milliards-dacidophilus-et-bifidus-120-gelules\/#primaryimage"},"thumbnailUrl":"https:\/\/ecosupplements.be\/wp-content\/uploads\/2025\/08\/NOW-Foods-8-Billion-Acidophilus-Bifidus-120-vcaps.jpg","datePublished":"2022-06-28T09:20:47+00:00","dateModified":"2025-08-27T13:44:15+00:00","description":"Wij hebben een ruime keuze aan producten van 8 Milliards d'Acidophilus et Bifidus - 120 g\u00e9lules . Winkel bij Eco Supplements altijd gratis verzending boven 100\u20ac","breadcrumb":{"@id":"https:\/\/ecosupplements.be\/fr\/produit\/8-milliards-dacidophilus-et-bifidus-120-gelules\/#breadcrumb"},"inLanguage":"fr-FR","potentialAction":[{"@type":"ReadAction","target":["https:\/\/ecosupplements.be\/fr\/produit\/8-milliards-dacidophilus-et-bifidus-120-gelules\/"]}]},{"@type":"ImageObject","inLanguage":"fr-FR","@id":"https:\/\/ecosupplements.be\/fr\/produit\/8-milliards-dacidophilus-et-bifidus-120-gelules\/#primaryimage","url":"https:\/\/ecosupplements.be\/wp-content\/uploads\/2025\/08\/NOW-Foods-8-Billion-Acidophilus-Bifidus-120-vcaps.jpg","contentUrl":"https:\/\/ecosupplements.be\/wp-content\/uploads\/2025\/08\/NOW-Foods-8-Billion-Acidophilus-Bifidus-120-vcaps.jpg","width":750,"height":750},{"@type":"BreadcrumbList","@id":"https:\/\/ecosupplements.be\/fr\/produit\/8-milliards-dacidophilus-et-bifidus-120-gelules\/#breadcrumb","itemListElement":[{"@type":"ListItem","position":1,"name":"Home","item":"https:\/\/ecosupplements.be\/fr\/"},{"@type":"ListItem","position":2,"name":"Boutique","item":"https:\/\/ecosupplements.be\/fr\/boutique\/"},{"@type":"ListItem","position":3,"name":"8 Milliards d&#8217;Acidophilus et Bifidus &#8211; 120 g\u00e9lules"}]},{"@type":"WebSite","@id":"https:\/\/ecosupplements.be\/fr\/#website","url":"https:\/\/ecosupplements.be\/fr\/","name":"ECO Supplements","description":"Eco Supplements - Gezonde supplementen","publisher":{"@id":"https:\/\/ecosupplements.be\/fr\/#organization"},"potentialAction":[{"@type":"SearchAction","target":{"@type":"EntryPoint","urlTemplate":"https:\/\/ecosupplements.be\/fr\/?s={search_term_string}"},"query-input":{"@type":"PropertyValueSpecification","valueRequired":true,"valueName":"search_term_string"}}],"inLanguage":"fr-FR"},{"@type":"Organization","@id":"https:\/\/ecosupplements.be\/fr\/#organization","name":"Eco Supplements","url":"https:\/\/ecosupplements.be\/fr\/","logo":{"@type":"ImageObject","inLanguage":"fr-FR","@id":"https:\/\/ecosupplements.be\/fr\/#\/schema\/logo\/image\/","url":"https:\/\/ecosupplements.be\/wp-content\/uploads\/2022\/06\/ecosupplement-family.png","contentUrl":"https:\/\/ecosupplements.be\/wp-content\/uploads\/2022\/06\/ecosupplement-family.png","width":593,"height":374,"caption":"Eco Supplements"},"image":{"@id":"https:\/\/ecosupplements.be\/fr\/#\/schema\/logo\/image\/"}}]},"product_brand":"NOW Foods","product_price_amount":"26.54","product_price_currency":"EUR","og_availability":"instock","product_availability":"instock","product_retailer_item_id":"733739029324","product_condition":"new"},"_links":{"self":[{"href":"https:\/\/ecosupplements.be\/fr\/wp-json\/wp\/v2\/product\/288652","targetHints":{"allow":["GET"]}}],"collection":[{"href":"https:\/\/ecosupplements.be\/fr\/wp-json\/wp\/v2\/product"}],"about":[{"href":"https:\/\/ecosupplements.be\/fr\/wp-json\/wp\/v2\/types\/product"}],"replies":[{"embeddable":true,"href":"https:\/\/ecosupplements.be\/fr\/wp-json\/wp\/v2\/comments?post=288652"}],"wp:featuredmedia":[{"embeddable":true,"href":"https:\/\/ecosupplements.be\/fr\/wp-json\/wp\/v2\/media\/248828"}],"wp:attachment":[{"href":"https:\/\/ecosupplements.be\/fr\/wp-json\/wp\/v2\/media?parent=288652"}],"wp:term":[{"taxonomy":"product_brand","embeddable":true,"href":"https:\/\/ecosupplements.be\/fr\/wp-json\/wp\/v2\/product_brand?post=288652"},{"taxonomy":"product_cat","embeddable":true,"href":"https:\/\/ecosupplements.be\/fr\/wp-json\/wp\/v2\/product_cat?post=288652"},{"taxonomy":"product_tag","embeddable":true,"href":"https:\/\/ecosupplements.be\/fr\/wp-json\/wp\/v2\/product_tag?post=288652"}],"curies":[{"name":"wp","href":"https:\/\/api.w.org\/{rel}","templated":true}]}}