{"id":288670,"date":"2022-06-28T10:20:55","date_gmt":"2022-06-28T09:20:55","guid":{"rendered":"https:\/\/ecosupplements.be\/product\/soulagement-acide-avec-enzymes-60-comprimes-a-macher\/"},"modified":"2025-08-27T14:44:33","modified_gmt":"2025-08-27T13:44:33","slug":"soulagement-acide-avec-enzymes-60-comprimes-a-macher","status":"publish","type":"product","link":"https:\/\/ecosupplements.be\/fr\/produit\/soulagement-acide-avec-enzymes-60-comprimes-a-macher\/","title":{"rendered":"Soulagement acide avec enzymes &#8211; 60 comprim\u00e9s \u00e0 m\u00e2cher"},"content":{"rendered":"<h1> Acid Relief with Enzymes -\u200b 60 chewables <\/h1>\n<p>  Si vous souffrez de br\u00fblures d&#8217;estomac, de reflux acide ou d&#8217;autres probl\u00e8mes digestifs, Acid Relief with Enzymes de NOW Foods peut vous aider\u2062 \u00e0 trouver un soulagement naturel. Ces comprim\u00e9s \u00e0 croquer contiennent un \u200cm\u00e9lange d&#8217;enzymes \u2062digestives et d&#8217;ingr\u00e9dients\u200c apaisants\u2063 pour aider \u00e0 \u00e9quilibrer le pH de l&#8217;estomac et \u00e0 soulager les sympt\u00f4mes d\u00e9sagr\u00e9ables. <\/p>\n<h2>  Caract\u00e9ristiques sp\u00e9ciales: <\/h2>\n<ul>\n<li>  Contient un m\u00e9lange d&#8217;enzymes digestives pour aider \u00e0 d\u00e9composer les \u2062aliments et \u2064\u00e0 am\u00e9liorer la digestion <\/li>\n<li>  Comprim\u00e9s \u00e0 croquer pratiques pour une utilisation facile et rapide <\/li>\n<li>  Formule douce\u2063 et efficace \u200cpour soulager les br\u00fblures d&#8217;estomac, le reflux acide et les autres probl\u00e8mes digestifs <\/li>\n<li>  Sans gluten, sans produits laitiers et\u200b sans \u2062ingr\u00e9dients artificiels <\/li>\n<\/ul>\n<h2>  Ingr\u00e9dients cl\u00e9s: <\/h2>\n<p>  Acid Relief with Enzymes contient un m\u00e9lange d&#8217;enzymes digestives, notamment de la papa\u00efne, \u200cde \u200dl&#8217;amylase et de la\u2063 lipase, \u2063qui\u200b aident \u00e0 d\u00e9composer les aliments \u200cet \u00e0 am\u00e9liorer la digestion. Il contient \u00e9galement du carbonate de calcium, \u2062du bicarbonate de sodium et du carbonate de magn\u00e9sium pour aider \u00e0 \u00e9quilibrer le pH de l&#8217;estomac et \u00e0 soulager les br\u00fblures \u200bd&#8217;estomac \u2063et le reflux acide. <\/p>\n<h2>  Avantages uniques:\u2064 <\/h2>\n<ul>\n<li>  Soulage \u2062les br\u00fblures d&#8217;estomac, \u200cle reflux\u200d acide et les autres probl\u00e8mes digestifs <\/li>\n<li>  Aide \u00e0 \u00e9quilibrer le pH \u200cde l&#8217;estomac pour une digestion optimale \u2064 <\/li>\n<li>  Contient des enzymes\u2063 digestives pour am\u00e9liorer la \u2063d\u00e9composition des \u2063aliments <\/li>\n<li>  Formule douce et efficace pour un soulagement naturel <\/li>\n<li>  Pratique \u00e0 utiliser avec des comprim\u00e9s \u00e0 croquer <\/li>\n<\/ul>\n<h2>  Principales caract\u00e9ristiques: <\/h2>\n<ul>\n<li>  \u2062 Marque:\u2064 NOW Foods <\/li>\n<li>  Type de \u200dproduit: Comprim\u00e9s \u00e0 croquer <\/li>\n<li>  Quantit\u00e9: 60 comprim\u00e9s <\/li>\n<li>  Pays d&#8217;origine: \u00c9tats-Unis <\/li>\n<li>  Ingr\u00e9dients cl\u00e9s: Enzymes digestives, carbonate \u2063de \u200ccalcium, bicarbonate de sodium, carbonate de magn\u00e9sium <\/li>\n<li>  Sans gluten: Oui <\/li>\n<li>  \u2063 Sans produits laitiers: Oui <\/li>\n<li>  Sans ingr\u00e9dients artificiels: Oui <\/li>\n<\/ul>\n<p>  Trouvez un soulagement naturel pour vos probl\u00e8mes digestifs avec Acid \u2064Relief with Enzymes de NOW Foods. Commandez d\u00e8s maintenant et profitez d&#8217;une digestion plus confortable et d&#8217;un estomac apais\u00e9. <\/p>\n","protected":false},"excerpt":{"rendered":"<p>Acid Relief with Enzymes -\u200b 60 chewables Si vous souffrez de br\u00fblures d&#8217;estomac, de reflux acide ou d&#8217;autres probl\u00e8mes digestifs, Acid Relief with Enzymes de NOW Foods peut vous aider\u2062 \u00e0 trouver un soulagement naturel. Ces comprim\u00e9s \u00e0 croquer contiennent un \u200cm\u00e9lange d&#8217;enzymes \u2062digestives et d&#8217;ingr\u00e9dients\u200c apaisants\u2063 pour aider \u00e0 \u00e9quilibrer le pH de l&#8217;estomac [&#8230;]\n","protected":false},"featured_media":248865,"comment_status":"open","ping_status":"open","template":"","meta":[],"product_brand":[4733,4734],"product_cat":[5087,5053],"product_tag":[],"class_list":{"0":"post-288670","1":"product","2":"type-product","3":"status-publish","4":"has-post-thumbnail","6":"product_brand-now-foods-2","7":"product_brand-nownow-foods-2","8":"product_cat-sante-digestive-fibres","9":"product_cat-vitamines-et-mineraux","11":"first","12":"instock","13":"taxable","14":"shipping-taxable","15":"purchasable","16":"product-type-simple"},"yoast_head":"<!-- This site is optimized with the Yoast SEO Premium plugin v27.3 (Yoast SEO v27.3) - https:\/\/yoast.com\/product\/yoast-seo-premium-wordpress\/ -->\n<title>Soulagement acide avec enzymes - 60 comprim\u00e9s \u00e0 m\u00e2cher - ECO Supplements<\/title>\n<meta name=\"description\" content=\"Wij hebben een ruime keuze aan producten van Soulagement acide avec enzymes - 60 comprim\u00e9s \u00e0 m\u00e2cher . Winkel bij Eco Supplements altijd gratis verzending boven 100\u20ac\" \/>\n<meta name=\"robots\" content=\"index, follow, max-snippet:-1, max-image-preview:large, max-video-preview:-1\" \/>\n<link rel=\"canonical\" href=\"https:\/\/ecosupplements.be\/fr\/produit\/soulagement-acide-avec-enzymes-60-comprimes-a-macher\/\" \/>\n<meta property=\"og:locale\" content=\"fr_FR\" \/>\n<meta property=\"og:type\" content=\"article\" \/>\n<meta property=\"og:title\" content=\"Soulagement acide avec enzymes - 60 comprim\u00e9s \u00e0 m\u00e2cher\" \/>\n<meta property=\"og:description\" content=\"Wij hebben een ruime keuze aan producten van Soulagement acide avec enzymes - 60 comprim\u00e9s \u00e0 m\u00e2cher . Winkel bij Eco Supplements altijd gratis verzending boven 100\u20ac\" \/>\n<meta property=\"og:url\" content=\"https:\/\/ecosupplements.be\/fr\/produit\/soulagement-acide-avec-enzymes-60-comprimes-a-macher\/\" \/>\n<meta property=\"og:site_name\" content=\"ECO Supplements\" \/>\n<meta property=\"article:modified_time\" content=\"2025-08-27T13:44:33+00:00\" \/>\n<meta property=\"og:image\" content=\"https:\/\/ecosupplements.be\/wp-content\/uploads\/2025\/08\/Acid-Relief-with-Enzymes-60-chewables.jpg\" \/>\n\t<meta property=\"og:image:width\" content=\"457\" \/>\n\t<meta property=\"og:image:height\" content=\"880\" \/>\n\t<meta property=\"og:image:type\" content=\"image\/jpeg\" \/>\n<meta name=\"twitter:card\" content=\"summary_large_image\" \/>\n<meta name=\"twitter:label1\" content=\"Prix\" \/>\n\t<meta name=\"twitter:data1\" content=\"24.68&nbsp;&euro;\" \/>\n\t<meta name=\"twitter:label2\" content=\"Disponibilit\u00e9\" \/>\n\t<meta name=\"twitter:data2\" content=\"En stock\" \/>\n<script type=\"application\/ld+json\" class=\"yoast-schema-graph\">{\"@context\":\"https:\\\/\\\/schema.org\",\"@graph\":[{\"@type\":[\"WebPage\",\"ItemPage\"],\"@id\":\"https:\\\/\\\/ecosupplements.be\\\/fr\\\/produit\\\/soulagement-acide-avec-enzymes-60-comprimes-a-macher\\\/\",\"url\":\"https:\\\/\\\/ecosupplements.be\\\/fr\\\/produit\\\/soulagement-acide-avec-enzymes-60-comprimes-a-macher\\\/\",\"name\":\"Soulagement acide avec enzymes - 60 comprim\u00e9s \u00e0 m\u00e2cher - ECO Supplements\",\"isPartOf\":{\"@id\":\"https:\\\/\\\/ecosupplements.be\\\/fr\\\/#website\"},\"primaryImageOfPage\":{\"@id\":\"https:\\\/\\\/ecosupplements.be\\\/fr\\\/produit\\\/soulagement-acide-avec-enzymes-60-comprimes-a-macher\\\/#primaryimage\"},\"image\":{\"@id\":\"https:\\\/\\\/ecosupplements.be\\\/fr\\\/produit\\\/soulagement-acide-avec-enzymes-60-comprimes-a-macher\\\/#primaryimage\"},\"thumbnailUrl\":\"https:\\\/\\\/ecosupplements.be\\\/wp-content\\\/uploads\\\/2025\\\/08\\\/NOW-Foods-Acid-Relief-with-Enzymes-60-chewables.jpg\",\"datePublished\":\"2022-06-28T09:20:55+00:00\",\"dateModified\":\"2025-08-27T13:44:33+00:00\",\"description\":\"Wij hebben een ruime keuze aan producten van Soulagement acide avec enzymes - 60 comprim\u00e9s \u00e0 m\u00e2cher . Winkel bij Eco Supplements altijd gratis verzending boven 100\u20ac\",\"breadcrumb\":{\"@id\":\"https:\\\/\\\/ecosupplements.be\\\/fr\\\/produit\\\/soulagement-acide-avec-enzymes-60-comprimes-a-macher\\\/#breadcrumb\"},\"inLanguage\":\"fr-FR\",\"potentialAction\":[{\"@type\":\"ReadAction\",\"target\":[\"https:\\\/\\\/ecosupplements.be\\\/fr\\\/produit\\\/soulagement-acide-avec-enzymes-60-comprimes-a-macher\\\/\"]}]},{\"@type\":\"ImageObject\",\"inLanguage\":\"fr-FR\",\"@id\":\"https:\\\/\\\/ecosupplements.be\\\/fr\\\/produit\\\/soulagement-acide-avec-enzymes-60-comprimes-a-macher\\\/#primaryimage\",\"url\":\"https:\\\/\\\/ecosupplements.be\\\/wp-content\\\/uploads\\\/2025\\\/08\\\/NOW-Foods-Acid-Relief-with-Enzymes-60-chewables.jpg\",\"contentUrl\":\"https:\\\/\\\/ecosupplements.be\\\/wp-content\\\/uploads\\\/2025\\\/08\\\/NOW-Foods-Acid-Relief-with-Enzymes-60-chewables.jpg\",\"width\":750,\"height\":750},{\"@type\":\"BreadcrumbList\",\"@id\":\"https:\\\/\\\/ecosupplements.be\\\/fr\\\/produit\\\/soulagement-acide-avec-enzymes-60-comprimes-a-macher\\\/#breadcrumb\",\"itemListElement\":[{\"@type\":\"ListItem\",\"position\":1,\"name\":\"Home\",\"item\":\"https:\\\/\\\/ecosupplements.be\\\/fr\\\/\"},{\"@type\":\"ListItem\",\"position\":2,\"name\":\"Boutique\",\"item\":\"https:\\\/\\\/ecosupplements.be\\\/fr\\\/boutique\\\/\"},{\"@type\":\"ListItem\",\"position\":3,\"name\":\"Soulagement acide avec enzymes &#8211; 60 comprim\u00e9s \u00e0 m\u00e2cher\"}]},{\"@type\":\"WebSite\",\"@id\":\"https:\\\/\\\/ecosupplements.be\\\/fr\\\/#website\",\"url\":\"https:\\\/\\\/ecosupplements.be\\\/fr\\\/\",\"name\":\"ECO Supplements\",\"description\":\"Eco Supplements - Gezonde supplementen\",\"publisher\":{\"@id\":\"https:\\\/\\\/ecosupplements.be\\\/fr\\\/#organization\"},\"potentialAction\":[{\"@type\":\"SearchAction\",\"target\":{\"@type\":\"EntryPoint\",\"urlTemplate\":\"https:\\\/\\\/ecosupplements.be\\\/fr\\\/?s={search_term_string}\"},\"query-input\":{\"@type\":\"PropertyValueSpecification\",\"valueRequired\":true,\"valueName\":\"search_term_string\"}}],\"inLanguage\":\"fr-FR\"},{\"@type\":\"Organization\",\"@id\":\"https:\\\/\\\/ecosupplements.be\\\/fr\\\/#organization\",\"name\":\"Eco Supplements\",\"url\":\"https:\\\/\\\/ecosupplements.be\\\/fr\\\/\",\"logo\":{\"@type\":\"ImageObject\",\"inLanguage\":\"fr-FR\",\"@id\":\"https:\\\/\\\/ecosupplements.be\\\/fr\\\/#\\\/schema\\\/logo\\\/image\\\/\",\"url\":\"https:\\\/\\\/ecosupplements.be\\\/wp-content\\\/uploads\\\/2022\\\/06\\\/ecosupplement-family.png\",\"contentUrl\":\"https:\\\/\\\/ecosupplements.be\\\/wp-content\\\/uploads\\\/2022\\\/06\\\/ecosupplement-family.png\",\"width\":593,\"height\":374,\"caption\":\"Eco Supplements\"},\"image\":{\"@id\":\"https:\\\/\\\/ecosupplements.be\\\/fr\\\/#\\\/schema\\\/logo\\\/image\\\/\"}}]}<\/script>\n<meta property=\"product:brand\" content=\"NOW Foods\" \/>\n<meta property=\"product:price:amount\" content=\"24.68\" \/>\n<meta property=\"product:price:currency\" content=\"EUR\" \/>\n<meta property=\"og:availability\" content=\"instock\" \/>\n<meta property=\"product:availability\" content=\"instock\" \/>\n<meta property=\"product:retailer_item_id\" content=\"733739029836\" \/>\n<meta property=\"product:condition\" content=\"new\" \/>\n<!-- \/ Yoast SEO Premium plugin. -->","yoast_head_json":{"title":"Soulagement acide avec enzymes - 60 comprim\u00e9s \u00e0 m\u00e2cher - ECO Supplements","description":"Wij hebben een ruime keuze aan producten van Soulagement acide avec enzymes - 60 comprim\u00e9s \u00e0 m\u00e2cher . Winkel bij Eco Supplements altijd gratis verzending boven 100\u20ac","robots":{"index":"index","follow":"follow","max-snippet":"max-snippet:-1","max-image-preview":"max-image-preview:large","max-video-preview":"max-video-preview:-1"},"canonical":"https:\/\/ecosupplements.be\/fr\/produit\/soulagement-acide-avec-enzymes-60-comprimes-a-macher\/","og_locale":"fr_FR","og_type":"article","og_title":"Soulagement acide avec enzymes - 60 comprim\u00e9s \u00e0 m\u00e2cher","og_description":"Wij hebben een ruime keuze aan producten van Soulagement acide avec enzymes - 60 comprim\u00e9s \u00e0 m\u00e2cher . Winkel bij Eco Supplements altijd gratis verzending boven 100\u20ac","og_url":"https:\/\/ecosupplements.be\/fr\/produit\/soulagement-acide-avec-enzymes-60-comprimes-a-macher\/","og_site_name":"ECO Supplements","article_modified_time":"2025-08-27T13:44:33+00:00","og_image":[{"width":457,"height":880,"url":"https:\/\/ecosupplements.be\/wp-content\/uploads\/2025\/08\/Acid-Relief-with-Enzymes-60-chewables.jpg","type":"image\/jpeg"}],"twitter_card":"summary_large_image","twitter_misc":{"Prix":"24.68&nbsp;&euro;","Disponibilit\u00e9":"En stock"},"schema":{"@context":"https:\/\/schema.org","@graph":[{"@type":["WebPage","ItemPage"],"@id":"https:\/\/ecosupplements.be\/fr\/produit\/soulagement-acide-avec-enzymes-60-comprimes-a-macher\/","url":"https:\/\/ecosupplements.be\/fr\/produit\/soulagement-acide-avec-enzymes-60-comprimes-a-macher\/","name":"Soulagement acide avec enzymes - 60 comprim\u00e9s \u00e0 m\u00e2cher - ECO Supplements","isPartOf":{"@id":"https:\/\/ecosupplements.be\/fr\/#website"},"primaryImageOfPage":{"@id":"https:\/\/ecosupplements.be\/fr\/produit\/soulagement-acide-avec-enzymes-60-comprimes-a-macher\/#primaryimage"},"image":{"@id":"https:\/\/ecosupplements.be\/fr\/produit\/soulagement-acide-avec-enzymes-60-comprimes-a-macher\/#primaryimage"},"thumbnailUrl":"https:\/\/ecosupplements.be\/wp-content\/uploads\/2025\/08\/NOW-Foods-Acid-Relief-with-Enzymes-60-chewables.jpg","datePublished":"2022-06-28T09:20:55+00:00","dateModified":"2025-08-27T13:44:33+00:00","description":"Wij hebben een ruime keuze aan producten van Soulagement acide avec enzymes - 60 comprim\u00e9s \u00e0 m\u00e2cher . Winkel bij Eco Supplements altijd gratis verzending boven 100\u20ac","breadcrumb":{"@id":"https:\/\/ecosupplements.be\/fr\/produit\/soulagement-acide-avec-enzymes-60-comprimes-a-macher\/#breadcrumb"},"inLanguage":"fr-FR","potentialAction":[{"@type":"ReadAction","target":["https:\/\/ecosupplements.be\/fr\/produit\/soulagement-acide-avec-enzymes-60-comprimes-a-macher\/"]}]},{"@type":"ImageObject","inLanguage":"fr-FR","@id":"https:\/\/ecosupplements.be\/fr\/produit\/soulagement-acide-avec-enzymes-60-comprimes-a-macher\/#primaryimage","url":"https:\/\/ecosupplements.be\/wp-content\/uploads\/2025\/08\/NOW-Foods-Acid-Relief-with-Enzymes-60-chewables.jpg","contentUrl":"https:\/\/ecosupplements.be\/wp-content\/uploads\/2025\/08\/NOW-Foods-Acid-Relief-with-Enzymes-60-chewables.jpg","width":750,"height":750},{"@type":"BreadcrumbList","@id":"https:\/\/ecosupplements.be\/fr\/produit\/soulagement-acide-avec-enzymes-60-comprimes-a-macher\/#breadcrumb","itemListElement":[{"@type":"ListItem","position":1,"name":"Home","item":"https:\/\/ecosupplements.be\/fr\/"},{"@type":"ListItem","position":2,"name":"Boutique","item":"https:\/\/ecosupplements.be\/fr\/boutique\/"},{"@type":"ListItem","position":3,"name":"Soulagement acide avec enzymes &#8211; 60 comprim\u00e9s \u00e0 m\u00e2cher"}]},{"@type":"WebSite","@id":"https:\/\/ecosupplements.be\/fr\/#website","url":"https:\/\/ecosupplements.be\/fr\/","name":"ECO Supplements","description":"Eco Supplements - Gezonde supplementen","publisher":{"@id":"https:\/\/ecosupplements.be\/fr\/#organization"},"potentialAction":[{"@type":"SearchAction","target":{"@type":"EntryPoint","urlTemplate":"https:\/\/ecosupplements.be\/fr\/?s={search_term_string}"},"query-input":{"@type":"PropertyValueSpecification","valueRequired":true,"valueName":"search_term_string"}}],"inLanguage":"fr-FR"},{"@type":"Organization","@id":"https:\/\/ecosupplements.be\/fr\/#organization","name":"Eco Supplements","url":"https:\/\/ecosupplements.be\/fr\/","logo":{"@type":"ImageObject","inLanguage":"fr-FR","@id":"https:\/\/ecosupplements.be\/fr\/#\/schema\/logo\/image\/","url":"https:\/\/ecosupplements.be\/wp-content\/uploads\/2022\/06\/ecosupplement-family.png","contentUrl":"https:\/\/ecosupplements.be\/wp-content\/uploads\/2022\/06\/ecosupplement-family.png","width":593,"height":374,"caption":"Eco Supplements"},"image":{"@id":"https:\/\/ecosupplements.be\/fr\/#\/schema\/logo\/image\/"}}]},"product_brand":"NOW Foods","product_price_amount":"24.68","product_price_currency":"EUR","og_availability":"instock","product_availability":"instock","product_retailer_item_id":"733739029836","product_condition":"new"},"_links":{"self":[{"href":"https:\/\/ecosupplements.be\/fr\/wp-json\/wp\/v2\/product\/288670","targetHints":{"allow":["GET"]}}],"collection":[{"href":"https:\/\/ecosupplements.be\/fr\/wp-json\/wp\/v2\/product"}],"about":[{"href":"https:\/\/ecosupplements.be\/fr\/wp-json\/wp\/v2\/types\/product"}],"replies":[{"embeddable":true,"href":"https:\/\/ecosupplements.be\/fr\/wp-json\/wp\/v2\/comments?post=288670"}],"wp:featuredmedia":[{"embeddable":true,"href":"https:\/\/ecosupplements.be\/fr\/wp-json\/wp\/v2\/media\/248865"}],"wp:attachment":[{"href":"https:\/\/ecosupplements.be\/fr\/wp-json\/wp\/v2\/media?parent=288670"}],"wp:term":[{"taxonomy":"product_brand","embeddable":true,"href":"https:\/\/ecosupplements.be\/fr\/wp-json\/wp\/v2\/product_brand?post=288670"},{"taxonomy":"product_cat","embeddable":true,"href":"https:\/\/ecosupplements.be\/fr\/wp-json\/wp\/v2\/product_cat?post=288670"},{"taxonomy":"product_tag","embeddable":true,"href":"https:\/\/ecosupplements.be\/fr\/wp-json\/wp\/v2\/product_tag?post=288670"}],"curies":[{"name":"wp","href":"https:\/\/api.w.org\/{rel}","templated":true}]}}