{"id":288679,"date":"2022-06-28T10:20:55","date_gmt":"2022-06-28T09:20:55","guid":{"rendered":"https:\/\/ecosupplements.be\/product\/adam-multi-vitamines-pour-hommes-60-comprimes\/"},"modified":"2025-08-27T14:44:43","modified_gmt":"2025-08-27T13:44:43","slug":"adam-multi-vitamines-pour-hommes-60-comprimes","status":"publish","type":"product","link":"https:\/\/ecosupplements.be\/fr\/produit\/adam-multi-vitamines-pour-hommes-60-comprimes\/","title":{"rendered":"ADAM Multi-Vitamines pour Hommes &#8211; 60 comprim\u00e9s"},"content":{"rendered":"<h1>ADAM \u200bMulti-Vitamin for Men &#8211; 60 tablets<\/h1>\n<p>Le ADAM Multi-Vitamin for Men de NOW \u2064Foods est un \u200dcompl\u00e9ment alimentaire sp\u00e9cialement con\u00e7u pour r\u00e9pondre aux besoins nutritionnels des hommes. Chaque flacon contient\u2064 60 comprim\u00e9s, soit un approvisionnement pour \u206330 jours.<\/p>\n<h2>Caract\u00e9ristiques sp\u00e9ciales:<\/h2>\n<ul>\n<li>Formule compl\u00e8te de vitamines et min\u00e9raux \u2062pour les hommes<\/li>\n<li>Contient des\u2063 ingr\u00e9dients naturels et de haute qualit\u00e9<\/li>\n<li>Facile \u00e0 dig\u00e9rer et \u00e0 absorber<\/li>\n<li>Ne contient pas\u200c de gluten, \u200dde bl\u00e9, de lait, de \u2063soja ou\u2064 d&#8217;autres allerg\u00e8nes courants<\/li>\n<li>Convient aux v\u00e9g\u00e9tariens et aux v\u00e9g\u00e9taliens<\/li>\n<\/ul>\n<h2>Ingr\u00e9dients cl\u00e9s:<\/h2>\n<p>Le ADAM Multi-Vitamin for Men contient une combinaison de vitamines, de min\u00e9raux et d&#8217;extraits de \u2062plantes pour soutenir la sant\u00e9 globale des hommes. Voici quelques-uns des ingr\u00e9dients\u200d cl\u00e9s:<\/p>\n<ul>\n<li>Vitamine A: \u2063essentielle pour la sant\u00e9 des yeux, de la peau\u200c et du syst\u00e8me immunitaire<\/li>\n<li>Vitamine D: importante pour \u2063la sant\u00e9 des os et des dents<\/li>\n<li>Vitamine E: un antioxydant puissant qui prot\u00e8ge les cellules contre les dommages<\/li>\n<li>Vitamine B6: aide \u2062\u00e0 maintenir un m\u00e9tabolisme sain et\u2063 \u00e0 soutenir \u2063la fonction nerveuse<\/li>\n<li>Vitamine B12: importante pour la production de globules rouges et la sant\u00e9 du syst\u00e8me nerveux<\/li>\n<li>Zinc: essentiel pour la sant\u00e9 de la prostate et la fonction immunitaire<\/li>\n<li>S\u00e9l\u00e9nium: un\u2063 antioxydant qui peut aider \u00e0 prot\u00e9ger contre les dommages cellulaires<\/li>\n<li>Extrait de saw palmetto: peut\u200b aider\u2062 \u00e0 soutenir la sant\u00e9 de la\u200c prostate<\/li>\n<li>Extrait de th\u00e9 vert: riche en antioxydants et peut aider \u00e0 soutenir la sant\u00e9 cardiaque<\/li>\n<\/ul>\n<h2>Avantages \u200buniques:<\/h2>\n<p>Le ADAM Multi-Vitamin for \u2062Men est sp\u00e9cialement formul\u00e9 pour r\u00e9pondre aux besoins nutritionnels des hommes. Il peut aider \u00e0 soutenir \u200dla sant\u00e9 g\u00e9n\u00e9rale, \u2064la fonction immunitaire, la sant\u00e9 de la prostate\u2063 et bien plus encore. De plus, il est fabriqu\u00e9 avec des ingr\u00e9dients de \u200chaute qualit\u00e9 et ne\u200d contient pas d&#8217;allerg\u00e8nes courants, ce qui en fait un\u200c choix s\u00fbr pour tous les hommes.<\/p>\n<h2>Mode d&#8217;emploi:<\/h2>\n<p>Prenez 2 comprim\u00e9s\u2062 par jour avec de la nourriture.<\/p>\n<p>Ne d\u00e9passez pas la dose recommand\u00e9e. Consultez votre professionnel de la sant\u00e9 avant de prendre ce produit si\u200b vous \u00eates enceinte, allaitez, prenez des\u2062 m\u00e9dicaments ou si vous avez\u2062 des probl\u00e8mes de sant\u00e9.<\/p>\n<p>Conservez\u2062 dans un endroit frais et sec apr\u00e8s ouverture.<\/p>\n<p>Ne pas utiliser si le sceau de s\u00e9curit\u00e9 est endommag\u00e9 ou manquant.<\/p>\n<p>Le ADAM Multi-Vitamin for Men de NOW Foods est un moyen pratique et \u200cefficace \u200bde soutenir la sant\u00e9 des\u200c hommes. Essayez-le \u200dd\u00e8s aujourd&#8217;hui et voyez les bienfaits\u200d pour vous-m\u00eame!<\/p>\n","protected":false},"excerpt":{"rendered":"<p>ADAM \u200bMulti-Vitamin for Men &#8211; 60 tablets Le ADAM Multi-Vitamin for Men de NOW \u2064Foods est un \u200dcompl\u00e9ment alimentaire sp\u00e9cialement con\u00e7u pour r\u00e9pondre aux besoins nutritionnels des hommes. Chaque flacon contient\u2064 60 comprim\u00e9s, soit un approvisionnement pour \u206330 jours. Caract\u00e9ristiques sp\u00e9ciales: Formule compl\u00e8te de vitamines et min\u00e9raux \u2062pour les hommes Contient des\u2063 ingr\u00e9dients naturels et [&#8230;]\n","protected":false},"featured_media":248895,"comment_status":"open","ping_status":"open","template":"","meta":[],"product_brand":[4733,4734],"product_cat":[5052,5053],"product_tag":[],"class_list":{"0":"post-288679","1":"product","2":"type-product","3":"status-publish","4":"has-post-thumbnail","6":"product_brand-now-foods-2","7":"product_brand-nownow-foods-2","8":"product_cat-sante-et-bien-etre","9":"product_cat-vitamines-et-mineraux","11":"first","12":"instock","13":"taxable","14":"shipping-taxable","15":"purchasable","16":"product-type-simple"},"yoast_head":"<!-- This site is optimized with the Yoast SEO Premium plugin v27.3 (Yoast SEO v27.3) - https:\/\/yoast.com\/product\/yoast-seo-premium-wordpress\/ -->\n<title>ADAM Multi-Vitamines pour Hommes - 60 comprim\u00e9s - ECO Supplements<\/title>\n<meta name=\"description\" content=\"Wij hebben een ruime keuze aan producten van ADAM Multi-Vitamines pour Hommes - 60 comprim\u00e9s . Winkel bij Eco Supplements altijd gratis verzending boven 100\u20ac\" \/>\n<meta name=\"robots\" content=\"index, follow, max-snippet:-1, max-image-preview:large, max-video-preview:-1\" \/>\n<link rel=\"canonical\" href=\"https:\/\/ecosupplements.be\/fr\/produit\/adam-multi-vitamines-pour-hommes-60-comprimes\/\" \/>\n<meta property=\"og:locale\" content=\"fr_FR\" \/>\n<meta property=\"og:type\" content=\"article\" \/>\n<meta property=\"og:title\" content=\"ADAM Multi-Vitamines pour Hommes - 60 comprim\u00e9s\" \/>\n<meta property=\"og:description\" content=\"Wij hebben een ruime keuze aan producten van ADAM Multi-Vitamines pour Hommes - 60 comprim\u00e9s . Winkel bij Eco Supplements altijd gratis verzending boven 100\u20ac\" \/>\n<meta property=\"og:url\" content=\"https:\/\/ecosupplements.be\/fr\/produit\/adam-multi-vitamines-pour-hommes-60-comprimes\/\" \/>\n<meta property=\"og:site_name\" content=\"ECO Supplements\" \/>\n<meta property=\"article:modified_time\" content=\"2025-08-27T13:44:43+00:00\" \/>\n<meta property=\"og:image\" content=\"https:\/\/ecosupplements.be\/wp-content\/uploads\/2025\/08\/ADAM-Multi-Vitamin-for-Men-60-tablets.jpg\" \/>\n\t<meta property=\"og:image:width\" content=\"498\" \/>\n\t<meta property=\"og:image:height\" content=\"880\" \/>\n\t<meta property=\"og:image:type\" content=\"image\/jpeg\" \/>\n<meta name=\"twitter:card\" content=\"summary_large_image\" \/>\n<meta name=\"twitter:label1\" content=\"Prix\" \/>\n\t<meta name=\"twitter:data1\" content=\"25.11&nbsp;&euro;\" \/>\n\t<meta name=\"twitter:label2\" content=\"Disponibilit\u00e9\" \/>\n\t<meta name=\"twitter:data2\" content=\"En stock\" \/>\n<script type=\"application\/ld+json\" class=\"yoast-schema-graph\">{\"@context\":\"https:\\\/\\\/schema.org\",\"@graph\":[{\"@type\":[\"WebPage\",\"ItemPage\"],\"@id\":\"https:\\\/\\\/ecosupplements.be\\\/fr\\\/produit\\\/adam-multi-vitamines-pour-hommes-60-comprimes\\\/\",\"url\":\"https:\\\/\\\/ecosupplements.be\\\/fr\\\/produit\\\/adam-multi-vitamines-pour-hommes-60-comprimes\\\/\",\"name\":\"ADAM Multi-Vitamines pour Hommes - 60 comprim\u00e9s - ECO Supplements\",\"isPartOf\":{\"@id\":\"https:\\\/\\\/ecosupplements.be\\\/fr\\\/#website\"},\"primaryImageOfPage\":{\"@id\":\"https:\\\/\\\/ecosupplements.be\\\/fr\\\/produit\\\/adam-multi-vitamines-pour-hommes-60-comprimes\\\/#primaryimage\"},\"image\":{\"@id\":\"https:\\\/\\\/ecosupplements.be\\\/fr\\\/produit\\\/adam-multi-vitamines-pour-hommes-60-comprimes\\\/#primaryimage\"},\"thumbnailUrl\":\"https:\\\/\\\/ecosupplements.be\\\/wp-content\\\/uploads\\\/2025\\\/08\\\/NOW-Foods-ADAM-Multi-Vitamin-for-Men-60-tablets.jpg\",\"datePublished\":\"2022-06-28T09:20:55+00:00\",\"dateModified\":\"2025-08-27T13:44:43+00:00\",\"description\":\"Wij hebben een ruime keuze aan producten van ADAM Multi-Vitamines pour Hommes - 60 comprim\u00e9s . Winkel bij Eco Supplements altijd gratis verzending boven 100\u20ac\",\"breadcrumb\":{\"@id\":\"https:\\\/\\\/ecosupplements.be\\\/fr\\\/produit\\\/adam-multi-vitamines-pour-hommes-60-comprimes\\\/#breadcrumb\"},\"inLanguage\":\"fr-FR\",\"potentialAction\":[{\"@type\":\"ReadAction\",\"target\":[\"https:\\\/\\\/ecosupplements.be\\\/fr\\\/produit\\\/adam-multi-vitamines-pour-hommes-60-comprimes\\\/\"]}]},{\"@type\":\"ImageObject\",\"inLanguage\":\"fr-FR\",\"@id\":\"https:\\\/\\\/ecosupplements.be\\\/fr\\\/produit\\\/adam-multi-vitamines-pour-hommes-60-comprimes\\\/#primaryimage\",\"url\":\"https:\\\/\\\/ecosupplements.be\\\/wp-content\\\/uploads\\\/2025\\\/08\\\/NOW-Foods-ADAM-Multi-Vitamin-for-Men-60-tablets.jpg\",\"contentUrl\":\"https:\\\/\\\/ecosupplements.be\\\/wp-content\\\/uploads\\\/2025\\\/08\\\/NOW-Foods-ADAM-Multi-Vitamin-for-Men-60-tablets.jpg\",\"width\":750,\"height\":750},{\"@type\":\"BreadcrumbList\",\"@id\":\"https:\\\/\\\/ecosupplements.be\\\/fr\\\/produit\\\/adam-multi-vitamines-pour-hommes-60-comprimes\\\/#breadcrumb\",\"itemListElement\":[{\"@type\":\"ListItem\",\"position\":1,\"name\":\"Home\",\"item\":\"https:\\\/\\\/ecosupplements.be\\\/fr\\\/\"},{\"@type\":\"ListItem\",\"position\":2,\"name\":\"Boutique\",\"item\":\"https:\\\/\\\/ecosupplements.be\\\/fr\\\/boutique\\\/\"},{\"@type\":\"ListItem\",\"position\":3,\"name\":\"ADAM Multi-Vitamines pour Hommes &#8211; 60 comprim\u00e9s\"}]},{\"@type\":\"WebSite\",\"@id\":\"https:\\\/\\\/ecosupplements.be\\\/fr\\\/#website\",\"url\":\"https:\\\/\\\/ecosupplements.be\\\/fr\\\/\",\"name\":\"ECO Supplements\",\"description\":\"Eco Supplements - Gezonde supplementen\",\"publisher\":{\"@id\":\"https:\\\/\\\/ecosupplements.be\\\/fr\\\/#organization\"},\"potentialAction\":[{\"@type\":\"SearchAction\",\"target\":{\"@type\":\"EntryPoint\",\"urlTemplate\":\"https:\\\/\\\/ecosupplements.be\\\/fr\\\/?s={search_term_string}\"},\"query-input\":{\"@type\":\"PropertyValueSpecification\",\"valueRequired\":true,\"valueName\":\"search_term_string\"}}],\"inLanguage\":\"fr-FR\"},{\"@type\":\"Organization\",\"@id\":\"https:\\\/\\\/ecosupplements.be\\\/fr\\\/#organization\",\"name\":\"Eco Supplements\",\"url\":\"https:\\\/\\\/ecosupplements.be\\\/fr\\\/\",\"logo\":{\"@type\":\"ImageObject\",\"inLanguage\":\"fr-FR\",\"@id\":\"https:\\\/\\\/ecosupplements.be\\\/fr\\\/#\\\/schema\\\/logo\\\/image\\\/\",\"url\":\"https:\\\/\\\/ecosupplements.be\\\/wp-content\\\/uploads\\\/2022\\\/06\\\/ecosupplement-family.png\",\"contentUrl\":\"https:\\\/\\\/ecosupplements.be\\\/wp-content\\\/uploads\\\/2022\\\/06\\\/ecosupplement-family.png\",\"width\":593,\"height\":374,\"caption\":\"Eco Supplements\"},\"image\":{\"@id\":\"https:\\\/\\\/ecosupplements.be\\\/fr\\\/#\\\/schema\\\/logo\\\/image\\\/\"}}]}<\/script>\n<meta property=\"product:brand\" content=\"NOW Foods\" \/>\n<meta property=\"product:price:amount\" content=\"25.11\" \/>\n<meta property=\"product:price:currency\" content=\"EUR\" \/>\n<meta property=\"og:availability\" content=\"instock\" \/>\n<meta property=\"product:availability\" content=\"instock\" \/>\n<meta property=\"product:retailer_item_id\" content=\"733739038753\" \/>\n<meta property=\"product:condition\" content=\"new\" \/>\n<!-- \/ Yoast SEO Premium plugin. -->","yoast_head_json":{"title":"ADAM Multi-Vitamines pour Hommes - 60 comprim\u00e9s - ECO Supplements","description":"Wij hebben een ruime keuze aan producten van ADAM Multi-Vitamines pour Hommes - 60 comprim\u00e9s . Winkel bij Eco Supplements altijd gratis verzending boven 100\u20ac","robots":{"index":"index","follow":"follow","max-snippet":"max-snippet:-1","max-image-preview":"max-image-preview:large","max-video-preview":"max-video-preview:-1"},"canonical":"https:\/\/ecosupplements.be\/fr\/produit\/adam-multi-vitamines-pour-hommes-60-comprimes\/","og_locale":"fr_FR","og_type":"article","og_title":"ADAM Multi-Vitamines pour Hommes - 60 comprim\u00e9s","og_description":"Wij hebben een ruime keuze aan producten van ADAM Multi-Vitamines pour Hommes - 60 comprim\u00e9s . Winkel bij Eco Supplements altijd gratis verzending boven 100\u20ac","og_url":"https:\/\/ecosupplements.be\/fr\/produit\/adam-multi-vitamines-pour-hommes-60-comprimes\/","og_site_name":"ECO Supplements","article_modified_time":"2025-08-27T13:44:43+00:00","og_image":[{"width":498,"height":880,"url":"https:\/\/ecosupplements.be\/wp-content\/uploads\/2025\/08\/ADAM-Multi-Vitamin-for-Men-60-tablets.jpg","type":"image\/jpeg"}],"twitter_card":"summary_large_image","twitter_misc":{"Prix":"25.11&nbsp;&euro;","Disponibilit\u00e9":"En stock"},"schema":{"@context":"https:\/\/schema.org","@graph":[{"@type":["WebPage","ItemPage"],"@id":"https:\/\/ecosupplements.be\/fr\/produit\/adam-multi-vitamines-pour-hommes-60-comprimes\/","url":"https:\/\/ecosupplements.be\/fr\/produit\/adam-multi-vitamines-pour-hommes-60-comprimes\/","name":"ADAM Multi-Vitamines pour Hommes - 60 comprim\u00e9s - ECO Supplements","isPartOf":{"@id":"https:\/\/ecosupplements.be\/fr\/#website"},"primaryImageOfPage":{"@id":"https:\/\/ecosupplements.be\/fr\/produit\/adam-multi-vitamines-pour-hommes-60-comprimes\/#primaryimage"},"image":{"@id":"https:\/\/ecosupplements.be\/fr\/produit\/adam-multi-vitamines-pour-hommes-60-comprimes\/#primaryimage"},"thumbnailUrl":"https:\/\/ecosupplements.be\/wp-content\/uploads\/2025\/08\/NOW-Foods-ADAM-Multi-Vitamin-for-Men-60-tablets.jpg","datePublished":"2022-06-28T09:20:55+00:00","dateModified":"2025-08-27T13:44:43+00:00","description":"Wij hebben een ruime keuze aan producten van ADAM Multi-Vitamines pour Hommes - 60 comprim\u00e9s . Winkel bij Eco Supplements altijd gratis verzending boven 100\u20ac","breadcrumb":{"@id":"https:\/\/ecosupplements.be\/fr\/produit\/adam-multi-vitamines-pour-hommes-60-comprimes\/#breadcrumb"},"inLanguage":"fr-FR","potentialAction":[{"@type":"ReadAction","target":["https:\/\/ecosupplements.be\/fr\/produit\/adam-multi-vitamines-pour-hommes-60-comprimes\/"]}]},{"@type":"ImageObject","inLanguage":"fr-FR","@id":"https:\/\/ecosupplements.be\/fr\/produit\/adam-multi-vitamines-pour-hommes-60-comprimes\/#primaryimage","url":"https:\/\/ecosupplements.be\/wp-content\/uploads\/2025\/08\/NOW-Foods-ADAM-Multi-Vitamin-for-Men-60-tablets.jpg","contentUrl":"https:\/\/ecosupplements.be\/wp-content\/uploads\/2025\/08\/NOW-Foods-ADAM-Multi-Vitamin-for-Men-60-tablets.jpg","width":750,"height":750},{"@type":"BreadcrumbList","@id":"https:\/\/ecosupplements.be\/fr\/produit\/adam-multi-vitamines-pour-hommes-60-comprimes\/#breadcrumb","itemListElement":[{"@type":"ListItem","position":1,"name":"Home","item":"https:\/\/ecosupplements.be\/fr\/"},{"@type":"ListItem","position":2,"name":"Boutique","item":"https:\/\/ecosupplements.be\/fr\/boutique\/"},{"@type":"ListItem","position":3,"name":"ADAM Multi-Vitamines pour Hommes &#8211; 60 comprim\u00e9s"}]},{"@type":"WebSite","@id":"https:\/\/ecosupplements.be\/fr\/#website","url":"https:\/\/ecosupplements.be\/fr\/","name":"ECO Supplements","description":"Eco Supplements - Gezonde supplementen","publisher":{"@id":"https:\/\/ecosupplements.be\/fr\/#organization"},"potentialAction":[{"@type":"SearchAction","target":{"@type":"EntryPoint","urlTemplate":"https:\/\/ecosupplements.be\/fr\/?s={search_term_string}"},"query-input":{"@type":"PropertyValueSpecification","valueRequired":true,"valueName":"search_term_string"}}],"inLanguage":"fr-FR"},{"@type":"Organization","@id":"https:\/\/ecosupplements.be\/fr\/#organization","name":"Eco Supplements","url":"https:\/\/ecosupplements.be\/fr\/","logo":{"@type":"ImageObject","inLanguage":"fr-FR","@id":"https:\/\/ecosupplements.be\/fr\/#\/schema\/logo\/image\/","url":"https:\/\/ecosupplements.be\/wp-content\/uploads\/2022\/06\/ecosupplement-family.png","contentUrl":"https:\/\/ecosupplements.be\/wp-content\/uploads\/2022\/06\/ecosupplement-family.png","width":593,"height":374,"caption":"Eco Supplements"},"image":{"@id":"https:\/\/ecosupplements.be\/fr\/#\/schema\/logo\/image\/"}}]},"product_brand":"NOW Foods","product_price_amount":"25.11","product_price_currency":"EUR","og_availability":"instock","product_availability":"instock","product_retailer_item_id":"733739038753","product_condition":"new"},"_links":{"self":[{"href":"https:\/\/ecosupplements.be\/fr\/wp-json\/wp\/v2\/product\/288679","targetHints":{"allow":["GET"]}}],"collection":[{"href":"https:\/\/ecosupplements.be\/fr\/wp-json\/wp\/v2\/product"}],"about":[{"href":"https:\/\/ecosupplements.be\/fr\/wp-json\/wp\/v2\/types\/product"}],"replies":[{"embeddable":true,"href":"https:\/\/ecosupplements.be\/fr\/wp-json\/wp\/v2\/comments?post=288679"}],"wp:featuredmedia":[{"embeddable":true,"href":"https:\/\/ecosupplements.be\/fr\/wp-json\/wp\/v2\/media\/248895"}],"wp:attachment":[{"href":"https:\/\/ecosupplements.be\/fr\/wp-json\/wp\/v2\/media?parent=288679"}],"wp:term":[{"taxonomy":"product_brand","embeddable":true,"href":"https:\/\/ecosupplements.be\/fr\/wp-json\/wp\/v2\/product_brand?post=288679"},{"taxonomy":"product_cat","embeddable":true,"href":"https:\/\/ecosupplements.be\/fr\/wp-json\/wp\/v2\/product_cat?post=288679"},{"taxonomy":"product_tag","embeddable":true,"href":"https:\/\/ecosupplements.be\/fr\/wp-json\/wp\/v2\/product_tag?post=288679"}],"curies":[{"name":"wp","href":"https:\/\/api.w.org\/{rel}","templated":true}]}}