{"id":288685,"date":"2022-06-28T10:20:55","date_gmt":"2022-06-28T09:20:55","guid":{"rendered":"https:\/\/ecosupplements.be\/product\/adam-multi-vitamines-pour-hommes-90-gelules\/"},"modified":"2025-08-27T14:44:49","modified_gmt":"2025-08-27T13:44:49","slug":"adam-multi-vitamines-pour-hommes-90-gelules","status":"publish","type":"product","link":"https:\/\/ecosupplements.be\/fr\/produit\/adam-multi-vitamines-pour-hommes-90-gelules\/","title":{"rendered":"ADAM Multi-Vitamines pour Hommes &#8211; 90 g\u00e9lules"},"content":{"rendered":"<h1>ADAM \u2062Multi-Vitamin for Men\u2064 &#8211; 90 vcaps<\/h1>\n<p>Le ADAM Multi-Vitamin \u200bfor Men de NOW Foods est un\u2063 compl\u00e9ment alimentaire sp\u00e9cialement con\u00e7u \u200bpour r\u00e9pondre aux \u2063besoins nutritionnels des \u200dhommes.\u2063 Avec une formule compl\u00e8te et\u200c \u00e9quilibr\u00e9e, ce produit \u200dest id\u00e9al pour \u200csoutenir la \u200bsant\u00e9 et le bien-\u00eatre g\u00e9n\u00e9ral des hommes\u200c de tous \u00e2ges.<\/p>\n<h2>Caract\u00e9ristiques \u200bsp\u00e9ciales:<\/h2>\n<ul>\n<li>Formule\u2062 compl\u00e8te et \u00e9quilibr\u00e9e pour les hommes<\/li>\n<li>Contient des \u2064vitamines, min\u00e9raux et \u2063antioxydants essentiels<\/li>\n<li>Enrichi en extraits de plantes\u2063 et en enzymes digestives<\/li>\n<li>Facile \u00e0 dig\u00e9rer et \u00e0 absorber<\/li>\n<li>Convient aux\u200d v\u00e9g\u00e9tariens et v\u00e9g\u00e9taliens<\/li>\n<\/ul>\n<h2>Ingr\u00e9dients cl\u00e9s:<\/h2>\n<p>Le ADAM Multi-Vitamin for Men contient une combinaison d&#8217;ingr\u00e9dients soigneusement s\u00e9lectionn\u00e9s\u200c pour r\u00e9pondre aux \u2064besoins\u200b sp\u00e9cifiques des hommes.\u2064 Parmi les ingr\u00e9dients cl\u00e9s, on\u2064 retrouve:<\/p>\n<ul>\n<li>Vitamines A, C, D, E \u2064et K pour soutenir la sant\u00e9 immunitaire et la sant\u00e9\u2064 des os<\/li>\n<li>Complexe de vitamines B pour soutenir la sant\u00e9 cardiovasculaire et le m\u00e9tabolisme \u200d\u00e9nerg\u00e9tique<\/li>\n<li>Min\u00e9raux\u200b tels que le zinc, le s\u00e9l\u00e9nium\u2064 et le\u2063 chrome pour soutenir la sant\u00e9 de la prostate\u2062 et la fonction\u200b hormonale<\/li>\n<li>Extraits de plantes tels que le\u200d ginseng et le tribulus pour soutenir la sant\u00e9 sexuelle et la vitalit\u00e9 masculine<\/li>\n<li>Enzymes digestives pour faciliter la digestion et\u200d l&#8217;absorption des nutriments<\/li>\n<\/ul>\n<h2>Avantages\u2062 uniques:<\/h2>\n<p>Le ADAM Multi-Vitamin for Men offre une formule compl\u00e8te et \u00e9quilibr\u00e9e \u2062pour\u2064 r\u00e9pondre\u200c aux besoins sp\u00e9cifiques des hommes. En plus de\u2064 fournir des vitamines et des min\u00e9raux \u200cessentiels, ce produit est enrichi en extraits de plantes et en enzymes digestives\u200d pour une\u2064 meilleure absorption\u200b et une meilleure efficacit\u00e9. De plus, il est adapt\u00e9 aux r\u00e9gimes v\u00e9g\u00e9tariens et v\u00e9g\u00e9taliens, ce qui en fait un choix id\u00e9al pour tous les \u2064hommes soucieux de leur sant\u00e9 et de leur bien-\u00eatre.<\/p>\n<h2>Conseils d&#8217;utilisation:<\/h2>\n<p>Prenez\u200c 3 capsules par jour avec de la \u200cnourriture.<\/p>\n<p>Ne pas d\u00e9passer la dose recommand\u00e9e.\u2063 Consultez\u2063 votre professionnel \u200bde sant\u00e9 avant de prendre ce\u200c produit si vous \u00eates enceinte, \u2062allaitez, prenez des \u200cm\u00e9dicaments \u200dou si vous avez \u2064un\u200c probl\u00e8me de sant\u00e9.\u200d Tenir hors \u200dde port\u00e9e des enfants.<\/p>\n<p>Conservez dans un endroit frais \u2062et sec apr\u00e8s ouverture.<\/p>\n<p>Ne contient pas de levure, de bl\u00e9, de gluten, de lait, d&#8217;\u0153ufs, de\u2064 poisson, de crustac\u00e9s ou de fruits \u00e0 coque. \u200cProduit dans\u2062 une installation GMP qui traite\u200b d&#8217;autres ingr\u00e9dients contenant ces\u2063 allerg\u00e8nes.<\/p>\n<p>Le ADAM Multi-Vitamin for Men de NOW Foods est un compl\u00e9ment alimentaire complet et \u00e9quilibr\u00e9 pour\u2064 soutenir la sant\u00e9 et\u200d le bien-\u00eatre \u2063des hommes. \u2064Avec sa formule unique\u200c et ses ingr\u00e9dients de qualit\u00e9,\u2064 il est \u200dun choix id\u00e9al pour tous les hommes\u2064 soucieux de leur sant\u00e9 et de leur bien-\u00eatre.<\/p>\n","protected":false},"excerpt":{"rendered":"<p>ADAM \u2062Multi-Vitamin for Men\u2064 &#8211; 90 vcaps Le ADAM Multi-Vitamin \u200bfor Men de NOW Foods est un\u2063 compl\u00e9ment alimentaire sp\u00e9cialement con\u00e7u \u200bpour r\u00e9pondre aux \u2063besoins nutritionnels des \u200dhommes.\u2063 Avec une formule compl\u00e8te et\u200c \u00e9quilibr\u00e9e, ce produit \u200dest id\u00e9al pour \u200csoutenir la \u200bsant\u00e9 et le bien-\u00eatre g\u00e9n\u00e9ral des hommes\u200c de tous \u00e2ges. Caract\u00e9ristiques \u200bsp\u00e9ciales: Formule\u2062 compl\u00e8te [&#8230;]\n","protected":false},"featured_media":248905,"comment_status":"open","ping_status":"open","template":"","meta":[],"product_brand":[4733,4734],"product_cat":[5052,5053],"product_tag":[],"class_list":{"0":"post-288685","1":"product","2":"type-product","3":"status-publish","4":"has-post-thumbnail","6":"product_brand-now-foods-2","7":"product_brand-nownow-foods-2","8":"product_cat-sante-et-bien-etre","9":"product_cat-vitamines-et-mineraux","11":"first","12":"instock","13":"taxable","14":"shipping-taxable","15":"purchasable","16":"product-type-simple"},"yoast_head":"<!-- This site is optimized with the Yoast SEO Premium plugin v27.5 (Yoast SEO v27.5) - https:\/\/yoast.com\/product\/yoast-seo-premium-wordpress\/ -->\n<title>ADAM Multi-Vitamines pour Hommes - 90 g\u00e9lules - ECO Supplements<\/title>\n<meta name=\"description\" content=\"Wij hebben een ruime keuze aan producten van ADAM Multi-Vitamines pour Hommes - 90 g\u00e9lules . Winkel bij Eco Supplements altijd gratis verzending boven 100\u20ac\" \/>\n<meta name=\"robots\" content=\"index, follow, max-snippet:-1, max-image-preview:large, max-video-preview:-1\" \/>\n<link rel=\"canonical\" href=\"https:\/\/ecosupplements.be\/fr\/produit\/adam-multi-vitamines-pour-hommes-90-gelules\/\" \/>\n<meta property=\"og:locale\" content=\"fr_FR\" \/>\n<meta property=\"og:type\" content=\"article\" \/>\n<meta property=\"og:title\" content=\"ADAM Multi-Vitamines pour Hommes - 90 g\u00e9lules\" \/>\n<meta property=\"og:description\" content=\"Wij hebben een ruime keuze aan producten van ADAM Multi-Vitamines pour Hommes - 90 g\u00e9lules . Winkel bij Eco Supplements altijd gratis verzending boven 100\u20ac\" \/>\n<meta property=\"og:url\" content=\"https:\/\/ecosupplements.be\/fr\/produit\/adam-multi-vitamines-pour-hommes-90-gelules\/\" \/>\n<meta property=\"og:site_name\" content=\"ECO Supplements\" \/>\n<meta property=\"article:modified_time\" content=\"2025-08-27T13:44:49+00:00\" \/>\n<meta property=\"og:image\" content=\"https:\/\/ecosupplements.be\/wp-content\/uploads\/2025\/08\/ADAM-Multi-Vitamin-for-Men-90-vcaps.jpg\" \/>\n\t<meta property=\"og:image:width\" content=\"396\" \/>\n\t<meta property=\"og:image:height\" content=\"704\" \/>\n\t<meta property=\"og:image:type\" content=\"image\/jpeg\" \/>\n<meta name=\"twitter:card\" content=\"summary_large_image\" \/>\n<meta name=\"twitter:label1\" content=\"Prix\" \/>\n\t<meta name=\"twitter:data1\" content=\"30.19&nbsp;&euro;\" \/>\n\t<meta name=\"twitter:label2\" content=\"Disponibilit\u00e9\" \/>\n\t<meta name=\"twitter:data2\" content=\"En stock\" \/>\n<script type=\"application\/ld+json\" class=\"yoast-schema-graph\">{\"@context\":\"https:\\\/\\\/schema.org\",\"@graph\":[{\"@type\":[\"WebPage\",\"ItemPage\"],\"@id\":\"https:\\\/\\\/ecosupplements.be\\\/fr\\\/produit\\\/adam-multi-vitamines-pour-hommes-90-gelules\\\/\",\"url\":\"https:\\\/\\\/ecosupplements.be\\\/fr\\\/produit\\\/adam-multi-vitamines-pour-hommes-90-gelules\\\/\",\"name\":\"ADAM Multi-Vitamines pour Hommes - 90 g\u00e9lules - ECO Supplements\",\"isPartOf\":{\"@id\":\"https:\\\/\\\/ecosupplements.be\\\/fr\\\/#website\"},\"primaryImageOfPage\":{\"@id\":\"https:\\\/\\\/ecosupplements.be\\\/fr\\\/produit\\\/adam-multi-vitamines-pour-hommes-90-gelules\\\/#primaryimage\"},\"image\":{\"@id\":\"https:\\\/\\\/ecosupplements.be\\\/fr\\\/produit\\\/adam-multi-vitamines-pour-hommes-90-gelules\\\/#primaryimage\"},\"thumbnailUrl\":\"https:\\\/\\\/ecosupplements.be\\\/wp-content\\\/uploads\\\/2025\\\/08\\\/NOW-Foods-ADAM-Multi-Vitamin-for-Men-90-vcaps.jpg\",\"datePublished\":\"2022-06-28T09:20:55+00:00\",\"dateModified\":\"2025-08-27T13:44:49+00:00\",\"description\":\"Wij hebben een ruime keuze aan producten van ADAM Multi-Vitamines pour Hommes - 90 g\u00e9lules . Winkel bij Eco Supplements altijd gratis verzending boven 100\u20ac\",\"breadcrumb\":{\"@id\":\"https:\\\/\\\/ecosupplements.be\\\/fr\\\/produit\\\/adam-multi-vitamines-pour-hommes-90-gelules\\\/#breadcrumb\"},\"inLanguage\":\"fr-FR\",\"potentialAction\":[{\"@type\":\"ReadAction\",\"target\":[\"https:\\\/\\\/ecosupplements.be\\\/fr\\\/produit\\\/adam-multi-vitamines-pour-hommes-90-gelules\\\/\"]}]},{\"@type\":\"ImageObject\",\"inLanguage\":\"fr-FR\",\"@id\":\"https:\\\/\\\/ecosupplements.be\\\/fr\\\/produit\\\/adam-multi-vitamines-pour-hommes-90-gelules\\\/#primaryimage\",\"url\":\"https:\\\/\\\/ecosupplements.be\\\/wp-content\\\/uploads\\\/2025\\\/08\\\/NOW-Foods-ADAM-Multi-Vitamin-for-Men-90-vcaps.jpg\",\"contentUrl\":\"https:\\\/\\\/ecosupplements.be\\\/wp-content\\\/uploads\\\/2025\\\/08\\\/NOW-Foods-ADAM-Multi-Vitamin-for-Men-90-vcaps.jpg\",\"width\":750,\"height\":750},{\"@type\":\"BreadcrumbList\",\"@id\":\"https:\\\/\\\/ecosupplements.be\\\/fr\\\/produit\\\/adam-multi-vitamines-pour-hommes-90-gelules\\\/#breadcrumb\",\"itemListElement\":[{\"@type\":\"ListItem\",\"position\":1,\"name\":\"Home\",\"item\":\"https:\\\/\\\/ecosupplements.be\\\/fr\\\/\"},{\"@type\":\"ListItem\",\"position\":2,\"name\":\"Boutique\",\"item\":\"https:\\\/\\\/ecosupplements.be\\\/fr\\\/boutique\\\/\"},{\"@type\":\"ListItem\",\"position\":3,\"name\":\"ADAM Multi-Vitamines pour Hommes &#8211; 90 g\u00e9lules\"}]},{\"@type\":\"WebSite\",\"@id\":\"https:\\\/\\\/ecosupplements.be\\\/fr\\\/#website\",\"url\":\"https:\\\/\\\/ecosupplements.be\\\/fr\\\/\",\"name\":\"ECO Supplements\",\"description\":\"Eco Supplements - Gezonde supplementen\",\"publisher\":{\"@id\":\"https:\\\/\\\/ecosupplements.be\\\/fr\\\/#organization\"},\"potentialAction\":[{\"@type\":\"SearchAction\",\"target\":{\"@type\":\"EntryPoint\",\"urlTemplate\":\"https:\\\/\\\/ecosupplements.be\\\/fr\\\/?s={search_term_string}\"},\"query-input\":{\"@type\":\"PropertyValueSpecification\",\"valueRequired\":true,\"valueName\":\"search_term_string\"}}],\"inLanguage\":\"fr-FR\"},{\"@type\":\"Organization\",\"@id\":\"https:\\\/\\\/ecosupplements.be\\\/fr\\\/#organization\",\"name\":\"Eco Supplements\",\"url\":\"https:\\\/\\\/ecosupplements.be\\\/fr\\\/\",\"logo\":{\"@type\":\"ImageObject\",\"inLanguage\":\"fr-FR\",\"@id\":\"https:\\\/\\\/ecosupplements.be\\\/fr\\\/#\\\/schema\\\/logo\\\/image\\\/\",\"url\":\"https:\\\/\\\/ecosupplements.be\\\/wp-content\\\/uploads\\\/2022\\\/06\\\/ecosupplement-family.png\",\"contentUrl\":\"https:\\\/\\\/ecosupplements.be\\\/wp-content\\\/uploads\\\/2022\\\/06\\\/ecosupplement-family.png\",\"width\":593,\"height\":374,\"caption\":\"Eco Supplements\"},\"image\":{\"@id\":\"https:\\\/\\\/ecosupplements.be\\\/fr\\\/#\\\/schema\\\/logo\\\/image\\\/\"}}]}<\/script>\n<meta property=\"product:brand\" content=\"NOW Foods\" \/>\n<meta property=\"product:price:amount\" content=\"30.19\" \/>\n<meta property=\"product:price:currency\" content=\"EUR\" \/>\n<meta property=\"og:availability\" content=\"instock\" \/>\n<meta property=\"product:availability\" content=\"instock\" \/>\n<meta property=\"product:retailer_item_id\" content=\"733739038784\" \/>\n<meta property=\"product:condition\" content=\"new\" \/>\n<!-- \/ Yoast SEO Premium plugin. -->","yoast_head_json":{"title":"ADAM Multi-Vitamines pour Hommes - 90 g\u00e9lules - ECO Supplements","description":"Wij hebben een ruime keuze aan producten van ADAM Multi-Vitamines pour Hommes - 90 g\u00e9lules . Winkel bij Eco Supplements altijd gratis verzending boven 100\u20ac","robots":{"index":"index","follow":"follow","max-snippet":"max-snippet:-1","max-image-preview":"max-image-preview:large","max-video-preview":"max-video-preview:-1"},"canonical":"https:\/\/ecosupplements.be\/fr\/produit\/adam-multi-vitamines-pour-hommes-90-gelules\/","og_locale":"fr_FR","og_type":"article","og_title":"ADAM Multi-Vitamines pour Hommes - 90 g\u00e9lules","og_description":"Wij hebben een ruime keuze aan producten van ADAM Multi-Vitamines pour Hommes - 90 g\u00e9lules . Winkel bij Eco Supplements altijd gratis verzending boven 100\u20ac","og_url":"https:\/\/ecosupplements.be\/fr\/produit\/adam-multi-vitamines-pour-hommes-90-gelules\/","og_site_name":"ECO Supplements","article_modified_time":"2025-08-27T13:44:49+00:00","og_image":[{"width":396,"height":704,"url":"https:\/\/ecosupplements.be\/wp-content\/uploads\/2025\/08\/ADAM-Multi-Vitamin-for-Men-90-vcaps.jpg","type":"image\/jpeg"}],"twitter_card":"summary_large_image","twitter_misc":{"Prix":"30.19&nbsp;&euro;","Disponibilit\u00e9":"En stock"},"schema":{"@context":"https:\/\/schema.org","@graph":[{"@type":["WebPage","ItemPage"],"@id":"https:\/\/ecosupplements.be\/fr\/produit\/adam-multi-vitamines-pour-hommes-90-gelules\/","url":"https:\/\/ecosupplements.be\/fr\/produit\/adam-multi-vitamines-pour-hommes-90-gelules\/","name":"ADAM Multi-Vitamines pour Hommes - 90 g\u00e9lules - ECO Supplements","isPartOf":{"@id":"https:\/\/ecosupplements.be\/fr\/#website"},"primaryImageOfPage":{"@id":"https:\/\/ecosupplements.be\/fr\/produit\/adam-multi-vitamines-pour-hommes-90-gelules\/#primaryimage"},"image":{"@id":"https:\/\/ecosupplements.be\/fr\/produit\/adam-multi-vitamines-pour-hommes-90-gelules\/#primaryimage"},"thumbnailUrl":"https:\/\/ecosupplements.be\/wp-content\/uploads\/2025\/08\/NOW-Foods-ADAM-Multi-Vitamin-for-Men-90-vcaps.jpg","datePublished":"2022-06-28T09:20:55+00:00","dateModified":"2025-08-27T13:44:49+00:00","description":"Wij hebben een ruime keuze aan producten van ADAM Multi-Vitamines pour Hommes - 90 g\u00e9lules . Winkel bij Eco Supplements altijd gratis verzending boven 100\u20ac","breadcrumb":{"@id":"https:\/\/ecosupplements.be\/fr\/produit\/adam-multi-vitamines-pour-hommes-90-gelules\/#breadcrumb"},"inLanguage":"fr-FR","potentialAction":[{"@type":"ReadAction","target":["https:\/\/ecosupplements.be\/fr\/produit\/adam-multi-vitamines-pour-hommes-90-gelules\/"]}]},{"@type":"ImageObject","inLanguage":"fr-FR","@id":"https:\/\/ecosupplements.be\/fr\/produit\/adam-multi-vitamines-pour-hommes-90-gelules\/#primaryimage","url":"https:\/\/ecosupplements.be\/wp-content\/uploads\/2025\/08\/NOW-Foods-ADAM-Multi-Vitamin-for-Men-90-vcaps.jpg","contentUrl":"https:\/\/ecosupplements.be\/wp-content\/uploads\/2025\/08\/NOW-Foods-ADAM-Multi-Vitamin-for-Men-90-vcaps.jpg","width":750,"height":750},{"@type":"BreadcrumbList","@id":"https:\/\/ecosupplements.be\/fr\/produit\/adam-multi-vitamines-pour-hommes-90-gelules\/#breadcrumb","itemListElement":[{"@type":"ListItem","position":1,"name":"Home","item":"https:\/\/ecosupplements.be\/fr\/"},{"@type":"ListItem","position":2,"name":"Boutique","item":"https:\/\/ecosupplements.be\/fr\/boutique\/"},{"@type":"ListItem","position":3,"name":"ADAM Multi-Vitamines pour Hommes &#8211; 90 g\u00e9lules"}]},{"@type":"WebSite","@id":"https:\/\/ecosupplements.be\/fr\/#website","url":"https:\/\/ecosupplements.be\/fr\/","name":"ECO Supplements","description":"Eco Supplements - Gezonde supplementen","publisher":{"@id":"https:\/\/ecosupplements.be\/fr\/#organization"},"potentialAction":[{"@type":"SearchAction","target":{"@type":"EntryPoint","urlTemplate":"https:\/\/ecosupplements.be\/fr\/?s={search_term_string}"},"query-input":{"@type":"PropertyValueSpecification","valueRequired":true,"valueName":"search_term_string"}}],"inLanguage":"fr-FR"},{"@type":"Organization","@id":"https:\/\/ecosupplements.be\/fr\/#organization","name":"Eco Supplements","url":"https:\/\/ecosupplements.be\/fr\/","logo":{"@type":"ImageObject","inLanguage":"fr-FR","@id":"https:\/\/ecosupplements.be\/fr\/#\/schema\/logo\/image\/","url":"https:\/\/ecosupplements.be\/wp-content\/uploads\/2022\/06\/ecosupplement-family.png","contentUrl":"https:\/\/ecosupplements.be\/wp-content\/uploads\/2022\/06\/ecosupplement-family.png","width":593,"height":374,"caption":"Eco Supplements"},"image":{"@id":"https:\/\/ecosupplements.be\/fr\/#\/schema\/logo\/image\/"}}]},"product_brand":"NOW Foods","product_price_amount":"30.19","product_price_currency":"EUR","og_availability":"instock","product_availability":"instock","product_retailer_item_id":"733739038784","product_condition":"new"},"_links":{"self":[{"href":"https:\/\/ecosupplements.be\/fr\/wp-json\/wp\/v2\/product\/288685","targetHints":{"allow":["GET"]}}],"collection":[{"href":"https:\/\/ecosupplements.be\/fr\/wp-json\/wp\/v2\/product"}],"about":[{"href":"https:\/\/ecosupplements.be\/fr\/wp-json\/wp\/v2\/types\/product"}],"replies":[{"embeddable":true,"href":"https:\/\/ecosupplements.be\/fr\/wp-json\/wp\/v2\/comments?post=288685"}],"wp:featuredmedia":[{"embeddable":true,"href":"https:\/\/ecosupplements.be\/fr\/wp-json\/wp\/v2\/media\/248905"}],"wp:attachment":[{"href":"https:\/\/ecosupplements.be\/fr\/wp-json\/wp\/v2\/media?parent=288685"}],"wp:term":[{"taxonomy":"product_brand","embeddable":true,"href":"https:\/\/ecosupplements.be\/fr\/wp-json\/wp\/v2\/product_brand?post=288685"},{"taxonomy":"product_cat","embeddable":true,"href":"https:\/\/ecosupplements.be\/fr\/wp-json\/wp\/v2\/product_cat?post=288685"},{"taxonomy":"product_tag","embeddable":true,"href":"https:\/\/ecosupplements.be\/fr\/wp-json\/wp\/v2\/product_tag?post=288685"}],"curies":[{"name":"wp","href":"https:\/\/api.w.org\/{rel}","templated":true}]}}