{"id":288697,"date":"2022-06-28T10:21:05","date_gmt":"2022-06-28T09:21:05","guid":{"rendered":"https:\/\/ecosupplements.be\/product\/concentre-daloe-vera-118-ml\/"},"modified":"2025-08-27T14:45:03","modified_gmt":"2025-08-27T13:45:03","slug":"concentre-daloe-vera-118-ml","status":"publish","type":"product","link":"https:\/\/ecosupplements.be\/fr\/produit\/concentre-daloe-vera-118-ml\/","title":{"rendered":"Concentr\u00e9 d&#8217;Aloe Vera &#8211; 118 ml"},"content":{"rendered":"<h1>Aloe Vera Concentrate &#8211; 118 ml<\/h1>\n<p>Le concentr\u00e9\u2064 d&#8217;Aloe Vera de NOW Foods est un produit naturel et puissant\u200c qui offre \u2062une multitude de bienfaits pour la sant\u00e9. Ce produit\u200d est fabriqu\u00e9\u2062 aux \u00c9tats-Unis et est reconnu pour sa qualit\u00e9 et \u200cson efficacit\u00e9.<\/p>\n<h2>Caract\u00e9ristiques \u2063sp\u00e9ciales:<\/h2>\n<ul>\n<li>Contient 99,7% \u2063de\u200c gel d&#8217;Aloe Vera pur<\/li>\n<li>Extrait \u00e0 froid pour pr\u00e9server les nutriments\u2064 essentiels<\/li>\n<li>Formule concentr\u00e9e pour\u2062 une efficacit\u00e9\u2064 maximale<\/li>\n<li>Convient\u2064 aux v\u00e9g\u00e9tariens et\u2064 v\u00e9g\u00e9taliens<\/li>\n<\/ul>\n<h2>Ingr\u00e9dients:<\/h2>\n<p>Le concentr\u00e9 d&#8217;Aloe Vera de NOW Foods est compos\u00e9 \u00e0 99,7% de gel d&#8217;Aloe Vera pur, extrait \u00e0\u2064 froid pour\u2063 pr\u00e9server tous\u200c les nutriments essentiels. Ce\u2064 produit ne contient aucun ingr\u00e9dient artificiel, colorant ou conservateur.<\/p>\n<h2>Avantages uniques:<\/h2>\n<ul>\n<li>Apaise et hydrate la \u200cpeau en profondeur<\/li>\n<li>Renforce le syst\u00e8me immunitaire<\/li>\n<li>Am\u00e9liore\u2064 la digestion et soulage les troubles gastro-intestinaux<\/li>\n<li>Contribue\u2062 \u00e0 la sant\u00e9 bucco-dentaire<\/li>\n<li>Peut \u00eatre utilis\u00e9 en interne et \u200den externe<\/li>\n<\/ul>\n<h2>Principales caract\u00e9ristiques:<\/h2>\n<ul>\n<li>Contient des vitamines, des min\u00e9raux et des \u2063acides \u2064amin\u00e9s essentiels<\/li>\n<li>Sans gluten,\u200c sans soja \u200bet sans OGM<\/li>\n<li>Facile\u2063 \u00e0 utiliser\u200d et \u00e0 doser gr\u00e2ce \u00e0 son\u200c flacon compte-gouttes<\/li>\n<li>Convient \u00e0 tous les\u2064 types\u2062 de peau<\/li>\n<li>Convient \u00e0 une utilisation quotidienne<\/li>\n<\/ul>\n<p>Ajoutez le concentr\u00e9 d&#8217;Aloe\u200c Vera de NOW \u2063Foods \u00e0\u200b votre routine de\u2063 soins pour profiter de tous ses bienfaits\u200c pour la sant\u00e9. Que \u200cce \u200dsoit pour prendre \u200dsoin \u2063de \u200dvotre peau, \u2062renforcer votre \u200csyst\u00e8me immunitaire ou am\u00e9liorer votre digestion, ce\u200d produit naturel et \u200cefficace sera votre alli\u00e9 \u200cau \u2063quotidien.<\/p>\n","protected":false},"excerpt":{"rendered":"<p>Aloe Vera Concentrate &#8211; 118 ml Le concentr\u00e9\u2064 d&#8217;Aloe Vera de NOW Foods est un produit naturel et puissant\u200c qui offre \u2062une multitude de bienfaits pour la sant\u00e9. Ce produit\u200d est fabriqu\u00e9\u2062 aux \u00c9tats-Unis et est reconnu pour sa qualit\u00e9 et \u200cson efficacit\u00e9. Caract\u00e9ristiques \u2063sp\u00e9ciales: Contient 99,7% \u2063de\u200c gel d&#8217;Aloe Vera pur Extrait \u00e0 froid [&#8230;]\n","protected":false},"featured_media":248961,"comment_status":"open","ping_status":"open","template":"","meta":[],"product_brand":[4733],"product_cat":[5054,5055,5052,5053],"product_tag":[],"class_list":{"0":"post-288697","1":"product","2":"type-product","3":"status-publish","4":"has-post-thumbnail","6":"product_brand-now-foods-2","7":"product_cat-nourriture-saine","8":"product_cat-produits-vegetaliens","9":"product_cat-sante-et-bien-etre","10":"product_cat-vitamines-et-mineraux","12":"first","13":"instock","14":"taxable","15":"shipping-taxable","16":"purchasable","17":"product-type-simple"},"yoast_head":"<!-- This site is optimized with the Yoast SEO Premium plugin v27.3 (Yoast SEO v27.3) - https:\/\/yoast.com\/product\/yoast-seo-premium-wordpress\/ -->\n<title>Concentr\u00e9 d&#039;Aloe Vera - 118 ml - ECO Supplements<\/title>\n<meta name=\"description\" content=\"Wij hebben een ruime keuze aan producten van Concentr\u00e9 d&#039;Aloe Vera - 118 ml . Winkel bij Eco Supplements altijd gratis verzending boven 100\u20ac\" \/>\n<meta name=\"robots\" content=\"index, follow, max-snippet:-1, max-image-preview:large, max-video-preview:-1\" \/>\n<link rel=\"canonical\" href=\"https:\/\/ecosupplements.be\/fr\/produit\/concentre-daloe-vera-118-ml\/\" \/>\n<meta property=\"og:locale\" content=\"fr_FR\" \/>\n<meta property=\"og:type\" content=\"article\" \/>\n<meta property=\"og:title\" content=\"Concentr\u00e9 d&#039;Aloe Vera - 118 ml\" \/>\n<meta property=\"og:description\" content=\"Wij hebben een ruime keuze aan producten van Concentr\u00e9 d&#039;Aloe Vera - 118 ml . Winkel bij Eco Supplements altijd gratis verzending boven 100\u20ac\" \/>\n<meta property=\"og:url\" content=\"https:\/\/ecosupplements.be\/fr\/produit\/concentre-daloe-vera-118-ml\/\" \/>\n<meta property=\"og:site_name\" content=\"ECO Supplements\" \/>\n<meta property=\"article:modified_time\" content=\"2025-08-27T13:45:03+00:00\" \/>\n<meta property=\"og:image\" content=\"https:\/\/ecosupplements.be\/wp-content\/uploads\/2025\/08\/Aloe-Vera-Concentrate-118-ml.jpg\" \/>\n\t<meta property=\"og:image:width\" content=\"337\" \/>\n\t<meta property=\"og:image:height\" content=\"880\" \/>\n\t<meta property=\"og:image:type\" content=\"image\/jpeg\" \/>\n<meta name=\"twitter:card\" content=\"summary_large_image\" \/>\n<meta name=\"twitter:label1\" content=\"Prix\" \/>\n\t<meta name=\"twitter:data1\" content=\"9.47&nbsp;&euro;\" \/>\n\t<meta name=\"twitter:label2\" content=\"Disponibilit\u00e9\" \/>\n\t<meta name=\"twitter:data2\" content=\"En stock\" \/>\n<script type=\"application\/ld+json\" class=\"yoast-schema-graph\">{\"@context\":\"https:\\\/\\\/schema.org\",\"@graph\":[{\"@type\":[\"WebPage\",\"ItemPage\"],\"@id\":\"https:\\\/\\\/ecosupplements.be\\\/fr\\\/produit\\\/concentre-daloe-vera-118-ml\\\/\",\"url\":\"https:\\\/\\\/ecosupplements.be\\\/fr\\\/produit\\\/concentre-daloe-vera-118-ml\\\/\",\"name\":\"Concentr\u00e9 d'Aloe Vera - 118 ml - ECO Supplements\",\"isPartOf\":{\"@id\":\"https:\\\/\\\/ecosupplements.be\\\/fr\\\/#website\"},\"primaryImageOfPage\":{\"@id\":\"https:\\\/\\\/ecosupplements.be\\\/fr\\\/produit\\\/concentre-daloe-vera-118-ml\\\/#primaryimage\"},\"image\":{\"@id\":\"https:\\\/\\\/ecosupplements.be\\\/fr\\\/produit\\\/concentre-daloe-vera-118-ml\\\/#primaryimage\"},\"thumbnailUrl\":\"https:\\\/\\\/ecosupplements.be\\\/wp-content\\\/uploads\\\/2025\\\/08\\\/NOW-Foods-Aloe-Vera-Concentrate-118-ml.jpg\",\"datePublished\":\"2022-06-28T09:21:05+00:00\",\"dateModified\":\"2025-08-27T13:45:03+00:00\",\"description\":\"Wij hebben een ruime keuze aan producten van Concentr\u00e9 d'Aloe Vera - 118 ml . Winkel bij Eco Supplements altijd gratis verzending boven 100\u20ac\",\"breadcrumb\":{\"@id\":\"https:\\\/\\\/ecosupplements.be\\\/fr\\\/produit\\\/concentre-daloe-vera-118-ml\\\/#breadcrumb\"},\"inLanguage\":\"fr-FR\",\"potentialAction\":[{\"@type\":\"ReadAction\",\"target\":[\"https:\\\/\\\/ecosupplements.be\\\/fr\\\/produit\\\/concentre-daloe-vera-118-ml\\\/\"]}]},{\"@type\":\"ImageObject\",\"inLanguage\":\"fr-FR\",\"@id\":\"https:\\\/\\\/ecosupplements.be\\\/fr\\\/produit\\\/concentre-daloe-vera-118-ml\\\/#primaryimage\",\"url\":\"https:\\\/\\\/ecosupplements.be\\\/wp-content\\\/uploads\\\/2025\\\/08\\\/NOW-Foods-Aloe-Vera-Concentrate-118-ml.jpg\",\"contentUrl\":\"https:\\\/\\\/ecosupplements.be\\\/wp-content\\\/uploads\\\/2025\\\/08\\\/NOW-Foods-Aloe-Vera-Concentrate-118-ml.jpg\",\"width\":750,\"height\":750},{\"@type\":\"BreadcrumbList\",\"@id\":\"https:\\\/\\\/ecosupplements.be\\\/fr\\\/produit\\\/concentre-daloe-vera-118-ml\\\/#breadcrumb\",\"itemListElement\":[{\"@type\":\"ListItem\",\"position\":1,\"name\":\"Home\",\"item\":\"https:\\\/\\\/ecosupplements.be\\\/fr\\\/\"},{\"@type\":\"ListItem\",\"position\":2,\"name\":\"Boutique\",\"item\":\"https:\\\/\\\/ecosupplements.be\\\/fr\\\/boutique\\\/\"},{\"@type\":\"ListItem\",\"position\":3,\"name\":\"Concentr\u00e9 d&#8217;Aloe Vera &#8211; 118 ml\"}]},{\"@type\":\"WebSite\",\"@id\":\"https:\\\/\\\/ecosupplements.be\\\/fr\\\/#website\",\"url\":\"https:\\\/\\\/ecosupplements.be\\\/fr\\\/\",\"name\":\"ECO Supplements\",\"description\":\"Eco Supplements - Gezonde supplementen\",\"publisher\":{\"@id\":\"https:\\\/\\\/ecosupplements.be\\\/fr\\\/#organization\"},\"potentialAction\":[{\"@type\":\"SearchAction\",\"target\":{\"@type\":\"EntryPoint\",\"urlTemplate\":\"https:\\\/\\\/ecosupplements.be\\\/fr\\\/?s={search_term_string}\"},\"query-input\":{\"@type\":\"PropertyValueSpecification\",\"valueRequired\":true,\"valueName\":\"search_term_string\"}}],\"inLanguage\":\"fr-FR\"},{\"@type\":\"Organization\",\"@id\":\"https:\\\/\\\/ecosupplements.be\\\/fr\\\/#organization\",\"name\":\"Eco Supplements\",\"url\":\"https:\\\/\\\/ecosupplements.be\\\/fr\\\/\",\"logo\":{\"@type\":\"ImageObject\",\"inLanguage\":\"fr-FR\",\"@id\":\"https:\\\/\\\/ecosupplements.be\\\/fr\\\/#\\\/schema\\\/logo\\\/image\\\/\",\"url\":\"https:\\\/\\\/ecosupplements.be\\\/wp-content\\\/uploads\\\/2022\\\/06\\\/ecosupplement-family.png\",\"contentUrl\":\"https:\\\/\\\/ecosupplements.be\\\/wp-content\\\/uploads\\\/2022\\\/06\\\/ecosupplement-family.png\",\"width\":593,\"height\":374,\"caption\":\"Eco Supplements\"},\"image\":{\"@id\":\"https:\\\/\\\/ecosupplements.be\\\/fr\\\/#\\\/schema\\\/logo\\\/image\\\/\"}}]}<\/script>\n<meta property=\"product:brand\" content=\"NOW Foods\" \/>\n<meta property=\"product:price:amount\" content=\"9.47\" \/>\n<meta property=\"product:price:currency\" content=\"EUR\" \/>\n<meta property=\"og:availability\" content=\"instock\" \/>\n<meta property=\"product:availability\" content=\"instock\" \/>\n<meta property=\"product:retailer_item_id\" content=\"733739030306\" \/>\n<meta property=\"product:condition\" content=\"new\" \/>\n<!-- \/ Yoast SEO Premium plugin. -->","yoast_head_json":{"title":"Concentr\u00e9 d'Aloe Vera - 118 ml - ECO Supplements","description":"Wij hebben een ruime keuze aan producten van Concentr\u00e9 d'Aloe Vera - 118 ml . Winkel bij Eco Supplements altijd gratis verzending boven 100\u20ac","robots":{"index":"index","follow":"follow","max-snippet":"max-snippet:-1","max-image-preview":"max-image-preview:large","max-video-preview":"max-video-preview:-1"},"canonical":"https:\/\/ecosupplements.be\/fr\/produit\/concentre-daloe-vera-118-ml\/","og_locale":"fr_FR","og_type":"article","og_title":"Concentr\u00e9 d'Aloe Vera - 118 ml","og_description":"Wij hebben een ruime keuze aan producten van Concentr\u00e9 d'Aloe Vera - 118 ml . Winkel bij Eco Supplements altijd gratis verzending boven 100\u20ac","og_url":"https:\/\/ecosupplements.be\/fr\/produit\/concentre-daloe-vera-118-ml\/","og_site_name":"ECO Supplements","article_modified_time":"2025-08-27T13:45:03+00:00","og_image":[{"width":337,"height":880,"url":"https:\/\/ecosupplements.be\/wp-content\/uploads\/2025\/08\/Aloe-Vera-Concentrate-118-ml.jpg","type":"image\/jpeg"}],"twitter_card":"summary_large_image","twitter_misc":{"Prix":"9.47&nbsp;&euro;","Disponibilit\u00e9":"En stock"},"schema":{"@context":"https:\/\/schema.org","@graph":[{"@type":["WebPage","ItemPage"],"@id":"https:\/\/ecosupplements.be\/fr\/produit\/concentre-daloe-vera-118-ml\/","url":"https:\/\/ecosupplements.be\/fr\/produit\/concentre-daloe-vera-118-ml\/","name":"Concentr\u00e9 d'Aloe Vera - 118 ml - ECO Supplements","isPartOf":{"@id":"https:\/\/ecosupplements.be\/fr\/#website"},"primaryImageOfPage":{"@id":"https:\/\/ecosupplements.be\/fr\/produit\/concentre-daloe-vera-118-ml\/#primaryimage"},"image":{"@id":"https:\/\/ecosupplements.be\/fr\/produit\/concentre-daloe-vera-118-ml\/#primaryimage"},"thumbnailUrl":"https:\/\/ecosupplements.be\/wp-content\/uploads\/2025\/08\/NOW-Foods-Aloe-Vera-Concentrate-118-ml.jpg","datePublished":"2022-06-28T09:21:05+00:00","dateModified":"2025-08-27T13:45:03+00:00","description":"Wij hebben een ruime keuze aan producten van Concentr\u00e9 d'Aloe Vera - 118 ml . Winkel bij Eco Supplements altijd gratis verzending boven 100\u20ac","breadcrumb":{"@id":"https:\/\/ecosupplements.be\/fr\/produit\/concentre-daloe-vera-118-ml\/#breadcrumb"},"inLanguage":"fr-FR","potentialAction":[{"@type":"ReadAction","target":["https:\/\/ecosupplements.be\/fr\/produit\/concentre-daloe-vera-118-ml\/"]}]},{"@type":"ImageObject","inLanguage":"fr-FR","@id":"https:\/\/ecosupplements.be\/fr\/produit\/concentre-daloe-vera-118-ml\/#primaryimage","url":"https:\/\/ecosupplements.be\/wp-content\/uploads\/2025\/08\/NOW-Foods-Aloe-Vera-Concentrate-118-ml.jpg","contentUrl":"https:\/\/ecosupplements.be\/wp-content\/uploads\/2025\/08\/NOW-Foods-Aloe-Vera-Concentrate-118-ml.jpg","width":750,"height":750},{"@type":"BreadcrumbList","@id":"https:\/\/ecosupplements.be\/fr\/produit\/concentre-daloe-vera-118-ml\/#breadcrumb","itemListElement":[{"@type":"ListItem","position":1,"name":"Home","item":"https:\/\/ecosupplements.be\/fr\/"},{"@type":"ListItem","position":2,"name":"Boutique","item":"https:\/\/ecosupplements.be\/fr\/boutique\/"},{"@type":"ListItem","position":3,"name":"Concentr\u00e9 d&#8217;Aloe Vera &#8211; 118 ml"}]},{"@type":"WebSite","@id":"https:\/\/ecosupplements.be\/fr\/#website","url":"https:\/\/ecosupplements.be\/fr\/","name":"ECO Supplements","description":"Eco Supplements - Gezonde supplementen","publisher":{"@id":"https:\/\/ecosupplements.be\/fr\/#organization"},"potentialAction":[{"@type":"SearchAction","target":{"@type":"EntryPoint","urlTemplate":"https:\/\/ecosupplements.be\/fr\/?s={search_term_string}"},"query-input":{"@type":"PropertyValueSpecification","valueRequired":true,"valueName":"search_term_string"}}],"inLanguage":"fr-FR"},{"@type":"Organization","@id":"https:\/\/ecosupplements.be\/fr\/#organization","name":"Eco Supplements","url":"https:\/\/ecosupplements.be\/fr\/","logo":{"@type":"ImageObject","inLanguage":"fr-FR","@id":"https:\/\/ecosupplements.be\/fr\/#\/schema\/logo\/image\/","url":"https:\/\/ecosupplements.be\/wp-content\/uploads\/2022\/06\/ecosupplement-family.png","contentUrl":"https:\/\/ecosupplements.be\/wp-content\/uploads\/2022\/06\/ecosupplement-family.png","width":593,"height":374,"caption":"Eco Supplements"},"image":{"@id":"https:\/\/ecosupplements.be\/fr\/#\/schema\/logo\/image\/"}}]},"product_brand":"NOW Foods","product_price_amount":"9.47","product_price_currency":"EUR","og_availability":"instock","product_availability":"instock","product_retailer_item_id":"733739030306","product_condition":"new"},"_links":{"self":[{"href":"https:\/\/ecosupplements.be\/fr\/wp-json\/wp\/v2\/product\/288697","targetHints":{"allow":["GET"]}}],"collection":[{"href":"https:\/\/ecosupplements.be\/fr\/wp-json\/wp\/v2\/product"}],"about":[{"href":"https:\/\/ecosupplements.be\/fr\/wp-json\/wp\/v2\/types\/product"}],"replies":[{"embeddable":true,"href":"https:\/\/ecosupplements.be\/fr\/wp-json\/wp\/v2\/comments?post=288697"}],"wp:featuredmedia":[{"embeddable":true,"href":"https:\/\/ecosupplements.be\/fr\/wp-json\/wp\/v2\/media\/248961"}],"wp:attachment":[{"href":"https:\/\/ecosupplements.be\/fr\/wp-json\/wp\/v2\/media?parent=288697"}],"wp:term":[{"taxonomy":"product_brand","embeddable":true,"href":"https:\/\/ecosupplements.be\/fr\/wp-json\/wp\/v2\/product_brand?post=288697"},{"taxonomy":"product_cat","embeddable":true,"href":"https:\/\/ecosupplements.be\/fr\/wp-json\/wp\/v2\/product_cat?post=288697"},{"taxonomy":"product_tag","embeddable":true,"href":"https:\/\/ecosupplements.be\/fr\/wp-json\/wp\/v2\/product_tag?post=288697"}],"curies":[{"name":"wp","href":"https:\/\/api.w.org\/{rel}","templated":true}]}}