{"id":288706,"date":"2022-06-28T10:21:05","date_gmt":"2022-06-28T09:21:05","guid":{"rendered":"https:\/\/ecosupplements.be\/product\/acide-alpha-lipoique-avec-vitamines-c-et-e-100mg-60-gelules-vegetales\/"},"modified":"2025-08-27T14:45:11","modified_gmt":"2025-08-27T13:45:11","slug":"acide-alpha-lipoique-avec-vitamines-c-et-e-100mg-60-gelules-vegetales","status":"publish","type":"product","link":"https:\/\/ecosupplements.be\/fr\/produit\/acide-alpha-lipoique-avec-vitamines-c-et-e-100mg-60-gelules-vegetales\/","title":{"rendered":"Acide Alpha-Lipo\u00efque avec Vitamines C et E, 100mg &#8211; 60 g\u00e9lules v\u00e9g\u00e9tales"},"content":{"rendered":"<h1>Alpha\u2063 Lipoic Acid with Vitamins C &#038; E, 100mg &#8211; 60 vcaps<\/h1>\n<p>D\u00e9couvrez les bienfaits de l&#8217;acide\u2063 alpha-lipo\u00efque avec les vitamines C\u2064 et \u2063E \u2063gr\u00e2ce \u00e0 ce compl\u00e9ment alimentaire de la marque \u2064NOW Foods. Fabriqu\u00e9 aux \u200c\u00c9tats-Unis, \u2063ce produit de qualit\u00e9 \u200csup\u00e9rieure est con\u00e7u pour vous aider \u00e0 maintenir une \u200csant\u00e9 optimale et \u00e0 lutter contre les effets du vieillissement.<\/p>\n<h2>Caract\u00e9ristiques sp\u00e9ciales :<\/h2>\n<ul>\n<li>Contient 100mg d&#8217;acide alpha-lipo\u00efque par capsule v\u00e9g\u00e9tarienne<\/li>\n<li>Enrichi en vitamines \u200dC et E pour\u2064 une action antioxydante renforc\u00e9e<\/li>\n<li>Formule hautement biodisponible pour une absorption optimale<\/li>\n<li>Convient aux v\u00e9g\u00e9tariens et v\u00e9g\u00e9taliens<\/li>\n<li>Ne contient ni \u200dgluten, ni bl\u00e9, ni soja, ni lait, ni \u0153uf, ni poisson, ni crustac\u00e9s, ni fruits \u00e0 \u200ccoque<\/li>\n<\/ul>\n<h2>Ingr\u00e9dients :<\/h2>\n<p>Chaque capsule \u200dv\u00e9g\u00e9tarienne contient \u200d:<\/p>\n<ul>\n<li>100mg d&#8217;acide alpha-lipo\u00efque<\/li>\n<li>60mg de vitamine C (acide ascorbique)<\/li>\n<li>30IU de vitamine E (d-alpha tocoph\u00e9rol)<\/li>\n<\/ul>\n<p>Autres ingr\u00e9dients : cellulose \u200d(capsule), \u2062farine de riz, st\u00e9arate de magn\u00e9sium (source\u2063 v\u00e9g\u00e9tale) et silice.<\/p>\n<h2>Avantages uniques :<\/h2>\n<p>L&#8217;acide alpha-lipo\u00efque est un antioxydant puissant qui aide \u00e0 prot\u00e9ger les \u200dcellules contre les dommages caus\u00e9s par les radicaux libres. En combinaison avec les vitamines \u200cC \u200cet E, il offre une protection renforc\u00e9e\u200b contre\u200c les effets du vieillissement et contribue \u00e0 maintenir une peau, des yeux et un syst\u00e8me immunitaire en bonne sant\u00e9.<\/p>\n<p>Ce compl\u00e9ment \u200calimentaire est\u2064 \u00e9galement b\u00e9n\u00e9fique pour\u200c la sant\u00e9 cardiovasculaire,\u2062 la fonction cognitive et la r\u00e9gulation du taux de sucre dans le sang. Il peut \u00e9galement aider \u00e0 r\u00e9duire l&#8217;inflammation et \u00e0 am\u00e9liorer la d\u00e9toxification du foie.<\/p>\n<h2>Conseils d&#8217;utilisation :<\/h2>\n<p>Prenez 1 capsule v\u00e9g\u00e9tarienne par jour, de pr\u00e9f\u00e9rence avec un repas.<\/p>\n<p>Ne pas d\u00e9passer la dose recommand\u00e9e. Consultez votre m\u00e9decin\u200c avant de \u2062prendre ce \u200dproduit si vous \u00eates enceinte, allaitez, prenez\u200c des m\u00e9dicaments ou\u2064 si\u200c vous avez un\u200c probl\u00e8me de sant\u00e9.<\/p>\n<p>Conservez\u200d dans un endroit frais et sec\u2064 apr\u00e8s ouverture.<\/p>\n<p>Ne pas utiliser si l&#8217;opercule de s\u00e9curit\u00e9 est endommag\u00e9 ou \u200dmanquant.<\/p>\n<p>Compl\u00e9ment alimentaire \u00e0 \u2064utiliser dans le cadre d&#8217;un\u2062 mode de vie sain et d&#8217;une alimentation \u00e9quilibr\u00e9e. Tenir hors de port\u00e9e des enfants.<\/p>\n<p>Offrez \u200b\u00e0 votre corps une protection antioxydante compl\u00e8te avec Alpha Lipoic Acid with Vitamins C &#038; \u2062E de NOW Foods. Commandez d\u00e8s maintenant !<\/p>\n","protected":false},"excerpt":{"rendered":"<p>Alpha\u2063 Lipoic Acid with Vitamins C &#038; E, 100mg &#8211; 60 vcaps D\u00e9couvrez les bienfaits de l&#8217;acide\u2063 alpha-lipo\u00efque avec les vitamines C\u2064 et \u2063E \u2063gr\u00e2ce \u00e0 ce compl\u00e9ment alimentaire de la marque \u2064NOW Foods. Fabriqu\u00e9 aux \u200c\u00c9tats-Unis, \u2063ce produit de qualit\u00e9 \u200csup\u00e9rieure est con\u00e7u pour vous aider \u00e0 maintenir une \u200csant\u00e9 optimale et \u00e0 lutter [&#8230;]\n","protected":false},"featured_media":248988,"comment_status":"open","ping_status":"open","template":"","meta":[],"product_brand":[4733,4734],"product_cat":[5054,5055,5052,5053],"product_tag":[],"class_list":{"0":"post-288706","1":"product","2":"type-product","3":"status-publish","4":"has-post-thumbnail","6":"product_brand-now-foods-2","7":"product_brand-nownow-foods-2","8":"product_cat-nourriture-saine","9":"product_cat-produits-vegetaliens","10":"product_cat-sante-et-bien-etre","11":"product_cat-vitamines-et-mineraux","13":"first","14":"instock","15":"taxable","16":"shipping-taxable","17":"purchasable","18":"product-type-simple"},"yoast_head":"<!-- This site is optimized with the Yoast SEO Premium plugin v27.3 (Yoast SEO v27.3) - https:\/\/yoast.com\/product\/yoast-seo-premium-wordpress\/ -->\n<title>Acide Alpha-Lipo\u00efque avec Vitamines C et E, 100mg - 60 g\u00e9lules v\u00e9g\u00e9tales - ECO Supplements<\/title>\n<meta name=\"description\" content=\"Wij hebben een ruime keuze aan producten van Acide Alpha-Lipo\u00efque avec Vitamines C et E, 100mg - 60 g\u00e9lules v\u00e9g\u00e9tales . Winkel bij Eco Supplements altijd gratis verzending boven 100\u20ac\" \/>\n<meta name=\"robots\" content=\"index, follow, max-snippet:-1, max-image-preview:large, max-video-preview:-1\" \/>\n<link rel=\"canonical\" href=\"https:\/\/ecosupplements.be\/fr\/produit\/acide-alpha-lipoique-avec-vitamines-c-et-e-100mg-60-gelules-vegetales\/\" \/>\n<meta property=\"og:locale\" content=\"fr_FR\" \/>\n<meta property=\"og:type\" content=\"article\" \/>\n<meta property=\"og:title\" content=\"Acide Alpha-Lipo\u00efque avec Vitamines C et E, 100mg - 60 g\u00e9lules v\u00e9g\u00e9tales\" \/>\n<meta property=\"og:description\" content=\"Wij hebben een ruime keuze aan producten van Acide Alpha-Lipo\u00efque avec Vitamines C et E, 100mg - 60 g\u00e9lules v\u00e9g\u00e9tales . Winkel bij Eco Supplements altijd gratis verzending boven 100\u20ac\" \/>\n<meta property=\"og:url\" content=\"https:\/\/ecosupplements.be\/fr\/produit\/acide-alpha-lipoique-avec-vitamines-c-et-e-100mg-60-gelules-vegetales\/\" \/>\n<meta property=\"og:site_name\" content=\"ECO Supplements\" \/>\n<meta property=\"article:modified_time\" content=\"2025-08-27T13:45:11+00:00\" \/>\n<meta property=\"og:image\" content=\"https:\/\/ecosupplements.be\/wp-content\/uploads\/2025\/08\/Alpha-Lipoic-Acid-with-Vitamins-C-E-100mg-60-vcaps.jpg\" \/>\n\t<meta property=\"og:image:width\" content=\"415\" \/>\n\t<meta property=\"og:image:height\" content=\"880\" \/>\n\t<meta property=\"og:image:type\" content=\"image\/jpeg\" \/>\n<meta name=\"twitter:card\" content=\"summary_large_image\" \/>\n<meta name=\"twitter:label1\" content=\"Prix\" \/>\n\t<meta name=\"twitter:data1\" content=\"12.25&nbsp;&euro;\" \/>\n\t<meta name=\"twitter:label2\" content=\"Disponibilit\u00e9\" \/>\n\t<meta name=\"twitter:data2\" content=\"En stock\" \/>\n<script type=\"application\/ld+json\" class=\"yoast-schema-graph\">{\"@context\":\"https:\\\/\\\/schema.org\",\"@graph\":[{\"@type\":[\"WebPage\",\"ItemPage\"],\"@id\":\"https:\\\/\\\/ecosupplements.be\\\/fr\\\/produit\\\/acide-alpha-lipoique-avec-vitamines-c-et-e-100mg-60-gelules-vegetales\\\/\",\"url\":\"https:\\\/\\\/ecosupplements.be\\\/fr\\\/produit\\\/acide-alpha-lipoique-avec-vitamines-c-et-e-100mg-60-gelules-vegetales\\\/\",\"name\":\"Acide Alpha-Lipo\u00efque avec Vitamines C et E, 100mg - 60 g\u00e9lules v\u00e9g\u00e9tales - ECO Supplements\",\"isPartOf\":{\"@id\":\"https:\\\/\\\/ecosupplements.be\\\/fr\\\/#website\"},\"primaryImageOfPage\":{\"@id\":\"https:\\\/\\\/ecosupplements.be\\\/fr\\\/produit\\\/acide-alpha-lipoique-avec-vitamines-c-et-e-100mg-60-gelules-vegetales\\\/#primaryimage\"},\"image\":{\"@id\":\"https:\\\/\\\/ecosupplements.be\\\/fr\\\/produit\\\/acide-alpha-lipoique-avec-vitamines-c-et-e-100mg-60-gelules-vegetales\\\/#primaryimage\"},\"thumbnailUrl\":\"https:\\\/\\\/ecosupplements.be\\\/wp-content\\\/uploads\\\/2025\\\/08\\\/NOW-Foods-Alpha-Lipoic-Acid-with-Vitamins-C-E-100mg-60-vcaps.jpg\",\"datePublished\":\"2022-06-28T09:21:05+00:00\",\"dateModified\":\"2025-08-27T13:45:11+00:00\",\"description\":\"Wij hebben een ruime keuze aan producten van Acide Alpha-Lipo\u00efque avec Vitamines C et E, 100mg - 60 g\u00e9lules v\u00e9g\u00e9tales . Winkel bij Eco Supplements altijd gratis verzending boven 100\u20ac\",\"breadcrumb\":{\"@id\":\"https:\\\/\\\/ecosupplements.be\\\/fr\\\/produit\\\/acide-alpha-lipoique-avec-vitamines-c-et-e-100mg-60-gelules-vegetales\\\/#breadcrumb\"},\"inLanguage\":\"fr-FR\",\"potentialAction\":[{\"@type\":\"ReadAction\",\"target\":[\"https:\\\/\\\/ecosupplements.be\\\/fr\\\/produit\\\/acide-alpha-lipoique-avec-vitamines-c-et-e-100mg-60-gelules-vegetales\\\/\"]}]},{\"@type\":\"ImageObject\",\"inLanguage\":\"fr-FR\",\"@id\":\"https:\\\/\\\/ecosupplements.be\\\/fr\\\/produit\\\/acide-alpha-lipoique-avec-vitamines-c-et-e-100mg-60-gelules-vegetales\\\/#primaryimage\",\"url\":\"https:\\\/\\\/ecosupplements.be\\\/wp-content\\\/uploads\\\/2025\\\/08\\\/NOW-Foods-Alpha-Lipoic-Acid-with-Vitamins-C-E-100mg-60-vcaps.jpg\",\"contentUrl\":\"https:\\\/\\\/ecosupplements.be\\\/wp-content\\\/uploads\\\/2025\\\/08\\\/NOW-Foods-Alpha-Lipoic-Acid-with-Vitamins-C-E-100mg-60-vcaps.jpg\",\"width\":750,\"height\":750},{\"@type\":\"BreadcrumbList\",\"@id\":\"https:\\\/\\\/ecosupplements.be\\\/fr\\\/produit\\\/acide-alpha-lipoique-avec-vitamines-c-et-e-100mg-60-gelules-vegetales\\\/#breadcrumb\",\"itemListElement\":[{\"@type\":\"ListItem\",\"position\":1,\"name\":\"Home\",\"item\":\"https:\\\/\\\/ecosupplements.be\\\/fr\\\/\"},{\"@type\":\"ListItem\",\"position\":2,\"name\":\"Boutique\",\"item\":\"https:\\\/\\\/ecosupplements.be\\\/fr\\\/boutique\\\/\"},{\"@type\":\"ListItem\",\"position\":3,\"name\":\"Acide Alpha-Lipo\u00efque avec Vitamines C et E, 100mg &#8211; 60 g\u00e9lules v\u00e9g\u00e9tales\"}]},{\"@type\":\"WebSite\",\"@id\":\"https:\\\/\\\/ecosupplements.be\\\/fr\\\/#website\",\"url\":\"https:\\\/\\\/ecosupplements.be\\\/fr\\\/\",\"name\":\"ECO Supplements\",\"description\":\"Eco Supplements - Gezonde supplementen\",\"publisher\":{\"@id\":\"https:\\\/\\\/ecosupplements.be\\\/fr\\\/#organization\"},\"potentialAction\":[{\"@type\":\"SearchAction\",\"target\":{\"@type\":\"EntryPoint\",\"urlTemplate\":\"https:\\\/\\\/ecosupplements.be\\\/fr\\\/?s={search_term_string}\"},\"query-input\":{\"@type\":\"PropertyValueSpecification\",\"valueRequired\":true,\"valueName\":\"search_term_string\"}}],\"inLanguage\":\"fr-FR\"},{\"@type\":\"Organization\",\"@id\":\"https:\\\/\\\/ecosupplements.be\\\/fr\\\/#organization\",\"name\":\"Eco Supplements\",\"url\":\"https:\\\/\\\/ecosupplements.be\\\/fr\\\/\",\"logo\":{\"@type\":\"ImageObject\",\"inLanguage\":\"fr-FR\",\"@id\":\"https:\\\/\\\/ecosupplements.be\\\/fr\\\/#\\\/schema\\\/logo\\\/image\\\/\",\"url\":\"https:\\\/\\\/ecosupplements.be\\\/wp-content\\\/uploads\\\/2022\\\/06\\\/ecosupplement-family.png\",\"contentUrl\":\"https:\\\/\\\/ecosupplements.be\\\/wp-content\\\/uploads\\\/2022\\\/06\\\/ecosupplement-family.png\",\"width\":593,\"height\":374,\"caption\":\"Eco Supplements\"},\"image\":{\"@id\":\"https:\\\/\\\/ecosupplements.be\\\/fr\\\/#\\\/schema\\\/logo\\\/image\\\/\"}}]}<\/script>\n<meta property=\"product:brand\" content=\"NOW Foods\" \/>\n<meta property=\"product:price:amount\" content=\"12.25\" \/>\n<meta property=\"product:price:currency\" content=\"EUR\" \/>\n<meta property=\"og:availability\" content=\"instock\" \/>\n<meta property=\"product:availability\" content=\"instock\" \/>\n<meta property=\"product:retailer_item_id\" content=\"733739030405\" \/>\n<meta property=\"product:condition\" content=\"new\" \/>\n<!-- \/ Yoast SEO Premium plugin. -->","yoast_head_json":{"title":"Acide Alpha-Lipo\u00efque avec Vitamines C et E, 100mg - 60 g\u00e9lules v\u00e9g\u00e9tales - ECO Supplements","description":"Wij hebben een ruime keuze aan producten van Acide Alpha-Lipo\u00efque avec Vitamines C et E, 100mg - 60 g\u00e9lules v\u00e9g\u00e9tales . Winkel bij Eco Supplements altijd gratis verzending boven 100\u20ac","robots":{"index":"index","follow":"follow","max-snippet":"max-snippet:-1","max-image-preview":"max-image-preview:large","max-video-preview":"max-video-preview:-1"},"canonical":"https:\/\/ecosupplements.be\/fr\/produit\/acide-alpha-lipoique-avec-vitamines-c-et-e-100mg-60-gelules-vegetales\/","og_locale":"fr_FR","og_type":"article","og_title":"Acide Alpha-Lipo\u00efque avec Vitamines C et E, 100mg - 60 g\u00e9lules v\u00e9g\u00e9tales","og_description":"Wij hebben een ruime keuze aan producten van Acide Alpha-Lipo\u00efque avec Vitamines C et E, 100mg - 60 g\u00e9lules v\u00e9g\u00e9tales . Winkel bij Eco Supplements altijd gratis verzending boven 100\u20ac","og_url":"https:\/\/ecosupplements.be\/fr\/produit\/acide-alpha-lipoique-avec-vitamines-c-et-e-100mg-60-gelules-vegetales\/","og_site_name":"ECO Supplements","article_modified_time":"2025-08-27T13:45:11+00:00","og_image":[{"width":415,"height":880,"url":"https:\/\/ecosupplements.be\/wp-content\/uploads\/2025\/08\/Alpha-Lipoic-Acid-with-Vitamins-C-E-100mg-60-vcaps.jpg","type":"image\/jpeg"}],"twitter_card":"summary_large_image","twitter_misc":{"Prix":"12.25&nbsp;&euro;","Disponibilit\u00e9":"En stock"},"schema":{"@context":"https:\/\/schema.org","@graph":[{"@type":["WebPage","ItemPage"],"@id":"https:\/\/ecosupplements.be\/fr\/produit\/acide-alpha-lipoique-avec-vitamines-c-et-e-100mg-60-gelules-vegetales\/","url":"https:\/\/ecosupplements.be\/fr\/produit\/acide-alpha-lipoique-avec-vitamines-c-et-e-100mg-60-gelules-vegetales\/","name":"Acide Alpha-Lipo\u00efque avec Vitamines C et E, 100mg - 60 g\u00e9lules v\u00e9g\u00e9tales - ECO Supplements","isPartOf":{"@id":"https:\/\/ecosupplements.be\/fr\/#website"},"primaryImageOfPage":{"@id":"https:\/\/ecosupplements.be\/fr\/produit\/acide-alpha-lipoique-avec-vitamines-c-et-e-100mg-60-gelules-vegetales\/#primaryimage"},"image":{"@id":"https:\/\/ecosupplements.be\/fr\/produit\/acide-alpha-lipoique-avec-vitamines-c-et-e-100mg-60-gelules-vegetales\/#primaryimage"},"thumbnailUrl":"https:\/\/ecosupplements.be\/wp-content\/uploads\/2025\/08\/NOW-Foods-Alpha-Lipoic-Acid-with-Vitamins-C-E-100mg-60-vcaps.jpg","datePublished":"2022-06-28T09:21:05+00:00","dateModified":"2025-08-27T13:45:11+00:00","description":"Wij hebben een ruime keuze aan producten van Acide Alpha-Lipo\u00efque avec Vitamines C et E, 100mg - 60 g\u00e9lules v\u00e9g\u00e9tales . Winkel bij Eco Supplements altijd gratis verzending boven 100\u20ac","breadcrumb":{"@id":"https:\/\/ecosupplements.be\/fr\/produit\/acide-alpha-lipoique-avec-vitamines-c-et-e-100mg-60-gelules-vegetales\/#breadcrumb"},"inLanguage":"fr-FR","potentialAction":[{"@type":"ReadAction","target":["https:\/\/ecosupplements.be\/fr\/produit\/acide-alpha-lipoique-avec-vitamines-c-et-e-100mg-60-gelules-vegetales\/"]}]},{"@type":"ImageObject","inLanguage":"fr-FR","@id":"https:\/\/ecosupplements.be\/fr\/produit\/acide-alpha-lipoique-avec-vitamines-c-et-e-100mg-60-gelules-vegetales\/#primaryimage","url":"https:\/\/ecosupplements.be\/wp-content\/uploads\/2025\/08\/NOW-Foods-Alpha-Lipoic-Acid-with-Vitamins-C-E-100mg-60-vcaps.jpg","contentUrl":"https:\/\/ecosupplements.be\/wp-content\/uploads\/2025\/08\/NOW-Foods-Alpha-Lipoic-Acid-with-Vitamins-C-E-100mg-60-vcaps.jpg","width":750,"height":750},{"@type":"BreadcrumbList","@id":"https:\/\/ecosupplements.be\/fr\/produit\/acide-alpha-lipoique-avec-vitamines-c-et-e-100mg-60-gelules-vegetales\/#breadcrumb","itemListElement":[{"@type":"ListItem","position":1,"name":"Home","item":"https:\/\/ecosupplements.be\/fr\/"},{"@type":"ListItem","position":2,"name":"Boutique","item":"https:\/\/ecosupplements.be\/fr\/boutique\/"},{"@type":"ListItem","position":3,"name":"Acide Alpha-Lipo\u00efque avec Vitamines C et E, 100mg &#8211; 60 g\u00e9lules v\u00e9g\u00e9tales"}]},{"@type":"WebSite","@id":"https:\/\/ecosupplements.be\/fr\/#website","url":"https:\/\/ecosupplements.be\/fr\/","name":"ECO Supplements","description":"Eco Supplements - Gezonde supplementen","publisher":{"@id":"https:\/\/ecosupplements.be\/fr\/#organization"},"potentialAction":[{"@type":"SearchAction","target":{"@type":"EntryPoint","urlTemplate":"https:\/\/ecosupplements.be\/fr\/?s={search_term_string}"},"query-input":{"@type":"PropertyValueSpecification","valueRequired":true,"valueName":"search_term_string"}}],"inLanguage":"fr-FR"},{"@type":"Organization","@id":"https:\/\/ecosupplements.be\/fr\/#organization","name":"Eco Supplements","url":"https:\/\/ecosupplements.be\/fr\/","logo":{"@type":"ImageObject","inLanguage":"fr-FR","@id":"https:\/\/ecosupplements.be\/fr\/#\/schema\/logo\/image\/","url":"https:\/\/ecosupplements.be\/wp-content\/uploads\/2022\/06\/ecosupplement-family.png","contentUrl":"https:\/\/ecosupplements.be\/wp-content\/uploads\/2022\/06\/ecosupplement-family.png","width":593,"height":374,"caption":"Eco Supplements"},"image":{"@id":"https:\/\/ecosupplements.be\/fr\/#\/schema\/logo\/image\/"}}]},"product_brand":"NOW Foods","product_price_amount":"12.25","product_price_currency":"EUR","og_availability":"instock","product_availability":"instock","product_retailer_item_id":"733739030405","product_condition":"new"},"_links":{"self":[{"href":"https:\/\/ecosupplements.be\/fr\/wp-json\/wp\/v2\/product\/288706","targetHints":{"allow":["GET"]}}],"collection":[{"href":"https:\/\/ecosupplements.be\/fr\/wp-json\/wp\/v2\/product"}],"about":[{"href":"https:\/\/ecosupplements.be\/fr\/wp-json\/wp\/v2\/types\/product"}],"replies":[{"embeddable":true,"href":"https:\/\/ecosupplements.be\/fr\/wp-json\/wp\/v2\/comments?post=288706"}],"wp:featuredmedia":[{"embeddable":true,"href":"https:\/\/ecosupplements.be\/fr\/wp-json\/wp\/v2\/media\/248988"}],"wp:attachment":[{"href":"https:\/\/ecosupplements.be\/fr\/wp-json\/wp\/v2\/media?parent=288706"}],"wp:term":[{"taxonomy":"product_brand","embeddable":true,"href":"https:\/\/ecosupplements.be\/fr\/wp-json\/wp\/v2\/product_brand?post=288706"},{"taxonomy":"product_cat","embeddable":true,"href":"https:\/\/ecosupplements.be\/fr\/wp-json\/wp\/v2\/product_cat?post=288706"},{"taxonomy":"product_tag","embeddable":true,"href":"https:\/\/ecosupplements.be\/fr\/wp-json\/wp\/v2\/product_tag?post=288706"}],"curies":[{"name":"wp","href":"https:\/\/api.w.org\/{rel}","templated":true}]}}