{"id":288712,"date":"2022-06-28T10:21:05","date_gmt":"2022-06-28T09:21:05","guid":{"rendered":"https:\/\/ecosupplements.be\/product\/acide-alpha-lipoique-250mg-120-gelules-vegetales\/"},"modified":"2025-08-27T14:45:17","modified_gmt":"2025-08-27T13:45:17","slug":"acide-alpha-lipoique-250mg-120-gelules-vegetales","status":"publish","type":"product","link":"https:\/\/ecosupplements.be\/fr\/produit\/acide-alpha-lipoique-250mg-120-gelules-vegetales\/","title":{"rendered":"Acide Alpha-Lipo\u00efque, 250mg &#8211; 120 g\u00e9lules v\u00e9g\u00e9tales"},"content":{"rendered":"<h1>Alpha Lipoic Acid, 250mg\u2064 &#8211; \u2064120 vcaps<\/h1>\n<p>Le Alpha Lipoic Acid de NOW Foods\u200b est un compl\u00e9ment alimentaire hautement efficace qui fournit 250mg d&#8217;acide alpha-lipo\u00efque pur par\u200b capsule v\u00e9g\u00e9tarienne. Cet antioxydant puissant est naturellement pr\u00e9sent dans le corps humain, mais sa\u2063 production diminue avec l&#8217;\u00e2ge. C&#8217;est pourquoi il est\u2064 important \u2063de le suppl\u00e9menter pour maintenir un niveau optimal dans l&#8217;organisme.<\/p>\n<h2>Caract\u00e9ristiques sp\u00e9ciales:<\/h2>\n<ul>\n<li>250mg d&#8217;acide alpha-lipo\u00efque pur par \u200bcapsule<\/li>\n<li>120 capsules v\u00e9g\u00e9tariennes par bouteille<\/li>\n<li>Antioxydant puissant<\/li>\n<li>Soutient la sant\u00e9 cardiovasculaire<\/li>\n<li>Contribue \u200d\u00e0\u2064 maintenir un taux de sucre\u2064 sanguin normal<\/li>\n<li>Convient aux v\u00e9g\u00e9tariens et v\u00e9g\u00e9taliens<\/li>\n<\/ul>\n<h2>Ingr\u00e9dients:<\/h2>\n<p>Chaque capsule v\u00e9g\u00e9tarienne contient 250mg d&#8217;acide alpha-lipo\u00efque pur, ainsi que du st\u00e9arate de\u200d magn\u00e9sium (source v\u00e9g\u00e9tale) et de la cellulose. Ce produit ne contient pas de bl\u00e9, de\u200b gluten, de\u200d soja, de lait, d&#8217;\u0153ufs, de \u200cpoisson, de crustac\u00e9s \u2063ou de\u200b fruits \u00e0 coque.<\/p>\n<h2>Avantages uniques:<\/h2>\n<p>L&#8217;acide alpha-lipo\u00efque est un antioxydant puissant qui aide \u00e0 prot\u00e9ger les cellules contre les dommages\u200b caus\u00e9s par les radicaux libres. Il est\u2063 \u00e9galement connu pour ses propri\u00e9t\u00e9s\u2064 anti-inflammatoires et peut\u200b aider \u00e0 r\u00e9duire l&#8217;inflammation dans le corps. En outre, cet antioxydant peut soutenir \u2062la sant\u00e9 cardiovasculaire en am\u00e9liorant la circulation sanguine et en r\u00e9duisant le risque de maladies cardiovasculaires.<\/p>\n<p>De plus, l&#8217;acide alpha-lipo\u00efque peut contribuer \u200c\u00e0 maintenir un taux de \u200bsucre sanguin normal en am\u00e9liorant la sensibilit\u00e9 \u00e0 l&#8217;insuline et en \u200baidant \u00e0 r\u00e9guler la glyc\u00e9mie. \u200bCela en fait un compl\u00e9ment id\u00e9al pour les personnes souffrant de diab\u00e8te ou de pr\u00e9diab\u00e8te.<\/p>\n<h2>Conseils d&#8217;utilisation:<\/h2>\n<p>Prenez 1 capsule v\u00e9g\u00e9tarienne\u2064 par \u200cjour, de\u200c pr\u00e9f\u00e9rence avec un repas.<\/p>\n<p>Ne d\u00e9passez pas la dose recommand\u00e9e. Consultez votre m\u00e9decin avant de prendre \u2064ce produit si vous \u00eates \u2063enceinte, allaitez, prenez des m\u00e9dicaments ou si \u200cvous avez \u2064un probl\u00e8me de sant\u00e9.\u200d Tenir hors \u2062de port\u00e9e des enfants.<\/p>\n<p>Ne\u2062 contient pas de sucre, de sel, d&#8217;amidon, de levure, \u2062de ma\u00efs, \u2064de soja, de lait, d&#8217;\u0153ufs, de crustac\u00e9s ou de conservateurs.<\/p>\n<p>Conservez dans\u200b un endroit frais et sec apr\u00e8s ouverture.<\/p>\n<p>Le Alpha Lipoic Acid de NOW Foods \u200cest un compl\u00e9ment alimentaire de haute qualit\u00e9 qui peut aider \u00e0 maintenir un \u2063niveau\u200b optimal d&#8217;acide alpha-lipo\u00efque dans l&#8217;organisme. \u200dCommandez d\u00e8s maintenant et profitez de\u2064 ses nombreux bienfaits pour la sant\u00e9 !<\/p>\n","protected":false},"excerpt":{"rendered":"<p>Alpha Lipoic Acid, 250mg\u2064 &#8211; \u2064120 vcaps Le Alpha Lipoic Acid de NOW Foods\u200b est un compl\u00e9ment alimentaire hautement efficace qui fournit 250mg d&#8217;acide alpha-lipo\u00efque pur par\u200b capsule v\u00e9g\u00e9tarienne. Cet antioxydant puissant est naturellement pr\u00e9sent dans le corps humain, mais sa\u2063 production diminue avec l&#8217;\u00e2ge. C&#8217;est pourquoi il est\u2064 important \u2063de le suppl\u00e9menter pour maintenir [&#8230;]\n","protected":false},"featured_media":248998,"comment_status":"open","ping_status":"open","template":"","meta":[],"product_brand":[4733,4734],"product_cat":[5054,5055,5052,5053],"product_tag":[],"class_list":{"0":"post-288712","1":"product","2":"type-product","3":"status-publish","4":"has-post-thumbnail","6":"product_brand-now-foods-2","7":"product_brand-nownow-foods-2","8":"product_cat-nourriture-saine","9":"product_cat-produits-vegetaliens","10":"product_cat-sante-et-bien-etre","11":"product_cat-vitamines-et-mineraux","13":"first","14":"instock","15":"taxable","16":"shipping-taxable","17":"purchasable","18":"product-type-simple"},"yoast_head":"<!-- This site is optimized with the Yoast SEO Premium plugin v27.3 (Yoast SEO v27.3) - https:\/\/yoast.com\/product\/yoast-seo-premium-wordpress\/ -->\n<title>Acide Alpha-Lipo\u00efque, 250mg - 120 g\u00e9lules v\u00e9g\u00e9tales - ECO Supplements<\/title>\n<meta name=\"description\" content=\"Wij hebben een ruime keuze aan producten van Acide Alpha-Lipo\u00efque, 250mg - 120 g\u00e9lules v\u00e9g\u00e9tales . Winkel bij Eco Supplements altijd gratis verzending boven 100\u20ac\" \/>\n<meta name=\"robots\" content=\"index, follow, max-snippet:-1, max-image-preview:large, max-video-preview:-1\" \/>\n<link rel=\"canonical\" href=\"https:\/\/ecosupplements.be\/fr\/produit\/acide-alpha-lipoique-250mg-120-gelules-vegetales\/\" \/>\n<meta property=\"og:locale\" content=\"fr_FR\" \/>\n<meta property=\"og:type\" content=\"article\" \/>\n<meta property=\"og:title\" content=\"Acide Alpha-Lipo\u00efque, 250mg - 120 g\u00e9lules v\u00e9g\u00e9tales\" \/>\n<meta property=\"og:description\" content=\"Wij hebben een ruime keuze aan producten van Acide Alpha-Lipo\u00efque, 250mg - 120 g\u00e9lules v\u00e9g\u00e9tales . Winkel bij Eco Supplements altijd gratis verzending boven 100\u20ac\" \/>\n<meta property=\"og:url\" content=\"https:\/\/ecosupplements.be\/fr\/produit\/acide-alpha-lipoique-250mg-120-gelules-vegetales\/\" \/>\n<meta property=\"og:site_name\" content=\"ECO Supplements\" \/>\n<meta property=\"article:modified_time\" content=\"2025-08-27T13:45:17+00:00\" \/>\n<meta property=\"og:image\" content=\"https:\/\/ecosupplements.be\/wp-content\/uploads\/2025\/08\/Alpha-Lipoic-Acid-250mg-120-vcaps.jpg\" \/>\n\t<meta property=\"og:image:width\" content=\"494\" \/>\n\t<meta property=\"og:image:height\" content=\"880\" \/>\n\t<meta property=\"og:image:type\" content=\"image\/jpeg\" \/>\n<meta name=\"twitter:card\" content=\"summary_large_image\" \/>\n<meta name=\"twitter:label1\" content=\"Prix\" \/>\n\t<meta name=\"twitter:data1\" content=\"34.50&nbsp;&euro;\" \/>\n\t<meta name=\"twitter:label2\" content=\"Disponibilit\u00e9\" \/>\n\t<meta name=\"twitter:data2\" content=\"En stock\" \/>\n<script type=\"application\/ld+json\" class=\"yoast-schema-graph\">{\"@context\":\"https:\\\/\\\/schema.org\",\"@graph\":[{\"@type\":[\"WebPage\",\"ItemPage\"],\"@id\":\"https:\\\/\\\/ecosupplements.be\\\/fr\\\/produit\\\/acide-alpha-lipoique-250mg-120-gelules-vegetales\\\/\",\"url\":\"https:\\\/\\\/ecosupplements.be\\\/fr\\\/produit\\\/acide-alpha-lipoique-250mg-120-gelules-vegetales\\\/\",\"name\":\"Acide Alpha-Lipo\u00efque, 250mg - 120 g\u00e9lules v\u00e9g\u00e9tales - ECO Supplements\",\"isPartOf\":{\"@id\":\"https:\\\/\\\/ecosupplements.be\\\/fr\\\/#website\"},\"primaryImageOfPage\":{\"@id\":\"https:\\\/\\\/ecosupplements.be\\\/fr\\\/produit\\\/acide-alpha-lipoique-250mg-120-gelules-vegetales\\\/#primaryimage\"},\"image\":{\"@id\":\"https:\\\/\\\/ecosupplements.be\\\/fr\\\/produit\\\/acide-alpha-lipoique-250mg-120-gelules-vegetales\\\/#primaryimage\"},\"thumbnailUrl\":\"https:\\\/\\\/ecosupplements.be\\\/wp-content\\\/uploads\\\/2025\\\/08\\\/NOW-Foods-Alpha-Lipoic-Acid-250mg-120-vcaps.jpg\",\"datePublished\":\"2022-06-28T09:21:05+00:00\",\"dateModified\":\"2025-08-27T13:45:17+00:00\",\"description\":\"Wij hebben een ruime keuze aan producten van Acide Alpha-Lipo\u00efque, 250mg - 120 g\u00e9lules v\u00e9g\u00e9tales . Winkel bij Eco Supplements altijd gratis verzending boven 100\u20ac\",\"breadcrumb\":{\"@id\":\"https:\\\/\\\/ecosupplements.be\\\/fr\\\/produit\\\/acide-alpha-lipoique-250mg-120-gelules-vegetales\\\/#breadcrumb\"},\"inLanguage\":\"fr-FR\",\"potentialAction\":[{\"@type\":\"ReadAction\",\"target\":[\"https:\\\/\\\/ecosupplements.be\\\/fr\\\/produit\\\/acide-alpha-lipoique-250mg-120-gelules-vegetales\\\/\"]}]},{\"@type\":\"ImageObject\",\"inLanguage\":\"fr-FR\",\"@id\":\"https:\\\/\\\/ecosupplements.be\\\/fr\\\/produit\\\/acide-alpha-lipoique-250mg-120-gelules-vegetales\\\/#primaryimage\",\"url\":\"https:\\\/\\\/ecosupplements.be\\\/wp-content\\\/uploads\\\/2025\\\/08\\\/NOW-Foods-Alpha-Lipoic-Acid-250mg-120-vcaps.jpg\",\"contentUrl\":\"https:\\\/\\\/ecosupplements.be\\\/wp-content\\\/uploads\\\/2025\\\/08\\\/NOW-Foods-Alpha-Lipoic-Acid-250mg-120-vcaps.jpg\",\"width\":750,\"height\":750},{\"@type\":\"BreadcrumbList\",\"@id\":\"https:\\\/\\\/ecosupplements.be\\\/fr\\\/produit\\\/acide-alpha-lipoique-250mg-120-gelules-vegetales\\\/#breadcrumb\",\"itemListElement\":[{\"@type\":\"ListItem\",\"position\":1,\"name\":\"Home\",\"item\":\"https:\\\/\\\/ecosupplements.be\\\/fr\\\/\"},{\"@type\":\"ListItem\",\"position\":2,\"name\":\"Boutique\",\"item\":\"https:\\\/\\\/ecosupplements.be\\\/fr\\\/boutique\\\/\"},{\"@type\":\"ListItem\",\"position\":3,\"name\":\"Acide Alpha-Lipo\u00efque, 250mg &#8211; 120 g\u00e9lules v\u00e9g\u00e9tales\"}]},{\"@type\":\"WebSite\",\"@id\":\"https:\\\/\\\/ecosupplements.be\\\/fr\\\/#website\",\"url\":\"https:\\\/\\\/ecosupplements.be\\\/fr\\\/\",\"name\":\"ECO Supplements\",\"description\":\"Eco Supplements - Gezonde supplementen\",\"publisher\":{\"@id\":\"https:\\\/\\\/ecosupplements.be\\\/fr\\\/#organization\"},\"potentialAction\":[{\"@type\":\"SearchAction\",\"target\":{\"@type\":\"EntryPoint\",\"urlTemplate\":\"https:\\\/\\\/ecosupplements.be\\\/fr\\\/?s={search_term_string}\"},\"query-input\":{\"@type\":\"PropertyValueSpecification\",\"valueRequired\":true,\"valueName\":\"search_term_string\"}}],\"inLanguage\":\"fr-FR\"},{\"@type\":\"Organization\",\"@id\":\"https:\\\/\\\/ecosupplements.be\\\/fr\\\/#organization\",\"name\":\"Eco Supplements\",\"url\":\"https:\\\/\\\/ecosupplements.be\\\/fr\\\/\",\"logo\":{\"@type\":\"ImageObject\",\"inLanguage\":\"fr-FR\",\"@id\":\"https:\\\/\\\/ecosupplements.be\\\/fr\\\/#\\\/schema\\\/logo\\\/image\\\/\",\"url\":\"https:\\\/\\\/ecosupplements.be\\\/wp-content\\\/uploads\\\/2022\\\/06\\\/ecosupplement-family.png\",\"contentUrl\":\"https:\\\/\\\/ecosupplements.be\\\/wp-content\\\/uploads\\\/2022\\\/06\\\/ecosupplement-family.png\",\"width\":593,\"height\":374,\"caption\":\"Eco Supplements\"},\"image\":{\"@id\":\"https:\\\/\\\/ecosupplements.be\\\/fr\\\/#\\\/schema\\\/logo\\\/image\\\/\"}}]}<\/script>\n<meta property=\"product:brand\" content=\"NOW Foods\" \/>\n<meta property=\"product:price:amount\" content=\"34.50\" \/>\n<meta property=\"product:price:currency\" content=\"EUR\" \/>\n<meta property=\"og:availability\" content=\"instock\" \/>\n<meta property=\"product:availability\" content=\"instock\" \/>\n<meta property=\"product:retailer_item_id\" content=\"733739030436\" \/>\n<meta property=\"product:condition\" content=\"new\" \/>\n<!-- \/ Yoast SEO Premium plugin. -->","yoast_head_json":{"title":"Acide Alpha-Lipo\u00efque, 250mg - 120 g\u00e9lules v\u00e9g\u00e9tales - ECO Supplements","description":"Wij hebben een ruime keuze aan producten van Acide Alpha-Lipo\u00efque, 250mg - 120 g\u00e9lules v\u00e9g\u00e9tales . Winkel bij Eco Supplements altijd gratis verzending boven 100\u20ac","robots":{"index":"index","follow":"follow","max-snippet":"max-snippet:-1","max-image-preview":"max-image-preview:large","max-video-preview":"max-video-preview:-1"},"canonical":"https:\/\/ecosupplements.be\/fr\/produit\/acide-alpha-lipoique-250mg-120-gelules-vegetales\/","og_locale":"fr_FR","og_type":"article","og_title":"Acide Alpha-Lipo\u00efque, 250mg - 120 g\u00e9lules v\u00e9g\u00e9tales","og_description":"Wij hebben een ruime keuze aan producten van Acide Alpha-Lipo\u00efque, 250mg - 120 g\u00e9lules v\u00e9g\u00e9tales . Winkel bij Eco Supplements altijd gratis verzending boven 100\u20ac","og_url":"https:\/\/ecosupplements.be\/fr\/produit\/acide-alpha-lipoique-250mg-120-gelules-vegetales\/","og_site_name":"ECO Supplements","article_modified_time":"2025-08-27T13:45:17+00:00","og_image":[{"width":494,"height":880,"url":"https:\/\/ecosupplements.be\/wp-content\/uploads\/2025\/08\/Alpha-Lipoic-Acid-250mg-120-vcaps.jpg","type":"image\/jpeg"}],"twitter_card":"summary_large_image","twitter_misc":{"Prix":"34.50&nbsp;&euro;","Disponibilit\u00e9":"En stock"},"schema":{"@context":"https:\/\/schema.org","@graph":[{"@type":["WebPage","ItemPage"],"@id":"https:\/\/ecosupplements.be\/fr\/produit\/acide-alpha-lipoique-250mg-120-gelules-vegetales\/","url":"https:\/\/ecosupplements.be\/fr\/produit\/acide-alpha-lipoique-250mg-120-gelules-vegetales\/","name":"Acide Alpha-Lipo\u00efque, 250mg - 120 g\u00e9lules v\u00e9g\u00e9tales - ECO Supplements","isPartOf":{"@id":"https:\/\/ecosupplements.be\/fr\/#website"},"primaryImageOfPage":{"@id":"https:\/\/ecosupplements.be\/fr\/produit\/acide-alpha-lipoique-250mg-120-gelules-vegetales\/#primaryimage"},"image":{"@id":"https:\/\/ecosupplements.be\/fr\/produit\/acide-alpha-lipoique-250mg-120-gelules-vegetales\/#primaryimage"},"thumbnailUrl":"https:\/\/ecosupplements.be\/wp-content\/uploads\/2025\/08\/NOW-Foods-Alpha-Lipoic-Acid-250mg-120-vcaps.jpg","datePublished":"2022-06-28T09:21:05+00:00","dateModified":"2025-08-27T13:45:17+00:00","description":"Wij hebben een ruime keuze aan producten van Acide Alpha-Lipo\u00efque, 250mg - 120 g\u00e9lules v\u00e9g\u00e9tales . Winkel bij Eco Supplements altijd gratis verzending boven 100\u20ac","breadcrumb":{"@id":"https:\/\/ecosupplements.be\/fr\/produit\/acide-alpha-lipoique-250mg-120-gelules-vegetales\/#breadcrumb"},"inLanguage":"fr-FR","potentialAction":[{"@type":"ReadAction","target":["https:\/\/ecosupplements.be\/fr\/produit\/acide-alpha-lipoique-250mg-120-gelules-vegetales\/"]}]},{"@type":"ImageObject","inLanguage":"fr-FR","@id":"https:\/\/ecosupplements.be\/fr\/produit\/acide-alpha-lipoique-250mg-120-gelules-vegetales\/#primaryimage","url":"https:\/\/ecosupplements.be\/wp-content\/uploads\/2025\/08\/NOW-Foods-Alpha-Lipoic-Acid-250mg-120-vcaps.jpg","contentUrl":"https:\/\/ecosupplements.be\/wp-content\/uploads\/2025\/08\/NOW-Foods-Alpha-Lipoic-Acid-250mg-120-vcaps.jpg","width":750,"height":750},{"@type":"BreadcrumbList","@id":"https:\/\/ecosupplements.be\/fr\/produit\/acide-alpha-lipoique-250mg-120-gelules-vegetales\/#breadcrumb","itemListElement":[{"@type":"ListItem","position":1,"name":"Home","item":"https:\/\/ecosupplements.be\/fr\/"},{"@type":"ListItem","position":2,"name":"Boutique","item":"https:\/\/ecosupplements.be\/fr\/boutique\/"},{"@type":"ListItem","position":3,"name":"Acide Alpha-Lipo\u00efque, 250mg &#8211; 120 g\u00e9lules v\u00e9g\u00e9tales"}]},{"@type":"WebSite","@id":"https:\/\/ecosupplements.be\/fr\/#website","url":"https:\/\/ecosupplements.be\/fr\/","name":"ECO Supplements","description":"Eco Supplements - Gezonde supplementen","publisher":{"@id":"https:\/\/ecosupplements.be\/fr\/#organization"},"potentialAction":[{"@type":"SearchAction","target":{"@type":"EntryPoint","urlTemplate":"https:\/\/ecosupplements.be\/fr\/?s={search_term_string}"},"query-input":{"@type":"PropertyValueSpecification","valueRequired":true,"valueName":"search_term_string"}}],"inLanguage":"fr-FR"},{"@type":"Organization","@id":"https:\/\/ecosupplements.be\/fr\/#organization","name":"Eco Supplements","url":"https:\/\/ecosupplements.be\/fr\/","logo":{"@type":"ImageObject","inLanguage":"fr-FR","@id":"https:\/\/ecosupplements.be\/fr\/#\/schema\/logo\/image\/","url":"https:\/\/ecosupplements.be\/wp-content\/uploads\/2022\/06\/ecosupplement-family.png","contentUrl":"https:\/\/ecosupplements.be\/wp-content\/uploads\/2022\/06\/ecosupplement-family.png","width":593,"height":374,"caption":"Eco Supplements"},"image":{"@id":"https:\/\/ecosupplements.be\/fr\/#\/schema\/logo\/image\/"}}]},"product_brand":"NOW Foods","product_price_amount":"34.50","product_price_currency":"EUR","og_availability":"instock","product_availability":"instock","product_retailer_item_id":"733739030436","product_condition":"new"},"_links":{"self":[{"href":"https:\/\/ecosupplements.be\/fr\/wp-json\/wp\/v2\/product\/288712","targetHints":{"allow":["GET"]}}],"collection":[{"href":"https:\/\/ecosupplements.be\/fr\/wp-json\/wp\/v2\/product"}],"about":[{"href":"https:\/\/ecosupplements.be\/fr\/wp-json\/wp\/v2\/types\/product"}],"replies":[{"embeddable":true,"href":"https:\/\/ecosupplements.be\/fr\/wp-json\/wp\/v2\/comments?post=288712"}],"wp:featuredmedia":[{"embeddable":true,"href":"https:\/\/ecosupplements.be\/fr\/wp-json\/wp\/v2\/media\/248998"}],"wp:attachment":[{"href":"https:\/\/ecosupplements.be\/fr\/wp-json\/wp\/v2\/media?parent=288712"}],"wp:term":[{"taxonomy":"product_brand","embeddable":true,"href":"https:\/\/ecosupplements.be\/fr\/wp-json\/wp\/v2\/product_brand?post=288712"},{"taxonomy":"product_cat","embeddable":true,"href":"https:\/\/ecosupplements.be\/fr\/wp-json\/wp\/v2\/product_cat?post=288712"},{"taxonomy":"product_tag","embeddable":true,"href":"https:\/\/ecosupplements.be\/fr\/wp-json\/wp\/v2\/product_tag?post=288712"}],"curies":[{"name":"wp","href":"https:\/\/api.w.org\/{rel}","templated":true}]}}