{"id":288724,"date":"2022-06-28T10:21:05","date_gmt":"2022-06-28T09:21:05","guid":{"rendered":"https:\/\/ecosupplements.be\/product\/extrait-dandrographis-400mg-90-gelules\/"},"modified":"2025-08-27T14:45:27","modified_gmt":"2025-08-27T13:45:27","slug":"extrait-dandrographis-400mg-90-gelules","status":"publish","type":"product","link":"https:\/\/ecosupplements.be\/fr\/produit\/extrait-dandrographis-400mg-90-gelules\/","title":{"rendered":"Extrait d&#8217;Andrographis, 400mg &#8211; 90 g\u00e9lules"},"content":{"rendered":"<h1>Andrographis\u2062 Extract, 400mg \u2062- 90 vcaps<\/h1>\n<p>Le Andrographis\u200d Extract de NOW Foods est un compl\u00e9ment \u200calimentaire \u00e0 base d&#8217;andrographis, une plante utilis\u00e9e depuis des\u200d si\u00e8cles dans la\u200b m\u00e9decine traditionnelle\u2064 asiatique pour\u2062 ses propri\u00e9t\u00e9s m\u00e9dicinales.\u2063 Chaque g\u00e9lule contient 400mg d&#8217;extrait \u200cd&#8217;andrographis, standardis\u00e9 pour contenir 10%\u200d d&#8217;andographolides, les \u2063principaux \u200bcompos\u00e9s actifs de la plante.<\/p>\n<h2>Caract\u00e9ristiques sp\u00e9ciales:<\/h2>\n<ul>\n<li>Contient 400mg \u200cd&#8217;extrait \u2064d&#8217;andrographis par g\u00e9lule<\/li>\n<li>Standardis\u00e9 pour\u2064 contenir 10% d&#8217;andographolides<\/li>\n<li>Fabriqu\u00e9 \u00e0 \u200bpartir de feuilles d&#8217;andrographis \u2064de haute\u200d qualit\u00e9<\/li>\n<li>Convient aux \u2063v\u00e9g\u00e9tariens et v\u00e9g\u00e9taliens<\/li>\n<li>Ne\u200c contient pas de \u2063gluten, de \u2064bl\u00e9, de soja, de lait, d&#8217;\u0153ufs ou de fruits \u00e0 coque<\/li>\n<\/ul>\n<h2>Ingr\u00e9dients:<\/h2>\n<p>Extrait d&#8217;andrographis (Andrographis paniculata)\u200d (feuille) \u200b(standardis\u00e9 pour contenir 10% d&#8217;andographolides) 400mg, cellulose \u2064(capsule), cellulose en poudre, st\u00e9arate\u2062 de magn\u00e9sium (source v\u00e9g\u00e9tale) \u200bet silice.<\/p>\n<h2>Avantages uniques:<\/h2>\n<p>L&#8217;andrographis est une plante utilis\u00e9e depuis\u200c des si\u00e8cles dans\u2063 la m\u00e9decine \u200btraditionnelle asiatique pour\u200c ses propri\u00e9t\u00e9s m\u00e9dicinales. Elle \u200dest principalement connue pour ses effets b\u00e9n\u00e9fiques sur le syst\u00e8me immunitaire et ses propri\u00e9t\u00e9s anti-inflammatoires. L&#8217;extrait d&#8217;andrographis de \u2063NOW Foods \u2062est standardis\u00e9 pour contenir 10% \u200bd&#8217;andographolides, les principaux compos\u00e9s actifs de la plante, pour \u2063une efficacit\u00e9 maximale.<\/p>\n<p>Ce compl\u00e9ment alimentaire est \u00e9galement fabriqu\u00e9\u200d \u00e0 partir de\u200c feuilles d&#8217;andrographis de haute qualit\u00e9 et ne contient pas d&#8217;ingr\u00e9dients d&#8217;origine animale, ce qui\u2064 le \u2062rend adapt\u00e9\u200c aux v\u00e9g\u00e9tariens et v\u00e9g\u00e9taliens. De plus, il \u2062est\u2062 exempt de nombreux allerg\u00e8nes courants tels\u200b que le gluten,\u200c le bl\u00e9,\u2062 le soja,\u2064 le lait, les \u0153ufs et les\u200b fruits \u00e0 coque, ce qui en\u200c fait un \u2062choix \u2062s\u00fbr pour les personnes ayant\u2062 des sensibilit\u00e9s alimentaires.<\/p>\n<h2>Principales caract\u00e9ristiques:<\/h2>\n<ul>\n<li>Compl\u00e9ment alimentaire \u00e0 base d&#8217;andrographis<\/li>\n<li>Standardis\u00e9 pour contenir 10% d&#8217;andographolides<\/li>\n<li>Effets \u2062b\u00e9n\u00e9fiques sur\u2062 le syst\u00e8me immunitaire et propri\u00e9t\u00e9s\u200c anti-inflammatoires<\/li>\n<li>Fabriqu\u00e9 \u00e0\u2062 partir de feuilles d&#8217;andrographis de haute qualit\u00e9<\/li>\n<li>Convient \u2062aux v\u00e9g\u00e9tariens et v\u00e9g\u00e9taliens<\/li>\n<li>Exempt de nombreux allerg\u00e8nes courants<\/li>\n<\/ul>\n<p>Ajoutez le \u2062Andrographis Extract \u200bde NOW Foods \u2064\u00e0\u200c votre routine quotidienne pour soutenir\u2064 votre syst\u00e8me immunitaire et profiter des bienfaits \u2064de \u200ccette plante m\u00e9dicinale traditionnelle asiatique.<\/p>\n","protected":false},"excerpt":{"rendered":"<p>Andrographis\u2062 Extract, 400mg \u2062- 90 vcaps Le Andrographis\u200d Extract de NOW Foods est un compl\u00e9ment \u200calimentaire \u00e0 base d&#8217;andrographis, une plante utilis\u00e9e depuis des\u200d si\u00e8cles dans la\u200b m\u00e9decine traditionnelle\u2064 asiatique pour\u2062 ses propri\u00e9t\u00e9s m\u00e9dicinales.\u2063 Chaque g\u00e9lule contient 400mg d&#8217;extrait \u200cd&#8217;andrographis, standardis\u00e9 pour contenir 10%\u200d d&#8217;andographolides, les \u2063principaux \u200bcompos\u00e9s actifs de la plante. Caract\u00e9ristiques sp\u00e9ciales: Contient [&#8230;]\n","protected":false},"featured_media":249039,"comment_status":"open","ping_status":"open","template":"","meta":[],"product_brand":[4733,4734],"product_cat":[5054,5055,5052,5053],"product_tag":[],"class_list":{"0":"post-288724","1":"product","2":"type-product","3":"status-publish","4":"has-post-thumbnail","6":"product_brand-now-foods-2","7":"product_brand-nownow-foods-2","8":"product_cat-nourriture-saine","9":"product_cat-produits-vegetaliens","10":"product_cat-sante-et-bien-etre","11":"product_cat-vitamines-et-mineraux","13":"first","14":"instock","15":"taxable","16":"shipping-taxable","17":"purchasable","18":"product-type-simple"},"yoast_head":"<!-- This site is optimized with the Yoast SEO Premium plugin v27.3 (Yoast SEO v27.3) - https:\/\/yoast.com\/product\/yoast-seo-premium-wordpress\/ -->\n<title>Extrait d&#039;Andrographis, 400mg - 90 g\u00e9lules - ECO Supplements<\/title>\n<meta name=\"description\" content=\"Wij hebben een ruime keuze aan producten van Extrait d&#039;Andrographis, 400mg - 90 g\u00e9lules . Winkel bij Eco Supplements altijd gratis verzending boven 100\u20ac\" \/>\n<meta name=\"robots\" content=\"index, follow, max-snippet:-1, max-image-preview:large, max-video-preview:-1\" \/>\n<link rel=\"canonical\" href=\"https:\/\/ecosupplements.be\/fr\/produit\/extrait-dandrographis-400mg-90-gelules\/\" \/>\n<meta property=\"og:locale\" content=\"fr_FR\" \/>\n<meta property=\"og:type\" content=\"article\" \/>\n<meta property=\"og:title\" content=\"Extrait d&#039;Andrographis, 400mg - 90 g\u00e9lules\" \/>\n<meta property=\"og:description\" content=\"Wij hebben een ruime keuze aan producten van Extrait d&#039;Andrographis, 400mg - 90 g\u00e9lules . Winkel bij Eco Supplements altijd gratis verzending boven 100\u20ac\" \/>\n<meta property=\"og:url\" content=\"https:\/\/ecosupplements.be\/fr\/produit\/extrait-dandrographis-400mg-90-gelules\/\" \/>\n<meta property=\"og:site_name\" content=\"ECO Supplements\" \/>\n<meta property=\"article:modified_time\" content=\"2025-08-27T13:45:27+00:00\" \/>\n<meta property=\"og:image\" content=\"https:\/\/ecosupplements.be\/wp-content\/uploads\/2025\/08\/Andrographis-Extract-400mg-90-vcaps.jpg\" \/>\n\t<meta property=\"og:image:width\" content=\"421\" \/>\n\t<meta property=\"og:image:height\" content=\"880\" \/>\n\t<meta property=\"og:image:type\" content=\"image\/jpeg\" \/>\n<meta name=\"twitter:card\" content=\"summary_large_image\" \/>\n<meta name=\"twitter:label1\" content=\"Prix\" \/>\n\t<meta name=\"twitter:data1\" content=\"17.44&nbsp;&euro;\" \/>\n\t<meta name=\"twitter:label2\" content=\"Disponibilit\u00e9\" \/>\n\t<meta name=\"twitter:data2\" content=\"En stock\" \/>\n<script type=\"application\/ld+json\" class=\"yoast-schema-graph\">{\"@context\":\"https:\\\/\\\/schema.org\",\"@graph\":[{\"@type\":[\"WebPage\",\"ItemPage\"],\"@id\":\"https:\\\/\\\/ecosupplements.be\\\/fr\\\/produit\\\/extrait-dandrographis-400mg-90-gelules\\\/\",\"url\":\"https:\\\/\\\/ecosupplements.be\\\/fr\\\/produit\\\/extrait-dandrographis-400mg-90-gelules\\\/\",\"name\":\"Extrait d'Andrographis, 400mg - 90 g\u00e9lules - ECO Supplements\",\"isPartOf\":{\"@id\":\"https:\\\/\\\/ecosupplements.be\\\/fr\\\/#website\"},\"primaryImageOfPage\":{\"@id\":\"https:\\\/\\\/ecosupplements.be\\\/fr\\\/produit\\\/extrait-dandrographis-400mg-90-gelules\\\/#primaryimage\"},\"image\":{\"@id\":\"https:\\\/\\\/ecosupplements.be\\\/fr\\\/produit\\\/extrait-dandrographis-400mg-90-gelules\\\/#primaryimage\"},\"thumbnailUrl\":\"https:\\\/\\\/ecosupplements.be\\\/wp-content\\\/uploads\\\/2025\\\/08\\\/NOW-Foods-Andrographis-Extract-400mg-90-vcaps.jpg\",\"datePublished\":\"2022-06-28T09:21:05+00:00\",\"dateModified\":\"2025-08-27T13:45:27+00:00\",\"description\":\"Wij hebben een ruime keuze aan producten van Extrait d'Andrographis, 400mg - 90 g\u00e9lules . Winkel bij Eco Supplements altijd gratis verzending boven 100\u20ac\",\"breadcrumb\":{\"@id\":\"https:\\\/\\\/ecosupplements.be\\\/fr\\\/produit\\\/extrait-dandrographis-400mg-90-gelules\\\/#breadcrumb\"},\"inLanguage\":\"fr-FR\",\"potentialAction\":[{\"@type\":\"ReadAction\",\"target\":[\"https:\\\/\\\/ecosupplements.be\\\/fr\\\/produit\\\/extrait-dandrographis-400mg-90-gelules\\\/\"]}]},{\"@type\":\"ImageObject\",\"inLanguage\":\"fr-FR\",\"@id\":\"https:\\\/\\\/ecosupplements.be\\\/fr\\\/produit\\\/extrait-dandrographis-400mg-90-gelules\\\/#primaryimage\",\"url\":\"https:\\\/\\\/ecosupplements.be\\\/wp-content\\\/uploads\\\/2025\\\/08\\\/NOW-Foods-Andrographis-Extract-400mg-90-vcaps.jpg\",\"contentUrl\":\"https:\\\/\\\/ecosupplements.be\\\/wp-content\\\/uploads\\\/2025\\\/08\\\/NOW-Foods-Andrographis-Extract-400mg-90-vcaps.jpg\",\"width\":750,\"height\":750},{\"@type\":\"BreadcrumbList\",\"@id\":\"https:\\\/\\\/ecosupplements.be\\\/fr\\\/produit\\\/extrait-dandrographis-400mg-90-gelules\\\/#breadcrumb\",\"itemListElement\":[{\"@type\":\"ListItem\",\"position\":1,\"name\":\"Home\",\"item\":\"https:\\\/\\\/ecosupplements.be\\\/fr\\\/\"},{\"@type\":\"ListItem\",\"position\":2,\"name\":\"Boutique\",\"item\":\"https:\\\/\\\/ecosupplements.be\\\/fr\\\/boutique\\\/\"},{\"@type\":\"ListItem\",\"position\":3,\"name\":\"Extrait d&#8217;Andrographis, 400mg &#8211; 90 g\u00e9lules\"}]},{\"@type\":\"WebSite\",\"@id\":\"https:\\\/\\\/ecosupplements.be\\\/fr\\\/#website\",\"url\":\"https:\\\/\\\/ecosupplements.be\\\/fr\\\/\",\"name\":\"ECO Supplements\",\"description\":\"Eco Supplements - Gezonde supplementen\",\"publisher\":{\"@id\":\"https:\\\/\\\/ecosupplements.be\\\/fr\\\/#organization\"},\"potentialAction\":[{\"@type\":\"SearchAction\",\"target\":{\"@type\":\"EntryPoint\",\"urlTemplate\":\"https:\\\/\\\/ecosupplements.be\\\/fr\\\/?s={search_term_string}\"},\"query-input\":{\"@type\":\"PropertyValueSpecification\",\"valueRequired\":true,\"valueName\":\"search_term_string\"}}],\"inLanguage\":\"fr-FR\"},{\"@type\":\"Organization\",\"@id\":\"https:\\\/\\\/ecosupplements.be\\\/fr\\\/#organization\",\"name\":\"Eco Supplements\",\"url\":\"https:\\\/\\\/ecosupplements.be\\\/fr\\\/\",\"logo\":{\"@type\":\"ImageObject\",\"inLanguage\":\"fr-FR\",\"@id\":\"https:\\\/\\\/ecosupplements.be\\\/fr\\\/#\\\/schema\\\/logo\\\/image\\\/\",\"url\":\"https:\\\/\\\/ecosupplements.be\\\/wp-content\\\/uploads\\\/2022\\\/06\\\/ecosupplement-family.png\",\"contentUrl\":\"https:\\\/\\\/ecosupplements.be\\\/wp-content\\\/uploads\\\/2022\\\/06\\\/ecosupplement-family.png\",\"width\":593,\"height\":374,\"caption\":\"Eco Supplements\"},\"image\":{\"@id\":\"https:\\\/\\\/ecosupplements.be\\\/fr\\\/#\\\/schema\\\/logo\\\/image\\\/\"}}]}<\/script>\n<meta property=\"product:brand\" content=\"NOW Foods\" \/>\n<meta property=\"product:price:amount\" content=\"17.44\" \/>\n<meta property=\"product:price:currency\" content=\"EUR\" \/>\n<meta property=\"og:availability\" content=\"instock\" \/>\n<meta property=\"product:availability\" content=\"instock\" \/>\n<meta property=\"product:retailer_item_id\" content=\"733739045911\" \/>\n<meta property=\"product:condition\" content=\"new\" \/>\n<!-- \/ Yoast SEO Premium plugin. -->","yoast_head_json":{"title":"Extrait d'Andrographis, 400mg - 90 g\u00e9lules - ECO Supplements","description":"Wij hebben een ruime keuze aan producten van Extrait d'Andrographis, 400mg - 90 g\u00e9lules . Winkel bij Eco Supplements altijd gratis verzending boven 100\u20ac","robots":{"index":"index","follow":"follow","max-snippet":"max-snippet:-1","max-image-preview":"max-image-preview:large","max-video-preview":"max-video-preview:-1"},"canonical":"https:\/\/ecosupplements.be\/fr\/produit\/extrait-dandrographis-400mg-90-gelules\/","og_locale":"fr_FR","og_type":"article","og_title":"Extrait d'Andrographis, 400mg - 90 g\u00e9lules","og_description":"Wij hebben een ruime keuze aan producten van Extrait d'Andrographis, 400mg - 90 g\u00e9lules . Winkel bij Eco Supplements altijd gratis verzending boven 100\u20ac","og_url":"https:\/\/ecosupplements.be\/fr\/produit\/extrait-dandrographis-400mg-90-gelules\/","og_site_name":"ECO Supplements","article_modified_time":"2025-08-27T13:45:27+00:00","og_image":[{"width":421,"height":880,"url":"https:\/\/ecosupplements.be\/wp-content\/uploads\/2025\/08\/Andrographis-Extract-400mg-90-vcaps.jpg","type":"image\/jpeg"}],"twitter_card":"summary_large_image","twitter_misc":{"Prix":"17.44&nbsp;&euro;","Disponibilit\u00e9":"En stock"},"schema":{"@context":"https:\/\/schema.org","@graph":[{"@type":["WebPage","ItemPage"],"@id":"https:\/\/ecosupplements.be\/fr\/produit\/extrait-dandrographis-400mg-90-gelules\/","url":"https:\/\/ecosupplements.be\/fr\/produit\/extrait-dandrographis-400mg-90-gelules\/","name":"Extrait d'Andrographis, 400mg - 90 g\u00e9lules - ECO Supplements","isPartOf":{"@id":"https:\/\/ecosupplements.be\/fr\/#website"},"primaryImageOfPage":{"@id":"https:\/\/ecosupplements.be\/fr\/produit\/extrait-dandrographis-400mg-90-gelules\/#primaryimage"},"image":{"@id":"https:\/\/ecosupplements.be\/fr\/produit\/extrait-dandrographis-400mg-90-gelules\/#primaryimage"},"thumbnailUrl":"https:\/\/ecosupplements.be\/wp-content\/uploads\/2025\/08\/NOW-Foods-Andrographis-Extract-400mg-90-vcaps.jpg","datePublished":"2022-06-28T09:21:05+00:00","dateModified":"2025-08-27T13:45:27+00:00","description":"Wij hebben een ruime keuze aan producten van Extrait d'Andrographis, 400mg - 90 g\u00e9lules . Winkel bij Eco Supplements altijd gratis verzending boven 100\u20ac","breadcrumb":{"@id":"https:\/\/ecosupplements.be\/fr\/produit\/extrait-dandrographis-400mg-90-gelules\/#breadcrumb"},"inLanguage":"fr-FR","potentialAction":[{"@type":"ReadAction","target":["https:\/\/ecosupplements.be\/fr\/produit\/extrait-dandrographis-400mg-90-gelules\/"]}]},{"@type":"ImageObject","inLanguage":"fr-FR","@id":"https:\/\/ecosupplements.be\/fr\/produit\/extrait-dandrographis-400mg-90-gelules\/#primaryimage","url":"https:\/\/ecosupplements.be\/wp-content\/uploads\/2025\/08\/NOW-Foods-Andrographis-Extract-400mg-90-vcaps.jpg","contentUrl":"https:\/\/ecosupplements.be\/wp-content\/uploads\/2025\/08\/NOW-Foods-Andrographis-Extract-400mg-90-vcaps.jpg","width":750,"height":750},{"@type":"BreadcrumbList","@id":"https:\/\/ecosupplements.be\/fr\/produit\/extrait-dandrographis-400mg-90-gelules\/#breadcrumb","itemListElement":[{"@type":"ListItem","position":1,"name":"Home","item":"https:\/\/ecosupplements.be\/fr\/"},{"@type":"ListItem","position":2,"name":"Boutique","item":"https:\/\/ecosupplements.be\/fr\/boutique\/"},{"@type":"ListItem","position":3,"name":"Extrait d&#8217;Andrographis, 400mg &#8211; 90 g\u00e9lules"}]},{"@type":"WebSite","@id":"https:\/\/ecosupplements.be\/fr\/#website","url":"https:\/\/ecosupplements.be\/fr\/","name":"ECO Supplements","description":"Eco Supplements - Gezonde supplementen","publisher":{"@id":"https:\/\/ecosupplements.be\/fr\/#organization"},"potentialAction":[{"@type":"SearchAction","target":{"@type":"EntryPoint","urlTemplate":"https:\/\/ecosupplements.be\/fr\/?s={search_term_string}"},"query-input":{"@type":"PropertyValueSpecification","valueRequired":true,"valueName":"search_term_string"}}],"inLanguage":"fr-FR"},{"@type":"Organization","@id":"https:\/\/ecosupplements.be\/fr\/#organization","name":"Eco Supplements","url":"https:\/\/ecosupplements.be\/fr\/","logo":{"@type":"ImageObject","inLanguage":"fr-FR","@id":"https:\/\/ecosupplements.be\/fr\/#\/schema\/logo\/image\/","url":"https:\/\/ecosupplements.be\/wp-content\/uploads\/2022\/06\/ecosupplement-family.png","contentUrl":"https:\/\/ecosupplements.be\/wp-content\/uploads\/2022\/06\/ecosupplement-family.png","width":593,"height":374,"caption":"Eco Supplements"},"image":{"@id":"https:\/\/ecosupplements.be\/fr\/#\/schema\/logo\/image\/"}}]},"product_brand":"NOW Foods","product_price_amount":"17.44","product_price_currency":"EUR","og_availability":"instock","product_availability":"instock","product_retailer_item_id":"733739045911","product_condition":"new"},"_links":{"self":[{"href":"https:\/\/ecosupplements.be\/fr\/wp-json\/wp\/v2\/product\/288724","targetHints":{"allow":["GET"]}}],"collection":[{"href":"https:\/\/ecosupplements.be\/fr\/wp-json\/wp\/v2\/product"}],"about":[{"href":"https:\/\/ecosupplements.be\/fr\/wp-json\/wp\/v2\/types\/product"}],"replies":[{"embeddable":true,"href":"https:\/\/ecosupplements.be\/fr\/wp-json\/wp\/v2\/comments?post=288724"}],"wp:featuredmedia":[{"embeddable":true,"href":"https:\/\/ecosupplements.be\/fr\/wp-json\/wp\/v2\/media\/249039"}],"wp:attachment":[{"href":"https:\/\/ecosupplements.be\/fr\/wp-json\/wp\/v2\/media?parent=288724"}],"wp:term":[{"taxonomy":"product_brand","embeddable":true,"href":"https:\/\/ecosupplements.be\/fr\/wp-json\/wp\/v2\/product_brand?post=288724"},{"taxonomy":"product_cat","embeddable":true,"href":"https:\/\/ecosupplements.be\/fr\/wp-json\/wp\/v2\/product_cat?post=288724"},{"taxonomy":"product_tag","embeddable":true,"href":"https:\/\/ecosupplements.be\/fr\/wp-json\/wp\/v2\/product_tag?post=288724"}],"curies":[{"name":"wp","href":"https:\/\/api.w.org\/{rel}","templated":true}]}}