{"id":288727,"date":"2022-06-28T10:03:00","date_gmt":"2022-06-28T09:03:00","guid":{"rendered":"https:\/\/ecosupplements.be\/product\/vinaigre-de-cidre-de-pomme-450mg-180-gelules\/"},"modified":"2025-08-27T14:45:30","modified_gmt":"2025-08-27T13:45:30","slug":"vinaigre-de-cidre-de-pomme-450mg-180-gelules","status":"publish","type":"product","link":"https:\/\/ecosupplements.be\/fr\/produit\/vinaigre-de-cidre-de-pomme-450mg-180-gelules\/","title":{"rendered":"Vinaigre de cidre de pomme, 450mg &#8211; 180 g\u00e9lules"},"content":{"rendered":"<h1>D\u00e9couvrez les bienfaits de l&#8217;Apple Cider \u200cVinegar de \u200dNOW \u200cFoods<\/h1>\n<p>L&#8217;Apple Cider \u200bVinegar \u2062de NOW Foods est un compl\u00e9ment alimentaire\u2064 \u00e0 base de vinaigre de cidre\u200c de pomme, connu pour ses \u2062nombreux bienfaits pour la \u2064sant\u00e9. Chaque g\u00e9lule contient 450mg de \u200bvinaigre de cidre de pomme de qualit\u00e9 sup\u00e9rieure, provenant des \u00c9tats-Unis.<\/p>\n<h2>Les caract\u00e9ristiques sp\u00e9ciales \u2062de\u200d l&#8217;Apple\u2063 Cider Vinegar \u2064de NOW Foods<\/h2>\n<ul>\n<li>Contient 450mg de vinaigre de \u2062cidre de pomme par g\u00e9lule<\/li>\n<li>Fabriqu\u00e9 \u00e0\u2064 partir \u200cde vinaigre de \u2064cidre\u2064 de pomme de qualit\u00e9 sup\u00e9rieure<\/li>\n<li>Provenant des\u2062 \u00c9tats-Unis<\/li>\n<li>Convient aux v\u00e9g\u00e9tariens et v\u00e9g\u00e9taliens<\/li>\n<li>Ne contient pas \u200dde gluten, de bl\u00e9, de soja, de lait, d&#8217;\u0153ufs, de poisson, de \u200cfruits \u200bde mer ou d&#8217;ingr\u00e9dients artificiels<\/li>\n<\/ul>\n<h2>Ingr\u00e9dients\u2064 cl\u00e9s<\/h2>\n<p>L&#8217;Apple Cider Vinegar de NOW Foods est compos\u00e9 \u2062d&#8217;un seul ingr\u00e9dient :\u200c du vinaigre de cidre de \u2062pomme. Ce vinaigre \u2064est obtenu \u00e0 partir\u2064 de pommes fra\u00eeches et m\u00fbres, ferment\u00e9es et transform\u00e9es en vinaigre. Il contient naturellement des acides ac\u00e9tique, malique et \u200dcitrique, ainsi \u2062que des \u200benzymes et des probiotiques b\u00e9n\u00e9fiques\u2064 pour la sant\u00e9.<\/p>\n<h2>Les\u2062 avantages uniques de \u200dl&#8217;Apple Cider Vinegar de NOW Foods<\/h2>\n<p>L&#8217;Apple Cider Vinegar de NOW\u200c Foods \u200cest \u2063un compl\u00e9ment alimentaire polyvalent qui peut \u00eatre \u200cb\u00e9n\u00e9fique pour \u2062la sant\u00e9\u200b de diff\u00e9rentes mani\u00e8res :<\/p>\n<ul>\n<li>Peut aider \u00e0 maintenir\u2063 un taux de\u200d glyc\u00e9mie sain<\/li>\n<li>Peut \u2063soutenir la digestion et la sant\u00e9 gastro-intestinale<\/li>\n<li>Peut aider \u00e0 maintenir un syst\u00e8me\u200d immunitaire fort<\/li>\n<li>Peut contribuer \u00e0 \u2063une peau saine\u2064 et \u00e9clatante<\/li>\n<li>Peut aider \u00e0 maintenir un poids sant\u00e9<\/li>\n<\/ul>\n<h2>Comment prendre l&#8217;Apple Cider Vinegar de NOW Foods<\/h2>\n<p>Pour profiter des bienfaits de l&#8217;Apple Cider Vinegar de NOW Foods, il est recommand\u00e9\u2064 de\u2063 prendre 1 \u2063g\u00e9lule 1 \u00e0 2 fois par jour, de pr\u00e9f\u00e9rence avec \u200cun\u200b repas.<\/p>\n<p>Ne d\u00e9passez pas la dose recommand\u00e9e. Consultez votre m\u00e9decin avant de prendre ce compl\u00e9ment \u2063alimentaire si \u2063vous \u00eates enceinte, allaitez, \u200dprenez \u200bdes m\u00e9dicaments ou \u2064si vous \u200cavez\u2063 un \u200cprobl\u00e8me de sant\u00e9.<\/p>\n<p>Offrez \u00e0 votre corps les bienfaits de\u2062 l&#8217;Apple Cider Vinegar \u2063de \u2062NOW \u2064Foods \u200bd\u00e8s aujourd&#8217;hui !<\/p>\n","protected":false},"excerpt":{"rendered":"<p>D\u00e9couvrez les bienfaits de l&#8217;Apple Cider \u200cVinegar de \u200dNOW \u200cFoods L&#8217;Apple Cider \u200bVinegar \u2062de NOW Foods est un compl\u00e9ment alimentaire\u2064 \u00e0 base de vinaigre de cidre\u200c de pomme, connu pour ses \u2062nombreux bienfaits pour la \u2064sant\u00e9. Chaque g\u00e9lule contient 450mg de \u200bvinaigre de cidre de pomme de qualit\u00e9 sup\u00e9rieure, provenant des \u00c9tats-Unis. Les caract\u00e9ristiques sp\u00e9ciales [&#8230;]\n","protected":false},"featured_media":240882,"comment_status":"open","ping_status":"open","template":"","meta":[],"product_brand":[4733,4734],"product_cat":[5054,5055,5053],"product_tag":[],"class_list":{"0":"post-288727","1":"product","2":"type-product","3":"status-publish","4":"has-post-thumbnail","6":"product_brand-now-foods-2","7":"product_brand-nownow-foods-2","8":"product_cat-nourriture-saine","9":"product_cat-produits-vegetaliens","10":"product_cat-vitamines-et-mineraux","12":"first","13":"instock","14":"taxable","15":"shipping-taxable","16":"purchasable","17":"product-type-simple"},"yoast_head":"<!-- This site is optimized with the Yoast SEO Premium plugin v27.5 (Yoast SEO v27.5) - https:\/\/yoast.com\/product\/yoast-seo-premium-wordpress\/ -->\n<title>Vinaigre de cidre de pomme, 450mg - 180 g\u00e9lules - ECO Supplements<\/title>\n<meta name=\"description\" content=\"Wij hebben een ruime keuze aan producten van Vinaigre de cidre de pomme, 450mg - 180 g\u00e9lules . Winkel bij Eco Supplements altijd gratis verzending boven 100\u20ac\" \/>\n<meta name=\"robots\" content=\"index, follow, max-snippet:-1, max-image-preview:large, max-video-preview:-1\" \/>\n<link rel=\"canonical\" href=\"https:\/\/ecosupplements.be\/fr\/produit\/vinaigre-de-cidre-de-pomme-450mg-180-gelules\/\" \/>\n<meta property=\"og:locale\" content=\"fr_FR\" \/>\n<meta property=\"og:type\" content=\"article\" \/>\n<meta property=\"og:title\" content=\"Vinaigre de cidre de pomme, 450mg - 180 g\u00e9lules\" \/>\n<meta property=\"og:description\" content=\"Wij hebben een ruime keuze aan producten van Vinaigre de cidre de pomme, 450mg - 180 g\u00e9lules . Winkel bij Eco Supplements altijd gratis verzending boven 100\u20ac\" \/>\n<meta property=\"og:url\" content=\"https:\/\/ecosupplements.be\/fr\/produit\/vinaigre-de-cidre-de-pomme-450mg-180-gelules\/\" \/>\n<meta property=\"og:site_name\" content=\"ECO Supplements\" \/>\n<meta property=\"article:modified_time\" content=\"2025-08-27T13:45:30+00:00\" \/>\n<meta property=\"og:image\" content=\"https:\/\/ecosupplements.be\/wp-content\/uploads\/2025\/08\/Apple-Cider-Vinegar-450mg-180-vcaps.jpg\" \/>\n\t<meta property=\"og:image:width\" content=\"488\" \/>\n\t<meta property=\"og:image:height\" content=\"880\" \/>\n\t<meta property=\"og:image:type\" content=\"image\/jpeg\" \/>\n<meta name=\"twitter:card\" content=\"summary_large_image\" \/>\n<meta name=\"twitter:label1\" content=\"Prix\" \/>\n\t<meta name=\"twitter:data1\" content=\"18.59&nbsp;&euro;\" \/>\n\t<meta name=\"twitter:label2\" content=\"Disponibilit\u00e9\" \/>\n\t<meta name=\"twitter:data2\" content=\"En stock\" \/>\n<script type=\"application\/ld+json\" class=\"yoast-schema-graph\">{\"@context\":\"https:\\\/\\\/schema.org\",\"@graph\":[{\"@type\":[\"WebPage\",\"ItemPage\"],\"@id\":\"https:\\\/\\\/ecosupplements.be\\\/fr\\\/produit\\\/vinaigre-de-cidre-de-pomme-450mg-180-gelules\\\/\",\"url\":\"https:\\\/\\\/ecosupplements.be\\\/fr\\\/produit\\\/vinaigre-de-cidre-de-pomme-450mg-180-gelules\\\/\",\"name\":\"Vinaigre de cidre de pomme, 450mg - 180 g\u00e9lules - ECO Supplements\",\"isPartOf\":{\"@id\":\"https:\\\/\\\/ecosupplements.be\\\/fr\\\/#website\"},\"primaryImageOfPage\":{\"@id\":\"https:\\\/\\\/ecosupplements.be\\\/fr\\\/produit\\\/vinaigre-de-cidre-de-pomme-450mg-180-gelules\\\/#primaryimage\"},\"image\":{\"@id\":\"https:\\\/\\\/ecosupplements.be\\\/fr\\\/produit\\\/vinaigre-de-cidre-de-pomme-450mg-180-gelules\\\/#primaryimage\"},\"thumbnailUrl\":\"https:\\\/\\\/ecosupplements.be\\\/wp-content\\\/uploads\\\/2025\\\/08\\\/NOW-Foods-Apple-Cider-Vinegar-450mg-180-vcaps.jpg\",\"datePublished\":\"2022-06-28T09:03:00+00:00\",\"dateModified\":\"2025-08-27T13:45:30+00:00\",\"description\":\"Wij hebben een ruime keuze aan producten van Vinaigre de cidre de pomme, 450mg - 180 g\u00e9lules . Winkel bij Eco Supplements altijd gratis verzending boven 100\u20ac\",\"breadcrumb\":{\"@id\":\"https:\\\/\\\/ecosupplements.be\\\/fr\\\/produit\\\/vinaigre-de-cidre-de-pomme-450mg-180-gelules\\\/#breadcrumb\"},\"inLanguage\":\"fr-FR\",\"potentialAction\":[{\"@type\":\"ReadAction\",\"target\":[\"https:\\\/\\\/ecosupplements.be\\\/fr\\\/produit\\\/vinaigre-de-cidre-de-pomme-450mg-180-gelules\\\/\"]}]},{\"@type\":\"ImageObject\",\"inLanguage\":\"fr-FR\",\"@id\":\"https:\\\/\\\/ecosupplements.be\\\/fr\\\/produit\\\/vinaigre-de-cidre-de-pomme-450mg-180-gelules\\\/#primaryimage\",\"url\":\"https:\\\/\\\/ecosupplements.be\\\/wp-content\\\/uploads\\\/2025\\\/08\\\/NOW-Foods-Apple-Cider-Vinegar-450mg-180-vcaps.jpg\",\"contentUrl\":\"https:\\\/\\\/ecosupplements.be\\\/wp-content\\\/uploads\\\/2025\\\/08\\\/NOW-Foods-Apple-Cider-Vinegar-450mg-180-vcaps.jpg\",\"width\":750,\"height\":750},{\"@type\":\"BreadcrumbList\",\"@id\":\"https:\\\/\\\/ecosupplements.be\\\/fr\\\/produit\\\/vinaigre-de-cidre-de-pomme-450mg-180-gelules\\\/#breadcrumb\",\"itemListElement\":[{\"@type\":\"ListItem\",\"position\":1,\"name\":\"Home\",\"item\":\"https:\\\/\\\/ecosupplements.be\\\/fr\\\/\"},{\"@type\":\"ListItem\",\"position\":2,\"name\":\"Boutique\",\"item\":\"https:\\\/\\\/ecosupplements.be\\\/fr\\\/boutique\\\/\"},{\"@type\":\"ListItem\",\"position\":3,\"name\":\"Vinaigre de cidre de pomme, 450mg &#8211; 180 g\u00e9lules\"}]},{\"@type\":\"WebSite\",\"@id\":\"https:\\\/\\\/ecosupplements.be\\\/fr\\\/#website\",\"url\":\"https:\\\/\\\/ecosupplements.be\\\/fr\\\/\",\"name\":\"ECO Supplements\",\"description\":\"Eco Supplements - Gezonde supplementen\",\"publisher\":{\"@id\":\"https:\\\/\\\/ecosupplements.be\\\/fr\\\/#organization\"},\"potentialAction\":[{\"@type\":\"SearchAction\",\"target\":{\"@type\":\"EntryPoint\",\"urlTemplate\":\"https:\\\/\\\/ecosupplements.be\\\/fr\\\/?s={search_term_string}\"},\"query-input\":{\"@type\":\"PropertyValueSpecification\",\"valueRequired\":true,\"valueName\":\"search_term_string\"}}],\"inLanguage\":\"fr-FR\"},{\"@type\":\"Organization\",\"@id\":\"https:\\\/\\\/ecosupplements.be\\\/fr\\\/#organization\",\"name\":\"Eco Supplements\",\"url\":\"https:\\\/\\\/ecosupplements.be\\\/fr\\\/\",\"logo\":{\"@type\":\"ImageObject\",\"inLanguage\":\"fr-FR\",\"@id\":\"https:\\\/\\\/ecosupplements.be\\\/fr\\\/#\\\/schema\\\/logo\\\/image\\\/\",\"url\":\"https:\\\/\\\/ecosupplements.be\\\/wp-content\\\/uploads\\\/2022\\\/06\\\/ecosupplement-family.png\",\"contentUrl\":\"https:\\\/\\\/ecosupplements.be\\\/wp-content\\\/uploads\\\/2022\\\/06\\\/ecosupplement-family.png\",\"width\":593,\"height\":374,\"caption\":\"Eco Supplements\"},\"image\":{\"@id\":\"https:\\\/\\\/ecosupplements.be\\\/fr\\\/#\\\/schema\\\/logo\\\/image\\\/\"}}]}<\/script>\n<meta property=\"product:brand\" content=\"NOW Foods\" \/>\n<meta property=\"product:price:amount\" content=\"18.59\" \/>\n<meta property=\"product:price:currency\" content=\"EUR\" \/>\n<meta property=\"og:availability\" content=\"instock\" \/>\n<meta property=\"product:availability\" content=\"instock\" \/>\n<meta property=\"product:retailer_item_id\" content=\"733739033178\" \/>\n<meta property=\"product:condition\" content=\"new\" \/>\n<!-- \/ Yoast SEO Premium plugin. -->","yoast_head_json":{"title":"Vinaigre de cidre de pomme, 450mg - 180 g\u00e9lules - ECO Supplements","description":"Wij hebben een ruime keuze aan producten van Vinaigre de cidre de pomme, 450mg - 180 g\u00e9lules . Winkel bij Eco Supplements altijd gratis verzending boven 100\u20ac","robots":{"index":"index","follow":"follow","max-snippet":"max-snippet:-1","max-image-preview":"max-image-preview:large","max-video-preview":"max-video-preview:-1"},"canonical":"https:\/\/ecosupplements.be\/fr\/produit\/vinaigre-de-cidre-de-pomme-450mg-180-gelules\/","og_locale":"fr_FR","og_type":"article","og_title":"Vinaigre de cidre de pomme, 450mg - 180 g\u00e9lules","og_description":"Wij hebben een ruime keuze aan producten van Vinaigre de cidre de pomme, 450mg - 180 g\u00e9lules . Winkel bij Eco Supplements altijd gratis verzending boven 100\u20ac","og_url":"https:\/\/ecosupplements.be\/fr\/produit\/vinaigre-de-cidre-de-pomme-450mg-180-gelules\/","og_site_name":"ECO Supplements","article_modified_time":"2025-08-27T13:45:30+00:00","og_image":[{"width":488,"height":880,"url":"https:\/\/ecosupplements.be\/wp-content\/uploads\/2025\/08\/Apple-Cider-Vinegar-450mg-180-vcaps.jpg","type":"image\/jpeg"}],"twitter_card":"summary_large_image","twitter_misc":{"Prix":"18.59&nbsp;&euro;","Disponibilit\u00e9":"En stock"},"schema":{"@context":"https:\/\/schema.org","@graph":[{"@type":["WebPage","ItemPage"],"@id":"https:\/\/ecosupplements.be\/fr\/produit\/vinaigre-de-cidre-de-pomme-450mg-180-gelules\/","url":"https:\/\/ecosupplements.be\/fr\/produit\/vinaigre-de-cidre-de-pomme-450mg-180-gelules\/","name":"Vinaigre de cidre de pomme, 450mg - 180 g\u00e9lules - ECO Supplements","isPartOf":{"@id":"https:\/\/ecosupplements.be\/fr\/#website"},"primaryImageOfPage":{"@id":"https:\/\/ecosupplements.be\/fr\/produit\/vinaigre-de-cidre-de-pomme-450mg-180-gelules\/#primaryimage"},"image":{"@id":"https:\/\/ecosupplements.be\/fr\/produit\/vinaigre-de-cidre-de-pomme-450mg-180-gelules\/#primaryimage"},"thumbnailUrl":"https:\/\/ecosupplements.be\/wp-content\/uploads\/2025\/08\/NOW-Foods-Apple-Cider-Vinegar-450mg-180-vcaps.jpg","datePublished":"2022-06-28T09:03:00+00:00","dateModified":"2025-08-27T13:45:30+00:00","description":"Wij hebben een ruime keuze aan producten van Vinaigre de cidre de pomme, 450mg - 180 g\u00e9lules . Winkel bij Eco Supplements altijd gratis verzending boven 100\u20ac","breadcrumb":{"@id":"https:\/\/ecosupplements.be\/fr\/produit\/vinaigre-de-cidre-de-pomme-450mg-180-gelules\/#breadcrumb"},"inLanguage":"fr-FR","potentialAction":[{"@type":"ReadAction","target":["https:\/\/ecosupplements.be\/fr\/produit\/vinaigre-de-cidre-de-pomme-450mg-180-gelules\/"]}]},{"@type":"ImageObject","inLanguage":"fr-FR","@id":"https:\/\/ecosupplements.be\/fr\/produit\/vinaigre-de-cidre-de-pomme-450mg-180-gelules\/#primaryimage","url":"https:\/\/ecosupplements.be\/wp-content\/uploads\/2025\/08\/NOW-Foods-Apple-Cider-Vinegar-450mg-180-vcaps.jpg","contentUrl":"https:\/\/ecosupplements.be\/wp-content\/uploads\/2025\/08\/NOW-Foods-Apple-Cider-Vinegar-450mg-180-vcaps.jpg","width":750,"height":750},{"@type":"BreadcrumbList","@id":"https:\/\/ecosupplements.be\/fr\/produit\/vinaigre-de-cidre-de-pomme-450mg-180-gelules\/#breadcrumb","itemListElement":[{"@type":"ListItem","position":1,"name":"Home","item":"https:\/\/ecosupplements.be\/fr\/"},{"@type":"ListItem","position":2,"name":"Boutique","item":"https:\/\/ecosupplements.be\/fr\/boutique\/"},{"@type":"ListItem","position":3,"name":"Vinaigre de cidre de pomme, 450mg &#8211; 180 g\u00e9lules"}]},{"@type":"WebSite","@id":"https:\/\/ecosupplements.be\/fr\/#website","url":"https:\/\/ecosupplements.be\/fr\/","name":"ECO Supplements","description":"Eco Supplements - Gezonde supplementen","publisher":{"@id":"https:\/\/ecosupplements.be\/fr\/#organization"},"potentialAction":[{"@type":"SearchAction","target":{"@type":"EntryPoint","urlTemplate":"https:\/\/ecosupplements.be\/fr\/?s={search_term_string}"},"query-input":{"@type":"PropertyValueSpecification","valueRequired":true,"valueName":"search_term_string"}}],"inLanguage":"fr-FR"},{"@type":"Organization","@id":"https:\/\/ecosupplements.be\/fr\/#organization","name":"Eco Supplements","url":"https:\/\/ecosupplements.be\/fr\/","logo":{"@type":"ImageObject","inLanguage":"fr-FR","@id":"https:\/\/ecosupplements.be\/fr\/#\/schema\/logo\/image\/","url":"https:\/\/ecosupplements.be\/wp-content\/uploads\/2022\/06\/ecosupplement-family.png","contentUrl":"https:\/\/ecosupplements.be\/wp-content\/uploads\/2022\/06\/ecosupplement-family.png","width":593,"height":374,"caption":"Eco Supplements"},"image":{"@id":"https:\/\/ecosupplements.be\/fr\/#\/schema\/logo\/image\/"}}]},"product_brand":"NOW Foods","product_price_amount":"18.59","product_price_currency":"EUR","og_availability":"instock","product_availability":"instock","product_retailer_item_id":"733739033178","product_condition":"new"},"_links":{"self":[{"href":"https:\/\/ecosupplements.be\/fr\/wp-json\/wp\/v2\/product\/288727","targetHints":{"allow":["GET"]}}],"collection":[{"href":"https:\/\/ecosupplements.be\/fr\/wp-json\/wp\/v2\/product"}],"about":[{"href":"https:\/\/ecosupplements.be\/fr\/wp-json\/wp\/v2\/types\/product"}],"replies":[{"embeddable":true,"href":"https:\/\/ecosupplements.be\/fr\/wp-json\/wp\/v2\/comments?post=288727"}],"wp:featuredmedia":[{"embeddable":true,"href":"https:\/\/ecosupplements.be\/fr\/wp-json\/wp\/v2\/media\/240882"}],"wp:attachment":[{"href":"https:\/\/ecosupplements.be\/fr\/wp-json\/wp\/v2\/media?parent=288727"}],"wp:term":[{"taxonomy":"product_brand","embeddable":true,"href":"https:\/\/ecosupplements.be\/fr\/wp-json\/wp\/v2\/product_brand?post=288727"},{"taxonomy":"product_cat","embeddable":true,"href":"https:\/\/ecosupplements.be\/fr\/wp-json\/wp\/v2\/product_cat?post=288727"},{"taxonomy":"product_tag","embeddable":true,"href":"https:\/\/ecosupplements.be\/fr\/wp-json\/wp\/v2\/product_tag?post=288727"}],"curies":[{"name":"wp","href":"https:\/\/api.w.org\/{rel}","templated":true}]}}