{"id":288730,"date":"2022-06-28T10:21:13","date_gmt":"2022-06-28T09:21:13","guid":{"rendered":"https:\/\/ecosupplements.be\/product\/vinaigre-de-cidre-de-pomme-750mg-extra-strength-180-comprimes\/"},"modified":"2025-08-27T14:45:33","modified_gmt":"2025-08-27T13:45:33","slug":"vinaigre-de-cidre-de-pomme-750mg-extra-strength-180-comprimes","status":"publish","type":"product","link":"https:\/\/ecosupplements.be\/fr\/produit\/vinaigre-de-cidre-de-pomme-750mg-extra-strength-180-comprimes\/","title":{"rendered":"Vinaigre de cidre de pomme, 750mg Extra Strength &#8211; 180 comprim\u00e9s"},"content":{"rendered":"<h1>Apple Cider Vinegar,\u200c 750mg Extra Strength \u200c- 180 tabs<\/h1>\n<p>D\u00e9couvrez les bienfaits de l&#8217;Apple\u2062 Cider Vinegar avec cette formule extra forte de 750mg en\u200d comprim\u00e9s pratiques. Fabriqu\u00e9 \u2062par la marque r\u00e9put\u00e9e NOW Foods, ce produit est fabriqu\u00e9 aux\u200d \u00c9tats-Unis avec des ingr\u00e9dients\u2063 de haute qualit\u00e9.<\/p>\n<h2>Caract\u00e9ristiques sp\u00e9ciales:<\/h2>\n<ul>\n<li>Formule extra forte de\u2062 750mg par comprim\u00e9<\/li>\n<li>Contient\u2064 de l&#8217;Apple Cider Vinegar de qualit\u00e9\u2064 sup\u00e9rieure<\/li>\n<li>Fabriqu\u00e9 aux \u00c9tats-Unis<\/li>\n<li>Comprim\u00e9s pratiques pour une utilisation \u2062facile<\/li>\n<\/ul>\n<h2>Ingr\u00e9dients:<\/h2>\n<p>Chaque \u2064comprim\u00e9 contient 750mg d&#8217;Apple Cider Vinegar de qualit\u00e9 sup\u00e9rieure. Les autres ingr\u00e9dients incluent du st\u00e9arate de magn\u00e9sium\u200b (source v\u00e9g\u00e9tale) et de la silice.<\/p>\n<h2>Avantages uniques:<\/h2>\n<p>L&#8217;Apple Cider Vinegar est un ingr\u00e9dient naturel populaire pour ses nombreux\u2062 bienfaits pour la sant\u00e9. Il est riche en acides amin\u00e9s, en \u200cenzymes et\u2064 en min\u00e9raux essentiels tels que\u2062 le potassium, le calcium et le magn\u00e9sium. Il peut aider \u00e0 soutenir la digestion, \u00e0 maintenir un taux de glyc\u00e9mie sain et \u00e0 renforcer le syst\u00e8me immunitaire.<\/p>\n<h2>Principales caract\u00e9ristiques:<\/h2>\n<ul>\n<li>Formule extra forte pour un maximum\u2063 de\u200c bienfaits<\/li>\n<li>Facile \u00e0 prendre avec des comprim\u00e9s pratiques<\/li>\n<li>Fabriqu\u00e9 avec des ingr\u00e9dients de haute qualit\u00e9<\/li>\n<li>Peut aider \u00e0 soutenir la digestion\u200b et le syst\u00e8me\u2064 immunitaire<\/li>\n<\/ul>\n<p>Ajoutez l&#8217;Apple Cider Vinegar de NOW Foods \u00e0 votre routine quotidienne pour profiter de ses nombreux bienfaits pour la sant\u00e9. \u2063Commandez d\u00e8s\u200d maintenant \u200cet d\u00e9couvrez par vous-m\u00eame pourquoi ce\u2063 produit est si populaire parmi les amateurs de sant\u00e9 et de bien-\u00eatre.<\/p>\n","protected":false},"excerpt":{"rendered":"<p>Apple Cider Vinegar,\u200c 750mg Extra Strength \u200c- 180 tabs D\u00e9couvrez les bienfaits de l&#8217;Apple\u2062 Cider Vinegar avec cette formule extra forte de 750mg en\u200d comprim\u00e9s pratiques. Fabriqu\u00e9 \u2062par la marque r\u00e9put\u00e9e NOW Foods, ce produit est fabriqu\u00e9 aux\u200d \u00c9tats-Unis avec des ingr\u00e9dients\u2063 de haute qualit\u00e9. Caract\u00e9ristiques sp\u00e9ciales: Formule extra forte de\u2062 750mg par comprim\u00e9 Contient\u2064 [&#8230;]\n","protected":false},"featured_media":249044,"comment_status":"open","ping_status":"open","template":"","meta":[],"product_brand":[4733,4734],"product_cat":[5054,5055,5053],"product_tag":[],"class_list":{"0":"post-288730","1":"product","2":"type-product","3":"status-publish","4":"has-post-thumbnail","6":"product_brand-now-foods-2","7":"product_brand-nownow-foods-2","8":"product_cat-nourriture-saine","9":"product_cat-produits-vegetaliens","10":"product_cat-vitamines-et-mineraux","12":"first","13":"instock","14":"taxable","15":"shipping-taxable","16":"purchasable","17":"product-type-simple"},"yoast_head":"<!-- This site is optimized with the Yoast SEO Premium plugin v27.5 (Yoast SEO v27.5) - https:\/\/yoast.com\/product\/yoast-seo-premium-wordpress\/ -->\n<title>Vinaigre de cidre de pomme, 750mg Extra Strength - 180 comprim\u00e9s - ECO Supplements<\/title>\n<meta name=\"description\" content=\"Wij hebben een ruime keuze aan producten van Vinaigre de cidre de pomme, 750mg Extra Strength - 180 comprim\u00e9s . Winkel bij Eco Supplements altijd gratis verzending boven 100\u20ac\" \/>\n<meta name=\"robots\" content=\"index, follow, max-snippet:-1, max-image-preview:large, max-video-preview:-1\" \/>\n<link rel=\"canonical\" href=\"https:\/\/ecosupplements.be\/fr\/produit\/vinaigre-de-cidre-de-pomme-750mg-extra-strength-180-comprimes\/\" \/>\n<meta property=\"og:locale\" content=\"fr_FR\" \/>\n<meta property=\"og:type\" content=\"article\" \/>\n<meta property=\"og:title\" content=\"Vinaigre de cidre de pomme, 750mg Extra Strength - 180 comprim\u00e9s\" \/>\n<meta property=\"og:description\" content=\"Wij hebben een ruime keuze aan producten van Vinaigre de cidre de pomme, 750mg Extra Strength - 180 comprim\u00e9s . Winkel bij Eco Supplements altijd gratis verzending boven 100\u20ac\" \/>\n<meta property=\"og:url\" content=\"https:\/\/ecosupplements.be\/fr\/produit\/vinaigre-de-cidre-de-pomme-750mg-extra-strength-180-comprimes\/\" \/>\n<meta property=\"og:site_name\" content=\"ECO Supplements\" \/>\n<meta property=\"article:modified_time\" content=\"2025-08-27T13:45:33+00:00\" \/>\n<meta property=\"og:image\" content=\"https:\/\/ecosupplements.be\/wp-content\/uploads\/2025\/08\/Apple-Cider-Vinegar-750mg-Extra-Strength-180-tabs.jpg\" \/>\n\t<meta property=\"og:image:width\" content=\"545\" \/>\n\t<meta property=\"og:image:height\" content=\"976\" \/>\n\t<meta property=\"og:image:type\" content=\"image\/jpeg\" \/>\n<meta name=\"twitter:card\" content=\"summary_large_image\" \/>\n<meta name=\"twitter:label1\" content=\"Prix\" \/>\n\t<meta name=\"twitter:data1\" content=\"25.58&nbsp;&euro;\" \/>\n\t<meta name=\"twitter:label2\" content=\"Disponibilit\u00e9\" \/>\n\t<meta name=\"twitter:data2\" content=\"En stock\" \/>\n<script type=\"application\/ld+json\" class=\"yoast-schema-graph\">{\"@context\":\"https:\\\/\\\/schema.org\",\"@graph\":[{\"@type\":[\"WebPage\",\"ItemPage\"],\"@id\":\"https:\\\/\\\/ecosupplements.be\\\/fr\\\/produit\\\/vinaigre-de-cidre-de-pomme-750mg-extra-strength-180-comprimes\\\/\",\"url\":\"https:\\\/\\\/ecosupplements.be\\\/fr\\\/produit\\\/vinaigre-de-cidre-de-pomme-750mg-extra-strength-180-comprimes\\\/\",\"name\":\"Vinaigre de cidre de pomme, 750mg Extra Strength - 180 comprim\u00e9s - ECO Supplements\",\"isPartOf\":{\"@id\":\"https:\\\/\\\/ecosupplements.be\\\/fr\\\/#website\"},\"primaryImageOfPage\":{\"@id\":\"https:\\\/\\\/ecosupplements.be\\\/fr\\\/produit\\\/vinaigre-de-cidre-de-pomme-750mg-extra-strength-180-comprimes\\\/#primaryimage\"},\"image\":{\"@id\":\"https:\\\/\\\/ecosupplements.be\\\/fr\\\/produit\\\/vinaigre-de-cidre-de-pomme-750mg-extra-strength-180-comprimes\\\/#primaryimage\"},\"thumbnailUrl\":\"https:\\\/\\\/ecosupplements.be\\\/wp-content\\\/uploads\\\/2025\\\/08\\\/NOW-Foods-Apple-Cider-Vinegar-750mg-Extra-Strength-180-tablets.jpg\",\"datePublished\":\"2022-06-28T09:21:13+00:00\",\"dateModified\":\"2025-08-27T13:45:33+00:00\",\"description\":\"Wij hebben een ruime keuze aan producten van Vinaigre de cidre de pomme, 750mg Extra Strength - 180 comprim\u00e9s . Winkel bij Eco Supplements altijd gratis verzending boven 100\u20ac\",\"breadcrumb\":{\"@id\":\"https:\\\/\\\/ecosupplements.be\\\/fr\\\/produit\\\/vinaigre-de-cidre-de-pomme-750mg-extra-strength-180-comprimes\\\/#breadcrumb\"},\"inLanguage\":\"fr-FR\",\"potentialAction\":[{\"@type\":\"ReadAction\",\"target\":[\"https:\\\/\\\/ecosupplements.be\\\/fr\\\/produit\\\/vinaigre-de-cidre-de-pomme-750mg-extra-strength-180-comprimes\\\/\"]}]},{\"@type\":\"ImageObject\",\"inLanguage\":\"fr-FR\",\"@id\":\"https:\\\/\\\/ecosupplements.be\\\/fr\\\/produit\\\/vinaigre-de-cidre-de-pomme-750mg-extra-strength-180-comprimes\\\/#primaryimage\",\"url\":\"https:\\\/\\\/ecosupplements.be\\\/wp-content\\\/uploads\\\/2025\\\/08\\\/NOW-Foods-Apple-Cider-Vinegar-750mg-Extra-Strength-180-tablets.jpg\",\"contentUrl\":\"https:\\\/\\\/ecosupplements.be\\\/wp-content\\\/uploads\\\/2025\\\/08\\\/NOW-Foods-Apple-Cider-Vinegar-750mg-Extra-Strength-180-tablets.jpg\",\"width\":750,\"height\":750},{\"@type\":\"BreadcrumbList\",\"@id\":\"https:\\\/\\\/ecosupplements.be\\\/fr\\\/produit\\\/vinaigre-de-cidre-de-pomme-750mg-extra-strength-180-comprimes\\\/#breadcrumb\",\"itemListElement\":[{\"@type\":\"ListItem\",\"position\":1,\"name\":\"Home\",\"item\":\"https:\\\/\\\/ecosupplements.be\\\/fr\\\/\"},{\"@type\":\"ListItem\",\"position\":2,\"name\":\"Boutique\",\"item\":\"https:\\\/\\\/ecosupplements.be\\\/fr\\\/boutique\\\/\"},{\"@type\":\"ListItem\",\"position\":3,\"name\":\"Vinaigre de cidre de pomme, 750mg Extra Strength &#8211; 180 comprim\u00e9s\"}]},{\"@type\":\"WebSite\",\"@id\":\"https:\\\/\\\/ecosupplements.be\\\/fr\\\/#website\",\"url\":\"https:\\\/\\\/ecosupplements.be\\\/fr\\\/\",\"name\":\"ECO Supplements\",\"description\":\"Eco Supplements - Gezonde supplementen\",\"publisher\":{\"@id\":\"https:\\\/\\\/ecosupplements.be\\\/fr\\\/#organization\"},\"potentialAction\":[{\"@type\":\"SearchAction\",\"target\":{\"@type\":\"EntryPoint\",\"urlTemplate\":\"https:\\\/\\\/ecosupplements.be\\\/fr\\\/?s={search_term_string}\"},\"query-input\":{\"@type\":\"PropertyValueSpecification\",\"valueRequired\":true,\"valueName\":\"search_term_string\"}}],\"inLanguage\":\"fr-FR\"},{\"@type\":\"Organization\",\"@id\":\"https:\\\/\\\/ecosupplements.be\\\/fr\\\/#organization\",\"name\":\"Eco Supplements\",\"url\":\"https:\\\/\\\/ecosupplements.be\\\/fr\\\/\",\"logo\":{\"@type\":\"ImageObject\",\"inLanguage\":\"fr-FR\",\"@id\":\"https:\\\/\\\/ecosupplements.be\\\/fr\\\/#\\\/schema\\\/logo\\\/image\\\/\",\"url\":\"https:\\\/\\\/ecosupplements.be\\\/wp-content\\\/uploads\\\/2022\\\/06\\\/ecosupplement-family.png\",\"contentUrl\":\"https:\\\/\\\/ecosupplements.be\\\/wp-content\\\/uploads\\\/2022\\\/06\\\/ecosupplement-family.png\",\"width\":593,\"height\":374,\"caption\":\"Eco Supplements\"},\"image\":{\"@id\":\"https:\\\/\\\/ecosupplements.be\\\/fr\\\/#\\\/schema\\\/logo\\\/image\\\/\"}}]}<\/script>\n<meta property=\"product:brand\" content=\"NOW Foods\" \/>\n<meta property=\"product:price:amount\" content=\"25.58\" \/>\n<meta property=\"product:price:currency\" content=\"EUR\" \/>\n<meta property=\"og:availability\" content=\"instock\" \/>\n<meta property=\"product:availability\" content=\"instock\" \/>\n<meta property=\"product:retailer_item_id\" content=\"733739033765\" \/>\n<meta property=\"product:condition\" content=\"new\" \/>\n<!-- \/ Yoast SEO Premium plugin. -->","yoast_head_json":{"title":"Vinaigre de cidre de pomme, 750mg Extra Strength - 180 comprim\u00e9s - ECO Supplements","description":"Wij hebben een ruime keuze aan producten van Vinaigre de cidre de pomme, 750mg Extra Strength - 180 comprim\u00e9s . Winkel bij Eco Supplements altijd gratis verzending boven 100\u20ac","robots":{"index":"index","follow":"follow","max-snippet":"max-snippet:-1","max-image-preview":"max-image-preview:large","max-video-preview":"max-video-preview:-1"},"canonical":"https:\/\/ecosupplements.be\/fr\/produit\/vinaigre-de-cidre-de-pomme-750mg-extra-strength-180-comprimes\/","og_locale":"fr_FR","og_type":"article","og_title":"Vinaigre de cidre de pomme, 750mg Extra Strength - 180 comprim\u00e9s","og_description":"Wij hebben een ruime keuze aan producten van Vinaigre de cidre de pomme, 750mg Extra Strength - 180 comprim\u00e9s . Winkel bij Eco Supplements altijd gratis verzending boven 100\u20ac","og_url":"https:\/\/ecosupplements.be\/fr\/produit\/vinaigre-de-cidre-de-pomme-750mg-extra-strength-180-comprimes\/","og_site_name":"ECO Supplements","article_modified_time":"2025-08-27T13:45:33+00:00","og_image":[{"width":545,"height":976,"url":"https:\/\/ecosupplements.be\/wp-content\/uploads\/2025\/08\/Apple-Cider-Vinegar-750mg-Extra-Strength-180-tabs.jpg","type":"image\/jpeg"}],"twitter_card":"summary_large_image","twitter_misc":{"Prix":"25.58&nbsp;&euro;","Disponibilit\u00e9":"En stock"},"schema":{"@context":"https:\/\/schema.org","@graph":[{"@type":["WebPage","ItemPage"],"@id":"https:\/\/ecosupplements.be\/fr\/produit\/vinaigre-de-cidre-de-pomme-750mg-extra-strength-180-comprimes\/","url":"https:\/\/ecosupplements.be\/fr\/produit\/vinaigre-de-cidre-de-pomme-750mg-extra-strength-180-comprimes\/","name":"Vinaigre de cidre de pomme, 750mg Extra Strength - 180 comprim\u00e9s - ECO Supplements","isPartOf":{"@id":"https:\/\/ecosupplements.be\/fr\/#website"},"primaryImageOfPage":{"@id":"https:\/\/ecosupplements.be\/fr\/produit\/vinaigre-de-cidre-de-pomme-750mg-extra-strength-180-comprimes\/#primaryimage"},"image":{"@id":"https:\/\/ecosupplements.be\/fr\/produit\/vinaigre-de-cidre-de-pomme-750mg-extra-strength-180-comprimes\/#primaryimage"},"thumbnailUrl":"https:\/\/ecosupplements.be\/wp-content\/uploads\/2025\/08\/NOW-Foods-Apple-Cider-Vinegar-750mg-Extra-Strength-180-tablets.jpg","datePublished":"2022-06-28T09:21:13+00:00","dateModified":"2025-08-27T13:45:33+00:00","description":"Wij hebben een ruime keuze aan producten van Vinaigre de cidre de pomme, 750mg Extra Strength - 180 comprim\u00e9s . Winkel bij Eco Supplements altijd gratis verzending boven 100\u20ac","breadcrumb":{"@id":"https:\/\/ecosupplements.be\/fr\/produit\/vinaigre-de-cidre-de-pomme-750mg-extra-strength-180-comprimes\/#breadcrumb"},"inLanguage":"fr-FR","potentialAction":[{"@type":"ReadAction","target":["https:\/\/ecosupplements.be\/fr\/produit\/vinaigre-de-cidre-de-pomme-750mg-extra-strength-180-comprimes\/"]}]},{"@type":"ImageObject","inLanguage":"fr-FR","@id":"https:\/\/ecosupplements.be\/fr\/produit\/vinaigre-de-cidre-de-pomme-750mg-extra-strength-180-comprimes\/#primaryimage","url":"https:\/\/ecosupplements.be\/wp-content\/uploads\/2025\/08\/NOW-Foods-Apple-Cider-Vinegar-750mg-Extra-Strength-180-tablets.jpg","contentUrl":"https:\/\/ecosupplements.be\/wp-content\/uploads\/2025\/08\/NOW-Foods-Apple-Cider-Vinegar-750mg-Extra-Strength-180-tablets.jpg","width":750,"height":750},{"@type":"BreadcrumbList","@id":"https:\/\/ecosupplements.be\/fr\/produit\/vinaigre-de-cidre-de-pomme-750mg-extra-strength-180-comprimes\/#breadcrumb","itemListElement":[{"@type":"ListItem","position":1,"name":"Home","item":"https:\/\/ecosupplements.be\/fr\/"},{"@type":"ListItem","position":2,"name":"Boutique","item":"https:\/\/ecosupplements.be\/fr\/boutique\/"},{"@type":"ListItem","position":3,"name":"Vinaigre de cidre de pomme, 750mg Extra Strength &#8211; 180 comprim\u00e9s"}]},{"@type":"WebSite","@id":"https:\/\/ecosupplements.be\/fr\/#website","url":"https:\/\/ecosupplements.be\/fr\/","name":"ECO Supplements","description":"Eco Supplements - Gezonde supplementen","publisher":{"@id":"https:\/\/ecosupplements.be\/fr\/#organization"},"potentialAction":[{"@type":"SearchAction","target":{"@type":"EntryPoint","urlTemplate":"https:\/\/ecosupplements.be\/fr\/?s={search_term_string}"},"query-input":{"@type":"PropertyValueSpecification","valueRequired":true,"valueName":"search_term_string"}}],"inLanguage":"fr-FR"},{"@type":"Organization","@id":"https:\/\/ecosupplements.be\/fr\/#organization","name":"Eco Supplements","url":"https:\/\/ecosupplements.be\/fr\/","logo":{"@type":"ImageObject","inLanguage":"fr-FR","@id":"https:\/\/ecosupplements.be\/fr\/#\/schema\/logo\/image\/","url":"https:\/\/ecosupplements.be\/wp-content\/uploads\/2022\/06\/ecosupplement-family.png","contentUrl":"https:\/\/ecosupplements.be\/wp-content\/uploads\/2022\/06\/ecosupplement-family.png","width":593,"height":374,"caption":"Eco Supplements"},"image":{"@id":"https:\/\/ecosupplements.be\/fr\/#\/schema\/logo\/image\/"}}]},"product_brand":"NOW Foods","product_price_amount":"25.58","product_price_currency":"EUR","og_availability":"instock","product_availability":"instock","product_retailer_item_id":"733739033765","product_condition":"new"},"_links":{"self":[{"href":"https:\/\/ecosupplements.be\/fr\/wp-json\/wp\/v2\/product\/288730","targetHints":{"allow":["GET"]}}],"collection":[{"href":"https:\/\/ecosupplements.be\/fr\/wp-json\/wp\/v2\/product"}],"about":[{"href":"https:\/\/ecosupplements.be\/fr\/wp-json\/wp\/v2\/types\/product"}],"replies":[{"embeddable":true,"href":"https:\/\/ecosupplements.be\/fr\/wp-json\/wp\/v2\/comments?post=288730"}],"wp:featuredmedia":[{"embeddable":true,"href":"https:\/\/ecosupplements.be\/fr\/wp-json\/wp\/v2\/media\/249044"}],"wp:attachment":[{"href":"https:\/\/ecosupplements.be\/fr\/wp-json\/wp\/v2\/media?parent=288730"}],"wp:term":[{"taxonomy":"product_brand","embeddable":true,"href":"https:\/\/ecosupplements.be\/fr\/wp-json\/wp\/v2\/product_brand?post=288730"},{"taxonomy":"product_cat","embeddable":true,"href":"https:\/\/ecosupplements.be\/fr\/wp-json\/wp\/v2\/product_cat?post=288730"},{"taxonomy":"product_tag","embeddable":true,"href":"https:\/\/ecosupplements.be\/fr\/wp-json\/wp\/v2\/product_tag?post=288730"}],"curies":[{"name":"wp","href":"https:\/\/api.w.org\/{rel}","templated":true}]}}