{"id":288742,"date":"2022-06-28T10:21:13","date_gmt":"2022-06-28T09:21:13","guid":{"rendered":"https:\/\/ecosupplements.be\/product\/extrait-dartichaut-450mg-90-gelules\/"},"modified":"2025-08-27T14:45:44","modified_gmt":"2025-08-27T13:45:44","slug":"extrait-dartichaut-450mg-90-gelules","status":"publish","type":"product","link":"https:\/\/ecosupplements.be\/fr\/produit\/extrait-dartichaut-450mg-90-gelules\/","title":{"rendered":"Extrait d&#8217;artichaut, 450mg &#8211; 90 g\u00e9lules"},"content":{"rendered":"<h1>Artichoke Extract, 450mg &#8211; 90 vcaps<\/h1>\n<p>Le suppl\u00e9ment\u2064 Artichoke Extract de NOW Foods \u200dest un produit de qualit\u00e9 sup\u00e9rieure qui offre une dose puissante de 450mg d&#8217;extrait d&#8217;artichaut par capsule v\u00e9g\u00e9tarienne. L&#8217;artichaut est une plante originaire de la r\u00e9gion\u2062 m\u00e9diterran\u00e9enne, connue pour ses propri\u00e9t\u00e9s b\u00e9n\u00e9fiques pour la sant\u00e9 depuis des si\u00e8cles.<\/p>\n<h2>Caract\u00e9ristiques sp\u00e9ciales:<\/h2>\n<ul>\n<li>Chaque capsule contient 450mg d&#8217;extrait d&#8217;artichaut<\/li>\n<li>Formule v\u00e9g\u00e9tarienne<\/li>\n<li>Produit\u200c de qualit\u00e9 sup\u00e9rieure<\/li>\n<li>Origine naturelle<\/li>\n<\/ul>\n<h2>Ingr\u00e9dients:<\/h2>\n<p>Chaque capsule v\u00e9g\u00e9tarienne contient 450mg d&#8217;extrait \u200cd&#8217;artichaut (Cynara scolymus) standardis\u00e9 \u00e0 5% de cynarine. Les autres ingr\u00e9dients\u200c comprennent de la cellulose (capsule), de la farine de riz, du st\u00e9arate de \u200cmagn\u00e9sium (source v\u00e9g\u00e9tale) et de la silice.<\/p>\n<h2>Avantages uniques:<\/h2>\n<p>L&#8217;extrait d&#8217;artichaut\u200c est riche\u200d en antioxydants et en compos\u00e9s phytochimiques b\u00e9n\u00e9fiques pour la sant\u00e9. Il peut\u2064 aider \u00e0 soutenir \u2063la sant\u00e9 digestive, \u00e0 maintenir un taux de cholest\u00e9rol sain et \u00e0 favoriser la\u2062 d\u00e9toxification du foie. \u200bDe plus, l&#8217;artichaut est \u00e9galement connu pour ses propri\u00e9t\u00e9s anti-inflammatoires et peut aider \u00e0 renforcer le syst\u00e8me immunitaire.<\/p>\n<h2>Principales caract\u00e9ristiques:<\/h2>\n<ul>\n<li>Offre une dose puissante d&#8217;extrait d&#8217;artichaut par capsule<\/li>\n<li>Peut aider \u00e0 soutenir la sant\u00e9 digestive et le taux \u2063de\u200c cholest\u00e9rol<\/li>\n<li>Peut favoriser la d\u00e9toxification du foie<\/li>\n<li>Contient des antioxydants et des compos\u00e9s phytochimiques b\u00e9n\u00e9fiques pour la sant\u00e9<\/li>\n<li>Formule\u2063 v\u00e9g\u00e9tarienne \u200cde qualit\u00e9 \u2063sup\u00e9rieure<\/li>\n<\/ul>\n<p>Ajoutez le suppl\u00e9ment Artichoke Extract de NOW Foods \u00e0 votre routine quotidienne pour profiter de ses nombreux\u2064 bienfaits pour la sant\u00e9. Commandez d\u00e8s maintenant et \u2064d\u00e9couvrez par vous-m\u00eame pourquoi l&#8217;artichaut\u2062 est consid\u00e9r\u00e9 comme un\u200c superaliment depuis des \u2062si\u00e8cles.<\/p>\n","protected":false},"excerpt":{"rendered":"<p>Artichoke Extract, 450mg &#8211; 90 vcaps Le suppl\u00e9ment\u2064 Artichoke Extract de NOW Foods \u200dest un produit de qualit\u00e9 sup\u00e9rieure qui offre une dose puissante de 450mg d&#8217;extrait d&#8217;artichaut par capsule v\u00e9g\u00e9tarienne. L&#8217;artichaut est une plante originaire de la r\u00e9gion\u2062 m\u00e9diterran\u00e9enne, connue pour ses propri\u00e9t\u00e9s b\u00e9n\u00e9fiques pour la sant\u00e9 depuis des si\u00e8cles. Caract\u00e9ristiques sp\u00e9ciales: Chaque capsule [&#8230;]\n","protected":false},"featured_media":249108,"comment_status":"open","ping_status":"open","template":"","meta":[],"product_brand":[4733,4734],"product_cat":[5054,5055,5052,5094,5053],"product_tag":[],"class_list":{"0":"post-288742","1":"product","2":"type-product","3":"status-publish","4":"has-post-thumbnail","6":"product_brand-now-foods-2","7":"product_brand-nownow-foods-2","8":"product_cat-nourriture-saine","9":"product_cat-produits-vegetaliens","10":"product_cat-sante-et-bien-etre","11":"product_cat-supplements-a-base-de-plantes","12":"product_cat-vitamines-et-mineraux","14":"first","15":"instock","16":"taxable","17":"shipping-taxable","18":"purchasable","19":"product-type-simple"},"yoast_head":"<!-- This site is optimized with the Yoast SEO Premium plugin v27.3 (Yoast SEO v27.3) - https:\/\/yoast.com\/product\/yoast-seo-premium-wordpress\/ -->\n<title>Extrait d&#039;artichaut, 450mg - 90 g\u00e9lules - ECO Supplements<\/title>\n<meta name=\"description\" content=\"Wij hebben een ruime keuze aan producten van Extrait d&#039;artichaut, 450mg - 90 g\u00e9lules . Winkel bij Eco Supplements altijd gratis verzending boven 100\u20ac\" \/>\n<meta name=\"robots\" content=\"index, follow, max-snippet:-1, max-image-preview:large, max-video-preview:-1\" \/>\n<link rel=\"canonical\" href=\"https:\/\/ecosupplements.be\/fr\/produit\/extrait-dartichaut-450mg-90-gelules\/\" \/>\n<meta property=\"og:locale\" content=\"fr_FR\" \/>\n<meta property=\"og:type\" content=\"article\" \/>\n<meta property=\"og:title\" content=\"Extrait d&#039;artichaut, 450mg - 90 g\u00e9lules\" \/>\n<meta property=\"og:description\" content=\"Wij hebben een ruime keuze aan producten van Extrait d&#039;artichaut, 450mg - 90 g\u00e9lules . Winkel bij Eco Supplements altijd gratis verzending boven 100\u20ac\" \/>\n<meta property=\"og:url\" content=\"https:\/\/ecosupplements.be\/fr\/produit\/extrait-dartichaut-450mg-90-gelules\/\" \/>\n<meta property=\"og:site_name\" content=\"ECO Supplements\" \/>\n<meta property=\"article:modified_time\" content=\"2025-08-27T13:45:44+00:00\" \/>\n<meta property=\"og:image\" content=\"https:\/\/ecosupplements.be\/wp-content\/uploads\/2025\/08\/Artichoke-Extract-450mg-90-vcaps.jpg\" \/>\n\t<meta property=\"og:image:width\" content=\"447\" \/>\n\t<meta property=\"og:image:height\" content=\"864\" \/>\n\t<meta property=\"og:image:type\" content=\"image\/jpeg\" \/>\n<meta name=\"twitter:card\" content=\"summary_large_image\" \/>\n<meta name=\"twitter:label1\" content=\"Prix\" \/>\n\t<meta name=\"twitter:data1\" content=\"19.73&nbsp;&euro;\" \/>\n\t<meta name=\"twitter:label2\" content=\"Disponibilit\u00e9\" \/>\n\t<meta name=\"twitter:data2\" content=\"En stock\" \/>\n<script type=\"application\/ld+json\" class=\"yoast-schema-graph\">{\"@context\":\"https:\\\/\\\/schema.org\",\"@graph\":[{\"@type\":[\"WebPage\",\"ItemPage\"],\"@id\":\"https:\\\/\\\/ecosupplements.be\\\/fr\\\/produit\\\/extrait-dartichaut-450mg-90-gelules\\\/\",\"url\":\"https:\\\/\\\/ecosupplements.be\\\/fr\\\/produit\\\/extrait-dartichaut-450mg-90-gelules\\\/\",\"name\":\"Extrait d'artichaut, 450mg - 90 g\u00e9lules - ECO Supplements\",\"isPartOf\":{\"@id\":\"https:\\\/\\\/ecosupplements.be\\\/fr\\\/#website\"},\"primaryImageOfPage\":{\"@id\":\"https:\\\/\\\/ecosupplements.be\\\/fr\\\/produit\\\/extrait-dartichaut-450mg-90-gelules\\\/#primaryimage\"},\"image\":{\"@id\":\"https:\\\/\\\/ecosupplements.be\\\/fr\\\/produit\\\/extrait-dartichaut-450mg-90-gelules\\\/#primaryimage\"},\"thumbnailUrl\":\"https:\\\/\\\/ecosupplements.be\\\/wp-content\\\/uploads\\\/2025\\\/08\\\/NOW-Foods-Artichoke-Extract-90-vcaps.jpg\",\"datePublished\":\"2022-06-28T09:21:13+00:00\",\"dateModified\":\"2025-08-27T13:45:44+00:00\",\"description\":\"Wij hebben een ruime keuze aan producten van Extrait d'artichaut, 450mg - 90 g\u00e9lules . Winkel bij Eco Supplements altijd gratis verzending boven 100\u20ac\",\"breadcrumb\":{\"@id\":\"https:\\\/\\\/ecosupplements.be\\\/fr\\\/produit\\\/extrait-dartichaut-450mg-90-gelules\\\/#breadcrumb\"},\"inLanguage\":\"fr-FR\",\"potentialAction\":[{\"@type\":\"ReadAction\",\"target\":[\"https:\\\/\\\/ecosupplements.be\\\/fr\\\/produit\\\/extrait-dartichaut-450mg-90-gelules\\\/\"]}]},{\"@type\":\"ImageObject\",\"inLanguage\":\"fr-FR\",\"@id\":\"https:\\\/\\\/ecosupplements.be\\\/fr\\\/produit\\\/extrait-dartichaut-450mg-90-gelules\\\/#primaryimage\",\"url\":\"https:\\\/\\\/ecosupplements.be\\\/wp-content\\\/uploads\\\/2025\\\/08\\\/NOW-Foods-Artichoke-Extract-90-vcaps.jpg\",\"contentUrl\":\"https:\\\/\\\/ecosupplements.be\\\/wp-content\\\/uploads\\\/2025\\\/08\\\/NOW-Foods-Artichoke-Extract-90-vcaps.jpg\",\"width\":750,\"height\":750},{\"@type\":\"BreadcrumbList\",\"@id\":\"https:\\\/\\\/ecosupplements.be\\\/fr\\\/produit\\\/extrait-dartichaut-450mg-90-gelules\\\/#breadcrumb\",\"itemListElement\":[{\"@type\":\"ListItem\",\"position\":1,\"name\":\"Home\",\"item\":\"https:\\\/\\\/ecosupplements.be\\\/fr\\\/\"},{\"@type\":\"ListItem\",\"position\":2,\"name\":\"Boutique\",\"item\":\"https:\\\/\\\/ecosupplements.be\\\/fr\\\/boutique\\\/\"},{\"@type\":\"ListItem\",\"position\":3,\"name\":\"Extrait d&#8217;artichaut, 450mg &#8211; 90 g\u00e9lules\"}]},{\"@type\":\"WebSite\",\"@id\":\"https:\\\/\\\/ecosupplements.be\\\/fr\\\/#website\",\"url\":\"https:\\\/\\\/ecosupplements.be\\\/fr\\\/\",\"name\":\"ECO Supplements\",\"description\":\"Eco Supplements - Gezonde supplementen\",\"publisher\":{\"@id\":\"https:\\\/\\\/ecosupplements.be\\\/fr\\\/#organization\"},\"potentialAction\":[{\"@type\":\"SearchAction\",\"target\":{\"@type\":\"EntryPoint\",\"urlTemplate\":\"https:\\\/\\\/ecosupplements.be\\\/fr\\\/?s={search_term_string}\"},\"query-input\":{\"@type\":\"PropertyValueSpecification\",\"valueRequired\":true,\"valueName\":\"search_term_string\"}}],\"inLanguage\":\"fr-FR\"},{\"@type\":\"Organization\",\"@id\":\"https:\\\/\\\/ecosupplements.be\\\/fr\\\/#organization\",\"name\":\"Eco Supplements\",\"url\":\"https:\\\/\\\/ecosupplements.be\\\/fr\\\/\",\"logo\":{\"@type\":\"ImageObject\",\"inLanguage\":\"fr-FR\",\"@id\":\"https:\\\/\\\/ecosupplements.be\\\/fr\\\/#\\\/schema\\\/logo\\\/image\\\/\",\"url\":\"https:\\\/\\\/ecosupplements.be\\\/wp-content\\\/uploads\\\/2022\\\/06\\\/ecosupplement-family.png\",\"contentUrl\":\"https:\\\/\\\/ecosupplements.be\\\/wp-content\\\/uploads\\\/2022\\\/06\\\/ecosupplement-family.png\",\"width\":593,\"height\":374,\"caption\":\"Eco Supplements\"},\"image\":{\"@id\":\"https:\\\/\\\/ecosupplements.be\\\/fr\\\/#\\\/schema\\\/logo\\\/image\\\/\"}}]}<\/script>\n<meta property=\"product:brand\" content=\"NOW Foods\" \/>\n<meta property=\"product:price:amount\" content=\"19.73\" \/>\n<meta property=\"product:price:currency\" content=\"EUR\" \/>\n<meta property=\"og:availability\" content=\"instock\" \/>\n<meta property=\"product:availability\" content=\"instock\" \/>\n<meta property=\"product:retailer_item_id\" content=\"733739045928\" \/>\n<meta property=\"product:condition\" content=\"new\" \/>\n<!-- \/ Yoast SEO Premium plugin. -->","yoast_head_json":{"title":"Extrait d'artichaut, 450mg - 90 g\u00e9lules - ECO Supplements","description":"Wij hebben een ruime keuze aan producten van Extrait d'artichaut, 450mg - 90 g\u00e9lules . Winkel bij Eco Supplements altijd gratis verzending boven 100\u20ac","robots":{"index":"index","follow":"follow","max-snippet":"max-snippet:-1","max-image-preview":"max-image-preview:large","max-video-preview":"max-video-preview:-1"},"canonical":"https:\/\/ecosupplements.be\/fr\/produit\/extrait-dartichaut-450mg-90-gelules\/","og_locale":"fr_FR","og_type":"article","og_title":"Extrait d'artichaut, 450mg - 90 g\u00e9lules","og_description":"Wij hebben een ruime keuze aan producten van Extrait d'artichaut, 450mg - 90 g\u00e9lules . Winkel bij Eco Supplements altijd gratis verzending boven 100\u20ac","og_url":"https:\/\/ecosupplements.be\/fr\/produit\/extrait-dartichaut-450mg-90-gelules\/","og_site_name":"ECO Supplements","article_modified_time":"2025-08-27T13:45:44+00:00","og_image":[{"width":447,"height":864,"url":"https:\/\/ecosupplements.be\/wp-content\/uploads\/2025\/08\/Artichoke-Extract-450mg-90-vcaps.jpg","type":"image\/jpeg"}],"twitter_card":"summary_large_image","twitter_misc":{"Prix":"19.73&nbsp;&euro;","Disponibilit\u00e9":"En stock"},"schema":{"@context":"https:\/\/schema.org","@graph":[{"@type":["WebPage","ItemPage"],"@id":"https:\/\/ecosupplements.be\/fr\/produit\/extrait-dartichaut-450mg-90-gelules\/","url":"https:\/\/ecosupplements.be\/fr\/produit\/extrait-dartichaut-450mg-90-gelules\/","name":"Extrait d'artichaut, 450mg - 90 g\u00e9lules - ECO Supplements","isPartOf":{"@id":"https:\/\/ecosupplements.be\/fr\/#website"},"primaryImageOfPage":{"@id":"https:\/\/ecosupplements.be\/fr\/produit\/extrait-dartichaut-450mg-90-gelules\/#primaryimage"},"image":{"@id":"https:\/\/ecosupplements.be\/fr\/produit\/extrait-dartichaut-450mg-90-gelules\/#primaryimage"},"thumbnailUrl":"https:\/\/ecosupplements.be\/wp-content\/uploads\/2025\/08\/NOW-Foods-Artichoke-Extract-90-vcaps.jpg","datePublished":"2022-06-28T09:21:13+00:00","dateModified":"2025-08-27T13:45:44+00:00","description":"Wij hebben een ruime keuze aan producten van Extrait d'artichaut, 450mg - 90 g\u00e9lules . Winkel bij Eco Supplements altijd gratis verzending boven 100\u20ac","breadcrumb":{"@id":"https:\/\/ecosupplements.be\/fr\/produit\/extrait-dartichaut-450mg-90-gelules\/#breadcrumb"},"inLanguage":"fr-FR","potentialAction":[{"@type":"ReadAction","target":["https:\/\/ecosupplements.be\/fr\/produit\/extrait-dartichaut-450mg-90-gelules\/"]}]},{"@type":"ImageObject","inLanguage":"fr-FR","@id":"https:\/\/ecosupplements.be\/fr\/produit\/extrait-dartichaut-450mg-90-gelules\/#primaryimage","url":"https:\/\/ecosupplements.be\/wp-content\/uploads\/2025\/08\/NOW-Foods-Artichoke-Extract-90-vcaps.jpg","contentUrl":"https:\/\/ecosupplements.be\/wp-content\/uploads\/2025\/08\/NOW-Foods-Artichoke-Extract-90-vcaps.jpg","width":750,"height":750},{"@type":"BreadcrumbList","@id":"https:\/\/ecosupplements.be\/fr\/produit\/extrait-dartichaut-450mg-90-gelules\/#breadcrumb","itemListElement":[{"@type":"ListItem","position":1,"name":"Home","item":"https:\/\/ecosupplements.be\/fr\/"},{"@type":"ListItem","position":2,"name":"Boutique","item":"https:\/\/ecosupplements.be\/fr\/boutique\/"},{"@type":"ListItem","position":3,"name":"Extrait d&#8217;artichaut, 450mg &#8211; 90 g\u00e9lules"}]},{"@type":"WebSite","@id":"https:\/\/ecosupplements.be\/fr\/#website","url":"https:\/\/ecosupplements.be\/fr\/","name":"ECO Supplements","description":"Eco Supplements - Gezonde supplementen","publisher":{"@id":"https:\/\/ecosupplements.be\/fr\/#organization"},"potentialAction":[{"@type":"SearchAction","target":{"@type":"EntryPoint","urlTemplate":"https:\/\/ecosupplements.be\/fr\/?s={search_term_string}"},"query-input":{"@type":"PropertyValueSpecification","valueRequired":true,"valueName":"search_term_string"}}],"inLanguage":"fr-FR"},{"@type":"Organization","@id":"https:\/\/ecosupplements.be\/fr\/#organization","name":"Eco Supplements","url":"https:\/\/ecosupplements.be\/fr\/","logo":{"@type":"ImageObject","inLanguage":"fr-FR","@id":"https:\/\/ecosupplements.be\/fr\/#\/schema\/logo\/image\/","url":"https:\/\/ecosupplements.be\/wp-content\/uploads\/2022\/06\/ecosupplement-family.png","contentUrl":"https:\/\/ecosupplements.be\/wp-content\/uploads\/2022\/06\/ecosupplement-family.png","width":593,"height":374,"caption":"Eco Supplements"},"image":{"@id":"https:\/\/ecosupplements.be\/fr\/#\/schema\/logo\/image\/"}}]},"product_brand":"NOW Foods","product_price_amount":"19.73","product_price_currency":"EUR","og_availability":"instock","product_availability":"instock","product_retailer_item_id":"733739045928","product_condition":"new"},"_links":{"self":[{"href":"https:\/\/ecosupplements.be\/fr\/wp-json\/wp\/v2\/product\/288742","targetHints":{"allow":["GET"]}}],"collection":[{"href":"https:\/\/ecosupplements.be\/fr\/wp-json\/wp\/v2\/product"}],"about":[{"href":"https:\/\/ecosupplements.be\/fr\/wp-json\/wp\/v2\/types\/product"}],"replies":[{"embeddable":true,"href":"https:\/\/ecosupplements.be\/fr\/wp-json\/wp\/v2\/comments?post=288742"}],"wp:featuredmedia":[{"embeddable":true,"href":"https:\/\/ecosupplements.be\/fr\/wp-json\/wp\/v2\/media\/249108"}],"wp:attachment":[{"href":"https:\/\/ecosupplements.be\/fr\/wp-json\/wp\/v2\/media?parent=288742"}],"wp:term":[{"taxonomy":"product_brand","embeddable":true,"href":"https:\/\/ecosupplements.be\/fr\/wp-json\/wp\/v2\/product_brand?post=288742"},{"taxonomy":"product_cat","embeddable":true,"href":"https:\/\/ecosupplements.be\/fr\/wp-json\/wp\/v2\/product_cat?post=288742"},{"taxonomy":"product_tag","embeddable":true,"href":"https:\/\/ecosupplements.be\/fr\/wp-json\/wp\/v2\/product_tag?post=288742"}],"curies":[{"name":"wp","href":"https:\/\/api.w.org\/{rel}","templated":true}]}}