{"id":288748,"date":"2022-06-28T10:21:13","date_gmt":"2022-06-28T09:21:13","guid":{"rendered":"https:\/\/ecosupplements.be\/product\/extrait-dashwagandha-450mg-90-gelules\/"},"modified":"2025-08-27T14:45:50","modified_gmt":"2025-08-27T13:45:50","slug":"extrait-dashwagandha-450mg-90-gelules","status":"publish","type":"product","link":"https:\/\/ecosupplements.be\/fr\/produit\/extrait-dashwagandha-450mg-90-gelules\/","title":{"rendered":"Extrait d&#8217;Ashwagandha, 450mg &#8211; 90 g\u00e9lules"},"content":{"rendered":"<h1>Ashwagandha Extract, 450mg\u2063 &#8211; 90 vcaps<\/h1>\n<p>D\u00e9couvrez les bienfaits de l&#8217;Ashwagandha, une plante\u2064 adaptog\u00e8ne utilis\u00e9e depuis\u2064 des\u200d si\u00e8cles dans la m\u00e9decine ayurv\u00e9dique\u200b pour ses propri\u00e9t\u00e9s m\u00e9dicinales. Le suppl\u00e9ment Ashwagandha Extract de NOW Foods est une formule puissante qui contient 450mg d&#8217;extrait \u2063d&#8217;Ashwagandha par capsule \u200dv\u00e9g\u00e9tale, pour une dose optimale de cette plante b\u00e9n\u00e9fique.<\/p>\n<h2>Caract\u00e9ristiques sp\u00e9ciales:<\/h2>\n<ul>\n<li>Formule \u00e0 base\u200d d&#8217;extrait \u200bd&#8217;Ashwagandha\u200b de haute qualit\u00e9<\/li>\n<li>Chaque capsule v\u00e9g\u00e9tale contient 450mg \u200dd&#8217;extrait \u200bd&#8217;Ashwagandha<\/li>\n<li>Convient aux v\u00e9g\u00e9tariens et v\u00e9g\u00e9taliens<\/li>\n<li>Ne \u2064contient pas de gluten, de soja, \u200bde produits laitiers, ni d&#8217;OGM<\/li>\n<li>Fabriqu\u00e9 \u2064aux \u00c9tats-Unis\u2064 selon les normes de qualit\u00e9 les plus strictes<\/li>\n<\/ul>\n<h2>Ingr\u00e9dients:<\/h2>\n<p>Chaque capsule v\u00e9g\u00e9tale contient \u2062450mg d&#8217;extrait d&#8217;Ashwagandha \u2063(Withania\u200d somnifera) standardis\u00e9 \u00e0 \u20632,5% \u2062de withanolides, \u2062ainsi\u2064 que des ingr\u00e9dients inactifs tels que\u2062 la cellulose\u200c (capsule), la farine de riz et le\u2062 st\u00e9arate\u200c de\u2064 magn\u00e9sium (source v\u00e9g\u00e9tale).<\/p>\n<h2>Avantages uniques:<\/h2>\n<p>L&#8217;Ashwagandha est une plante adaptog\u00e8ne qui aide \u00e0 r\u00e9duire le stress et l&#8217;anxi\u00e9t\u00e9,\u200b \u00e0 am\u00e9liorer la qualit\u00e9 du sommeil \u200cet \u00e0 renforcer le syst\u00e8me immunitaire. Elle est \u00e9galement connue pour ses propri\u00e9t\u00e9s anti-inflammatoires et antioxydantes, qui peuvent contribuer \u200d\u00e0 la\u2062 sant\u00e9 globale \u2062du corps et de l&#8217;esprit.<\/p>\n<p>Le suppl\u00e9ment Ashwagandha Extract de NOW Foods offre une dose puissante et efficace \u2064d&#8217;extrait d&#8217;Ashwagandha, pour \u200cvous\u200d aider \u00e0 profiter pleinement \u2064des \u200bbienfaits de cette plante m\u00e9dicinale.<\/p>\n<h2>Conseils\u2063 d&#8217;utilisation:<\/h2>\n<p>Prenez 1 capsule v\u00e9g\u00e9tale \u2064une \u00e0 deux fois par jour, \u2062de pr\u00e9f\u00e9rence avec de\u2064 la nourriture.<\/p>\n<p>Ne \u2062pas d\u00e9passer\u200b la dose recommand\u00e9e. Consultez votre m\u00e9decin avant de prendre ce suppl\u00e9ment \u200dsi \u200bvous\u200b \u00eates enceinte, allaitez, \u2063prenez\u2062 des m\u00e9dicaments ou si vous avez des probl\u00e8mes de sant\u00e9.<\/p>\n<p>Stockez dans un endroit frais et sec apr\u00e8s ouverture.<\/p>\n<p>Profitez des bienfaits de l&#8217;Ashwagandha avec \u200cle suppl\u00e9ment Ashwagandha Extract de NOW Foods. Commandez d\u00e8s maintenant!<\/p>\n","protected":false},"excerpt":{"rendered":"<p>Ashwagandha Extract, 450mg\u2063 &#8211; 90 vcaps D\u00e9couvrez les bienfaits de l&#8217;Ashwagandha, une plante\u2064 adaptog\u00e8ne utilis\u00e9e depuis\u2064 des\u200d si\u00e8cles dans la m\u00e9decine ayurv\u00e9dique\u200b pour ses propri\u00e9t\u00e9s m\u00e9dicinales. Le suppl\u00e9ment Ashwagandha Extract de NOW Foods est une formule puissante qui contient 450mg d&#8217;extrait \u2063d&#8217;Ashwagandha par capsule \u200dv\u00e9g\u00e9tale, pour une dose optimale de cette plante b\u00e9n\u00e9fique. Caract\u00e9ristiques sp\u00e9ciales: [&#8230;]\n","protected":false},"featured_media":249128,"comment_status":"open","ping_status":"open","template":"","meta":[],"product_brand":[4736,4733],"product_cat":[5054,5055,5052],"product_tag":[],"class_list":{"0":"post-288748","1":"product","2":"type-product","3":"status-publish","4":"has-post-thumbnail","6":"product_brand-now-2","7":"product_brand-now-foods-2","8":"product_cat-nourriture-saine","9":"product_cat-produits-vegetaliens","10":"product_cat-sante-et-bien-etre","12":"first","13":"instock","14":"taxable","15":"shipping-taxable","16":"purchasable","17":"product-type-simple"},"yoast_head":"<!-- This site is optimized with the Yoast SEO Premium plugin v27.3 (Yoast SEO v27.3) - https:\/\/yoast.com\/product\/yoast-seo-premium-wordpress\/ -->\n<title>Extrait d&#039;Ashwagandha, 450mg - 90 g\u00e9lules - ECO Supplements<\/title>\n<meta name=\"description\" content=\"Wij hebben een ruime keuze aan producten van Extrait d&#039;Ashwagandha, 450mg - 90 g\u00e9lules . Winkel bij Eco Supplements altijd gratis verzending boven 100\u20ac\" \/>\n<meta name=\"robots\" content=\"index, follow, max-snippet:-1, max-image-preview:large, max-video-preview:-1\" \/>\n<link rel=\"canonical\" href=\"https:\/\/ecosupplements.be\/fr\/produit\/extrait-dashwagandha-450mg-90-gelules\/\" \/>\n<meta property=\"og:locale\" content=\"fr_FR\" \/>\n<meta property=\"og:type\" content=\"article\" \/>\n<meta property=\"og:title\" content=\"Extrait d&#039;Ashwagandha, 450mg - 90 g\u00e9lules\" \/>\n<meta property=\"og:description\" content=\"Wij hebben een ruime keuze aan producten van Extrait d&#039;Ashwagandha, 450mg - 90 g\u00e9lules . Winkel bij Eco Supplements altijd gratis verzending boven 100\u20ac\" \/>\n<meta property=\"og:url\" content=\"https:\/\/ecosupplements.be\/fr\/produit\/extrait-dashwagandha-450mg-90-gelules\/\" \/>\n<meta property=\"og:site_name\" content=\"ECO Supplements\" \/>\n<meta property=\"article:modified_time\" content=\"2025-08-27T13:45:50+00:00\" \/>\n<meta property=\"og:image\" content=\"https:\/\/ecosupplements.be\/wp-content\/uploads\/2025\/08\/Ashwagandha-Extract-450mg-90-vcaps.jpg\" \/>\n\t<meta property=\"og:image:width\" content=\"405\" \/>\n\t<meta property=\"og:image:height\" content=\"880\" \/>\n\t<meta property=\"og:image:type\" content=\"image\/jpeg\" \/>\n<meta name=\"twitter:card\" content=\"summary_large_image\" \/>\n<meta name=\"twitter:label1\" content=\"Prix\" \/>\n\t<meta name=\"twitter:data1\" content=\"16.50&nbsp;&euro;\" \/>\n\t<meta name=\"twitter:label2\" content=\"Disponibilit\u00e9\" \/>\n\t<meta name=\"twitter:data2\" content=\"En stock\" \/>\n<script type=\"application\/ld+json\" class=\"yoast-schema-graph\">{\"@context\":\"https:\\\/\\\/schema.org\",\"@graph\":[{\"@type\":[\"WebPage\",\"ItemPage\"],\"@id\":\"https:\\\/\\\/ecosupplements.be\\\/fr\\\/produit\\\/extrait-dashwagandha-450mg-90-gelules\\\/\",\"url\":\"https:\\\/\\\/ecosupplements.be\\\/fr\\\/produit\\\/extrait-dashwagandha-450mg-90-gelules\\\/\",\"name\":\"Extrait d'Ashwagandha, 450mg - 90 g\u00e9lules - ECO Supplements\",\"isPartOf\":{\"@id\":\"https:\\\/\\\/ecosupplements.be\\\/fr\\\/#website\"},\"primaryImageOfPage\":{\"@id\":\"https:\\\/\\\/ecosupplements.be\\\/fr\\\/produit\\\/extrait-dashwagandha-450mg-90-gelules\\\/#primaryimage\"},\"image\":{\"@id\":\"https:\\\/\\\/ecosupplements.be\\\/fr\\\/produit\\\/extrait-dashwagandha-450mg-90-gelules\\\/#primaryimage\"},\"thumbnailUrl\":\"https:\\\/\\\/ecosupplements.be\\\/wp-content\\\/uploads\\\/2025\\\/08\\\/NOW-Foods-Ashwagandha-Extract-450mg-90-vcaps.jpg\",\"datePublished\":\"2022-06-28T09:21:13+00:00\",\"dateModified\":\"2025-08-27T13:45:50+00:00\",\"description\":\"Wij hebben een ruime keuze aan producten van Extrait d'Ashwagandha, 450mg - 90 g\u00e9lules . Winkel bij Eco Supplements altijd gratis verzending boven 100\u20ac\",\"breadcrumb\":{\"@id\":\"https:\\\/\\\/ecosupplements.be\\\/fr\\\/produit\\\/extrait-dashwagandha-450mg-90-gelules\\\/#breadcrumb\"},\"inLanguage\":\"fr-FR\",\"potentialAction\":[{\"@type\":\"ReadAction\",\"target\":[\"https:\\\/\\\/ecosupplements.be\\\/fr\\\/produit\\\/extrait-dashwagandha-450mg-90-gelules\\\/\"]}]},{\"@type\":\"ImageObject\",\"inLanguage\":\"fr-FR\",\"@id\":\"https:\\\/\\\/ecosupplements.be\\\/fr\\\/produit\\\/extrait-dashwagandha-450mg-90-gelules\\\/#primaryimage\",\"url\":\"https:\\\/\\\/ecosupplements.be\\\/wp-content\\\/uploads\\\/2025\\\/08\\\/NOW-Foods-Ashwagandha-Extract-450mg-90-vcaps.jpg\",\"contentUrl\":\"https:\\\/\\\/ecosupplements.be\\\/wp-content\\\/uploads\\\/2025\\\/08\\\/NOW-Foods-Ashwagandha-Extract-450mg-90-vcaps.jpg\",\"width\":750,\"height\":750},{\"@type\":\"BreadcrumbList\",\"@id\":\"https:\\\/\\\/ecosupplements.be\\\/fr\\\/produit\\\/extrait-dashwagandha-450mg-90-gelules\\\/#breadcrumb\",\"itemListElement\":[{\"@type\":\"ListItem\",\"position\":1,\"name\":\"Home\",\"item\":\"https:\\\/\\\/ecosupplements.be\\\/fr\\\/\"},{\"@type\":\"ListItem\",\"position\":2,\"name\":\"Boutique\",\"item\":\"https:\\\/\\\/ecosupplements.be\\\/fr\\\/boutique\\\/\"},{\"@type\":\"ListItem\",\"position\":3,\"name\":\"Extrait d&#8217;Ashwagandha, 450mg &#8211; 90 g\u00e9lules\"}]},{\"@type\":\"WebSite\",\"@id\":\"https:\\\/\\\/ecosupplements.be\\\/fr\\\/#website\",\"url\":\"https:\\\/\\\/ecosupplements.be\\\/fr\\\/\",\"name\":\"ECO Supplements\",\"description\":\"Eco Supplements - Gezonde supplementen\",\"publisher\":{\"@id\":\"https:\\\/\\\/ecosupplements.be\\\/fr\\\/#organization\"},\"potentialAction\":[{\"@type\":\"SearchAction\",\"target\":{\"@type\":\"EntryPoint\",\"urlTemplate\":\"https:\\\/\\\/ecosupplements.be\\\/fr\\\/?s={search_term_string}\"},\"query-input\":{\"@type\":\"PropertyValueSpecification\",\"valueRequired\":true,\"valueName\":\"search_term_string\"}}],\"inLanguage\":\"fr-FR\"},{\"@type\":\"Organization\",\"@id\":\"https:\\\/\\\/ecosupplements.be\\\/fr\\\/#organization\",\"name\":\"Eco Supplements\",\"url\":\"https:\\\/\\\/ecosupplements.be\\\/fr\\\/\",\"logo\":{\"@type\":\"ImageObject\",\"inLanguage\":\"fr-FR\",\"@id\":\"https:\\\/\\\/ecosupplements.be\\\/fr\\\/#\\\/schema\\\/logo\\\/image\\\/\",\"url\":\"https:\\\/\\\/ecosupplements.be\\\/wp-content\\\/uploads\\\/2022\\\/06\\\/ecosupplement-family.png\",\"contentUrl\":\"https:\\\/\\\/ecosupplements.be\\\/wp-content\\\/uploads\\\/2022\\\/06\\\/ecosupplement-family.png\",\"width\":593,\"height\":374,\"caption\":\"Eco Supplements\"},\"image\":{\"@id\":\"https:\\\/\\\/ecosupplements.be\\\/fr\\\/#\\\/schema\\\/logo\\\/image\\\/\"}}]}<\/script>\n<meta property=\"product:brand\" content=\"NOW\" \/>\n<meta property=\"product:price:amount\" content=\"16.50\" \/>\n<meta property=\"product:price:currency\" content=\"EUR\" \/>\n<meta property=\"og:availability\" content=\"instock\" \/>\n<meta property=\"product:availability\" content=\"instock\" \/>\n<meta property=\"product:retailer_item_id\" content=\"733739046031\" \/>\n<meta property=\"product:condition\" content=\"new\" \/>\n<!-- \/ Yoast SEO Premium plugin. -->","yoast_head_json":{"title":"Extrait d'Ashwagandha, 450mg - 90 g\u00e9lules - ECO Supplements","description":"Wij hebben een ruime keuze aan producten van Extrait d'Ashwagandha, 450mg - 90 g\u00e9lules . Winkel bij Eco Supplements altijd gratis verzending boven 100\u20ac","robots":{"index":"index","follow":"follow","max-snippet":"max-snippet:-1","max-image-preview":"max-image-preview:large","max-video-preview":"max-video-preview:-1"},"canonical":"https:\/\/ecosupplements.be\/fr\/produit\/extrait-dashwagandha-450mg-90-gelules\/","og_locale":"fr_FR","og_type":"article","og_title":"Extrait d'Ashwagandha, 450mg - 90 g\u00e9lules","og_description":"Wij hebben een ruime keuze aan producten van Extrait d'Ashwagandha, 450mg - 90 g\u00e9lules . Winkel bij Eco Supplements altijd gratis verzending boven 100\u20ac","og_url":"https:\/\/ecosupplements.be\/fr\/produit\/extrait-dashwagandha-450mg-90-gelules\/","og_site_name":"ECO Supplements","article_modified_time":"2025-08-27T13:45:50+00:00","og_image":[{"width":405,"height":880,"url":"https:\/\/ecosupplements.be\/wp-content\/uploads\/2025\/08\/Ashwagandha-Extract-450mg-90-vcaps.jpg","type":"image\/jpeg"}],"twitter_card":"summary_large_image","twitter_misc":{"Prix":"16.50&nbsp;&euro;","Disponibilit\u00e9":"En stock"},"schema":{"@context":"https:\/\/schema.org","@graph":[{"@type":["WebPage","ItemPage"],"@id":"https:\/\/ecosupplements.be\/fr\/produit\/extrait-dashwagandha-450mg-90-gelules\/","url":"https:\/\/ecosupplements.be\/fr\/produit\/extrait-dashwagandha-450mg-90-gelules\/","name":"Extrait d'Ashwagandha, 450mg - 90 g\u00e9lules - ECO Supplements","isPartOf":{"@id":"https:\/\/ecosupplements.be\/fr\/#website"},"primaryImageOfPage":{"@id":"https:\/\/ecosupplements.be\/fr\/produit\/extrait-dashwagandha-450mg-90-gelules\/#primaryimage"},"image":{"@id":"https:\/\/ecosupplements.be\/fr\/produit\/extrait-dashwagandha-450mg-90-gelules\/#primaryimage"},"thumbnailUrl":"https:\/\/ecosupplements.be\/wp-content\/uploads\/2025\/08\/NOW-Foods-Ashwagandha-Extract-450mg-90-vcaps.jpg","datePublished":"2022-06-28T09:21:13+00:00","dateModified":"2025-08-27T13:45:50+00:00","description":"Wij hebben een ruime keuze aan producten van Extrait d'Ashwagandha, 450mg - 90 g\u00e9lules . Winkel bij Eco Supplements altijd gratis verzending boven 100\u20ac","breadcrumb":{"@id":"https:\/\/ecosupplements.be\/fr\/produit\/extrait-dashwagandha-450mg-90-gelules\/#breadcrumb"},"inLanguage":"fr-FR","potentialAction":[{"@type":"ReadAction","target":["https:\/\/ecosupplements.be\/fr\/produit\/extrait-dashwagandha-450mg-90-gelules\/"]}]},{"@type":"ImageObject","inLanguage":"fr-FR","@id":"https:\/\/ecosupplements.be\/fr\/produit\/extrait-dashwagandha-450mg-90-gelules\/#primaryimage","url":"https:\/\/ecosupplements.be\/wp-content\/uploads\/2025\/08\/NOW-Foods-Ashwagandha-Extract-450mg-90-vcaps.jpg","contentUrl":"https:\/\/ecosupplements.be\/wp-content\/uploads\/2025\/08\/NOW-Foods-Ashwagandha-Extract-450mg-90-vcaps.jpg","width":750,"height":750},{"@type":"BreadcrumbList","@id":"https:\/\/ecosupplements.be\/fr\/produit\/extrait-dashwagandha-450mg-90-gelules\/#breadcrumb","itemListElement":[{"@type":"ListItem","position":1,"name":"Home","item":"https:\/\/ecosupplements.be\/fr\/"},{"@type":"ListItem","position":2,"name":"Boutique","item":"https:\/\/ecosupplements.be\/fr\/boutique\/"},{"@type":"ListItem","position":3,"name":"Extrait d&#8217;Ashwagandha, 450mg &#8211; 90 g\u00e9lules"}]},{"@type":"WebSite","@id":"https:\/\/ecosupplements.be\/fr\/#website","url":"https:\/\/ecosupplements.be\/fr\/","name":"ECO Supplements","description":"Eco Supplements - Gezonde supplementen","publisher":{"@id":"https:\/\/ecosupplements.be\/fr\/#organization"},"potentialAction":[{"@type":"SearchAction","target":{"@type":"EntryPoint","urlTemplate":"https:\/\/ecosupplements.be\/fr\/?s={search_term_string}"},"query-input":{"@type":"PropertyValueSpecification","valueRequired":true,"valueName":"search_term_string"}}],"inLanguage":"fr-FR"},{"@type":"Organization","@id":"https:\/\/ecosupplements.be\/fr\/#organization","name":"Eco Supplements","url":"https:\/\/ecosupplements.be\/fr\/","logo":{"@type":"ImageObject","inLanguage":"fr-FR","@id":"https:\/\/ecosupplements.be\/fr\/#\/schema\/logo\/image\/","url":"https:\/\/ecosupplements.be\/wp-content\/uploads\/2022\/06\/ecosupplement-family.png","contentUrl":"https:\/\/ecosupplements.be\/wp-content\/uploads\/2022\/06\/ecosupplement-family.png","width":593,"height":374,"caption":"Eco Supplements"},"image":{"@id":"https:\/\/ecosupplements.be\/fr\/#\/schema\/logo\/image\/"}}]},"product_brand":"NOW","product_price_amount":"16.50","product_price_currency":"EUR","og_availability":"instock","product_availability":"instock","product_retailer_item_id":"733739046031","product_condition":"new"},"_links":{"self":[{"href":"https:\/\/ecosupplements.be\/fr\/wp-json\/wp\/v2\/product\/288748","targetHints":{"allow":["GET"]}}],"collection":[{"href":"https:\/\/ecosupplements.be\/fr\/wp-json\/wp\/v2\/product"}],"about":[{"href":"https:\/\/ecosupplements.be\/fr\/wp-json\/wp\/v2\/types\/product"}],"replies":[{"embeddable":true,"href":"https:\/\/ecosupplements.be\/fr\/wp-json\/wp\/v2\/comments?post=288748"}],"wp:featuredmedia":[{"embeddable":true,"href":"https:\/\/ecosupplements.be\/fr\/wp-json\/wp\/v2\/media\/249128"}],"wp:attachment":[{"href":"https:\/\/ecosupplements.be\/fr\/wp-json\/wp\/v2\/media?parent=288748"}],"wp:term":[{"taxonomy":"product_brand","embeddable":true,"href":"https:\/\/ecosupplements.be\/fr\/wp-json\/wp\/v2\/product_brand?post=288748"},{"taxonomy":"product_cat","embeddable":true,"href":"https:\/\/ecosupplements.be\/fr\/wp-json\/wp\/v2\/product_cat?post=288748"},{"taxonomy":"product_tag","embeddable":true,"href":"https:\/\/ecosupplements.be\/fr\/wp-json\/wp\/v2\/product_tag?post=288748"}],"curies":[{"name":"wp","href":"https:\/\/api.w.org\/{rel}","templated":true}]}}