{"id":288751,"date":"2024-03-08T18:50:33","date_gmt":"2024-03-08T17:50:33","guid":{"rendered":"https:\/\/ecosupplements.be\/product\/ashwagandha-soulagement-du-stress-60-gelules\/"},"modified":"2025-08-27T14:45:53","modified_gmt":"2025-08-27T13:45:53","slug":"ashwagandha-soulagement-du-stress-60-gelules","status":"publish","type":"product","link":"https:\/\/ecosupplements.be\/fr\/produit\/ashwagandha-soulagement-du-stress-60-gelules\/","title":{"rendered":"Ashwagandha Soulagement du Stress &#8211; 60 g\u00e9lules"},"content":{"rendered":"<h1>Ashwagandha Stress Relief -\u2063 60 vcaps<\/h1>\n<p>D\u00e9couvrez le pouvoir de l&#8217;Ashwagandha pour soulager\u2062 le stress et\u200c am\u00e9liorer votre bien-\u00eatre avec\u2063 les g\u00e9lules Ashwagandha\u200d Stress Relief de NOW \u200dFoods. Cette formule naturelle et puissante est\u200c con\u00e7ue\u200b pour aider \u00e0\u200d r\u00e9duire les effets du \u2062stress sur le corps et l&#8217;esprit.<\/p>\n<h2>Caract\u00e9ristiques sp\u00e9ciales:<\/h2>\n<ul>\n<li>Contient 450 mg d&#8217;extrait d&#8217;Ashwagandha par \u200cg\u00e9lule<\/li>\n<li>Formule v\u00e9g\u00e9tarienne et sans gluten<\/li>\n<li>Produit fabriqu\u00e9 aux \u00c9tats-Unis<\/li>\n<\/ul>\n<h2>Ingr\u00e9dients cl\u00e9s:<\/h2>\n<p>L&#8217;Ashwagandha, \u00e9galement connue sous le nom \u200dde &#8220;ginseng indien&#8221;, est une plante adaptog\u00e8ne utilis\u00e9e depuis des si\u00e8cles dans la m\u00e9decine \u2064ayurv\u00e9dique \u2064pour ses \u2064propri\u00e9t\u00e9s \u2064apaisantes\u2063 et revitalisantes. Chaque g\u00e9lule contient 450 mg d&#8217;extrait d&#8217;Ashwagandha standardis\u00e9 \u200cpour contenir \u20632,5% \u200dde withanolides, les compos\u00e9s actifs de\u200b la plante.<\/p>\n<h2>Avantages uniques:<\/h2>\n<ul>\n<li>Aide\u200b \u00e0 r\u00e9duire les sympt\u00f4mes\u200c du stress \u2064tels que l&#8217;anxi\u00e9t\u00e9 et la fatigue<\/li>\n<li>Peut am\u00e9liorer la qualit\u00e9 du sommeil et\u2062 favoriser la relaxation<\/li>\n<li>Contribue \u00e0 renforcer le syst\u00e8me immunitaire et \u00e0 \u200baugmenter l&#8217;\u00e9nergie<\/li>\n<\/ul>\n<h2>Mode d&#8217;emploi:<\/h2>\n<p>Prenez \u20631 g\u00e9lule par\u2063 jour avec de l&#8217;eau, \u200bde pr\u00e9f\u00e9rence pendant \u200dun repas.<\/p>\n<h2>Principales\u2064 caract\u00e9ristiques:<\/h2>\n<ul>\n<li>Contient 60 g\u00e9lules \u2062par flacon,\u200b pour un approvisionnement de 2 mois<\/li>\n<li>Formule naturelle et sans \u200ceffets\u2064 secondaires connus<\/li>\n<li>Convient aux \u200dadultes de tous \u00e2ges<\/li>\n<\/ul>\n<p>Am\u00e9liorez votre bien-\u00eatre et \u200bg\u00e9rez votre stress \u2064de mani\u00e8re naturelle avec les g\u00e9lules\u200d Ashwagandha Stress \u2062Relief de NOW Foods. Commandez d\u00e8s\u2064 maintenant et ressentez les bienfaits de cette plante \u200badaptog\u00e8ne puissante.<\/p>\n","protected":false},"excerpt":{"rendered":"<p>Ashwagandha Stress Relief -\u2063 60 vcaps D\u00e9couvrez le pouvoir de l&#8217;Ashwagandha pour soulager\u2062 le stress et\u200c am\u00e9liorer votre bien-\u00eatre avec\u2063 les g\u00e9lules Ashwagandha\u200d Stress Relief de NOW \u200dFoods. Cette formule naturelle et puissante est\u200c con\u00e7ue\u200b pour aider \u00e0\u200d r\u00e9duire les effets du \u2062stress sur le corps et l&#8217;esprit. Caract\u00e9ristiques sp\u00e9ciales: Contient 450 mg d&#8217;extrait d&#8217;Ashwagandha [&#8230;]\n","protected":false},"featured_media":264626,"comment_status":"open","ping_status":"open","template":"","meta":[],"product_brand":[4736,4733],"product_cat":[5119,5052],"product_tag":[],"class_list":{"0":"post-288751","1":"product","2":"type-product","3":"status-publish","4":"has-post-thumbnail","6":"product_brand-now-2","7":"product_brand-now-foods-2","8":"product_cat-amelioration-de-lhumeur","9":"product_cat-sante-et-bien-etre","11":"first","12":"instock","13":"taxable","14":"shipping-taxable","15":"purchasable","16":"product-type-simple"},"yoast_head":"<!-- This site is optimized with the Yoast SEO Premium plugin v27.5 (Yoast SEO v27.5) - https:\/\/yoast.com\/product\/yoast-seo-premium-wordpress\/ -->\n<title>Ashwagandha Soulagement du Stress - 60 g\u00e9lules - ECO Supplements<\/title>\n<meta name=\"description\" content=\"Wij hebben een ruime keuze aan producten van Ashwagandha Soulagement du Stress - 60 g\u00e9lules . Winkel bij Eco Supplements altijd gratis verzending boven 100\u20ac\" \/>\n<meta name=\"robots\" content=\"index, follow, max-snippet:-1, max-image-preview:large, max-video-preview:-1\" \/>\n<link rel=\"canonical\" href=\"https:\/\/ecosupplements.be\/fr\/produit\/ashwagandha-soulagement-du-stress-60-gelules\/\" \/>\n<meta property=\"og:locale\" content=\"fr_FR\" \/>\n<meta property=\"og:type\" content=\"article\" \/>\n<meta property=\"og:title\" content=\"Ashwagandha Soulagement du Stress - 60 g\u00e9lules\" \/>\n<meta property=\"og:description\" content=\"Wij hebben een ruime keuze aan producten van Ashwagandha Soulagement du Stress - 60 g\u00e9lules . Winkel bij Eco Supplements altijd gratis verzending boven 100\u20ac\" \/>\n<meta property=\"og:url\" content=\"https:\/\/ecosupplements.be\/fr\/produit\/ashwagandha-soulagement-du-stress-60-gelules\/\" \/>\n<meta property=\"og:site_name\" content=\"ECO Supplements\" \/>\n<meta property=\"article:modified_time\" content=\"2025-08-27T13:45:53+00:00\" \/>\n<meta property=\"og:image\" content=\"https:\/\/ecosupplements.be\/wp-content\/uploads\/2025\/08\/Ashwagandha-Stress-Relief-60-vcaps-1.jpg\" \/>\n\t<meta property=\"og:image:width\" content=\"413\" \/>\n\t<meta property=\"og:image:height\" content=\"880\" \/>\n\t<meta property=\"og:image:type\" content=\"image\/jpeg\" \/>\n<meta name=\"twitter:card\" content=\"summary_large_image\" \/>\n<meta name=\"twitter:label1\" content=\"Prix\" \/>\n\t<meta name=\"twitter:data1\" content=\"34.98&nbsp;&euro;\" \/>\n\t<meta name=\"twitter:label2\" content=\"Disponibilit\u00e9\" \/>\n\t<meta name=\"twitter:data2\" content=\"En stock\" \/>\n<script type=\"application\/ld+json\" class=\"yoast-schema-graph\">{\"@context\":\"https:\\\/\\\/schema.org\",\"@graph\":[{\"@type\":[\"WebPage\",\"ItemPage\"],\"@id\":\"https:\\\/\\\/ecosupplements.be\\\/fr\\\/produit\\\/ashwagandha-soulagement-du-stress-60-gelules\\\/\",\"url\":\"https:\\\/\\\/ecosupplements.be\\\/fr\\\/produit\\\/ashwagandha-soulagement-du-stress-60-gelules\\\/\",\"name\":\"Ashwagandha Soulagement du Stress - 60 g\u00e9lules - ECO Supplements\",\"isPartOf\":{\"@id\":\"https:\\\/\\\/ecosupplements.be\\\/fr\\\/#website\"},\"primaryImageOfPage\":{\"@id\":\"https:\\\/\\\/ecosupplements.be\\\/fr\\\/produit\\\/ashwagandha-soulagement-du-stress-60-gelules\\\/#primaryimage\"},\"image\":{\"@id\":\"https:\\\/\\\/ecosupplements.be\\\/fr\\\/produit\\\/ashwagandha-soulagement-du-stress-60-gelules\\\/#primaryimage\"},\"thumbnailUrl\":\"https:\\\/\\\/ecosupplements.be\\\/wp-content\\\/uploads\\\/2025\\\/08\\\/Ashwagandha-Stress-Relief-60-vcaps.jpg\",\"datePublished\":\"2024-03-08T17:50:33+00:00\",\"dateModified\":\"2025-08-27T13:45:53+00:00\",\"description\":\"Wij hebben een ruime keuze aan producten van Ashwagandha Soulagement du Stress - 60 g\u00e9lules . Winkel bij Eco Supplements altijd gratis verzending boven 100\u20ac\",\"breadcrumb\":{\"@id\":\"https:\\\/\\\/ecosupplements.be\\\/fr\\\/produit\\\/ashwagandha-soulagement-du-stress-60-gelules\\\/#breadcrumb\"},\"inLanguage\":\"fr-FR\",\"potentialAction\":[{\"@type\":\"ReadAction\",\"target\":[\"https:\\\/\\\/ecosupplements.be\\\/fr\\\/produit\\\/ashwagandha-soulagement-du-stress-60-gelules\\\/\"]}]},{\"@type\":\"ImageObject\",\"inLanguage\":\"fr-FR\",\"@id\":\"https:\\\/\\\/ecosupplements.be\\\/fr\\\/produit\\\/ashwagandha-soulagement-du-stress-60-gelules\\\/#primaryimage\",\"url\":\"https:\\\/\\\/ecosupplements.be\\\/wp-content\\\/uploads\\\/2025\\\/08\\\/Ashwagandha-Stress-Relief-60-vcaps.jpg\",\"contentUrl\":\"https:\\\/\\\/ecosupplements.be\\\/wp-content\\\/uploads\\\/2025\\\/08\\\/Ashwagandha-Stress-Relief-60-vcaps.jpg\",\"width\":413,\"height\":880},{\"@type\":\"BreadcrumbList\",\"@id\":\"https:\\\/\\\/ecosupplements.be\\\/fr\\\/produit\\\/ashwagandha-soulagement-du-stress-60-gelules\\\/#breadcrumb\",\"itemListElement\":[{\"@type\":\"ListItem\",\"position\":1,\"name\":\"Home\",\"item\":\"https:\\\/\\\/ecosupplements.be\\\/fr\\\/\"},{\"@type\":\"ListItem\",\"position\":2,\"name\":\"Boutique\",\"item\":\"https:\\\/\\\/ecosupplements.be\\\/fr\\\/boutique\\\/\"},{\"@type\":\"ListItem\",\"position\":3,\"name\":\"Ashwagandha Soulagement du Stress &#8211; 60 g\u00e9lules\"}]},{\"@type\":\"WebSite\",\"@id\":\"https:\\\/\\\/ecosupplements.be\\\/fr\\\/#website\",\"url\":\"https:\\\/\\\/ecosupplements.be\\\/fr\\\/\",\"name\":\"ECO Supplements\",\"description\":\"Eco Supplements - Gezonde supplementen\",\"publisher\":{\"@id\":\"https:\\\/\\\/ecosupplements.be\\\/fr\\\/#organization\"},\"potentialAction\":[{\"@type\":\"SearchAction\",\"target\":{\"@type\":\"EntryPoint\",\"urlTemplate\":\"https:\\\/\\\/ecosupplements.be\\\/fr\\\/?s={search_term_string}\"},\"query-input\":{\"@type\":\"PropertyValueSpecification\",\"valueRequired\":true,\"valueName\":\"search_term_string\"}}],\"inLanguage\":\"fr-FR\"},{\"@type\":\"Organization\",\"@id\":\"https:\\\/\\\/ecosupplements.be\\\/fr\\\/#organization\",\"name\":\"Eco Supplements\",\"url\":\"https:\\\/\\\/ecosupplements.be\\\/fr\\\/\",\"logo\":{\"@type\":\"ImageObject\",\"inLanguage\":\"fr-FR\",\"@id\":\"https:\\\/\\\/ecosupplements.be\\\/fr\\\/#\\\/schema\\\/logo\\\/image\\\/\",\"url\":\"https:\\\/\\\/ecosupplements.be\\\/wp-content\\\/uploads\\\/2022\\\/06\\\/ecosupplement-family.png\",\"contentUrl\":\"https:\\\/\\\/ecosupplements.be\\\/wp-content\\\/uploads\\\/2022\\\/06\\\/ecosupplement-family.png\",\"width\":593,\"height\":374,\"caption\":\"Eco Supplements\"},\"image\":{\"@id\":\"https:\\\/\\\/ecosupplements.be\\\/fr\\\/#\\\/schema\\\/logo\\\/image\\\/\"}}]}<\/script>\n<meta property=\"product:brand\" content=\"NOW\" \/>\n<meta property=\"product:price:amount\" content=\"34.98\" \/>\n<meta property=\"product:price:currency\" content=\"EUR\" \/>\n<meta property=\"og:availability\" content=\"instock\" \/>\n<meta property=\"product:availability\" content=\"instock\" \/>\n<meta property=\"product:retailer_item_id\" content=\"733739023759\" \/>\n<meta property=\"product:condition\" content=\"new\" \/>\n<!-- \/ Yoast SEO Premium plugin. -->","yoast_head_json":{"title":"Ashwagandha Soulagement du Stress - 60 g\u00e9lules - ECO Supplements","description":"Wij hebben een ruime keuze aan producten van Ashwagandha Soulagement du Stress - 60 g\u00e9lules . Winkel bij Eco Supplements altijd gratis verzending boven 100\u20ac","robots":{"index":"index","follow":"follow","max-snippet":"max-snippet:-1","max-image-preview":"max-image-preview:large","max-video-preview":"max-video-preview:-1"},"canonical":"https:\/\/ecosupplements.be\/fr\/produit\/ashwagandha-soulagement-du-stress-60-gelules\/","og_locale":"fr_FR","og_type":"article","og_title":"Ashwagandha Soulagement du Stress - 60 g\u00e9lules","og_description":"Wij hebben een ruime keuze aan producten van Ashwagandha Soulagement du Stress - 60 g\u00e9lules . Winkel bij Eco Supplements altijd gratis verzending boven 100\u20ac","og_url":"https:\/\/ecosupplements.be\/fr\/produit\/ashwagandha-soulagement-du-stress-60-gelules\/","og_site_name":"ECO Supplements","article_modified_time":"2025-08-27T13:45:53+00:00","og_image":[{"width":413,"height":880,"url":"https:\/\/ecosupplements.be\/wp-content\/uploads\/2025\/08\/Ashwagandha-Stress-Relief-60-vcaps-1.jpg","type":"image\/jpeg"}],"twitter_card":"summary_large_image","twitter_misc":{"Prix":"34.98&nbsp;&euro;","Disponibilit\u00e9":"En stock"},"schema":{"@context":"https:\/\/schema.org","@graph":[{"@type":["WebPage","ItemPage"],"@id":"https:\/\/ecosupplements.be\/fr\/produit\/ashwagandha-soulagement-du-stress-60-gelules\/","url":"https:\/\/ecosupplements.be\/fr\/produit\/ashwagandha-soulagement-du-stress-60-gelules\/","name":"Ashwagandha Soulagement du Stress - 60 g\u00e9lules - ECO Supplements","isPartOf":{"@id":"https:\/\/ecosupplements.be\/fr\/#website"},"primaryImageOfPage":{"@id":"https:\/\/ecosupplements.be\/fr\/produit\/ashwagandha-soulagement-du-stress-60-gelules\/#primaryimage"},"image":{"@id":"https:\/\/ecosupplements.be\/fr\/produit\/ashwagandha-soulagement-du-stress-60-gelules\/#primaryimage"},"thumbnailUrl":"https:\/\/ecosupplements.be\/wp-content\/uploads\/2025\/08\/Ashwagandha-Stress-Relief-60-vcaps.jpg","datePublished":"2024-03-08T17:50:33+00:00","dateModified":"2025-08-27T13:45:53+00:00","description":"Wij hebben een ruime keuze aan producten van Ashwagandha Soulagement du Stress - 60 g\u00e9lules . Winkel bij Eco Supplements altijd gratis verzending boven 100\u20ac","breadcrumb":{"@id":"https:\/\/ecosupplements.be\/fr\/produit\/ashwagandha-soulagement-du-stress-60-gelules\/#breadcrumb"},"inLanguage":"fr-FR","potentialAction":[{"@type":"ReadAction","target":["https:\/\/ecosupplements.be\/fr\/produit\/ashwagandha-soulagement-du-stress-60-gelules\/"]}]},{"@type":"ImageObject","inLanguage":"fr-FR","@id":"https:\/\/ecosupplements.be\/fr\/produit\/ashwagandha-soulagement-du-stress-60-gelules\/#primaryimage","url":"https:\/\/ecosupplements.be\/wp-content\/uploads\/2025\/08\/Ashwagandha-Stress-Relief-60-vcaps.jpg","contentUrl":"https:\/\/ecosupplements.be\/wp-content\/uploads\/2025\/08\/Ashwagandha-Stress-Relief-60-vcaps.jpg","width":413,"height":880},{"@type":"BreadcrumbList","@id":"https:\/\/ecosupplements.be\/fr\/produit\/ashwagandha-soulagement-du-stress-60-gelules\/#breadcrumb","itemListElement":[{"@type":"ListItem","position":1,"name":"Home","item":"https:\/\/ecosupplements.be\/fr\/"},{"@type":"ListItem","position":2,"name":"Boutique","item":"https:\/\/ecosupplements.be\/fr\/boutique\/"},{"@type":"ListItem","position":3,"name":"Ashwagandha Soulagement du Stress &#8211; 60 g\u00e9lules"}]},{"@type":"WebSite","@id":"https:\/\/ecosupplements.be\/fr\/#website","url":"https:\/\/ecosupplements.be\/fr\/","name":"ECO Supplements","description":"Eco Supplements - Gezonde supplementen","publisher":{"@id":"https:\/\/ecosupplements.be\/fr\/#organization"},"potentialAction":[{"@type":"SearchAction","target":{"@type":"EntryPoint","urlTemplate":"https:\/\/ecosupplements.be\/fr\/?s={search_term_string}"},"query-input":{"@type":"PropertyValueSpecification","valueRequired":true,"valueName":"search_term_string"}}],"inLanguage":"fr-FR"},{"@type":"Organization","@id":"https:\/\/ecosupplements.be\/fr\/#organization","name":"Eco Supplements","url":"https:\/\/ecosupplements.be\/fr\/","logo":{"@type":"ImageObject","inLanguage":"fr-FR","@id":"https:\/\/ecosupplements.be\/fr\/#\/schema\/logo\/image\/","url":"https:\/\/ecosupplements.be\/wp-content\/uploads\/2022\/06\/ecosupplement-family.png","contentUrl":"https:\/\/ecosupplements.be\/wp-content\/uploads\/2022\/06\/ecosupplement-family.png","width":593,"height":374,"caption":"Eco Supplements"},"image":{"@id":"https:\/\/ecosupplements.be\/fr\/#\/schema\/logo\/image\/"}}]},"product_brand":"NOW","product_price_amount":"34.98","product_price_currency":"EUR","og_availability":"instock","product_availability":"instock","product_retailer_item_id":"733739023759","product_condition":"new"},"_links":{"self":[{"href":"https:\/\/ecosupplements.be\/fr\/wp-json\/wp\/v2\/product\/288751","targetHints":{"allow":["GET"]}}],"collection":[{"href":"https:\/\/ecosupplements.be\/fr\/wp-json\/wp\/v2\/product"}],"about":[{"href":"https:\/\/ecosupplements.be\/fr\/wp-json\/wp\/v2\/types\/product"}],"replies":[{"embeddable":true,"href":"https:\/\/ecosupplements.be\/fr\/wp-json\/wp\/v2\/comments?post=288751"}],"wp:featuredmedia":[{"embeddable":true,"href":"https:\/\/ecosupplements.be\/fr\/wp-json\/wp\/v2\/media\/264626"}],"wp:attachment":[{"href":"https:\/\/ecosupplements.be\/fr\/wp-json\/wp\/v2\/media?parent=288751"}],"wp:term":[{"taxonomy":"product_brand","embeddable":true,"href":"https:\/\/ecosupplements.be\/fr\/wp-json\/wp\/v2\/product_brand?post=288751"},{"taxonomy":"product_cat","embeddable":true,"href":"https:\/\/ecosupplements.be\/fr\/wp-json\/wp\/v2\/product_cat?post=288751"},{"taxonomy":"product_tag","embeddable":true,"href":"https:\/\/ecosupplements.be\/fr\/wp-json\/wp\/v2\/product_tag?post=288751"}],"curies":[{"name":"wp","href":"https:\/\/api.w.org\/{rel}","templated":true}]}}