{"id":288754,"date":"2022-09-15T13:41:05","date_gmt":"2022-09-15T12:41:05","guid":{"rendered":"https:\/\/ecosupplements.be\/product\/capsules-de-racine-de-betterave-180-capsules-vegetales\/"},"modified":"2025-08-27T14:45:56","modified_gmt":"2025-08-27T13:45:56","slug":"capsules-de-racine-de-betterave-180-capsules-vegetales","status":"publish","type":"product","link":"https:\/\/ecosupplements.be\/fr\/produit\/capsules-de-racine-de-betterave-180-capsules-vegetales\/","title":{"rendered":"Capsules de racine de betterave &#8211; 180 capsules v\u00e9g\u00e9tales"},"content":{"rendered":"<h1>Beet Root Capsules &#8211; 180 vcaps<\/h1>\n<p>Les capsules de racine de betterave de NOW Foods sont un compl\u00e9ment alimentaire naturel et puissant qui\u200c peut aider \u00e0 am\u00e9liorer votre sant\u00e9\u2064 globale. Chaque bouteille contient 180 capsules v\u00e9g\u00e9tariennes \u2063faciles\u2063 \u00e0\u200c avaler, ce\u200c qui en fait un choix pratique \u200cpour \u2062int\u00e9grer dans votre routine\u2063 quotidienne.<\/p>\n<h2>Caract\u00e9ristiques sp\u00e9ciales:<\/h2>\n<ul>\n<li>180\u2063 capsules v\u00e9g\u00e9tariennes par bouteille<\/li>\n<li>Compos\u00e9 \u00e0\u200b 100% \u200cde racine de betterave<\/li>\n<li>Facile \u00e0 avaler et \u00e0 dig\u00e9rer<\/li>\n<li>Convient aux v\u00e9g\u00e9tariens et aux\u2064 v\u00e9g\u00e9taliens<\/li>\n<li>Fabriqu\u00e9 aux \u00c9tats-Unis<\/li>\n<\/ul>\n<h2>Ingr\u00e9dients:<\/h2>\n<p>Chaque capsule contient 500 mg de racine de \u200bbetterave pure, sans\u2064 aucun additif ni ingr\u00e9dient artificiel. La racine de \u200cbetterave est riche en nutriments essentiels tels \u2063que les vitamines \u2062A, C \u2062et K, \u2063ainsi que des min\u00e9raux tels que le fer, le potassium et\u200d le magn\u00e9sium.<\/p>\n<h2>Avantages uniques:<\/h2>\n<p>La\u2062 racine\u200d de betterave est connue \u200cpour ses nombreux bienfaits\u2062 pour\u2063 la \u2064sant\u00e9, notamment:<\/p>\n<ul>\n<li>Am\u00e9lioration de la circulation sanguine<\/li>\n<li>R\u00e9gulation de la pression art\u00e9rielle<\/li>\n<li>Renforcement du syst\u00e8me immunitaire<\/li>\n<li>Am\u00e9lioration de\u2063 la sant\u00e9\u200d cardiaque<\/li>\n<li>Effet\u2064 d\u00e9toxifiant sur le foie<\/li>\n<\/ul>\n<p>En plus de ces avantages, \u200bla racine de betterave\u2062 est \u00e9galement\u200c riche en antioxydants, ce qui \u2064peut aider \u00e0\u2063 prot\u00e9ger les \u200bcellules contre les dommages caus\u00e9s par les radicaux\u2062 libres.<\/p>\n<h2>Utilisation sugg\u00e9r\u00e9e:<\/h2>\n<p>Prenez 2 capsules par jour \u200davec de l&#8217;eau, de pr\u00e9f\u00e9rence pendant les repas. Pour de meilleurs r\u00e9sultats, utilisez r\u00e9guli\u00e8rement.<\/p>\n<p>Am\u00e9liorez votre sant\u00e9 globale\u200b avec les capsules de racine de betterave de\u200c NOW Foods. Commandez d\u00e8s maintenant et ressentez les\u2064 bienfaits \u2062de ce \u2062superaliment naturel.<\/p>\n","protected":false},"excerpt":{"rendered":"<p>Beet Root Capsules &#8211; 180 vcaps Les capsules de racine de betterave de NOW Foods sont un compl\u00e9ment alimentaire naturel et puissant qui\u200c peut aider \u00e0 am\u00e9liorer votre sant\u00e9\u2064 globale. Chaque bouteille contient 180 capsules v\u00e9g\u00e9tariennes \u2063faciles\u2063 \u00e0\u200c avaler, ce\u200c qui en fait un choix pratique \u200cpour \u2062int\u00e9grer dans votre routine\u2063 quotidienne. Caract\u00e9ristiques sp\u00e9ciales: 180\u2063 [&#8230;]\n","protected":false},"featured_media":260791,"comment_status":"open","ping_status":"open","template":"","meta":[],"product_brand":[4733],"product_cat":[5054,5055,5052],"product_tag":[],"class_list":{"0":"post-288754","1":"product","2":"type-product","3":"status-publish","4":"has-post-thumbnail","6":"product_brand-now-foods-2","7":"product_cat-nourriture-saine","8":"product_cat-produits-vegetaliens","9":"product_cat-sante-et-bien-etre","11":"first","12":"instock","13":"taxable","14":"shipping-taxable","15":"purchasable","16":"product-type-simple"},"yoast_head":"<!-- This site is optimized with the Yoast SEO Premium plugin v27.3 (Yoast SEO v27.3) - https:\/\/yoast.com\/product\/yoast-seo-premium-wordpress\/ -->\n<title>Capsules de racine de betterave - 180 capsules v\u00e9g\u00e9tales - ECO Supplements<\/title>\n<meta name=\"description\" content=\"Wij hebben een ruime keuze aan producten van Capsules de racine de betterave - 180 capsules v\u00e9g\u00e9tales . Winkel bij Eco Supplements altijd gratis verzending boven 100\u20ac\" \/>\n<meta name=\"robots\" content=\"index, follow, max-snippet:-1, max-image-preview:large, max-video-preview:-1\" \/>\n<link rel=\"canonical\" href=\"https:\/\/ecosupplements.be\/fr\/produit\/capsules-de-racine-de-betterave-180-capsules-vegetales\/\" \/>\n<meta property=\"og:locale\" content=\"fr_FR\" \/>\n<meta property=\"og:type\" content=\"article\" \/>\n<meta property=\"og:title\" content=\"Capsules de racine de betterave - 180 capsules v\u00e9g\u00e9tales\" \/>\n<meta property=\"og:description\" content=\"Wij hebben een ruime keuze aan producten van Capsules de racine de betterave - 180 capsules v\u00e9g\u00e9tales . Winkel bij Eco Supplements altijd gratis verzending boven 100\u20ac\" \/>\n<meta property=\"og:url\" content=\"https:\/\/ecosupplements.be\/fr\/produit\/capsules-de-racine-de-betterave-180-capsules-vegetales\/\" \/>\n<meta property=\"og:site_name\" content=\"ECO Supplements\" \/>\n<meta property=\"article:modified_time\" content=\"2025-08-27T13:45:56+00:00\" \/>\n<meta property=\"og:image\" content=\"https:\/\/ecosupplements.be\/wp-content\/uploads\/2025\/08\/Beet-Root-Capsules-180-vcaps-1.jpg\" \/>\n\t<meta property=\"og:image:width\" content=\"338\" \/>\n\t<meta property=\"og:image:height\" content=\"600\" \/>\n\t<meta property=\"og:image:type\" content=\"image\/jpeg\" \/>\n<meta name=\"twitter:card\" content=\"summary_large_image\" \/>\n<meta name=\"twitter:label1\" content=\"Prix\" \/>\n\t<meta name=\"twitter:data1\" content=\"24.76&nbsp;&euro;\" \/>\n\t<meta name=\"twitter:label2\" content=\"Disponibilit\u00e9\" \/>\n\t<meta name=\"twitter:data2\" content=\"En stock\" \/>\n<script type=\"application\/ld+json\" class=\"yoast-schema-graph\">{\"@context\":\"https:\\\/\\\/schema.org\",\"@graph\":[{\"@type\":[\"WebPage\",\"ItemPage\"],\"@id\":\"https:\\\/\\\/ecosupplements.be\\\/fr\\\/produit\\\/capsules-de-racine-de-betterave-180-capsules-vegetales\\\/\",\"url\":\"https:\\\/\\\/ecosupplements.be\\\/fr\\\/produit\\\/capsules-de-racine-de-betterave-180-capsules-vegetales\\\/\",\"name\":\"Capsules de racine de betterave - 180 capsules v\u00e9g\u00e9tales - ECO Supplements\",\"isPartOf\":{\"@id\":\"https:\\\/\\\/ecosupplements.be\\\/fr\\\/#website\"},\"primaryImageOfPage\":{\"@id\":\"https:\\\/\\\/ecosupplements.be\\\/fr\\\/produit\\\/capsules-de-racine-de-betterave-180-capsules-vegetales\\\/#primaryimage\"},\"image\":{\"@id\":\"https:\\\/\\\/ecosupplements.be\\\/fr\\\/produit\\\/capsules-de-racine-de-betterave-180-capsules-vegetales\\\/#primaryimage\"},\"thumbnailUrl\":\"https:\\\/\\\/ecosupplements.be\\\/wp-content\\\/uploads\\\/2025\\\/08\\\/Beet-Root-Capsules-180-vcaps.jpg\",\"datePublished\":\"2022-09-15T12:41:05+00:00\",\"dateModified\":\"2025-08-27T13:45:56+00:00\",\"description\":\"Wij hebben een ruime keuze aan producten van Capsules de racine de betterave - 180 capsules v\u00e9g\u00e9tales . Winkel bij Eco Supplements altijd gratis verzending boven 100\u20ac\",\"breadcrumb\":{\"@id\":\"https:\\\/\\\/ecosupplements.be\\\/fr\\\/produit\\\/capsules-de-racine-de-betterave-180-capsules-vegetales\\\/#breadcrumb\"},\"inLanguage\":\"fr-FR\",\"potentialAction\":[{\"@type\":\"ReadAction\",\"target\":[\"https:\\\/\\\/ecosupplements.be\\\/fr\\\/produit\\\/capsules-de-racine-de-betterave-180-capsules-vegetales\\\/\"]}]},{\"@type\":\"ImageObject\",\"inLanguage\":\"fr-FR\",\"@id\":\"https:\\\/\\\/ecosupplements.be\\\/fr\\\/produit\\\/capsules-de-racine-de-betterave-180-capsules-vegetales\\\/#primaryimage\",\"url\":\"https:\\\/\\\/ecosupplements.be\\\/wp-content\\\/uploads\\\/2025\\\/08\\\/Beet-Root-Capsules-180-vcaps.jpg\",\"contentUrl\":\"https:\\\/\\\/ecosupplements.be\\\/wp-content\\\/uploads\\\/2025\\\/08\\\/Beet-Root-Capsules-180-vcaps.jpg\",\"width\":338,\"height\":600},{\"@type\":\"BreadcrumbList\",\"@id\":\"https:\\\/\\\/ecosupplements.be\\\/fr\\\/produit\\\/capsules-de-racine-de-betterave-180-capsules-vegetales\\\/#breadcrumb\",\"itemListElement\":[{\"@type\":\"ListItem\",\"position\":1,\"name\":\"Home\",\"item\":\"https:\\\/\\\/ecosupplements.be\\\/fr\\\/\"},{\"@type\":\"ListItem\",\"position\":2,\"name\":\"Boutique\",\"item\":\"https:\\\/\\\/ecosupplements.be\\\/fr\\\/boutique\\\/\"},{\"@type\":\"ListItem\",\"position\":3,\"name\":\"Capsules de racine de betterave &#8211; 180 capsules v\u00e9g\u00e9tales\"}]},{\"@type\":\"WebSite\",\"@id\":\"https:\\\/\\\/ecosupplements.be\\\/fr\\\/#website\",\"url\":\"https:\\\/\\\/ecosupplements.be\\\/fr\\\/\",\"name\":\"ECO Supplements\",\"description\":\"Eco Supplements - Gezonde supplementen\",\"publisher\":{\"@id\":\"https:\\\/\\\/ecosupplements.be\\\/fr\\\/#organization\"},\"potentialAction\":[{\"@type\":\"SearchAction\",\"target\":{\"@type\":\"EntryPoint\",\"urlTemplate\":\"https:\\\/\\\/ecosupplements.be\\\/fr\\\/?s={search_term_string}\"},\"query-input\":{\"@type\":\"PropertyValueSpecification\",\"valueRequired\":true,\"valueName\":\"search_term_string\"}}],\"inLanguage\":\"fr-FR\"},{\"@type\":\"Organization\",\"@id\":\"https:\\\/\\\/ecosupplements.be\\\/fr\\\/#organization\",\"name\":\"Eco Supplements\",\"url\":\"https:\\\/\\\/ecosupplements.be\\\/fr\\\/\",\"logo\":{\"@type\":\"ImageObject\",\"inLanguage\":\"fr-FR\",\"@id\":\"https:\\\/\\\/ecosupplements.be\\\/fr\\\/#\\\/schema\\\/logo\\\/image\\\/\",\"url\":\"https:\\\/\\\/ecosupplements.be\\\/wp-content\\\/uploads\\\/2022\\\/06\\\/ecosupplement-family.png\",\"contentUrl\":\"https:\\\/\\\/ecosupplements.be\\\/wp-content\\\/uploads\\\/2022\\\/06\\\/ecosupplement-family.png\",\"width\":593,\"height\":374,\"caption\":\"Eco Supplements\"},\"image\":{\"@id\":\"https:\\\/\\\/ecosupplements.be\\\/fr\\\/#\\\/schema\\\/logo\\\/image\\\/\"}}]}<\/script>\n<meta property=\"product:brand\" content=\"NOW Foods\" \/>\n<meta property=\"product:price:amount\" content=\"24.76\" \/>\n<meta property=\"product:price:currency\" content=\"EUR\" \/>\n<meta property=\"og:availability\" content=\"instock\" \/>\n<meta property=\"product:availability\" content=\"instock\" \/>\n<meta property=\"product:retailer_item_id\" content=\"733739050564\" \/>\n<meta property=\"product:condition\" content=\"new\" \/>\n<!-- \/ Yoast SEO Premium plugin. -->","yoast_head_json":{"title":"Capsules de racine de betterave - 180 capsules v\u00e9g\u00e9tales - ECO Supplements","description":"Wij hebben een ruime keuze aan producten van Capsules de racine de betterave - 180 capsules v\u00e9g\u00e9tales . Winkel bij Eco Supplements altijd gratis verzending boven 100\u20ac","robots":{"index":"index","follow":"follow","max-snippet":"max-snippet:-1","max-image-preview":"max-image-preview:large","max-video-preview":"max-video-preview:-1"},"canonical":"https:\/\/ecosupplements.be\/fr\/produit\/capsules-de-racine-de-betterave-180-capsules-vegetales\/","og_locale":"fr_FR","og_type":"article","og_title":"Capsules de racine de betterave - 180 capsules v\u00e9g\u00e9tales","og_description":"Wij hebben een ruime keuze aan producten van Capsules de racine de betterave - 180 capsules v\u00e9g\u00e9tales . Winkel bij Eco Supplements altijd gratis verzending boven 100\u20ac","og_url":"https:\/\/ecosupplements.be\/fr\/produit\/capsules-de-racine-de-betterave-180-capsules-vegetales\/","og_site_name":"ECO Supplements","article_modified_time":"2025-08-27T13:45:56+00:00","og_image":[{"width":338,"height":600,"url":"https:\/\/ecosupplements.be\/wp-content\/uploads\/2025\/08\/Beet-Root-Capsules-180-vcaps-1.jpg","type":"image\/jpeg"}],"twitter_card":"summary_large_image","twitter_misc":{"Prix":"24.76&nbsp;&euro;","Disponibilit\u00e9":"En stock"},"schema":{"@context":"https:\/\/schema.org","@graph":[{"@type":["WebPage","ItemPage"],"@id":"https:\/\/ecosupplements.be\/fr\/produit\/capsules-de-racine-de-betterave-180-capsules-vegetales\/","url":"https:\/\/ecosupplements.be\/fr\/produit\/capsules-de-racine-de-betterave-180-capsules-vegetales\/","name":"Capsules de racine de betterave - 180 capsules v\u00e9g\u00e9tales - ECO Supplements","isPartOf":{"@id":"https:\/\/ecosupplements.be\/fr\/#website"},"primaryImageOfPage":{"@id":"https:\/\/ecosupplements.be\/fr\/produit\/capsules-de-racine-de-betterave-180-capsules-vegetales\/#primaryimage"},"image":{"@id":"https:\/\/ecosupplements.be\/fr\/produit\/capsules-de-racine-de-betterave-180-capsules-vegetales\/#primaryimage"},"thumbnailUrl":"https:\/\/ecosupplements.be\/wp-content\/uploads\/2025\/08\/Beet-Root-Capsules-180-vcaps.jpg","datePublished":"2022-09-15T12:41:05+00:00","dateModified":"2025-08-27T13:45:56+00:00","description":"Wij hebben een ruime keuze aan producten van Capsules de racine de betterave - 180 capsules v\u00e9g\u00e9tales . Winkel bij Eco Supplements altijd gratis verzending boven 100\u20ac","breadcrumb":{"@id":"https:\/\/ecosupplements.be\/fr\/produit\/capsules-de-racine-de-betterave-180-capsules-vegetales\/#breadcrumb"},"inLanguage":"fr-FR","potentialAction":[{"@type":"ReadAction","target":["https:\/\/ecosupplements.be\/fr\/produit\/capsules-de-racine-de-betterave-180-capsules-vegetales\/"]}]},{"@type":"ImageObject","inLanguage":"fr-FR","@id":"https:\/\/ecosupplements.be\/fr\/produit\/capsules-de-racine-de-betterave-180-capsules-vegetales\/#primaryimage","url":"https:\/\/ecosupplements.be\/wp-content\/uploads\/2025\/08\/Beet-Root-Capsules-180-vcaps.jpg","contentUrl":"https:\/\/ecosupplements.be\/wp-content\/uploads\/2025\/08\/Beet-Root-Capsules-180-vcaps.jpg","width":338,"height":600},{"@type":"BreadcrumbList","@id":"https:\/\/ecosupplements.be\/fr\/produit\/capsules-de-racine-de-betterave-180-capsules-vegetales\/#breadcrumb","itemListElement":[{"@type":"ListItem","position":1,"name":"Home","item":"https:\/\/ecosupplements.be\/fr\/"},{"@type":"ListItem","position":2,"name":"Boutique","item":"https:\/\/ecosupplements.be\/fr\/boutique\/"},{"@type":"ListItem","position":3,"name":"Capsules de racine de betterave &#8211; 180 capsules v\u00e9g\u00e9tales"}]},{"@type":"WebSite","@id":"https:\/\/ecosupplements.be\/fr\/#website","url":"https:\/\/ecosupplements.be\/fr\/","name":"ECO Supplements","description":"Eco Supplements - Gezonde supplementen","publisher":{"@id":"https:\/\/ecosupplements.be\/fr\/#organization"},"potentialAction":[{"@type":"SearchAction","target":{"@type":"EntryPoint","urlTemplate":"https:\/\/ecosupplements.be\/fr\/?s={search_term_string}"},"query-input":{"@type":"PropertyValueSpecification","valueRequired":true,"valueName":"search_term_string"}}],"inLanguage":"fr-FR"},{"@type":"Organization","@id":"https:\/\/ecosupplements.be\/fr\/#organization","name":"Eco Supplements","url":"https:\/\/ecosupplements.be\/fr\/","logo":{"@type":"ImageObject","inLanguage":"fr-FR","@id":"https:\/\/ecosupplements.be\/fr\/#\/schema\/logo\/image\/","url":"https:\/\/ecosupplements.be\/wp-content\/uploads\/2022\/06\/ecosupplement-family.png","contentUrl":"https:\/\/ecosupplements.be\/wp-content\/uploads\/2022\/06\/ecosupplement-family.png","width":593,"height":374,"caption":"Eco Supplements"},"image":{"@id":"https:\/\/ecosupplements.be\/fr\/#\/schema\/logo\/image\/"}}]},"product_brand":"NOW Foods","product_price_amount":"24.76","product_price_currency":"EUR","og_availability":"instock","product_availability":"instock","product_retailer_item_id":"733739050564","product_condition":"new"},"_links":{"self":[{"href":"https:\/\/ecosupplements.be\/fr\/wp-json\/wp\/v2\/product\/288754","targetHints":{"allow":["GET"]}}],"collection":[{"href":"https:\/\/ecosupplements.be\/fr\/wp-json\/wp\/v2\/product"}],"about":[{"href":"https:\/\/ecosupplements.be\/fr\/wp-json\/wp\/v2\/types\/product"}],"replies":[{"embeddable":true,"href":"https:\/\/ecosupplements.be\/fr\/wp-json\/wp\/v2\/comments?post=288754"}],"wp:featuredmedia":[{"embeddable":true,"href":"https:\/\/ecosupplements.be\/fr\/wp-json\/wp\/v2\/media\/260791"}],"wp:attachment":[{"href":"https:\/\/ecosupplements.be\/fr\/wp-json\/wp\/v2\/media?parent=288754"}],"wp:term":[{"taxonomy":"product_brand","embeddable":true,"href":"https:\/\/ecosupplements.be\/fr\/wp-json\/wp\/v2\/product_brand?post=288754"},{"taxonomy":"product_cat","embeddable":true,"href":"https:\/\/ecosupplements.be\/fr\/wp-json\/wp\/v2\/product_cat?post=288754"},{"taxonomy":"product_tag","embeddable":true,"href":"https:\/\/ecosupplements.be\/fr\/wp-json\/wp\/v2\/product_tag?post=288754"}],"curies":[{"name":"wp","href":"https:\/\/api.w.org\/{rel}","templated":true}]}}