{"id":288757,"date":"2024-03-08T19:00:58","date_gmt":"2024-03-08T18:00:58","guid":{"rendered":"https:\/\/ecosupplements.be\/product\/poudre-de-betaine-170g\/"},"modified":"2025-08-27T14:46:02","modified_gmt":"2025-08-27T13:46:02","slug":"poudre-de-betaine-170g","status":"publish","type":"product","link":"https:\/\/ecosupplements.be\/fr\/produit\/poudre-de-betaine-170g\/","title":{"rendered":"Poudre de b\u00e9ta\u00efne &#8211; 170g"},"content":{"rendered":"<h1>Betaine Powder \u200c- 170g<\/h1>\n<p>Le Betaine Powder de NOW Foods est un compl\u00e9ment alimentaire en poudre de haute qualit\u00e9, id\u00e9al pour soutenir la sant\u00e9 digestive \u200bet la fonction h\u00e9patique. Cette formule contient de la\u2063 b\u00e9ta\u00efne anhydre, un compos\u00e9 naturellement pr\u00e9sent dans les aliments tels que les betteraves et les \u00e9pinards.<\/p>\n<h2>Caract\u00e9ristiques sp\u00e9ciales:<\/h2>\n<ul>\n<li>Formule en poudre facile \u00e0 m\u00e9langer et \u00e0 absorber<\/li>\n<li>Contient\u2064 de la b\u00e9ta\u00efne anhydre,\u200d un compos\u00e9 naturellement pr\u00e9sent dans les aliments<\/li>\n<li>Soutient la sant\u00e9 digestive et la \u2063fonction h\u00e9patique<\/li>\n<li>Convient aux v\u00e9g\u00e9tariens et v\u00e9g\u00e9taliens<\/li>\n<li>Sans gluten, \u200bbl\u00e9, soja,\u2062 lait,\u200d \u0153ufs,\u200c poisson, fruits de mer ou ingr\u00e9dients artificiels<\/li>\n<\/ul>\n<h2>Ingr\u00e9dients:<\/h2>\n<p>B\u00e9ta\u00efne anhydre (trim\u00e9thylglycine)<\/p>\n<h2>Avantages uniques:<\/h2>\n<p>La b\u00e9ta\u00efne anhydre est un compos\u00e9 naturellement pr\u00e9sent dans les aliments et est essentielle pour de nombreuses fonctions corporelles. Elle\u200d peut aider \u00e0 maintenir un taux d&#8217;homocyst\u00e9ine sain, \u2064soutenir la sant\u00e9 digestive et la fonction h\u00e9patique, et favoriser \u2064une peau saine.<\/p>\n<h2>Conseils \u2062d&#8217;utilisation:<\/h2>\n<p>M\u00e9langer 1 cuill\u00e8re \u00e0 caf\u00e9 (environ \u20642,5g) de poudre dans de l&#8217;eau ou du jus \u200cde \u2063fruits et boire imm\u00e9diatement. Prendre 1 \u00e0 2 fois par jour, de pr\u00e9f\u00e9rence avec un repas.<\/p>\n<p>Il est recommand\u00e9 de consulter un professionnel de la \u200bsant\u00e9 avant de prendre ce compl\u00e9ment alimentaire si vous \u00eates enceinte, allaitez, prenez\u2064 des m\u00e9dicaments ou si vous avez des probl\u00e8mes \u200cde \u2063sant\u00e9.<\/p>\n<p>Conserver dans un endroit\u2062 frais et sec apr\u00e8s ouverture.<\/p>\n<h2>\u00c0 propos de NOW Foods:<\/h2>\n<p>Fond\u00e9e en\u200c 1968, NOW Foods est une entreprise familiale qui s&#8217;engage \u00e0 fournir des produits de haute\u200b qualit\u00e9 pour soutenir une vie\u200c saine. Tous leurs produits sont fabriqu\u00e9s dans leurs propres installations certifi\u00e9es GMP et sont rigoureusement test\u00e9s pour \u200bgarantir leur puret\u00e9\u200d et leur\u200d efficacit\u00e9.<\/p>\n<p>Choisissez le Betaine Powder de NOW Foods pour soutenir votre sant\u00e9 digestive et \u200ch\u00e9patique de mani\u00e8re \u200cnaturelle et efficace !<\/p>\n","protected":false},"excerpt":{"rendered":"<p>Betaine Powder \u200c- 170g Le Betaine Powder de NOW Foods est un compl\u00e9ment alimentaire en poudre de haute qualit\u00e9, id\u00e9al pour soutenir la sant\u00e9 digestive \u200bet la fonction h\u00e9patique. Cette formule contient de la\u2063 b\u00e9ta\u00efne anhydre, un compos\u00e9 naturellement pr\u00e9sent dans les aliments tels que les betteraves et les \u00e9pinards. Caract\u00e9ristiques sp\u00e9ciales: Formule en poudre [&#8230;]\n","protected":false},"featured_media":264629,"comment_status":"open","ping_status":"open","template":"","meta":[],"product_brand":[4733,4734],"product_cat":[5067,5138,5053],"product_tag":[],"class_list":{"0":"post-288757","1":"product","2":"type-product","3":"status-publish","4":"has-post-thumbnail","6":"product_brand-now-foods-2","7":"product_brand-nownow-foods-2","8":"product_cat-acides-amines-et-bcaa","9":"product_cat-endurance","10":"product_cat-vitamines-et-mineraux","12":"first","13":"instock","14":"taxable","15":"shipping-taxable","16":"purchasable","17":"product-type-simple"},"yoast_head":"<!-- This site is optimized with the Yoast SEO Premium plugin v27.3 (Yoast SEO v27.3) - https:\/\/yoast.com\/product\/yoast-seo-premium-wordpress\/ -->\n<title>Poudre de b\u00e9ta\u00efne - 170g - ECO Supplements<\/title>\n<meta name=\"description\" content=\"Wij hebben een ruime keuze aan producten van Poudre de b\u00e9ta\u00efne - 170g . Winkel bij Eco Supplements altijd gratis verzending boven 100\u20ac\" \/>\n<meta name=\"robots\" content=\"index, follow, max-snippet:-1, max-image-preview:large, max-video-preview:-1\" \/>\n<link rel=\"canonical\" href=\"https:\/\/ecosupplements.be\/fr\/produit\/poudre-de-betaine-170g\/\" \/>\n<meta property=\"og:locale\" content=\"fr_FR\" \/>\n<meta property=\"og:type\" content=\"article\" \/>\n<meta property=\"og:title\" content=\"Poudre de b\u00e9ta\u00efne - 170g\" \/>\n<meta property=\"og:description\" content=\"Wij hebben een ruime keuze aan producten van Poudre de b\u00e9ta\u00efne - 170g . Winkel bij Eco Supplements altijd gratis verzending boven 100\u20ac\" \/>\n<meta property=\"og:url\" content=\"https:\/\/ecosupplements.be\/fr\/produit\/poudre-de-betaine-170g\/\" \/>\n<meta property=\"og:site_name\" content=\"ECO Supplements\" \/>\n<meta property=\"article:modified_time\" content=\"2025-08-27T13:46:02+00:00\" \/>\n<meta property=\"og:image\" content=\"https:\/\/ecosupplements.be\/wp-content\/uploads\/2025\/08\/Betaine-Powder-170g-1.jpg\" \/>\n\t<meta property=\"og:image:width\" content=\"511\" \/>\n\t<meta property=\"og:image:height\" content=\"880\" \/>\n\t<meta property=\"og:image:type\" content=\"image\/jpeg\" \/>\n<meta name=\"twitter:card\" content=\"summary_large_image\" \/>\n<meta name=\"twitter:label1\" content=\"Prix\" \/>\n\t<meta name=\"twitter:data1\" content=\"23.03&nbsp;&euro;\" \/>\n\t<meta name=\"twitter:label2\" content=\"Disponibilit\u00e9\" \/>\n\t<meta name=\"twitter:data2\" content=\"En stock\" \/>\n<script type=\"application\/ld+json\" class=\"yoast-schema-graph\">{\"@context\":\"https:\\\/\\\/schema.org\",\"@graph\":[{\"@type\":[\"WebPage\",\"ItemPage\"],\"@id\":\"https:\\\/\\\/ecosupplements.be\\\/fr\\\/produit\\\/poudre-de-betaine-170g\\\/\",\"url\":\"https:\\\/\\\/ecosupplements.be\\\/fr\\\/produit\\\/poudre-de-betaine-170g\\\/\",\"name\":\"Poudre de b\u00e9ta\u00efne - 170g - ECO Supplements\",\"isPartOf\":{\"@id\":\"https:\\\/\\\/ecosupplements.be\\\/fr\\\/#website\"},\"primaryImageOfPage\":{\"@id\":\"https:\\\/\\\/ecosupplements.be\\\/fr\\\/produit\\\/poudre-de-betaine-170g\\\/#primaryimage\"},\"image\":{\"@id\":\"https:\\\/\\\/ecosupplements.be\\\/fr\\\/produit\\\/poudre-de-betaine-170g\\\/#primaryimage\"},\"thumbnailUrl\":\"https:\\\/\\\/ecosupplements.be\\\/wp-content\\\/uploads\\\/2025\\\/08\\\/Betaine-Powder-170g.jpg\",\"datePublished\":\"2024-03-08T18:00:58+00:00\",\"dateModified\":\"2025-08-27T13:46:02+00:00\",\"description\":\"Wij hebben een ruime keuze aan producten van Poudre de b\u00e9ta\u00efne - 170g . Winkel bij Eco Supplements altijd gratis verzending boven 100\u20ac\",\"breadcrumb\":{\"@id\":\"https:\\\/\\\/ecosupplements.be\\\/fr\\\/produit\\\/poudre-de-betaine-170g\\\/#breadcrumb\"},\"inLanguage\":\"fr-FR\",\"potentialAction\":[{\"@type\":\"ReadAction\",\"target\":[\"https:\\\/\\\/ecosupplements.be\\\/fr\\\/produit\\\/poudre-de-betaine-170g\\\/\"]}]},{\"@type\":\"ImageObject\",\"inLanguage\":\"fr-FR\",\"@id\":\"https:\\\/\\\/ecosupplements.be\\\/fr\\\/produit\\\/poudre-de-betaine-170g\\\/#primaryimage\",\"url\":\"https:\\\/\\\/ecosupplements.be\\\/wp-content\\\/uploads\\\/2025\\\/08\\\/Betaine-Powder-170g.jpg\",\"contentUrl\":\"https:\\\/\\\/ecosupplements.be\\\/wp-content\\\/uploads\\\/2025\\\/08\\\/Betaine-Powder-170g.jpg\",\"width\":511,\"height\":880},{\"@type\":\"BreadcrumbList\",\"@id\":\"https:\\\/\\\/ecosupplements.be\\\/fr\\\/produit\\\/poudre-de-betaine-170g\\\/#breadcrumb\",\"itemListElement\":[{\"@type\":\"ListItem\",\"position\":1,\"name\":\"Home\",\"item\":\"https:\\\/\\\/ecosupplements.be\\\/fr\\\/\"},{\"@type\":\"ListItem\",\"position\":2,\"name\":\"Boutique\",\"item\":\"https:\\\/\\\/ecosupplements.be\\\/fr\\\/boutique\\\/\"},{\"@type\":\"ListItem\",\"position\":3,\"name\":\"Poudre de b\u00e9ta\u00efne &#8211; 170g\"}]},{\"@type\":\"WebSite\",\"@id\":\"https:\\\/\\\/ecosupplements.be\\\/fr\\\/#website\",\"url\":\"https:\\\/\\\/ecosupplements.be\\\/fr\\\/\",\"name\":\"ECO Supplements\",\"description\":\"Eco Supplements - Gezonde supplementen\",\"publisher\":{\"@id\":\"https:\\\/\\\/ecosupplements.be\\\/fr\\\/#organization\"},\"potentialAction\":[{\"@type\":\"SearchAction\",\"target\":{\"@type\":\"EntryPoint\",\"urlTemplate\":\"https:\\\/\\\/ecosupplements.be\\\/fr\\\/?s={search_term_string}\"},\"query-input\":{\"@type\":\"PropertyValueSpecification\",\"valueRequired\":true,\"valueName\":\"search_term_string\"}}],\"inLanguage\":\"fr-FR\"},{\"@type\":\"Organization\",\"@id\":\"https:\\\/\\\/ecosupplements.be\\\/fr\\\/#organization\",\"name\":\"Eco Supplements\",\"url\":\"https:\\\/\\\/ecosupplements.be\\\/fr\\\/\",\"logo\":{\"@type\":\"ImageObject\",\"inLanguage\":\"fr-FR\",\"@id\":\"https:\\\/\\\/ecosupplements.be\\\/fr\\\/#\\\/schema\\\/logo\\\/image\\\/\",\"url\":\"https:\\\/\\\/ecosupplements.be\\\/wp-content\\\/uploads\\\/2022\\\/06\\\/ecosupplement-family.png\",\"contentUrl\":\"https:\\\/\\\/ecosupplements.be\\\/wp-content\\\/uploads\\\/2022\\\/06\\\/ecosupplement-family.png\",\"width\":593,\"height\":374,\"caption\":\"Eco Supplements\"},\"image\":{\"@id\":\"https:\\\/\\\/ecosupplements.be\\\/fr\\\/#\\\/schema\\\/logo\\\/image\\\/\"}}]}<\/script>\n<meta property=\"product:brand\" content=\"NOW Foods\" \/>\n<meta property=\"product:price:amount\" content=\"23.03\" \/>\n<meta property=\"product:price:currency\" content=\"EUR\" \/>\n<meta property=\"og:availability\" content=\"instock\" \/>\n<meta property=\"product:availability\" content=\"instock\" \/>\n<meta property=\"product:retailer_item_id\" content=\"733739022264\" \/>\n<meta property=\"product:condition\" content=\"new\" \/>\n<!-- \/ Yoast SEO Premium plugin. -->","yoast_head_json":{"title":"Poudre de b\u00e9ta\u00efne - 170g - ECO Supplements","description":"Wij hebben een ruime keuze aan producten van Poudre de b\u00e9ta\u00efne - 170g . Winkel bij Eco Supplements altijd gratis verzending boven 100\u20ac","robots":{"index":"index","follow":"follow","max-snippet":"max-snippet:-1","max-image-preview":"max-image-preview:large","max-video-preview":"max-video-preview:-1"},"canonical":"https:\/\/ecosupplements.be\/fr\/produit\/poudre-de-betaine-170g\/","og_locale":"fr_FR","og_type":"article","og_title":"Poudre de b\u00e9ta\u00efne - 170g","og_description":"Wij hebben een ruime keuze aan producten van Poudre de b\u00e9ta\u00efne - 170g . Winkel bij Eco Supplements altijd gratis verzending boven 100\u20ac","og_url":"https:\/\/ecosupplements.be\/fr\/produit\/poudre-de-betaine-170g\/","og_site_name":"ECO Supplements","article_modified_time":"2025-08-27T13:46:02+00:00","og_image":[{"width":511,"height":880,"url":"https:\/\/ecosupplements.be\/wp-content\/uploads\/2025\/08\/Betaine-Powder-170g-1.jpg","type":"image\/jpeg"}],"twitter_card":"summary_large_image","twitter_misc":{"Prix":"23.03&nbsp;&euro;","Disponibilit\u00e9":"En stock"},"schema":{"@context":"https:\/\/schema.org","@graph":[{"@type":["WebPage","ItemPage"],"@id":"https:\/\/ecosupplements.be\/fr\/produit\/poudre-de-betaine-170g\/","url":"https:\/\/ecosupplements.be\/fr\/produit\/poudre-de-betaine-170g\/","name":"Poudre de b\u00e9ta\u00efne - 170g - ECO Supplements","isPartOf":{"@id":"https:\/\/ecosupplements.be\/fr\/#website"},"primaryImageOfPage":{"@id":"https:\/\/ecosupplements.be\/fr\/produit\/poudre-de-betaine-170g\/#primaryimage"},"image":{"@id":"https:\/\/ecosupplements.be\/fr\/produit\/poudre-de-betaine-170g\/#primaryimage"},"thumbnailUrl":"https:\/\/ecosupplements.be\/wp-content\/uploads\/2025\/08\/Betaine-Powder-170g.jpg","datePublished":"2024-03-08T18:00:58+00:00","dateModified":"2025-08-27T13:46:02+00:00","description":"Wij hebben een ruime keuze aan producten van Poudre de b\u00e9ta\u00efne - 170g . Winkel bij Eco Supplements altijd gratis verzending boven 100\u20ac","breadcrumb":{"@id":"https:\/\/ecosupplements.be\/fr\/produit\/poudre-de-betaine-170g\/#breadcrumb"},"inLanguage":"fr-FR","potentialAction":[{"@type":"ReadAction","target":["https:\/\/ecosupplements.be\/fr\/produit\/poudre-de-betaine-170g\/"]}]},{"@type":"ImageObject","inLanguage":"fr-FR","@id":"https:\/\/ecosupplements.be\/fr\/produit\/poudre-de-betaine-170g\/#primaryimage","url":"https:\/\/ecosupplements.be\/wp-content\/uploads\/2025\/08\/Betaine-Powder-170g.jpg","contentUrl":"https:\/\/ecosupplements.be\/wp-content\/uploads\/2025\/08\/Betaine-Powder-170g.jpg","width":511,"height":880},{"@type":"BreadcrumbList","@id":"https:\/\/ecosupplements.be\/fr\/produit\/poudre-de-betaine-170g\/#breadcrumb","itemListElement":[{"@type":"ListItem","position":1,"name":"Home","item":"https:\/\/ecosupplements.be\/fr\/"},{"@type":"ListItem","position":2,"name":"Boutique","item":"https:\/\/ecosupplements.be\/fr\/boutique\/"},{"@type":"ListItem","position":3,"name":"Poudre de b\u00e9ta\u00efne &#8211; 170g"}]},{"@type":"WebSite","@id":"https:\/\/ecosupplements.be\/fr\/#website","url":"https:\/\/ecosupplements.be\/fr\/","name":"ECO Supplements","description":"Eco Supplements - Gezonde supplementen","publisher":{"@id":"https:\/\/ecosupplements.be\/fr\/#organization"},"potentialAction":[{"@type":"SearchAction","target":{"@type":"EntryPoint","urlTemplate":"https:\/\/ecosupplements.be\/fr\/?s={search_term_string}"},"query-input":{"@type":"PropertyValueSpecification","valueRequired":true,"valueName":"search_term_string"}}],"inLanguage":"fr-FR"},{"@type":"Organization","@id":"https:\/\/ecosupplements.be\/fr\/#organization","name":"Eco Supplements","url":"https:\/\/ecosupplements.be\/fr\/","logo":{"@type":"ImageObject","inLanguage":"fr-FR","@id":"https:\/\/ecosupplements.be\/fr\/#\/schema\/logo\/image\/","url":"https:\/\/ecosupplements.be\/wp-content\/uploads\/2022\/06\/ecosupplement-family.png","contentUrl":"https:\/\/ecosupplements.be\/wp-content\/uploads\/2022\/06\/ecosupplement-family.png","width":593,"height":374,"caption":"Eco Supplements"},"image":{"@id":"https:\/\/ecosupplements.be\/fr\/#\/schema\/logo\/image\/"}}]},"product_brand":"NOW Foods","product_price_amount":"23.03","product_price_currency":"EUR","og_availability":"instock","product_availability":"instock","product_retailer_item_id":"733739022264","product_condition":"new"},"_links":{"self":[{"href":"https:\/\/ecosupplements.be\/fr\/wp-json\/wp\/v2\/product\/288757","targetHints":{"allow":["GET"]}}],"collection":[{"href":"https:\/\/ecosupplements.be\/fr\/wp-json\/wp\/v2\/product"}],"about":[{"href":"https:\/\/ecosupplements.be\/fr\/wp-json\/wp\/v2\/types\/product"}],"replies":[{"embeddable":true,"href":"https:\/\/ecosupplements.be\/fr\/wp-json\/wp\/v2\/comments?post=288757"}],"wp:featuredmedia":[{"embeddable":true,"href":"https:\/\/ecosupplements.be\/fr\/wp-json\/wp\/v2\/media\/264629"}],"wp:attachment":[{"href":"https:\/\/ecosupplements.be\/fr\/wp-json\/wp\/v2\/media?parent=288757"}],"wp:term":[{"taxonomy":"product_brand","embeddable":true,"href":"https:\/\/ecosupplements.be\/fr\/wp-json\/wp\/v2\/product_brand?post=288757"},{"taxonomy":"product_cat","embeddable":true,"href":"https:\/\/ecosupplements.be\/fr\/wp-json\/wp\/v2\/product_cat?post=288757"},{"taxonomy":"product_tag","embeddable":true,"href":"https:\/\/ecosupplements.be\/fr\/wp-json\/wp\/v2\/product_tag?post=288757"}],"curies":[{"name":"wp","href":"https:\/\/api.w.org\/{rel}","templated":true}]}}