{"id":288763,"date":"2024-03-13T12:20:15","date_gmt":"2024-03-13T11:20:15","guid":{"rendered":"https:\/\/ecosupplements.be\/product\/spiruline-certifiee-biologique-1000mg-240-comprimes\/"},"modified":"2025-08-27T14:46:09","modified_gmt":"2025-08-27T13:46:09","slug":"spiruline-certifiee-biologique-1000mg-240-comprimes","status":"publish","type":"product","link":"https:\/\/ecosupplements.be\/fr\/produit\/spiruline-certifiee-biologique-1000mg-240-comprimes\/","title":{"rendered":"Spiruline certifi\u00e9e biologique, 1000mg &#8211; 240 comprim\u00e9s"},"content":{"rendered":"<h1>Certified Organic\u2063 Spirulina,\u2062 1000mg &#8211; \u200b240 tabs<\/h1>\n<p>La spiruline est\u2062 un superaliment naturel qui regorge de nutriments essentiels pour une sant\u00e9 optimale. NOW Foods est fier de\u2064 vous pr\u00e9senter sa spiruline certifi\u00e9e biologique, cultiv\u00e9e avec soin dans des conditions id\u00e9ales pour garantir une qualit\u00e9 sup\u00e9rieure.<\/p>\n<h2>Caract\u00e9ristiques \u2064sp\u00e9ciales:<\/h2>\n<ul>\n<li>1000mg de\u2064 spiruline par comprim\u00e9<\/li>\n<li>240 comprim\u00e9s par\u2063 bouteille<\/li>\n<li>Certifi\u00e9 biologique par l&#8217;USDA<\/li>\n<li>Cultiv\u00e9 dans des conditions id\u00e9ales pour une qualit\u00e9\u2062 sup\u00e9rieure<\/li>\n<li>Non-OGM et sans gluten<\/li>\n<\/ul>\n<h2>Ingr\u00e9dients:<\/h2>\n<p>Chaque comprim\u00e9 \u200ccontient 1000mg de spiruline certifi\u00e9e biologique, cultiv\u00e9e sans l&#8217;utilisation de pesticides ou d&#8217;engrais chimiques. La\u200b spiruline est une source\u2063 riche en prot\u00e9ines, en vitamines et en min\u00e9raux essentiels tels que le fer, le calcium \u2063et le magn\u00e9sium.<\/p>\n<h2>Avantages uniques:<\/h2>\n<p>La spiruline est un superaliment polyvalent qui \u200dpeut aider\u200b \u00e0 renforcer le syst\u00e8me immunitaire, \u00e0 \u200cam\u00e9liorer\u200c la digestion, \u00e0 augmenter les niveaux\u2062 d&#8217;\u00e9nergie et \u00e0 favoriser une \u200cpeau saine. Elle est \u00e9galement riche en antioxydants qui aident \u00e0\u200d prot\u00e9ger les cellules contre les dommages caus\u00e9s par les radicaux libres.<\/p>\n<h2>Principales caract\u00e9ristiques:<\/h2>\n<ul>\n<li>Renforce le syst\u00e8me immunitaire<\/li>\n<li>Am\u00e9liore la digestion<\/li>\n<li>Augmente les niveaux d&#8217;\u00e9nergie<\/li>\n<li>Favorise une peau saine<\/li>\n<li>Riche en antioxydants<\/li>\n<\/ul>\n<p>Ajoutez d\u00e8s maintenant la spiruline\u2062 certifi\u00e9e\u2062 biologique de NOW Foods \u00e0 \u200bvotre routine quotidienne pour b\u00e9n\u00e9ficier\u2063 de tous ses bienfaits pour la sant\u00e9.\u200b Cultiv\u00e9e avec soin et \u200bcertifi\u00e9e biologique, vous pouvez \u00eatre s\u00fbr de consommer un produit de qualit\u00e9 sup\u00e9rieure \u200cpour une\u2062 sant\u00e9 optimale.<\/p>\n","protected":false},"excerpt":{"rendered":"<p>Certified Organic\u2063 Spirulina,\u2062 1000mg &#8211; \u200b240 tabs La spiruline est\u2062 un superaliment naturel qui regorge de nutriments essentiels pour une sant\u00e9 optimale. NOW Foods est fier de\u2064 vous pr\u00e9senter sa spiruline certifi\u00e9e biologique, cultiv\u00e9e avec soin dans des conditions id\u00e9ales pour garantir une qualit\u00e9 sup\u00e9rieure. Caract\u00e9ristiques \u2064sp\u00e9ciales: 1000mg de\u2064 spiruline par comprim\u00e9 240 comprim\u00e9s par\u2063 [&#8230;]\n","protected":false},"featured_media":265210,"comment_status":"open","ping_status":"open","template":"","meta":[],"product_brand":[4733],"product_cat":[5089,5052,5171,5053],"product_tag":[],"class_list":{"0":"post-288763","1":"product","2":"type-product","3":"status-publish","4":"has-post-thumbnail","6":"product_brand-now-foods-2","7":"product_cat-complements-alimentaires-pour-femmes","8":"product_cat-sante-et-bien-etre","9":"product_cat-superaliments","10":"product_cat-vitamines-et-mineraux","12":"first","13":"instock","14":"taxable","15":"shipping-taxable","16":"purchasable","17":"product-type-simple"},"yoast_head":"<!-- This site is optimized with the Yoast SEO Premium plugin v27.5 (Yoast SEO v27.5) - https:\/\/yoast.com\/product\/yoast-seo-premium-wordpress\/ -->\n<title>Spiruline certifi\u00e9e biologique, 1000mg - 240 comprim\u00e9s - ECO Supplements<\/title>\n<meta name=\"description\" content=\"Wij hebben een ruime keuze aan producten van Spiruline certifi\u00e9e biologique, 1000mg - 240 comprim\u00e9s . Winkel bij Eco Supplements altijd gratis verzending boven 100\u20ac\" \/>\n<meta name=\"robots\" content=\"index, follow, max-snippet:-1, max-image-preview:large, max-video-preview:-1\" \/>\n<link rel=\"canonical\" href=\"https:\/\/ecosupplements.be\/fr\/produit\/spiruline-certifiee-biologique-1000mg-240-comprimes\/\" \/>\n<meta property=\"og:locale\" content=\"fr_FR\" \/>\n<meta property=\"og:type\" content=\"article\" \/>\n<meta property=\"og:title\" content=\"Spiruline certifi\u00e9e biologique, 1000mg - 240 comprim\u00e9s\" \/>\n<meta property=\"og:description\" content=\"Wij hebben een ruime keuze aan producten van Spiruline certifi\u00e9e biologique, 1000mg - 240 comprim\u00e9s . Winkel bij Eco Supplements altijd gratis verzending boven 100\u20ac\" \/>\n<meta property=\"og:url\" content=\"https:\/\/ecosupplements.be\/fr\/produit\/spiruline-certifiee-biologique-1000mg-240-comprimes\/\" \/>\n<meta property=\"og:site_name\" content=\"ECO Supplements\" \/>\n<meta property=\"article:modified_time\" content=\"2025-08-27T13:46:09+00:00\" \/>\n<meta property=\"og:image\" content=\"https:\/\/ecosupplements.be\/wp-content\/uploads\/2025\/08\/Certified-Organic-Spirulina-1000mg-240-tabs-1.jpg\" \/>\n\t<meta property=\"og:image:width\" content=\"352\" \/>\n\t<meta property=\"og:image:height\" content=\"704\" \/>\n\t<meta property=\"og:image:type\" content=\"image\/jpeg\" \/>\n<meta name=\"twitter:card\" content=\"summary_large_image\" \/>\n<meta name=\"twitter:label1\" content=\"Prix\" \/>\n\t<meta name=\"twitter:data1\" content=\"27.51&nbsp;&euro;\" \/>\n\t<meta name=\"twitter:label2\" content=\"Disponibilit\u00e9\" \/>\n\t<meta name=\"twitter:data2\" content=\"En stock\" \/>\n<script type=\"application\/ld+json\" class=\"yoast-schema-graph\">{\"@context\":\"https:\\\/\\\/schema.org\",\"@graph\":[{\"@type\":[\"WebPage\",\"ItemPage\"],\"@id\":\"https:\\\/\\\/ecosupplements.be\\\/fr\\\/produit\\\/spiruline-certifiee-biologique-1000mg-240-comprimes\\\/\",\"url\":\"https:\\\/\\\/ecosupplements.be\\\/fr\\\/produit\\\/spiruline-certifiee-biologique-1000mg-240-comprimes\\\/\",\"name\":\"Spiruline certifi\u00e9e biologique, 1000mg - 240 comprim\u00e9s - ECO Supplements\",\"isPartOf\":{\"@id\":\"https:\\\/\\\/ecosupplements.be\\\/fr\\\/#website\"},\"primaryImageOfPage\":{\"@id\":\"https:\\\/\\\/ecosupplements.be\\\/fr\\\/produit\\\/spiruline-certifiee-biologique-1000mg-240-comprimes\\\/#primaryimage\"},\"image\":{\"@id\":\"https:\\\/\\\/ecosupplements.be\\\/fr\\\/produit\\\/spiruline-certifiee-biologique-1000mg-240-comprimes\\\/#primaryimage\"},\"thumbnailUrl\":\"https:\\\/\\\/ecosupplements.be\\\/wp-content\\\/uploads\\\/2025\\\/08\\\/Certified-Organic-Spirulina-1000mg-240-tabs.jpg\",\"datePublished\":\"2024-03-13T11:20:15+00:00\",\"dateModified\":\"2025-08-27T13:46:09+00:00\",\"description\":\"Wij hebben een ruime keuze aan producten van Spiruline certifi\u00e9e biologique, 1000mg - 240 comprim\u00e9s . Winkel bij Eco Supplements altijd gratis verzending boven 100\u20ac\",\"breadcrumb\":{\"@id\":\"https:\\\/\\\/ecosupplements.be\\\/fr\\\/produit\\\/spiruline-certifiee-biologique-1000mg-240-comprimes\\\/#breadcrumb\"},\"inLanguage\":\"fr-FR\",\"potentialAction\":[{\"@type\":\"ReadAction\",\"target\":[\"https:\\\/\\\/ecosupplements.be\\\/fr\\\/produit\\\/spiruline-certifiee-biologique-1000mg-240-comprimes\\\/\"]}]},{\"@type\":\"ImageObject\",\"inLanguage\":\"fr-FR\",\"@id\":\"https:\\\/\\\/ecosupplements.be\\\/fr\\\/produit\\\/spiruline-certifiee-biologique-1000mg-240-comprimes\\\/#primaryimage\",\"url\":\"https:\\\/\\\/ecosupplements.be\\\/wp-content\\\/uploads\\\/2025\\\/08\\\/Certified-Organic-Spirulina-1000mg-240-tabs.jpg\",\"contentUrl\":\"https:\\\/\\\/ecosupplements.be\\\/wp-content\\\/uploads\\\/2025\\\/08\\\/Certified-Organic-Spirulina-1000mg-240-tabs.jpg\",\"width\":352,\"height\":704},{\"@type\":\"BreadcrumbList\",\"@id\":\"https:\\\/\\\/ecosupplements.be\\\/fr\\\/produit\\\/spiruline-certifiee-biologique-1000mg-240-comprimes\\\/#breadcrumb\",\"itemListElement\":[{\"@type\":\"ListItem\",\"position\":1,\"name\":\"Home\",\"item\":\"https:\\\/\\\/ecosupplements.be\\\/fr\\\/\"},{\"@type\":\"ListItem\",\"position\":2,\"name\":\"Boutique\",\"item\":\"https:\\\/\\\/ecosupplements.be\\\/fr\\\/boutique\\\/\"},{\"@type\":\"ListItem\",\"position\":3,\"name\":\"Spiruline certifi\u00e9e biologique, 1000mg &#8211; 240 comprim\u00e9s\"}]},{\"@type\":\"WebSite\",\"@id\":\"https:\\\/\\\/ecosupplements.be\\\/fr\\\/#website\",\"url\":\"https:\\\/\\\/ecosupplements.be\\\/fr\\\/\",\"name\":\"ECO Supplements\",\"description\":\"Eco Supplements - Gezonde supplementen\",\"publisher\":{\"@id\":\"https:\\\/\\\/ecosupplements.be\\\/fr\\\/#organization\"},\"potentialAction\":[{\"@type\":\"SearchAction\",\"target\":{\"@type\":\"EntryPoint\",\"urlTemplate\":\"https:\\\/\\\/ecosupplements.be\\\/fr\\\/?s={search_term_string}\"},\"query-input\":{\"@type\":\"PropertyValueSpecification\",\"valueRequired\":true,\"valueName\":\"search_term_string\"}}],\"inLanguage\":\"fr-FR\"},{\"@type\":\"Organization\",\"@id\":\"https:\\\/\\\/ecosupplements.be\\\/fr\\\/#organization\",\"name\":\"Eco Supplements\",\"url\":\"https:\\\/\\\/ecosupplements.be\\\/fr\\\/\",\"logo\":{\"@type\":\"ImageObject\",\"inLanguage\":\"fr-FR\",\"@id\":\"https:\\\/\\\/ecosupplements.be\\\/fr\\\/#\\\/schema\\\/logo\\\/image\\\/\",\"url\":\"https:\\\/\\\/ecosupplements.be\\\/wp-content\\\/uploads\\\/2022\\\/06\\\/ecosupplement-family.png\",\"contentUrl\":\"https:\\\/\\\/ecosupplements.be\\\/wp-content\\\/uploads\\\/2022\\\/06\\\/ecosupplement-family.png\",\"width\":593,\"height\":374,\"caption\":\"Eco Supplements\"},\"image\":{\"@id\":\"https:\\\/\\\/ecosupplements.be\\\/fr\\\/#\\\/schema\\\/logo\\\/image\\\/\"}}]}<\/script>\n<meta property=\"product:brand\" content=\"NOW Foods\" \/>\n<meta property=\"product:price:amount\" content=\"27.51\" \/>\n<meta property=\"product:price:currency\" content=\"EUR\" \/>\n<meta property=\"og:availability\" content=\"instock\" \/>\n<meta property=\"product:availability\" content=\"instock\" \/>\n<meta property=\"product:retailer_item_id\" content=\"733739027177\" \/>\n<meta property=\"product:condition\" content=\"new\" \/>\n<!-- \/ Yoast SEO Premium plugin. -->","yoast_head_json":{"title":"Spiruline certifi\u00e9e biologique, 1000mg - 240 comprim\u00e9s - ECO Supplements","description":"Wij hebben een ruime keuze aan producten van Spiruline certifi\u00e9e biologique, 1000mg - 240 comprim\u00e9s . Winkel bij Eco Supplements altijd gratis verzending boven 100\u20ac","robots":{"index":"index","follow":"follow","max-snippet":"max-snippet:-1","max-image-preview":"max-image-preview:large","max-video-preview":"max-video-preview:-1"},"canonical":"https:\/\/ecosupplements.be\/fr\/produit\/spiruline-certifiee-biologique-1000mg-240-comprimes\/","og_locale":"fr_FR","og_type":"article","og_title":"Spiruline certifi\u00e9e biologique, 1000mg - 240 comprim\u00e9s","og_description":"Wij hebben een ruime keuze aan producten van Spiruline certifi\u00e9e biologique, 1000mg - 240 comprim\u00e9s . Winkel bij Eco Supplements altijd gratis verzending boven 100\u20ac","og_url":"https:\/\/ecosupplements.be\/fr\/produit\/spiruline-certifiee-biologique-1000mg-240-comprimes\/","og_site_name":"ECO Supplements","article_modified_time":"2025-08-27T13:46:09+00:00","og_image":[{"width":352,"height":704,"url":"https:\/\/ecosupplements.be\/wp-content\/uploads\/2025\/08\/Certified-Organic-Spirulina-1000mg-240-tabs-1.jpg","type":"image\/jpeg"}],"twitter_card":"summary_large_image","twitter_misc":{"Prix":"27.51&nbsp;&euro;","Disponibilit\u00e9":"En stock"},"schema":{"@context":"https:\/\/schema.org","@graph":[{"@type":["WebPage","ItemPage"],"@id":"https:\/\/ecosupplements.be\/fr\/produit\/spiruline-certifiee-biologique-1000mg-240-comprimes\/","url":"https:\/\/ecosupplements.be\/fr\/produit\/spiruline-certifiee-biologique-1000mg-240-comprimes\/","name":"Spiruline certifi\u00e9e biologique, 1000mg - 240 comprim\u00e9s - ECO Supplements","isPartOf":{"@id":"https:\/\/ecosupplements.be\/fr\/#website"},"primaryImageOfPage":{"@id":"https:\/\/ecosupplements.be\/fr\/produit\/spiruline-certifiee-biologique-1000mg-240-comprimes\/#primaryimage"},"image":{"@id":"https:\/\/ecosupplements.be\/fr\/produit\/spiruline-certifiee-biologique-1000mg-240-comprimes\/#primaryimage"},"thumbnailUrl":"https:\/\/ecosupplements.be\/wp-content\/uploads\/2025\/08\/Certified-Organic-Spirulina-1000mg-240-tabs.jpg","datePublished":"2024-03-13T11:20:15+00:00","dateModified":"2025-08-27T13:46:09+00:00","description":"Wij hebben een ruime keuze aan producten van Spiruline certifi\u00e9e biologique, 1000mg - 240 comprim\u00e9s . Winkel bij Eco Supplements altijd gratis verzending boven 100\u20ac","breadcrumb":{"@id":"https:\/\/ecosupplements.be\/fr\/produit\/spiruline-certifiee-biologique-1000mg-240-comprimes\/#breadcrumb"},"inLanguage":"fr-FR","potentialAction":[{"@type":"ReadAction","target":["https:\/\/ecosupplements.be\/fr\/produit\/spiruline-certifiee-biologique-1000mg-240-comprimes\/"]}]},{"@type":"ImageObject","inLanguage":"fr-FR","@id":"https:\/\/ecosupplements.be\/fr\/produit\/spiruline-certifiee-biologique-1000mg-240-comprimes\/#primaryimage","url":"https:\/\/ecosupplements.be\/wp-content\/uploads\/2025\/08\/Certified-Organic-Spirulina-1000mg-240-tabs.jpg","contentUrl":"https:\/\/ecosupplements.be\/wp-content\/uploads\/2025\/08\/Certified-Organic-Spirulina-1000mg-240-tabs.jpg","width":352,"height":704},{"@type":"BreadcrumbList","@id":"https:\/\/ecosupplements.be\/fr\/produit\/spiruline-certifiee-biologique-1000mg-240-comprimes\/#breadcrumb","itemListElement":[{"@type":"ListItem","position":1,"name":"Home","item":"https:\/\/ecosupplements.be\/fr\/"},{"@type":"ListItem","position":2,"name":"Boutique","item":"https:\/\/ecosupplements.be\/fr\/boutique\/"},{"@type":"ListItem","position":3,"name":"Spiruline certifi\u00e9e biologique, 1000mg &#8211; 240 comprim\u00e9s"}]},{"@type":"WebSite","@id":"https:\/\/ecosupplements.be\/fr\/#website","url":"https:\/\/ecosupplements.be\/fr\/","name":"ECO Supplements","description":"Eco Supplements - Gezonde supplementen","publisher":{"@id":"https:\/\/ecosupplements.be\/fr\/#organization"},"potentialAction":[{"@type":"SearchAction","target":{"@type":"EntryPoint","urlTemplate":"https:\/\/ecosupplements.be\/fr\/?s={search_term_string}"},"query-input":{"@type":"PropertyValueSpecification","valueRequired":true,"valueName":"search_term_string"}}],"inLanguage":"fr-FR"},{"@type":"Organization","@id":"https:\/\/ecosupplements.be\/fr\/#organization","name":"Eco Supplements","url":"https:\/\/ecosupplements.be\/fr\/","logo":{"@type":"ImageObject","inLanguage":"fr-FR","@id":"https:\/\/ecosupplements.be\/fr\/#\/schema\/logo\/image\/","url":"https:\/\/ecosupplements.be\/wp-content\/uploads\/2022\/06\/ecosupplement-family.png","contentUrl":"https:\/\/ecosupplements.be\/wp-content\/uploads\/2022\/06\/ecosupplement-family.png","width":593,"height":374,"caption":"Eco Supplements"},"image":{"@id":"https:\/\/ecosupplements.be\/fr\/#\/schema\/logo\/image\/"}}]},"product_brand":"NOW Foods","product_price_amount":"27.51","product_price_currency":"EUR","og_availability":"instock","product_availability":"instock","product_retailer_item_id":"733739027177","product_condition":"new"},"_links":{"self":[{"href":"https:\/\/ecosupplements.be\/fr\/wp-json\/wp\/v2\/product\/288763","targetHints":{"allow":["GET"]}}],"collection":[{"href":"https:\/\/ecosupplements.be\/fr\/wp-json\/wp\/v2\/product"}],"about":[{"href":"https:\/\/ecosupplements.be\/fr\/wp-json\/wp\/v2\/types\/product"}],"replies":[{"embeddable":true,"href":"https:\/\/ecosupplements.be\/fr\/wp-json\/wp\/v2\/comments?post=288763"}],"wp:featuredmedia":[{"embeddable":true,"href":"https:\/\/ecosupplements.be\/fr\/wp-json\/wp\/v2\/media\/265210"}],"wp:attachment":[{"href":"https:\/\/ecosupplements.be\/fr\/wp-json\/wp\/v2\/media?parent=288763"}],"wp:term":[{"taxonomy":"product_brand","embeddable":true,"href":"https:\/\/ecosupplements.be\/fr\/wp-json\/wp\/v2\/product_brand?post=288763"},{"taxonomy":"product_cat","embeddable":true,"href":"https:\/\/ecosupplements.be\/fr\/wp-json\/wp\/v2\/product_cat?post=288763"},{"taxonomy":"product_tag","embeddable":true,"href":"https:\/\/ecosupplements.be\/fr\/wp-json\/wp\/v2\/product_tag?post=288763"}],"curies":[{"name":"wp","href":"https:\/\/api.w.org\/{rel}","templated":true}]}}