{"id":288766,"date":"2022-08-04T07:44:51","date_gmt":"2022-08-04T06:44:51","guid":{"rendered":"https:\/\/ecosupplements.be\/product\/vitamines-quotidiennes-30-gelules\/"},"modified":"2025-08-27T14:46:13","modified_gmt":"2025-08-27T13:46:13","slug":"vitamines-quotidiennes-30-gelules","status":"publish","type":"product","link":"https:\/\/ecosupplements.be\/fr\/produit\/vitamines-quotidiennes-30-gelules\/","title":{"rendered":"Vitamines quotidiennes &#8211; 30 g\u00e9lules"},"content":{"rendered":"<h1>Daily Vits &#8211; 30 vcaps<\/h1>\n<p>Les Daily Vits de\u200d NOW Foods sont des compl\u00e9ments alimentaires quotidiens qui fournissent une gamme compl\u00e8te de vitamines et de min\u00e9raux essentiels pour soutenir\u200b une sant\u00e9\u200c optimale. Chaque\u2064 flacon contient 30\u200b capsules v\u00e9g\u00e9tales faciles \u00e0 avaler, ce qui en fait \u2062un choix pratique pour une \u200butilisation quotidienne.<\/p>\n<h2>Caract\u00e9ristiques sp\u00e9ciales :<\/h2>\n<ul>\n<li>Contient une\u200c gamme compl\u00e8te de\u2063 vitamines et\u200b de min\u00e9raux essentiels<\/li>\n<li>30 \u2064capsules \u200cv\u00e9g\u00e9tales faciles \u00e0 avaler par\u200d flacon<\/li>\n<li>Formule quotidienne pour soutenir une sant\u00e9\u2064 optimale<\/li>\n<li>Convient aux v\u00e9g\u00e9tariens et aux v\u00e9g\u00e9taliens<\/li>\n<li>Fabriqu\u00e9 aux \u200d\u00c9tats-Unis selon les normes de qualit\u00e9 les plus strictes<\/li>\n<\/ul>\n<h2>Ingr\u00e9dients :<\/h2>\n<p>Chaque\u200b capsule \u200bcontient un m\u00e9lange de vitamines et de min\u00e9raux essentiels, notamment :<\/p>\n<ul>\n<li>Vitamine \u200dA<\/li>\n<li>Vitamine\u200c C<\/li>\n<li>Vitamine D<\/li>\n<li>Vitamine E<\/li>\n<li>Vitamine B6<\/li>\n<li>Vitamine B12<\/li>\n<li>Acide folique<\/li>\n<li>Calcium<\/li>\n<li>Magn\u00e9sium<\/li>\n<li>Zinc<\/li>\n<\/ul>\n<p>Ces ingr\u00e9dients ont \u00e9t\u00e9 soigneusement s\u00e9lectionn\u00e9s pour fournir \u200bun soutien nutritionnel complet pour une sant\u00e9 optimale.<\/p>\n<h2>Avantages uniques :<\/h2>\n<p>Les Daily Vits de \u2063NOW Foods sont formul\u00e9s pour r\u00e9pondre aux besoins nutritionnels quotidiens de chacun. Ils peuvent aider \u00e0 maintenir un syst\u00e8me \u200cimmunitaire fort, \u2062\u00e0 soutenir la sant\u00e9 des os et \u2062des dents, \u200c\u00e0 am\u00e9liorer l&#8217;\u00e9nergie et \u00e0 favoriser une peau \u200csaine. De \u2064plus, ces \u200ccapsules v\u00e9g\u00e9tales sont faciles \u2064\u00e0 avaler et conviennent\u200c aux v\u00e9g\u00e9tariens et aux v\u00e9g\u00e9taliens.<\/p>\n<h2>Principales caract\u00e9ristiques\u2064 :<\/h2>\n<ul>\n<li>Compl\u00e9ment\u2062 alimentaire \u2064quotidien<\/li>\n<li>Contient une\u2064 gamme compl\u00e8te\u2062 de vitamines et de min\u00e9raux essentiels<\/li>\n<li>30 capsules v\u00e9g\u00e9tales faciles \u00e0 avaler par \u200dflacon<\/li>\n<li>Convient aux v\u00e9g\u00e9tariens et aux v\u00e9g\u00e9taliens<\/li>\n<li>Fabriqu\u00e9 aux \u00c9tats-Unis selon les normes de qualit\u00e9 les plus strictes<\/li>\n<\/ul>\n<p>Prenez soin de votre sant\u00e9 avec les \u2062Daily Vits de NOW Foods. \u2062Commandez \u2062d\u00e8s maintenant et profitez d&#8217;une \u200dformule compl\u00e8te de vitamines et de\u2062 min\u00e9raux pour une sant\u00e9 optimale.<\/p>\n","protected":false},"excerpt":{"rendered":"<p>Daily Vits &#8211; 30 vcaps Les Daily Vits de\u200d NOW Foods sont des compl\u00e9ments alimentaires quotidiens qui fournissent une gamme compl\u00e8te de vitamines et de min\u00e9raux essentiels pour soutenir\u200b une sant\u00e9\u200c optimale. Chaque\u2064 flacon contient 30\u200b capsules v\u00e9g\u00e9tales faciles \u00e0 avaler, ce qui en fait \u2062un choix pratique pour une \u200butilisation quotidienne. Caract\u00e9ristiques sp\u00e9ciales : [&#8230;]\n","protected":false},"featured_media":260027,"comment_status":"open","ping_status":"open","template":"","meta":[],"product_brand":[4733,4734],"product_cat":[5052,5053,5059],"product_tag":[],"class_list":{"0":"post-288766","1":"product","2":"type-product","3":"status-publish","4":"has-post-thumbnail","6":"product_brand-now-foods-2","7":"product_brand-nownow-foods-2","8":"product_cat-sante-et-bien-etre","9":"product_cat-vitamines-et-mineraux","10":"product_cat-vitamines-simples","12":"first","13":"instock","14":"taxable","15":"shipping-taxable","16":"purchasable","17":"product-type-simple"},"yoast_head":"<!-- This site is optimized with the Yoast SEO Premium plugin v27.5 (Yoast SEO v27.5) - https:\/\/yoast.com\/product\/yoast-seo-premium-wordpress\/ -->\n<title>Vitamines quotidiennes - 30 g\u00e9lules - ECO Supplements<\/title>\n<meta name=\"description\" content=\"Wij hebben een ruime keuze aan producten van Vitamines quotidiennes - 30 g\u00e9lules . Winkel bij Eco Supplements altijd gratis verzending boven 100\u20ac\" \/>\n<meta name=\"robots\" content=\"index, follow, max-snippet:-1, max-image-preview:large, max-video-preview:-1\" \/>\n<link rel=\"canonical\" href=\"https:\/\/ecosupplements.be\/fr\/produit\/vitamines-quotidiennes-30-gelules\/\" \/>\n<meta property=\"og:locale\" content=\"fr_FR\" \/>\n<meta property=\"og:type\" content=\"article\" \/>\n<meta property=\"og:title\" content=\"Vitamines quotidiennes - 30 g\u00e9lules\" \/>\n<meta property=\"og:description\" content=\"Wij hebben een ruime keuze aan producten van Vitamines quotidiennes - 30 g\u00e9lules . Winkel bij Eco Supplements altijd gratis verzending boven 100\u20ac\" \/>\n<meta property=\"og:url\" content=\"https:\/\/ecosupplements.be\/fr\/produit\/vitamines-quotidiennes-30-gelules\/\" \/>\n<meta property=\"og:site_name\" content=\"ECO Supplements\" \/>\n<meta property=\"article:modified_time\" content=\"2025-08-27T13:46:13+00:00\" \/>\n<meta property=\"og:image\" content=\"https:\/\/ecosupplements.be\/wp-content\/uploads\/2025\/08\/Daily-Vits-30-vcaps-1.jpg\" \/>\n\t<meta property=\"og:image:width\" content=\"338\" \/>\n\t<meta property=\"og:image:height\" content=\"600\" \/>\n\t<meta property=\"og:image:type\" content=\"image\/jpeg\" \/>\n<meta name=\"twitter:card\" content=\"summary_large_image\" \/>\n<meta name=\"twitter:label1\" content=\"Prix\" \/>\n\t<meta name=\"twitter:data1\" content=\"7.56&nbsp;&euro;\" \/>\n\t<meta name=\"twitter:label2\" content=\"Disponibilit\u00e9\" \/>\n\t<meta name=\"twitter:data2\" content=\"En stock\" \/>\n<script type=\"application\/ld+json\" class=\"yoast-schema-graph\">{\"@context\":\"https:\\\/\\\/schema.org\",\"@graph\":[{\"@type\":[\"WebPage\",\"ItemPage\"],\"@id\":\"https:\\\/\\\/ecosupplements.be\\\/fr\\\/produit\\\/vitamines-quotidiennes-30-gelules\\\/\",\"url\":\"https:\\\/\\\/ecosupplements.be\\\/fr\\\/produit\\\/vitamines-quotidiennes-30-gelules\\\/\",\"name\":\"Vitamines quotidiennes - 30 g\u00e9lules - ECO Supplements\",\"isPartOf\":{\"@id\":\"https:\\\/\\\/ecosupplements.be\\\/fr\\\/#website\"},\"primaryImageOfPage\":{\"@id\":\"https:\\\/\\\/ecosupplements.be\\\/fr\\\/produit\\\/vitamines-quotidiennes-30-gelules\\\/#primaryimage\"},\"image\":{\"@id\":\"https:\\\/\\\/ecosupplements.be\\\/fr\\\/produit\\\/vitamines-quotidiennes-30-gelules\\\/#primaryimage\"},\"thumbnailUrl\":\"https:\\\/\\\/ecosupplements.be\\\/wp-content\\\/uploads\\\/2025\\\/08\\\/Daily-Vits-30-vcaps.jpg\",\"datePublished\":\"2022-08-04T06:44:51+00:00\",\"dateModified\":\"2025-08-27T13:46:13+00:00\",\"description\":\"Wij hebben een ruime keuze aan producten van Vitamines quotidiennes - 30 g\u00e9lules . Winkel bij Eco Supplements altijd gratis verzending boven 100\u20ac\",\"breadcrumb\":{\"@id\":\"https:\\\/\\\/ecosupplements.be\\\/fr\\\/produit\\\/vitamines-quotidiennes-30-gelules\\\/#breadcrumb\"},\"inLanguage\":\"fr-FR\",\"potentialAction\":[{\"@type\":\"ReadAction\",\"target\":[\"https:\\\/\\\/ecosupplements.be\\\/fr\\\/produit\\\/vitamines-quotidiennes-30-gelules\\\/\"]}]},{\"@type\":\"ImageObject\",\"inLanguage\":\"fr-FR\",\"@id\":\"https:\\\/\\\/ecosupplements.be\\\/fr\\\/produit\\\/vitamines-quotidiennes-30-gelules\\\/#primaryimage\",\"url\":\"https:\\\/\\\/ecosupplements.be\\\/wp-content\\\/uploads\\\/2025\\\/08\\\/Daily-Vits-30-vcaps.jpg\",\"contentUrl\":\"https:\\\/\\\/ecosupplements.be\\\/wp-content\\\/uploads\\\/2025\\\/08\\\/Daily-Vits-30-vcaps.jpg\",\"width\":338,\"height\":600},{\"@type\":\"BreadcrumbList\",\"@id\":\"https:\\\/\\\/ecosupplements.be\\\/fr\\\/produit\\\/vitamines-quotidiennes-30-gelules\\\/#breadcrumb\",\"itemListElement\":[{\"@type\":\"ListItem\",\"position\":1,\"name\":\"Home\",\"item\":\"https:\\\/\\\/ecosupplements.be\\\/fr\\\/\"},{\"@type\":\"ListItem\",\"position\":2,\"name\":\"Boutique\",\"item\":\"https:\\\/\\\/ecosupplements.be\\\/fr\\\/boutique\\\/\"},{\"@type\":\"ListItem\",\"position\":3,\"name\":\"Vitamines quotidiennes &#8211; 30 g\u00e9lules\"}]},{\"@type\":\"WebSite\",\"@id\":\"https:\\\/\\\/ecosupplements.be\\\/fr\\\/#website\",\"url\":\"https:\\\/\\\/ecosupplements.be\\\/fr\\\/\",\"name\":\"ECO Supplements\",\"description\":\"Eco Supplements - Gezonde supplementen\",\"publisher\":{\"@id\":\"https:\\\/\\\/ecosupplements.be\\\/fr\\\/#organization\"},\"potentialAction\":[{\"@type\":\"SearchAction\",\"target\":{\"@type\":\"EntryPoint\",\"urlTemplate\":\"https:\\\/\\\/ecosupplements.be\\\/fr\\\/?s={search_term_string}\"},\"query-input\":{\"@type\":\"PropertyValueSpecification\",\"valueRequired\":true,\"valueName\":\"search_term_string\"}}],\"inLanguage\":\"fr-FR\"},{\"@type\":\"Organization\",\"@id\":\"https:\\\/\\\/ecosupplements.be\\\/fr\\\/#organization\",\"name\":\"Eco Supplements\",\"url\":\"https:\\\/\\\/ecosupplements.be\\\/fr\\\/\",\"logo\":{\"@type\":\"ImageObject\",\"inLanguage\":\"fr-FR\",\"@id\":\"https:\\\/\\\/ecosupplements.be\\\/fr\\\/#\\\/schema\\\/logo\\\/image\\\/\",\"url\":\"https:\\\/\\\/ecosupplements.be\\\/wp-content\\\/uploads\\\/2022\\\/06\\\/ecosupplement-family.png\",\"contentUrl\":\"https:\\\/\\\/ecosupplements.be\\\/wp-content\\\/uploads\\\/2022\\\/06\\\/ecosupplement-family.png\",\"width\":593,\"height\":374,\"caption\":\"Eco Supplements\"},\"image\":{\"@id\":\"https:\\\/\\\/ecosupplements.be\\\/fr\\\/#\\\/schema\\\/logo\\\/image\\\/\"}}]}<\/script>\n<meta property=\"product:brand\" content=\"NOW Foods\" \/>\n<meta property=\"product:price:amount\" content=\"7.56\" \/>\n<meta property=\"product:price:currency\" content=\"EUR\" \/>\n<meta property=\"og:availability\" content=\"instock\" \/>\n<meta property=\"product:availability\" content=\"instock\" \/>\n<meta property=\"product:retailer_item_id\" content=\"733739037756\" \/>\n<meta property=\"product:condition\" content=\"new\" \/>\n<!-- \/ Yoast SEO Premium plugin. -->","yoast_head_json":{"title":"Vitamines quotidiennes - 30 g\u00e9lules - ECO Supplements","description":"Wij hebben een ruime keuze aan producten van Vitamines quotidiennes - 30 g\u00e9lules . Winkel bij Eco Supplements altijd gratis verzending boven 100\u20ac","robots":{"index":"index","follow":"follow","max-snippet":"max-snippet:-1","max-image-preview":"max-image-preview:large","max-video-preview":"max-video-preview:-1"},"canonical":"https:\/\/ecosupplements.be\/fr\/produit\/vitamines-quotidiennes-30-gelules\/","og_locale":"fr_FR","og_type":"article","og_title":"Vitamines quotidiennes - 30 g\u00e9lules","og_description":"Wij hebben een ruime keuze aan producten van Vitamines quotidiennes - 30 g\u00e9lules . Winkel bij Eco Supplements altijd gratis verzending boven 100\u20ac","og_url":"https:\/\/ecosupplements.be\/fr\/produit\/vitamines-quotidiennes-30-gelules\/","og_site_name":"ECO Supplements","article_modified_time":"2025-08-27T13:46:13+00:00","og_image":[{"width":338,"height":600,"url":"https:\/\/ecosupplements.be\/wp-content\/uploads\/2025\/08\/Daily-Vits-30-vcaps-1.jpg","type":"image\/jpeg"}],"twitter_card":"summary_large_image","twitter_misc":{"Prix":"7.56&nbsp;&euro;","Disponibilit\u00e9":"En stock"},"schema":{"@context":"https:\/\/schema.org","@graph":[{"@type":["WebPage","ItemPage"],"@id":"https:\/\/ecosupplements.be\/fr\/produit\/vitamines-quotidiennes-30-gelules\/","url":"https:\/\/ecosupplements.be\/fr\/produit\/vitamines-quotidiennes-30-gelules\/","name":"Vitamines quotidiennes - 30 g\u00e9lules - ECO Supplements","isPartOf":{"@id":"https:\/\/ecosupplements.be\/fr\/#website"},"primaryImageOfPage":{"@id":"https:\/\/ecosupplements.be\/fr\/produit\/vitamines-quotidiennes-30-gelules\/#primaryimage"},"image":{"@id":"https:\/\/ecosupplements.be\/fr\/produit\/vitamines-quotidiennes-30-gelules\/#primaryimage"},"thumbnailUrl":"https:\/\/ecosupplements.be\/wp-content\/uploads\/2025\/08\/Daily-Vits-30-vcaps.jpg","datePublished":"2022-08-04T06:44:51+00:00","dateModified":"2025-08-27T13:46:13+00:00","description":"Wij hebben een ruime keuze aan producten van Vitamines quotidiennes - 30 g\u00e9lules . Winkel bij Eco Supplements altijd gratis verzending boven 100\u20ac","breadcrumb":{"@id":"https:\/\/ecosupplements.be\/fr\/produit\/vitamines-quotidiennes-30-gelules\/#breadcrumb"},"inLanguage":"fr-FR","potentialAction":[{"@type":"ReadAction","target":["https:\/\/ecosupplements.be\/fr\/produit\/vitamines-quotidiennes-30-gelules\/"]}]},{"@type":"ImageObject","inLanguage":"fr-FR","@id":"https:\/\/ecosupplements.be\/fr\/produit\/vitamines-quotidiennes-30-gelules\/#primaryimage","url":"https:\/\/ecosupplements.be\/wp-content\/uploads\/2025\/08\/Daily-Vits-30-vcaps.jpg","contentUrl":"https:\/\/ecosupplements.be\/wp-content\/uploads\/2025\/08\/Daily-Vits-30-vcaps.jpg","width":338,"height":600},{"@type":"BreadcrumbList","@id":"https:\/\/ecosupplements.be\/fr\/produit\/vitamines-quotidiennes-30-gelules\/#breadcrumb","itemListElement":[{"@type":"ListItem","position":1,"name":"Home","item":"https:\/\/ecosupplements.be\/fr\/"},{"@type":"ListItem","position":2,"name":"Boutique","item":"https:\/\/ecosupplements.be\/fr\/boutique\/"},{"@type":"ListItem","position":3,"name":"Vitamines quotidiennes &#8211; 30 g\u00e9lules"}]},{"@type":"WebSite","@id":"https:\/\/ecosupplements.be\/fr\/#website","url":"https:\/\/ecosupplements.be\/fr\/","name":"ECO Supplements","description":"Eco Supplements - Gezonde supplementen","publisher":{"@id":"https:\/\/ecosupplements.be\/fr\/#organization"},"potentialAction":[{"@type":"SearchAction","target":{"@type":"EntryPoint","urlTemplate":"https:\/\/ecosupplements.be\/fr\/?s={search_term_string}"},"query-input":{"@type":"PropertyValueSpecification","valueRequired":true,"valueName":"search_term_string"}}],"inLanguage":"fr-FR"},{"@type":"Organization","@id":"https:\/\/ecosupplements.be\/fr\/#organization","name":"Eco Supplements","url":"https:\/\/ecosupplements.be\/fr\/","logo":{"@type":"ImageObject","inLanguage":"fr-FR","@id":"https:\/\/ecosupplements.be\/fr\/#\/schema\/logo\/image\/","url":"https:\/\/ecosupplements.be\/wp-content\/uploads\/2022\/06\/ecosupplement-family.png","contentUrl":"https:\/\/ecosupplements.be\/wp-content\/uploads\/2022\/06\/ecosupplement-family.png","width":593,"height":374,"caption":"Eco Supplements"},"image":{"@id":"https:\/\/ecosupplements.be\/fr\/#\/schema\/logo\/image\/"}}]},"product_brand":"NOW Foods","product_price_amount":"7.56","product_price_currency":"EUR","og_availability":"instock","product_availability":"instock","product_retailer_item_id":"733739037756","product_condition":"new"},"_links":{"self":[{"href":"https:\/\/ecosupplements.be\/fr\/wp-json\/wp\/v2\/product\/288766","targetHints":{"allow":["GET"]}}],"collection":[{"href":"https:\/\/ecosupplements.be\/fr\/wp-json\/wp\/v2\/product"}],"about":[{"href":"https:\/\/ecosupplements.be\/fr\/wp-json\/wp\/v2\/types\/product"}],"replies":[{"embeddable":true,"href":"https:\/\/ecosupplements.be\/fr\/wp-json\/wp\/v2\/comments?post=288766"}],"wp:featuredmedia":[{"embeddable":true,"href":"https:\/\/ecosupplements.be\/fr\/wp-json\/wp\/v2\/media\/260027"}],"wp:attachment":[{"href":"https:\/\/ecosupplements.be\/fr\/wp-json\/wp\/v2\/media?parent=288766"}],"wp:term":[{"taxonomy":"product_brand","embeddable":true,"href":"https:\/\/ecosupplements.be\/fr\/wp-json\/wp\/v2\/product_brand?post=288766"},{"taxonomy":"product_cat","embeddable":true,"href":"https:\/\/ecosupplements.be\/fr\/wp-json\/wp\/v2\/product_cat?post=288766"},{"taxonomy":"product_tag","embeddable":true,"href":"https:\/\/ecosupplements.be\/fr\/wp-json\/wp\/v2\/product_tag?post=288766"}],"curies":[{"name":"wp","href":"https:\/\/api.w.org\/{rel}","templated":true}]}}